{"id":1324,"date":"2023-03-21T14:43:45","date_gmt":"2023-03-21T14:43:45","guid":{"rendered":"https:\/\/vcycletech.com\/?post_type=product&#038;p=1324"},"modified":"2023-03-22T06:38:17","modified_gmt":"2023-03-22T06:38:17","slug":"octadecyl-trimethyl-ammonium-chlorideotac","status":"publish","type":"product","link":"https:\/\/vcycletech.com\/fr\/produit\/octadecyl-trimethyl-ammonium-chlorideotac\/","title":{"rendered":"Chlorure d&#039;octad\u00e9cyltrim\u00e9thylammonium (OTAC)"},"content":{"rendered":"<h3>N\u00b0 CAS 112-03-8<\/h3>\n<h3>Formule mol\u00e9culaire : C21H46NCL<\/h3>\n<h3>Poids mol\u00e9culaire\u00a0: 348,05<\/h3>\n<h3>Formule structurelle:<\/h3>\n<figure id=\"attachment_1326\" aria-describedby=\"caption-attachment-1326\" style=\"width: 600px\" class=\"wp-caption alignnone\"><img fetchpriority=\"high\" decoding=\"async\" class=\"size-full wp-image-1326\" src=\"https:\/\/vcycletech.com\/wp-content\/uploads\/2023\/03\/1-62.png\" alt=\"OTAC\" width=\"600\" height=\"600\" srcset=\"https:\/\/vcycletech.com\/wp-content\/uploads\/2023\/03\/1-62.png 600w, https:\/\/vcycletech.com\/wp-content\/uploads\/2023\/03\/1-62-100x100.png 100w, https:\/\/vcycletech.com\/wp-content\/uploads\/2023\/03\/1-62-300x300.png 300w, https:\/\/vcycletech.com\/wp-content\/uploads\/2023\/03\/1-62-150x150.png 150w\" sizes=\"(max-width: 600px) 100vw, 600px\" \/><figcaption id=\"caption-attachment-1326\" class=\"wp-caption-text\">OTAC<\/figcaption><\/figure>\n<h3>Sp\u00e9cification:<\/h3>\n<div id=\"footable_parent_1327\"\n         class=\"footable_parent ninja_table_wrapper loading_ninja_table wp_table_data_press_parent semantic_ui\">\n                <table data-ninja_table_instance=\"ninja_table_instance_0\" data-footable_id=\"1327\" data-filter-delay=\"1000\" aria-label=\"Chlorure d&#039;octad\u00e9cyltrim\u00e9thylammonium (OTAC).csv\"            id=\"footable_1327\"\n           data-unique_identifier=\"ninja_table_unique_id_3809002134_1327\"\n           class=\"foo-table ninja_footable foo_table_1327 ninja_table_unique_id_3809002134_1327 ui table  nt_type_legacy_table selectable striped vertical_centered  footable-paging-right ninja_table_pro\">\n                <colgroup>\n                            <col class=\"ninja_column_0\">\n                            <col class=\"ninja_column_1\">\n                            <col class=\"ninja_column_2\">\n                    <\/colgroup>\n        <thead>\n<tr class=\"footable-header\">\n                                                        <th scope=\"col\"  class=\"ninja_column_0 ninja_clmn_nm_items\">Articles<\/th><th scope=\"col\"  class=\"ninja_column_1 ninja_clmn_nm_index\">Indice<\/th><th scope=\"col\"  class=\"ninja_column_2 ninja_clmn_nm_ninja_column_3\"><\/th><\/tr>\n<\/thead>\n<tbody>\n\n        <tr data-row_id=\"338\" class=\"ninja_table_row_0 nt_row_id_338\">\n            <td>Apparence<\/td><td>Liquide incolore \u00e0 jaune p\u00e2le<\/td><td>Liquide cr\u00e8me incolore \u00e0 jaune p\u00e2le<\/td>        <\/tr>\n            <tr data-row_id=\"339\" class=\"ninja_table_row_1 nt_row_id_339\">\n            <td>Contenu actif, %<\/td><td>48-52<\/td><td>68-72<\/td>        <\/tr>\n            <tr data-row_id=\"340\" class=\"ninja_table_row_2 nt_row_id_340\">\n            <td>pH (solution aqueuse 10%)<\/td><td>4.0-9.0<\/td><td>4.0-9.0<\/td>        <\/tr>\n            <tr data-row_id=\"341\" class=\"ninja_table_row_3 nt_row_id_341\">\n            <td>Amine libre, %<\/td><td>1,5 maximum<\/td><td>2,0 maximum<\/td>        <\/tr>\n    <\/tbody><!--ninja_tobody_rendering_done-->\n    <\/table>\n    \n    \n    \n<\/div>\n\n<h3>Propri\u00e9t\u00e9s:<\/h3>\n<p><strong>Chlorure d&#039;octad\u00e9cyltrim\u00e9thylammonium (OTAC)<\/strong> est soluble dans l&#039;eau, l&#039;\u00e9thanol et le m\u00e9thanol et est compatible avec les tensioactifs cationiques, non ioniques et amphot\u00e8res. Il a une bonne stabilit\u00e9 chimique lorsqu&#039;il est expos\u00e9 \u00e0 la chaleur, \u00e0 la lumi\u00e8re, \u00e0 la pression et aux solutions acides ou alcalines. L&#039;OTAC poss\u00e8de \u00e9galement d&#039;excellentes propri\u00e9t\u00e9s de perm\u00e9abilit\u00e9, de douceur, d&#039;\u00e9mulsification et d&#039;anti-\u00e9lectrostatique et bact\u00e9ricide.<\/p>\n<h2>Usage:<\/h2>\n<p><strong>Chlorure d&#039;octad\u00e9cyltrim\u00e9thylammonium (OTAC)<\/strong> peut \u00eatre utilis\u00e9 comme assouplissant, mati\u00e8re premi\u00e8re pour l&#039;\u00e9mulsion d&#039;asphalte et le conditionneur capillaire, modificateur de bentonite organique, coagulant prot\u00e9ique ou floculant dans l&#039;industrie biopharmaceutique, agent antistatique de la fibre textile et agent d&#039;ajustement des cheveux. De plus, l&#039;OTAC peut \u00eatre utilis\u00e9 comme \u00e9mulsifiant d&#039;asphalte, d&#039;huile de silicone et de caoutchouc, comme bact\u00e9rie pour le recyclage de l&#039;eau de refroidissement et comme d\u00e9sinfectant.<\/p>\n<h3>Emballage et stockage\u00a0:<\/h3>\n<p><strong>Chlorure d&#039;octad\u00e9cyltrim\u00e9thylammonium (OTAC)<\/strong> doit \u00eatre stock\u00e9 dans un endroit sec, frais et a\u00e9r\u00e9, loin du feu et des sources de chaleur. Il doit \u00eatre scell\u00e9 et emball\u00e9 pour \u00e9viter la contamination par l&#039;humidit\u00e9 et les corps \u00e9trangers. F\u00fbt en plastique 200L, IBC (1000L), exigence des clients. Stockage pendant un an dans une pi\u00e8ce ombrag\u00e9e et un endroit sec.<\/p>\n<h3>Protection de s\u00e9curit\u00e9:<\/h3>\n<p><strong>Chlorure d&#039;octad\u00e9cyltrim\u00e9thylammonium (OTAC)<\/strong> a une l\u00e9g\u00e8re odeur d&#039;amande et ne stimule pas visiblement la peau. En cas de contact, rincer imm\u00e9diatement \u00e0 l&#039;eau.<\/p>\n<h3>Synonymes\u00a0:<\/h3>\n<p>1831<\/p>\n<p>Chlorure d&#039;octad\u00e9cyl trim\u00e9thyl ammonium<\/p>\n<p>STAC<\/p>\n<p>Chlorure de st\u00e9aryltrim\u00e9thylammonium<\/p>\n<p>Chlorure de trim\u00e9thylst\u00e9arylammonium<\/p>\n<p>Chlorure de n,n,n-trim\u00e9thyl-1-octad\u00e9canaminium<\/p>\n<h3>FAQ sur l&#039;OTAC\u00a0:<\/h3>\n<p><strong>Qu&#039;est-ce que le chlorure d&#039;octad\u00e9cyl trim\u00e9thyl ammonium (OTAC) ?<\/strong><br \/>\nLe chlorure d&#039;octad\u00e9cyl trim\u00e9thyl ammonium (OTAC) est un compos\u00e9 d&#039;ammonium quaternaire utilis\u00e9 dans les produits chimiques de traitement de l&#039;eau. C&#039;est un tensioactif cationique, ce qui signifie qu&#039;il porte \u00e0 la fois une charge positive et n\u00e9gative, ce qui rend le compos\u00e9 hautement soluble dans l&#039;eau. Cela lui permet d&#039;\u00eatre utilis\u00e9 comme dispersant, \u00e9mulsifiant et agent antibact\u00e9rien efficace.<\/p>\n<p><strong>Quels sont les avantages de l&#039;OTAC pour le traitement de l&#039;eau ?<\/strong><br \/>\nL&#039;OTAC pr\u00e9sente de nombreux avantages lorsqu&#039;il est utilis\u00e9 comme produit chimique de traitement de l&#039;eau. Il peut aider \u00e0 la dispersion des contaminants, aidant \u00e0 les d\u00e9composer en particules plus petites qui peuvent \u00eatre plus facilement filtr\u00e9es. De plus, l&#039;OTAC agit comme un agent antibact\u00e9rien, ce qui aide \u00e0 r\u00e9duire les niveaux de bact\u00e9ries et d&#039;autres micro-organismes dans l&#039;approvisionnement en eau potable. Enfin, il fonctionne comme un \u00e9mulsifiant, permettant un m\u00e9lange plus facile de diff\u00e9rentes substances ensemble.<\/p>\n<p><strong>L&#039;OTAC est-il sans danger pour la consommation humaine\u00a0?<\/strong><br \/>\nOui, l&#039;OTAC est consid\u00e9r\u00e9 comme sans danger pour la consommation humaine lorsqu&#039;il est utilis\u00e9 \u00e0 des concentrations sp\u00e9cifiques et dans des conditions sp\u00e9cifiques.<\/p>\n<p><strong>Comment fonctionne l&#039;OTAC ?<\/strong><br \/>\nL&#039;OTAC agit en formant des liens solides avec les cellules bact\u00e9riennes qui contiennent des ions charg\u00e9s positivement tels que le calcium et le magn\u00e9sium. Cela provoque la perturbation des cellules bact\u00e9riennes, ce qui les rend plus faciles \u00e0 filtrer de l&#039;approvisionnement en eau. De plus, en raison de sa charge cationique, le compos\u00e9 se lie \u00e9galement aux collo\u00efdes pr\u00e9sents dans les approvisionnements en eau, de sorte qu&#039;eux aussi peuvent \u00eatre filtr\u00e9s plus facilement.<\/p>\n<p><a href=\"https:\/\/vcycletech.com\/fr\/tensioactif-cationique\/\"><strong>Obtenez la solution compl\u00e8te de surfactant cationique.<\/strong><\/a><\/p>\n<p>&nbsp;<\/p>","protected":false},"excerpt":{"rendered":"<p>L&#039;OTAC est un tensioactif cationique dot\u00e9 d&#039;excellentes propri\u00e9t\u00e9s \u00e9mulsifiantes, mouillantes, dispersantes et d\u00e9tergentes. C&#039;est \u00e9galement un adjuvant efficace pour la duret\u00e9 et l&#039;alcalinit\u00e9 de l&#039;eau. L&#039;OTAC peut \u00eatre utilis\u00e9 dans les auxiliaires textiles, l&#039;industrie du cuir, l&#039;industrie p\u00e9troli\u00e8re, les produits agrochimiques et d&#039;autres industries.<\/p>\n<p>Si vous recherchez une qualit\u00e9 sup\u00e9rieure <strong>Chlorure d&#039;octad\u00e9cyltrim\u00e9thylammonium (OTAC)<\/strong> pour les produits chimiques de traitement de l&#039;eau, ne cherchez pas plus loin que nos produits en provenance de Chine. Nous proposons une large gamme de produits chimiques parfaitement adapt\u00e9s \u00e0 vos besoins et nous garantissons leur qualit\u00e9.<\/p>","protected":false},"featured_media":1328,"template":"","meta":{"site-sidebar-layout":"default","site-content-layout":"default","ast-site-content-layout":"default","site-content-style":"default","site-sidebar-style":"default","ast-global-header-display":"","ast-banner-title-visibility":"","ast-main-header-display":"","ast-hfb-above-header-display":"","ast-hfb-below-header-display":"","ast-hfb-mobile-header-display":"","site-post-title":"","ast-breadcrumbs-content":"","ast-featured-img":"","footer-sml-layout":"","ast-disable-related-posts":"","theme-transparent-header-meta":"default","adv-header-id-meta":"","stick-header-meta":"default","header-above-stick-meta":"","header-main-stick-meta":"","header-below-stick-meta":"","astra-migrate-meta-layouts":"default","ast-page-background-enabled":"default","ast-page-background-meta":{"desktop":{"background-color":"","background-image":"","background-repeat":"repeat","background-position":"center center","background-size":"auto","background-attachment":"scroll","background-type":"","background-media":"","overlay-type":"","overlay-color":"","overlay-opacity":"","overlay-gradient":""},"tablet":{"background-color":"","background-image":"","background-repeat":"repeat","background-position":"center center","background-size":"auto","background-attachment":"scroll","background-type":"","background-media":"","overlay-type":"","overlay-color":"","overlay-opacity":"","overlay-gradient":""},"mobile":{"background-color":"","background-image":"","background-repeat":"repeat","background-position":"center center","background-size":"auto","background-attachment":"scroll","background-type":"","background-media":"","overlay-type":"","overlay-color":"","overlay-opacity":"","overlay-gradient":""}},"ast-content-background-meta":{"desktop":{"background-color":"var(--ast-global-color-5)","background-image":"","background-repeat":"repeat","background-position":"center center","background-size":"auto","background-attachment":"scroll","background-type":"","background-media":"","overlay-type":"","overlay-color":"","overlay-opacity":"","overlay-gradient":""},"tablet":{"background-color":"var(--ast-global-color-5)","background-image":"","background-repeat":"repeat","background-position":"center center","background-size":"auto","background-attachment":"scroll","background-type":"","background-media":"","overlay-type":"","overlay-color":"","overlay-opacity":"","overlay-gradient":""},"mobile":{"background-color":"var(--ast-global-color-5)","background-image":"","background-repeat":"repeat","background-position":"center center","background-size":"auto","background-attachment":"scroll","background-type":"","background-media":"","overlay-type":"","overlay-color":"","overlay-opacity":"","overlay-gradient":""}}},"product_brand":[],"product_cat":[33],"product_tag":[],"class_list":{"0":"post-1324","1":"product","2":"type-product","3":"status-publish","4":"has-post-thumbnail","6":"product_cat-cationic-surfactant-list","7":"desktop-align-left","8":"tablet-align-left","9":"mobile-align-left","10":"ast-product-gallery-layout-horizontal-slider","11":"ast-product-tabs-layout-horizontal","13":"first","14":"instock","15":"shipping-taxable","16":"product-type-simple"},"yoast_head":"<!-- This site is optimized with the Yoast SEO Premium plugin v26.3 (Yoast SEO v27.3) - https:\/\/yoast.com\/product\/yoast-seo-premium-wordpress\/ -->\n<title>Octadecyl Trimethyl Ammonium Chloride(OTAC) - vcycletech<\/title>\n<meta name=\"description\" content=\"Octadecyl Trimethyl Ammonium Chloride (OTAC) is a cationic, quaternary ammonium compound used as an active ingredient in many industrial products such as detergents and disinfectants. Its chemical structure consists of a positively charged trimethylammonium cation and an octadecyl radical. It has antiseptic and antifungal properties when it comes into contact with infectious agents. OTAC is also known for its solubility in water and other organic solvents, making it ideal for use in numerous cleaning applications.\" \/>\n<meta name=\"robots\" content=\"index, follow, max-snippet:-1, max-image-preview:large, max-video-preview:-1\" \/>\n<link rel=\"canonical\" href=\"https:\/\/vcycletech.com\/fr\/produit\/octadecyl-trimethyl-ammonium-chlorideotac\/\" \/>\n<meta property=\"og:locale\" content=\"fr_FR\" \/>\n<meta property=\"og:type\" content=\"article\" \/>\n<meta property=\"og:title\" content=\"Octadecyl Trimethyl Ammonium Chloride(OTAC)\" \/>\n<meta property=\"og:description\" content=\"Octadecyl Trimethyl Ammonium Chloride (OTAC) is a cationic, quaternary ammonium compound used as an active ingredient in many industrial products such as detergents and disinfectants. Its chemical structure consists of a positively charged trimethylammonium cation and an octadecyl radical. It has antiseptic and antifungal properties when it comes into contact with infectious agents. OTAC is also known for its solubility in water and other organic solvents, making it ideal for use in numerous cleaning applications.\" \/>\n<meta property=\"og:url\" content=\"https:\/\/vcycletech.com\/fr\/produit\/octadecyl-trimethyl-ammonium-chlorideotac\/\" \/>\n<meta property=\"og:site_name\" content=\"vcycletech\" \/>\n<meta property=\"article:modified_time\" content=\"2023-03-22T06:38:17+00:00\" \/>\n<meta property=\"og:image\" content=\"https:\/\/vcycletech.com\/wp-content\/uploads\/2023\/03\/\u672a\u547d\u540d\u7684\u8bbe\u8ba1-1-13.png\" \/>\n\t<meta property=\"og:image:width\" content=\"600\" \/>\n\t<meta property=\"og:image:height\" content=\"600\" \/>\n\t<meta property=\"og:image:type\" content=\"image\/png\" \/>\n<meta name=\"twitter:card\" content=\"summary_large_image\" \/>\n<meta name=\"twitter:label1\" content=\"Dur\u00e9e de lecture estim\u00e9e\" \/>\n\t<meta name=\"twitter:data1\" content=\"3 minutes\" \/>\n<script type=\"application\/ld+json\" class=\"yoast-schema-graph\">{\"@context\":\"https:\\\/\\\/schema.org\",\"@graph\":[{\"@type\":\"WebPage\",\"@id\":\"https:\\\/\\\/vcycletech.com\\\/product\\\/octadecyl-trimethyl-ammonium-chlorideotac\\\/\",\"url\":\"https:\\\/\\\/vcycletech.com\\\/product\\\/octadecyl-trimethyl-ammonium-chlorideotac\\\/\",\"name\":\"Octadecyl Trimethyl Ammonium Chloride(OTAC) - vcycletech\",\"isPartOf\":{\"@id\":\"https:\\\/\\\/vcycletech.com\\\/#website\"},\"primaryImageOfPage\":{\"@id\":\"https:\\\/\\\/vcycletech.com\\\/product\\\/octadecyl-trimethyl-ammonium-chlorideotac\\\/#primaryimage\"},\"image\":{\"@id\":\"https:\\\/\\\/vcycletech.com\\\/product\\\/octadecyl-trimethyl-ammonium-chlorideotac\\\/#primaryimage\"},\"thumbnailUrl\":\"https:\\\/\\\/vcycletech.com\\\/wp-content\\\/uploads\\\/2023\\\/03\\\/\u672a\u547d\u540d\u7684\u8bbe\u8ba1-1-13.png\",\"datePublished\":\"2023-03-21T14:43:45+00:00\",\"dateModified\":\"2023-03-22T06:38:17+00:00\",\"description\":\"Octadecyl Trimethyl Ammonium Chloride (OTAC) is a cationic, quaternary ammonium compound used as an active ingredient in many industrial products such as detergents and disinfectants. Its chemical structure consists of a positively charged trimethylammonium cation and an octadecyl radical. It has antiseptic and antifungal properties when it comes into contact with infectious agents. OTAC is also known for its solubility in water and other organic solvents, making it ideal for use in numerous cleaning applications.\",\"breadcrumb\":{\"@id\":\"https:\\\/\\\/vcycletech.com\\\/product\\\/octadecyl-trimethyl-ammonium-chlorideotac\\\/#breadcrumb\"},\"inLanguage\":\"fr-FR\",\"potentialAction\":[{\"@type\":\"ReadAction\",\"target\":[\"https:\\\/\\\/vcycletech.com\\\/product\\\/octadecyl-trimethyl-ammonium-chlorideotac\\\/\"]}]},{\"@type\":\"ImageObject\",\"inLanguage\":\"fr-FR\",\"@id\":\"https:\\\/\\\/vcycletech.com\\\/product\\\/octadecyl-trimethyl-ammonium-chlorideotac\\\/#primaryimage\",\"url\":\"https:\\\/\\\/vcycletech.com\\\/wp-content\\\/uploads\\\/2023\\\/03\\\/\u672a\u547d\u540d\u7684\u8bbe\u8ba1-1-13.png\",\"contentUrl\":\"https:\\\/\\\/vcycletech.com\\\/wp-content\\\/uploads\\\/2023\\\/03\\\/\u672a\u547d\u540d\u7684\u8bbe\u8ba1-1-13.png\",\"width\":600,\"height\":600,\"caption\":\"Octadecyl Trimethyl Ammonium Chloride(OTAC)\"},{\"@type\":\"BreadcrumbList\",\"@id\":\"https:\\\/\\\/vcycletech.com\\\/product\\\/octadecyl-trimethyl-ammonium-chlorideotac\\\/#breadcrumb\",\"itemListElement\":[{\"@type\":\"ListItem\",\"position\":1,\"name\":\"Home\",\"item\":\"https:\\\/\\\/vcycletech.com\\\/\"},{\"@type\":\"ListItem\",\"position\":2,\"name\":\"Water Treatment Chemicals Manufacturer\",\"item\":\"https:\\\/\\\/vcycletech.com\\\/water-treatment-chemicals-manufacturer\\\/\"},{\"@type\":\"ListItem\",\"position\":3,\"name\":\"Octadecyl Trimethyl Ammonium Chloride(OTAC)\"}]},{\"@type\":\"WebSite\",\"@id\":\"https:\\\/\\\/vcycletech.com\\\/#website\",\"url\":\"https:\\\/\\\/vcycletech.com\\\/\",\"name\":\"vcycletech\",\"description\":\"China&#039;s top water treatment chemicals supplier\",\"publisher\":{\"@id\":\"https:\\\/\\\/vcycletech.com\\\/#organization\"},\"potentialAction\":[{\"@type\":\"SearchAction\",\"target\":{\"@type\":\"EntryPoint\",\"urlTemplate\":\"https:\\\/\\\/vcycletech.com\\\/?s={search_term_string}\"},\"query-input\":{\"@type\":\"PropertyValueSpecification\",\"valueRequired\":true,\"valueName\":\"search_term_string\"}}],\"inLanguage\":\"fr-FR\"},{\"@type\":\"Organization\",\"@id\":\"https:\\\/\\\/vcycletech.com\\\/#organization\",\"name\":\"vcycletech\",\"url\":\"https:\\\/\\\/vcycletech.com\\\/\",\"logo\":{\"@type\":\"ImageObject\",\"inLanguage\":\"fr-FR\",\"@id\":\"https:\\\/\\\/vcycletech.com\\\/#\\\/schema\\\/logo\\\/image\\\/\",\"url\":\"https:\\\/\\\/vcycletech.com\\\/wp-content\\\/uploads\\\/2023\\\/03\\\/logo-vcycletech-1.png\",\"contentUrl\":\"https:\\\/\\\/vcycletech.com\\\/wp-content\\\/uploads\\\/2023\\\/03\\\/logo-vcycletech-1.png\",\"width\":600,\"height\":400,\"caption\":\"vcycletech\"},\"image\":{\"@id\":\"https:\\\/\\\/vcycletech.com\\\/#\\\/schema\\\/logo\\\/image\\\/\"}}]}<\/script>\n<!-- \/ Yoast SEO Premium plugin. -->","yoast_head_json":{"title":"Chlorure d&#039;octad\u00e9cyl trim\u00e9thyl ammonium (OTAC) - vcycletech","description":"Le chlorure d&#039;octad\u00e9cyltrim\u00e9thylammonium (OTAC) est un compos\u00e9 d&#039;ammonium quaternaire cationique utilis\u00e9 comme ingr\u00e9dient actif dans de nombreux produits industriels tels que les d\u00e9tergents et les d\u00e9sinfectants. Sa structure chimique est constitu\u00e9e d&#039;un cation trim\u00e9thylammonium charg\u00e9 positivement et d&#039;un radical octad\u00e9cyle. Il a des propri\u00e9t\u00e9s antiseptiques et antifongiques lorsqu&#039;il entre en contact avec des agents infectieux. L&#039;OTAC est \u00e9galement connu pour sa solubilit\u00e9 dans l&#039;eau et d&#039;autres solvants organiques, ce qui le rend id\u00e9al pour une utilisation dans de nombreuses applications de nettoyage.","robots":{"index":"index","follow":"follow","max-snippet":"max-snippet:-1","max-image-preview":"max-image-preview:large","max-video-preview":"max-video-preview:-1"},"canonical":"https:\/\/vcycletech.com\/fr\/produit\/octadecyl-trimethyl-ammonium-chlorideotac\/","og_locale":"fr_FR","og_type":"article","og_title":"Octadecyl Trimethyl Ammonium Chloride(OTAC)","og_description":"Octadecyl Trimethyl Ammonium Chloride (OTAC) is a cationic, quaternary ammonium compound used as an active ingredient in many industrial products such as detergents and disinfectants. Its chemical structure consists of a positively charged trimethylammonium cation and an octadecyl radical. It has antiseptic and antifungal properties when it comes into contact with infectious agents. OTAC is also known for its solubility in water and other organic solvents, making it ideal for use in numerous cleaning applications.","og_url":"https:\/\/vcycletech.com\/fr\/produit\/octadecyl-trimethyl-ammonium-chlorideotac\/","og_site_name":"vcycletech","article_modified_time":"2023-03-22T06:38:17+00:00","og_image":[{"width":600,"height":600,"url":"https:\/\/vcycletech.com\/wp-content\/uploads\/2023\/03\/\u672a\u547d\u540d\u7684\u8bbe\u8ba1-1-13.png","type":"image\/png"}],"twitter_card":"summary_large_image","twitter_misc":{"Dur\u00e9e de lecture estim\u00e9e":"3 minutes"},"schema":{"@context":"https:\/\/schema.org","@graph":[{"@type":"WebPage","@id":"https:\/\/vcycletech.com\/product\/octadecyl-trimethyl-ammonium-chlorideotac\/","url":"https:\/\/vcycletech.com\/product\/octadecyl-trimethyl-ammonium-chlorideotac\/","name":"Chlorure d&#039;octad\u00e9cyl trim\u00e9thyl ammonium (OTAC) - vcycletech","isPartOf":{"@id":"https:\/\/vcycletech.com\/#website"},"primaryImageOfPage":{"@id":"https:\/\/vcycletech.com\/product\/octadecyl-trimethyl-ammonium-chlorideotac\/#primaryimage"},"image":{"@id":"https:\/\/vcycletech.com\/product\/octadecyl-trimethyl-ammonium-chlorideotac\/#primaryimage"},"thumbnailUrl":"https:\/\/vcycletech.com\/wp-content\/uploads\/2023\/03\/\u672a\u547d\u540d\u7684\u8bbe\u8ba1-1-13.png","datePublished":"2023-03-21T14:43:45+00:00","dateModified":"2023-03-22T06:38:17+00:00","description":"Le chlorure d&#039;octad\u00e9cyltrim\u00e9thylammonium (OTAC) est un compos\u00e9 d&#039;ammonium quaternaire cationique utilis\u00e9 comme ingr\u00e9dient actif dans de nombreux produits industriels tels que les d\u00e9tergents et les d\u00e9sinfectants. Sa structure chimique est constitu\u00e9e d&#039;un cation trim\u00e9thylammonium charg\u00e9 positivement et d&#039;un radical octad\u00e9cyle. Il a des propri\u00e9t\u00e9s antiseptiques et antifongiques lorsqu&#039;il entre en contact avec des agents infectieux. L&#039;OTAC est \u00e9galement connu pour sa solubilit\u00e9 dans l&#039;eau et d&#039;autres solvants organiques, ce qui le rend id\u00e9al pour une utilisation dans de nombreuses applications de nettoyage.","breadcrumb":{"@id":"https:\/\/vcycletech.com\/product\/octadecyl-trimethyl-ammonium-chlorideotac\/#breadcrumb"},"inLanguage":"fr-FR","potentialAction":[{"@type":"ReadAction","target":["https:\/\/vcycletech.com\/product\/octadecyl-trimethyl-ammonium-chlorideotac\/"]}]},{"@type":"ImageObject","inLanguage":"fr-FR","@id":"https:\/\/vcycletech.com\/product\/octadecyl-trimethyl-ammonium-chlorideotac\/#primaryimage","url":"https:\/\/vcycletech.com\/wp-content\/uploads\/2023\/03\/\u672a\u547d\u540d\u7684\u8bbe\u8ba1-1-13.png","contentUrl":"https:\/\/vcycletech.com\/wp-content\/uploads\/2023\/03\/\u672a\u547d\u540d\u7684\u8bbe\u8ba1-1-13.png","width":600,"height":600,"caption":"Octadecyl Trimethyl Ammonium Chloride(OTAC)"},{"@type":"BreadcrumbList","@id":"https:\/\/vcycletech.com\/product\/octadecyl-trimethyl-ammonium-chlorideotac\/#breadcrumb","itemListElement":[{"@type":"ListItem","position":1,"name":"Home","item":"https:\/\/vcycletech.com\/"},{"@type":"ListItem","position":2,"name":"Water Treatment Chemicals Manufacturer","item":"https:\/\/vcycletech.com\/water-treatment-chemicals-manufacturer\/"},{"@type":"ListItem","position":3,"name":"Octadecyl Trimethyl Ammonium Chloride(OTAC)"}]},{"@type":"WebSite","@id":"https:\/\/vcycletech.com\/#website","url":"https:\/\/vcycletech.com\/","name":"vcycletech","description":"Meilleur fournisseur de produits chimiques pour le traitement de l&#039;eau en Chine","publisher":{"@id":"https:\/\/vcycletech.com\/#organization"},"potentialAction":[{"@type":"SearchAction","target":{"@type":"EntryPoint","urlTemplate":"https:\/\/vcycletech.com\/?s={search_term_string}"},"query-input":{"@type":"PropertyValueSpecification","valueRequired":true,"valueName":"search_term_string"}}],"inLanguage":"fr-FR"},{"@type":"Organization","@id":"https:\/\/vcycletech.com\/#organization","name":"vcycletech","url":"https:\/\/vcycletech.com\/","logo":{"@type":"ImageObject","inLanguage":"fr-FR","@id":"https:\/\/vcycletech.com\/#\/schema\/logo\/image\/","url":"https:\/\/vcycletech.com\/wp-content\/uploads\/2023\/03\/logo-vcycletech-1.png","contentUrl":"https:\/\/vcycletech.com\/wp-content\/uploads\/2023\/03\/logo-vcycletech-1.png","width":600,"height":400,"caption":"vcycletech"},"image":{"@id":"https:\/\/vcycletech.com\/#\/schema\/logo\/image\/"}}]}},"_links":{"self":[{"href":"https:\/\/vcycletech.com\/fr\/wp-json\/wp\/v2\/product\/1324","targetHints":{"allow":["GET"]}}],"collection":[{"href":"https:\/\/vcycletech.com\/fr\/wp-json\/wp\/v2\/product"}],"about":[{"href":"https:\/\/vcycletech.com\/fr\/wp-json\/wp\/v2\/types\/product"}],"wp:featuredmedia":[{"embeddable":true,"href":"https:\/\/vcycletech.com\/fr\/wp-json\/wp\/v2\/media\/1328"}],"wp:attachment":[{"href":"https:\/\/vcycletech.com\/fr\/wp-json\/wp\/v2\/media?parent=1324"}],"wp:term":[{"taxonomy":"product_brand","embeddable":true,"href":"https:\/\/vcycletech.com\/fr\/wp-json\/wp\/v2\/product_brand?post=1324"},{"taxonomy":"product_cat","embeddable":true,"href":"https:\/\/vcycletech.com\/fr\/wp-json\/wp\/v2\/product_cat?post=1324"},{"taxonomy":"product_tag","embeddable":true,"href":"https:\/\/vcycletech.com\/fr\/wp-json\/wp\/v2\/product_tag?post=1324"}],"curies":[{"name":"wp","href":"https:\/\/api.w.org\/{rel}","templated":true}]}}