{"id":1310,"date":"2023-03-21T14:17:17","date_gmt":"2023-03-21T14:17:17","guid":{"rendered":"https:\/\/vcycletech.com\/?post_type=product&#038;p=1310"},"modified":"2023-03-22T06:37:26","modified_gmt":"2023-03-22T06:37:26","slug":"cetyl-trimethyl-ammonium-chloridectac","status":"publish","type":"product","link":"https:\/\/vcycletech.com\/fr\/produit\/cetyl-trimethyl-ammonium-chloridectac\/","title":{"rendered":"Chlorure de c\u00e9tyltrim\u00e9thylammonium (CTAC)"},"content":{"rendered":"<h3>N\u00b0 CAS 112-02-7<\/h3>\n<h3>Formule mol\u00e9culaire : C19H42ClN<\/h3>\n<h3>Poids mol\u00e9culaire : 320<\/h3>\n<h3>Formule structurelle:<\/h3>\n<figure id=\"attachment_1320\" aria-describedby=\"caption-attachment-1320\" style=\"width: 600px\" class=\"wp-caption alignnone\"><img fetchpriority=\"high\" decoding=\"async\" class=\"size-full wp-image-1320\" src=\"https:\/\/vcycletech.com\/wp-content\/uploads\/2023\/03\/1-61.png\" alt=\"CTAC\" width=\"600\" height=\"600\" srcset=\"https:\/\/vcycletech.com\/wp-content\/uploads\/2023\/03\/1-61.png 600w, https:\/\/vcycletech.com\/wp-content\/uploads\/2023\/03\/1-61-100x100.png 100w, https:\/\/vcycletech.com\/wp-content\/uploads\/2023\/03\/1-61-300x300.png 300w, https:\/\/vcycletech.com\/wp-content\/uploads\/2023\/03\/1-61-150x150.png 150w\" sizes=\"(max-width: 600px) 100vw, 600px\" \/><figcaption id=\"caption-attachment-1320\" class=\"wp-caption-text\">CTAC<\/figcaption><\/figure>\n<h3>Sp\u00e9cification:<\/h3>\n<div id=\"footable_parent_1323\"\n         class=\"footable_parent ninja_table_wrapper loading_ninja_table wp_table_data_press_parent semantic_ui\">\n                <table data-ninja_table_instance=\"ninja_table_instance_0\" data-footable_id=\"1323\" data-filter-delay=\"1000\" aria-label=\"Chlorure de c\u00e9tyltrim\u00e9thylammonium (CTAC).csv\"            id=\"footable_1323\"\n           data-unique_identifier=\"ninja_table_unique_id_2048471400_1323\"\n           class=\"foo-table ninja_footable foo_table_1323 ninja_table_unique_id_2048471400_1323 ui table  nt_type_legacy_table selectable striped vertical_centered  footable-paging-right ninja_table_pro\">\n                <colgroup>\n                            <col class=\"ninja_column_0\">\n                            <col class=\"ninja_column_1\">\n                            <col class=\"ninja_column_2\">\n                    <\/colgroup>\n        <thead>\n<tr class=\"footable-header\">\n                                                        <th scope=\"col\"  class=\"ninja_column_0 ninja_clmn_nm_items\">Articles<\/th><th scope=\"col\"  class=\"ninja_column_1 ninja_clmn_nm_index\">Indice<\/th><th scope=\"col\"  class=\"ninja_column_2 ninja_clmn_nm_ninja_column_3\"><\/th><\/tr>\n<\/thead>\n<tbody>\n\n        <tr data-row_id=\"333\" class=\"ninja_table_row_0 nt_row_id_333\">\n            <td>Apparence<\/td><td>Liquide incolore \u00e0 jaune p\u00e2le<\/td><td>Cr\u00e8me ou solide incolore \u00e0 jaune p\u00e2le<\/td>        <\/tr>\n            <tr data-row_id=\"334\" class=\"ninja_table_row_1 nt_row_id_334\">\n            <td>Contenu actif, %<\/td><td>48-52<\/td><td>68-72<\/td>        <\/tr>\n            <tr data-row_id=\"335\" class=\"ninja_table_row_2 nt_row_id_335\">\n            <td>PH (solution aqueuse 10%)<\/td><td>4.0-9.0<\/td><td>4.0-9.0<\/td>        <\/tr>\n            <tr data-row_id=\"336\" class=\"ninja_table_row_3 nt_row_id_336\">\n            <td>Amine libre, %<\/td><td>1,5 maximum<\/td><td>2,0 maximum<\/td>        <\/tr>\n            <tr data-row_id=\"337\" class=\"ninja_table_row_4 nt_row_id_337\">\n            <td>Couleur (APHA)<\/td><td>150max<\/td><td>150max<\/td>        <\/tr>\n    <\/tbody><!--ninja_tobody_rendering_done-->\n    <\/table>\n    \n    \n    \n<\/div>\n\n<h3>Propri\u00e9t\u00e9s CTAC\u00a0:<\/h3>\n<p><strong>Chlorure de c\u00e9tyltrim\u00e9thylammonium (CTAC)<\/strong> est un tensioactif cationique, soluble dans l&#039;eau, le m\u00e9thanol et l&#039;\u00e9thanol, ce qui en fait un choix id\u00e9al pour une vari\u00e9t\u00e9 d&#039;applications. Il peut \u00eatre utilis\u00e9 comme adoucissant et revitalisant pour les cheveux, ainsi que dans les rev\u00eatements imperm\u00e9ables, les fibres naturelles, les fibres synth\u00e9tiques et m\u00eame les fibres de verre. Ce produit pr\u00e9sente une forte stabilit\u00e9 chimique, une r\u00e9sistance \u00e0 la chaleur et une r\u00e9sistance \u00e0 la lumi\u00e8re.<\/p>\n<p>De plus, le CTAC a \u00e9galement une excellente perm\u00e9abilit\u00e9, douceur, capacit\u00e9 d&#039;\u00e9mulsification et propri\u00e9t\u00e9s anti-\u00e9lectrostatiques tout en offrant une bonne r\u00e9sistance aux acides et aux alcalis. De plus, ce produit offre des caract\u00e9ristiques bact\u00e9ricides exceptionnelles.<\/p>\n<h3>Utilisation CTAC\u00a0:<\/h3>\n<p><strong>Chlorure de c\u00e9tyltrim\u00e9thylammonium (CTAC)<\/strong> est id\u00e9al pour une utilisation dans diverses applications de shampoing, de soins capillaires, de rev\u00eatements architecturaux et d&#039;assouplissants. De plus, il peut \u00eatre utilis\u00e9 dans les domaines du p\u00e9trole, de la fabrication du papier et de la transformation des aliments, offrant des propri\u00e9t\u00e9s bact\u00e9ricides exceptionnelles pour le traitement cyclique de l&#039;eau de refroidissement.<\/p>\n<p>Le CTAC est \u00e9galement un agent \u00e9mulsifiant efficace pour l&#039;huile de silicone, un \u00e9mulsifiant pour le revitalisant capillaire et un adoucissant pour fibres avec d&#039;excellentes performances antistatiques. De plus, ce produit peut \u00eatre utilis\u00e9 pour adoucir et isoler le papier en tant qu&#039;agent de r\u00e9glage du lavage (agent de rin\u00e7age des cheveux) et conditionneur de cheveux dans l&#039;industrie du d\u00e9capage.<\/p>\n<h3>Emballage et stockage\u00a0:<\/h3>\n<p><strong>Chlorure de c\u00e9tyltrim\u00e9thylammonium (CTAC)<\/strong> doivent \u00eatre herm\u00e9tiquement ferm\u00e9s et stock\u00e9s en toute s\u00e9curit\u00e9 dans un endroit frais et sec. Il est conseill\u00e9 d&#039;\u00e9viter la lumi\u00e8re directe du soleil, l&#039;humidit\u00e9 et d&#039;autres facteurs susceptibles d&#039;affecter n\u00e9gativement sa qualit\u00e9. De plus, il est recommand\u00e9 d&#039;utiliser des conteneurs qui ne sont pas tr\u00e8s r\u00e9actifs \u00e0 ce produit \u00e0 des fins de stockage. F\u00fbt en plastique de 200 L, IBC (1000 L), exigence des clients. Stockage pendant un an dans une pi\u00e8ce ombrag\u00e9e et un endroit sec.<\/p>\n<h3>Protection de s\u00e9curit\u00e9:<\/h3>\n<p><strong>Chlorure de c\u00e9tyltrim\u00e9thylammonium (CTAC)<\/strong> offre une l\u00e9g\u00e8re odeur d&#039;amande et n&#039;irrite pas visiblement la peau. En cas de contact, rincer imm\u00e9diatement et abondamment \u00e0 l&#039;eau.<\/p>\n<h3>Synonymes\u00a0:<\/h3>\n<p>1631<br \/>\nChlorure de N-Hexad\u00e9cyl Trim\u00e9thyl Ammonium<br \/>\nChlorure de trim\u00e9thylhexad\u00e9cylammonium<br \/>\nChlorure de trim\u00e9thyl-1-hexad\u00e9cane ammonium<br \/>\n1-Hexad\u00e9canaminium, N,N,N-trim\u00e9thyl-, chlorure<\/p>\n<h3>FAQ sur le CTAC\uff1a<\/h3>\n<p><strong>Qu&#039;est-ce que le chlorure de c\u00e9tyltrim\u00e9thylammonium (CTAC) ?<\/strong><br \/>\nLe chlorure de c\u00e9tyl trim\u00e9thyl ammonium (CTAC) est un sel d&#039;ammonium quaternaire organique compos\u00e9 d&#039;un cation alkyl trim\u00e9thyl ammonium \u00e0 longue cha\u00eene et d&#039;un anion chlorure. Il est principalement utilis\u00e9 comme tensioactif, agent antistatique et biocide dans les produits chimiques de traitement de l&#039;eau.<\/p>\n<p><strong>Quels sont les avantages d&#039;utiliser le CTAC pour le traitement de l&#039;eau ?<\/strong><br \/>\nL&#039;utilisation de CTAC pour le traitement de l&#039;eau peut aider \u00e0 r\u00e9duire la tension superficielle de l&#039;eau, \u00e0 am\u00e9liorer les caract\u00e9ristiques de solubilit\u00e9 et \u00e0 augmenter l&#039;efficacit\u00e9 des processus chimiques. Il agit \u00e9galement comme un biocide efficace contre les bact\u00e9ries, les champignons, les algues et autres micro-organismes sans nuire \u00e0 l&#039;homme ou \u00e0 la vie aquatique.<\/p>\n<p><strong>Le CTAC peut-il \u00eatre utilis\u00e9 en toute s\u00e9curit\u00e9 dans l&#039;eau potable\u00a0?<\/strong><br \/>\nOui, le CTAC est consid\u00e9r\u00e9 comme s\u00fbr pour une utilisation dans l&#039;eau potable lorsqu&#039;il est utilis\u00e9 \u00e0 des concentrations approuv\u00e9es.<\/p>\n<p><strong>Comment fonctionne le CTAC en tant que tensioactif ?<\/strong><br \/>\nLe CTAC agit comme un tensioactif en raison de sa structure amphiphile - il contient \u00e0 la fois des parties hydrophobes (hydrofuges) et hydrophiles (attirant l&#039;eau). La partie hydrophobe aide \u00e0 r\u00e9duire la tension superficielle de l&#039;eau, tandis que la partie hydrophile augmente ses caract\u00e9ristiques de solubilit\u00e9. Cela lui permet d&#039;\u00eatre efficace pour d\u00e9composer la salet\u00e9 et les mol\u00e9cules d&#039;huile en particules plus petites qui peuvent ensuite \u00eatre plus facilement \u00e9limin\u00e9es de la zone trait\u00e9e.<\/p>\n<p><a href=\"https:\/\/vcycletech.com\/fr\/tensioactif-cationique\/\"><strong>Obtenez la solution compl\u00e8te de surfactant cationique.<\/strong><\/a><\/p>","protected":false},"excerpt":{"rendered":"<p>Le CTAC est un sel d&#039;ammonium quaternaire dot\u00e9 d&#039;excellentes propri\u00e9t\u00e9s mouillantes, d\u00e9tergentes et \u00e9mulsifiantes. Il est utilis\u00e9 comme produit chimique de traitement de l&#039;eau pour les applications industrielles. Le CTAC peut \u00eatre utilis\u00e9 dans l&#039;eau des chaudi\u00e8res, les tours de refroidissement, les eaux de traitement et d&#039;autres eaux difficiles \u00e0 traiter o\u00f9 l&#039;inhibition du tartre et de la corrosion est n\u00e9cessaire. Le CTAC pr\u00e9sente une faible toxicit\u00e9 et une bonne compatibilit\u00e9 environnementale. Il est \u00e9galement disponible sous forme liquide pour faciliter la manipulation.<\/p>\n<p>Si vous recherchez la qualit\u00e9 <strong>Chlorure de c\u00e9tyltrim\u00e9thylammonium (CTAC)<\/strong> pour les produits chimiques de traitement de l&#039;eau, ne cherchez pas plus loin que notre usine en Chine. Nous offrons les meilleurs produits au prix le plus bas possible.<\/p>","protected":false},"featured_media":1316,"template":"","meta":{"site-sidebar-layout":"default","site-content-layout":"default","ast-site-content-layout":"default","site-content-style":"default","site-sidebar-style":"default","ast-global-header-display":"","ast-banner-title-visibility":"","ast-main-header-display":"","ast-hfb-above-header-display":"","ast-hfb-below-header-display":"","ast-hfb-mobile-header-display":"","site-post-title":"","ast-breadcrumbs-content":"","ast-featured-img":"","footer-sml-layout":"","ast-disable-related-posts":"","theme-transparent-header-meta":"default","adv-header-id-meta":"","stick-header-meta":"default","header-above-stick-meta":"","header-main-stick-meta":"","header-below-stick-meta":"","astra-migrate-meta-layouts":"default","ast-page-background-enabled":"default","ast-page-background-meta":{"desktop":{"background-color":"","background-image":"","background-repeat":"repeat","background-position":"center center","background-size":"auto","background-attachment":"scroll","background-type":"","background-media":"","overlay-type":"","overlay-color":"","overlay-opacity":"","overlay-gradient":""},"tablet":{"background-color":"","background-image":"","background-repeat":"repeat","background-position":"center center","background-size":"auto","background-attachment":"scroll","background-type":"","background-media":"","overlay-type":"","overlay-color":"","overlay-opacity":"","overlay-gradient":""},"mobile":{"background-color":"","background-image":"","background-repeat":"repeat","background-position":"center center","background-size":"auto","background-attachment":"scroll","background-type":"","background-media":"","overlay-type":"","overlay-color":"","overlay-opacity":"","overlay-gradient":""}},"ast-content-background-meta":{"desktop":{"background-color":"var(--ast-global-color-5)","background-image":"","background-repeat":"repeat","background-position":"center center","background-size":"auto","background-attachment":"scroll","background-type":"","background-media":"","overlay-type":"","overlay-color":"","overlay-opacity":"","overlay-gradient":""},"tablet":{"background-color":"var(--ast-global-color-5)","background-image":"","background-repeat":"repeat","background-position":"center center","background-size":"auto","background-attachment":"scroll","background-type":"","background-media":"","overlay-type":"","overlay-color":"","overlay-opacity":"","overlay-gradient":""},"mobile":{"background-color":"var(--ast-global-color-5)","background-image":"","background-repeat":"repeat","background-position":"center center","background-size":"auto","background-attachment":"scroll","background-type":"","background-media":"","overlay-type":"","overlay-color":"","overlay-opacity":"","overlay-gradient":""}}},"product_brand":[],"product_cat":[33],"product_tag":[],"class_list":{"0":"post-1310","1":"product","2":"type-product","3":"status-publish","4":"has-post-thumbnail","6":"product_cat-cationic-surfactant-list","7":"desktop-align-left","8":"tablet-align-left","9":"mobile-align-left","10":"ast-product-gallery-layout-horizontal-slider","11":"ast-product-tabs-layout-horizontal","13":"first","14":"instock","15":"shipping-taxable","16":"product-type-simple"},"yoast_head":"<!-- This site is optimized with the Yoast SEO Premium plugin v26.3 (Yoast SEO v27.3) - https:\/\/yoast.com\/product\/yoast-seo-premium-wordpress\/ -->\n<title>Cetyl Trimethyl Ammonium Chloride(CTAC) - vcycletech<\/title>\n<meta name=\"description\" content=\"Cetyl Trimethyl Ammonium Chloride (CTAC) is an effective water treatment and conditioning chemical, commonly used for swimming pools, spas, and industrial water sources. Its properties make it a powerful flocculant that can aid in the removal of various toxins and impurities from the water, helping to keep it clean and safe for use.\" \/>\n<meta name=\"robots\" content=\"index, follow, max-snippet:-1, max-image-preview:large, max-video-preview:-1\" \/>\n<link rel=\"canonical\" href=\"https:\/\/vcycletech.com\/fr\/produit\/cetyl-trimethyl-ammonium-chloridectac\/\" \/>\n<meta property=\"og:locale\" content=\"fr_FR\" \/>\n<meta property=\"og:type\" content=\"article\" \/>\n<meta property=\"og:title\" content=\"Cetyl Trimethyl Ammonium Chloride(CTAC)\" \/>\n<meta property=\"og:description\" content=\"Cetyl Trimethyl Ammonium Chloride (CTAC) is an effective water treatment and conditioning chemical, commonly used for swimming pools, spas, and industrial water sources. Its properties make it a powerful flocculant that can aid in the removal of various toxins and impurities from the water, helping to keep it clean and safe for use.\" \/>\n<meta property=\"og:url\" content=\"https:\/\/vcycletech.com\/fr\/produit\/cetyl-trimethyl-ammonium-chloridectac\/\" \/>\n<meta property=\"og:site_name\" content=\"vcycletech\" \/>\n<meta property=\"article:modified_time\" content=\"2023-03-22T06:37:26+00:00\" \/>\n<meta property=\"og:image\" content=\"https:\/\/vcycletech.com\/wp-content\/uploads\/2023\/03\/\u672a\u547d\u540d\u7684\u8bbe\u8ba1-2-12.png\" \/>\n\t<meta property=\"og:image:width\" content=\"600\" \/>\n\t<meta property=\"og:image:height\" content=\"600\" \/>\n\t<meta property=\"og:image:type\" content=\"image\/png\" \/>\n<meta name=\"twitter:card\" content=\"summary_large_image\" \/>\n<meta name=\"twitter:label1\" content=\"Dur\u00e9e de lecture estim\u00e9e\" \/>\n\t<meta name=\"twitter:data1\" content=\"3 minutes\" \/>\n<script type=\"application\/ld+json\" class=\"yoast-schema-graph\">{\"@context\":\"https:\\\/\\\/schema.org\",\"@graph\":[{\"@type\":\"WebPage\",\"@id\":\"https:\\\/\\\/vcycletech.com\\\/product\\\/cetyl-trimethyl-ammonium-chloridectac\\\/\",\"url\":\"https:\\\/\\\/vcycletech.com\\\/product\\\/cetyl-trimethyl-ammonium-chloridectac\\\/\",\"name\":\"Cetyl Trimethyl Ammonium Chloride(CTAC) - vcycletech\",\"isPartOf\":{\"@id\":\"https:\\\/\\\/vcycletech.com\\\/#website\"},\"primaryImageOfPage\":{\"@id\":\"https:\\\/\\\/vcycletech.com\\\/product\\\/cetyl-trimethyl-ammonium-chloridectac\\\/#primaryimage\"},\"image\":{\"@id\":\"https:\\\/\\\/vcycletech.com\\\/product\\\/cetyl-trimethyl-ammonium-chloridectac\\\/#primaryimage\"},\"thumbnailUrl\":\"https:\\\/\\\/vcycletech.com\\\/wp-content\\\/uploads\\\/2023\\\/03\\\/\u672a\u547d\u540d\u7684\u8bbe\u8ba1-2-12.png\",\"datePublished\":\"2023-03-21T14:17:17+00:00\",\"dateModified\":\"2023-03-22T06:37:26+00:00\",\"description\":\"Cetyl Trimethyl Ammonium Chloride (CTAC) is an effective water treatment and conditioning chemical, commonly used for swimming pools, spas, and industrial water sources. Its properties make it a powerful flocculant that can aid in the removal of various toxins and impurities from the water, helping to keep it clean and safe for use.\",\"breadcrumb\":{\"@id\":\"https:\\\/\\\/vcycletech.com\\\/product\\\/cetyl-trimethyl-ammonium-chloridectac\\\/#breadcrumb\"},\"inLanguage\":\"fr-FR\",\"potentialAction\":[{\"@type\":\"ReadAction\",\"target\":[\"https:\\\/\\\/vcycletech.com\\\/product\\\/cetyl-trimethyl-ammonium-chloridectac\\\/\"]}]},{\"@type\":\"ImageObject\",\"inLanguage\":\"fr-FR\",\"@id\":\"https:\\\/\\\/vcycletech.com\\\/product\\\/cetyl-trimethyl-ammonium-chloridectac\\\/#primaryimage\",\"url\":\"https:\\\/\\\/vcycletech.com\\\/wp-content\\\/uploads\\\/2023\\\/03\\\/\u672a\u547d\u540d\u7684\u8bbe\u8ba1-2-12.png\",\"contentUrl\":\"https:\\\/\\\/vcycletech.com\\\/wp-content\\\/uploads\\\/2023\\\/03\\\/\u672a\u547d\u540d\u7684\u8bbe\u8ba1-2-12.png\",\"width\":600,\"height\":600,\"caption\":\"Cetyl Trimethyl Ammonium Chloride(CTAC)\"},{\"@type\":\"BreadcrumbList\",\"@id\":\"https:\\\/\\\/vcycletech.com\\\/product\\\/cetyl-trimethyl-ammonium-chloridectac\\\/#breadcrumb\",\"itemListElement\":[{\"@type\":\"ListItem\",\"position\":1,\"name\":\"Home\",\"item\":\"https:\\\/\\\/vcycletech.com\\\/\"},{\"@type\":\"ListItem\",\"position\":2,\"name\":\"Water Treatment Chemicals Manufacturer\",\"item\":\"https:\\\/\\\/vcycletech.com\\\/water-treatment-chemicals-manufacturer\\\/\"},{\"@type\":\"ListItem\",\"position\":3,\"name\":\"Cetyl Trimethyl Ammonium Chloride(CTAC)\"}]},{\"@type\":\"WebSite\",\"@id\":\"https:\\\/\\\/vcycletech.com\\\/#website\",\"url\":\"https:\\\/\\\/vcycletech.com\\\/\",\"name\":\"vcycletech\",\"description\":\"China&#039;s top water treatment chemicals supplier\",\"publisher\":{\"@id\":\"https:\\\/\\\/vcycletech.com\\\/#organization\"},\"potentialAction\":[{\"@type\":\"SearchAction\",\"target\":{\"@type\":\"EntryPoint\",\"urlTemplate\":\"https:\\\/\\\/vcycletech.com\\\/?s={search_term_string}\"},\"query-input\":{\"@type\":\"PropertyValueSpecification\",\"valueRequired\":true,\"valueName\":\"search_term_string\"}}],\"inLanguage\":\"fr-FR\"},{\"@type\":\"Organization\",\"@id\":\"https:\\\/\\\/vcycletech.com\\\/#organization\",\"name\":\"vcycletech\",\"url\":\"https:\\\/\\\/vcycletech.com\\\/\",\"logo\":{\"@type\":\"ImageObject\",\"inLanguage\":\"fr-FR\",\"@id\":\"https:\\\/\\\/vcycletech.com\\\/#\\\/schema\\\/logo\\\/image\\\/\",\"url\":\"https:\\\/\\\/vcycletech.com\\\/wp-content\\\/uploads\\\/2023\\\/03\\\/logo-vcycletech-1.png\",\"contentUrl\":\"https:\\\/\\\/vcycletech.com\\\/wp-content\\\/uploads\\\/2023\\\/03\\\/logo-vcycletech-1.png\",\"width\":600,\"height\":400,\"caption\":\"vcycletech\"},\"image\":{\"@id\":\"https:\\\/\\\/vcycletech.com\\\/#\\\/schema\\\/logo\\\/image\\\/\"}}]}<\/script>\n<!-- \/ Yoast SEO Premium plugin. -->","yoast_head_json":{"title":"Chlorure de c\u00e9tyltrim\u00e9thylammonium (CTAC) - vcycletech","description":"Le chlorure de c\u00e9tyltrim\u00e9thylammonium (CTAC) est un produit chimique efficace pour le traitement et le conditionnement de l&#039;eau, couramment utilis\u00e9 pour les piscines, les spas et les sources d&#039;eau industrielles. Ses propri\u00e9t\u00e9s en font un floculant puissant qui peut aider \u00e0 \u00e9liminer diverses toxines et impuret\u00e9s de l&#039;eau, aidant \u00e0 la garder propre et s\u00fbre \u00e0 utiliser.","robots":{"index":"index","follow":"follow","max-snippet":"max-snippet:-1","max-image-preview":"max-image-preview:large","max-video-preview":"max-video-preview:-1"},"canonical":"https:\/\/vcycletech.com\/fr\/produit\/cetyl-trimethyl-ammonium-chloridectac\/","og_locale":"fr_FR","og_type":"article","og_title":"Cetyl Trimethyl Ammonium Chloride(CTAC)","og_description":"Cetyl Trimethyl Ammonium Chloride (CTAC) is an effective water treatment and conditioning chemical, commonly used for swimming pools, spas, and industrial water sources. Its properties make it a powerful flocculant that can aid in the removal of various toxins and impurities from the water, helping to keep it clean and safe for use.","og_url":"https:\/\/vcycletech.com\/fr\/produit\/cetyl-trimethyl-ammonium-chloridectac\/","og_site_name":"vcycletech","article_modified_time":"2023-03-22T06:37:26+00:00","og_image":[{"width":600,"height":600,"url":"https:\/\/vcycletech.com\/wp-content\/uploads\/2023\/03\/\u672a\u547d\u540d\u7684\u8bbe\u8ba1-2-12.png","type":"image\/png"}],"twitter_card":"summary_large_image","twitter_misc":{"Dur\u00e9e de lecture estim\u00e9e":"3 minutes"},"schema":{"@context":"https:\/\/schema.org","@graph":[{"@type":"WebPage","@id":"https:\/\/vcycletech.com\/product\/cetyl-trimethyl-ammonium-chloridectac\/","url":"https:\/\/vcycletech.com\/product\/cetyl-trimethyl-ammonium-chloridectac\/","name":"Chlorure de c\u00e9tyltrim\u00e9thylammonium (CTAC) - vcycletech","isPartOf":{"@id":"https:\/\/vcycletech.com\/#website"},"primaryImageOfPage":{"@id":"https:\/\/vcycletech.com\/product\/cetyl-trimethyl-ammonium-chloridectac\/#primaryimage"},"image":{"@id":"https:\/\/vcycletech.com\/product\/cetyl-trimethyl-ammonium-chloridectac\/#primaryimage"},"thumbnailUrl":"https:\/\/vcycletech.com\/wp-content\/uploads\/2023\/03\/\u672a\u547d\u540d\u7684\u8bbe\u8ba1-2-12.png","datePublished":"2023-03-21T14:17:17+00:00","dateModified":"2023-03-22T06:37:26+00:00","description":"Le chlorure de c\u00e9tyltrim\u00e9thylammonium (CTAC) est un produit chimique efficace pour le traitement et le conditionnement de l&#039;eau, couramment utilis\u00e9 pour les piscines, les spas et les sources d&#039;eau industrielles. Ses propri\u00e9t\u00e9s en font un floculant puissant qui peut aider \u00e0 \u00e9liminer diverses toxines et impuret\u00e9s de l&#039;eau, aidant \u00e0 la garder propre et s\u00fbre \u00e0 utiliser.","breadcrumb":{"@id":"https:\/\/vcycletech.com\/product\/cetyl-trimethyl-ammonium-chloridectac\/#breadcrumb"},"inLanguage":"fr-FR","potentialAction":[{"@type":"ReadAction","target":["https:\/\/vcycletech.com\/product\/cetyl-trimethyl-ammonium-chloridectac\/"]}]},{"@type":"ImageObject","inLanguage":"fr-FR","@id":"https:\/\/vcycletech.com\/product\/cetyl-trimethyl-ammonium-chloridectac\/#primaryimage","url":"https:\/\/vcycletech.com\/wp-content\/uploads\/2023\/03\/\u672a\u547d\u540d\u7684\u8bbe\u8ba1-2-12.png","contentUrl":"https:\/\/vcycletech.com\/wp-content\/uploads\/2023\/03\/\u672a\u547d\u540d\u7684\u8bbe\u8ba1-2-12.png","width":600,"height":600,"caption":"Cetyl Trimethyl Ammonium Chloride(CTAC)"},{"@type":"BreadcrumbList","@id":"https:\/\/vcycletech.com\/product\/cetyl-trimethyl-ammonium-chloridectac\/#breadcrumb","itemListElement":[{"@type":"ListItem","position":1,"name":"Home","item":"https:\/\/vcycletech.com\/"},{"@type":"ListItem","position":2,"name":"Water Treatment Chemicals Manufacturer","item":"https:\/\/vcycletech.com\/water-treatment-chemicals-manufacturer\/"},{"@type":"ListItem","position":3,"name":"Cetyl Trimethyl Ammonium Chloride(CTAC)"}]},{"@type":"WebSite","@id":"https:\/\/vcycletech.com\/#website","url":"https:\/\/vcycletech.com\/","name":"vcycletech","description":"Meilleur fournisseur de produits chimiques pour le traitement de l&#039;eau en Chine","publisher":{"@id":"https:\/\/vcycletech.com\/#organization"},"potentialAction":[{"@type":"SearchAction","target":{"@type":"EntryPoint","urlTemplate":"https:\/\/vcycletech.com\/?s={search_term_string}"},"query-input":{"@type":"PropertyValueSpecification","valueRequired":true,"valueName":"search_term_string"}}],"inLanguage":"fr-FR"},{"@type":"Organization","@id":"https:\/\/vcycletech.com\/#organization","name":"vcycletech","url":"https:\/\/vcycletech.com\/","logo":{"@type":"ImageObject","inLanguage":"fr-FR","@id":"https:\/\/vcycletech.com\/#\/schema\/logo\/image\/","url":"https:\/\/vcycletech.com\/wp-content\/uploads\/2023\/03\/logo-vcycletech-1.png","contentUrl":"https:\/\/vcycletech.com\/wp-content\/uploads\/2023\/03\/logo-vcycletech-1.png","width":600,"height":400,"caption":"vcycletech"},"image":{"@id":"https:\/\/vcycletech.com\/#\/schema\/logo\/image\/"}}]}},"_links":{"self":[{"href":"https:\/\/vcycletech.com\/fr\/wp-json\/wp\/v2\/product\/1310","targetHints":{"allow":["GET"]}}],"collection":[{"href":"https:\/\/vcycletech.com\/fr\/wp-json\/wp\/v2\/product"}],"about":[{"href":"https:\/\/vcycletech.com\/fr\/wp-json\/wp\/v2\/types\/product"}],"wp:featuredmedia":[{"embeddable":true,"href":"https:\/\/vcycletech.com\/fr\/wp-json\/wp\/v2\/media\/1316"}],"wp:attachment":[{"href":"https:\/\/vcycletech.com\/fr\/wp-json\/wp\/v2\/media?parent=1310"}],"wp:term":[{"taxonomy":"product_brand","embeddable":true,"href":"https:\/\/vcycletech.com\/fr\/wp-json\/wp\/v2\/product_brand?post=1310"},{"taxonomy":"product_cat","embeddable":true,"href":"https:\/\/vcycletech.com\/fr\/wp-json\/wp\/v2\/product_cat?post=1310"},{"taxonomy":"product_tag","embeddable":true,"href":"https:\/\/vcycletech.com\/fr\/wp-json\/wp\/v2\/product_tag?post=1310"}],"curies":[{"name":"wp","href":"https:\/\/api.w.org\/{rel}","templated":true}]}}