{"id":1291,"date":"2023-03-21T13:44:34","date_gmt":"2023-03-21T13:44:34","guid":{"rendered":"https:\/\/vcycletech.com\/?post_type=product&#038;p=1291"},"modified":"2023-03-22T06:36:24","modified_gmt":"2023-03-22T06:36:24","slug":"dodecyl-trimethyl-ammonium-chloridedtac","status":"publish","type":"product","link":"https:\/\/vcycletech.com\/fr\/produit\/dodecyl-trimethyl-ammonium-chloridedtac\/","title":{"rendered":"Chlorure de dod\u00e9cyltrim\u00e9thylammonium (DTAC)"},"content":{"rendered":"<h3>N\u00b0 CAS 112-00-5<\/h3>\n<h3>Formule mol\u00e9culaire : C12H25(CH3)3NCl<\/h3>\n<h3>Poids mol\u00e9culaire\u00a0: 263,9<\/h3>\n<h3>Formule structurelle:<\/h3>\n<figure id=\"attachment_1293\" aria-describedby=\"caption-attachment-1293\" style=\"width: 600px\" class=\"wp-caption alignnone\"><img fetchpriority=\"high\" decoding=\"async\" class=\"size-full wp-image-1293\" src=\"https:\/\/vcycletech.com\/wp-content\/uploads\/2023\/03\/1-56.png\" alt=\"DTAC\" width=\"600\" height=\"600\" srcset=\"https:\/\/vcycletech.com\/wp-content\/uploads\/2023\/03\/1-56.png 600w, https:\/\/vcycletech.com\/wp-content\/uploads\/2023\/03\/1-56-100x100.png 100w, https:\/\/vcycletech.com\/wp-content\/uploads\/2023\/03\/1-56-300x300.png 300w, https:\/\/vcycletech.com\/wp-content\/uploads\/2023\/03\/1-56-150x150.png 150w\" sizes=\"(max-width: 600px) 100vw, 600px\" \/><figcaption id=\"caption-attachment-1293\" class=\"wp-caption-text\">DTAC<\/figcaption><\/figure>\n<h3>Sp\u00e9cification:<\/h3>\n<div id=\"footable_parent_1298\"\n         class=\"footable_parent ninja_table_wrapper loading_ninja_table wp_table_data_press_parent semantic_ui\">\n                <table data-ninja_table_instance=\"ninja_table_instance_0\" data-footable_id=\"1298\" data-filter-delay=\"1000\" aria-label=\"Chlorure de dod\u00e9cyltrim\u00e9thylammonium (DTAC).csv\"            id=\"footable_1298\"\n           data-unique_identifier=\"ninja_table_unique_id_1706583686_1298\"\n           class=\"foo-table ninja_footable foo_table_1298 ninja_table_unique_id_1706583686_1298 ui table  nt_type_legacy_table selectable striped vertical_centered  footable-paging-right ninja_table_pro\">\n                <colgroup>\n                            <col class=\"ninja_column_0\">\n                            <col class=\"ninja_column_1\">\n                            <col class=\"ninja_column_2\">\n                    <\/colgroup>\n        <thead>\n<tr class=\"footable-header\">\n                                                        <th scope=\"col\"  class=\"ninja_column_0 ninja_clmn_nm_items\">Articles<\/th><th scope=\"col\"  class=\"ninja_column_1 ninja_clmn_nm_index\">Indice<\/th><th scope=\"col\"  class=\"ninja_column_2 ninja_clmn_nm_ninja_column_3\"><\/th><\/tr>\n<\/thead>\n<tbody>\n\n        <tr data-row_id=\"324\" class=\"ninja_table_row_0 nt_row_id_324\">\n            <td>Apparence<\/td><td>Liquide incolore \u00e0 jaune p\u00e2le<\/td><td>Liquide incolore \u00e0 jaune p\u00e2le<\/td>        <\/tr>\n            <tr data-row_id=\"325\" class=\"ninja_table_row_1 nt_row_id_325\">\n            <td>Contenu actif, %<\/td><td>28-32<\/td><td>48-52<\/td>        <\/tr>\n            <tr data-row_id=\"326\" class=\"ninja_table_row_2 nt_row_id_326\">\n            <td>Amine libre, %<\/td><td>1,5 maximum<\/td><td>1,5 maximum<\/td>        <\/tr>\n            <tr data-row_id=\"327\" class=\"ninja_table_row_3 nt_row_id_327\">\n            <td>pH (solution aqueuse 10%)<\/td><td>5.0-9.0<\/td><td>5.0-9.0<\/td>        <\/tr>\n            <tr data-row_id=\"328\" class=\"ninja_table_row_4 nt_row_id_328\">\n            <td>Couleur (APHA)<\/td><td>150max<\/td><td>150max<\/td>        <\/tr>\n    <\/tbody><!--ninja_tobody_rendering_done-->\n    <\/table>\n    \n    \n    \n<\/div>\n\n<h3>Propri\u00e9t\u00e9s:<\/h3>\n<p><strong>Chlorure de dod\u00e9cyltrim\u00e9thylammonium<\/strong> est un liquide incolore qui peut \u00e9galement se pr\u00e9senter sous la forme d&#039;une poudre cristalline blanche. Il est hautement soluble dans l&#039;eau et l&#039;\u00e9thanol tout en restant stable \u00e0 des temp\u00e9ratures inf\u00e9rieures \u00e0 100\u2103. Ce produit a une excellente compatibilit\u00e9 avec les tensioactifs cationiques et non ioniques et une r\u00e9sistance exceptionnelle aux produits chimiques et \u00e0 la chaleur, ainsi qu&#039;une r\u00e9sistance \u00e0 la lumi\u00e8re, \u00e0 la pression et aux acides\/alcalis. Ses propri\u00e9t\u00e9s sup\u00e9rieures incluent la perm\u00e9abilit\u00e9, la douceur, l&#039;\u00e9mulsification, la protection antistatique et l&#039;action bact\u00e9ricide d\u00e9cisive.<\/p>\n<h3>Usage:<\/h3>\n<p><strong>Chlorure de dod\u00e9cyltrim\u00e9thylammonium<\/strong> peut \u00eatre utilis\u00e9 dans diverses applications, telles qu&#039;un \u00e9mulsifiant pour les rev\u00eatements imperm\u00e9ables architecturaux, les \u00e9mulsifiants cosm\u00e9tiques, les \u00e9mulsifiants sp\u00e9ciaux au latex de chloropr\u00e8ne cationique et dans des situations de r\u00e9sistance \u00e0 haute temp\u00e9rature lors du forage de puits de p\u00e9trole profonds. De plus, il peut servir d&#039;agent d&#039;agr\u00e9gation des prot\u00e9ines pendant la fermentation de la p\u00e9nicilline et convient \u00e9galement comme agent antistatique dans la production de fibres synth\u00e9tiques, comme agent anti-adh\u00e9sif et comme agent de d\u00e9moulage dans l&#039;industrie du latex, les fongicides industriels et agricoles.<\/p>\n<h3>Emballage et stockage\u00a0:<\/h3>\n<p><strong>Chlorure de dod\u00e9cyltrim\u00e9thylammonium (DTAC)<\/strong> doit \u00eatre conserv\u00e9 dans son emballage d&#039;origine, \u00e0 l&#039;abri des sources de lumi\u00e8re et de chaleur. Il doit \u00e9galement \u00eatre conserv\u00e9 dans un endroit frais, sombre et sec. Le DTAC doit \u00eatre herm\u00e9tiquement scell\u00e9 et stock\u00e9 dans des mat\u00e9riaux non toxiques tels que des r\u00e9cipients en plastique, en acier inoxydable ou en verre. Un \u00e9tiquetage appropri\u00e9 doit toujours \u00eatre utilis\u00e9 lors de la manipulation et du stockage de ce produit., F\u00fbt en plastique de 200 L, exigence des clients IBC (1000 L).<br \/>\nStockage pendant deux ans dans une pi\u00e8ce sombre et un endroit sec.<\/p>\n<h3>Synonymes\u00a0:<\/h3>\n<p>Chlorure de N, N, N-trim\u00e9thyl-1-dod\u00e9canaminium<br \/>\nChlorure de n,n,n-trim\u00e9thyl-1-dod\u00e9canaminiu<br \/>\nChlorure de dod\u00e9cyltrim\u00e9thylammonium<\/p>\n<h3>FAQ sur le DTAC\u00a0:<\/h3>\n<p><strong>Qu&#039;est-ce que le chlorure de dod\u00e9cyltrim\u00e9thylammonium (DTAC) ?<\/strong><br \/>\n<strong>Chlorure de dod\u00e9cyltrim\u00e9thylammonium (DTAC)<\/strong> est un compos\u00e9 d&#039;ammonium quaternaire couramment utilis\u00e9 dans les produits chimiques de traitement de l&#039;eau comme biocide, surfactant et floculant. C&#039;est un tensioactif cationique organique avec une densit\u00e9 de charge \u00e9lev\u00e9e qui l&#039;aide \u00e0 se lier aux particules charg\u00e9es n\u00e9gativement et \u00e0 les lier ensemble en particules plus grosses et plus lourdes. Ce processus peut \u00e9liminer efficacement les solides en suspension, les huiles et autres contaminants de l&#039;eau.<\/p>\n<p><strong>Quels sont les avantages d&#039;utiliser le DTAC pour le traitement de l&#039;eau ?<\/strong><br \/>\nLe DTAC peut am\u00e9liorer la qualit\u00e9 de l&#039;eau potable en \u00e9liminant les solides en suspension, les huiles, les bact\u00e9ries et autres contaminants de l&#039;approvisionnement en eau. De plus, le DTAC peut r\u00e9duire la corrosion caus\u00e9e par certains m\u00e9taux ou contaminants dans l&#039;approvisionnement en eau. L&#039;utilisation du DTAC permet \u00e9galement d&#039;acc\u00e9l\u00e9rer les processus de coagulation et de floculation, d&#039;am\u00e9liorer l&#039;efficacit\u00e9 des syst\u00e8mes de filtration et peut aider \u00e0 r\u00e9duire les co\u00fbts chimiques associ\u00e9s aux processus de traitement de l&#039;eau.<\/p>\n<p><strong>Dans quelle mesure le DTAC est-il s\u00fbr\u00a0?<\/strong><br \/>\nLorsqu&#039;il est correctement appliqu\u00e9 conform\u00e9ment aux directives du fabricant, le DTAC est sans danger pour les applications d&#039;eau potable. Cependant, comme pour tout agent chimique utilis\u00e9 dans les processus de traitement de l&#039;eau, il est important de suivre toutes les informations de s\u00e9curit\u00e9 fournies par le fabricant lors de la manipulation et de l&#039;application de ce produit. De plus, il ne doit jamais \u00eatre ing\u00e9r\u00e9 ou inhal\u00e9 en raison du risque potentiel de pr\u00e9judice dans ces cas.<\/p>\n<p><strong>Comment le DTAC est-il g\u00e9n\u00e9ralement appliqu\u00e9\u00a0?<\/strong><br \/>\nEn r\u00e8gle g\u00e9n\u00e9rale, le DTAC est ajout\u00e9 directement dans l&#039;eau de source avant tout processus de traitement physique, tel que la filtration ou les r\u00e9servoirs de s\u00e9dimentation. La quantit\u00e9 de produit n\u00e9cessaire d\u00e9pendra de divers facteurs tels que la composition de la mati\u00e8re premi\u00e8re, les r\u00e9sultats souhait\u00e9s, le d\u00e9bit du syst\u00e8me, etc. situation unique est essentielle. Il doit toujours \u00eatre appliqu\u00e9 conform\u00e9ment aux instructions du fabricant pour obtenir les meilleurs r\u00e9sultats.<\/p>\n<p><strong>Existe-t-il des limitations associ\u00e9es \u00e0 l&#039;utilisation de DTAC\u00a0?<\/strong><br \/>\nComme pour tous les traitements chimiques, il existe certaines limites associ\u00e9es \u00e0 l&#039;utilisation du DTAC, notamment l&#039;encrassement potentiel des membranes ou des filtres en raison de sa nature hautement charg\u00e9e, une efficacit\u00e9 r\u00e9duite au fil du temps en raison de la r\u00e9sistance bact\u00e9rienne, une contamination secondaire possible si elle n&#039;est pas g\u00e9r\u00e9e correctement et des alt\u00e9rations du pH. niveaux lorsqu&#039;il est m\u00e9lang\u00e9 avec d&#039;autres produits chimiques utilis\u00e9s en conjonction avec lui.<\/p>\n<p><a href=\"https:\/\/vcycletech.com\/fr\/tensioactif-cationique\/\"><strong>Obtenez la solution compl\u00e8te de surfactant cationique.<\/strong><\/a><\/p>","protected":false},"excerpt":{"rendered":"<p><strong>Chlorure de dod\u00e9cyltrim\u00e9thylammonium (DTAC)<\/strong> est un produit chimique de traitement de l&#039;eau largement utilis\u00e9. Il pr\u00e9sente une densit\u00e9 de charge cationique \u00e9lev\u00e9e, ce qui en fait un floculant et un coagulant efficace pour une vari\u00e9t\u00e9 de particules en suspension et de gouttelettes d&#039;huile pr\u00e9sentes dans les eaux us\u00e9es. Le DTAC agit en d\u00e9stabilisant l&#039;interface particules-eau, ce qui les am\u00e8ne \u00e0 former des agglom\u00e9rats qui peuvent ensuite \u00eatre facilement \u00e9limin\u00e9s des eaux us\u00e9es. De plus, le DTAC peut \u00e9galement \u00eatre utilis\u00e9 comme alternative au chlore pour la d\u00e9sinfection au chlore des sources d&#039;eau.<\/p>\n<p>Le DTAC est efficace dans les environnements alcalins et acides et peut \u00eatre utilis\u00e9 en conjonction avec d&#039;autres produits chimiques de traitement de l&#039;eau tels que les polyphosphates et les acides organiques. Il est disponible en Chine en grandes quantit\u00e9s pour les entreprises souhaitant vendre en gros <strong>Chlorure de dod\u00e9cyltrim\u00e9thylammonium (DTAC)<\/strong> pour les produits chimiques de traitement de l&#039;eau.<\/p>","protected":false},"featured_media":1302,"template":"","meta":{"site-sidebar-layout":"default","site-content-layout":"default","ast-site-content-layout":"default","site-content-style":"default","site-sidebar-style":"default","ast-global-header-display":"","ast-banner-title-visibility":"","ast-main-header-display":"","ast-hfb-above-header-display":"","ast-hfb-below-header-display":"","ast-hfb-mobile-header-display":"","site-post-title":"","ast-breadcrumbs-content":"","ast-featured-img":"","footer-sml-layout":"","ast-disable-related-posts":"","theme-transparent-header-meta":"default","adv-header-id-meta":"","stick-header-meta":"default","header-above-stick-meta":"","header-main-stick-meta":"","header-below-stick-meta":"","astra-migrate-meta-layouts":"default","ast-page-background-enabled":"default","ast-page-background-meta":{"desktop":{"background-color":"","background-image":"","background-repeat":"repeat","background-position":"center center","background-size":"auto","background-attachment":"scroll","background-type":"","background-media":"","overlay-type":"","overlay-color":"","overlay-opacity":"","overlay-gradient":""},"tablet":{"background-color":"","background-image":"","background-repeat":"repeat","background-position":"center center","background-size":"auto","background-attachment":"scroll","background-type":"","background-media":"","overlay-type":"","overlay-color":"","overlay-opacity":"","overlay-gradient":""},"mobile":{"background-color":"","background-image":"","background-repeat":"repeat","background-position":"center center","background-size":"auto","background-attachment":"scroll","background-type":"","background-media":"","overlay-type":"","overlay-color":"","overlay-opacity":"","overlay-gradient":""}},"ast-content-background-meta":{"desktop":{"background-color":"var(--ast-global-color-5)","background-image":"","background-repeat":"repeat","background-position":"center center","background-size":"auto","background-attachment":"scroll","background-type":"","background-media":"","overlay-type":"","overlay-color":"","overlay-opacity":"","overlay-gradient":""},"tablet":{"background-color":"var(--ast-global-color-5)","background-image":"","background-repeat":"repeat","background-position":"center center","background-size":"auto","background-attachment":"scroll","background-type":"","background-media":"","overlay-type":"","overlay-color":"","overlay-opacity":"","overlay-gradient":""},"mobile":{"background-color":"var(--ast-global-color-5)","background-image":"","background-repeat":"repeat","background-position":"center center","background-size":"auto","background-attachment":"scroll","background-type":"","background-media":"","overlay-type":"","overlay-color":"","overlay-opacity":"","overlay-gradient":""}}},"product_brand":[],"product_cat":[33],"product_tag":[],"class_list":{"0":"post-1291","1":"product","2":"type-product","3":"status-publish","4":"has-post-thumbnail","6":"product_cat-cationic-surfactant-list","7":"desktop-align-left","8":"tablet-align-left","9":"mobile-align-left","10":"ast-product-gallery-layout-horizontal-slider","11":"ast-product-tabs-layout-horizontal","13":"first","14":"instock","15":"shipping-taxable","16":"product-type-simple"},"yoast_head":"<!-- This site is optimized with the Yoast SEO Premium plugin v26.3 (Yoast SEO v27.3) - https:\/\/yoast.com\/product\/yoast-seo-premium-wordpress\/ -->\n<title>Dodecyl Trimethyl Ammonium Chloride(DTAC) - vcycletech<\/title>\n<meta name=\"description\" content=\"Dodecyl Trimethyl Ammonium Chloride(DTAC) is a quaternary ammonium salt. It is used as a water treatment chemical, used for corrosion inhibition, scale inhibition, and emulsion breaking.\" \/>\n<meta name=\"robots\" content=\"index, follow, max-snippet:-1, max-image-preview:large, max-video-preview:-1\" \/>\n<link rel=\"canonical\" href=\"https:\/\/vcycletech.com\/fr\/produit\/dodecyl-trimethyl-ammonium-chloridedtac\/\" \/>\n<meta property=\"og:locale\" content=\"fr_FR\" \/>\n<meta property=\"og:type\" content=\"article\" \/>\n<meta property=\"og:title\" content=\"Dodecyl Trimethyl Ammonium Chloride(DTAC)\" \/>\n<meta property=\"og:description\" content=\"Dodecyl Trimethyl Ammonium Chloride(DTAC) is a quaternary ammonium salt. It is used as a water treatment chemical, used for corrosion inhibition, scale inhibition, and emulsion breaking.\" \/>\n<meta property=\"og:url\" content=\"https:\/\/vcycletech.com\/fr\/produit\/dodecyl-trimethyl-ammonium-chloridedtac\/\" \/>\n<meta property=\"og:site_name\" content=\"vcycletech\" \/>\n<meta property=\"article:modified_time\" content=\"2023-03-22T06:36:24+00:00\" \/>\n<meta property=\"og:image\" content=\"https:\/\/vcycletech.com\/wp-content\/uploads\/2023\/03\/\u672a\u547d\u540d\u7684\u8bbe\u8ba1-3-11.png\" \/>\n\t<meta property=\"og:image:width\" content=\"600\" \/>\n\t<meta property=\"og:image:height\" content=\"600\" \/>\n\t<meta property=\"og:image:type\" content=\"image\/png\" \/>\n<meta name=\"twitter:card\" content=\"summary_large_image\" \/>\n<meta name=\"twitter:label1\" content=\"Dur\u00e9e de lecture estim\u00e9e\" \/>\n\t<meta name=\"twitter:data1\" content=\"3 minutes\" \/>\n<script type=\"application\/ld+json\" class=\"yoast-schema-graph\">{\"@context\":\"https:\\\/\\\/schema.org\",\"@graph\":[{\"@type\":\"WebPage\",\"@id\":\"https:\\\/\\\/vcycletech.com\\\/product\\\/dodecyl-trimethyl-ammonium-chloridedtac\\\/\",\"url\":\"https:\\\/\\\/vcycletech.com\\\/product\\\/dodecyl-trimethyl-ammonium-chloridedtac\\\/\",\"name\":\"Dodecyl Trimethyl Ammonium Chloride(DTAC) - vcycletech\",\"isPartOf\":{\"@id\":\"https:\\\/\\\/vcycletech.com\\\/#website\"},\"primaryImageOfPage\":{\"@id\":\"https:\\\/\\\/vcycletech.com\\\/product\\\/dodecyl-trimethyl-ammonium-chloridedtac\\\/#primaryimage\"},\"image\":{\"@id\":\"https:\\\/\\\/vcycletech.com\\\/product\\\/dodecyl-trimethyl-ammonium-chloridedtac\\\/#primaryimage\"},\"thumbnailUrl\":\"https:\\\/\\\/vcycletech.com\\\/wp-content\\\/uploads\\\/2023\\\/03\\\/\u672a\u547d\u540d\u7684\u8bbe\u8ba1-3-11.png\",\"datePublished\":\"2023-03-21T13:44:34+00:00\",\"dateModified\":\"2023-03-22T06:36:24+00:00\",\"description\":\"Dodecyl Trimethyl Ammonium Chloride(DTAC) is a quaternary ammonium salt. It is used as a water treatment chemical, used for corrosion inhibition, scale inhibition, and emulsion breaking.\",\"breadcrumb\":{\"@id\":\"https:\\\/\\\/vcycletech.com\\\/product\\\/dodecyl-trimethyl-ammonium-chloridedtac\\\/#breadcrumb\"},\"inLanguage\":\"fr-FR\",\"potentialAction\":[{\"@type\":\"ReadAction\",\"target\":[\"https:\\\/\\\/vcycletech.com\\\/product\\\/dodecyl-trimethyl-ammonium-chloridedtac\\\/\"]}]},{\"@type\":\"ImageObject\",\"inLanguage\":\"fr-FR\",\"@id\":\"https:\\\/\\\/vcycletech.com\\\/product\\\/dodecyl-trimethyl-ammonium-chloridedtac\\\/#primaryimage\",\"url\":\"https:\\\/\\\/vcycletech.com\\\/wp-content\\\/uploads\\\/2023\\\/03\\\/\u672a\u547d\u540d\u7684\u8bbe\u8ba1-3-11.png\",\"contentUrl\":\"https:\\\/\\\/vcycletech.com\\\/wp-content\\\/uploads\\\/2023\\\/03\\\/\u672a\u547d\u540d\u7684\u8bbe\u8ba1-3-11.png\",\"width\":600,\"height\":600,\"caption\":\"Dodecyl Trimethyl Ammonium Chloride(DTAC)\"},{\"@type\":\"BreadcrumbList\",\"@id\":\"https:\\\/\\\/vcycletech.com\\\/product\\\/dodecyl-trimethyl-ammonium-chloridedtac\\\/#breadcrumb\",\"itemListElement\":[{\"@type\":\"ListItem\",\"position\":1,\"name\":\"Home\",\"item\":\"https:\\\/\\\/vcycletech.com\\\/\"},{\"@type\":\"ListItem\",\"position\":2,\"name\":\"Water Treatment Chemicals Manufacturer\",\"item\":\"https:\\\/\\\/vcycletech.com\\\/water-treatment-chemicals-manufacturer\\\/\"},{\"@type\":\"ListItem\",\"position\":3,\"name\":\"Dodecyl Trimethyl Ammonium Chloride(DTAC)\"}]},{\"@type\":\"WebSite\",\"@id\":\"https:\\\/\\\/vcycletech.com\\\/#website\",\"url\":\"https:\\\/\\\/vcycletech.com\\\/\",\"name\":\"vcycletech\",\"description\":\"China&#039;s top water treatment chemicals supplier\",\"publisher\":{\"@id\":\"https:\\\/\\\/vcycletech.com\\\/#organization\"},\"potentialAction\":[{\"@type\":\"SearchAction\",\"target\":{\"@type\":\"EntryPoint\",\"urlTemplate\":\"https:\\\/\\\/vcycletech.com\\\/?s={search_term_string}\"},\"query-input\":{\"@type\":\"PropertyValueSpecification\",\"valueRequired\":true,\"valueName\":\"search_term_string\"}}],\"inLanguage\":\"fr-FR\"},{\"@type\":\"Organization\",\"@id\":\"https:\\\/\\\/vcycletech.com\\\/#organization\",\"name\":\"vcycletech\",\"url\":\"https:\\\/\\\/vcycletech.com\\\/\",\"logo\":{\"@type\":\"ImageObject\",\"inLanguage\":\"fr-FR\",\"@id\":\"https:\\\/\\\/vcycletech.com\\\/#\\\/schema\\\/logo\\\/image\\\/\",\"url\":\"https:\\\/\\\/vcycletech.com\\\/wp-content\\\/uploads\\\/2023\\\/03\\\/logo-vcycletech-1.png\",\"contentUrl\":\"https:\\\/\\\/vcycletech.com\\\/wp-content\\\/uploads\\\/2023\\\/03\\\/logo-vcycletech-1.png\",\"width\":600,\"height\":400,\"caption\":\"vcycletech\"},\"image\":{\"@id\":\"https:\\\/\\\/vcycletech.com\\\/#\\\/schema\\\/logo\\\/image\\\/\"}}]}<\/script>\n<!-- \/ Yoast SEO Premium plugin. -->","yoast_head_json":{"title":"Chlorure de dod\u00e9cyl trim\u00e9thyl ammonium (DTAC) - vcycletech","description":"Le chlorure de dod\u00e9cyltrim\u00e9thylammonium (DTAC) est un sel d&#039;ammonium quaternaire. Il est utilis\u00e9 comme produit chimique de traitement de l&#039;eau, utilis\u00e9 pour l&#039;inhibition de la corrosion, l&#039;inhibition du tartre et la rupture de l&#039;\u00e9mulsion.","robots":{"index":"index","follow":"follow","max-snippet":"max-snippet:-1","max-image-preview":"max-image-preview:large","max-video-preview":"max-video-preview:-1"},"canonical":"https:\/\/vcycletech.com\/fr\/produit\/dodecyl-trimethyl-ammonium-chloridedtac\/","og_locale":"fr_FR","og_type":"article","og_title":"Dodecyl Trimethyl Ammonium Chloride(DTAC)","og_description":"Dodecyl Trimethyl Ammonium Chloride(DTAC) is a quaternary ammonium salt. It is used as a water treatment chemical, used for corrosion inhibition, scale inhibition, and emulsion breaking.","og_url":"https:\/\/vcycletech.com\/fr\/produit\/dodecyl-trimethyl-ammonium-chloridedtac\/","og_site_name":"vcycletech","article_modified_time":"2023-03-22T06:36:24+00:00","og_image":[{"width":600,"height":600,"url":"https:\/\/vcycletech.com\/wp-content\/uploads\/2023\/03\/\u672a\u547d\u540d\u7684\u8bbe\u8ba1-3-11.png","type":"image\/png"}],"twitter_card":"summary_large_image","twitter_misc":{"Dur\u00e9e de lecture estim\u00e9e":"3 minutes"},"schema":{"@context":"https:\/\/schema.org","@graph":[{"@type":"WebPage","@id":"https:\/\/vcycletech.com\/product\/dodecyl-trimethyl-ammonium-chloridedtac\/","url":"https:\/\/vcycletech.com\/product\/dodecyl-trimethyl-ammonium-chloridedtac\/","name":"Chlorure de dod\u00e9cyl trim\u00e9thyl ammonium (DTAC) - vcycletech","isPartOf":{"@id":"https:\/\/vcycletech.com\/#website"},"primaryImageOfPage":{"@id":"https:\/\/vcycletech.com\/product\/dodecyl-trimethyl-ammonium-chloridedtac\/#primaryimage"},"image":{"@id":"https:\/\/vcycletech.com\/product\/dodecyl-trimethyl-ammonium-chloridedtac\/#primaryimage"},"thumbnailUrl":"https:\/\/vcycletech.com\/wp-content\/uploads\/2023\/03\/\u672a\u547d\u540d\u7684\u8bbe\u8ba1-3-11.png","datePublished":"2023-03-21T13:44:34+00:00","dateModified":"2023-03-22T06:36:24+00:00","description":"Le chlorure de dod\u00e9cyltrim\u00e9thylammonium (DTAC) est un sel d&#039;ammonium quaternaire. Il est utilis\u00e9 comme produit chimique de traitement de l&#039;eau, utilis\u00e9 pour l&#039;inhibition de la corrosion, l&#039;inhibition du tartre et la rupture de l&#039;\u00e9mulsion.","breadcrumb":{"@id":"https:\/\/vcycletech.com\/product\/dodecyl-trimethyl-ammonium-chloridedtac\/#breadcrumb"},"inLanguage":"fr-FR","potentialAction":[{"@type":"ReadAction","target":["https:\/\/vcycletech.com\/product\/dodecyl-trimethyl-ammonium-chloridedtac\/"]}]},{"@type":"ImageObject","inLanguage":"fr-FR","@id":"https:\/\/vcycletech.com\/product\/dodecyl-trimethyl-ammonium-chloridedtac\/#primaryimage","url":"https:\/\/vcycletech.com\/wp-content\/uploads\/2023\/03\/\u672a\u547d\u540d\u7684\u8bbe\u8ba1-3-11.png","contentUrl":"https:\/\/vcycletech.com\/wp-content\/uploads\/2023\/03\/\u672a\u547d\u540d\u7684\u8bbe\u8ba1-3-11.png","width":600,"height":600,"caption":"Dodecyl Trimethyl Ammonium Chloride(DTAC)"},{"@type":"BreadcrumbList","@id":"https:\/\/vcycletech.com\/product\/dodecyl-trimethyl-ammonium-chloridedtac\/#breadcrumb","itemListElement":[{"@type":"ListItem","position":1,"name":"Home","item":"https:\/\/vcycletech.com\/"},{"@type":"ListItem","position":2,"name":"Water Treatment Chemicals Manufacturer","item":"https:\/\/vcycletech.com\/water-treatment-chemicals-manufacturer\/"},{"@type":"ListItem","position":3,"name":"Dodecyl Trimethyl Ammonium Chloride(DTAC)"}]},{"@type":"WebSite","@id":"https:\/\/vcycletech.com\/#website","url":"https:\/\/vcycletech.com\/","name":"vcycletech","description":"Meilleur fournisseur de produits chimiques pour le traitement de l&#039;eau en Chine","publisher":{"@id":"https:\/\/vcycletech.com\/#organization"},"potentialAction":[{"@type":"SearchAction","target":{"@type":"EntryPoint","urlTemplate":"https:\/\/vcycletech.com\/?s={search_term_string}"},"query-input":{"@type":"PropertyValueSpecification","valueRequired":true,"valueName":"search_term_string"}}],"inLanguage":"fr-FR"},{"@type":"Organization","@id":"https:\/\/vcycletech.com\/#organization","name":"vcycletech","url":"https:\/\/vcycletech.com\/","logo":{"@type":"ImageObject","inLanguage":"fr-FR","@id":"https:\/\/vcycletech.com\/#\/schema\/logo\/image\/","url":"https:\/\/vcycletech.com\/wp-content\/uploads\/2023\/03\/logo-vcycletech-1.png","contentUrl":"https:\/\/vcycletech.com\/wp-content\/uploads\/2023\/03\/logo-vcycletech-1.png","width":600,"height":400,"caption":"vcycletech"},"image":{"@id":"https:\/\/vcycletech.com\/#\/schema\/logo\/image\/"}}]}},"_links":{"self":[{"href":"https:\/\/vcycletech.com\/fr\/wp-json\/wp\/v2\/product\/1291","targetHints":{"allow":["GET"]}}],"collection":[{"href":"https:\/\/vcycletech.com\/fr\/wp-json\/wp\/v2\/product"}],"about":[{"href":"https:\/\/vcycletech.com\/fr\/wp-json\/wp\/v2\/types\/product"}],"wp:featuredmedia":[{"embeddable":true,"href":"https:\/\/vcycletech.com\/fr\/wp-json\/wp\/v2\/media\/1302"}],"wp:attachment":[{"href":"https:\/\/vcycletech.com\/fr\/wp-json\/wp\/v2\/media?parent=1291"}],"wp:term":[{"taxonomy":"product_brand","embeddable":true,"href":"https:\/\/vcycletech.com\/fr\/wp-json\/wp\/v2\/product_brand?post=1291"},{"taxonomy":"product_cat","embeddable":true,"href":"https:\/\/vcycletech.com\/fr\/wp-json\/wp\/v2\/product_cat?post=1291"},{"taxonomy":"product_tag","embeddable":true,"href":"https:\/\/vcycletech.com\/fr\/wp-json\/wp\/v2\/product_tag?post=1291"}],"curies":[{"name":"wp","href":"https:\/\/api.w.org\/{rel}","templated":true}]}}