{"id":1272,"date":"2023-03-21T12:55:49","date_gmt":"2023-03-21T12:55:49","guid":{"rendered":"https:\/\/vcycletech.com\/?post_type=product&#038;p=1272"},"modified":"2023-03-27T04:15:22","modified_gmt":"2023-03-27T04:15:22","slug":"wt-261-detergent-alcalin","status":"publish","type":"product","link":"https:\/\/vcycletech.com\/fr\/produit\/wt-261-detergent-alcalin\/","title":{"rendered":"D\u00e9tergent alcalin WT-261 pour membrane RO"},"content":{"rendered":"<h3 id=\"introduction_2\" class=\"xsj_heading_hash xsj_heading xsj_heading_h2\" data-source-line=\"6\" data-source-line-display=\"true\"><span class=\"xsj_heading_content\">Introduction:<\/span><\/h3>\n<p class=\"xsj_paragraph xsj_paragraph_level_0\" data-source-line=\"7\" data-source-line-display=\"true\"><strong>D\u00e9tergent alcalin WT-261<\/strong> est une solution de nettoyage puissante et innovante qui \u00e9limine l&#039;huile, les substances organiques et la bio-muqueuse. Il fonctionne avec diverses membranes en polyamide aromatique et en acide ac\u00e9tate pour une efficacit\u00e9 maximale sur toutes les surfaces. Avec la possibilit\u00e9 d&#039;augmenter les temp\u00e9ratures pendant l&#039;utilisation pour une puissance accrue, ainsi que des produits chimiques liquides dilu\u00e9s \u00e0 pH 10,5 \u00b1 0,5 offrant encore plus d&#039;optimisation lorsqu&#039;ils sont soigneusement m\u00e9lang\u00e9s avant l&#039;application - ce d\u00e9tergent peut \u00eatre r\u00e9utilis\u00e9 \u00e0 plusieurs reprises\u00a0!<\/p>\n<div class=\"xiaoshujiang_element xsj_anchor\"><a class=\"blank_anchor_name\" name=\"features_3\"><\/a><a id=\"features_3\" class=\"blank_anchor_id\"><\/a><a class=\"blank_anchor_name\" name=\"features\"><\/a><a id=\"features\" class=\"blank_anchor_id\"><\/a><\/div>\n<h3 id=\"features_3\" class=\"xsj_heading_hash xsj_heading xsj_heading_h2\" data-source-line=\"9\" data-source-line-display=\"true\"><span class=\"xsj_heading_content\">Caract\u00e9ristiques:<\/span><\/h3>\n<p><strong>D\u00e9tergent alcalin WT-261<\/strong> poss\u00e8de plusieurs caract\u00e9ristiques uniques qui en font un choix id\u00e9al pour les membranes RO\u00a0:<br \/>\n1, la temp\u00e9rature peut \u00eatre augment\u00e9e pendant l&#039;utilisation pour am\u00e9liorer la puissance de nettoyage ;<br \/>\n2, il fonctionne avec une vari\u00e9t\u00e9 de membranes aromatiques en polyamide et acide ac\u00e9tate pour une efficacit\u00e9 maximale sur toutes les surfaces ;<br \/>\n3, les produits chimiques liquides dilu\u00e9s \u00e0 pH 10,5 \u00b1 0,5 offrent une optimisation suppl\u00e9mentaire lorsqu&#039;ils sont soigneusement m\u00e9lang\u00e9s avant l&#039;application;<br \/>\n4, maintes fois r\u00e9utilisables ;<br \/>\n5, r\u00e9sultats puissants contre l&#039;huile, les substances organiques et la bio-muqueuse.<\/p>\n<div class=\"xiaoshujiang_element xsj_anchor\"><a class=\"blank_anchor_name\" name=\"applications_4\"><\/a><a id=\"applications_4\" class=\"blank_anchor_id\"><\/a><a class=\"blank_anchor_name\" name=\"applications\"><\/a><a id=\"applications\" class=\"blank_anchor_id\"><\/a><\/div>\n<h3 id=\"applications_4\" class=\"xsj_heading_hash xsj_heading xsj_heading_h2\" data-source-line=\"19\" data-source-line-display=\"true\"><span class=\"xsj_heading_content\">Applications:<\/span><\/h3>\n<p class=\"xsj_paragraph xsj_paragraph_level_0\" data-source-line=\"21\" data-source-line-display=\"true\"><strong>D\u00e9tergent alcalin WT-261<\/strong> peut \u00eatre utilis\u00e9 dans une vari\u00e9t\u00e9 d&#039;applications, y compris, mais sans s&#039;y limiter, les \u00e9quipements industriels tels que les pompes, les vannes, etc.\u00a0; \u00e9tablissements m\u00e9dicaux; usines de transformation alimentaire; laboratoires; flottes automobiles\u00a0; r\u00e9servoir d&#039;essence; syst\u00e8mes de traitement de l&#039;eau; s\u00e9parateurs d&#039;huile\/filtres \u00e0 huile\u00a0; syst\u00e8mes de gestion des eaux us\u00e9es; avions\/a\u00e9roports\/hangars\/autres zones de maintenance a\u00e9ronautique et bien d&#039;autres.<\/p>\n<h3>Sp\u00e9cification:<\/h3>\n<table>\n<tbody>\n<tr>\n<td width=\"204\">Articles<\/td>\n<td width=\"315\">Indice<\/td>\n<\/tr>\n<tr>\n<td width=\"204\">Apparence<\/td>\n<td width=\"315\">Liquide transparent incolore \u00e0 jaune p\u00e2le<\/td>\n<\/tr>\n<tr>\n<td width=\"204\">pH (solution d&#039;eau 1:45)<\/td>\n<td width=\"315\">10.0-12.0<\/td>\n<\/tr>\n<tr>\n<td width=\"204\">Densit\u00e9 (20\u2103)g\/cm3<\/td>\n<td width=\"315\">1.05-1.15<\/td>\n<\/tr>\n<tr>\n<td width=\"204\">Temp\u00e9rature de stockage<\/td>\n<td width=\"315\">Pas inf\u00e9rieur \u00e0 -5\u2103<\/td>\n<\/tr>\n<\/tbody>\n<\/table>\n<div class=\"xiaoshujiang_element xsj_anchor\"><a class=\"blank_anchor_name\" name=\"faqs_5\"><\/a><a id=\"faqs_5\" class=\"blank_anchor_id\"><\/a><a class=\"blank_anchor_name\" name=\"faqs\"><\/a><a id=\"faqs\" class=\"blank_anchor_id\"><\/a><\/div>\n<h3 id=\"faqs_5\" class=\"xsj_heading_hash xsj_heading xsj_heading_h2\" data-source-line=\"23\" data-source-line-display=\"true\"><span class=\"xsj_heading_content\">FAQ\u00a0:<\/span><\/h3>\n<div class=\"xiaoshujiang_element xsj_anchor\"><a class=\"blank_anchor_name\" name=\"q120what20kind20of20detergent20is20wt-26120alkali20detergent_6\"><\/a><a id=\"q120what20kind20of20detergent20is20wt-26120alkali20detergent_6\" class=\"blank_anchor_id\"><\/a><a class=\"blank_anchor_name\" name=\"q1-what-kind-of-detergent-is-wt-261-alkali-detergent\"><\/a><a id=\"q1-what-kind-of-detergent-is-wt-261-alkali-detergent\" class=\"blank_anchor_id\"><\/a><\/div>\n<p id=\"q120what20kind20of20detergent20is20wt-26120alkali20detergent_6\" class=\"xsj_heading_hash xsj_heading xsj_heading_h3\" data-source-line=\"25\" data-source-line-display=\"true\"><strong><span class=\"xsj_heading_content\">Q1\u00a0: Quel type de d\u00e9tergent est le d\u00e9tergent alcalin WT-261\u00a0?<\/span><\/strong><\/p>\n<p class=\"xsj_paragraph xsj_paragraph_level_0\" data-source-line=\"27\" data-source-line-display=\"true\">Le d\u00e9tergent alcalin WT-261 est un d\u00e9tergent alcalin con\u00e7u pour fournir des r\u00e9sultats puissants contre l&#039;huile, les substances organiques et la bio-muqueuse. Il fonctionne avec diverses membranes en polyamide aromatique et en acide ac\u00e9tate pour une efficacit\u00e9 maximale sur toutes les surfaces.<\/p>\n<div class=\"xiaoshujiang_element xsj_anchor\"><a class=\"blank_anchor_name\" name=\"q220how20does20wt-26120work_7\"><\/a><a id=\"q220how20does20wt-26120work_7\" class=\"blank_anchor_id\"><\/a><a class=\"blank_anchor_name\" name=\"q2-how-does-wt-261-work\"><\/a><a id=\"q2-how-does-wt-261-work\" class=\"blank_anchor_id\"><\/a><\/div>\n<p id=\"q220how20does20wt-26120work_7\" class=\"xsj_heading_hash xsj_heading xsj_heading_h3\" data-source-line=\"29\" data-source-line-display=\"true\"><strong><span class=\"xsj_heading_content\">Q2\u00a0: Comment fonctionne le WT-261\u00a0?<\/span><\/strong><\/p>\n<p class=\"xsj_paragraph xsj_paragraph_level_0\" data-source-line=\"31\" data-source-line-display=\"true\">Le d\u00e9tergent alcalin WT-261 augmente la temp\u00e9rature pendant l&#039;utilisation pour am\u00e9liorer son pouvoir nettoyant. Il utilise \u00e9galement des produits chimiques liquides dilu\u00e9s \u00e0 pH 10,5 \u00b1 0,5, qui offrent une optimisation suppl\u00e9mentaire lorsqu&#039;ils sont soigneusement m\u00e9lang\u00e9s avant l&#039;application, ce qui permet de le r\u00e9utiliser \u00e0 plusieurs reprises\u00a0!<\/p>\n<div class=\"xiaoshujiang_element xsj_anchor\"><a class=\"blank_anchor_name\" name=\"q320what20are20the20applications20for20wt-261_8\"><\/a><a id=\"q320what20are20the20applications20for20wt-261_8\" class=\"blank_anchor_id\"><\/a><a class=\"blank_anchor_name\" name=\"q3-what-are-the-applications-for-wt-261\"><\/a><a id=\"q3-what-are-the-applications-for-wt-261\" class=\"blank_anchor_id\"><\/a><\/div>\n<p id=\"q320what20are20the20applications20for20wt-261_8\" class=\"xsj_heading_hash xsj_heading xsj_heading_h3\" data-source-line=\"33\" data-source-line-display=\"true\"><strong><span class=\"xsj_heading_content\">Q3\u00a0: Quelles sont les applications du WT-261\u00a0?<\/span><\/strong><\/p>\n<p class=\"xsj_paragraph xsj_paragraph_level_0\" data-source-line=\"35\" data-source-line-display=\"true\">Le d\u00e9tergent alcalin WT-261 peut \u00eatre utilis\u00e9 dans diverses applications telles que les \u00e9quipements industriels, les installations m\u00e9dicales, les usines de transformation des aliments, les laboratoires, les flottes automobiles, les r\u00e9servoirs de carburant, les syst\u00e8mes de traitement de l&#039;eau et les s\u00e9parateurs d&#039;huile\/filtres \u00e0 huile, parmi de nombreuses autres utilisations.<\/p>\n<div class=\"xiaoshujiang_element xsj_anchor\"><a class=\"blank_anchor_name\" name=\"q420can20i20reuse20wt-261_9\"><\/a><a id=\"q420can20i20reuse20wt-261_9\" class=\"blank_anchor_id\"><\/a><a class=\"blank_anchor_name\" name=\"q4-can-i-reuse-wt-261\"><\/a><a id=\"q4-can-i-reuse-wt-261\" class=\"blank_anchor_id\"><\/a><\/div>\n<p id=\"q420can20i20reuse20wt-261_9\" class=\"xsj_heading_hash xsj_heading xsj_heading_h3\" data-source-line=\"37\" data-source-line-display=\"true\"><strong><span class=\"xsj_heading_content\">Q4\u00a0: Puis-je r\u00e9utiliser le WT-261\u00a0?<\/span><\/strong><\/p>\n<p class=\"xsj_paragraph xsj_paragraph_level_0\" data-source-line=\"39\" data-source-line-display=\"true\">Le d\u00e9tergent alcalin WT-261 peut \u00eatre r\u00e9utilis\u00e9 \u00e0 maintes reprises gr\u00e2ce \u00e0 sa chimie optimis\u00e9e qui permet aux liquides de se m\u00e9langer soigneusement avant l&#039;application, ce qui le rend tr\u00e8s efficace et r\u00e9utilisable\u00a0!<\/p>\n<div class=\"xiaoshujiang_element xsj_anchor\"><a class=\"blank_anchor_name\" name=\"q520is20there20any20need20for20special20protective20equipment20or20additional20safety20measures20required20when20using20this20product_10\"><\/a><a id=\"q520is20there20any20need20for20special20protective20equipment20or20additional20safety20measures20required20when20using20this20product_10\" class=\"blank_anchor_id\"><\/a><a class=\"blank_anchor_name\" name=\"q5-is-there-any-need-for-special-protective-equipment-or-additional-safety-measures-required-when-using-this-product\"><\/a><a id=\"q5-is-there-any-need-for-special-protective-equipment-or-additional-safety-measures-required-when-using-this-product\" class=\"blank_anchor_id\"><\/a><\/div>\n<p id=\"q520is20there20any20need20for20special20protective20equipment20or20additional20safety20measures20required20when20using20this20product_10\" class=\"xsj_heading_hash xsj_heading xsj_heading_h3\" data-source-line=\"41\" data-source-line-display=\"true\"><strong><span class=\"xsj_heading_content\">Q5\u00a0: Un \u00e9quipement de protection sp\u00e9cial ou des mesures de s\u00e9curit\u00e9 suppl\u00e9mentaires sont-elles n\u00e9cessaires lors de l&#039;utilisation de ce produit\u00a0?<\/span><\/strong><\/p>\n<p class=\"xsj_paragraph xsj_paragraph_level_0\" data-source-line=\"43\" data-source-line-display=\"true\">Comme toujours avec tout produit chimique, des pr\u00e9cautions de s\u00e9curit\u00e9 doivent toujours \u00eatre prises en compte lors de sa manipulation ou de son utilisation (y compris le port de v\u00eatements ou de lunettes de protection). Cependant, aucun \u00e9quipement de protection sp\u00e9cial ou mesure de s\u00e9curit\u00e9 suppl\u00e9mentaire n&#039;est n\u00e9cessaire lors de l&#039;utilisation de ce produit tel que prescrit sur son \u00e9tiquette.<\/p>\n<p class=\"xsj_paragraph xsj_paragraph_level_0\" data-source-line=\"45\" data-source-line-display=\"true\"><a class=\"xsj_link xsj_manu_link\" href=\"https:\/\/vcycletech.com\/fr\/biocide-et-algicide\/\">Obtenez la solution compl\u00e8te de produits chimiques d&#039;osmose inverse<\/a>.<\/p>","protected":false},"excerpt":{"rendered":"<p>Si vous recherchez un d\u00e9tergent alcalin r\u00e9sistant aux huiles, aux substances organiques et aux bio-muqueuses, ne cherchez pas plus loin que <strong>WT-261<\/strong>. Con\u00e7u pour \u00eatre utilis\u00e9 avec une vari\u00e9t\u00e9 de membranes, ce d\u00e9tergent offre une efficacit\u00e9 maximale sur toutes les surfaces. La temp\u00e9rature peut \u00eatre augment\u00e9e pendant l&#039;utilisation pour am\u00e9liorer le pouvoir nettoyant, tandis que les produits chimiques liquides dilu\u00e9s au pH 10,5\u00b10,5 offrent une optimisation suppl\u00e9mentaire lorsqu&#039;ils sont soigneusement m\u00e9lang\u00e9s avant l&#039;application - ce qui permet de les r\u00e9utiliser \u00e0 maintes reprises !<\/p>","protected":false},"featured_media":1282,"template":"","meta":{"site-sidebar-layout":"default","site-content-layout":"default","ast-site-content-layout":"default","site-content-style":"default","site-sidebar-style":"default","ast-global-header-display":"","ast-banner-title-visibility":"","ast-main-header-display":"","ast-hfb-above-header-display":"","ast-hfb-below-header-display":"","ast-hfb-mobile-header-display":"","site-post-title":"","ast-breadcrumbs-content":"","ast-featured-img":"","footer-sml-layout":"","ast-disable-related-posts":"","theme-transparent-header-meta":"default","adv-header-id-meta":"","stick-header-meta":"default","header-above-stick-meta":"","header-main-stick-meta":"","header-below-stick-meta":"","astra-migrate-meta-layouts":"default","ast-page-background-enabled":"default","ast-page-background-meta":{"desktop":{"background-color":"","background-image":"","background-repeat":"repeat","background-position":"center center","background-size":"auto","background-attachment":"scroll","background-type":"","background-media":"","overlay-type":"","overlay-color":"","overlay-opacity":"","overlay-gradient":""},"tablet":{"background-color":"","background-image":"","background-repeat":"repeat","background-position":"center center","background-size":"auto","background-attachment":"scroll","background-type":"","background-media":"","overlay-type":"","overlay-color":"","overlay-opacity":"","overlay-gradient":""},"mobile":{"background-color":"","background-image":"","background-repeat":"repeat","background-position":"center center","background-size":"auto","background-attachment":"scroll","background-type":"","background-media":"","overlay-type":"","overlay-color":"","overlay-opacity":"","overlay-gradient":""}},"ast-content-background-meta":{"desktop":{"background-color":"var(--ast-global-color-5)","background-image":"","background-repeat":"repeat","background-position":"center center","background-size":"auto","background-attachment":"scroll","background-type":"","background-media":"","overlay-type":"","overlay-color":"","overlay-opacity":"","overlay-gradient":""},"tablet":{"background-color":"var(--ast-global-color-5)","background-image":"","background-repeat":"repeat","background-position":"center center","background-size":"auto","background-attachment":"scroll","background-type":"","background-media":"","overlay-type":"","overlay-color":"","overlay-opacity":"","overlay-gradient":""},"mobile":{"background-color":"var(--ast-global-color-5)","background-image":"","background-repeat":"repeat","background-position":"center center","background-size":"auto","background-attachment":"scroll","background-type":"","background-media":"","overlay-type":"","overlay-color":"","overlay-opacity":"","overlay-gradient":""}}},"product_brand":[],"product_cat":[31],"product_tag":[],"class_list":{"0":"post-1272","1":"product","2":"type-product","3":"status-publish","4":"has-post-thumbnail","6":"product_cat-reverse-osmosis-chemicals","7":"desktop-align-left","8":"tablet-align-left","9":"mobile-align-left","10":"ast-product-gallery-layout-horizontal-slider","11":"ast-product-gallery-with-no-image","12":"ast-product-tabs-layout-horizontal","14":"first","15":"instock","16":"shipping-taxable","17":"product-type-simple"},"yoast_head":"<!-- This site is optimized with the Yoast SEO Premium plugin v26.3 (Yoast SEO v27.3) - https:\/\/yoast.com\/product\/yoast-seo-premium-wordpress\/ -->\n<title>WT-261 Alkali Detergent for RO Membrane - vcycletech<\/title>\n<meta name=\"description\" content=\"[WT-261 Alkali Detergent] ensures powerful results against oils, organic substances and bio-mucosa on all surfaces. Get maximum efficiency across your aromatic polyamide and acetate acid membranes with our innovative formula. Try it today!\" \/>\n<meta name=\"robots\" content=\"index, follow, max-snippet:-1, max-image-preview:large, max-video-preview:-1\" \/>\n<link rel=\"canonical\" href=\"https:\/\/vcycletech.com\/fr\/produit\/wt-261-detergent-alcalin\/\" \/>\n<meta property=\"og:locale\" content=\"fr_FR\" \/>\n<meta property=\"og:type\" content=\"article\" \/>\n<meta property=\"og:title\" content=\"WT-261 Alkali Detergent for RO Membrane\" \/>\n<meta property=\"og:description\" content=\"[WT-261 Alkali Detergent] ensures powerful results against oils, organic substances and bio-mucosa on all surfaces. Get maximum efficiency across your aromatic polyamide and acetate acid membranes with our innovative formula. Try it today!\" \/>\n<meta property=\"og:url\" content=\"https:\/\/vcycletech.com\/fr\/produit\/wt-261-detergent-alcalin\/\" \/>\n<meta property=\"og:site_name\" content=\"vcycletech\" \/>\n<meta property=\"article:modified_time\" content=\"2023-03-27T04:15:22+00:00\" \/>\n<meta property=\"og:image\" content=\"https:\/\/vcycletech.com\/wp-content\/uploads\/2023\/03\/WT-0100-6-e1679628148833.png\" \/>\n\t<meta property=\"og:image:width\" content=\"600\" \/>\n\t<meta property=\"og:image:height\" content=\"600\" \/>\n\t<meta property=\"og:image:type\" content=\"image\/png\" \/>\n<meta name=\"twitter:card\" content=\"summary_large_image\" \/>\n<meta name=\"twitter:label1\" content=\"Dur\u00e9e de lecture estim\u00e9e\" \/>\n\t<meta name=\"twitter:data1\" content=\"2 minutes\" \/>\n<script type=\"application\/ld+json\" class=\"yoast-schema-graph\">{\"@context\":\"https:\\\/\\\/schema.org\",\"@graph\":[{\"@type\":\"WebPage\",\"@id\":\"https:\\\/\\\/vcycletech.com\\\/product\\\/wt-261-alkali-detergent\\\/\",\"url\":\"https:\\\/\\\/vcycletech.com\\\/product\\\/wt-261-alkali-detergent\\\/\",\"name\":\"WT-261 Alkali Detergent for RO Membrane - vcycletech\",\"isPartOf\":{\"@id\":\"https:\\\/\\\/vcycletech.com\\\/#website\"},\"primaryImageOfPage\":{\"@id\":\"https:\\\/\\\/vcycletech.com\\\/product\\\/wt-261-alkali-detergent\\\/#primaryimage\"},\"image\":{\"@id\":\"https:\\\/\\\/vcycletech.com\\\/product\\\/wt-261-alkali-detergent\\\/#primaryimage\"},\"thumbnailUrl\":\"https:\\\/\\\/vcycletech.com\\\/wp-content\\\/uploads\\\/2023\\\/03\\\/WT-0100-6-e1679628148833.png\",\"datePublished\":\"2023-03-21T12:55:49+00:00\",\"dateModified\":\"2023-03-27T04:15:22+00:00\",\"description\":\"[WT-261 Alkali Detergent] ensures powerful results against oils, organic substances and bio-mucosa on all surfaces. Get maximum efficiency across your aromatic polyamide and acetate acid membranes with our innovative formula. Try it today!\",\"breadcrumb\":{\"@id\":\"https:\\\/\\\/vcycletech.com\\\/product\\\/wt-261-alkali-detergent\\\/#breadcrumb\"},\"inLanguage\":\"fr-FR\",\"potentialAction\":[{\"@type\":\"ReadAction\",\"target\":[\"https:\\\/\\\/vcycletech.com\\\/product\\\/wt-261-alkali-detergent\\\/\"]}]},{\"@type\":\"ImageObject\",\"inLanguage\":\"fr-FR\",\"@id\":\"https:\\\/\\\/vcycletech.com\\\/product\\\/wt-261-alkali-detergent\\\/#primaryimage\",\"url\":\"https:\\\/\\\/vcycletech.com\\\/wp-content\\\/uploads\\\/2023\\\/03\\\/WT-0100-6-e1679628148833.png\",\"contentUrl\":\"https:\\\/\\\/vcycletech.com\\\/wp-content\\\/uploads\\\/2023\\\/03\\\/WT-0100-6-e1679628148833.png\",\"width\":600,\"height\":600,\"caption\":\"WT-261 Alkali Detergent for RO Membrane\"},{\"@type\":\"BreadcrumbList\",\"@id\":\"https:\\\/\\\/vcycletech.com\\\/product\\\/wt-261-alkali-detergent\\\/#breadcrumb\",\"itemListElement\":[{\"@type\":\"ListItem\",\"position\":1,\"name\":\"Home\",\"item\":\"https:\\\/\\\/vcycletech.com\\\/\"},{\"@type\":\"ListItem\",\"position\":2,\"name\":\"Water Treatment Chemicals Manufacturer\",\"item\":\"https:\\\/\\\/vcycletech.com\\\/water-treatment-chemicals-manufacturer\\\/\"},{\"@type\":\"ListItem\",\"position\":3,\"name\":\"WT-261 Alkali Detergent for RO Membrane\"}]},{\"@type\":\"WebSite\",\"@id\":\"https:\\\/\\\/vcycletech.com\\\/#website\",\"url\":\"https:\\\/\\\/vcycletech.com\\\/\",\"name\":\"vcycletech\",\"description\":\"China&#039;s top water treatment chemicals supplier\",\"publisher\":{\"@id\":\"https:\\\/\\\/vcycletech.com\\\/#organization\"},\"potentialAction\":[{\"@type\":\"SearchAction\",\"target\":{\"@type\":\"EntryPoint\",\"urlTemplate\":\"https:\\\/\\\/vcycletech.com\\\/?s={search_term_string}\"},\"query-input\":{\"@type\":\"PropertyValueSpecification\",\"valueRequired\":true,\"valueName\":\"search_term_string\"}}],\"inLanguage\":\"fr-FR\"},{\"@type\":\"Organization\",\"@id\":\"https:\\\/\\\/vcycletech.com\\\/#organization\",\"name\":\"vcycletech\",\"url\":\"https:\\\/\\\/vcycletech.com\\\/\",\"logo\":{\"@type\":\"ImageObject\",\"inLanguage\":\"fr-FR\",\"@id\":\"https:\\\/\\\/vcycletech.com\\\/#\\\/schema\\\/logo\\\/image\\\/\",\"url\":\"https:\\\/\\\/vcycletech.com\\\/wp-content\\\/uploads\\\/2023\\\/03\\\/logo-vcycletech-1.png\",\"contentUrl\":\"https:\\\/\\\/vcycletech.com\\\/wp-content\\\/uploads\\\/2023\\\/03\\\/logo-vcycletech-1.png\",\"width\":600,\"height\":400,\"caption\":\"vcycletech\"},\"image\":{\"@id\":\"https:\\\/\\\/vcycletech.com\\\/#\\\/schema\\\/logo\\\/image\\\/\"}}]}<\/script>\n<!-- \/ Yoast SEO Premium plugin. -->","yoast_head_json":{"title":"D\u00e9tergent alcalin WT-261 pour membrane RO - vcycletech","description":"[WT-261 Alkali Detergent] ensures powerful results against oils, organic substances and bio-mucosa on all surfaces. Get maximum efficiency across your aromatic polyamide and acetate acid membranes with our innovative formula. Try it today!","robots":{"index":"index","follow":"follow","max-snippet":"max-snippet:-1","max-image-preview":"max-image-preview:large","max-video-preview":"max-video-preview:-1"},"canonical":"https:\/\/vcycletech.com\/fr\/produit\/wt-261-detergent-alcalin\/","og_locale":"fr_FR","og_type":"article","og_title":"WT-261 Alkali Detergent for RO Membrane","og_description":"[WT-261 Alkali Detergent] ensures powerful results against oils, organic substances and bio-mucosa on all surfaces. Get maximum efficiency across your aromatic polyamide and acetate acid membranes with our innovative formula. Try it today!","og_url":"https:\/\/vcycletech.com\/fr\/produit\/wt-261-detergent-alcalin\/","og_site_name":"vcycletech","article_modified_time":"2023-03-27T04:15:22+00:00","og_image":[{"width":600,"height":600,"url":"https:\/\/vcycletech.com\/wp-content\/uploads\/2023\/03\/WT-0100-6-e1679628148833.png","type":"image\/png"}],"twitter_card":"summary_large_image","twitter_misc":{"Dur\u00e9e de lecture estim\u00e9e":"2 minutes"},"schema":{"@context":"https:\/\/schema.org","@graph":[{"@type":"WebPage","@id":"https:\/\/vcycletech.com\/product\/wt-261-alkali-detergent\/","url":"https:\/\/vcycletech.com\/product\/wt-261-alkali-detergent\/","name":"D\u00e9tergent alcalin WT-261 pour membrane RO - vcycletech","isPartOf":{"@id":"https:\/\/vcycletech.com\/#website"},"primaryImageOfPage":{"@id":"https:\/\/vcycletech.com\/product\/wt-261-alkali-detergent\/#primaryimage"},"image":{"@id":"https:\/\/vcycletech.com\/product\/wt-261-alkali-detergent\/#primaryimage"},"thumbnailUrl":"https:\/\/vcycletech.com\/wp-content\/uploads\/2023\/03\/WT-0100-6-e1679628148833.png","datePublished":"2023-03-21T12:55:49+00:00","dateModified":"2023-03-27T04:15:22+00:00","description":"[WT-261 Alkali Detergent] ensures powerful results against oils, organic substances and bio-mucosa on all surfaces. Get maximum efficiency across your aromatic polyamide and acetate acid membranes with our innovative formula. Try it today!","breadcrumb":{"@id":"https:\/\/vcycletech.com\/product\/wt-261-alkali-detergent\/#breadcrumb"},"inLanguage":"fr-FR","potentialAction":[{"@type":"ReadAction","target":["https:\/\/vcycletech.com\/product\/wt-261-alkali-detergent\/"]}]},{"@type":"ImageObject","inLanguage":"fr-FR","@id":"https:\/\/vcycletech.com\/product\/wt-261-alkali-detergent\/#primaryimage","url":"https:\/\/vcycletech.com\/wp-content\/uploads\/2023\/03\/WT-0100-6-e1679628148833.png","contentUrl":"https:\/\/vcycletech.com\/wp-content\/uploads\/2023\/03\/WT-0100-6-e1679628148833.png","width":600,"height":600,"caption":"WT-261 Alkali Detergent for RO Membrane"},{"@type":"BreadcrumbList","@id":"https:\/\/vcycletech.com\/product\/wt-261-alkali-detergent\/#breadcrumb","itemListElement":[{"@type":"ListItem","position":1,"name":"Home","item":"https:\/\/vcycletech.com\/"},{"@type":"ListItem","position":2,"name":"Water Treatment Chemicals Manufacturer","item":"https:\/\/vcycletech.com\/water-treatment-chemicals-manufacturer\/"},{"@type":"ListItem","position":3,"name":"WT-261 Alkali Detergent for RO Membrane"}]},{"@type":"WebSite","@id":"https:\/\/vcycletech.com\/#website","url":"https:\/\/vcycletech.com\/","name":"vcycletech","description":"Meilleur fournisseur de produits chimiques pour le traitement de l&#039;eau en Chine","publisher":{"@id":"https:\/\/vcycletech.com\/#organization"},"potentialAction":[{"@type":"SearchAction","target":{"@type":"EntryPoint","urlTemplate":"https:\/\/vcycletech.com\/?s={search_term_string}"},"query-input":{"@type":"PropertyValueSpecification","valueRequired":true,"valueName":"search_term_string"}}],"inLanguage":"fr-FR"},{"@type":"Organization","@id":"https:\/\/vcycletech.com\/#organization","name":"vcycletech","url":"https:\/\/vcycletech.com\/","logo":{"@type":"ImageObject","inLanguage":"fr-FR","@id":"https:\/\/vcycletech.com\/#\/schema\/logo\/image\/","url":"https:\/\/vcycletech.com\/wp-content\/uploads\/2023\/03\/logo-vcycletech-1.png","contentUrl":"https:\/\/vcycletech.com\/wp-content\/uploads\/2023\/03\/logo-vcycletech-1.png","width":600,"height":400,"caption":"vcycletech"},"image":{"@id":"https:\/\/vcycletech.com\/#\/schema\/logo\/image\/"}}]}},"_links":{"self":[{"href":"https:\/\/vcycletech.com\/fr\/wp-json\/wp\/v2\/product\/1272","targetHints":{"allow":["GET"]}}],"collection":[{"href":"https:\/\/vcycletech.com\/fr\/wp-json\/wp\/v2\/product"}],"about":[{"href":"https:\/\/vcycletech.com\/fr\/wp-json\/wp\/v2\/types\/product"}],"wp:featuredmedia":[{"embeddable":true,"href":"https:\/\/vcycletech.com\/fr\/wp-json\/wp\/v2\/media\/1282"}],"wp:attachment":[{"href":"https:\/\/vcycletech.com\/fr\/wp-json\/wp\/v2\/media?parent=1272"}],"wp:term":[{"taxonomy":"product_brand","embeddable":true,"href":"https:\/\/vcycletech.com\/fr\/wp-json\/wp\/v2\/product_brand?post=1272"},{"taxonomy":"product_cat","embeddable":true,"href":"https:\/\/vcycletech.com\/fr\/wp-json\/wp\/v2\/product_cat?post=1272"},{"taxonomy":"product_tag","embeddable":true,"href":"https:\/\/vcycletech.com\/fr\/wp-json\/wp\/v2\/product_tag?post=1272"}],"curies":[{"name":"wp","href":"https:\/\/api.w.org\/{rel}","templated":true}]}}