{"id":1262,"date":"2023-03-21T12:38:46","date_gmt":"2023-03-21T12:38:46","guid":{"rendered":"https:\/\/vcycletech.com\/?post_type=product&#038;p=1262"},"modified":"2023-03-27T04:29:37","modified_gmt":"2023-03-27T04:29:37","slug":"ceramique-dispersant-kr-908","status":"publish","type":"product","link":"https:\/\/vcycletech.com\/fr\/produit\/ceramique-dispersant-kr-908\/","title":{"rendered":"Dispersant c\u00e9ramique WT-908"},"content":{"rendered":"<h3>Propri\u00e9t\u00e9s:<\/h3>\n<p><strong>Dispersant c\u00e9ramique WT-908<\/strong> est un sel polym\u00e8re anionique capable de s&#039;adsorber \u00e0 la surface de diverses petites particules, cr\u00e9ant une force de r\u00e9pulsion statique qui emp\u00eache les particules de se d\u00e9poser et de s&#039;agglutiner.<\/p>\n<p class=\"my-0.5\">Lorsqu&#039;il est utilis\u00e9 comme additif dans les mat\u00e9riaux magn\u00e9tiques, les c\u00e9ramiques \u00e9lectroniques, la fabrication du papier et les c\u00e9ramiques domestiques en c\u00e9ramique d&#039;alumine, <strong>Dispersant c\u00e9ramique WT-908 <\/strong>r\u00e9duit la viscosit\u00e9 et facilite le traitement. Il se volatilise pendant le processus de calcination sans affecter les propri\u00e9t\u00e9s physiques ou chimiques du produit. De plus, il ne pr\u00e9sente aucun risque toxique ou corrosif.<\/p>\n<h3>Sp\u00e9cification:<\/h3>\n<div id=\"footable_parent_1268\"\n         class=\"footable_parent ninja_table_wrapper loading_ninja_table wp_table_data_press_parent semantic_ui\">\n                <table data-ninja_table_instance=\"ninja_table_instance_0\" data-footable_id=\"1268\" data-filter-delay=\"1000\" aria-label=\"Dispersant c\u00e9ramique KR-908.csv\"            id=\"footable_1268\"\n           data-unique_identifier=\"ninja_table_unique_id_3104076354_1268\"\n           class=\"foo-table ninja_footable foo_table_1268 ninja_table_unique_id_3104076354_1268 ui table  nt_type_legacy_table selectable striped vertical_centered  footable-paging-right ninja_table_pro\">\n                <colgroup>\n                            <col class=\"ninja_column_0\">\n                            <col class=\"ninja_column_1\">\n                    <\/colgroup>\n        <thead>\n<tr class=\"footable-header\">\n                                        <th scope=\"col\"  class=\"ninja_column_0 ninja_clmn_nm_items\">Articles<\/th><th scope=\"col\"  class=\"ninja_column_1 ninja_clmn_nm_index\">Indice<\/th><\/tr>\n<\/thead>\n<tbody>\n\n        <tr data-row_id=\"315\" class=\"ninja_table_row_0 nt_row_id_315\">\n            <td>Apparence<\/td><td>Liquide visqueux jaune clair<\/td>        <\/tr>\n            <tr data-row_id=\"316\" class=\"ninja_table_row_1 nt_row_id_316\">\n            <td>Contenu solide, %<\/td><td>40<\/td>        <\/tr>\n            <tr data-row_id=\"317\" class=\"ninja_table_row_2 nt_row_id_317\">\n            <td>Densit\u00e9 (20\u2103), g\/cm3<\/td><td>1.1<\/td>        <\/tr>\n            <tr data-row_id=\"318\" class=\"ninja_table_row_3 nt_row_id_318\">\n            <td>pH (tel quel)<\/td><td>7.0-8.0<\/td>        <\/tr>\n            <tr data-row_id=\"319\" class=\"ninja_table_row_4 nt_row_id_319\">\n            <td>Viscosit\u00e9(25\u2103) mpa.s<\/td><td>100-500<\/td>        <\/tr>\n    <\/tbody><!--ninja_tobody_rendering_done-->\n    <\/table>\n    \n    \n    \n<\/div>\n\n<h3>Usage:<\/h3>\n<p><strong>WT-908<\/strong> est une mati\u00e8re premi\u00e8re qui aide \u00e0 r\u00e9duire la quantit\u00e9 d&#039;eau et le temps n\u00e9cessaire au broyage. Lorsqu&#039;il est m\u00e9lang\u00e9 avec une certaine teneur en eau puis broy\u00e9, il produit une haute teneur en solides et une suspension stable. Gr\u00e2ce au pressage \u00e0 sec ou au semi-pressage \u00e0 sec pendant le processus de s\u00e9chage par pulv\u00e9risation, la poudre obtenue est solide et r\u00e9sistante \u00e0 l&#039;usure. Il emp\u00eache \u00e9galement le retrait ou la fraction de calcination.<\/p>\n<p>La quantit\u00e9 pr\u00e9f\u00e9r\u00e9e de <strong>WT-908<\/strong> \u00e0 utiliser est de 0,2% \u00e0 2,0% (solide\/solide). Pour des r\u00e9sultats optimaux, des exp\u00e9riences doivent \u00eatre men\u00e9es pour d\u00e9terminer la quantit\u00e9 exacte \u00e0 utiliser. En outre, <strong>WT-908<\/strong> peut \u00eatre combin\u00e9 avec des dispersants inorganiques de phosphate.<\/p>\n<p><strong>WT-908<\/strong> se pr\u00e9sente sous forme de f\u00fbts en plastique de 200\u00a0L, d&#039;IBC (1\u00a0000\u00a0L) et d&#039;emballages personnalis\u00e9s qui r\u00e9pondent aux besoins des clients. Il doit \u00eatre stock\u00e9 dans une pi\u00e8ce bien ombrag\u00e9e dans des conditions s\u00e8ches jusqu&#039;\u00e0 dix mois.<\/p>\n<p>Pour des raisons de s\u00e9curit\u00e9, des pr\u00e9cautions doivent \u00eatre prises lors de la manipulation de ce produit car il est de nature faiblement alcaline. Tenir hors de contact avec les yeux et la peau; en cas de contact, rincer abondamment \u00e0 l&#039;eau imm\u00e9diatement.<\/p>\n<h3>Guide complet\u00a0:<\/h3>\n<p><strong>\u00a0Dispersant c\u00e9ramique WT-908<\/strong> est une solution efficace et fiable pour les produits chimiques de traitement de l&#039;eau. C&#039;est un sel de polym\u00e8re anionique qui a la capacit\u00e9 de s&#039;adsorber \u00e0 la surface de diverses particules mineures, g\u00e9n\u00e9rant une r\u00e9pulsion statique et les emp\u00eachant de s&#039;agglutiner. Cela aide \u00e0 r\u00e9duire l&#039;encrassement biologique dans les syst\u00e8mes de bior\u00e9acteurs \u00e0 membrane, ce qui le rend id\u00e9al pour le traitement des eaux us\u00e9es. De plus, il peut \u00e9galement \u00eatre utilis\u00e9 comme ingr\u00e9dient antioxydant dans les syst\u00e8mes de traitement des eaux us\u00e9es.<\/p>\n<h4>Fonction et principe d&#039;action<\/h4>\n<p>WT-908 est utilis\u00e9 pour emp\u00eacher la s\u00e9dimentation dans les syst\u00e8mes d&#039;eau. Ses propri\u00e9t\u00e9s chimiques lui permettent de r\u00e9agir avec les particules et de former des couches microscopiques autour d&#039;elles, qui agissent comme des barri\u00e8res qui emp\u00eachent les autres particules de se fixer. Cela emp\u00eache les particules plus grosses de se former et de se d\u00e9poser dans la solution, ce qui cr\u00e9erait autrement des blocages ou entraverait l&#039;\u00e9coulement. En maintenant un mouvement constant dans le temps, le WT-908 maintient les solides en suspension uniform\u00e9ment r\u00e9partis dans le flux d&#039;eau.<\/p>\n<h4>Champ d&#039;application<\/h4>\n<p>Le WT-908 peut \u00eatre utilis\u00e9 dans une vari\u00e9t\u00e9 d&#039;applications, y compris le traitement de l&#039;eau de chaudi\u00e8re, le traitement de l&#039;eau de refroidissement et d&#039;autres proc\u00e9d\u00e9s chimiques. Il convient \u00e0 diverses utilisations industrielles telles que les centrales \u00e9lectriques, les usines de transformation des aliments et les installations de fabrication o\u00f9 les contaminants solubles doivent \u00eatre \u00e9limin\u00e9s ou emp\u00each\u00e9s d&#039;obstruer les \u00e9quipements de traitement ou d&#039;interf\u00e9rer avec l&#039;efficacit\u00e9 des op\u00e9rations ou la qualit\u00e9 des produits.<\/p>\n<h4>Pr\u00e9cautions d&#039;emploi<\/h4>\n<p>Lors de la manipulation <strong>Dispersant c\u00e9ramique WT-908,<\/strong> il est important de porter des \u00e9quipements de protection tels que des lunettes de s\u00e9curit\u00e9 et des gants. De plus, les utilisateurs doivent \u00e9viter \u00e0 tout prix tout contact direct avec la peau ou les yeux et s&#039;assurer qu&#039;ils ne sont pas expos\u00e9s \u00e0 des niveaux \u00e9lev\u00e9s de poussi\u00e8re g\u00e9n\u00e9r\u00e9s par ce produit pendant l&#039;utilisation ou les conditions de stockage o\u00f9 sa forme pulv\u00e9rulente peut devenir a\u00e9roport\u00e9e. Toutes les surfaces entrant en contact avec le WT-908 doivent \u00eatre correctement scell\u00e9es et bien ventil\u00e9es pendant les p\u00e9riodes d&#039;application afin de minimiser les risques potentiels pour la sant\u00e9 dus \u00e0 l&#039;inhalation d&#039;irritants respiratoires caus\u00e9s par son utilisation.<\/p>\n<h3>FAQ\u00a0:<\/h3>\n<p><strong>Q1 : Qu&#039;est-ce que le dispersant c\u00e9ramique WT-908 ?<\/strong><br \/>\nLe dispersant c\u00e9ramique WT-908 est un sel de polym\u00e8re anionique utilis\u00e9 pour les produits chimiques de traitement de l&#039;eau avec la capacit\u00e9 d&#039;adsorber \u00e0 la surface de diverses particules mineures, g\u00e9n\u00e9rant une r\u00e9pulsion statique et les emp\u00eachant de s&#039;agglutiner; Il aide \u00e0 r\u00e9duire l&#039;encrassement biologique dans les syst\u00e8mes de bior\u00e9acteurs \u00e0 membrane, ce qui le rend id\u00e9al pour le traitement des eaux us\u00e9es\u00a0; Il peut \u00e9galement \u00eatre utilis\u00e9 comme ingr\u00e9dient antioxydant dans les syst\u00e8mes de traitement des eaux us\u00e9es.<\/p>\n<p><strong>Q2\u00a0:\u00a0Quelles sont les applications du dispersant c\u00e9ramique WT-908\u00a0?<\/strong><br \/>\nLe WT-908 peut \u00eatre utilis\u00e9 pour divers usages industriels tels que les centrales \u00e9lectriques, les usines de transformation des aliments et les installations de fabrication o\u00f9 les contaminants solubles doivent \u00eatre \u00e9limin\u00e9s ou emp\u00each\u00e9s de boucher les \u00e9quipements de traitement ou d&#039;interf\u00e9rer avec l&#039;efficacit\u00e9 des op\u00e9rations ou la qualit\u00e9 des produits\u00a0; Il peut \u00e9galement \u00eatre appliqu\u00e9 dans le traitement de l&#039;eau de chaudi\u00e8re, le traitement de l&#039;eau de refroidissement et d&#039;autres processus chimiques.<\/p>\n<p><strong>Q3\u00a0: L&#039;utilisation du WT-908 pr\u00e9sente-t-elle des risques pour la sant\u00e9\u00a0?<\/strong><br \/>\nLors de la manipulation du dispersant WT-908, il est essentiel de porter un \u00e9quipement de protection tel que des lunettes de s\u00e9curit\u00e9 et des gants\u00a0; Le contact direct avec la peau ou les yeux doit toujours \u00eatre \u00e9vit\u00e9 ; Afin de minimiser les risques potentiels pour la sant\u00e9 dus \u00e0 l&#039;inhalation d&#039;irritants respiratoires caus\u00e9s par son utilisation, toutes les surfaces entrant en contact avec le produit doivent \u00eatre correctement scell\u00e9es et bien ventil\u00e9es pendant les p\u00e9riodes d&#039;application.<\/p>\n<p><strong>Q4\u00a0:Comment fonctionne le WT-908\u00a0?<\/strong><br \/>\nSes propri\u00e9t\u00e9s chimiques permettent la r\u00e9action de d\u00e9placement du WT-908 avec les particules, formant ainsi des couches microscopiques autour d&#039;elles qui agissent comme des barri\u00e8res qui emp\u00eachent les autres particules de se fixer\u00a0; Cela emp\u00eache les particules plus grosses de se former et de se d\u00e9poser hors de la solution, \u00e9vitant ainsi les blocages ou entravant l&#039;\u00e9coulement tout en maintenant un mouvement constant dans le temps dans tout le syst\u00e8me trait\u00e9.<\/p>\n<p><strong>Q5\u00a0:Puis-je faire confiance \u00e0 ce produit\u00a0?<\/strong><br \/>\nOui! Le dispersant c\u00e9ramique Wt- 908 est une solution fiable et efficace pour les produits chimiques de traitement de l&#039;eau d\u00e9velopp\u00e9e par des professionnels exp\u00e9riment\u00e9s de l&#039;industrie.<\/p>\n<p><strong>Q6\u00a0:\u00a0Quels sont les avantages de l&#039;utilisation de ce dispersant\u00a0?<\/strong><br \/>\nCertains avantages comprennent un meilleur contr\u00f4le de la vitesse de s\u00e9dimentation dans les syst\u00e8mes trait\u00e9s, ce qui r\u00e9duit les dommages caus\u00e9s par le d\u00e9p\u00f4t de particules lourdes\u00a0; De plus, \u00eatre capable de maintenir une distribution uniforme dans les flux trait\u00e9s offre un plus grand degr\u00e9 de clart\u00e9 lors du suivi des progr\u00e8s m\u00eame apr\u00e8s une utilisation \u00e0 long terme\u00a0; Cela am\u00e9liore non seulement les performances globales du syst\u00e8me, mais permet \u00e9galement d&#039;\u00e9conomiser de l&#039;argent, car une maintenance fr\u00e9quente entra\u00eene une consommation de ressources plus co\u00fbteuse.<\/p>\n<p><a href=\"https:\/\/vcycletech.com\/fr\/categorie-de-produit\/antitartre-et-dispersant-polycarboxylique\/\">Obtenez la solution compl\u00e8te antitartre et dispersant polycarboxylique.<\/a><\/p>","protected":false},"excerpt":{"rendered":"<p><strong>Dispersant c\u00e9ramique WT-908<\/strong> est un sel de polym\u00e8re anionique utilis\u00e9 pour les produits chimiques de traitement de l&#039;eau. Il a la capacit\u00e9 de s&#039;adsorber \u00e0 la surface de diverses particules mineures, g\u00e9n\u00e9rant une r\u00e9pulsion statique et les emp\u00eachant de s&#039;agglutiner. Cela aide \u00e0 r\u00e9duire l&#039;encrassement biologique dans les syst\u00e8mes de bior\u00e9acteurs \u00e0 membrane, ce qui le rend id\u00e9al pour le traitement des eaux us\u00e9es.<strong>Dispersant c\u00e9ramique WT-908<\/strong> est \u00e9galement efficace dans le traitement de l&#039;eau de chaudi\u00e8re, le traitement de l&#039;eau de refroidissement et d&#039;autres proc\u00e9d\u00e9s chimiques. De plus, il peut \u00eatre utilis\u00e9 comme ingr\u00e9dient antioxydant dans les syst\u00e8mes de traitement des eaux us\u00e9es.<strong>Dispersant c\u00e9ramique WT-908<\/strong>\u00a0est une solution fiable et efficace pour les produits chimiques de traitement de l&#039;eau.<\/p>","protected":false},"featured_media":2831,"template":"","meta":{"site-sidebar-layout":"default","site-content-layout":"default","ast-site-content-layout":"default","site-content-style":"default","site-sidebar-style":"default","ast-global-header-display":"","ast-banner-title-visibility":"","ast-main-header-display":"","ast-hfb-above-header-display":"","ast-hfb-below-header-display":"","ast-hfb-mobile-header-display":"","site-post-title":"","ast-breadcrumbs-content":"","ast-featured-img":"","footer-sml-layout":"","ast-disable-related-posts":"","theme-transparent-header-meta":"default","adv-header-id-meta":"","stick-header-meta":"default","header-above-stick-meta":"","header-main-stick-meta":"","header-below-stick-meta":"","astra-migrate-meta-layouts":"default","ast-page-background-enabled":"default","ast-page-background-meta":{"desktop":{"background-color":"","background-image":"","background-repeat":"repeat","background-position":"center center","background-size":"auto","background-attachment":"scroll","background-type":"","background-media":"","overlay-type":"","overlay-color":"","overlay-opacity":"","overlay-gradient":""},"tablet":{"background-color":"","background-image":"","background-repeat":"repeat","background-position":"center center","background-size":"auto","background-attachment":"scroll","background-type":"","background-media":"","overlay-type":"","overlay-color":"","overlay-opacity":"","overlay-gradient":""},"mobile":{"background-color":"","background-image":"","background-repeat":"repeat","background-position":"center center","background-size":"auto","background-attachment":"scroll","background-type":"","background-media":"","overlay-type":"","overlay-color":"","overlay-opacity":"","overlay-gradient":""}},"ast-content-background-meta":{"desktop":{"background-color":"var(--ast-global-color-5)","background-image":"","background-repeat":"repeat","background-position":"center center","background-size":"auto","background-attachment":"scroll","background-type":"","background-media":"","overlay-type":"","overlay-color":"","overlay-opacity":"","overlay-gradient":""},"tablet":{"background-color":"var(--ast-global-color-5)","background-image":"","background-repeat":"repeat","background-position":"center center","background-size":"auto","background-attachment":"scroll","background-type":"","background-media":"","overlay-type":"","overlay-color":"","overlay-opacity":"","overlay-gradient":""},"mobile":{"background-color":"var(--ast-global-color-5)","background-image":"","background-repeat":"repeat","background-position":"center center","background-size":"auto","background-attachment":"scroll","background-type":"","background-media":"","overlay-type":"","overlay-color":"","overlay-opacity":"","overlay-gradient":""}}},"product_brand":[],"product_cat":[28],"product_tag":[],"class_list":{"0":"post-1262","1":"product","2":"type-product","3":"status-publish","4":"has-post-thumbnail","6":"product_cat-polycarboxylic-antiscalant-and-dispersant","7":"desktop-align-left","8":"tablet-align-left","9":"mobile-align-left","10":"ast-product-gallery-layout-horizontal-slider","11":"ast-product-gallery-with-no-image","12":"ast-product-tabs-layout-horizontal","14":"first","15":"instock","16":"shipping-taxable","17":"product-type-simple"},"yoast_head":"<!-- This site is optimized with the Yoast SEO Premium plugin v26.3 (Yoast SEO v27.5) - https:\/\/yoast.com\/product\/yoast-seo-premium-wordpress\/ -->\n<title>WT-908 Ceramic Dispersant - vcycletech<\/title>\n<meta name=\"description\" content=\"Get reliable water treatment results with WT-908 Ceramic Dispersant! Our effective chemicals are the solution to your needs.\" \/>\n<meta name=\"robots\" content=\"index, follow, max-snippet:-1, max-image-preview:large, max-video-preview:-1\" \/>\n<link rel=\"canonical\" href=\"https:\/\/vcycletech.com\/fr\/produit\/ceramique-dispersant-kr-908\/\" \/>\n<meta property=\"og:locale\" content=\"fr_FR\" \/>\n<meta property=\"og:type\" content=\"article\" \/>\n<meta property=\"og:title\" content=\"WT-908 Ceramic Dispersant\" \/>\n<meta property=\"og:description\" content=\"Get reliable water treatment results with WT-908 Ceramic Dispersant! Our effective chemicals are the solution to your needs.\" \/>\n<meta property=\"og:url\" content=\"https:\/\/vcycletech.com\/fr\/produit\/ceramique-dispersant-kr-908\/\" \/>\n<meta property=\"og:site_name\" content=\"vcycletech\" \/>\n<meta property=\"article:modified_time\" content=\"2023-03-27T04:29:37+00:00\" \/>\n<meta property=\"og:image\" content=\"https:\/\/vcycletech.com\/wp-content\/uploads\/2023\/03\/1-110.png\" \/>\n\t<meta property=\"og:image:width\" content=\"600\" \/>\n\t<meta property=\"og:image:height\" content=\"600\" \/>\n\t<meta property=\"og:image:type\" content=\"image\/png\" \/>\n<meta name=\"twitter:card\" content=\"summary_large_image\" \/>\n<meta name=\"twitter:label1\" content=\"Dur\u00e9e de lecture estim\u00e9e\" \/>\n\t<meta name=\"twitter:data1\" content=\"5 minutes\" \/>\n<script type=\"application\/ld+json\" class=\"yoast-schema-graph\">{\"@context\":\"https:\\\/\\\/schema.org\",\"@graph\":[{\"@type\":\"WebPage\",\"@id\":\"https:\\\/\\\/vcycletech.com\\\/product\\\/wt-908-ceramic-dispersant\\\/\",\"url\":\"https:\\\/\\\/vcycletech.com\\\/product\\\/wt-908-ceramic-dispersant\\\/\",\"name\":\"WT-908 Ceramic Dispersant - vcycletech\",\"isPartOf\":{\"@id\":\"https:\\\/\\\/vcycletech.com\\\/#website\"},\"primaryImageOfPage\":{\"@id\":\"https:\\\/\\\/vcycletech.com\\\/product\\\/wt-908-ceramic-dispersant\\\/#primaryimage\"},\"image\":{\"@id\":\"https:\\\/\\\/vcycletech.com\\\/product\\\/wt-908-ceramic-dispersant\\\/#primaryimage\"},\"thumbnailUrl\":\"https:\\\/\\\/vcycletech.com\\\/wp-content\\\/uploads\\\/2023\\\/03\\\/1-110.png\",\"datePublished\":\"2023-03-21T12:38:46+00:00\",\"dateModified\":\"2023-03-27T04:29:37+00:00\",\"description\":\"Get reliable water treatment results with WT-908 Ceramic Dispersant! Our effective chemicals are the solution to your needs.\",\"breadcrumb\":{\"@id\":\"https:\\\/\\\/vcycletech.com\\\/product\\\/wt-908-ceramic-dispersant\\\/#breadcrumb\"},\"inLanguage\":\"fr-FR\",\"potentialAction\":[{\"@type\":\"ReadAction\",\"target\":[\"https:\\\/\\\/vcycletech.com\\\/product\\\/wt-908-ceramic-dispersant\\\/\"]}]},{\"@type\":\"ImageObject\",\"inLanguage\":\"fr-FR\",\"@id\":\"https:\\\/\\\/vcycletech.com\\\/product\\\/wt-908-ceramic-dispersant\\\/#primaryimage\",\"url\":\"https:\\\/\\\/vcycletech.com\\\/wp-content\\\/uploads\\\/2023\\\/03\\\/1-110.png\",\"contentUrl\":\"https:\\\/\\\/vcycletech.com\\\/wp-content\\\/uploads\\\/2023\\\/03\\\/1-110.png\",\"width\":600,\"height\":600,\"caption\":\"WT-908 Ceramic Dispersant\"},{\"@type\":\"BreadcrumbList\",\"@id\":\"https:\\\/\\\/vcycletech.com\\\/product\\\/wt-908-ceramic-dispersant\\\/#breadcrumb\",\"itemListElement\":[{\"@type\":\"ListItem\",\"position\":1,\"name\":\"Home\",\"item\":\"https:\\\/\\\/vcycletech.com\\\/\"},{\"@type\":\"ListItem\",\"position\":2,\"name\":\"Water Treatment Chemicals Manufacturer\",\"item\":\"https:\\\/\\\/vcycletech.com\\\/water-treatment-chemicals-manufacturer\\\/\"},{\"@type\":\"ListItem\",\"position\":3,\"name\":\"WT-908 Ceramic Dispersant\"}]},{\"@type\":\"WebSite\",\"@id\":\"https:\\\/\\\/vcycletech.com\\\/#website\",\"url\":\"https:\\\/\\\/vcycletech.com\\\/\",\"name\":\"vcycletech\",\"description\":\"China&#039;s top water treatment chemicals supplier\",\"publisher\":{\"@id\":\"https:\\\/\\\/vcycletech.com\\\/#organization\"},\"potentialAction\":[{\"@type\":\"SearchAction\",\"target\":{\"@type\":\"EntryPoint\",\"urlTemplate\":\"https:\\\/\\\/vcycletech.com\\\/?s={search_term_string}\"},\"query-input\":{\"@type\":\"PropertyValueSpecification\",\"valueRequired\":true,\"valueName\":\"search_term_string\"}}],\"inLanguage\":\"fr-FR\"},{\"@type\":\"Organization\",\"@id\":\"https:\\\/\\\/vcycletech.com\\\/#organization\",\"name\":\"vcycletech\",\"url\":\"https:\\\/\\\/vcycletech.com\\\/\",\"logo\":{\"@type\":\"ImageObject\",\"inLanguage\":\"fr-FR\",\"@id\":\"https:\\\/\\\/vcycletech.com\\\/#\\\/schema\\\/logo\\\/image\\\/\",\"url\":\"https:\\\/\\\/vcycletech.com\\\/wp-content\\\/uploads\\\/2023\\\/03\\\/logo-vcycletech-1.png\",\"contentUrl\":\"https:\\\/\\\/vcycletech.com\\\/wp-content\\\/uploads\\\/2023\\\/03\\\/logo-vcycletech-1.png\",\"width\":600,\"height\":400,\"caption\":\"vcycletech\"},\"image\":{\"@id\":\"https:\\\/\\\/vcycletech.com\\\/#\\\/schema\\\/logo\\\/image\\\/\"}}]}<\/script>\n<!-- \/ Yoast SEO Premium plugin. -->","yoast_head_json":{"title":"Dispersant c\u00e9ramique WT-908 - vcycletech","description":"Obtenez des r\u00e9sultats de traitement de l&#039;eau fiables avec le dispersant c\u00e9ramique WT-908\u00a0! Nos produits chimiques efficaces sont la solution \u00e0 vos besoins.","robots":{"index":"index","follow":"follow","max-snippet":"max-snippet:-1","max-image-preview":"max-image-preview:large","max-video-preview":"max-video-preview:-1"},"canonical":"https:\/\/vcycletech.com\/fr\/produit\/ceramique-dispersant-kr-908\/","og_locale":"fr_FR","og_type":"article","og_title":"WT-908 Ceramic Dispersant","og_description":"Get reliable water treatment results with WT-908 Ceramic Dispersant! Our effective chemicals are the solution to your needs.","og_url":"https:\/\/vcycletech.com\/fr\/produit\/ceramique-dispersant-kr-908\/","og_site_name":"vcycletech","article_modified_time":"2023-03-27T04:29:37+00:00","og_image":[{"width":600,"height":600,"url":"https:\/\/vcycletech.com\/wp-content\/uploads\/2023\/03\/1-110.png","type":"image\/png"}],"twitter_card":"summary_large_image","twitter_misc":{"Dur\u00e9e de lecture estim\u00e9e":"5 minutes"},"schema":{"@context":"https:\/\/schema.org","@graph":[{"@type":"WebPage","@id":"https:\/\/vcycletech.com\/product\/wt-908-ceramic-dispersant\/","url":"https:\/\/vcycletech.com\/product\/wt-908-ceramic-dispersant\/","name":"Dispersant c\u00e9ramique WT-908 - vcycletech","isPartOf":{"@id":"https:\/\/vcycletech.com\/#website"},"primaryImageOfPage":{"@id":"https:\/\/vcycletech.com\/product\/wt-908-ceramic-dispersant\/#primaryimage"},"image":{"@id":"https:\/\/vcycletech.com\/product\/wt-908-ceramic-dispersant\/#primaryimage"},"thumbnailUrl":"https:\/\/vcycletech.com\/wp-content\/uploads\/2023\/03\/1-110.png","datePublished":"2023-03-21T12:38:46+00:00","dateModified":"2023-03-27T04:29:37+00:00","description":"Obtenez des r\u00e9sultats de traitement de l&#039;eau fiables avec le dispersant c\u00e9ramique WT-908\u00a0! Nos produits chimiques efficaces sont la solution \u00e0 vos besoins.","breadcrumb":{"@id":"https:\/\/vcycletech.com\/product\/wt-908-ceramic-dispersant\/#breadcrumb"},"inLanguage":"fr-FR","potentialAction":[{"@type":"ReadAction","target":["https:\/\/vcycletech.com\/product\/wt-908-ceramic-dispersant\/"]}]},{"@type":"ImageObject","inLanguage":"fr-FR","@id":"https:\/\/vcycletech.com\/product\/wt-908-ceramic-dispersant\/#primaryimage","url":"https:\/\/vcycletech.com\/wp-content\/uploads\/2023\/03\/1-110.png","contentUrl":"https:\/\/vcycletech.com\/wp-content\/uploads\/2023\/03\/1-110.png","width":600,"height":600,"caption":"WT-908 Ceramic Dispersant"},{"@type":"BreadcrumbList","@id":"https:\/\/vcycletech.com\/product\/wt-908-ceramic-dispersant\/#breadcrumb","itemListElement":[{"@type":"ListItem","position":1,"name":"Home","item":"https:\/\/vcycletech.com\/"},{"@type":"ListItem","position":2,"name":"Water Treatment Chemicals Manufacturer","item":"https:\/\/vcycletech.com\/water-treatment-chemicals-manufacturer\/"},{"@type":"ListItem","position":3,"name":"WT-908 Ceramic Dispersant"}]},{"@type":"WebSite","@id":"https:\/\/vcycletech.com\/#website","url":"https:\/\/vcycletech.com\/","name":"vcycletech","description":"Meilleur fournisseur de produits chimiques pour le traitement de l&#039;eau en Chine","publisher":{"@id":"https:\/\/vcycletech.com\/#organization"},"potentialAction":[{"@type":"SearchAction","target":{"@type":"EntryPoint","urlTemplate":"https:\/\/vcycletech.com\/?s={search_term_string}"},"query-input":{"@type":"PropertyValueSpecification","valueRequired":true,"valueName":"search_term_string"}}],"inLanguage":"fr-FR"},{"@type":"Organization","@id":"https:\/\/vcycletech.com\/#organization","name":"vcycletech","url":"https:\/\/vcycletech.com\/","logo":{"@type":"ImageObject","inLanguage":"fr-FR","@id":"https:\/\/vcycletech.com\/#\/schema\/logo\/image\/","url":"https:\/\/vcycletech.com\/wp-content\/uploads\/2023\/03\/logo-vcycletech-1.png","contentUrl":"https:\/\/vcycletech.com\/wp-content\/uploads\/2023\/03\/logo-vcycletech-1.png","width":600,"height":400,"caption":"vcycletech"},"image":{"@id":"https:\/\/vcycletech.com\/#\/schema\/logo\/image\/"}}]}},"_links":{"self":[{"href":"https:\/\/vcycletech.com\/fr\/wp-json\/wp\/v2\/product\/1262","targetHints":{"allow":["GET"]}}],"collection":[{"href":"https:\/\/vcycletech.com\/fr\/wp-json\/wp\/v2\/product"}],"about":[{"href":"https:\/\/vcycletech.com\/fr\/wp-json\/wp\/v2\/types\/product"}],"wp:featuredmedia":[{"embeddable":true,"href":"https:\/\/vcycletech.com\/fr\/wp-json\/wp\/v2\/media\/2831"}],"wp:attachment":[{"href":"https:\/\/vcycletech.com\/fr\/wp-json\/wp\/v2\/media?parent=1262"}],"wp:term":[{"taxonomy":"product_brand","embeddable":true,"href":"https:\/\/vcycletech.com\/fr\/wp-json\/wp\/v2\/product_brand?post=1262"},{"taxonomy":"product_cat","embeddable":true,"href":"https:\/\/vcycletech.com\/fr\/wp-json\/wp\/v2\/product_cat?post=1262"},{"taxonomy":"product_tag","embeddable":true,"href":"https:\/\/vcycletech.com\/fr\/wp-json\/wp\/v2\/product_tag?post=1262"}],"curies":[{"name":"wp","href":"https:\/\/api.w.org\/{rel}","templated":true}]}}