{"id":1256,"date":"2023-03-21T12:53:43","date_gmt":"2023-03-21T12:53:43","guid":{"rendered":"https:\/\/vcycletech.com\/?post_type=product&#038;p=1256"},"modified":"2023-03-21T12:54:30","modified_gmt":"2023-03-21T12:54:30","slug":"3-methoxypropylaminemopa","status":"publish","type":"product","link":"https:\/\/vcycletech.com\/fr\/produit\/3-methoxypropylaminemopa\/","title":{"rendered":"3-m\u00e9thoxypropylamine (MOPA)"},"content":{"rendered":"<h3>N\u00b0 CAS 5332-73-0<\/h3>\n<h3>Formule mol\u00e9culaire : C4H11NO<\/h3>\n<h3>Poids mol\u00e9culaire\u00a0: 89,14<\/h3>\n<h3>Sp\u00e9cification:<\/h3>\n<div id=\"footable_parent_1259\"\n         class=\"footable_parent ninja_table_wrapper loading_ninja_table wp_table_data_press_parent semantic_ui\">\n                <table data-ninja_table_instance=\"ninja_table_instance_0\" data-footable_id=\"1259\" data-filter-delay=\"1000\" aria-label=\"3-M\u00e9thoxypropylamine(MOPA).csv\"            id=\"footable_1259\"\n           data-unique_identifier=\"ninja_table_unique_id_4150736873_1259\"\n           class=\"foo-table ninja_footable foo_table_1259 ninja_table_unique_id_4150736873_1259 ui table  nt_type_legacy_table selectable striped vertical_centered  footable-paging-right ninja_table_pro\">\n                <colgroup>\n                            <col class=\"ninja_column_0\">\n                            <col class=\"ninja_column_1\">\n                    <\/colgroup>\n        <thead>\n<tr class=\"footable-header\">\n                                        <th scope=\"col\"  class=\"ninja_column_0 ninja_clmn_nm_items\">Articles<\/th><th scope=\"col\"  class=\"ninja_column_1 ninja_clmn_nm_index\">Indice<\/th><\/tr>\n<\/thead>\n<tbody>\n\n        <tr data-row_id=\"311\" class=\"ninja_table_row_0 nt_row_id_311\">\n            <td>Apparence<\/td><td>Liquide transparent incolore<\/td>        <\/tr>\n            <tr data-row_id=\"312\" class=\"ninja_table_row_1 nt_row_id_312\">\n            <td>Puret\u00e9, %<\/td><td>99,5 minutes<\/td>        <\/tr>\n            <tr data-row_id=\"313\" class=\"ninja_table_row_2 nt_row_id_313\">\n            <td>Couleur (APHA)<\/td><td>30,0 maximum<\/td>        <\/tr>\n            <tr data-row_id=\"314\" class=\"ninja_table_row_3 nt_row_id_314\">\n            <td>Humidit\u00e9, %<\/td><td>0,3 maximum<\/td>        <\/tr>\n    <\/tbody><!--ninja_tobody_rendering_done-->\n    <\/table>\n    \n    \n    \n<\/div>\n\n<h3>Propri\u00e9t\u00e9s :<\/h3>\n<p><strong>3-M\u00e9thoxypropylamine (MOPA)<\/strong> est une base solide et un r\u00e9actif efficace adapt\u00e9 \u00e0 une utilisation dans l&#039;industrie du traitement de l&#039;eau. C&#039;est un compos\u00e9 organique avec une alcalinit\u00e9 \u00e9lev\u00e9e, une faible volatilit\u00e9 et une faible biod\u00e9gradabilit\u00e9. De plus, il a une bonne miscibilit\u00e9 dans de nombreux solvants et peut \u00eatre utilis\u00e9 comme tampon de pH. Le MOPA est \u00e9galement connu pour ses excellentes propri\u00e9t\u00e9s d&#039;inhibition de la corrosion, ce qui le rend id\u00e9al pour pr\u00e9venir la corrosion des m\u00e9taux due au contact avec des syst\u00e8mes d&#039;eau agressifs.<\/p>\n<p>Le MOPA est un liquide clair, incolore \u00e0 l\u00e9g\u00e8rement color\u00e9 avec une odeur d&#039;ammoniaque. C&#039;est une amine primaire avec diverses propri\u00e9t\u00e9s et une bonne miscibilit\u00e9 dans l&#039;eau, l&#039;\u00e9thanol, le tolu\u00e8ne, l&#039;ac\u00e9tone, l&#039;hexane et d&#039;autres solvants standard.<\/p>\n<h3>Usage:<\/h3>\n<p>Le MOPA peut \u00eatre utilis\u00e9 pour diverses applications dans l&#039;industrie du traitement de l&#039;eau. C&#039;est une base forte et un r\u00e9actif efficace adapt\u00e9 \u00e0 la synth\u00e8se du colorant dispers\u00e9 60# Blue, des agents antistatiques, des tensioactifs et d&#039;autres produits. En tant qu&#039;inhibiteur de corrosion, le MOPA peut \u00eatre utilis\u00e9 dans les chaudi\u00e8res \u00e0 vapeur pour prot\u00e9ger les sections de condensat de la corrosion acide caus\u00e9e par le dioxyde de carbone.<\/p>\n<p>De plus, il peut \u00e9galement \u00eatre utilis\u00e9 comme agent mouillant, protecteur de c\u00e9r\u00e9ales et catalyseur dans la production de mousse de polyur\u00e9thane et de r\u00e9sine \u00e9poxy. Enfin, c&#039;est un solvant organique avanc\u00e9 avec des utilisations allant des interm\u00e9diaires pharmaceutiques aux agents anticorrosion p\u00e9troliers et aux agents de nettoyage.<\/p>\n<h3>Emballage et stockage\u00a0:<\/h3>\n<p><strong>3-M\u00e9thoxypropylamine (MOPA)<\/strong> peut \u00eatre stock\u00e9 dans des r\u00e9cipients herm\u00e9tiques et herm\u00e9tiques dans un endroit frais et sec. S&#039;il est soumis \u00e0 une longue exposition au soleil ou \u00e0 des temp\u00e9ratures \u00e9lev\u00e9es, il doit \u00eatre stock\u00e9 dans des conteneurs isol\u00e9s. Le MOPA est g\u00e9n\u00e9ralement emball\u00e9 dans des f\u00fbts et doit toujours \u00eatre manipul\u00e9 avec un \u00e9quipement de protection tel que des gants, des lunettes de protection et des masques. Une ventilation appropri\u00e9e doit \u00e9galement \u00eatre utilis\u00e9e pour r\u00e9duire le risque li\u00e9 \u00e0 ses vapeurs. Le MOPA est conditionn\u00e9 en 170 kg\/f\u00fbt.<\/p>\n<h3>FAQ sur la 3-m\u00e9thoxypropylamine (MOPA)\u00a0:<\/h3>\n<p><strong>Qu&#039;est-ce que la 3-m\u00e9thoxypropylamine (MOPA)\u00a0?<\/strong><br \/>\n<strong>3-M\u00e9thoxypropylamine (MOPA)<\/strong> est un compos\u00e9 organique, plus pr\u00e9cis\u00e9ment une amine, utilis\u00e9 comme interm\u00e9diaire dans la synth\u00e8se de produits pharmaceutiques et autres produits chimiques. Il a une vari\u00e9t\u00e9 d&#039;applications industrielles, y compris son utilisation comme produit chimique de traitement de l&#039;eau pour r\u00e9duire la corrosion et la formation de tartre dans les chaudi\u00e8res et les tours de refroidissement. MOPA est \u00e9galement utilis\u00e9 pour contr\u00f4ler les niveaux de pH de certaines solutions pour emp\u00eacher les r\u00e9actions de se produire ou pour am\u00e9liorer leur efficacit\u00e9.<\/p>\n<p><strong>Quels sont les avantages d&#039;utiliser le MOPA pour le traitement de l&#039;eau ?<\/strong><br \/>\nL&#039;utilisation du MOPA pour le traitement de l&#039;eau pr\u00e9sente plusieurs avantages. Il aide \u00e0 r\u00e9duire la corrosion et l&#039;accumulation de tartre dans les chaudi\u00e8res et les tours de refroidissement, ce qui entra\u00eene une efficacit\u00e9 accrue et des \u00e9conomies de co\u00fbts au fil du temps. Le MOPA peut \u00e9galement \u00eatre utilis\u00e9 pour contr\u00f4ler les niveaux de pH afin d&#039;\u00e9viter les r\u00e9actions ind\u00e9sirables ou d&#039;am\u00e9liorer leur efficacit\u00e9. De plus, il s&#039;est av\u00e9r\u00e9 \u00eatre un produit chimique fiable et s\u00fbr pour les syst\u00e8mes de traitement de l&#039;eau en raison de son faible niveau de toxicit\u00e9 et de son impact environnemental minimal.<\/p>\n<p><strong>Comment le MOPA interagit-il avec d&#039;autres produits chimiques de traitement de l&#039;eau ?<\/strong><br \/>\nLorsqu&#039;il est utilis\u00e9 correctement avec un dosage et une surveillance corrects, le MOPA peut \u00eatre utilis\u00e9 efficacement avec d&#039;autres produits chimiques de traitement de l&#039;eau tels que les biocides, les inhibiteurs de tartre, les d\u00e9soxyg\u00e9nants, les tensioactifs, etc. Sa capacit\u00e9 \u00e0 ajuster les niveaux de pH le rend particuli\u00e8rement utile lorsqu&#039;il est combin\u00e9 avec d&#039;autres agents actifs qui pourraient avoir des difficult\u00e9s \u00e0 fonctionner \u00e0 des niveaux de pH extr\u00eames. Il convient de noter, cependant, qu&#039;un m\u00e9lange incorrect ou un dosage incorrect de toute combinaison de produits chimiques peut entra\u00eener des r\u00e9sultats ind\u00e9sirables, tels qu&#039;une diminution des performances ou m\u00eame des conditions dangereuses dans le syst\u00e8me trait\u00e9 avec ces produits.<\/p>\n<p><strong>Y a-t-il des exigences d&#039;entretien lors de l&#039;utilisation de MOPA pour le traitement de l&#039;eau\u00a0?<\/strong><br \/>\nLors de l&#039;utilisation de MOPA pour tout traitement de l&#039;eau, plusieurs exigences d&#039;entretien doivent \u00eatre suivies pour assurer une performance optimale du syst\u00e8me trait\u00e9 avec celui-ci. Ceux-ci incluent des tests r\u00e9guliers de divers param\u00e8tres tels que l&#039;alcalinit\u00e9, la duret\u00e9 calcique ou la teneur en chlore en fonction de l&#039;application\u00a0; surveiller les niveaux de dosage\u00a0; les ajuster en cons\u00e9quence\u00a0; et nettoyez r\u00e9guli\u00e8rement les filtres contamin\u00e9s si n\u00e9cessaire. Un bon entretien comprend \u00e9galement l&#039;inspection p\u00e9riodique des composants de l&#039;\u00e9quipement, tels que les tuyaux ou les pompes, \u00e0 la recherche de signes d&#039;usure ou de dommages susceptibles d&#039;interf\u00e9rer avec le bon fonctionnement au fil du temps s&#039;ils ne sont pas correctement trait\u00e9s imm\u00e9diatement.<\/p>\n<p><strong>Existe-t-il des probl\u00e8mes de s\u00e9curit\u00e9 li\u00e9s \u00e0 l&#039;utilisation de MOPA\u00a0?<\/strong><br \/>\nLorsqu&#039;il est manipul\u00e9 correctement conform\u00e9ment aux directives de s\u00e9curit\u00e9 fournies par le fabricant, il n&#039;y a pas de probl\u00e8mes de s\u00e9curit\u00e9 majeurs li\u00e9s directement \u00e0 l&#039;utilisation du MOPA pour le traitement de l&#039;eau, car il a de faibles niveaux de toxicit\u00e9 et un impact environnemental minimal par rapport aux autres produits chimiques couramment utilis\u00e9s dans cette application. Cependant, tous les travailleurs doivent toujours prendre les pr\u00e9cautions appropri\u00e9es, telles que porter des v\u00eatements de protection lors de la manipulation de toute fa\u00e7on, car certaines personnes pourraient souffrir d&#039;irritation cutan\u00e9e si elles entrent en contact direct avec cette substance, m\u00eame \u00e0 des concentrations insuffisantes en raison de ses propri\u00e9t\u00e9s irritantes potentielles si elle n&#039;est pas manipul\u00e9e. soigneusement pendant les processus d&#039;application, soit par inhalation, soit par ingestion.<\/p>\n<p><a href=\"https:\/\/vcycletech.com\/fr\/un-inhibiteur-de-corrosion\/\"><strong>Obtenez la solution compl\u00e8te d&#039;inhibiteurs de corrosion.<\/strong><\/a><\/p>","protected":false},"excerpt":{"rendered":"<p><strong>3-m\u00e9thoxypropylamine (MOPA)<\/strong> est un liquide incolore avec une odeur d&#039;ammoniaque. Il est miscible \u00e0 l&#039;eau et \u00e0 la plupart des solvants organiques. <strong>3-m\u00e9thoxypropylamine (MOPA)<\/strong> est utilis\u00e9 comme interm\u00e9diaire dans la production de pesticides, de produits pharmaceutiques et d\u2019autres produits chimiques organiques.<\/p>\n<p>Nous sommes l&#039;un des plus grands fournisseurs de<strong> 3-m\u00e9thoxypropylamine (MOPA)<\/strong> en Chine. Notre produit est de haute qualit\u00e9 et \u00e0 prix comp\u00e9titif. Si vous \u00eates int\u00e9ress\u00e9 par nos produits, n&#039;h\u00e9sitez pas \u00e0 nous contacter pour plus d&#039;informations.<\/p>","protected":false},"featured_media":1277,"template":"","meta":{"site-sidebar-layout":"default","site-content-layout":"default","ast-site-content-layout":"default","site-content-style":"default","site-sidebar-style":"default","ast-global-header-display":"","ast-banner-title-visibility":"","ast-main-header-display":"","ast-hfb-above-header-display":"","ast-hfb-below-header-display":"","ast-hfb-mobile-header-display":"","site-post-title":"","ast-breadcrumbs-content":"","ast-featured-img":"","footer-sml-layout":"","ast-disable-related-posts":"","theme-transparent-header-meta":"default","adv-header-id-meta":"","stick-header-meta":"default","header-above-stick-meta":"","header-main-stick-meta":"","header-below-stick-meta":"","astra-migrate-meta-layouts":"default","ast-page-background-enabled":"default","ast-page-background-meta":{"desktop":{"background-color":"","background-image":"","background-repeat":"repeat","background-position":"center center","background-size":"auto","background-attachment":"scroll","background-type":"","background-media":"","overlay-type":"","overlay-color":"","overlay-opacity":"","overlay-gradient":""},"tablet":{"background-color":"","background-image":"","background-repeat":"repeat","background-position":"center center","background-size":"auto","background-attachment":"scroll","background-type":"","background-media":"","overlay-type":"","overlay-color":"","overlay-opacity":"","overlay-gradient":""},"mobile":{"background-color":"","background-image":"","background-repeat":"repeat","background-position":"center center","background-size":"auto","background-attachment":"scroll","background-type":"","background-media":"","overlay-type":"","overlay-color":"","overlay-opacity":"","overlay-gradient":""}},"ast-content-background-meta":{"desktop":{"background-color":"var(--ast-global-color-5)","background-image":"","background-repeat":"repeat","background-position":"center center","background-size":"auto","background-attachment":"scroll","background-type":"","background-media":"","overlay-type":"","overlay-color":"","overlay-opacity":"","overlay-gradient":""},"tablet":{"background-color":"var(--ast-global-color-5)","background-image":"","background-repeat":"repeat","background-position":"center center","background-size":"auto","background-attachment":"scroll","background-type":"","background-media":"","overlay-type":"","overlay-color":"","overlay-opacity":"","overlay-gradient":""},"mobile":{"background-color":"var(--ast-global-color-5)","background-image":"","background-repeat":"repeat","background-position":"center center","background-size":"auto","background-attachment":"scroll","background-type":"","background-media":"","overlay-type":"","overlay-color":"","overlay-opacity":"","overlay-gradient":""}}},"product_brand":[],"product_cat":[30],"product_tag":[],"class_list":{"0":"post-1256","1":"product","2":"type-product","3":"status-publish","4":"has-post-thumbnail","6":"product_cat-corrosion-inhibitors","7":"desktop-align-left","8":"tablet-align-left","9":"mobile-align-left","10":"ast-product-gallery-layout-horizontal-slider","11":"ast-product-tabs-layout-horizontal","13":"first","14":"instock","15":"shipping-taxable","16":"product-type-simple"},"yoast_head":"<!-- This site is optimized with the Yoast SEO Premium plugin v26.3 (Yoast SEO v27.3) - https:\/\/yoast.com\/product\/yoast-seo-premium-wordpress\/ -->\n<title>3-Methoxypropylamine(MOPA) - vcycletech<\/title>\n<meta name=\"description\" content=\"3-Methoxypropylamine (MOPA) is a versatile chemical used in water treatment processes. It is a strong base and efficient reagent ideal for a wide range of applications.\" \/>\n<meta name=\"robots\" content=\"index, follow, max-snippet:-1, max-image-preview:large, max-video-preview:-1\" \/>\n<link rel=\"canonical\" href=\"https:\/\/vcycletech.com\/fr\/produit\/3-methoxypropylaminemopa\/\" \/>\n<meta property=\"og:locale\" content=\"fr_FR\" \/>\n<meta property=\"og:type\" content=\"article\" \/>\n<meta property=\"og:title\" content=\"3-Methoxypropylamine(MOPA)\" \/>\n<meta property=\"og:description\" content=\"3-Methoxypropylamine (MOPA) is a versatile chemical used in water treatment processes. It is a strong base and efficient reagent ideal for a wide range of applications.\" \/>\n<meta property=\"og:url\" content=\"https:\/\/vcycletech.com\/fr\/produit\/3-methoxypropylaminemopa\/\" \/>\n<meta property=\"og:site_name\" content=\"vcycletech\" \/>\n<meta property=\"article:modified_time\" content=\"2023-03-21T12:54:30+00:00\" \/>\n<meta property=\"og:image\" content=\"https:\/\/vcycletech.com\/wp-content\/uploads\/2023\/03\/1-54.png\" \/>\n\t<meta property=\"og:image:width\" content=\"600\" \/>\n\t<meta property=\"og:image:height\" content=\"600\" \/>\n\t<meta property=\"og:image:type\" content=\"image\/png\" \/>\n<meta name=\"twitter:card\" content=\"summary_large_image\" \/>\n<meta name=\"twitter:label1\" content=\"Dur\u00e9e de lecture estim\u00e9e\" \/>\n\t<meta name=\"twitter:data1\" content=\"4 minutes\" \/>\n<script type=\"application\/ld+json\" class=\"yoast-schema-graph\">{\"@context\":\"https:\\\/\\\/schema.org\",\"@graph\":[{\"@type\":\"WebPage\",\"@id\":\"https:\\\/\\\/vcycletech.com\\\/product\\\/3-methoxypropylaminemopa\\\/\",\"url\":\"https:\\\/\\\/vcycletech.com\\\/product\\\/3-methoxypropylaminemopa\\\/\",\"name\":\"3-Methoxypropylamine(MOPA) - vcycletech\",\"isPartOf\":{\"@id\":\"https:\\\/\\\/vcycletech.com\\\/#website\"},\"primaryImageOfPage\":{\"@id\":\"https:\\\/\\\/vcycletech.com\\\/product\\\/3-methoxypropylaminemopa\\\/#primaryimage\"},\"image\":{\"@id\":\"https:\\\/\\\/vcycletech.com\\\/product\\\/3-methoxypropylaminemopa\\\/#primaryimage\"},\"thumbnailUrl\":\"https:\\\/\\\/vcycletech.com\\\/wp-content\\\/uploads\\\/2023\\\/03\\\/1-54.png\",\"datePublished\":\"2023-03-21T12:53:43+00:00\",\"dateModified\":\"2023-03-21T12:54:30+00:00\",\"description\":\"3-Methoxypropylamine (MOPA) is a versatile chemical used in water treatment processes. It is a strong base and efficient reagent ideal for a wide range of applications.\",\"breadcrumb\":{\"@id\":\"https:\\\/\\\/vcycletech.com\\\/product\\\/3-methoxypropylaminemopa\\\/#breadcrumb\"},\"inLanguage\":\"fr-FR\",\"potentialAction\":[{\"@type\":\"ReadAction\",\"target\":[\"https:\\\/\\\/vcycletech.com\\\/product\\\/3-methoxypropylaminemopa\\\/\"]}]},{\"@type\":\"ImageObject\",\"inLanguage\":\"fr-FR\",\"@id\":\"https:\\\/\\\/vcycletech.com\\\/product\\\/3-methoxypropylaminemopa\\\/#primaryimage\",\"url\":\"https:\\\/\\\/vcycletech.com\\\/wp-content\\\/uploads\\\/2023\\\/03\\\/1-54.png\",\"contentUrl\":\"https:\\\/\\\/vcycletech.com\\\/wp-content\\\/uploads\\\/2023\\\/03\\\/1-54.png\",\"width\":600,\"height\":600,\"caption\":\"3-Methoxypropylamine(MOPA)\"},{\"@type\":\"BreadcrumbList\",\"@id\":\"https:\\\/\\\/vcycletech.com\\\/product\\\/3-methoxypropylaminemopa\\\/#breadcrumb\",\"itemListElement\":[{\"@type\":\"ListItem\",\"position\":1,\"name\":\"Home\",\"item\":\"https:\\\/\\\/vcycletech.com\\\/\"},{\"@type\":\"ListItem\",\"position\":2,\"name\":\"Water Treatment Chemicals Manufacturer\",\"item\":\"https:\\\/\\\/vcycletech.com\\\/water-treatment-chemicals-manufacturer\\\/\"},{\"@type\":\"ListItem\",\"position\":3,\"name\":\"3-Methoxypropylamine(MOPA)\"}]},{\"@type\":\"WebSite\",\"@id\":\"https:\\\/\\\/vcycletech.com\\\/#website\",\"url\":\"https:\\\/\\\/vcycletech.com\\\/\",\"name\":\"vcycletech\",\"description\":\"China&#039;s top water treatment chemicals supplier\",\"publisher\":{\"@id\":\"https:\\\/\\\/vcycletech.com\\\/#organization\"},\"potentialAction\":[{\"@type\":\"SearchAction\",\"target\":{\"@type\":\"EntryPoint\",\"urlTemplate\":\"https:\\\/\\\/vcycletech.com\\\/?s={search_term_string}\"},\"query-input\":{\"@type\":\"PropertyValueSpecification\",\"valueRequired\":true,\"valueName\":\"search_term_string\"}}],\"inLanguage\":\"fr-FR\"},{\"@type\":\"Organization\",\"@id\":\"https:\\\/\\\/vcycletech.com\\\/#organization\",\"name\":\"vcycletech\",\"url\":\"https:\\\/\\\/vcycletech.com\\\/\",\"logo\":{\"@type\":\"ImageObject\",\"inLanguage\":\"fr-FR\",\"@id\":\"https:\\\/\\\/vcycletech.com\\\/#\\\/schema\\\/logo\\\/image\\\/\",\"url\":\"https:\\\/\\\/vcycletech.com\\\/wp-content\\\/uploads\\\/2023\\\/03\\\/logo-vcycletech-1.png\",\"contentUrl\":\"https:\\\/\\\/vcycletech.com\\\/wp-content\\\/uploads\\\/2023\\\/03\\\/logo-vcycletech-1.png\",\"width\":600,\"height\":400,\"caption\":\"vcycletech\"},\"image\":{\"@id\":\"https:\\\/\\\/vcycletech.com\\\/#\\\/schema\\\/logo\\\/image\\\/\"}}]}<\/script>\n<!-- \/ Yoast SEO Premium plugin. -->","yoast_head_json":{"title":"3-M\u00e9thoxypropylamine (MOPA) - vcycletech","description":"La 3-m\u00e9thoxypropylamine (MOPA) est un produit chimique polyvalent utilis\u00e9 dans les proc\u00e9d\u00e9s de traitement de l&#039;eau. C&#039;est une base solide et un r\u00e9actif efficace id\u00e9al pour une large gamme d&#039;applications.","robots":{"index":"index","follow":"follow","max-snippet":"max-snippet:-1","max-image-preview":"max-image-preview:large","max-video-preview":"max-video-preview:-1"},"canonical":"https:\/\/vcycletech.com\/fr\/produit\/3-methoxypropylaminemopa\/","og_locale":"fr_FR","og_type":"article","og_title":"3-Methoxypropylamine(MOPA)","og_description":"3-Methoxypropylamine (MOPA) is a versatile chemical used in water treatment processes. It is a strong base and efficient reagent ideal for a wide range of applications.","og_url":"https:\/\/vcycletech.com\/fr\/produit\/3-methoxypropylaminemopa\/","og_site_name":"vcycletech","article_modified_time":"2023-03-21T12:54:30+00:00","og_image":[{"width":600,"height":600,"url":"https:\/\/vcycletech.com\/wp-content\/uploads\/2023\/03\/1-54.png","type":"image\/png"}],"twitter_card":"summary_large_image","twitter_misc":{"Dur\u00e9e de lecture estim\u00e9e":"4 minutes"},"schema":{"@context":"https:\/\/schema.org","@graph":[{"@type":"WebPage","@id":"https:\/\/vcycletech.com\/product\/3-methoxypropylaminemopa\/","url":"https:\/\/vcycletech.com\/product\/3-methoxypropylaminemopa\/","name":"3-M\u00e9thoxypropylamine (MOPA) - vcycletech","isPartOf":{"@id":"https:\/\/vcycletech.com\/#website"},"primaryImageOfPage":{"@id":"https:\/\/vcycletech.com\/product\/3-methoxypropylaminemopa\/#primaryimage"},"image":{"@id":"https:\/\/vcycletech.com\/product\/3-methoxypropylaminemopa\/#primaryimage"},"thumbnailUrl":"https:\/\/vcycletech.com\/wp-content\/uploads\/2023\/03\/1-54.png","datePublished":"2023-03-21T12:53:43+00:00","dateModified":"2023-03-21T12:54:30+00:00","description":"La 3-m\u00e9thoxypropylamine (MOPA) est un produit chimique polyvalent utilis\u00e9 dans les proc\u00e9d\u00e9s de traitement de l&#039;eau. C&#039;est une base solide et un r\u00e9actif efficace id\u00e9al pour une large gamme d&#039;applications.","breadcrumb":{"@id":"https:\/\/vcycletech.com\/product\/3-methoxypropylaminemopa\/#breadcrumb"},"inLanguage":"fr-FR","potentialAction":[{"@type":"ReadAction","target":["https:\/\/vcycletech.com\/product\/3-methoxypropylaminemopa\/"]}]},{"@type":"ImageObject","inLanguage":"fr-FR","@id":"https:\/\/vcycletech.com\/product\/3-methoxypropylaminemopa\/#primaryimage","url":"https:\/\/vcycletech.com\/wp-content\/uploads\/2023\/03\/1-54.png","contentUrl":"https:\/\/vcycletech.com\/wp-content\/uploads\/2023\/03\/1-54.png","width":600,"height":600,"caption":"3-Methoxypropylamine(MOPA)"},{"@type":"BreadcrumbList","@id":"https:\/\/vcycletech.com\/product\/3-methoxypropylaminemopa\/#breadcrumb","itemListElement":[{"@type":"ListItem","position":1,"name":"Home","item":"https:\/\/vcycletech.com\/"},{"@type":"ListItem","position":2,"name":"Water Treatment Chemicals Manufacturer","item":"https:\/\/vcycletech.com\/water-treatment-chemicals-manufacturer\/"},{"@type":"ListItem","position":3,"name":"3-Methoxypropylamine(MOPA)"}]},{"@type":"WebSite","@id":"https:\/\/vcycletech.com\/#website","url":"https:\/\/vcycletech.com\/","name":"vcycletech","description":"Meilleur fournisseur de produits chimiques pour le traitement de l&#039;eau en Chine","publisher":{"@id":"https:\/\/vcycletech.com\/#organization"},"potentialAction":[{"@type":"SearchAction","target":{"@type":"EntryPoint","urlTemplate":"https:\/\/vcycletech.com\/?s={search_term_string}"},"query-input":{"@type":"PropertyValueSpecification","valueRequired":true,"valueName":"search_term_string"}}],"inLanguage":"fr-FR"},{"@type":"Organization","@id":"https:\/\/vcycletech.com\/#organization","name":"vcycletech","url":"https:\/\/vcycletech.com\/","logo":{"@type":"ImageObject","inLanguage":"fr-FR","@id":"https:\/\/vcycletech.com\/#\/schema\/logo\/image\/","url":"https:\/\/vcycletech.com\/wp-content\/uploads\/2023\/03\/logo-vcycletech-1.png","contentUrl":"https:\/\/vcycletech.com\/wp-content\/uploads\/2023\/03\/logo-vcycletech-1.png","width":600,"height":400,"caption":"vcycletech"},"image":{"@id":"https:\/\/vcycletech.com\/#\/schema\/logo\/image\/"}}]}},"_links":{"self":[{"href":"https:\/\/vcycletech.com\/fr\/wp-json\/wp\/v2\/product\/1256","targetHints":{"allow":["GET"]}}],"collection":[{"href":"https:\/\/vcycletech.com\/fr\/wp-json\/wp\/v2\/product"}],"about":[{"href":"https:\/\/vcycletech.com\/fr\/wp-json\/wp\/v2\/types\/product"}],"wp:featuredmedia":[{"embeddable":true,"href":"https:\/\/vcycletech.com\/fr\/wp-json\/wp\/v2\/media\/1277"}],"wp:attachment":[{"href":"https:\/\/vcycletech.com\/fr\/wp-json\/wp\/v2\/media?parent=1256"}],"wp:term":[{"taxonomy":"product_brand","embeddable":true,"href":"https:\/\/vcycletech.com\/fr\/wp-json\/wp\/v2\/product_brand?post=1256"},{"taxonomy":"product_cat","embeddable":true,"href":"https:\/\/vcycletech.com\/fr\/wp-json\/wp\/v2\/product_cat?post=1256"},{"taxonomy":"product_tag","embeddable":true,"href":"https:\/\/vcycletech.com\/fr\/wp-json\/wp\/v2\/product_tag?post=1256"}],"curies":[{"name":"wp","href":"https:\/\/api.w.org\/{rel}","templated":true}]}}