{"id":1249,"date":"2023-03-21T12:20:20","date_gmt":"2023-03-21T12:20:20","guid":{"rendered":"https:\/\/vcycletech.com\/?post_type=product&#038;p=1249"},"modified":"2023-03-27T04:55:14","modified_gmt":"2023-03-27T04:55:14","slug":"reducteur-deaukr-904-dispersant-aqueux","status":"publish","type":"product","link":"https:\/\/vcycletech.com\/fr\/produit\/reducteur-deaukr-904-dispersant-aqueux\/","title":{"rendered":"WT-904 Dispersant aqueux"},"content":{"rendered":"<h3>Propri\u00e9t\u00e9s:<\/h3>\n<p><strong>WT-904 Dispersant aqueux<\/strong> est un dispersant polym\u00e8re anionique qui assure la r\u00e9pulsion statique pour aider \u00e0 pr\u00e9venir la s\u00e9dimentation et le retour en arri\u00e8re grossier. Il est peu moussant, s\u00fbr \u00e0 utiliser, non corrosif et non dangereux.<\/p>\n<p><strong>WT-904 Dispersant aqueux<\/strong> convient comme agent ch\u00e9latant dans le rev\u00eatement de papier, le rev\u00eatement de construction, le retardateur de b\u00e9ton, les r\u00e9ducteurs d&#039;eau, les tissus et la teinture. Ses performances correspondent \u00e0 celles du SN-5040. Lorsqu&#039;il est ajout\u00e9 \u00e0 la suspension pendant les processus de broyage du bolus alba, du carbonate de chaux, de l&#039;argile de poterie, du pigment de titane, de la craie fran\u00e7aise, du sulfate de baryum ou de la suspension charbon-eau, il peut r\u00e9duire consid\u00e9rablement la viscosit\u00e9 tout en offrant une meilleure dispersion de la suspension pour des r\u00e9sultats stables.<\/p>\n<h3>Sp\u00e9cification:<\/h3>\n<div id=\"footable_parent_1251\"\n         class=\"footable_parent ninja_table_wrapper loading_ninja_table wp_table_data_press_parent semantic_ui\">\n                <table data-ninja_table_instance=\"ninja_table_instance_0\" data-footable_id=\"1251\" data-filter-delay=\"1000\" aria-label=\"KR-904 dispersant aqueux.csv\"            id=\"footable_1251\"\n           data-unique_identifier=\"ninja_table_unique_id_1905544848_1251\"\n           class=\"foo-table ninja_footable foo_table_1251 ninja_table_unique_id_1905544848_1251 ui table  nt_type_legacy_table selectable striped vertical_centered  footable-paging-right ninja_table_pro\">\n                <colgroup>\n                            <col class=\"ninja_column_0\">\n                            <col class=\"ninja_column_1\">\n                    <\/colgroup>\n        <thead>\n<tr class=\"footable-header\">\n                                        <th scope=\"col\"  class=\"ninja_column_0 ninja_clmn_nm_items\">Articles<\/th><th scope=\"col\"  class=\"ninja_column_1 ninja_clmn_nm_index\">Indice<\/th><\/tr>\n<\/thead>\n<tbody>\n\n        <tr data-row_id=\"306\" class=\"ninja_table_row_0 nt_row_id_306\">\n            <td>Apparence<\/td><td>Liquide visqueux incolore \u00e0 jaune clair<\/td>        <\/tr>\n            <tr data-row_id=\"307\" class=\"ninja_table_row_1 nt_row_id_307\">\n            <td>Contenu solide, %<\/td><td>40,0 minutes<\/td>        <\/tr>\n            <tr data-row_id=\"308\" class=\"ninja_table_row_2 nt_row_id_308\">\n            <td>Valeur pH (solution aqueuse 50%)<\/td><td>8.0~11.0<\/td>        <\/tr>\n            <tr data-row_id=\"309\" class=\"ninja_table_row_3 nt_row_id_309\">\n            <td>Densit\u00e9 (20\u2103), g\/cm3<\/td><td>1.20 mn<\/td>        <\/tr>\n            <tr data-row_id=\"310\" class=\"ninja_table_row_4 nt_row_id_310\">\n            <td>Viscosit\u00e9(25\u2103) mpa.s<\/td><td>50-400<\/td>        <\/tr>\n    <\/tbody><!--ninja_tobody_rendering_done-->\n    <\/table>\n    \n    \n    \n<\/div>\n\n<h3 class=\"text-lg font-bold\">Usage:<\/h3>\n<p class=\"my-0.5\">Le dosage pr\u00e9f\u00e9r\u00e9 de 0,2-2% doit \u00eatre d\u00e9termin\u00e9 par exp\u00e9rimentation pour des r\u00e9sultats optimaux.<\/p>\n<h3 class=\"text-lg font-bold\">Emballage et stockage\u00a0:<\/h3>\n<p class=\"my-0.5\">Selon les exigences du client, le produit est conditionn\u00e9 dans des f\u00fbts en plastique de 200L ou des conteneurs IBC (1000L). Il doit \u00eatre stock\u00e9 dans un endroit frais et sec jusqu&#039;\u00e0 dix mois.<\/p>\n<h3>Guide complet\u00a0:<\/h3>\n<p><strong>WT-904 Dispersant aqueux<\/strong> est un r\u00e9ducteur d&#039;eau pour les produits chimiques de traitement de l&#039;eau, offrant des performances sup\u00e9rieures dans diverses applications. Il s&#039;agit d&#039;un dispersant polym\u00e8re anionique qui emp\u00eache la s\u00e9dimentation et le refoulement grossier en assurant une r\u00e9pulsion statique. Il est non corrosif, peu moussant et s\u00fbr \u00e0 utiliser. Il a \u00e9t\u00e9 prouv\u00e9 qu&#039;il surpasse le SN-5040 dans le rev\u00eatement de papier, le rev\u00eatement de construction, le retardateur de b\u00e9ton, les r\u00e9ducteurs d&#039;eau, les tissus et la teinture.<\/p>\n<h5>La fonction du WT-904 en tant que r\u00e9ducteur d&#039;eau<\/h5>\n<p>Le WT-904 r\u00e9duit la viscosit\u00e9 des boues pendant les processus de broyage tout en am\u00e9liorant la dispersion des boues. Cela garantit des r\u00e9sultats stables lorsqu&#039;il est utilis\u00e9 avec bolus alba, carbonate de chaux, argile de poterie, pigment de titane, craie fran\u00e7aise, sulfate de baryum ou boue de charbon et d&#039;eau. Sa fonction d&#039;agent ch\u00e9lateur contribue \u00e9galement \u00e0 am\u00e9liorer les applications de couchage du papier et d&#039;autres utilisations industrielles.<\/p>\n<h5>Principe d&#039;action<\/h5>\n<p>Le principe derri\u00e8re la capacit\u00e9 du WT-904 \u00e0 r\u00e9duire la viscosit\u00e9 r\u00e9side dans sa structure de dispersant polym\u00e8re anionique ; il emp\u00eache la s\u00e9dimentation et le retour grossier en maintenant la r\u00e9pulsion statique entre les particules. Cela r\u00e9duit l&#039;\u00e9paisseur globale de la bouillie tout en offrant des propri\u00e9t\u00e9s de dispersion am\u00e9lior\u00e9es.<\/p>\n<h5>Champs d&#039;application<\/h5>\n<p>Le WT-904 peut \u00eatre utilis\u00e9 dans les applications de rev\u00eatement de papier telles que les peintures et les rev\u00eatements pour les b\u00e2timents ou les retardateurs de b\u00e9ton. Il convient \u00e9galement pour une utilisation dans les processus de tissage et de teinture et avec les syst\u00e8mes de suspension charbon-eau en raison de ses performances sup\u00e9rieures par rapport au SN5040. En outre, il peut \u00e9galement \u00eatre utilis\u00e9 avec le bolus alba, le carbonate de chaux, l&#039;argile de poterie, le pigment de titane, la craie fran\u00e7aise et les suspensions de sulfate de baryum pour r\u00e9duire leur viscosit\u00e9 tout en offrant des caract\u00e9ristiques de dispersion am\u00e9lior\u00e9es.<\/p>\n<h5>Pr\u00e9cautions d&#039;emploi<\/h5>\n<p>Lors de l&#039;utilisation du WT 904, il est essentiel de s&#039;assurer que les pr\u00e9cautions de s\u00e9curit\u00e9 appropri\u00e9es sont prises, y compris le port de v\u00eatements de protection tels que des gants ou des respirateurs si n\u00e9cessaire lors de la manipulation de ce produit \u00e0 proximit\u00e9 de fum\u00e9es ou de vapeurs d&#039;autres produits chimiques qui peuvent \u00eatre pr\u00e9sents sur son site d&#039;application. De plus, il faut toujours lire les \u00e9tiquettes du produit avant d&#039;utiliser ce produit afin de comprendre comment le manipuler au mieux en toute s\u00e9curit\u00e9 afin d&#039;\u00e9viter tout danger potentiel associ\u00e9 \u00e0 son utilisation.<\/p>\n<h3>FAQ\u00a0:<\/h3>\n<p><strong>Q1\u00a0: Qu&#039;est-ce que le WT-904\u00a0?<\/strong><br \/>\nLe WT-904 est un dispersant polym\u00e8re anionique con\u00e7u pour \u00eatre utilis\u00e9 dans les produits chimiques de traitement de l&#039;eau qui assure la r\u00e9pulsion statique entre les particules, ce qui aide finalement \u00e0 pr\u00e9venir la s\u00e9dimentation et le retour grossier qui peuvent causer des perturbations importantes pendant les op\u00e9rations de traitement li\u00e9es au rev\u00eatement de papier, au rev\u00eatement de b\u00e2timent, au retardateur de b\u00e9ton, \u00e0 la teinture, etc.<\/p>\n<p><strong>Q2 : Quels sont les avantages du WT-904 par rapport au SN 5040 ?<\/strong><br \/>\nIl a \u00e9t\u00e9 prouv\u00e9 que le WT 904 surpasse le SN 5040 lorsqu&#039;il est utilis\u00e9 dans des processus de teinture ou de tissage de retardateur de b\u00e9ton rev\u00eatu de papier enduit de construction en raison de sa capacit\u00e9 sup\u00e9rieure \u00e0 fournir des propri\u00e9t\u00e9s de dispersion am\u00e9lior\u00e9es tout en r\u00e9duisant les niveaux de viscosit\u00e9 globaux.<\/p>\n<p><strong>Q3\u00a0: Comment fonctionne le WT-904\u00a0?<\/strong><br \/>\nLe principe de la capacit\u00e9 du WT-9 04 \u00e0 r\u00e9duire la viscosit\u00e9 r\u00e9side dans sa structure de dispersant polym\u00e8re anionique ; il maintient la r\u00e9pulsion statique entre les particules, r\u00e9duisant les niveaux de viscosit\u00e9 globale tout en offrant des caract\u00e9ristiques de dispersion am\u00e9lior\u00e9es.<\/p>\n<p><strong>Q4\u00a0: Quelles industries pourraient b\u00e9n\u00e9ficier de l&#039;utilisation de ce produit\u00a0?<\/strong><br \/>\nDe nombreuses industries diff\u00e9rentes pourraient b\u00e9n\u00e9ficier de l&#039;utilisation du WT-904\u00a0; ceux-ci incluent, mais sans s&#039;y limiter, les rev\u00eatements de papier, les rev\u00eatements de construction, les retardateurs de b\u00e9ton, le tissage, la teinture, les boues charbon-eau, etc\u2026.\u2026<\/p>\n<p><strong>Q5\u00a0: Ce produit est-il accompagn\u00e9 de mesures de s\u00e9curit\u00e9\u00a0?<\/strong><br \/>\nLors de la manipulation de ce produit, vous devez toujours prendre les pr\u00e9cautions de s\u00e9curit\u00e9 appropri\u00e9es, y compris le port de v\u00eatements de protection tels que des gants ou des respirateurs si n\u00e9cessaire lors de la manipulation de ce produit \u00e0 proximit\u00e9 de fum\u00e9es ou de vapeurs d&#039;autres produits chimiques pr\u00e9sents sur son site d&#039;application. De plus, il faut toujours lire les \u00e9tiquettes du produit avant d&#039;utiliser ce produit pour comprendre comment le manipuler en toute s\u00e9curit\u00e9 et \u00e9viter tout danger potentiel associ\u00e9 \u00e0 son utilisation.<\/p>\n<p><strong>Q6\u00a0: Existe-t-il des donn\u00e9es sur son efficacit\u00e9 lorsqu&#039;il est utilis\u00e9 sur diff\u00e9rents substrats\u00a0?<\/strong><br \/>\nIl existe diverses \u00e9tudes disponibles o\u00f9 des donn\u00e9es ont \u00e9t\u00e9 recueillies concernant l&#039;efficacit\u00e9 du WT-904 lorsqu&#039;il est utilis\u00e9 sur des substrats tels que bolus alba carbonate de chaux poterie argile pigment de titane craie fran\u00e7aise et boues de sulfate de baryum montrant son efficacit\u00e9 par rapport \u00e0 d&#039;autres produits, comme SN 5040 .<\/p>\n<p><a href=\"https:\/\/vcycletech.com\/fr\/categorie-de-produit\/antitartre-et-dispersant-polycarboxylique\/\">Obtenez la solution compl\u00e8te antitartre et dispersant polycarboxylique.<\/a><\/p>","protected":false},"excerpt":{"rendered":"<p><strong>WT-904 Dispersant aqueux<\/strong> sont essentiels pour les produits chimiques de traitement de l&#039;eau, car ils r\u00e9duisent la quantit\u00e9 d&#039;eau n\u00e9cessaire dans un m\u00e9lange de b\u00e9ton tout en maintenant sa r\u00e9sistance et sa maniabilit\u00e9. Les r\u00e9ducteurs d&#039;eau sont des produits chimiques sp\u00e9ciaux ajout\u00e9s \u00e0 un m\u00e9lange de b\u00e9ton avant qu&#039;il ne soit coul\u00e9. Ils peuvent r\u00e9duire la demande en eau de 5-10% et se r\u00e9partissent en deux grandes cat\u00e9gories : cationique et anionique. Les r\u00e9sines \u00e9changeuses de cations (CER) r\u00e9duisent efficacement les PFAS dans l&#039;eau potable. Dans le m\u00eame temps, les lignosulfonates, les acides hydroxycarboxyliques, les polym\u00e8res hydroxyl\u00e9s et les sels de m\u00e9lamine sont tous des types couramment utilis\u00e9s d&#039;adjuvants r\u00e9ducteurs d&#039;eau. Les agents r\u00e9ducteurs d&#039;eau \u00e0 base d&#039;acide polycarboxylique ont de bonnes propri\u00e9t\u00e9s globales et offrent une bonne perspective. Les prix de ces produits chimiques varient selon le type et la quantit\u00e9 achet\u00e9e.<\/p>","protected":false},"featured_media":2833,"template":"","meta":{"site-sidebar-layout":"default","site-content-layout":"default","ast-site-content-layout":"default","site-content-style":"default","site-sidebar-style":"default","ast-global-header-display":"","ast-banner-title-visibility":"","ast-main-header-display":"","ast-hfb-above-header-display":"","ast-hfb-below-header-display":"","ast-hfb-mobile-header-display":"","site-post-title":"","ast-breadcrumbs-content":"","ast-featured-img":"","footer-sml-layout":"","ast-disable-related-posts":"","theme-transparent-header-meta":"default","adv-header-id-meta":"","stick-header-meta":"default","header-above-stick-meta":"","header-main-stick-meta":"","header-below-stick-meta":"","astra-migrate-meta-layouts":"default","ast-page-background-enabled":"default","ast-page-background-meta":{"desktop":{"background-color":"","background-image":"","background-repeat":"repeat","background-position":"center center","background-size":"auto","background-attachment":"scroll","background-type":"","background-media":"","overlay-type":"","overlay-color":"","overlay-opacity":"","overlay-gradient":""},"tablet":{"background-color":"","background-image":"","background-repeat":"repeat","background-position":"center center","background-size":"auto","background-attachment":"scroll","background-type":"","background-media":"","overlay-type":"","overlay-color":"","overlay-opacity":"","overlay-gradient":""},"mobile":{"background-color":"","background-image":"","background-repeat":"repeat","background-position":"center center","background-size":"auto","background-attachment":"scroll","background-type":"","background-media":"","overlay-type":"","overlay-color":"","overlay-opacity":"","overlay-gradient":""}},"ast-content-background-meta":{"desktop":{"background-color":"var(--ast-global-color-5)","background-image":"","background-repeat":"repeat","background-position":"center center","background-size":"auto","background-attachment":"scroll","background-type":"","background-media":"","overlay-type":"","overlay-color":"","overlay-opacity":"","overlay-gradient":""},"tablet":{"background-color":"var(--ast-global-color-5)","background-image":"","background-repeat":"repeat","background-position":"center center","background-size":"auto","background-attachment":"scroll","background-type":"","background-media":"","overlay-type":"","overlay-color":"","overlay-opacity":"","overlay-gradient":""},"mobile":{"background-color":"var(--ast-global-color-5)","background-image":"","background-repeat":"repeat","background-position":"center center","background-size":"auto","background-attachment":"scroll","background-type":"","background-media":"","overlay-type":"","overlay-color":"","overlay-opacity":"","overlay-gradient":""}}},"product_brand":[],"product_cat":[28],"product_tag":[],"class_list":{"0":"post-1249","1":"product","2":"type-product","3":"status-publish","4":"has-post-thumbnail","6":"product_cat-polycarboxylic-antiscalant-and-dispersant","7":"desktop-align-left","8":"tablet-align-left","9":"mobile-align-left","10":"ast-product-gallery-layout-horizontal-slider","11":"ast-product-gallery-with-no-image","12":"ast-product-tabs-layout-horizontal","14":"first","15":"instock","16":"shipping-taxable","17":"product-type-simple"},"yoast_head":"<!-- This site is optimized with the Yoast SEO Premium plugin v26.3 (Yoast SEO v27.5) - https:\/\/yoast.com\/product\/yoast-seo-premium-wordpress\/ -->\n<title>WT-904 Aqueous Dispersant - vcycletech<\/title>\n<meta name=\"description\" content=\"Get the lowest prices on water treatment chemicals with Water Reducer,WT-904 Aqueous Dispersant! Make sure to keep your home safe and clean with quality products.\" \/>\n<meta name=\"robots\" content=\"index, follow, max-snippet:-1, max-image-preview:large, max-video-preview:-1\" \/>\n<link rel=\"canonical\" href=\"https:\/\/vcycletech.com\/fr\/produit\/reducteur-deaukr-904-dispersant-aqueux\/\" \/>\n<meta property=\"og:locale\" content=\"fr_FR\" \/>\n<meta property=\"og:type\" content=\"article\" \/>\n<meta property=\"og:title\" content=\"WT-904 Aqueous Dispersant\" \/>\n<meta property=\"og:description\" content=\"Get the lowest prices on water treatment chemicals with Water Reducer,WT-904 Aqueous Dispersant! Make sure to keep your home safe and clean with quality products.\" \/>\n<meta property=\"og:url\" content=\"https:\/\/vcycletech.com\/fr\/produit\/reducteur-deaukr-904-dispersant-aqueux\/\" \/>\n<meta property=\"og:site_name\" content=\"vcycletech\" \/>\n<meta property=\"article:modified_time\" content=\"2023-03-27T04:55:14+00:00\" \/>\n<meta property=\"og:image\" content=\"https:\/\/vcycletech.com\/wp-content\/uploads\/2023\/03\/\u672a\u547d\u540d\u7684\u8bbe\u8ba1-2-23.png\" \/>\n\t<meta property=\"og:image:width\" content=\"600\" \/>\n\t<meta property=\"og:image:height\" content=\"600\" \/>\n\t<meta property=\"og:image:type\" content=\"image\/png\" \/>\n<meta name=\"twitter:card\" content=\"summary_large_image\" \/>\n<meta name=\"twitter:label1\" content=\"Dur\u00e9e de lecture estim\u00e9e\" \/>\n\t<meta name=\"twitter:data1\" content=\"4 minutes\" \/>\n<script type=\"application\/ld+json\" class=\"yoast-schema-graph\">{\"@context\":\"https:\\\/\\\/schema.org\",\"@graph\":[{\"@type\":\"WebPage\",\"@id\":\"https:\\\/\\\/vcycletech.com\\\/product\\\/wt-904-aqueous-dispersant\\\/\",\"url\":\"https:\\\/\\\/vcycletech.com\\\/product\\\/wt-904-aqueous-dispersant\\\/\",\"name\":\"WT-904 Aqueous Dispersant - vcycletech\",\"isPartOf\":{\"@id\":\"https:\\\/\\\/vcycletech.com\\\/#website\"},\"primaryImageOfPage\":{\"@id\":\"https:\\\/\\\/vcycletech.com\\\/product\\\/wt-904-aqueous-dispersant\\\/#primaryimage\"},\"image\":{\"@id\":\"https:\\\/\\\/vcycletech.com\\\/product\\\/wt-904-aqueous-dispersant\\\/#primaryimage\"},\"thumbnailUrl\":\"https:\\\/\\\/vcycletech.com\\\/wp-content\\\/uploads\\\/2023\\\/03\\\/\u672a\u547d\u540d\u7684\u8bbe\u8ba1-2-23.png\",\"datePublished\":\"2023-03-21T12:20:20+00:00\",\"dateModified\":\"2023-03-27T04:55:14+00:00\",\"description\":\"Get the lowest prices on water treatment chemicals with Water Reducer,WT-904 Aqueous Dispersant! Make sure to keep your home safe and clean with quality products.\",\"breadcrumb\":{\"@id\":\"https:\\\/\\\/vcycletech.com\\\/product\\\/wt-904-aqueous-dispersant\\\/#breadcrumb\"},\"inLanguage\":\"fr-FR\",\"potentialAction\":[{\"@type\":\"ReadAction\",\"target\":[\"https:\\\/\\\/vcycletech.com\\\/product\\\/wt-904-aqueous-dispersant\\\/\"]}]},{\"@type\":\"ImageObject\",\"inLanguage\":\"fr-FR\",\"@id\":\"https:\\\/\\\/vcycletech.com\\\/product\\\/wt-904-aqueous-dispersant\\\/#primaryimage\",\"url\":\"https:\\\/\\\/vcycletech.com\\\/wp-content\\\/uploads\\\/2023\\\/03\\\/\u672a\u547d\u540d\u7684\u8bbe\u8ba1-2-23.png\",\"contentUrl\":\"https:\\\/\\\/vcycletech.com\\\/wp-content\\\/uploads\\\/2023\\\/03\\\/\u672a\u547d\u540d\u7684\u8bbe\u8ba1-2-23.png\",\"width\":600,\"height\":600,\"caption\":\"WT-904 Aqueous Dispersant\"},{\"@type\":\"BreadcrumbList\",\"@id\":\"https:\\\/\\\/vcycletech.com\\\/product\\\/wt-904-aqueous-dispersant\\\/#breadcrumb\",\"itemListElement\":[{\"@type\":\"ListItem\",\"position\":1,\"name\":\"Home\",\"item\":\"https:\\\/\\\/vcycletech.com\\\/\"},{\"@type\":\"ListItem\",\"position\":2,\"name\":\"Water Treatment Chemicals Manufacturer\",\"item\":\"https:\\\/\\\/vcycletech.com\\\/water-treatment-chemicals-manufacturer\\\/\"},{\"@type\":\"ListItem\",\"position\":3,\"name\":\"WT-904 Aqueous Dispersant\"}]},{\"@type\":\"WebSite\",\"@id\":\"https:\\\/\\\/vcycletech.com\\\/#website\",\"url\":\"https:\\\/\\\/vcycletech.com\\\/\",\"name\":\"vcycletech\",\"description\":\"China&#039;s top water treatment chemicals supplier\",\"publisher\":{\"@id\":\"https:\\\/\\\/vcycletech.com\\\/#organization\"},\"potentialAction\":[{\"@type\":\"SearchAction\",\"target\":{\"@type\":\"EntryPoint\",\"urlTemplate\":\"https:\\\/\\\/vcycletech.com\\\/?s={search_term_string}\"},\"query-input\":{\"@type\":\"PropertyValueSpecification\",\"valueRequired\":true,\"valueName\":\"search_term_string\"}}],\"inLanguage\":\"fr-FR\"},{\"@type\":\"Organization\",\"@id\":\"https:\\\/\\\/vcycletech.com\\\/#organization\",\"name\":\"vcycletech\",\"url\":\"https:\\\/\\\/vcycletech.com\\\/\",\"logo\":{\"@type\":\"ImageObject\",\"inLanguage\":\"fr-FR\",\"@id\":\"https:\\\/\\\/vcycletech.com\\\/#\\\/schema\\\/logo\\\/image\\\/\",\"url\":\"https:\\\/\\\/vcycletech.com\\\/wp-content\\\/uploads\\\/2023\\\/03\\\/logo-vcycletech-1.png\",\"contentUrl\":\"https:\\\/\\\/vcycletech.com\\\/wp-content\\\/uploads\\\/2023\\\/03\\\/logo-vcycletech-1.png\",\"width\":600,\"height\":400,\"caption\":\"vcycletech\"},\"image\":{\"@id\":\"https:\\\/\\\/vcycletech.com\\\/#\\\/schema\\\/logo\\\/image\\\/\"}}]}<\/script>\n<!-- \/ Yoast SEO Premium plugin. -->","yoast_head_json":{"title":"Dispersant aqueux WT-904 - vcycletech","description":"Obtenez les prix les plus bas sur les produits chimiques de traitement de l&#039;eau avec le r\u00e9ducteur d&#039;eau, le dispersant aqueux WT-904\u00a0! Assurez-vous de garder votre maison propre et s\u00e9curitaire avec des produits de qualit\u00e9.","robots":{"index":"index","follow":"follow","max-snippet":"max-snippet:-1","max-image-preview":"max-image-preview:large","max-video-preview":"max-video-preview:-1"},"canonical":"https:\/\/vcycletech.com\/fr\/produit\/reducteur-deaukr-904-dispersant-aqueux\/","og_locale":"fr_FR","og_type":"article","og_title":"WT-904 Aqueous Dispersant","og_description":"Get the lowest prices on water treatment chemicals with Water Reducer,WT-904 Aqueous Dispersant! Make sure to keep your home safe and clean with quality products.","og_url":"https:\/\/vcycletech.com\/fr\/produit\/reducteur-deaukr-904-dispersant-aqueux\/","og_site_name":"vcycletech","article_modified_time":"2023-03-27T04:55:14+00:00","og_image":[{"width":600,"height":600,"url":"https:\/\/vcycletech.com\/wp-content\/uploads\/2023\/03\/\u672a\u547d\u540d\u7684\u8bbe\u8ba1-2-23.png","type":"image\/png"}],"twitter_card":"summary_large_image","twitter_misc":{"Dur\u00e9e de lecture estim\u00e9e":"4 minutes"},"schema":{"@context":"https:\/\/schema.org","@graph":[{"@type":"WebPage","@id":"https:\/\/vcycletech.com\/product\/wt-904-aqueous-dispersant\/","url":"https:\/\/vcycletech.com\/product\/wt-904-aqueous-dispersant\/","name":"Dispersant aqueux WT-904 - vcycletech","isPartOf":{"@id":"https:\/\/vcycletech.com\/#website"},"primaryImageOfPage":{"@id":"https:\/\/vcycletech.com\/product\/wt-904-aqueous-dispersant\/#primaryimage"},"image":{"@id":"https:\/\/vcycletech.com\/product\/wt-904-aqueous-dispersant\/#primaryimage"},"thumbnailUrl":"https:\/\/vcycletech.com\/wp-content\/uploads\/2023\/03\/\u672a\u547d\u540d\u7684\u8bbe\u8ba1-2-23.png","datePublished":"2023-03-21T12:20:20+00:00","dateModified":"2023-03-27T04:55:14+00:00","description":"Obtenez les prix les plus bas sur les produits chimiques de traitement de l&#039;eau avec le r\u00e9ducteur d&#039;eau, le dispersant aqueux WT-904\u00a0! Assurez-vous de garder votre maison propre et s\u00e9curitaire avec des produits de qualit\u00e9.","breadcrumb":{"@id":"https:\/\/vcycletech.com\/product\/wt-904-aqueous-dispersant\/#breadcrumb"},"inLanguage":"fr-FR","potentialAction":[{"@type":"ReadAction","target":["https:\/\/vcycletech.com\/product\/wt-904-aqueous-dispersant\/"]}]},{"@type":"ImageObject","inLanguage":"fr-FR","@id":"https:\/\/vcycletech.com\/product\/wt-904-aqueous-dispersant\/#primaryimage","url":"https:\/\/vcycletech.com\/wp-content\/uploads\/2023\/03\/\u672a\u547d\u540d\u7684\u8bbe\u8ba1-2-23.png","contentUrl":"https:\/\/vcycletech.com\/wp-content\/uploads\/2023\/03\/\u672a\u547d\u540d\u7684\u8bbe\u8ba1-2-23.png","width":600,"height":600,"caption":"WT-904 Aqueous Dispersant"},{"@type":"BreadcrumbList","@id":"https:\/\/vcycletech.com\/product\/wt-904-aqueous-dispersant\/#breadcrumb","itemListElement":[{"@type":"ListItem","position":1,"name":"Home","item":"https:\/\/vcycletech.com\/"},{"@type":"ListItem","position":2,"name":"Water Treatment Chemicals Manufacturer","item":"https:\/\/vcycletech.com\/water-treatment-chemicals-manufacturer\/"},{"@type":"ListItem","position":3,"name":"WT-904 Aqueous Dispersant"}]},{"@type":"WebSite","@id":"https:\/\/vcycletech.com\/#website","url":"https:\/\/vcycletech.com\/","name":"vcycletech","description":"Meilleur fournisseur de produits chimiques pour le traitement de l&#039;eau en Chine","publisher":{"@id":"https:\/\/vcycletech.com\/#organization"},"potentialAction":[{"@type":"SearchAction","target":{"@type":"EntryPoint","urlTemplate":"https:\/\/vcycletech.com\/?s={search_term_string}"},"query-input":{"@type":"PropertyValueSpecification","valueRequired":true,"valueName":"search_term_string"}}],"inLanguage":"fr-FR"},{"@type":"Organization","@id":"https:\/\/vcycletech.com\/#organization","name":"vcycletech","url":"https:\/\/vcycletech.com\/","logo":{"@type":"ImageObject","inLanguage":"fr-FR","@id":"https:\/\/vcycletech.com\/#\/schema\/logo\/image\/","url":"https:\/\/vcycletech.com\/wp-content\/uploads\/2023\/03\/logo-vcycletech-1.png","contentUrl":"https:\/\/vcycletech.com\/wp-content\/uploads\/2023\/03\/logo-vcycletech-1.png","width":600,"height":400,"caption":"vcycletech"},"image":{"@id":"https:\/\/vcycletech.com\/#\/schema\/logo\/image\/"}}]}},"_links":{"self":[{"href":"https:\/\/vcycletech.com\/fr\/wp-json\/wp\/v2\/product\/1249","targetHints":{"allow":["GET"]}}],"collection":[{"href":"https:\/\/vcycletech.com\/fr\/wp-json\/wp\/v2\/product"}],"about":[{"href":"https:\/\/vcycletech.com\/fr\/wp-json\/wp\/v2\/types\/product"}],"wp:featuredmedia":[{"embeddable":true,"href":"https:\/\/vcycletech.com\/fr\/wp-json\/wp\/v2\/media\/2833"}],"wp:attachment":[{"href":"https:\/\/vcycletech.com\/fr\/wp-json\/wp\/v2\/media?parent=1249"}],"wp:term":[{"taxonomy":"product_brand","embeddable":true,"href":"https:\/\/vcycletech.com\/fr\/wp-json\/wp\/v2\/product_brand?post=1249"},{"taxonomy":"product_cat","embeddable":true,"href":"https:\/\/vcycletech.com\/fr\/wp-json\/wp\/v2\/product_cat?post=1249"},{"taxonomy":"product_tag","embeddable":true,"href":"https:\/\/vcycletech.com\/fr\/wp-json\/wp\/v2\/product_tag?post=1249"}],"curies":[{"name":"wp","href":"https:\/\/api.w.org\/{rel}","templated":true}]}}