{"id":1245,"date":"2023-03-21T12:26:24","date_gmt":"2023-03-21T12:26:24","guid":{"rendered":"https:\/\/vcycletech.com\/?post_type=product&#038;p=1245"},"modified":"2023-03-27T04:42:53","modified_gmt":"2023-03-27T04:42:53","slug":"wtasd-200-antitartre-et-dispersant","status":"publish","type":"product","link":"https:\/\/vcycletech.com\/fr\/produit\/wtasd-200-antitartre-et-dispersant\/","title":{"rendered":"Antitartre et dispersant WTASD-200 pour membrane RO"},"content":{"rendered":"<h3 id=\"introduction_2\" class=\"xsj_heading_hash xsj_heading xsj_heading_h2\" data-source-line=\"6\" data-source-line-display=\"true\"><span class=\"xsj_heading_content\">Introduction:<\/span><\/h3>\n<p class=\"xsj_paragraph xsj_paragraph_level_0\" data-source-line=\"7\" data-source-line-display=\"true\"><strong>Antitartre et dispersant WTASD-200 pour membranes RO<\/strong> est une solution chimique de pointe con\u00e7ue pour am\u00e9liorer la qualit\u00e9 de l&#039;eau, r\u00e9duire les d\u00e9penses d&#039;exploitation et prot\u00e9ger contre l&#039;entartrage de la membrane. Cette solution avanc\u00e9e offre une protection in\u00e9gal\u00e9e contre les substances organiques, l&#039;oxyde ferrique, l&#039;oxyde d&#039;aluminium et les oxydes de silice, et de grandes \u00e9conomies sur les co\u00fbts de transport, l&#039;espace de stockage et les produits chimiques gr\u00e2ce \u00e0 sa capacit\u00e9 de concentration 11X. Lisez la suite pour en savoir plus sur les caract\u00e9ristiques et les applications de ce produit unique.<\/p>\n<div class=\"xiaoshujiang_element xsj_anchor\"><a class=\"blank_anchor_name\" name=\"features_3\"><\/a><a id=\"features_3\" class=\"blank_anchor_id\"><\/a><a class=\"blank_anchor_name\" name=\"features\"><\/a><a id=\"features\" class=\"blank_anchor_id\"><\/a><\/div>\n<h3 id=\"features_3\" class=\"xsj_heading_hash xsj_heading xsj_heading_h2\" data-source-line=\"9\" data-source-line-display=\"true\"><span class=\"xsj_heading_content\">Caract\u00e9ristiques:<\/span><\/h3>\n<p class=\"xsj_paragraph xsj_paragraph_level_0\" data-source-line=\"11\" data-source-line-display=\"true\">La caract\u00e9ristique principale de <strong>WTASD-200<\/strong> est qu&#039;il a \u00e9t\u00e9 prouv\u00e9 qu&#039;il inhibe l&#039;entartrage de la membrane tout en am\u00e9liorant la qualit\u00e9 de l&#039;eau. Il offre \u00e9galement une plus grande s\u00e9curit\u00e9 que les produits chimiques traditionnels sur les syst\u00e8mes de membranes d&#039;osmose inverse (OI) - stabilit\u00e9 \u00e0 des temp\u00e9ratures et des niveaux de pH \u00e9lev\u00e9s. De plus, il a une capacit\u00e9 de concentration de 11X qui permet des \u00e9conomies significatives sur les co\u00fbts de transport et l&#039;espace de stockage et \u00e9limine le besoin de grandes quantit\u00e9s de liquide d&#039;origine. Enfin, sa formule unique combat la pollution par diverses substances organiques et l&#039;oxyde ferrique, l&#039;oxyde d&#039;aluminium ou les oxydes de silice, \u00e9vitant ainsi toute floculation avec ces mol\u00e9cules.<\/p>\n<div class=\"xiaoshujiang_element xsj_anchor\"><a class=\"blank_anchor_name\" name=\"applications_4\"><\/a><a id=\"applications_4\" class=\"blank_anchor_id\"><\/a><a class=\"blank_anchor_name\" name=\"applications\"><\/a><a id=\"applications\" class=\"blank_anchor_id\"><\/a><\/div>\n<h3 id=\"applications_4\" class=\"xsj_heading_hash xsj_heading xsj_heading_h2\" data-source-line=\"13\" data-source-line-display=\"true\"><span class=\"xsj_heading_content\">Applications:<\/span><\/h3>\n<p class=\"xsj_paragraph xsj_paragraph_level_0\" data-source-line=\"15\" data-source-line-display=\"true\"><strong>WTASD-200<\/strong> peut \u00eatre utilis\u00e9 dans n&#039;importe quel syst\u00e8me de membrane RO, ce qui le rend id\u00e9al pour les applications industrielles telles que les usines de traitement de l&#039;eau, les centrales \u00e9lectriques, les raffineries de p\u00e9trole et les processus de dessalement. Il peut \u00eatre utilis\u00e9 en combinaison avec d&#039;autres antitartres pour obtenir des performances maximales. En outre, <strong>WTASD-200<\/strong> est efficace sur une large gamme de temp\u00e9ratures et de niveaux de pH, de sorte qu&#039;il peut \u00eatre utilis\u00e9 m\u00eame dans des environnements difficiles sans compromettre l&#039;efficacit\u00e9 ou la s\u00e9curit\u00e9.<\/p>\n<h3>Sp\u00e9cification:<\/h3>\n<div>\n<table>\n<tbody>\n<tr>\n<td width=\"204\">Articles<\/td>\n<td width=\"315\">Solution concentr\u00e9e 11 fois<\/td>\n<\/tr>\n<tr>\n<td width=\"204\">Apparence<\/td>\n<td width=\"315\">Liquide clair et transparent<\/td>\n<\/tr>\n<tr>\n<td width=\"204\">Valeur pH, (solution aqueuse 1%)<\/td>\n<td width=\"315\">2,5\u00b10,5<\/td>\n<\/tr>\n<tr>\n<td width=\"204\">Densit\u00e9 (20\u2103)g\/cm3<\/td>\n<td width=\"315\">1.20\u00b10.05<\/td>\n<\/tr>\n<\/tbody>\n<\/table>\n<\/div>\n<div class=\"xiaoshujiang_element xsj_anchor\"><a class=\"blank_anchor_name\" name=\"faqs_5\"><\/a><a id=\"faqs_5\" class=\"blank_anchor_id\"><\/a><a class=\"blank_anchor_name\" name=\"faqs\"><\/a><a id=\"faqs\" class=\"blank_anchor_id\"><\/a><\/div>\n<h3 id=\"faqs_5\" class=\"xsj_heading_hash xsj_heading xsj_heading_h2\" data-source-line=\"17\" data-source-line-display=\"true\"><span class=\"xsj_heading_content\">FAQ\u00a0:<\/span><\/h3>\n<div class=\"xiaoshujiang_element xsj_anchor\"><a class=\"blank_anchor_name\" name=\"120is20thasd-20020safe_6\"><\/a><a id=\"120is20thasd-20020safe_6\" class=\"blank_anchor_id\"><\/a><a class=\"blank_anchor_name\" name=\"1-is-thasd-200-safe\"><\/a><a id=\"1-is-thasd-200-safe\" class=\"blank_anchor_id\"><\/a><\/div>\n<p id=\"120is20thasd-20020safe_6\" class=\"xsj_heading_hash xsj_heading xsj_heading_h3\" data-source-line=\"19\" data-source-line-display=\"true\"><strong><span class=\"xsj_heading_content\">Q1\u00a0: Le WTASD-200 est-il s\u00fbr\u00a0?<\/span><\/strong><\/p>\n<p class=\"xsj_paragraph xsj_paragraph_level_0\" data-source-line=\"21\" data-source-line-display=\"true\">Le WTASD-200 est beaucoup plus s\u00fbr que les produits chimiques traditionnels sur les membranes RO en raison de sa stabilit\u00e9 \u00e0 des temp\u00e9ratures et \u00e0 des niveaux de pH \u00e9lev\u00e9s. Il ne provoquera pas de floculation lorsqu&#039;il est combin\u00e9 avec d&#039;autres mol\u00e9cules comme l&#039;oxyde ferrique, l&#039;oxyde d&#039;aluminium ou les oxydes de silice.<\/p>\n<div class=\"xiaoshujiang_element xsj_anchor\"><a class=\"blank_anchor_name\" name=\"220what20are20the20benefits20of20using20thasd-200_7\"><\/a><a id=\"220what20are20the20benefits20of20using20thasd-200_7\" class=\"blank_anchor_id\"><\/a><a class=\"blank_anchor_name\" name=\"2-what-are-the-benefits-of-using-thasd-200\"><\/a><a id=\"2-what-are-the-benefits-of-using-thasd-200\" class=\"blank_anchor_id\"><\/a><\/div>\n<p id=\"220what20are20the20benefits20of20using20thasd-200_7\" class=\"xsj_heading_hash xsj_heading xsj_heading_h3\" data-source-line=\"23\" data-source-line-display=\"true\"><strong><span class=\"xsj_heading_content\">Q2\u00a0:\u00a0Quels sont les avantages de l&#039;utilisation du WTASD-200\u00a0?<\/span><\/strong><\/p>\n<p class=\"xsj_paragraph xsj_paragraph_level_0\" data-source-line=\"25\" data-source-line-display=\"true\">Le principal avantage est qu&#039;il r\u00e9duit consid\u00e9rablement les d\u00e9penses d&#039;exploitation en r\u00e9duisant les co\u00fbts de transport et l&#039;espace de stockage gr\u00e2ce \u00e0 sa capacit\u00e9 de concentration 11X. Il am\u00e9liore \u00e9galement la qualit\u00e9 de l&#039;eau tout en inhibant efficacement l&#039;entartrage de la membrane \u00e0 un faible co\u00fbt par rapport aux autres produits disponibles aujourd&#039;hui.<\/p>\n<div class=\"xiaoshujiang_element xsj_anchor\"><a class=\"blank_anchor_name\" name=\"320how20does20thasd-20020work_8\"><\/a><a id=\"320how20does20thasd-20020work_8\" class=\"blank_anchor_id\"><\/a><a class=\"blank_anchor_name\" name=\"3-how-does-thasd-200-work\"><\/a><a id=\"3-how-does-thasd-200-work\" class=\"blank_anchor_id\"><\/a><\/div>\n<p id=\"320how20does20thasd-20020work_8\" class=\"xsj_heading_hash xsj_heading xsj_heading_h3\" data-source-line=\"27\" data-source-line-display=\"true\"><strong><span class=\"xsj_heading_content\">Q3\u00a0:Comment fonctionne le WTASD-200\u00a0?<\/span><\/strong><\/p>\n<p class=\"xsj_paragraph xsj_paragraph_level_0\" data-source-line=\"29\" data-source-line-display=\"true\">WTASD-200 combat la pollution par une large gamme de substances organiques tout en prot\u00e9geant contre l&#039;entartrage de la membrane gr\u00e2ce \u00e0 sa formule chimique unique contenant des composants antitartres et dispersants. Cela garantit l&#039;absence de floculation lorsqu&#039;il est combin\u00e9 avec d&#039;autres mol\u00e9cules comme l&#039;oxyde ferrique, l&#039;oxyde d&#039;aluminium ou les oxydes de silice lors de l&#039;osmose inverse (OI).<\/p>\n<div class=\"xiaoshujiang_element xsj_anchor\"><a class=\"blank_anchor_name\" name=\"420can20i20use20thasd2020020on20all20types20of20ro20membranes20systems_9\"><\/a><a id=\"420can20i20use20thasd2020020on20all20types20of20ro20membranes20systems_9\" class=\"blank_anchor_id\"><\/a><a class=\"blank_anchor_name\" name=\"4-can-i-use-thasd-200-on-all-types-of-ro-membranes-systems\"><\/a><a id=\"4-can-i-use-thasd-200-on-all-types-of-ro-membranes-systems\" class=\"blank_anchor_id\"><\/a><\/div>\n<p id=\"420can20i20use20thasd2020020on20all20types20of20ro20membranes20systems_9\" class=\"xsj_heading_hash xsj_heading xsj_heading_h3\" data-source-line=\"31\" data-source-line-display=\"true\"><strong><span class=\"xsj_heading_content\">Q4\u00a0:Puis-je utiliser WTASD 200 sur tous les syst\u00e8mes de membrane RO\u00a0?<\/span><\/strong><\/p>\n<p class=\"xsj_paragraph xsj_paragraph_level_0\" data-source-line=\"33\" data-source-line-display=\"true\">Oui! Vous pouvez utiliser WTASD 200 sur tout type de syst\u00e8me de membrane RO, y compris, mais sans s&#039;y limiter, les centrales \u00e9lectriques, les raffineries de p\u00e9trole, les processus de dessalement, etc., sans compromettre l&#039;efficacit\u00e9 ou la s\u00e9curit\u00e9 en raison de sa large gamme d&#039;efficacit\u00e9 sur des temp\u00e9ratures et des niveaux de pH variables.<\/p>\n<div class=\"xiaoshujiang_element xsj_anchor\"><a class=\"blank_anchor_name\" name=\"520what20is20the20cost20associated20with20using20thasd20200_10\"><\/a><a id=\"520what20is20the20cost20associated20with20using20thasd20200_10\" class=\"blank_anchor_id\"><\/a><a class=\"blank_anchor_name\" name=\"5-what-is-the-cost-associated-with-using-thasd-200\"><\/a><a id=\"5-what-is-the-cost-associated-with-using-thasd-200\" class=\"blank_anchor_id\"><\/a><\/div>\n<p id=\"520what20is20the20cost20associated20with20using20thasd20200_10\" class=\"xsj_heading_hash xsj_heading xsj_heading_h3\" data-source-line=\"35\" data-source-line-display=\"true\"><strong><span class=\"xsj_heading_content\">Q5\u00a0:Quel est le co\u00fbt associ\u00e9 \u00e0 l&#039;utilisation du WTASD 200\u00a0?<\/span><\/strong><\/p>\n<p class=\"xsj_paragraph xsj_paragraph_level_0\" data-source-line=\"37\" data-source-line-display=\"true\">WTASD 200 offre de grandes \u00e9conomies par rapport aux solutions chimiques traditionnelles gr\u00e2ce \u00e0 sa capacit\u00e9 de concentration 11X, r\u00e9duisant consid\u00e9rablement les co\u00fbts de transport et l&#039;espace de stockage. Pour obtenir des informations pr\u00e9cises sur les prix, veuillez contacter directement notre \u00e9quipe.<\/p>\n<p class=\"xsj_paragraph xsj_paragraph_level_0\" data-source-line=\"39\" data-source-line-display=\"true\"><a class=\"xsj_link xsj_manu_link\" href=\"https:\/\/vcycletech.com\/fr\/biocide-et-algicide\/\">Obtenez la solution compl\u00e8te de produits chimiques d&#039;osmose inverse<\/a>.<\/p>","protected":false},"excerpt":{"rendered":"<p>Si vous recherchez un antitartre et un dispersant dont l&#039;efficacit\u00e9 avec les membranes d&#039;osmose inverse a \u00e9t\u00e9 prouv\u00e9e, ne cherchez pas plus loin que <strong>WTASD-200<\/strong>. Ce produit est con\u00e7u pour am\u00e9liorer la qualit\u00e9 de l&#039;eau tout en r\u00e9duisant l&#039;entartrage et l&#039;encrassement des membranes. Il offre \u00e9galement des \u00e9conomies importantes sur les co\u00fbts de transport et de stockage, ce qui en fait une option plus \u00e9conomique pour les op\u00e9rations \u00e0 grande \u00e9chelle. De plus, la capacit\u00e9 de concentration 11X \u00e9limine le besoin de grandes quantit\u00e9s de liquide d&#039;origine. Donc, si vous cherchez un moyen efficace de lutter contre l&#039;entartrage de la membrane, <strong>WTASD-200<\/strong> est votre meilleur pari.<\/p>","protected":false},"featured_media":1264,"template":"","meta":{"site-sidebar-layout":"default","site-content-layout":"default","ast-site-content-layout":"default","site-content-style":"default","site-sidebar-style":"default","ast-global-header-display":"","ast-banner-title-visibility":"","ast-main-header-display":"","ast-hfb-above-header-display":"","ast-hfb-below-header-display":"","ast-hfb-mobile-header-display":"","site-post-title":"","ast-breadcrumbs-content":"","ast-featured-img":"","footer-sml-layout":"","ast-disable-related-posts":"","theme-transparent-header-meta":"default","adv-header-id-meta":"","stick-header-meta":"default","header-above-stick-meta":"","header-main-stick-meta":"","header-below-stick-meta":"","astra-migrate-meta-layouts":"default","ast-page-background-enabled":"default","ast-page-background-meta":{"desktop":{"background-color":"","background-image":"","background-repeat":"repeat","background-position":"center center","background-size":"auto","background-attachment":"scroll","background-type":"","background-media":"","overlay-type":"","overlay-color":"","overlay-opacity":"","overlay-gradient":""},"tablet":{"background-color":"","background-image":"","background-repeat":"repeat","background-position":"center center","background-size":"auto","background-attachment":"scroll","background-type":"","background-media":"","overlay-type":"","overlay-color":"","overlay-opacity":"","overlay-gradient":""},"mobile":{"background-color":"","background-image":"","background-repeat":"repeat","background-position":"center center","background-size":"auto","background-attachment":"scroll","background-type":"","background-media":"","overlay-type":"","overlay-color":"","overlay-opacity":"","overlay-gradient":""}},"ast-content-background-meta":{"desktop":{"background-color":"var(--ast-global-color-5)","background-image":"","background-repeat":"repeat","background-position":"center center","background-size":"auto","background-attachment":"scroll","background-type":"","background-media":"","overlay-type":"","overlay-color":"","overlay-opacity":"","overlay-gradient":""},"tablet":{"background-color":"var(--ast-global-color-5)","background-image":"","background-repeat":"repeat","background-position":"center center","background-size":"auto","background-attachment":"scroll","background-type":"","background-media":"","overlay-type":"","overlay-color":"","overlay-opacity":"","overlay-gradient":""},"mobile":{"background-color":"var(--ast-global-color-5)","background-image":"","background-repeat":"repeat","background-position":"center center","background-size":"auto","background-attachment":"scroll","background-type":"","background-media":"","overlay-type":"","overlay-color":"","overlay-opacity":"","overlay-gradient":""}}},"product_brand":[],"product_cat":[31],"product_tag":[],"class_list":{"0":"post-1245","1":"product","2":"type-product","3":"status-publish","4":"has-post-thumbnail","6":"product_cat-reverse-osmosis-chemicals","7":"desktop-align-left","8":"tablet-align-left","9":"mobile-align-left","10":"ast-product-gallery-layout-horizontal-slider","11":"ast-product-gallery-with-no-image","12":"ast-product-tabs-layout-horizontal","14":"first","15":"instock","16":"shipping-taxable","17":"product-type-simple"},"yoast_head":"<!-- This site is optimized with the Yoast SEO Premium plugin v26.3 (Yoast SEO v27.5) - https:\/\/yoast.com\/product\/yoast-seo-premium-wordpress\/ -->\n<title>WTASD-200 Antiscalant and Dispersant for RO Membrane - vcycletech<\/title>\n<meta name=\"description\" content=\"Discover the future of effective membrane scaling with WTASD-200 Antiscalant and Dispersant for - the advanced chemical solution that improves water quality, reduces operational expenses and offers 11X concentration capacity. Start saving today!\" \/>\n<meta name=\"robots\" content=\"index, follow, max-snippet:-1, max-image-preview:large, max-video-preview:-1\" \/>\n<link rel=\"canonical\" href=\"https:\/\/vcycletech.com\/fr\/produit\/wtasd-200-antitartre-et-dispersant\/\" \/>\n<meta property=\"og:locale\" content=\"fr_FR\" \/>\n<meta property=\"og:type\" content=\"article\" \/>\n<meta property=\"og:title\" content=\"WTASD-200 Antiscalant and Dispersant for RO Membrane\" \/>\n<meta property=\"og:description\" content=\"Discover the future of effective membrane scaling with WTASD-200 Antiscalant and Dispersant for - the advanced chemical solution that improves water quality, reduces operational expenses and offers 11X concentration capacity. Start saving today!\" \/>\n<meta property=\"og:url\" content=\"https:\/\/vcycletech.com\/fr\/produit\/wtasd-200-antitartre-et-dispersant\/\" \/>\n<meta property=\"og:site_name\" content=\"vcycletech\" \/>\n<meta property=\"article:modified_time\" content=\"2023-03-27T04:42:53+00:00\" \/>\n<meta property=\"og:image\" content=\"https:\/\/vcycletech.com\/wp-content\/uploads\/2023\/03\/WT-0100-4-e1679628272713.png\" \/>\n\t<meta property=\"og:image:width\" content=\"600\" \/>\n\t<meta property=\"og:image:height\" content=\"600\" \/>\n\t<meta property=\"og:image:type\" content=\"image\/png\" \/>\n<meta name=\"twitter:card\" content=\"summary_large_image\" \/>\n<meta name=\"twitter:label1\" content=\"Dur\u00e9e de lecture estim\u00e9e\" \/>\n\t<meta name=\"twitter:data1\" content=\"3 minutes\" \/>\n<script type=\"application\/ld+json\" class=\"yoast-schema-graph\">{\"@context\":\"https:\\\/\\\/schema.org\",\"@graph\":[{\"@type\":\"WebPage\",\"@id\":\"https:\\\/\\\/vcycletech.com\\\/product\\\/wtasd-200-antiscalant-and-dispersant\\\/\",\"url\":\"https:\\\/\\\/vcycletech.com\\\/product\\\/wtasd-200-antiscalant-and-dispersant\\\/\",\"name\":\"WTASD-200 Antiscalant and Dispersant for RO Membrane - vcycletech\",\"isPartOf\":{\"@id\":\"https:\\\/\\\/vcycletech.com\\\/#website\"},\"primaryImageOfPage\":{\"@id\":\"https:\\\/\\\/vcycletech.com\\\/product\\\/wtasd-200-antiscalant-and-dispersant\\\/#primaryimage\"},\"image\":{\"@id\":\"https:\\\/\\\/vcycletech.com\\\/product\\\/wtasd-200-antiscalant-and-dispersant\\\/#primaryimage\"},\"thumbnailUrl\":\"https:\\\/\\\/vcycletech.com\\\/wp-content\\\/uploads\\\/2023\\\/03\\\/WT-0100-4-e1679628272713.png\",\"datePublished\":\"2023-03-21T12:26:24+00:00\",\"dateModified\":\"2023-03-27T04:42:53+00:00\",\"description\":\"Discover the future of effective membrane scaling with WTASD-200 Antiscalant and Dispersant for - the advanced chemical solution that improves water quality, reduces operational expenses and offers 11X concentration capacity. Start saving today!\",\"breadcrumb\":{\"@id\":\"https:\\\/\\\/vcycletech.com\\\/product\\\/wtasd-200-antiscalant-and-dispersant\\\/#breadcrumb\"},\"inLanguage\":\"fr-FR\",\"potentialAction\":[{\"@type\":\"ReadAction\",\"target\":[\"https:\\\/\\\/vcycletech.com\\\/product\\\/wtasd-200-antiscalant-and-dispersant\\\/\"]}]},{\"@type\":\"ImageObject\",\"inLanguage\":\"fr-FR\",\"@id\":\"https:\\\/\\\/vcycletech.com\\\/product\\\/wtasd-200-antiscalant-and-dispersant\\\/#primaryimage\",\"url\":\"https:\\\/\\\/vcycletech.com\\\/wp-content\\\/uploads\\\/2023\\\/03\\\/WT-0100-4-e1679628272713.png\",\"contentUrl\":\"https:\\\/\\\/vcycletech.com\\\/wp-content\\\/uploads\\\/2023\\\/03\\\/WT-0100-4-e1679628272713.png\",\"width\":600,\"height\":600,\"caption\":\"WTASD-200 Antiscalant and Dispersant for RO Membrane\"},{\"@type\":\"BreadcrumbList\",\"@id\":\"https:\\\/\\\/vcycletech.com\\\/product\\\/wtasd-200-antiscalant-and-dispersant\\\/#breadcrumb\",\"itemListElement\":[{\"@type\":\"ListItem\",\"position\":1,\"name\":\"Home\",\"item\":\"https:\\\/\\\/vcycletech.com\\\/\"},{\"@type\":\"ListItem\",\"position\":2,\"name\":\"Water Treatment Chemicals Manufacturer\",\"item\":\"https:\\\/\\\/vcycletech.com\\\/water-treatment-chemicals-manufacturer\\\/\"},{\"@type\":\"ListItem\",\"position\":3,\"name\":\"WTASD-200 Antiscalant and Dispersant for RO Membrane\"}]},{\"@type\":\"WebSite\",\"@id\":\"https:\\\/\\\/vcycletech.com\\\/#website\",\"url\":\"https:\\\/\\\/vcycletech.com\\\/\",\"name\":\"vcycletech\",\"description\":\"China&#039;s top water treatment chemicals supplier\",\"publisher\":{\"@id\":\"https:\\\/\\\/vcycletech.com\\\/#organization\"},\"potentialAction\":[{\"@type\":\"SearchAction\",\"target\":{\"@type\":\"EntryPoint\",\"urlTemplate\":\"https:\\\/\\\/vcycletech.com\\\/?s={search_term_string}\"},\"query-input\":{\"@type\":\"PropertyValueSpecification\",\"valueRequired\":true,\"valueName\":\"search_term_string\"}}],\"inLanguage\":\"fr-FR\"},{\"@type\":\"Organization\",\"@id\":\"https:\\\/\\\/vcycletech.com\\\/#organization\",\"name\":\"vcycletech\",\"url\":\"https:\\\/\\\/vcycletech.com\\\/\",\"logo\":{\"@type\":\"ImageObject\",\"inLanguage\":\"fr-FR\",\"@id\":\"https:\\\/\\\/vcycletech.com\\\/#\\\/schema\\\/logo\\\/image\\\/\",\"url\":\"https:\\\/\\\/vcycletech.com\\\/wp-content\\\/uploads\\\/2023\\\/03\\\/logo-vcycletech-1.png\",\"contentUrl\":\"https:\\\/\\\/vcycletech.com\\\/wp-content\\\/uploads\\\/2023\\\/03\\\/logo-vcycletech-1.png\",\"width\":600,\"height\":400,\"caption\":\"vcycletech\"},\"image\":{\"@id\":\"https:\\\/\\\/vcycletech.com\\\/#\\\/schema\\\/logo\\\/image\\\/\"}}]}<\/script>\n<!-- \/ Yoast SEO Premium plugin. -->","yoast_head_json":{"title":"Antitartre et dispersant WTASD-200 pour membrane RO - vcycletech","description":"D\u00e9couvrez l&#039;avenir du d\u00e9tartrage efficace des membranes avec l&#039;antitartre et le dispersant WTASD-200 pour - la solution chimique avanc\u00e9e qui am\u00e9liore la qualit\u00e9 de l&#039;eau, r\u00e9duit les d\u00e9penses d&#039;exploitation et offre une capacit\u00e9 de concentration 11X. Commencez \u00e0 \u00e9conomiser d\u00e8s aujourd&#039;hui\u00a0!","robots":{"index":"index","follow":"follow","max-snippet":"max-snippet:-1","max-image-preview":"max-image-preview:large","max-video-preview":"max-video-preview:-1"},"canonical":"https:\/\/vcycletech.com\/fr\/produit\/wtasd-200-antitartre-et-dispersant\/","og_locale":"fr_FR","og_type":"article","og_title":"WTASD-200 Antiscalant and Dispersant for RO Membrane","og_description":"Discover the future of effective membrane scaling with WTASD-200 Antiscalant and Dispersant for - the advanced chemical solution that improves water quality, reduces operational expenses and offers 11X concentration capacity. Start saving today!","og_url":"https:\/\/vcycletech.com\/fr\/produit\/wtasd-200-antitartre-et-dispersant\/","og_site_name":"vcycletech","article_modified_time":"2023-03-27T04:42:53+00:00","og_image":[{"width":600,"height":600,"url":"https:\/\/vcycletech.com\/wp-content\/uploads\/2023\/03\/WT-0100-4-e1679628272713.png","type":"image\/png"}],"twitter_card":"summary_large_image","twitter_misc":{"Dur\u00e9e de lecture estim\u00e9e":"3 minutes"},"schema":{"@context":"https:\/\/schema.org","@graph":[{"@type":"WebPage","@id":"https:\/\/vcycletech.com\/product\/wtasd-200-antiscalant-and-dispersant\/","url":"https:\/\/vcycletech.com\/product\/wtasd-200-antiscalant-and-dispersant\/","name":"Antitartre et dispersant WTASD-200 pour membrane RO - vcycletech","isPartOf":{"@id":"https:\/\/vcycletech.com\/#website"},"primaryImageOfPage":{"@id":"https:\/\/vcycletech.com\/product\/wtasd-200-antiscalant-and-dispersant\/#primaryimage"},"image":{"@id":"https:\/\/vcycletech.com\/product\/wtasd-200-antiscalant-and-dispersant\/#primaryimage"},"thumbnailUrl":"https:\/\/vcycletech.com\/wp-content\/uploads\/2023\/03\/WT-0100-4-e1679628272713.png","datePublished":"2023-03-21T12:26:24+00:00","dateModified":"2023-03-27T04:42:53+00:00","description":"D\u00e9couvrez l&#039;avenir du d\u00e9tartrage efficace des membranes avec l&#039;antitartre et le dispersant WTASD-200 pour - la solution chimique avanc\u00e9e qui am\u00e9liore la qualit\u00e9 de l&#039;eau, r\u00e9duit les d\u00e9penses d&#039;exploitation et offre une capacit\u00e9 de concentration 11X. Commencez \u00e0 \u00e9conomiser d\u00e8s aujourd&#039;hui\u00a0!","breadcrumb":{"@id":"https:\/\/vcycletech.com\/product\/wtasd-200-antiscalant-and-dispersant\/#breadcrumb"},"inLanguage":"fr-FR","potentialAction":[{"@type":"ReadAction","target":["https:\/\/vcycletech.com\/product\/wtasd-200-antiscalant-and-dispersant\/"]}]},{"@type":"ImageObject","inLanguage":"fr-FR","@id":"https:\/\/vcycletech.com\/product\/wtasd-200-antiscalant-and-dispersant\/#primaryimage","url":"https:\/\/vcycletech.com\/wp-content\/uploads\/2023\/03\/WT-0100-4-e1679628272713.png","contentUrl":"https:\/\/vcycletech.com\/wp-content\/uploads\/2023\/03\/WT-0100-4-e1679628272713.png","width":600,"height":600,"caption":"WTASD-200 Antiscalant and Dispersant for RO Membrane"},{"@type":"BreadcrumbList","@id":"https:\/\/vcycletech.com\/product\/wtasd-200-antiscalant-and-dispersant\/#breadcrumb","itemListElement":[{"@type":"ListItem","position":1,"name":"Home","item":"https:\/\/vcycletech.com\/"},{"@type":"ListItem","position":2,"name":"Water Treatment Chemicals Manufacturer","item":"https:\/\/vcycletech.com\/water-treatment-chemicals-manufacturer\/"},{"@type":"ListItem","position":3,"name":"WTASD-200 Antiscalant and Dispersant for RO Membrane"}]},{"@type":"WebSite","@id":"https:\/\/vcycletech.com\/#website","url":"https:\/\/vcycletech.com\/","name":"vcycletech","description":"Meilleur fournisseur de produits chimiques pour le traitement de l&#039;eau en Chine","publisher":{"@id":"https:\/\/vcycletech.com\/#organization"},"potentialAction":[{"@type":"SearchAction","target":{"@type":"EntryPoint","urlTemplate":"https:\/\/vcycletech.com\/?s={search_term_string}"},"query-input":{"@type":"PropertyValueSpecification","valueRequired":true,"valueName":"search_term_string"}}],"inLanguage":"fr-FR"},{"@type":"Organization","@id":"https:\/\/vcycletech.com\/#organization","name":"vcycletech","url":"https:\/\/vcycletech.com\/","logo":{"@type":"ImageObject","inLanguage":"fr-FR","@id":"https:\/\/vcycletech.com\/#\/schema\/logo\/image\/","url":"https:\/\/vcycletech.com\/wp-content\/uploads\/2023\/03\/logo-vcycletech-1.png","contentUrl":"https:\/\/vcycletech.com\/wp-content\/uploads\/2023\/03\/logo-vcycletech-1.png","width":600,"height":400,"caption":"vcycletech"},"image":{"@id":"https:\/\/vcycletech.com\/#\/schema\/logo\/image\/"}}]}},"_links":{"self":[{"href":"https:\/\/vcycletech.com\/fr\/wp-json\/wp\/v2\/product\/1245","targetHints":{"allow":["GET"]}}],"collection":[{"href":"https:\/\/vcycletech.com\/fr\/wp-json\/wp\/v2\/product"}],"about":[{"href":"https:\/\/vcycletech.com\/fr\/wp-json\/wp\/v2\/types\/product"}],"wp:featuredmedia":[{"embeddable":true,"href":"https:\/\/vcycletech.com\/fr\/wp-json\/wp\/v2\/media\/1264"}],"wp:attachment":[{"href":"https:\/\/vcycletech.com\/fr\/wp-json\/wp\/v2\/media?parent=1245"}],"wp:term":[{"taxonomy":"product_brand","embeddable":true,"href":"https:\/\/vcycletech.com\/fr\/wp-json\/wp\/v2\/product_brand?post=1245"},{"taxonomy":"product_cat","embeddable":true,"href":"https:\/\/vcycletech.com\/fr\/wp-json\/wp\/v2\/product_cat?post=1245"},{"taxonomy":"product_tag","embeddable":true,"href":"https:\/\/vcycletech.com\/fr\/wp-json\/wp\/v2\/product_tag?post=1245"}],"curies":[{"name":"wp","href":"https:\/\/api.w.org\/{rel}","templated":true}]}}