{"id":1239,"date":"2023-03-21T12:03:34","date_gmt":"2023-03-21T12:03:34","guid":{"rendered":"https:\/\/vcycletech.com\/?post_type=product&#038;p=1239"},"modified":"2023-03-27T05:01:08","modified_gmt":"2023-03-27T05:01:08","slug":"kr-2000-carboxylate-sulfonate-copolymer","status":"publish","type":"product","link":"https:\/\/vcycletech.com\/fr\/produit\/kr-2000-carboxylate-sulfonate-copolymer\/","title":{"rendered":"Copolym\u00e8re carboxylate-sulfonate WT-2000"},"content":{"rendered":"<h3>Propri\u00e9t\u00e9s:<\/h3>\n<p><strong>WT-2000<\/strong> est un copolym\u00e8re d&#039;acrylique-acrylate-sulfosate, qui offre une excellente inhibition du tartre pour le phosphate de calcium, le carbonate de calcium et d&#039;autres min\u00e9raux inorganiques. Il peut stabiliser efficacement le phosphate de calcium dans les formules contenant du phosphate et stabiliser le zinc pour les formulations contenant des composants de zinc. De plus, il peut disperser des microparticules inorganiques sans \u00eatre affect\u00e9 par les changements de pH.<\/p>\n<p><strong>WT-2000<\/strong> est extr\u00eamement utile comme dispersant min\u00e9ral et stabilisant pour le phosphate de calcium dans toutes les formules organiques de traitement de l&#039;eau.<\/p>\n<h3>Sp\u00e9cification:<\/h3>\n<div id=\"footable_parent_1243\"\n         class=\"footable_parent ninja_table_wrapper loading_ninja_table wp_table_data_press_parent semantic_ui\">\n                <table data-ninja_table_instance=\"ninja_table_instance_0\" data-footable_id=\"1243\" data-filter-delay=\"1000\" aria-label=\"KR-2000 Copolym\u00e8re carboxylate-sulfonate.csv\"            id=\"footable_1243\"\n           data-unique_identifier=\"ninja_table_unique_id_4091653572_1243\"\n           class=\"foo-table ninja_footable foo_table_1243 ninja_table_unique_id_4091653572_1243 ui table  nt_type_legacy_table selectable striped vertical_centered  footable-paging-right ninja_table_pro\">\n                <colgroup>\n                            <col class=\"ninja_column_0\">\n                            <col class=\"ninja_column_1\">\n                    <\/colgroup>\n        <thead>\n<tr class=\"footable-header\">\n                                        <th scope=\"col\"  class=\"ninja_column_0 ninja_clmn_nm_items\">Articles<\/th><th scope=\"col\"  class=\"ninja_column_1 ninja_clmn_nm_index\">Indice<\/th><\/tr>\n<\/thead>\n<tbody>\n\n        <tr data-row_id=\"301\" class=\"ninja_table_row_0 nt_row_id_301\">\n            <td>Apparence<\/td><td>Liquide transparent incolore \u00e0 jaune p\u00e2le<\/td>        <\/tr>\n            <tr data-row_id=\"302\" class=\"ninja_table_row_1 nt_row_id_302\">\n            <td>Contenu solide, %<\/td><td>42.0-44.0<\/td>        <\/tr>\n            <tr data-row_id=\"303\" class=\"ninja_table_row_2 nt_row_id_303\">\n            <td>Densit\u00e9 (20\u2103), g\/cm3<\/td><td>1.15min<\/td>        <\/tr>\n            <tr data-row_id=\"304\" class=\"ninja_table_row_3 nt_row_id_304\">\n            <td>pH (tel quel)<\/td><td>3.8-4.6<\/td>        <\/tr>\n            <tr data-row_id=\"305\" class=\"ninja_table_row_4 nt_row_id_305\">\n            <td>Viscosit\u00e9 (25\u2103), mPa\u2022s<\/td><td>300-500<\/td>        <\/tr>\n    <\/tbody><!--ninja_tobody_rendering_done-->\n    <\/table>\n    \n    \n    \n<\/div>\n\n<h3>Usage:<\/h3>\n<p><strong>WT-2000<\/strong> peut \u00eatre utilis\u00e9 comme inhibiteur de tartre dans la circulation d&#039;eau froide et d&#039;eau de chaudi\u00e8re. Lorsqu&#039;il est utilis\u00e9 seul, 10-30mg\/L est le dosage pr\u00e9f\u00e9r\u00e9. Lorsqu&#039;il est utilis\u00e9 dans d&#039;autres domaines, le dosage doit \u00eatre d\u00e9termin\u00e9 par l&#039;exp\u00e9rimentation.<\/p>\n<h3>Emballage et stockage\u00a0:<\/h3>\n<p>L&#039;emballage comprend un f\u00fbt en plastique de 200\u00a0L et un conteneur IBC (1\u00a0000\u00a0L)\u00a0; la personnalisation est \u00e9galement disponible. Le WT-2000 doit \u00eatre stock\u00e9 dans un endroit sec et bien ventil\u00e9 sans lumi\u00e8re du soleil jusqu&#039;\u00e0 dix mois pour assurer une efficacit\u00e9 \u00e0 long terme.<\/p>\n<h3>FAQ\u00a0:<\/h3>\n<p><strong>Q1\u00a0: Qu&#039;est-ce qu&#039;un copolym\u00e8re carboxylate-sulfonate\u00a0?<\/strong><br \/>\nUn copolym\u00e8re carboxylate-sulfonate est un type de polym\u00e8re synth\u00e9tique fabriqu\u00e9 \u00e0 partir d&#039;une combinaison de monom\u00e8res d&#039;acide carboxylique et d&#039;acide sulfonique. Ce type de polym\u00e8re est utilis\u00e9 dans de nombreuses applications industrielles et commerciales, telles que les produits chimiques de traitement de l&#039;eau, les produits chimiques agricoles, les peintures, les d\u00e9tergents, etc.<\/p>\n<p><strong>Q2\u00a0: Quels sont les avantages de l&#039;utilisation du copolym\u00e8re carboxylates-sulfonate WT-2000 pour le traitement de l&#039;eau\u00a0?<\/strong><br \/>\nLe copolym\u00e8re carboxylates-sulfonate WT-2000 offre des performances sup\u00e9rieures pour les applications de traitement de l&#039;eau gr\u00e2ce \u00e0 sa structure mol\u00e9culaire unique. Il pr\u00e9sente d&#039;excellentes caract\u00e9ristiques de solubilit\u00e9, un faible profil de toxicit\u00e9, une grande capacit\u00e9 d&#039;adsorption des ions m\u00e9talliques et autres polluants, une bonne stabilit\u00e9 thermique et une bonne r\u00e9sistance chimique. De plus, ce copolym\u00e8re peut \u00eatre adapt\u00e9 pour r\u00e9pondre aux besoins sp\u00e9cifiques des clients en faisant varier son poids mol\u00e9culaire ou en ajoutant des groupes fonctionnels suppl\u00e9mentaires. Cela en fait un choix id\u00e9al pour les op\u00e9rations de traitement de l&#039;eau.<\/p>\n<p><strong>Q3\u00a0: Quelles sont les diff\u00e9rentes formes sous lesquelles WT-2000 Carboxylates - Sulfonate Copolymer est disponible\u00a0?<\/strong><br \/>\nLe copolym\u00e8re carboxylates-sulfonate WT-2000 peut \u00eatre fourni sous forme solide (granul\u00e9s) ou sous forme de solution, selon les exigences de l&#039;application. La forme de la solution peut en outre varier en fonction du degr\u00e9 de viscosit\u00e9 ou des niveaux de concentration de la solution afin qu&#039;elle soit adapt\u00e9e \u00e0 tout processus de traitement de l&#039;eau donn\u00e9.<\/p>\n<p><strong>Q4\u00a0: Y a-t-il un \u00e9quipement sp\u00e9cial requis pour une utilisation avec les WT -2000 Carboxylates -Copolym\u00e8res de sulfonation\u00a0?<\/strong><br \/>\nBien qu&#039;aucun \u00e9quipement sp\u00e9cial ne soit n\u00e9cessaire lors de l&#039;utilisation des copolym\u00e8res de carboxylates-sulfonation WT 2000, il est important de s&#039;assurer que toutes les conditions du proc\u00e9d\u00e9 sont \u00e9troitement surveill\u00e9es pendant les op\u00e9rations afin d&#039;obtenir des performances maximales du produit. Le contr\u00f4le de la temp\u00e9rature doit \u00e9galement \u00eatre maintenu afin d&#039;assurer des taux de dissolution appropri\u00e9s et des performances optimales du copolym\u00e8re tout au long de son cycle de vie.<\/p>\n<p><strong>Q5\u00a0: Quelles consid\u00e9rations de s\u00e9curit\u00e9 doivent \u00eatre prises lors de l&#039;utilisation de WT -2000 Carboxylates- Sulfonation Copolymers\u00a0?<\/strong><br \/>\nToutes les instructions de s\u00e9curit\u00e9 fournies avec le produit doivent toujours \u00eatre suivies lors de l&#039;utilisation du copolym\u00e8re de carboxylates de sulfonation WT-2000 pour les op\u00e9rations de traitement de l&#039;eau afin d&#039;\u00e9viter tout danger potentiel associ\u00e9 \u00e0 la manipulation de produits chimiques ou \u00e0 l&#039;exposition \u00e0 des mati\u00e8res dangereuses lib\u00e9r\u00e9es pendant les processus de fonctionnement. De plus, des \u00e9quipements de protection tels que des gants et des lunettes doivent toujours \u00eatre port\u00e9s lors de la manipulation de solutions contenant ce copolym\u00e8re afin d&#039;\u00e9viter tout contact avec la peau et de r\u00e9duire les risques potentiels d&#039;inhalation associ\u00e9s aux particules en suspension dans l&#039;air lib\u00e9r\u00e9es lors des activit\u00e9s de traitement.<\/p>\n<p><a href=\"https:\/\/vcycletech.com\/fr\/categorie-de-produit\/antitartre-et-dispersant-polycarboxylique\/\">Obtenez la solution compl\u00e8te antitartre et dispersant polycarboxylique.<\/a><\/p>","protected":false},"excerpt":{"rendered":"<p><strong>Copolym\u00e8re carboxylate-sulfonate WT-2000<\/strong> est un produit chimique de traitement de l&#039;eau qui inhibe le tartre et disperse les particules. C&#039;est un copolym\u00e8re d&#039;acrylique-acrylate-sulfosate, ce qui en fait un inhibiteur efficace du phosphate de calcium, du carbonate de calcium et d&#039;autres min\u00e9raux inorganiques. Il a une bonne inhibition des groupes fonctionnels de silice et de silicate de magn\u00e9sium, d&#039;acide solide (sulfonate) et d&#039;acide faible (carboxylate) qui offrent des propri\u00e9t\u00e9s antitartre\/dispersantes optimales. <strong>WT-2000<\/strong> est \u00e9galement disponible dans le solvant organique, avec US$1,800-2,000 par tonne. Cela en fait un choix id\u00e9al pour les formulateurs industriels \u00e0 la recherche de solutions \u00e9conomiques pour les produits chimiques de traitement de l&#039;eau.<\/p>","protected":false},"featured_media":2826,"template":"","meta":{"site-sidebar-layout":"default","site-content-layout":"default","ast-site-content-layout":"default","site-content-style":"default","site-sidebar-style":"default","ast-global-header-display":"","ast-banner-title-visibility":"","ast-main-header-display":"","ast-hfb-above-header-display":"","ast-hfb-below-header-display":"","ast-hfb-mobile-header-display":"","site-post-title":"","ast-breadcrumbs-content":"","ast-featured-img":"","footer-sml-layout":"","ast-disable-related-posts":"","theme-transparent-header-meta":"default","adv-header-id-meta":"","stick-header-meta":"default","header-above-stick-meta":"","header-main-stick-meta":"","header-below-stick-meta":"","astra-migrate-meta-layouts":"default","ast-page-background-enabled":"default","ast-page-background-meta":{"desktop":{"background-color":"","background-image":"","background-repeat":"repeat","background-position":"center center","background-size":"auto","background-attachment":"scroll","background-type":"","background-media":"","overlay-type":"","overlay-color":"","overlay-opacity":"","overlay-gradient":""},"tablet":{"background-color":"","background-image":"","background-repeat":"repeat","background-position":"center center","background-size":"auto","background-attachment":"scroll","background-type":"","background-media":"","overlay-type":"","overlay-color":"","overlay-opacity":"","overlay-gradient":""},"mobile":{"background-color":"","background-image":"","background-repeat":"repeat","background-position":"center center","background-size":"auto","background-attachment":"scroll","background-type":"","background-media":"","overlay-type":"","overlay-color":"","overlay-opacity":"","overlay-gradient":""}},"ast-content-background-meta":{"desktop":{"background-color":"var(--ast-global-color-5)","background-image":"","background-repeat":"repeat","background-position":"center center","background-size":"auto","background-attachment":"scroll","background-type":"","background-media":"","overlay-type":"","overlay-color":"","overlay-opacity":"","overlay-gradient":""},"tablet":{"background-color":"var(--ast-global-color-5)","background-image":"","background-repeat":"repeat","background-position":"center center","background-size":"auto","background-attachment":"scroll","background-type":"","background-media":"","overlay-type":"","overlay-color":"","overlay-opacity":"","overlay-gradient":""},"mobile":{"background-color":"var(--ast-global-color-5)","background-image":"","background-repeat":"repeat","background-position":"center center","background-size":"auto","background-attachment":"scroll","background-type":"","background-media":"","overlay-type":"","overlay-color":"","overlay-opacity":"","overlay-gradient":""}}},"product_brand":[],"product_cat":[28],"product_tag":[],"class_list":{"0":"post-1239","1":"product","2":"type-product","3":"status-publish","4":"has-post-thumbnail","6":"product_cat-polycarboxylic-antiscalant-and-dispersant","7":"desktop-align-left","8":"tablet-align-left","9":"mobile-align-left","10":"ast-product-gallery-layout-horizontal-slider","11":"ast-product-gallery-with-no-image","12":"ast-product-tabs-layout-horizontal","14":"first","15":"instock","16":"shipping-taxable","17":"product-type-simple"},"yoast_head":"<!-- This site is optimized with the Yoast SEO Premium plugin v26.3 (Yoast SEO v27.5) - https:\/\/yoast.com\/product\/yoast-seo-premium-wordpress\/ -->\n<title>WT-2000 Carboxylate-Sulfonate Copolymer - vcycletech<\/title>\n<meta name=\"description\" content=\"Get the WT-2000 Carboxylate-Sulfonate Copolymer for your water treatment chemicals and achieve amazing results!\" \/>\n<meta name=\"robots\" content=\"index, follow, max-snippet:-1, max-image-preview:large, max-video-preview:-1\" \/>\n<link rel=\"canonical\" href=\"https:\/\/vcycletech.com\/fr\/produit\/kr-2000-carboxylate-sulfonate-copolymer\/\" \/>\n<meta property=\"og:locale\" content=\"fr_FR\" \/>\n<meta property=\"og:type\" content=\"article\" \/>\n<meta property=\"og:title\" content=\"WT-2000 Carboxylate-Sulfonate Copolymer\" \/>\n<meta property=\"og:description\" content=\"Get the WT-2000 Carboxylate-Sulfonate Copolymer for your water treatment chemicals and achieve amazing results!\" \/>\n<meta property=\"og:url\" content=\"https:\/\/vcycletech.com\/fr\/produit\/kr-2000-carboxylate-sulfonate-copolymer\/\" \/>\n<meta property=\"og:site_name\" content=\"vcycletech\" \/>\n<meta property=\"article:modified_time\" content=\"2023-03-27T05:01:08+00:00\" \/>\n<meta property=\"og:image\" content=\"https:\/\/vcycletech.com\/wp-content\/uploads\/2023\/03\/\u672a\u547d\u540d\u7684\u8bbe\u8ba1-1-26.png\" \/>\n\t<meta property=\"og:image:width\" content=\"600\" \/>\n\t<meta property=\"og:image:height\" content=\"600\" \/>\n\t<meta property=\"og:image:type\" content=\"image\/png\" \/>\n<meta name=\"twitter:card\" content=\"summary_large_image\" \/>\n<meta name=\"twitter:label1\" content=\"Dur\u00e9e de lecture estim\u00e9e\" \/>\n\t<meta name=\"twitter:data1\" content=\"3 minutes\" \/>\n<script type=\"application\/ld+json\" class=\"yoast-schema-graph\">{\"@context\":\"https:\\\/\\\/schema.org\",\"@graph\":[{\"@type\":\"WebPage\",\"@id\":\"https:\\\/\\\/vcycletech.com\\\/product\\\/wt-2000-carboxylate-sulfonate-copolymer\\\/\",\"url\":\"https:\\\/\\\/vcycletech.com\\\/product\\\/wt-2000-carboxylate-sulfonate-copolymer\\\/\",\"name\":\"WT-2000 Carboxylate-Sulfonate Copolymer - vcycletech\",\"isPartOf\":{\"@id\":\"https:\\\/\\\/vcycletech.com\\\/#website\"},\"primaryImageOfPage\":{\"@id\":\"https:\\\/\\\/vcycletech.com\\\/product\\\/wt-2000-carboxylate-sulfonate-copolymer\\\/#primaryimage\"},\"image\":{\"@id\":\"https:\\\/\\\/vcycletech.com\\\/product\\\/wt-2000-carboxylate-sulfonate-copolymer\\\/#primaryimage\"},\"thumbnailUrl\":\"https:\\\/\\\/vcycletech.com\\\/wp-content\\\/uploads\\\/2023\\\/03\\\/\u672a\u547d\u540d\u7684\u8bbe\u8ba1-1-26.png\",\"datePublished\":\"2023-03-21T12:03:34+00:00\",\"dateModified\":\"2023-03-27T05:01:08+00:00\",\"description\":\"Get the WT-2000 Carboxylate-Sulfonate Copolymer for your water treatment chemicals and achieve amazing results!\",\"breadcrumb\":{\"@id\":\"https:\\\/\\\/vcycletech.com\\\/product\\\/wt-2000-carboxylate-sulfonate-copolymer\\\/#breadcrumb\"},\"inLanguage\":\"fr-FR\",\"potentialAction\":[{\"@type\":\"ReadAction\",\"target\":[\"https:\\\/\\\/vcycletech.com\\\/product\\\/wt-2000-carboxylate-sulfonate-copolymer\\\/\"]}]},{\"@type\":\"ImageObject\",\"inLanguage\":\"fr-FR\",\"@id\":\"https:\\\/\\\/vcycletech.com\\\/product\\\/wt-2000-carboxylate-sulfonate-copolymer\\\/#primaryimage\",\"url\":\"https:\\\/\\\/vcycletech.com\\\/wp-content\\\/uploads\\\/2023\\\/03\\\/\u672a\u547d\u540d\u7684\u8bbe\u8ba1-1-26.png\",\"contentUrl\":\"https:\\\/\\\/vcycletech.com\\\/wp-content\\\/uploads\\\/2023\\\/03\\\/\u672a\u547d\u540d\u7684\u8bbe\u8ba1-1-26.png\",\"width\":600,\"height\":600,\"caption\":\"WT-2000 Carboxylate-Sulfonate Copolymer\"},{\"@type\":\"BreadcrumbList\",\"@id\":\"https:\\\/\\\/vcycletech.com\\\/product\\\/wt-2000-carboxylate-sulfonate-copolymer\\\/#breadcrumb\",\"itemListElement\":[{\"@type\":\"ListItem\",\"position\":1,\"name\":\"Home\",\"item\":\"https:\\\/\\\/vcycletech.com\\\/\"},{\"@type\":\"ListItem\",\"position\":2,\"name\":\"Water Treatment Chemicals Manufacturer\",\"item\":\"https:\\\/\\\/vcycletech.com\\\/water-treatment-chemicals-manufacturer\\\/\"},{\"@type\":\"ListItem\",\"position\":3,\"name\":\"WT-2000 Carboxylate-Sulfonate Copolymer\"}]},{\"@type\":\"WebSite\",\"@id\":\"https:\\\/\\\/vcycletech.com\\\/#website\",\"url\":\"https:\\\/\\\/vcycletech.com\\\/\",\"name\":\"vcycletech\",\"description\":\"China&#039;s top water treatment chemicals supplier\",\"publisher\":{\"@id\":\"https:\\\/\\\/vcycletech.com\\\/#organization\"},\"potentialAction\":[{\"@type\":\"SearchAction\",\"target\":{\"@type\":\"EntryPoint\",\"urlTemplate\":\"https:\\\/\\\/vcycletech.com\\\/?s={search_term_string}\"},\"query-input\":{\"@type\":\"PropertyValueSpecification\",\"valueRequired\":true,\"valueName\":\"search_term_string\"}}],\"inLanguage\":\"fr-FR\"},{\"@type\":\"Organization\",\"@id\":\"https:\\\/\\\/vcycletech.com\\\/#organization\",\"name\":\"vcycletech\",\"url\":\"https:\\\/\\\/vcycletech.com\\\/\",\"logo\":{\"@type\":\"ImageObject\",\"inLanguage\":\"fr-FR\",\"@id\":\"https:\\\/\\\/vcycletech.com\\\/#\\\/schema\\\/logo\\\/image\\\/\",\"url\":\"https:\\\/\\\/vcycletech.com\\\/wp-content\\\/uploads\\\/2023\\\/03\\\/logo-vcycletech-1.png\",\"contentUrl\":\"https:\\\/\\\/vcycletech.com\\\/wp-content\\\/uploads\\\/2023\\\/03\\\/logo-vcycletech-1.png\",\"width\":600,\"height\":400,\"caption\":\"vcycletech\"},\"image\":{\"@id\":\"https:\\\/\\\/vcycletech.com\\\/#\\\/schema\\\/logo\\\/image\\\/\"}}]}<\/script>\n<!-- \/ Yoast SEO Premium plugin. -->","yoast_head_json":{"title":"Copolym\u00e8re carboxylate-sulfonate WT-2000 - vcycletech","description":"Procurez-vous le copolym\u00e8re carboxylate-sulfonate WT-2000 pour vos produits chimiques de traitement de l&#039;eau et obtenez des r\u00e9sultats \u00e9tonnants\u00a0!","robots":{"index":"index","follow":"follow","max-snippet":"max-snippet:-1","max-image-preview":"max-image-preview:large","max-video-preview":"max-video-preview:-1"},"canonical":"https:\/\/vcycletech.com\/fr\/produit\/kr-2000-carboxylate-sulfonate-copolymer\/","og_locale":"fr_FR","og_type":"article","og_title":"WT-2000 Carboxylate-Sulfonate Copolymer","og_description":"Get the WT-2000 Carboxylate-Sulfonate Copolymer for your water treatment chemicals and achieve amazing results!","og_url":"https:\/\/vcycletech.com\/fr\/produit\/kr-2000-carboxylate-sulfonate-copolymer\/","og_site_name":"vcycletech","article_modified_time":"2023-03-27T05:01:08+00:00","og_image":[{"width":600,"height":600,"url":"https:\/\/vcycletech.com\/wp-content\/uploads\/2023\/03\/\u672a\u547d\u540d\u7684\u8bbe\u8ba1-1-26.png","type":"image\/png"}],"twitter_card":"summary_large_image","twitter_misc":{"Dur\u00e9e de lecture estim\u00e9e":"3 minutes"},"schema":{"@context":"https:\/\/schema.org","@graph":[{"@type":"WebPage","@id":"https:\/\/vcycletech.com\/product\/wt-2000-carboxylate-sulfonate-copolymer\/","url":"https:\/\/vcycletech.com\/product\/wt-2000-carboxylate-sulfonate-copolymer\/","name":"Copolym\u00e8re carboxylate-sulfonate WT-2000 - vcycletech","isPartOf":{"@id":"https:\/\/vcycletech.com\/#website"},"primaryImageOfPage":{"@id":"https:\/\/vcycletech.com\/product\/wt-2000-carboxylate-sulfonate-copolymer\/#primaryimage"},"image":{"@id":"https:\/\/vcycletech.com\/product\/wt-2000-carboxylate-sulfonate-copolymer\/#primaryimage"},"thumbnailUrl":"https:\/\/vcycletech.com\/wp-content\/uploads\/2023\/03\/\u672a\u547d\u540d\u7684\u8bbe\u8ba1-1-26.png","datePublished":"2023-03-21T12:03:34+00:00","dateModified":"2023-03-27T05:01:08+00:00","description":"Procurez-vous le copolym\u00e8re carboxylate-sulfonate WT-2000 pour vos produits chimiques de traitement de l&#039;eau et obtenez des r\u00e9sultats \u00e9tonnants\u00a0!","breadcrumb":{"@id":"https:\/\/vcycletech.com\/product\/wt-2000-carboxylate-sulfonate-copolymer\/#breadcrumb"},"inLanguage":"fr-FR","potentialAction":[{"@type":"ReadAction","target":["https:\/\/vcycletech.com\/product\/wt-2000-carboxylate-sulfonate-copolymer\/"]}]},{"@type":"ImageObject","inLanguage":"fr-FR","@id":"https:\/\/vcycletech.com\/product\/wt-2000-carboxylate-sulfonate-copolymer\/#primaryimage","url":"https:\/\/vcycletech.com\/wp-content\/uploads\/2023\/03\/\u672a\u547d\u540d\u7684\u8bbe\u8ba1-1-26.png","contentUrl":"https:\/\/vcycletech.com\/wp-content\/uploads\/2023\/03\/\u672a\u547d\u540d\u7684\u8bbe\u8ba1-1-26.png","width":600,"height":600,"caption":"WT-2000 Carboxylate-Sulfonate Copolymer"},{"@type":"BreadcrumbList","@id":"https:\/\/vcycletech.com\/product\/wt-2000-carboxylate-sulfonate-copolymer\/#breadcrumb","itemListElement":[{"@type":"ListItem","position":1,"name":"Home","item":"https:\/\/vcycletech.com\/"},{"@type":"ListItem","position":2,"name":"Water Treatment Chemicals Manufacturer","item":"https:\/\/vcycletech.com\/water-treatment-chemicals-manufacturer\/"},{"@type":"ListItem","position":3,"name":"WT-2000 Carboxylate-Sulfonate Copolymer"}]},{"@type":"WebSite","@id":"https:\/\/vcycletech.com\/#website","url":"https:\/\/vcycletech.com\/","name":"vcycletech","description":"Meilleur fournisseur de produits chimiques pour le traitement de l&#039;eau en Chine","publisher":{"@id":"https:\/\/vcycletech.com\/#organization"},"potentialAction":[{"@type":"SearchAction","target":{"@type":"EntryPoint","urlTemplate":"https:\/\/vcycletech.com\/?s={search_term_string}"},"query-input":{"@type":"PropertyValueSpecification","valueRequired":true,"valueName":"search_term_string"}}],"inLanguage":"fr-FR"},{"@type":"Organization","@id":"https:\/\/vcycletech.com\/#organization","name":"vcycletech","url":"https:\/\/vcycletech.com\/","logo":{"@type":"ImageObject","inLanguage":"fr-FR","@id":"https:\/\/vcycletech.com\/#\/schema\/logo\/image\/","url":"https:\/\/vcycletech.com\/wp-content\/uploads\/2023\/03\/logo-vcycletech-1.png","contentUrl":"https:\/\/vcycletech.com\/wp-content\/uploads\/2023\/03\/logo-vcycletech-1.png","width":600,"height":400,"caption":"vcycletech"},"image":{"@id":"https:\/\/vcycletech.com\/#\/schema\/logo\/image\/"}}]}},"_links":{"self":[{"href":"https:\/\/vcycletech.com\/fr\/wp-json\/wp\/v2\/product\/1239","targetHints":{"allow":["GET"]}}],"collection":[{"href":"https:\/\/vcycletech.com\/fr\/wp-json\/wp\/v2\/product"}],"about":[{"href":"https:\/\/vcycletech.com\/fr\/wp-json\/wp\/v2\/types\/product"}],"wp:featuredmedia":[{"embeddable":true,"href":"https:\/\/vcycletech.com\/fr\/wp-json\/wp\/v2\/media\/2826"}],"wp:attachment":[{"href":"https:\/\/vcycletech.com\/fr\/wp-json\/wp\/v2\/media?parent=1239"}],"wp:term":[{"taxonomy":"product_brand","embeddable":true,"href":"https:\/\/vcycletech.com\/fr\/wp-json\/wp\/v2\/product_brand?post=1239"},{"taxonomy":"product_cat","embeddable":true,"href":"https:\/\/vcycletech.com\/fr\/wp-json\/wp\/v2\/product_cat?post=1239"},{"taxonomy":"product_tag","embeddable":true,"href":"https:\/\/vcycletech.com\/fr\/wp-json\/wp\/v2\/product_tag?post=1239"}],"curies":[{"name":"wp","href":"https:\/\/api.w.org\/{rel}","templated":true}]}}