{"id":1234,"date":"2023-03-21T12:15:17","date_gmt":"2023-03-21T12:15:17","guid":{"rendered":"https:\/\/vcycletech.com\/?post_type=product&#038;p=1234"},"modified":"2023-03-21T12:15:18","modified_gmt":"2023-03-21T12:15:18","slug":"nn-diethylhydroxylaminedeha","status":"publish","type":"product","link":"https:\/\/vcycletech.com\/fr\/produit\/nn-diethylhydroxylaminedeha\/","title":{"rendered":"N,N-Di\u00e9thylhydroxylamine (DEHA)"},"content":{"rendered":"<h3>Formule mol\u00e9culaire : C4H11NO<\/h3>\n<h3>Poids mol\u00e9culaire\u00a0: 89,14<\/h3>\n<h3>N\u00b0 CAS 3710-84-7<\/h3>\n<h3>Sp\u00e9cification:<\/h3>\n<div id=\"footable_parent_1236\"\n         class=\"footable_parent ninja_table_wrapper loading_ninja_table wp_table_data_press_parent semantic_ui\">\n                <table data-ninja_table_instance=\"ninja_table_instance_0\" data-footable_id=\"1236\" data-filter-delay=\"1000\" aria-label=\"(DEHA).csv\"            id=\"footable_1236\"\n           data-unique_identifier=\"ninja_table_unique_id_2665835440_1236\"\n           class=\"foo-table ninja_footable foo_table_1236 ninja_table_unique_id_2665835440_1236 ui table  nt_type_legacy_table selectable striped vertical_centered  footable-paging-right ninja_table_pro\">\n                <colgroup>\n                            <col class=\"ninja_column_0\">\n                            <col class=\"ninja_column_1\">\n                    <\/colgroup>\n        <thead>\n<tr class=\"footable-header\">\n                                        <th scope=\"col\"  class=\"ninja_column_0 ninja_clmn_nm_items\">Articles<\/th><th scope=\"col\"  class=\"ninja_column_1 ninja_clmn_nm_index\">Indice<\/th><\/tr>\n<\/thead>\n<tbody>\n\n        <tr data-row_id=\"296\" class=\"ninja_table_row_0 nt_row_id_296\">\n            <td>Apparence<\/td><td>Liquide transparent incolore \u00e0 jaune clair<\/td>        <\/tr>\n            <tr data-row_id=\"297\" class=\"ninja_table_row_1 nt_row_id_297\">\n            <td>Contenu actif, %<\/td><td>85 minutes<\/td>        <\/tr>\n            <tr data-row_id=\"298\" class=\"ninja_table_row_2 nt_row_id_298\">\n            <td>Humidit\u00e9, %<\/td><td>15 maximum<\/td>        <\/tr>\n            <tr data-row_id=\"299\" class=\"ninja_table_row_3 nt_row_id_299\">\n            <td>Di\u00e9thylamine, %<\/td><td>1,0 maximum<\/td>        <\/tr>\n            <tr data-row_id=\"300\" class=\"ninja_table_row_4 nt_row_id_300\">\n            <td>Couleur (APHA)<\/td><td>300 maximum<\/td>        <\/tr>\n    <\/tbody><!--ninja_tobody_rendering_done-->\n    <\/table>\n    \n    \n    \n<\/div>\n\n<h3>Propri\u00e9t\u00e9s:<\/h3>\n<p><strong>N,N-Di\u00e9thylhydroxylamine (DEHA)<\/strong> est un compos\u00e9 organique avec de nombreuses applications dans la chimie du traitement de l&#039;eau. En tant qu&#039;inhibiteur de corrosion, il emp\u00eache l&#039;oxydation des m\u00e9taux et prot\u00e8ge contre l&#039;action des acides. <strong>DEHA<\/strong> est connu pour avoir de fortes propri\u00e9t\u00e9s d\u00e9tergentes et sa capacit\u00e9 \u00e0 agir comme tensioactif augmente la solubilit\u00e9 des cires.<\/p>\n<p>Il sert d&#039;agent anti-mousse qui peut aider \u00e0 contr\u00f4ler les niveaux de mousse dans les syst\u00e8mes d&#039;eau industriels. En tant que pi\u00e9geur de radicaux libres, <strong>DEHA<\/strong> agit \u00e9galement comme antioxydant pour les produits en caoutchouc et en plastique lorsqu&#039;ils sont utilis\u00e9s dans le cadre de la formulation chimique de traitement de l&#039;eau. Il aide \u00e9galement \u00e0 lier les m\u00e9taux, ce qui le rend pratique pour les processus de d\u00e9tartrage et de pr\u00e9traitement dans les environnements industriels. Enfin, ses propri\u00e9t\u00e9s hydrolysantes le rendent utile pour les synth\u00e8ses organom\u00e9talliques utilis\u00e9es dans le traitement des eaux et la production chimique.<\/p>\n<h3>Usage:<\/h3>\n<p><strong>N,N-Di\u00e9thylhydroxylamine (DEHA)<\/strong> est un compos\u00e9 organique avec une large gamme d&#039;applications dans la production chimique industrielle. C&#039;est un inhibiteur de polym\u00e9risation efficace pour l&#039;alc\u00e8ne en tant que monom\u00e8re vinylique et un inhibiteur de polym\u00e9risation finale efficace dans les proc\u00e9d\u00e9s de caoutchouc butadi\u00e8ne styr\u00e8ne polym\u00e9ris\u00e9 en \u00e9mulsion.<\/p>\n<p><strong>DEHA<\/strong> est \u00e9galement utilis\u00e9 comme antioxydant pour les huiles insatur\u00e9es, les r\u00e9sines, la r\u00e9sine photosensible, les \u00e9mulsions sensibles et la r\u00e9sine synth\u00e9tique. En tant qu&#039;inhibiteur de smog photochimique, il aide \u00e0 r\u00e9duire les niveaux de pollution atmosph\u00e9rique. En outre, <strong>DEHA<\/strong> sert d&#039;inhibiteur de corrosion pour les chaudi\u00e8res et les \u00e9changeurs de chaleur, ainsi que d&#039;utilisations en photographie comme antioxydant.<\/p>\n<h3>Emballage et stockage\u00a0:<\/h3>\n<p><strong>N,N-Di\u00e9thylhydroxylamine (DEHA)<\/strong> doit \u00eatre stock\u00e9 dans un endroit frais et sec, \u00e0 l&#039;abri de la lumi\u00e8re directe du soleil et de toute source de chaleur ou de flamme. Il est disponible dans des contenants scell\u00e9s de diff\u00e9rentes tailles, tels que des f\u00fbts, des jerrycans et des seaux. Pour des raisons de s\u00e9curit\u00e9, les conteneurs doivent \u00eatre herm\u00e9tiquement ferm\u00e9s et maintenus debout pour \u00e9viter les d\u00e9versements. Tout l&#039;air superflu doit \u00eatre purg\u00e9 avant de refermer. Lors de la manipulation du DEHA, il est important de prendre toutes les pr\u00e9cautions n\u00e9cessaires, y compris le port de gants et de v\u00eatements de protection - f\u00fbt en plastique de 185 kg ou IBC de 900 kg.<\/p>\n<h3>FAQ sur la N,N-Di\u00e9thylhydroxylamine (DEHA) :<\/h3>\n<p><strong>Que sont la N, N-di\u00e9thylhydroxylamine (DEHA) et ses utilisations\u00a0?<\/strong><br \/>\n<strong>N,N-Di\u00e9thylhydroxylamine (DEHA)<\/strong> est un compos\u00e9 organique qui appartient \u00e0 la classe des hydroxylamines, qui sont une famille de compos\u00e9s contenant de l&#039;azote. Il a \u00e9t\u00e9 utilis\u00e9 dans une vari\u00e9t\u00e9 d&#039;applications, y compris comme agent oxydant dans les produits chimiques de traitement de l&#039;eau et comme additif pour les formulations biocides. <strong>DEHA<\/strong> peut \u00eatre appliqu\u00e9 \u00e0 la fois en pr\u00e9chloration et en post-chloration, assurant une d\u00e9sinfection efficace des sources d&#039;eau potable. Il peut \u00e9galement \u00eatre utilis\u00e9 comme d\u00e9sodorisant pour r\u00e9duire les odeurs contenant du soufre dans les syst\u00e8mes d&#039;eaux us\u00e9es municipales.<\/p>\n<p><strong>Comment fonctionne la N,N-Di\u00e9thylhydroxylamine (DEHA) ?<\/strong><br \/>\nLorsqu&#039;il est ajout\u00e9 \u00e0 l&#039;eau, <strong>DEHA<\/strong> agit comme un oxydant pour d\u00e9composer les polluants tels que l&#039;ammoniac et les ions nitrate en composants inoffensifs qui peuvent \u00eatre \u00e9limin\u00e9s en toute s\u00e9curit\u00e9 de l&#039;approvisionnement en eau. Le processus d&#039;oxydation du DEHA tue \u00e9galement les bact\u00e9ries, les virus et d&#039;autres micro-organismes potentiellement nocifs tout en laissant intacts les organismes b\u00e9n\u00e9fiques. Cela en fait un d\u00e9sinfectant efficace pour les sources d&#039;eau potable.<\/p>\n<p><strong>Quel est l&#039;impact environnemental de l&#039;utilisation de la N,N-Di\u00e9thylhydroxylamine (DEHA) pour le traitement de l&#039;eau ?<\/strong><br \/>\n<strong>DEHA<\/strong> est consid\u00e9r\u00e9 comme non toxique et respectueux de l&#039;environnement par rapport \u00e0 d&#039;autres produits chimiques de traitement de l&#039;eau couramment utilis\u00e9s tels que le chlore ou les bromures. Cela signifie qu&#039;il pose moins de risques pour la sant\u00e9 humaine ou la vie aquatique lorsqu&#039;il est rejet\u00e9 dans l&#039;environnement. En outre, <strong>DEHA<\/strong> se d\u00e9compose rapidement lorsqu&#039;il est expos\u00e9 \u00e0 la lumi\u00e8re du soleil ou \u00e0 d&#039;autres rayons UV, de sorte qu&#039;il ne s&#039;accumule pas avec le temps dans l&#039;environnement comme certains autres compos\u00e9s chimiques souvent utilis\u00e9s pour le traitement de l&#039;eau.<\/p>\n<p><strong>Quelles pr\u00e9cautions faut-il prendre lors de l&#039;utilisation de N,N-Di\u00e9thylhydroxylamine (DEHA) ?<\/strong><br \/>\n<strong>DEHA<\/strong> ne doit jamais \u00eatre m\u00e9lang\u00e9 avec des alcalis ou des solutions acides car ces combinaisons peuvent provoquer des r\u00e9actions dangereuses telles que des explosions ou des fum\u00e9es toxiques. Comme pour tout produit chimique, des gants et des lunettes de s\u00e9curit\u00e9 doivent toujours \u00eatre port\u00e9s lors de la manipulation directe de ce mat\u00e9riau. Avant utilisation dans les piscines ou les spas, les instructions de son fabricant doivent \u00eatre suivies attentivement en raison des risques potentiels associ\u00e9s \u00e0 une irritation cutan\u00e9e par contact ou \u00e0 des l\u00e9sions oculaires en cas de mauvaise manipulation.<\/p>\n<p><a href=\"https:\/\/vcycletech.com\/fr\/un-inhibiteur-de-corrosion\/\"><strong>Obtenez la solution compl\u00e8te d&#039;inhibiteurs de corrosion.<\/strong><\/a><\/p>","protected":false},"excerpt":{"rendered":"<p><strong>DEHA<\/strong> fonctionne en oxydant les m\u00e9taux dissous, en les transformant en solides collo\u00efdaux ou en particules qui peuvent ensuite \u00eatre filtr\u00e9s ou retir\u00e9s de la source d&#039;eau. Ce processus d&#039;oxydation aide \u00e0 \u00e9liminer tout risque potentiel pour la sant\u00e9 associ\u00e9 \u00e0 des niveaux \u00e9lev\u00e9s de ces contaminants. En plus de r\u00e9duire la concentration de m\u00e9taux dangereux, <strong>DEHA<\/strong> fonctionne \u00e9galement pour r\u00e9duire les go\u00fbts et les odeurs d\u00e9sagr\u00e9ables dans l&#039;eau, la rendant plus savoureuse et plus agr\u00e9able \u00e0 boire.<\/p>\n<p><strong>N,N-Di\u00e9thylhydroxylamine (DEHA)<\/strong> fournit un moyen fiable de r\u00e9duire les concentrations de m\u00e9taux dangereux pr\u00e9sents dans les sources d&#039;eau potable. Son efficacit\u00e9 et sa s\u00e9curit\u00e9 en font un choix attrayant pour les municipalit\u00e9s qui souhaitent offrir \u00e0 leurs citoyens une eau potable propre et saine en tout temps.<\/p>","protected":false},"featured_media":1252,"template":"","meta":{"site-sidebar-layout":"default","site-content-layout":"default","ast-site-content-layout":"default","site-content-style":"default","site-sidebar-style":"default","ast-global-header-display":"","ast-banner-title-visibility":"","ast-main-header-display":"","ast-hfb-above-header-display":"","ast-hfb-below-header-display":"","ast-hfb-mobile-header-display":"","site-post-title":"","ast-breadcrumbs-content":"","ast-featured-img":"","footer-sml-layout":"","ast-disable-related-posts":"","theme-transparent-header-meta":"default","adv-header-id-meta":"","stick-header-meta":"default","header-above-stick-meta":"","header-main-stick-meta":"","header-below-stick-meta":"","astra-migrate-meta-layouts":"default","ast-page-background-enabled":"default","ast-page-background-meta":{"desktop":{"background-color":"","background-image":"","background-repeat":"repeat","background-position":"center center","background-size":"auto","background-attachment":"scroll","background-type":"","background-media":"","overlay-type":"","overlay-color":"","overlay-opacity":"","overlay-gradient":""},"tablet":{"background-color":"","background-image":"","background-repeat":"repeat","background-position":"center center","background-size":"auto","background-attachment":"scroll","background-type":"","background-media":"","overlay-type":"","overlay-color":"","overlay-opacity":"","overlay-gradient":""},"mobile":{"background-color":"","background-image":"","background-repeat":"repeat","background-position":"center center","background-size":"auto","background-attachment":"scroll","background-type":"","background-media":"","overlay-type":"","overlay-color":"","overlay-opacity":"","overlay-gradient":""}},"ast-content-background-meta":{"desktop":{"background-color":"var(--ast-global-color-5)","background-image":"","background-repeat":"repeat","background-position":"center center","background-size":"auto","background-attachment":"scroll","background-type":"","background-media":"","overlay-type":"","overlay-color":"","overlay-opacity":"","overlay-gradient":""},"tablet":{"background-color":"var(--ast-global-color-5)","background-image":"","background-repeat":"repeat","background-position":"center center","background-size":"auto","background-attachment":"scroll","background-type":"","background-media":"","overlay-type":"","overlay-color":"","overlay-opacity":"","overlay-gradient":""},"mobile":{"background-color":"var(--ast-global-color-5)","background-image":"","background-repeat":"repeat","background-position":"center center","background-size":"auto","background-attachment":"scroll","background-type":"","background-media":"","overlay-type":"","overlay-color":"","overlay-opacity":"","overlay-gradient":""}}},"product_brand":[],"product_cat":[30],"product_tag":[],"class_list":{"0":"post-1234","1":"product","2":"type-product","3":"status-publish","4":"has-post-thumbnail","6":"product_cat-corrosion-inhibitors","7":"desktop-align-left","8":"tablet-align-left","9":"mobile-align-left","10":"ast-product-gallery-layout-horizontal-slider","11":"ast-product-tabs-layout-horizontal","13":"first","14":"instock","15":"shipping-taxable","16":"product-type-simple"},"yoast_head":"<!-- This site is optimized with the Yoast SEO Premium plugin v26.3 (Yoast SEO v27.3) - https:\/\/yoast.com\/product\/yoast-seo-premium-wordpress\/ -->\n<title>N,N-Diethylhydroxylamine(DEHA) - vcycletech<\/title>\n<meta name=\"description\" content=\"N, N-Diethylhydroxylamine (DEHA) is an important water treatment chemical used to reduce the concentration of hydrogen sulfide, iron, and manganese found in water. It is a colorless and odorless liquid that has been proven effective in removing these contaminants from drinking water sources. DEHA is most commonly used in municipal water treatment facilities because of its proven effectiveness and cost-effectiveness.\" \/>\n<meta name=\"robots\" content=\"index, follow, max-snippet:-1, max-image-preview:large, max-video-preview:-1\" \/>\n<link rel=\"canonical\" href=\"https:\/\/vcycletech.com\/fr\/produit\/nn-diethylhydroxylaminedeha\/\" \/>\n<meta property=\"og:locale\" content=\"fr_FR\" \/>\n<meta property=\"og:type\" content=\"article\" \/>\n<meta property=\"og:title\" content=\"N,N-Diethylhydroxylamine(DEHA)\" \/>\n<meta property=\"og:description\" content=\"N, N-Diethylhydroxylamine (DEHA) is an important water treatment chemical used to reduce the concentration of hydrogen sulfide, iron, and manganese found in water. It is a colorless and odorless liquid that has been proven effective in removing these contaminants from drinking water sources. DEHA is most commonly used in municipal water treatment facilities because of its proven effectiveness and cost-effectiveness.\" \/>\n<meta property=\"og:url\" content=\"https:\/\/vcycletech.com\/fr\/produit\/nn-diethylhydroxylaminedeha\/\" \/>\n<meta property=\"og:site_name\" content=\"vcycletech\" \/>\n<meta property=\"article:modified_time\" content=\"2023-03-21T12:15:18+00:00\" \/>\n<meta property=\"og:image\" content=\"https:\/\/vcycletech.com\/wp-content\/uploads\/2023\/03\/1-49.png\" \/>\n\t<meta property=\"og:image:width\" content=\"600\" \/>\n\t<meta property=\"og:image:height\" content=\"600\" \/>\n\t<meta property=\"og:image:type\" content=\"image\/png\" \/>\n<meta name=\"twitter:card\" content=\"summary_large_image\" \/>\n<meta name=\"twitter:label1\" content=\"Dur\u00e9e de lecture estim\u00e9e\" \/>\n\t<meta name=\"twitter:data1\" content=\"3 minutes\" \/>\n<script type=\"application\/ld+json\" class=\"yoast-schema-graph\">{\"@context\":\"https:\\\/\\\/schema.org\",\"@graph\":[{\"@type\":\"WebPage\",\"@id\":\"https:\\\/\\\/vcycletech.com\\\/product\\\/nn-diethylhydroxylaminedeha\\\/\",\"url\":\"https:\\\/\\\/vcycletech.com\\\/product\\\/nn-diethylhydroxylaminedeha\\\/\",\"name\":\"N,N-Diethylhydroxylamine(DEHA) - vcycletech\",\"isPartOf\":{\"@id\":\"https:\\\/\\\/vcycletech.com\\\/#website\"},\"primaryImageOfPage\":{\"@id\":\"https:\\\/\\\/vcycletech.com\\\/product\\\/nn-diethylhydroxylaminedeha\\\/#primaryimage\"},\"image\":{\"@id\":\"https:\\\/\\\/vcycletech.com\\\/product\\\/nn-diethylhydroxylaminedeha\\\/#primaryimage\"},\"thumbnailUrl\":\"https:\\\/\\\/vcycletech.com\\\/wp-content\\\/uploads\\\/2023\\\/03\\\/1-49.png\",\"datePublished\":\"2023-03-21T12:15:17+00:00\",\"dateModified\":\"2023-03-21T12:15:18+00:00\",\"description\":\"N, N-Diethylhydroxylamine (DEHA) is an important water treatment chemical used to reduce the concentration of hydrogen sulfide, iron, and manganese found in water. It is a colorless and odorless liquid that has been proven effective in removing these contaminants from drinking water sources. DEHA is most commonly used in municipal water treatment facilities because of its proven effectiveness and cost-effectiveness.\",\"breadcrumb\":{\"@id\":\"https:\\\/\\\/vcycletech.com\\\/product\\\/nn-diethylhydroxylaminedeha\\\/#breadcrumb\"},\"inLanguage\":\"fr-FR\",\"potentialAction\":[{\"@type\":\"ReadAction\",\"target\":[\"https:\\\/\\\/vcycletech.com\\\/product\\\/nn-diethylhydroxylaminedeha\\\/\"]}]},{\"@type\":\"ImageObject\",\"inLanguage\":\"fr-FR\",\"@id\":\"https:\\\/\\\/vcycletech.com\\\/product\\\/nn-diethylhydroxylaminedeha\\\/#primaryimage\",\"url\":\"https:\\\/\\\/vcycletech.com\\\/wp-content\\\/uploads\\\/2023\\\/03\\\/1-49.png\",\"contentUrl\":\"https:\\\/\\\/vcycletech.com\\\/wp-content\\\/uploads\\\/2023\\\/03\\\/1-49.png\",\"width\":600,\"height\":600,\"caption\":\"N,N-Diethylhydroxylamine(DEHA)\"},{\"@type\":\"BreadcrumbList\",\"@id\":\"https:\\\/\\\/vcycletech.com\\\/product\\\/nn-diethylhydroxylaminedeha\\\/#breadcrumb\",\"itemListElement\":[{\"@type\":\"ListItem\",\"position\":1,\"name\":\"Home\",\"item\":\"https:\\\/\\\/vcycletech.com\\\/\"},{\"@type\":\"ListItem\",\"position\":2,\"name\":\"Water Treatment Chemicals Manufacturer\",\"item\":\"https:\\\/\\\/vcycletech.com\\\/water-treatment-chemicals-manufacturer\\\/\"},{\"@type\":\"ListItem\",\"position\":3,\"name\":\"N,N-Diethylhydroxylamine(DEHA)\"}]},{\"@type\":\"WebSite\",\"@id\":\"https:\\\/\\\/vcycletech.com\\\/#website\",\"url\":\"https:\\\/\\\/vcycletech.com\\\/\",\"name\":\"vcycletech\",\"description\":\"China&#039;s top water treatment chemicals supplier\",\"publisher\":{\"@id\":\"https:\\\/\\\/vcycletech.com\\\/#organization\"},\"potentialAction\":[{\"@type\":\"SearchAction\",\"target\":{\"@type\":\"EntryPoint\",\"urlTemplate\":\"https:\\\/\\\/vcycletech.com\\\/?s={search_term_string}\"},\"query-input\":{\"@type\":\"PropertyValueSpecification\",\"valueRequired\":true,\"valueName\":\"search_term_string\"}}],\"inLanguage\":\"fr-FR\"},{\"@type\":\"Organization\",\"@id\":\"https:\\\/\\\/vcycletech.com\\\/#organization\",\"name\":\"vcycletech\",\"url\":\"https:\\\/\\\/vcycletech.com\\\/\",\"logo\":{\"@type\":\"ImageObject\",\"inLanguage\":\"fr-FR\",\"@id\":\"https:\\\/\\\/vcycletech.com\\\/#\\\/schema\\\/logo\\\/image\\\/\",\"url\":\"https:\\\/\\\/vcycletech.com\\\/wp-content\\\/uploads\\\/2023\\\/03\\\/logo-vcycletech-1.png\",\"contentUrl\":\"https:\\\/\\\/vcycletech.com\\\/wp-content\\\/uploads\\\/2023\\\/03\\\/logo-vcycletech-1.png\",\"width\":600,\"height\":400,\"caption\":\"vcycletech\"},\"image\":{\"@id\":\"https:\\\/\\\/vcycletech.com\\\/#\\\/schema\\\/logo\\\/image\\\/\"}}]}<\/script>\n<!-- \/ Yoast SEO Premium plugin. -->","yoast_head_json":{"title":"N,N-Di\u00e9thylhydroxylamine (DEHA) - vcycletech","description":"La N,N-di\u00e9thylhydroxylamine (DEHA) est un important produit chimique de traitement de l&#039;eau utilis\u00e9 pour r\u00e9duire la concentration de sulfure d&#039;hydrog\u00e8ne, de fer et de mangan\u00e8se pr\u00e9sents dans l&#039;eau. C&#039;est un liquide incolore et inodore qui s&#039;est av\u00e9r\u00e9 efficace pour \u00e9liminer ces contaminants des sources d&#039;eau potable. Le DEHA est le plus couramment utilis\u00e9 dans les installations municipales de traitement de l&#039;eau en raison de son efficacit\u00e9 et de sa rentabilit\u00e9 \u00e9prouv\u00e9es.","robots":{"index":"index","follow":"follow","max-snippet":"max-snippet:-1","max-image-preview":"max-image-preview:large","max-video-preview":"max-video-preview:-1"},"canonical":"https:\/\/vcycletech.com\/fr\/produit\/nn-diethylhydroxylaminedeha\/","og_locale":"fr_FR","og_type":"article","og_title":"N,N-Diethylhydroxylamine(DEHA)","og_description":"N, N-Diethylhydroxylamine (DEHA) is an important water treatment chemical used to reduce the concentration of hydrogen sulfide, iron, and manganese found in water. It is a colorless and odorless liquid that has been proven effective in removing these contaminants from drinking water sources. DEHA is most commonly used in municipal water treatment facilities because of its proven effectiveness and cost-effectiveness.","og_url":"https:\/\/vcycletech.com\/fr\/produit\/nn-diethylhydroxylaminedeha\/","og_site_name":"vcycletech","article_modified_time":"2023-03-21T12:15:18+00:00","og_image":[{"width":600,"height":600,"url":"https:\/\/vcycletech.com\/wp-content\/uploads\/2023\/03\/1-49.png","type":"image\/png"}],"twitter_card":"summary_large_image","twitter_misc":{"Dur\u00e9e de lecture estim\u00e9e":"3 minutes"},"schema":{"@context":"https:\/\/schema.org","@graph":[{"@type":"WebPage","@id":"https:\/\/vcycletech.com\/product\/nn-diethylhydroxylaminedeha\/","url":"https:\/\/vcycletech.com\/product\/nn-diethylhydroxylaminedeha\/","name":"N,N-Di\u00e9thylhydroxylamine (DEHA) - vcycletech","isPartOf":{"@id":"https:\/\/vcycletech.com\/#website"},"primaryImageOfPage":{"@id":"https:\/\/vcycletech.com\/product\/nn-diethylhydroxylaminedeha\/#primaryimage"},"image":{"@id":"https:\/\/vcycletech.com\/product\/nn-diethylhydroxylaminedeha\/#primaryimage"},"thumbnailUrl":"https:\/\/vcycletech.com\/wp-content\/uploads\/2023\/03\/1-49.png","datePublished":"2023-03-21T12:15:17+00:00","dateModified":"2023-03-21T12:15:18+00:00","description":"La N,N-di\u00e9thylhydroxylamine (DEHA) est un important produit chimique de traitement de l&#039;eau utilis\u00e9 pour r\u00e9duire la concentration de sulfure d&#039;hydrog\u00e8ne, de fer et de mangan\u00e8se pr\u00e9sents dans l&#039;eau. C&#039;est un liquide incolore et inodore qui s&#039;est av\u00e9r\u00e9 efficace pour \u00e9liminer ces contaminants des sources d&#039;eau potable. Le DEHA est le plus couramment utilis\u00e9 dans les installations municipales de traitement de l&#039;eau en raison de son efficacit\u00e9 et de sa rentabilit\u00e9 \u00e9prouv\u00e9es.","breadcrumb":{"@id":"https:\/\/vcycletech.com\/product\/nn-diethylhydroxylaminedeha\/#breadcrumb"},"inLanguage":"fr-FR","potentialAction":[{"@type":"ReadAction","target":["https:\/\/vcycletech.com\/product\/nn-diethylhydroxylaminedeha\/"]}]},{"@type":"ImageObject","inLanguage":"fr-FR","@id":"https:\/\/vcycletech.com\/product\/nn-diethylhydroxylaminedeha\/#primaryimage","url":"https:\/\/vcycletech.com\/wp-content\/uploads\/2023\/03\/1-49.png","contentUrl":"https:\/\/vcycletech.com\/wp-content\/uploads\/2023\/03\/1-49.png","width":600,"height":600,"caption":"N,N-Diethylhydroxylamine(DEHA)"},{"@type":"BreadcrumbList","@id":"https:\/\/vcycletech.com\/product\/nn-diethylhydroxylaminedeha\/#breadcrumb","itemListElement":[{"@type":"ListItem","position":1,"name":"Home","item":"https:\/\/vcycletech.com\/"},{"@type":"ListItem","position":2,"name":"Water Treatment Chemicals Manufacturer","item":"https:\/\/vcycletech.com\/water-treatment-chemicals-manufacturer\/"},{"@type":"ListItem","position":3,"name":"N,N-Diethylhydroxylamine(DEHA)"}]},{"@type":"WebSite","@id":"https:\/\/vcycletech.com\/#website","url":"https:\/\/vcycletech.com\/","name":"vcycletech","description":"Meilleur fournisseur de produits chimiques pour le traitement de l&#039;eau en Chine","publisher":{"@id":"https:\/\/vcycletech.com\/#organization"},"potentialAction":[{"@type":"SearchAction","target":{"@type":"EntryPoint","urlTemplate":"https:\/\/vcycletech.com\/?s={search_term_string}"},"query-input":{"@type":"PropertyValueSpecification","valueRequired":true,"valueName":"search_term_string"}}],"inLanguage":"fr-FR"},{"@type":"Organization","@id":"https:\/\/vcycletech.com\/#organization","name":"vcycletech","url":"https:\/\/vcycletech.com\/","logo":{"@type":"ImageObject","inLanguage":"fr-FR","@id":"https:\/\/vcycletech.com\/#\/schema\/logo\/image\/","url":"https:\/\/vcycletech.com\/wp-content\/uploads\/2023\/03\/logo-vcycletech-1.png","contentUrl":"https:\/\/vcycletech.com\/wp-content\/uploads\/2023\/03\/logo-vcycletech-1.png","width":600,"height":400,"caption":"vcycletech"},"image":{"@id":"https:\/\/vcycletech.com\/#\/schema\/logo\/image\/"}}]}},"_links":{"self":[{"href":"https:\/\/vcycletech.com\/fr\/wp-json\/wp\/v2\/product\/1234","targetHints":{"allow":["GET"]}}],"collection":[{"href":"https:\/\/vcycletech.com\/fr\/wp-json\/wp\/v2\/product"}],"about":[{"href":"https:\/\/vcycletech.com\/fr\/wp-json\/wp\/v2\/types\/product"}],"wp:featuredmedia":[{"embeddable":true,"href":"https:\/\/vcycletech.com\/fr\/wp-json\/wp\/v2\/media\/1252"}],"wp:attachment":[{"href":"https:\/\/vcycletech.com\/fr\/wp-json\/wp\/v2\/media?parent=1234"}],"wp:term":[{"taxonomy":"product_brand","embeddable":true,"href":"https:\/\/vcycletech.com\/fr\/wp-json\/wp\/v2\/product_brand?post=1234"},{"taxonomy":"product_cat","embeddable":true,"href":"https:\/\/vcycletech.com\/fr\/wp-json\/wp\/v2\/product_cat?post=1234"},{"taxonomy":"product_tag","embeddable":true,"href":"https:\/\/vcycletech.com\/fr\/wp-json\/wp\/v2\/product_tag?post=1234"}],"curies":[{"name":"wp","href":"https:\/\/api.w.org\/{rel}","templated":true}]}}