{"id":1228,"date":"2023-03-21T11:46:18","date_gmt":"2023-03-21T11:46:18","guid":{"rendered":"https:\/\/vcycletech.com\/?post_type=product&#038;p=1228"},"modified":"2023-03-27T05:08:59","modified_gmt":"2023-03-27T05:08:59","slug":"wt-200-antitartre-et-dispersant","status":"publish","type":"product","link":"https:\/\/vcycletech.com\/fr\/produit\/wt-200-antitartre-et-dispersant\/","title":{"rendered":"Antitartre et dispersant WT-200 pour membrane RO"},"content":{"rendered":"<h3 id=\"introduction_2\" class=\"xsj_heading_hash xsj_heading xsj_heading_h2\" data-source-line=\"6\" data-source-line-display=\"true\"><span class=\"xsj_heading_content\">Introduction:<\/span><\/h3>\n<p class=\"xsj_paragraph xsj_paragraph_level_0\" data-source-line=\"7\" data-source-line-display=\"true\"><strong>WT-200<\/strong> est un antitartre et dispersant avanc\u00e9 d\u00e9velopp\u00e9 sp\u00e9cifiquement pour les syst\u00e8mes membranaires d&#039;osmose inverse (OI). Il est tr\u00e8s efficace, cr\u00e9ant des conditions id\u00e9ales pour les syst\u00e8mes RO, NF et UF et offrant une protection \u00e9lev\u00e9e contre la formation de tartre. De plus, il r\u00e9duit les co\u00fbts de transport en raison de son \u00e9tat liquide d&#039;origine 11 fois concentr\u00e9 - aidant \u00e0 r\u00e9duire la pollution par le sel inorganique, le tartre m\u00e9tallique et certaines substances organiques sans former de floculats en suspension lorsqu&#039;il est m\u00e9lang\u00e9 avec de l&#039;oxyde ferrique ou de l&#039;oxyde d&#039;aluminium par oxydation de la silice.<\/p>\n<div class=\"xiaoshujiang_element xsj_anchor\"><a class=\"blank_anchor_name\" name=\"features_3\"><\/a><a id=\"features_3\" class=\"blank_anchor_id\"><\/a><a class=\"blank_anchor_name\" name=\"features\"><\/a><a id=\"features\" class=\"blank_anchor_id\"><\/a><\/div>\n<h3 id=\"features_3\" class=\"xsj_heading_hash xsj_heading xsj_heading_h2\" data-source-line=\"9\" data-source-line-display=\"true\"><span class=\"xsj_heading_content\">Caract\u00e9ristiques:<\/span><\/h3>\n<p class=\"xsj_paragraph xsj_paragraph_level_0\" data-source-line=\"11\" data-source-line-display=\"true\"><strong>WT-200<\/strong> offre des performances sup\u00e9rieures en r\u00e9duisant les co\u00fbts d&#039;exploitation tout en am\u00e9liorant la qualit\u00e9 de l&#039;eau. L&#039;antitartre aide \u00e0 inhiber l&#039;entartrage sur la surface de la membrane, contr\u00f4lant efficacement les m\u00e9taux lourds ferriques et les niveaux de phosphore phosphate. De plus, l&#039;application lors du d\u00e9marrage initial et des exigences de maintenance continue est facile. <strong>WT-200<\/strong> est \u00e9galement une solution \u00e9conomique qui peut \u00eatre utilis\u00e9e dans diverses applications.<\/p>\n<div class=\"xiaoshujiang_element xsj_anchor\"><a class=\"blank_anchor_name\" name=\"applications_4\"><\/a><a id=\"applications_4\" class=\"blank_anchor_id\"><\/a><a class=\"blank_anchor_name\" name=\"applications\"><\/a><a id=\"applications\" class=\"blank_anchor_id\"><\/a><\/div>\n<h3 id=\"applications_4\" class=\"xsj_heading_hash xsj_heading xsj_heading_h2\" data-source-line=\"13\" data-source-line-display=\"true\"><span class=\"xsj_heading_content\">Applications:<\/span><\/h3>\n<p class=\"xsj_paragraph xsj_paragraph_level_0\" data-source-line=\"15\" data-source-line-display=\"true\"><strong>WT-200<\/strong> peut am\u00e9liorer les performances des membranes d&#039;osmose inverse dans plusieurs industries, notamment l&#039;alimentation, les boissons, la pharmacie et la chimie. Il offre des \u00e9conomies importantes sur les co\u00fbts de transport gr\u00e2ce \u00e0 sa forme liquide originale 11 fois concentr\u00e9e, qui aide \u00e0 r\u00e9duire la pollution par les sels inorganiques, les m\u00e9taux et certaines substances organiques sans former de floculats en suspension lorsqu&#039;il est m\u00e9lang\u00e9 avec de l&#039;oxyde ferrique ou de l&#039;oxyde d&#039;aluminium par oxydation de la silice. En plus de cela, il offre \u00e9galement une excellente protection contre l&#039;entartrage qui peut se produire sur la surface de la membrane au fil du temps.<\/p>\n<h3>Sp\u00e9cification:<\/h3>\n<div>\n<table>\n<tbody>\n<tr>\n<td width=\"204\">Articles<\/td>\n<td width=\"315\">Solution concentr\u00e9e 11 fois<\/td>\n<\/tr>\n<tr>\n<td width=\"204\">Apparence<\/td>\n<td width=\"315\">Liquide clair et transparent<\/td>\n<\/tr>\n<tr>\n<td width=\"204\">Valeur pH, (solution aqueuse 1%)<\/td>\n<td width=\"315\">2,5\u00b10,5<\/td>\n<\/tr>\n<tr>\n<td width=\"204\">Densit\u00e9 (20\u2103)g\/cm3<\/td>\n<td width=\"315\">1.20\u00b10.05<\/td>\n<\/tr>\n<\/tbody>\n<\/table>\n<\/div>\n<h3 id=\"faqs_4\" class=\"xsj_heading_hash xsj_heading xsj_heading_h2\" data-source-line=\"16\" data-source-line-display=\"true\"><span class=\"xsj_heading_content\">FAQ\u00a0:<\/span><\/h3>\n<div class=\"xiaoshujiang_element xsj_anchor\"><a class=\"blank_anchor_name\" name=\"q120what20are20the20benefits20of20using20wt-200_5\"><\/a><a id=\"q120what20are20the20benefits20of20using20wt-200_5\" class=\"blank_anchor_id\"><\/a><a class=\"blank_anchor_name\" name=\"q1-what-are-the-benefits-of-using-wt-200\"><\/a><a id=\"q1-what-are-the-benefits-of-using-wt-200\" class=\"blank_anchor_id\"><\/a><\/div>\n<p id=\"q120what20are20the20benefits20of20using20wt-200_5\" class=\"xsj_heading_hash xsj_heading xsj_heading_h3\" data-source-line=\"18\" data-source-line-display=\"true\"><strong><span class=\"xsj_heading_content\">Q1\u00a0: Quels sont les avantages d&#039;utiliser le WT-200\u00a0?<\/span><\/strong><\/p>\n<p class=\"xsj_paragraph xsj_paragraph_level_0\" data-source-line=\"20\" data-source-line-display=\"true\">Le principal avantage de l&#039;utilisation du WT-200 est l&#039;am\u00e9lioration de la qualit\u00e9 de l&#039;eau tout en r\u00e9duisant simultan\u00e9ment les co\u00fbts d&#039;exploitation via l&#039;inhibition de l&#039;entartrage sur la surface de la membrane et la r\u00e9duction des co\u00fbts de transport gr\u00e2ce \u00e0 son \u00e9tat liquide d&#039;origine 11 fois concentr\u00e9, qui aide \u00e0 r\u00e9duire la pollution par les sels inorganiques. Le tartre m\u00e9tallique et certaines substances organiques sans former de substances en suspension floculent lorsqu&#039;ils sont m\u00e9lang\u00e9s avec de l&#039;oxyde ferrique ou de l&#039;oxyde d&#039;aluminium oxydation de la silice et contr\u00f4le efficace des niveaux de phosphore de phosphate de m\u00e9tal lourd de fer ferrique.<\/p>\n<p class=\"xsj_paragraph xsj_paragraph_level_0\" data-source-line=\"22\" data-source-line-display=\"true\"><strong>Q2\u00a0: Y a-t-il une date d&#039;expiration pour le WT-200\u00a0?<\/strong><br \/>\nNon, il n&#039;y a pas de date d&#039;expiration associ\u00e9e au WT-200\u00a0; cependant, nous recommandons de le stocker selon les sp\u00e9cifications du fabricant pour ne pas compromettre son efficacit\u00e9 dans le temps.<\/p>\n<p class=\"xsj_paragraph xsj_paragraph_level_0\" data-source-line=\"25\" data-source-line-display=\"true\"><strong>Q3\u00a0: Quelles industries peuvent utiliser le WT-200\u00a0?<\/strong><br \/>\nLe WT-200 peut \u00eatre utilis\u00e9 dans diverses industries, telles que les usines de transformation des aliments et des boissons, les unit\u00e9s de traitement chimique et les op\u00e9rations pharmaceutiques, et utilise fr\u00e9quemment des syst\u00e8mes de membranes \u00e0 osmose inverse (OI) pour leurs besoins de filtration.<\/p>\n<p class=\"xsj_paragraph xsj_paragraph_level_0\" data-source-line=\"29\" data-source-line-display=\"true\"><a class=\"xsj_link xsj_manu_link\" href=\"https:\/\/vcycletech.com\/fr\/biocide-et-algicide\/\">Obtenez la solution compl\u00e8te de produits chimiques d&#039;osmose inverse<\/a>.<\/p>","protected":false},"excerpt":{"rendered":"<p>Si vous recherchez un antitartre et un dispersant sp\u00e9cialement con\u00e7u pour les syst\u00e8mes de membranes d&#039;osmose inverse, ne cherchez pas plus loin <strong>WT-200<\/strong>. Il est tr\u00e8s efficace, ce qui le rend parfait pour les syst\u00e8mes RO, NF et UF, et offre un niveau \u00e9lev\u00e9 de protection contre la formation de tartre. De plus, il r\u00e9duit les co\u00fbts de transport en raison de son \u00e9tat liquide concentr\u00e9, ce qui contribue \u00e0 r\u00e9duire la pollution due au sel inorganique, au tartre m\u00e9tallique et \u00e0 certaines substances organiques sans former de floculats de substances en suspension lorsqu&#039;il est m\u00e9lang\u00e9 \u00e0 l&#039;oxyde ferrique ou \u00e0 l&#039;oxyde d&#039;aluminium et \u00e0 l&#039;oxydation de la silice. En bref, <strong>WT-200<\/strong> est l&#039;antitartre et le dispersant id\u00e9al pour tous ceux qui travaillent avec des syst\u00e8mes membranaires d&#039;osmose inverse.<\/p>","protected":false},"featured_media":1237,"template":"","meta":{"site-sidebar-layout":"default","site-content-layout":"default","ast-site-content-layout":"default","site-content-style":"default","site-sidebar-style":"default","ast-global-header-display":"","ast-banner-title-visibility":"","ast-main-header-display":"","ast-hfb-above-header-display":"","ast-hfb-below-header-display":"","ast-hfb-mobile-header-display":"","site-post-title":"","ast-breadcrumbs-content":"","ast-featured-img":"","footer-sml-layout":"","ast-disable-related-posts":"","theme-transparent-header-meta":"default","adv-header-id-meta":"","stick-header-meta":"default","header-above-stick-meta":"","header-main-stick-meta":"","header-below-stick-meta":"","astra-migrate-meta-layouts":"default","ast-page-background-enabled":"default","ast-page-background-meta":{"desktop":{"background-color":"","background-image":"","background-repeat":"repeat","background-position":"center center","background-size":"auto","background-attachment":"scroll","background-type":"","background-media":"","overlay-type":"","overlay-color":"","overlay-opacity":"","overlay-gradient":""},"tablet":{"background-color":"","background-image":"","background-repeat":"repeat","background-position":"center center","background-size":"auto","background-attachment":"scroll","background-type":"","background-media":"","overlay-type":"","overlay-color":"","overlay-opacity":"","overlay-gradient":""},"mobile":{"background-color":"","background-image":"","background-repeat":"repeat","background-position":"center center","background-size":"auto","background-attachment":"scroll","background-type":"","background-media":"","overlay-type":"","overlay-color":"","overlay-opacity":"","overlay-gradient":""}},"ast-content-background-meta":{"desktop":{"background-color":"var(--ast-global-color-5)","background-image":"","background-repeat":"repeat","background-position":"center center","background-size":"auto","background-attachment":"scroll","background-type":"","background-media":"","overlay-type":"","overlay-color":"","overlay-opacity":"","overlay-gradient":""},"tablet":{"background-color":"var(--ast-global-color-5)","background-image":"","background-repeat":"repeat","background-position":"center center","background-size":"auto","background-attachment":"scroll","background-type":"","background-media":"","overlay-type":"","overlay-color":"","overlay-opacity":"","overlay-gradient":""},"mobile":{"background-color":"var(--ast-global-color-5)","background-image":"","background-repeat":"repeat","background-position":"center center","background-size":"auto","background-attachment":"scroll","background-type":"","background-media":"","overlay-type":"","overlay-color":"","overlay-opacity":"","overlay-gradient":""}}},"product_brand":[],"product_cat":[31],"product_tag":[],"class_list":{"0":"post-1228","1":"product","2":"type-product","3":"status-publish","4":"has-post-thumbnail","6":"product_cat-reverse-osmosis-chemicals","7":"desktop-align-left","8":"tablet-align-left","9":"mobile-align-left","10":"ast-product-gallery-layout-horizontal-slider","11":"ast-product-gallery-with-no-image","12":"ast-product-tabs-layout-horizontal","14":"first","15":"instock","16":"shipping-taxable","17":"product-type-simple"},"yoast_head":"<!-- This site is optimized with the Yoast SEO Premium plugin v26.3 (Yoast SEO v27.5) - https:\/\/yoast.com\/product\/yoast-seo-premium-wordpress\/ -->\n<title>WT-200 Antiscalant and Dispersant for RO Membrane - vcycletech<\/title>\n<meta name=\"description\" content=\"Unlock the full potential of your RO membrane with WT-200 Antiscalant and Dispersant and enjoy enhanced performance &amp; protection from scale formation!\" \/>\n<meta name=\"robots\" content=\"index, follow, max-snippet:-1, max-image-preview:large, max-video-preview:-1\" \/>\n<link rel=\"canonical\" href=\"https:\/\/vcycletech.com\/fr\/produit\/wt-200-antitartre-et-dispersant\/\" \/>\n<meta property=\"og:locale\" content=\"fr_FR\" \/>\n<meta property=\"og:type\" content=\"article\" \/>\n<meta property=\"og:title\" content=\"WT-200 Antiscalant and Dispersant for RO Membrane\" \/>\n<meta property=\"og:description\" content=\"Unlock the full potential of your RO membrane with WT-200 Antiscalant and Dispersant and enjoy enhanced performance &amp; protection from scale formation!\" \/>\n<meta property=\"og:url\" content=\"https:\/\/vcycletech.com\/fr\/produit\/wt-200-antitartre-et-dispersant\/\" \/>\n<meta property=\"og:site_name\" content=\"vcycletech\" \/>\n<meta property=\"article:modified_time\" content=\"2023-03-27T05:08:59+00:00\" \/>\n<meta property=\"og:image\" content=\"https:\/\/vcycletech.com\/wp-content\/uploads\/2023\/03\/WT-0100-2-e1679628399887.png\" \/>\n\t<meta property=\"og:image:width\" content=\"600\" \/>\n\t<meta property=\"og:image:height\" content=\"600\" \/>\n\t<meta property=\"og:image:type\" content=\"image\/png\" \/>\n<meta name=\"twitter:card\" content=\"summary_large_image\" \/>\n<meta name=\"twitter:label1\" content=\"Dur\u00e9e de lecture estim\u00e9e\" \/>\n\t<meta name=\"twitter:data1\" content=\"2 minutes\" \/>\n<script type=\"application\/ld+json\" class=\"yoast-schema-graph\">{\"@context\":\"https:\\\/\\\/schema.org\",\"@graph\":[{\"@type\":\"WebPage\",\"@id\":\"https:\\\/\\\/vcycletech.com\\\/product\\\/wt-200-antiscalant-and-dispersant\\\/\",\"url\":\"https:\\\/\\\/vcycletech.com\\\/product\\\/wt-200-antiscalant-and-dispersant\\\/\",\"name\":\"WT-200 Antiscalant and Dispersant for RO Membrane - vcycletech\",\"isPartOf\":{\"@id\":\"https:\\\/\\\/vcycletech.com\\\/#website\"},\"primaryImageOfPage\":{\"@id\":\"https:\\\/\\\/vcycletech.com\\\/product\\\/wt-200-antiscalant-and-dispersant\\\/#primaryimage\"},\"image\":{\"@id\":\"https:\\\/\\\/vcycletech.com\\\/product\\\/wt-200-antiscalant-and-dispersant\\\/#primaryimage\"},\"thumbnailUrl\":\"https:\\\/\\\/vcycletech.com\\\/wp-content\\\/uploads\\\/2023\\\/03\\\/WT-0100-2-e1679628399887.png\",\"datePublished\":\"2023-03-21T11:46:18+00:00\",\"dateModified\":\"2023-03-27T05:08:59+00:00\",\"description\":\"Unlock the full potential of your RO membrane with WT-200 Antiscalant and Dispersant and enjoy enhanced performance & protection from scale formation!\",\"breadcrumb\":{\"@id\":\"https:\\\/\\\/vcycletech.com\\\/product\\\/wt-200-antiscalant-and-dispersant\\\/#breadcrumb\"},\"inLanguage\":\"fr-FR\",\"potentialAction\":[{\"@type\":\"ReadAction\",\"target\":[\"https:\\\/\\\/vcycletech.com\\\/product\\\/wt-200-antiscalant-and-dispersant\\\/\"]}]},{\"@type\":\"ImageObject\",\"inLanguage\":\"fr-FR\",\"@id\":\"https:\\\/\\\/vcycletech.com\\\/product\\\/wt-200-antiscalant-and-dispersant\\\/#primaryimage\",\"url\":\"https:\\\/\\\/vcycletech.com\\\/wp-content\\\/uploads\\\/2023\\\/03\\\/WT-0100-2-e1679628399887.png\",\"contentUrl\":\"https:\\\/\\\/vcycletech.com\\\/wp-content\\\/uploads\\\/2023\\\/03\\\/WT-0100-2-e1679628399887.png\",\"width\":600,\"height\":600,\"caption\":\"WT-200 Antiscalant and Dispersant for RO Membrane\"},{\"@type\":\"BreadcrumbList\",\"@id\":\"https:\\\/\\\/vcycletech.com\\\/product\\\/wt-200-antiscalant-and-dispersant\\\/#breadcrumb\",\"itemListElement\":[{\"@type\":\"ListItem\",\"position\":1,\"name\":\"Home\",\"item\":\"https:\\\/\\\/vcycletech.com\\\/\"},{\"@type\":\"ListItem\",\"position\":2,\"name\":\"Water Treatment Chemicals Manufacturer\",\"item\":\"https:\\\/\\\/vcycletech.com\\\/water-treatment-chemicals-manufacturer\\\/\"},{\"@type\":\"ListItem\",\"position\":3,\"name\":\"WT-200 Antiscalant and Dispersant for RO Membrane\"}]},{\"@type\":\"WebSite\",\"@id\":\"https:\\\/\\\/vcycletech.com\\\/#website\",\"url\":\"https:\\\/\\\/vcycletech.com\\\/\",\"name\":\"vcycletech\",\"description\":\"China&#039;s top water treatment chemicals supplier\",\"publisher\":{\"@id\":\"https:\\\/\\\/vcycletech.com\\\/#organization\"},\"potentialAction\":[{\"@type\":\"SearchAction\",\"target\":{\"@type\":\"EntryPoint\",\"urlTemplate\":\"https:\\\/\\\/vcycletech.com\\\/?s={search_term_string}\"},\"query-input\":{\"@type\":\"PropertyValueSpecification\",\"valueRequired\":true,\"valueName\":\"search_term_string\"}}],\"inLanguage\":\"fr-FR\"},{\"@type\":\"Organization\",\"@id\":\"https:\\\/\\\/vcycletech.com\\\/#organization\",\"name\":\"vcycletech\",\"url\":\"https:\\\/\\\/vcycletech.com\\\/\",\"logo\":{\"@type\":\"ImageObject\",\"inLanguage\":\"fr-FR\",\"@id\":\"https:\\\/\\\/vcycletech.com\\\/#\\\/schema\\\/logo\\\/image\\\/\",\"url\":\"https:\\\/\\\/vcycletech.com\\\/wp-content\\\/uploads\\\/2023\\\/03\\\/logo-vcycletech-1.png\",\"contentUrl\":\"https:\\\/\\\/vcycletech.com\\\/wp-content\\\/uploads\\\/2023\\\/03\\\/logo-vcycletech-1.png\",\"width\":600,\"height\":400,\"caption\":\"vcycletech\"},\"image\":{\"@id\":\"https:\\\/\\\/vcycletech.com\\\/#\\\/schema\\\/logo\\\/image\\\/\"}}]}<\/script>\n<!-- \/ Yoast SEO Premium plugin. -->","yoast_head_json":{"title":"Antitartre et dispersant WT-200 pour membrane RO - vcycletech","description":"Lib\u00e9rez tout le potentiel de votre membrane RO avec l&#039;antitartre et le dispersant WT-200 et profitez de performances et d&#039;une protection am\u00e9lior\u00e9es contre la formation de tartre\u00a0!","robots":{"index":"index","follow":"follow","max-snippet":"max-snippet:-1","max-image-preview":"max-image-preview:large","max-video-preview":"max-video-preview:-1"},"canonical":"https:\/\/vcycletech.com\/fr\/produit\/wt-200-antitartre-et-dispersant\/","og_locale":"fr_FR","og_type":"article","og_title":"WT-200 Antiscalant and Dispersant for RO Membrane","og_description":"Unlock the full potential of your RO membrane with WT-200 Antiscalant and Dispersant and enjoy enhanced performance & protection from scale formation!","og_url":"https:\/\/vcycletech.com\/fr\/produit\/wt-200-antitartre-et-dispersant\/","og_site_name":"vcycletech","article_modified_time":"2023-03-27T05:08:59+00:00","og_image":[{"width":600,"height":600,"url":"https:\/\/vcycletech.com\/wp-content\/uploads\/2023\/03\/WT-0100-2-e1679628399887.png","type":"image\/png"}],"twitter_card":"summary_large_image","twitter_misc":{"Dur\u00e9e de lecture estim\u00e9e":"2 minutes"},"schema":{"@context":"https:\/\/schema.org","@graph":[{"@type":"WebPage","@id":"https:\/\/vcycletech.com\/product\/wt-200-antiscalant-and-dispersant\/","url":"https:\/\/vcycletech.com\/product\/wt-200-antiscalant-and-dispersant\/","name":"Antitartre et dispersant WT-200 pour membrane RO - vcycletech","isPartOf":{"@id":"https:\/\/vcycletech.com\/#website"},"primaryImageOfPage":{"@id":"https:\/\/vcycletech.com\/product\/wt-200-antiscalant-and-dispersant\/#primaryimage"},"image":{"@id":"https:\/\/vcycletech.com\/product\/wt-200-antiscalant-and-dispersant\/#primaryimage"},"thumbnailUrl":"https:\/\/vcycletech.com\/wp-content\/uploads\/2023\/03\/WT-0100-2-e1679628399887.png","datePublished":"2023-03-21T11:46:18+00:00","dateModified":"2023-03-27T05:08:59+00:00","description":"Lib\u00e9rez tout le potentiel de votre membrane RO avec l&#039;antitartre et le dispersant WT-200 et profitez de performances et d&#039;une protection am\u00e9lior\u00e9es contre la formation de tartre\u00a0!","breadcrumb":{"@id":"https:\/\/vcycletech.com\/product\/wt-200-antiscalant-and-dispersant\/#breadcrumb"},"inLanguage":"fr-FR","potentialAction":[{"@type":"ReadAction","target":["https:\/\/vcycletech.com\/product\/wt-200-antiscalant-and-dispersant\/"]}]},{"@type":"ImageObject","inLanguage":"fr-FR","@id":"https:\/\/vcycletech.com\/product\/wt-200-antiscalant-and-dispersant\/#primaryimage","url":"https:\/\/vcycletech.com\/wp-content\/uploads\/2023\/03\/WT-0100-2-e1679628399887.png","contentUrl":"https:\/\/vcycletech.com\/wp-content\/uploads\/2023\/03\/WT-0100-2-e1679628399887.png","width":600,"height":600,"caption":"WT-200 Antiscalant and Dispersant for RO Membrane"},{"@type":"BreadcrumbList","@id":"https:\/\/vcycletech.com\/product\/wt-200-antiscalant-and-dispersant\/#breadcrumb","itemListElement":[{"@type":"ListItem","position":1,"name":"Home","item":"https:\/\/vcycletech.com\/"},{"@type":"ListItem","position":2,"name":"Water Treatment Chemicals Manufacturer","item":"https:\/\/vcycletech.com\/water-treatment-chemicals-manufacturer\/"},{"@type":"ListItem","position":3,"name":"WT-200 Antiscalant and Dispersant for RO Membrane"}]},{"@type":"WebSite","@id":"https:\/\/vcycletech.com\/#website","url":"https:\/\/vcycletech.com\/","name":"vcycletech","description":"Meilleur fournisseur de produits chimiques pour le traitement de l&#039;eau en Chine","publisher":{"@id":"https:\/\/vcycletech.com\/#organization"},"potentialAction":[{"@type":"SearchAction","target":{"@type":"EntryPoint","urlTemplate":"https:\/\/vcycletech.com\/?s={search_term_string}"},"query-input":{"@type":"PropertyValueSpecification","valueRequired":true,"valueName":"search_term_string"}}],"inLanguage":"fr-FR"},{"@type":"Organization","@id":"https:\/\/vcycletech.com\/#organization","name":"vcycletech","url":"https:\/\/vcycletech.com\/","logo":{"@type":"ImageObject","inLanguage":"fr-FR","@id":"https:\/\/vcycletech.com\/#\/schema\/logo\/image\/","url":"https:\/\/vcycletech.com\/wp-content\/uploads\/2023\/03\/logo-vcycletech-1.png","contentUrl":"https:\/\/vcycletech.com\/wp-content\/uploads\/2023\/03\/logo-vcycletech-1.png","width":600,"height":400,"caption":"vcycletech"},"image":{"@id":"https:\/\/vcycletech.com\/#\/schema\/logo\/image\/"}}]}},"_links":{"self":[{"href":"https:\/\/vcycletech.com\/fr\/wp-json\/wp\/v2\/product\/1228","targetHints":{"allow":["GET"]}}],"collection":[{"href":"https:\/\/vcycletech.com\/fr\/wp-json\/wp\/v2\/product"}],"about":[{"href":"https:\/\/vcycletech.com\/fr\/wp-json\/wp\/v2\/types\/product"}],"wp:featuredmedia":[{"embeddable":true,"href":"https:\/\/vcycletech.com\/fr\/wp-json\/wp\/v2\/media\/1237"}],"wp:attachment":[{"href":"https:\/\/vcycletech.com\/fr\/wp-json\/wp\/v2\/media?parent=1228"}],"wp:term":[{"taxonomy":"product_brand","embeddable":true,"href":"https:\/\/vcycletech.com\/fr\/wp-json\/wp\/v2\/product_brand?post=1228"},{"taxonomy":"product_cat","embeddable":true,"href":"https:\/\/vcycletech.com\/fr\/wp-json\/wp\/v2\/product_cat?post=1228"},{"taxonomy":"product_tag","embeddable":true,"href":"https:\/\/vcycletech.com\/fr\/wp-json\/wp\/v2\/product_tag?post=1228"}],"curies":[{"name":"wp","href":"https:\/\/api.w.org\/{rel}","templated":true}]}}