{"id":1218,"date":"2023-03-21T10:15:28","date_gmt":"2023-03-21T10:15:28","guid":{"rendered":"https:\/\/vcycletech.com\/?post_type=product&#038;p=1218"},"modified":"2023-03-27T05:10:37","modified_gmt":"2023-03-27T05:10:37","slug":"morpholine","status":"publish","type":"product","link":"https:\/\/vcycletech.com\/fr\/produit\/morpholine\/","title":{"rendered":"Morpholine"},"content":{"rendered":"<h3>Formule mol\u00e9culaire : C4H9NO<\/h3>\n<h3>Poids mol\u00e9culaire\u00a0: 87,12<\/h3>\n<h3>N\u00b0 CAS : 110-91-8 EINECS 203-815-1<\/h3>\n<h3>Structure moleculaire:<\/h3>\n<figure id=\"attachment_1220\" aria-describedby=\"caption-attachment-1220\" style=\"width: 600px\" class=\"wp-caption alignnone\"><img fetchpriority=\"high\" decoding=\"async\" class=\"size-full wp-image-1220\" src=\"https:\/\/vcycletech.com\/wp-content\/uploads\/2023\/03\/1-44.png\" alt=\"Morpholine\" width=\"600\" height=\"600\" srcset=\"https:\/\/vcycletech.com\/wp-content\/uploads\/2023\/03\/1-44.png 600w, https:\/\/vcycletech.com\/wp-content\/uploads\/2023\/03\/1-44-100x100.png 100w, https:\/\/vcycletech.com\/wp-content\/uploads\/2023\/03\/1-44-300x300.png 300w, https:\/\/vcycletech.com\/wp-content\/uploads\/2023\/03\/1-44-150x150.png 150w\" sizes=\"(max-width: 600px) 100vw, 600px\" \/><figcaption id=\"caption-attachment-1220\" class=\"wp-caption-text\">Morpholine<\/figcaption><\/figure>\n<h3>Sp\u00e9cification:<\/h3>\n<div id=\"footable_parent_1223\"\n         class=\"footable_parent ninja_table_wrapper loading_ninja_table wp_table_data_press_parent semantic_ui\">\n                <table data-ninja_table_instance=\"ninja_table_instance_0\" data-footable_id=\"1223\" data-filter-delay=\"1000\" aria-label=\"Morpholine.csv\"            id=\"footable_1223\"\n           data-unique_identifier=\"ninja_table_unique_id_2815620781_1223\"\n           class=\"foo-table ninja_footable foo_table_1223 ninja_table_unique_id_2815620781_1223 ui table  nt_type_legacy_table selectable striped vertical_centered  footable-paging-right ninja_table_pro\">\n                <colgroup>\n                            <col class=\"ninja_column_0\">\n                            <col class=\"ninja_column_1\">\n                    <\/colgroup>\n        <thead>\n<tr class=\"footable-header\">\n                                        <th scope=\"col\"  class=\"ninja_column_0 ninja_clmn_nm_items\">Articles<\/th><th scope=\"col\"  class=\"ninja_column_1 ninja_clmn_nm_index\">Indice<\/th><\/tr>\n<\/thead>\n<tbody>\n\n        <tr data-row_id=\"287\" class=\"ninja_table_row_0 nt_row_id_287\">\n            <td>Contenu de l&#039;activit\u00e9\u00a0:<\/td><td>99%<\/td>        <\/tr>\n            <tr data-row_id=\"288\" class=\"ninja_table_row_1 nt_row_id_288\">\n            <td>Densit\u00e9:<\/td><td>0,999g\/ml<\/td>        <\/tr>\n            <tr data-row_id=\"289\" class=\"ninja_table_row_2 nt_row_id_289\">\n            <td>Point de fusionPoint de fusion\uff1a<\/td><td>-4.9\u2103<\/td>        <\/tr>\n            <tr data-row_id=\"290\" class=\"ninja_table_row_3 nt_row_id_290\">\n            <td>Point d&#039;\u00e9bullition:<\/td><td>128\u2103<\/td>        <\/tr>\n            <tr data-row_id=\"291\" class=\"ninja_table_row_4 nt_row_id_291\">\n            <td>Temp\u00e9rature d&#039;inflammabilit\u00e9\uff1a<\/td><td>310\u2103<\/td>        <\/tr>\n            <tr data-row_id=\"292\" class=\"ninja_table_row_5 nt_row_id_292\">\n            <td>Point de rupture:<\/td><td>35\u2103<\/td>        <\/tr>\n            <tr data-row_id=\"293\" class=\"ninja_table_row_6 nt_row_id_293\">\n            <td>Classe de danger\u00a0:<\/td><td>8 (liquide corrosif)<\/td>        <\/tr>\n            <tr data-row_id=\"294\" class=\"ninja_table_row_7 nt_row_id_294\">\n            <td>Chroma (platine-cobalt)<\/td><td>\u2266 15<\/td>        <\/tr>\n            <tr data-row_id=\"295\" class=\"ninja_table_row_8 nt_row_id_295\">\n            <td>Plage d&#039;\u00e9bullition\u2103<\/td><td>126-130<\/td>        <\/tr>\n    <\/tbody><!--ninja_tobody_rendering_done-->\n    <\/table>\n    \n    \n    \n<\/div>\n\n<h3>Applications:<\/h3>\n<p><strong>Morpholine<\/strong> est un produit chimique industriel important avec de nombreuses utilisations, y compris comme acc\u00e9l\u00e9rateur de caoutchouc pour NOBS, OTOS et MDS\u00a0; agent de sulfuration (DT-DM); nettoyant; d\u00e9tartrant et antirouille; agent anti-br\u00fblure; antiseptique; tensioactif; impression textile et agent de teinture; agent de blanchiment optique; additif chimique pour bain de placage; antioxydant; agent hydrolysant; agent de conservation des fruits; d\u00e9sodorisant, azurant et solvant organique. Il est largement utilis\u00e9 dans la m\u00e9decine, la production de pesticides, la m\u00e9decine animale, le raffinage du p\u00e9trole et la fabrication d&#039;hydrocarbures aromatiques de coke.<\/p>\n<p><strong>Morpholine<\/strong> est principalement utilis\u00e9 \u00e0 l&#039;\u00e9tranger comme antirouille, d\u00e9tartrant et nettoyant pour m\u00e9taux, en particulier lorsque des temp\u00e9ratures \u00e9lev\u00e9es sont impliqu\u00e9es. Dans l&#039;industrie de l&#039;entretien des chaudi\u00e8res, il est \u00e9galement principalement utilis\u00e9 comme agent de d\u00e9tartrage. Ses propri\u00e9t\u00e9s chimiques uniques lui ont valu une grande valeur dans la chimie fine du p\u00e9trole.<\/p>\n<h3>Synonymes\u00a0:<\/h3>\n<p>1-Oxa-4-azacyclohexane ; T\u00e9trahydro-2H-1,4-oxazine<\/p>\n<h3>FAQ\u00a0:<\/h3>\n<p><strong>Q1\u00a0: \u00c0 quoi sert la morpholine dans les produits chimiques de traitement de l&#039;eau\u00a0?<\/strong><br \/>\nLa morpholine est un compos\u00e9 organique couramment utilis\u00e9 comme ingr\u00e9dient dans les produits chimiques de traitement de l&#039;eau en raison de sa capacit\u00e9 \u00e0 agir comme inhibiteur de corrosion et de tartre, \u00e0 am\u00e9liorer le contr\u00f4le de la mousse et \u00e0 pr\u00e9venir la croissance microbienne. Il agit en se liant aux ions m\u00e9talliques dans l&#039;eau, les emp\u00eachant de former des d\u00e9p\u00f4ts sur les surfaces et les tuyaux, ce qui peut r\u00e9duire l&#039;efficacit\u00e9 et augmenter les co\u00fbts \u00e9nerg\u00e9tiques. La morpholine est \u00e9galement efficace pour contr\u00f4ler la croissance des bact\u00e9ries, ce qui aide \u00e0 maintenir l&#039;approvisionnement en eau propre \u00e0 l&#039;abri de la contamination.<\/p>\n<p><strong>Q2\u00a0: Y a-t-il des risques pour la sant\u00e9 associ\u00e9s \u00e0 l&#039;utilisation de la morpholine pour le traitement de l&#039;eau\u00a0?<\/strong><br \/>\nDe mani\u00e8re g\u00e9n\u00e9rale, la morpholine ne pose pas de risque significatif pour la sant\u00e9 lorsqu&#039;elle est utilis\u00e9e correctement pour le traitement de l&#039;eau. Cependant, il convient de noter que l&#039;ingestion de fortes concentrations du produit chimique peut provoquer une irritation de la peau, des yeux ou des voies respiratoires en cas de contact. Par cons\u00e9quent, il est important de s&#039;assurer que toute application de morpholine est faite conform\u00e9ment aux instructions du fabricant et avec les pr\u00e9cautions de s\u00e9curit\u00e9 appropri\u00e9es en place.<\/p>\n<p><strong>Q3\u00a0:Combien de temps la morpholine reste-t-elle active dans l&#039;eau trait\u00e9e\u00a0?<\/strong><br \/>\nLa dur\u00e9e exacte pendant laquelle la morpholine reste active dans l&#039;eau trait\u00e9e varie en fonction de facteurs environnementaux tels que la temp\u00e9rature et les niveaux de pH. En g\u00e9n\u00e9ral. Cependant, des recherches ont montr\u00e9 qu&#039;il peut rester actif jusqu&#039;\u00e0 quatre semaines ou plus lorsqu&#039;il est appliqu\u00e9 aux taux recommand\u00e9s.<\/p>\n<p><strong>Q4\u00a0: Existe-t-il des preuves \u00e0 l&#039;appui de l&#039;utilisation de la morpholine pour le traitement de l&#039;eau potable\u00a0?<\/strong><br \/>\nPourtant, diverses \u00e9tudes ont montr\u00e9 que la morpholine peut \u00eatre efficace pour contr\u00f4ler la croissance microbienne lorsqu&#039;elle est utilis\u00e9e correctement pour traiter l&#039;approvisionnement en eau potable. Par exemple, une \u00e9tude a r\u00e9v\u00e9l\u00e9 qu&#039;il r\u00e9duisait le nombre d&#039;E-Coli de 99% dans les 24 heures suivant son ajout \u00e0 une source d&#039;eau potable contamin\u00e9e fournie par des puits.<\/p>\n<p><strong>Q5\u00a0: Existe-t-il des alternatives \u00e0 l&#039;utilisation de la morpholine pour le traitement de l&#039;eau\u00a0?<\/strong><br \/>\nOui - plusieurs autres compos\u00e9s organiques sont couramment utilis\u00e9s comme alternatives \u00e0 la morpholine pour le traitement des sources d&#039;eau potable industrielles et domestiques, notamment le glutarald\u00e9hyde, l&#039;acide citrique et les compos\u00e9s \u00e0 base d&#039;orthophosphate tels que les polyphosphates et les phosphonates.<\/p>\n<p><a href=\"https:\/\/vcycletech.com\/fr\/un-inhibiteur-de-corrosion\/\"><strong>Obtenez la solution compl\u00e8te d&#039;inhibiteurs de corrosion.<\/strong><\/a><\/p>","protected":false},"excerpt":{"rendered":"<p><strong>Morpholine<\/strong> est un produit chimique de traitement de l&#039;eau populaire qui est utilis\u00e9 pour une vari\u00e9t\u00e9 d&#039;applications. C&#039;est un compos\u00e9 d&#039;amine cyclique avec la formule mol\u00e9culaire C4H9NO et peut \u00eatre utilis\u00e9 comme inhibiteur de corrosion et d\u00e9sinfectant efficace. <strong>Morpholine<\/strong> La morpholine est couramment utilis\u00e9e dans les syst\u00e8mes de refroidissement industriels, les syst\u00e8mes de chaudi\u00e8res et d&#039;autres applications \u00e0 base d&#039;eau. La structure chimique de la morpholine la rend tr\u00e8s efficace pour pr\u00e9venir la corrosion, les d\u00e9p\u00f4ts et la formation de tartre, ce qui en fait un choix id\u00e9al pour le traitement de l&#039;eau.<\/p>\n<p>Outre ses nombreux avantages en termes de contr\u00f4le de la corrosion et de d\u00e9sinfection, la morpholine s&#039;est \u00e9galement av\u00e9r\u00e9e tr\u00e8s s\u00fbre lorsqu&#039;elle est utilis\u00e9e conform\u00e9ment aux instructions du fabricant. Le produit chimique ne pr\u00e9sente aucun risque pour la sant\u00e9 lorsqu&#039;il est manipul\u00e9 correctement et aucun impact environnemental connu n&#039;est associ\u00e9 \u00e0 son utilisation dans les syst\u00e8mes de traitement de l&#039;eau.<\/p>","protected":false},"featured_media":1230,"template":"","meta":{"site-sidebar-layout":"default","site-content-layout":"default","ast-site-content-layout":"default","site-content-style":"default","site-sidebar-style":"default","ast-global-header-display":"","ast-banner-title-visibility":"","ast-main-header-display":"","ast-hfb-above-header-display":"","ast-hfb-below-header-display":"","ast-hfb-mobile-header-display":"","site-post-title":"","ast-breadcrumbs-content":"","ast-featured-img":"","footer-sml-layout":"","ast-disable-related-posts":"","theme-transparent-header-meta":"default","adv-header-id-meta":"","stick-header-meta":"default","header-above-stick-meta":"","header-main-stick-meta":"","header-below-stick-meta":"","astra-migrate-meta-layouts":"default","ast-page-background-enabled":"default","ast-page-background-meta":{"desktop":{"background-color":"","background-image":"","background-repeat":"repeat","background-position":"center center","background-size":"auto","background-attachment":"scroll","background-type":"","background-media":"","overlay-type":"","overlay-color":"","overlay-opacity":"","overlay-gradient":""},"tablet":{"background-color":"","background-image":"","background-repeat":"repeat","background-position":"center center","background-size":"auto","background-attachment":"scroll","background-type":"","background-media":"","overlay-type":"","overlay-color":"","overlay-opacity":"","overlay-gradient":""},"mobile":{"background-color":"","background-image":"","background-repeat":"repeat","background-position":"center center","background-size":"auto","background-attachment":"scroll","background-type":"","background-media":"","overlay-type":"","overlay-color":"","overlay-opacity":"","overlay-gradient":""}},"ast-content-background-meta":{"desktop":{"background-color":"var(--ast-global-color-5)","background-image":"","background-repeat":"repeat","background-position":"center center","background-size":"auto","background-attachment":"scroll","background-type":"","background-media":"","overlay-type":"","overlay-color":"","overlay-opacity":"","overlay-gradient":""},"tablet":{"background-color":"var(--ast-global-color-5)","background-image":"","background-repeat":"repeat","background-position":"center center","background-size":"auto","background-attachment":"scroll","background-type":"","background-media":"","overlay-type":"","overlay-color":"","overlay-opacity":"","overlay-gradient":""},"mobile":{"background-color":"var(--ast-global-color-5)","background-image":"","background-repeat":"repeat","background-position":"center center","background-size":"auto","background-attachment":"scroll","background-type":"","background-media":"","overlay-type":"","overlay-color":"","overlay-opacity":"","overlay-gradient":""}}},"product_brand":[],"product_cat":[30],"product_tag":[],"class_list":{"0":"post-1218","1":"product","2":"type-product","3":"status-publish","4":"has-post-thumbnail","6":"product_cat-corrosion-inhibitors","7":"desktop-align-left","8":"tablet-align-left","9":"mobile-align-left","10":"ast-product-gallery-layout-horizontal-slider","11":"ast-product-tabs-layout-horizontal","13":"first","14":"instock","15":"shipping-taxable","16":"product-type-simple"},"yoast_head":"<!-- This site is optimized with the Yoast SEO Premium plugin v26.3 (Yoast SEO v27.3) - https:\/\/yoast.com\/product\/yoast-seo-premium-wordpress\/ -->\n<title>Morpholine - vcycletech<\/title>\n<meta name=\"description\" content=\"Morpholine helps to reduce the risk of damage to pipes and other equipment caused by corrosion due to its ability to form a protective layer on metals such as steel or copper. It also has antifoulant properties that help prevent the buildup of solids such as calcium carbonate or silica, ensuring that materials do not become clogged or blocked over time.\" \/>\n<meta name=\"robots\" content=\"index, follow, max-snippet:-1, max-image-preview:large, max-video-preview:-1\" \/>\n<link rel=\"canonical\" href=\"https:\/\/vcycletech.com\/fr\/produit\/morpholine\/\" \/>\n<meta property=\"og:locale\" content=\"fr_FR\" \/>\n<meta property=\"og:type\" content=\"article\" \/>\n<meta property=\"og:title\" content=\"Morpholine\" \/>\n<meta property=\"og:description\" content=\"Morpholine helps to reduce the risk of damage to pipes and other equipment caused by corrosion due to its ability to form a protective layer on metals such as steel or copper. It also has antifoulant properties that help prevent the buildup of solids such as calcium carbonate or silica, ensuring that materials do not become clogged or blocked over time.\" \/>\n<meta property=\"og:url\" content=\"https:\/\/vcycletech.com\/fr\/produit\/morpholine\/\" \/>\n<meta property=\"og:site_name\" content=\"vcycletech\" \/>\n<meta property=\"article:modified_time\" content=\"2023-03-27T05:10:37+00:00\" \/>\n<meta property=\"og:image\" content=\"https:\/\/vcycletech.com\/wp-content\/uploads\/2023\/03\/1-47.png\" \/>\n\t<meta property=\"og:image:width\" content=\"600\" \/>\n\t<meta property=\"og:image:height\" content=\"600\" \/>\n\t<meta property=\"og:image:type\" content=\"image\/png\" \/>\n<meta name=\"twitter:card\" content=\"summary_large_image\" \/>\n<meta name=\"twitter:label1\" content=\"Dur\u00e9e de lecture estim\u00e9e\" \/>\n\t<meta name=\"twitter:data1\" content=\"3 minutes\" \/>\n<script type=\"application\/ld+json\" class=\"yoast-schema-graph\">{\"@context\":\"https:\\\/\\\/schema.org\",\"@graph\":[{\"@type\":\"WebPage\",\"@id\":\"https:\\\/\\\/vcycletech.com\\\/product\\\/morpholine\\\/\",\"url\":\"https:\\\/\\\/vcycletech.com\\\/product\\\/morpholine\\\/\",\"name\":\"Morpholine - vcycletech\",\"isPartOf\":{\"@id\":\"https:\\\/\\\/vcycletech.com\\\/#website\"},\"primaryImageOfPage\":{\"@id\":\"https:\\\/\\\/vcycletech.com\\\/product\\\/morpholine\\\/#primaryimage\"},\"image\":{\"@id\":\"https:\\\/\\\/vcycletech.com\\\/product\\\/morpholine\\\/#primaryimage\"},\"thumbnailUrl\":\"https:\\\/\\\/vcycletech.com\\\/wp-content\\\/uploads\\\/2023\\\/03\\\/1-47.png\",\"datePublished\":\"2023-03-21T10:15:28+00:00\",\"dateModified\":\"2023-03-27T05:10:37+00:00\",\"description\":\"Morpholine helps to reduce the risk of damage to pipes and other equipment caused by corrosion due to its ability to form a protective layer on metals such as steel or copper. It also has antifoulant properties that help prevent the buildup of solids such as calcium carbonate or silica, ensuring that materials do not become clogged or blocked over time.\",\"breadcrumb\":{\"@id\":\"https:\\\/\\\/vcycletech.com\\\/product\\\/morpholine\\\/#breadcrumb\"},\"inLanguage\":\"fr-FR\",\"potentialAction\":[{\"@type\":\"ReadAction\",\"target\":[\"https:\\\/\\\/vcycletech.com\\\/product\\\/morpholine\\\/\"]}]},{\"@type\":\"ImageObject\",\"inLanguage\":\"fr-FR\",\"@id\":\"https:\\\/\\\/vcycletech.com\\\/product\\\/morpholine\\\/#primaryimage\",\"url\":\"https:\\\/\\\/vcycletech.com\\\/wp-content\\\/uploads\\\/2023\\\/03\\\/1-47.png\",\"contentUrl\":\"https:\\\/\\\/vcycletech.com\\\/wp-content\\\/uploads\\\/2023\\\/03\\\/1-47.png\",\"width\":600,\"height\":600,\"caption\":\"Morpholine\"},{\"@type\":\"BreadcrumbList\",\"@id\":\"https:\\\/\\\/vcycletech.com\\\/product\\\/morpholine\\\/#breadcrumb\",\"itemListElement\":[{\"@type\":\"ListItem\",\"position\":1,\"name\":\"Home\",\"item\":\"https:\\\/\\\/vcycletech.com\\\/\"},{\"@type\":\"ListItem\",\"position\":2,\"name\":\"Water Treatment Chemicals Manufacturer\",\"item\":\"https:\\\/\\\/vcycletech.com\\\/water-treatment-chemicals-manufacturer\\\/\"},{\"@type\":\"ListItem\",\"position\":3,\"name\":\"Morpholine\"}]},{\"@type\":\"WebSite\",\"@id\":\"https:\\\/\\\/vcycletech.com\\\/#website\",\"url\":\"https:\\\/\\\/vcycletech.com\\\/\",\"name\":\"vcycletech\",\"description\":\"China&#039;s top water treatment chemicals supplier\",\"publisher\":{\"@id\":\"https:\\\/\\\/vcycletech.com\\\/#organization\"},\"potentialAction\":[{\"@type\":\"SearchAction\",\"target\":{\"@type\":\"EntryPoint\",\"urlTemplate\":\"https:\\\/\\\/vcycletech.com\\\/?s={search_term_string}\"},\"query-input\":{\"@type\":\"PropertyValueSpecification\",\"valueRequired\":true,\"valueName\":\"search_term_string\"}}],\"inLanguage\":\"fr-FR\"},{\"@type\":\"Organization\",\"@id\":\"https:\\\/\\\/vcycletech.com\\\/#organization\",\"name\":\"vcycletech\",\"url\":\"https:\\\/\\\/vcycletech.com\\\/\",\"logo\":{\"@type\":\"ImageObject\",\"inLanguage\":\"fr-FR\",\"@id\":\"https:\\\/\\\/vcycletech.com\\\/#\\\/schema\\\/logo\\\/image\\\/\",\"url\":\"https:\\\/\\\/vcycletech.com\\\/wp-content\\\/uploads\\\/2023\\\/03\\\/logo-vcycletech-1.png\",\"contentUrl\":\"https:\\\/\\\/vcycletech.com\\\/wp-content\\\/uploads\\\/2023\\\/03\\\/logo-vcycletech-1.png\",\"width\":600,\"height\":400,\"caption\":\"vcycletech\"},\"image\":{\"@id\":\"https:\\\/\\\/vcycletech.com\\\/#\\\/schema\\\/logo\\\/image\\\/\"}}]}<\/script>\n<!-- \/ Yoast SEO Premium plugin. -->","yoast_head_json":{"title":"Morpholine - vcycletech","description":"La morpholine aide \u00e0 r\u00e9duire le risque de dommages aux tuyaux et autres \u00e9quipements caus\u00e9s par la corrosion en raison de sa capacit\u00e9 \u00e0 former une couche protectrice sur les m\u00e9taux tels que l&#039;acier ou le cuivre. Il poss\u00e8de \u00e9galement des propri\u00e9t\u00e9s antisalissures qui aident \u00e0 pr\u00e9venir l&#039;accumulation de solides tels que le carbonate de calcium ou la silice, garantissant que les mat\u00e9riaux ne se bouchent pas ou ne se bloquent pas avec le temps.","robots":{"index":"index","follow":"follow","max-snippet":"max-snippet:-1","max-image-preview":"max-image-preview:large","max-video-preview":"max-video-preview:-1"},"canonical":"https:\/\/vcycletech.com\/fr\/produit\/morpholine\/","og_locale":"fr_FR","og_type":"article","og_title":"Morpholine","og_description":"Morpholine helps to reduce the risk of damage to pipes and other equipment caused by corrosion due to its ability to form a protective layer on metals such as steel or copper. It also has antifoulant properties that help prevent the buildup of solids such as calcium carbonate or silica, ensuring that materials do not become clogged or blocked over time.","og_url":"https:\/\/vcycletech.com\/fr\/produit\/morpholine\/","og_site_name":"vcycletech","article_modified_time":"2023-03-27T05:10:37+00:00","og_image":[{"width":600,"height":600,"url":"https:\/\/vcycletech.com\/wp-content\/uploads\/2023\/03\/1-47.png","type":"image\/png"}],"twitter_card":"summary_large_image","twitter_misc":{"Dur\u00e9e de lecture estim\u00e9e":"3 minutes"},"schema":{"@context":"https:\/\/schema.org","@graph":[{"@type":"WebPage","@id":"https:\/\/vcycletech.com\/product\/morpholine\/","url":"https:\/\/vcycletech.com\/product\/morpholine\/","name":"Morpholine - vcycletech","isPartOf":{"@id":"https:\/\/vcycletech.com\/#website"},"primaryImageOfPage":{"@id":"https:\/\/vcycletech.com\/product\/morpholine\/#primaryimage"},"image":{"@id":"https:\/\/vcycletech.com\/product\/morpholine\/#primaryimage"},"thumbnailUrl":"https:\/\/vcycletech.com\/wp-content\/uploads\/2023\/03\/1-47.png","datePublished":"2023-03-21T10:15:28+00:00","dateModified":"2023-03-27T05:10:37+00:00","description":"La morpholine aide \u00e0 r\u00e9duire le risque de dommages aux tuyaux et autres \u00e9quipements caus\u00e9s par la corrosion en raison de sa capacit\u00e9 \u00e0 former une couche protectrice sur les m\u00e9taux tels que l&#039;acier ou le cuivre. Il poss\u00e8de \u00e9galement des propri\u00e9t\u00e9s antisalissures qui aident \u00e0 pr\u00e9venir l&#039;accumulation de solides tels que le carbonate de calcium ou la silice, garantissant que les mat\u00e9riaux ne se bouchent pas ou ne se bloquent pas avec le temps.","breadcrumb":{"@id":"https:\/\/vcycletech.com\/product\/morpholine\/#breadcrumb"},"inLanguage":"fr-FR","potentialAction":[{"@type":"ReadAction","target":["https:\/\/vcycletech.com\/product\/morpholine\/"]}]},{"@type":"ImageObject","inLanguage":"fr-FR","@id":"https:\/\/vcycletech.com\/product\/morpholine\/#primaryimage","url":"https:\/\/vcycletech.com\/wp-content\/uploads\/2023\/03\/1-47.png","contentUrl":"https:\/\/vcycletech.com\/wp-content\/uploads\/2023\/03\/1-47.png","width":600,"height":600,"caption":"Morpholine"},{"@type":"BreadcrumbList","@id":"https:\/\/vcycletech.com\/product\/morpholine\/#breadcrumb","itemListElement":[{"@type":"ListItem","position":1,"name":"Home","item":"https:\/\/vcycletech.com\/"},{"@type":"ListItem","position":2,"name":"Water Treatment Chemicals Manufacturer","item":"https:\/\/vcycletech.com\/water-treatment-chemicals-manufacturer\/"},{"@type":"ListItem","position":3,"name":"Morpholine"}]},{"@type":"WebSite","@id":"https:\/\/vcycletech.com\/#website","url":"https:\/\/vcycletech.com\/","name":"vcycletech","description":"Meilleur fournisseur de produits chimiques pour le traitement de l&#039;eau en Chine","publisher":{"@id":"https:\/\/vcycletech.com\/#organization"},"potentialAction":[{"@type":"SearchAction","target":{"@type":"EntryPoint","urlTemplate":"https:\/\/vcycletech.com\/?s={search_term_string}"},"query-input":{"@type":"PropertyValueSpecification","valueRequired":true,"valueName":"search_term_string"}}],"inLanguage":"fr-FR"},{"@type":"Organization","@id":"https:\/\/vcycletech.com\/#organization","name":"vcycletech","url":"https:\/\/vcycletech.com\/","logo":{"@type":"ImageObject","inLanguage":"fr-FR","@id":"https:\/\/vcycletech.com\/#\/schema\/logo\/image\/","url":"https:\/\/vcycletech.com\/wp-content\/uploads\/2023\/03\/logo-vcycletech-1.png","contentUrl":"https:\/\/vcycletech.com\/wp-content\/uploads\/2023\/03\/logo-vcycletech-1.png","width":600,"height":400,"caption":"vcycletech"},"image":{"@id":"https:\/\/vcycletech.com\/#\/schema\/logo\/image\/"}}]}},"_links":{"self":[{"href":"https:\/\/vcycletech.com\/fr\/wp-json\/wp\/v2\/product\/1218","targetHints":{"allow":["GET"]}}],"collection":[{"href":"https:\/\/vcycletech.com\/fr\/wp-json\/wp\/v2\/product"}],"about":[{"href":"https:\/\/vcycletech.com\/fr\/wp-json\/wp\/v2\/types\/product"}],"wp:featuredmedia":[{"embeddable":true,"href":"https:\/\/vcycletech.com\/fr\/wp-json\/wp\/v2\/media\/1230"}],"wp:attachment":[{"href":"https:\/\/vcycletech.com\/fr\/wp-json\/wp\/v2\/media?parent=1218"}],"wp:term":[{"taxonomy":"product_brand","embeddable":true,"href":"https:\/\/vcycletech.com\/fr\/wp-json\/wp\/v2\/product_brand?post=1218"},{"taxonomy":"product_cat","embeddable":true,"href":"https:\/\/vcycletech.com\/fr\/wp-json\/wp\/v2\/product_cat?post=1218"},{"taxonomy":"product_tag","embeddable":true,"href":"https:\/\/vcycletech.com\/fr\/wp-json\/wp\/v2\/product_tag?post=1218"}],"curies":[{"name":"wp","href":"https:\/\/api.w.org\/{rel}","templated":true}]}}