{"id":1210,"date":"2023-03-21T10:01:44","date_gmt":"2023-03-21T10:01:44","guid":{"rendered":"https:\/\/vcycletech.com\/?post_type=product&#038;p=1210"},"modified":"2023-03-27T05:14:10","modified_gmt":"2023-03-27T05:14:10","slug":"wt-150-antitartre-et-dispersant","status":"publish","type":"product","link":"https:\/\/vcycletech.com\/fr\/produit\/wt-150-antitartre-et-dispersant\/","title":{"rendered":"Antitartre et dispersant WT-150 pour membrane RO"},"content":{"rendered":"<h3 id=\"introduction_2\" class=\"xsj_heading_hash xsj_heading xsj_heading_h2\" data-source-line=\"6\" data-source-line-display=\"true\"><span class=\"xsj_heading_content\">Introduction:<\/span><\/h3>\n<p class=\"xsj_paragraph xsj_paragraph_level_0\" data-source-line=\"7\" data-source-line-display=\"true\"><strong>WT-150<\/strong> est un antitartre et dispersant avanc\u00e9 pour les membranes d&#039;osmose inverse (OI), offrant une protection sup\u00e9rieure contre la formation de tartre min\u00e9ral et la corrosion. Ce produit remarquable offre d&#039;excellentes performances sur une large gamme de pH, de 5 \u00e0 9, sans dilution ni pr\u00e9traitement suppl\u00e9mentaire. M\u00eame \u00e0 des valeurs LSI \u00e9lev\u00e9es, il est tr\u00e8s efficace contre le carbonate de calcium, les sulfates et les tartres de strontium. De plus, il \u00e9limine le besoin de floculants organiques dans les syst\u00e8mes d&#039;eau potable et am\u00e9liore la r\u00e9sistance aux d\u00e9p\u00f4ts d&#039;oxyde de fer et d&#039;aluminium.<\/p>\n<div class=\"xiaoshujiang_element xsj_anchor\"><a class=\"blank_anchor_name\" name=\"features_3\"><\/a><a id=\"features_3\" class=\"blank_anchor_id\"><\/a><a class=\"blank_anchor_name\" name=\"features\"><\/a><a id=\"features\" class=\"blank_anchor_id\"><\/a><\/div>\n<h3 id=\"features_3\" class=\"xsj_heading_hash xsj_heading xsj_heading_h2\" data-source-line=\"9\" data-source-line-display=\"true\"><span class=\"xsj_heading_content\">Caract\u00e9ristiques:<\/span><\/h3>\n<p class=\"xsj_paragraph xsj_paragraph_level_0\" data-source-line=\"11\" data-source-line-display=\"true\"><strong>WT-150<\/strong> poss\u00e8de plusieurs caract\u00e9ristiques cl\u00e9s, ce qui en fait une solution id\u00e9ale pour prot\u00e9ger les membranes d&#039;osmose inverse de la formation de tartre min\u00e9ral et de la corrosion. Ceux-ci inclus:<br \/>\n\u2022 Haute efficacit\u00e9 \u2013 Le produit emp\u00eache l&#039;accumulation de tartre sur les surfaces de la membrane lorsque les valeurs LSI atteignent 3,0 !<br \/>\n\u2022 Large gamme de pH \u2013 Le produit fonctionne sur une large gamme de niveaux de pH (5-9), \u00e9liminant le besoin d&#039;une dilution suppl\u00e9mentaire ou d&#039;un pr\u00e9traitement.<br \/>\n\u2022 Polyvalence - <strong>WT-150<\/strong> peut \u00eatre utilis\u00e9 dans les syst\u00e8mes d&#039;eau potable avec des floculants organiques et des agents non organiques. Il am\u00e9liore \u00e9galement la r\u00e9sistance aux d\u00e9p\u00f4ts d&#039;oxyde d&#039;aluminium et d&#039;oxyde ferrique.<br \/>\n\u2022 Fiabilit\u00e9 \u2013 Ce produit exceptionnel offre une protection fiable contre le carbonate de calcium, les sulfates et les tartres de strontium sans faute !<\/p>\n<div class=\"xiaoshujiang_element xsj_anchor\"><a class=\"blank_anchor_name\" name=\"applications_4\"><\/a><a id=\"applications_4\" class=\"blank_anchor_id\"><\/a><a class=\"blank_anchor_name\" name=\"applications\"><\/a><a id=\"applications\" class=\"blank_anchor_id\"><\/a><\/div>\n<h3 id=\"applications_4\" class=\"xsj_heading_hash xsj_heading xsj_heading_h2\" data-source-line=\"18\" data-source-line-display=\"true\"><span class=\"xsj_heading_content\">Applications:<\/span><\/h3>\n<p class=\"xsj_paragraph xsj_paragraph_level_0\" data-source-line=\"20\" data-source-line-display=\"true\"><strong>WT-150<\/strong> convient \u00e0 diverses applications, y compris le traitement des eaux de proc\u00e9d\u00e9s industriels, le traitement des eaux us\u00e9es et les syst\u00e8mes d&#039;eau de refroidissement, o\u00f9 il offre d&#039;excellentes performances d&#039;inhibition du tartre avec des exigences de concentration de dosage minimales. De plus, le produit peut am\u00e9liorer la qualit\u00e9 de l&#039;eau potable en \u00e9liminant le besoin de floculants organiques dans les syst\u00e8mes d&#039;osmose inverse.<\/p>\n<h3>Sp\u00e9cification:<\/h3>\n<div id=\"footable_parent_1014\" class=\"footable_parent ninja_table_wrapper wp_table_data_press_parent semantic_ui\">\n<table>\n<tbody>\n<tr>\n<td width=\"204\">Articles<\/td>\n<td width=\"315\">Indice<\/td>\n<\/tr>\n<tr>\n<td width=\"204\">Apparence<\/td>\n<td width=\"315\">Liquide transparent ambr\u00e9<\/td>\n<\/tr>\n<tr>\n<td width=\"204\">pH (solution aqueuse 1%)<\/td>\n<td width=\"315\">2.0\u00b11.0<\/td>\n<\/tr>\n<tr>\n<td width=\"204\">Densit\u00e9 (20\u2103), g\/cm3<\/td>\n<td width=\"315\">1.10 mn<\/td>\n<\/tr>\n<\/tbody>\n<\/table>\n<\/div>\n<div class=\"xiaoshujiang_element xsj_anchor\"><a class=\"blank_anchor_name\" name=\"faqs_5\"><\/a><a id=\"faqs_5\" class=\"blank_anchor_id\"><\/a><a class=\"blank_anchor_name\" name=\"faqs\"><\/a><a id=\"faqs\" class=\"blank_anchor_id\"><\/a><\/div>\n<h3 id=\"faqs_5\" class=\"xsj_heading_hash xsj_heading xsj_heading_h2\" data-source-line=\"22\" data-source-line-display=\"true\"><span class=\"xsj_heading_content\">FAQ\u00a0:<\/span><\/h3>\n<div class=\"xiaoshujiang_element xsj_anchor\"><a class=\"blank_anchor_name\" name=\"q120what20is20wt-150_6\"><\/a><a id=\"q120what20is20wt-150_6\" class=\"blank_anchor_id\"><\/a><a class=\"blank_anchor_name\" name=\"q1-what-is-wt-150\"><\/a><a id=\"q1-what-is-wt-150\" class=\"blank_anchor_id\"><\/a><\/div>\n<p id=\"q120what20is20wt-150_6\" class=\"xsj_heading_hash xsj_heading xsj_heading_h3\" data-source-line=\"23\" data-source-line-display=\"true\"><strong><span class=\"xsj_heading_content\">Q1\u00a0: Qu&#039;est-ce que le WT-150\u00a0?<\/span><\/strong><\/p>\n<p class=\"xsj_paragraph xsj_paragraph_level_0\" data-source-line=\"25\" data-source-line-display=\"true\">Le WT-150 est un antitartre\/dispersant avanc\u00e9 con\u00e7u sp\u00e9cifiquement pour les membranes d&#039;osmose inverse, qui emp\u00eache efficacement la formation de tartre min\u00e9ral tout en offrant une r\u00e9sistance accrue aux d\u00e9p\u00f4ts d&#039;oxyde ferrique et d&#039;oxyde d&#039;aluminium.<\/p>\n<div class=\"xiaoshujiang_element xsj_anchor\"><a class=\"blank_anchor_name\" name=\"q220what20kind20of20protection20does20it20offer_7\"><\/a><a id=\"q220what20kind20of20protection20does20it20offer_7\" class=\"blank_anchor_id\"><\/a><a class=\"blank_anchor_name\" name=\"q2-what-kind-of-protection-does-it-offer\"><\/a><a id=\"q2-what-kind-of-protection-does-it-offer\" class=\"blank_anchor_id\"><\/a><\/div>\n<p id=\"q220what20kind20of20protection20does20it20offer_7\" class=\"xsj_heading_hash xsj_heading xsj_heading_h2\" data-source-line=\"27\" data-source-line-display=\"true\"><strong><span class=\"xsj_heading_content\">Q2\u00a0: Quel type de protection offre-t-il\u00a0?<\/span><\/strong><\/p>\n<p class=\"xsj_paragraph xsj_paragraph_level_0\" data-source-line=\"29\" data-source-line-display=\"true\">Le WT-150 prot\u00e8ge les membranes d&#039;osmose inverse des d\u00e9p\u00f4ts de carbonate de calcium, de sulfates, de tartre de strontium, d&#039;oxyde d&#039;aluminium et d&#039;oxyde ferrique avec des performances tr\u00e8s efficaces, m\u00eame \u00e0 des valeurs LSI \u00e9lev\u00e9es (jusqu&#039;\u00e0 3).<\/p>\n<p class=\"xiaoshujiang_element xsj_anchor\"><a class=\"blank_anchor_name\" name=\"q320is20there20any20additional20pretreatment20necessary_8\"><\/a><a id=\"q320is20there20any20additional20pretreatment20necessary_8\" class=\"blank_anchor_id\"><\/a><a class=\"blank_anchor_name\" name=\"q3-is-there-any-additional-pretreatment-necessary\"><\/a><a id=\"q3-is-there-any-additional-pretreatment-necessary\" class=\"blank_anchor_id\"><\/a><\/p>\n<p id=\"q320is20there20any20additional20pretreatment20necessary_8\" class=\"xsj_heading_hash xsj_heading xsj_heading_h3\" data-source-line=\"31\" data-source-line-display=\"true\"><strong><span class=\"xsj_heading_content\">Q3\u00a0: Un pr\u00e9traitement suppl\u00e9mentaire est-il n\u00e9cessaire\u00a0?<\/span><\/strong><\/p>\n<p class=\"xsj_paragraph xsj_paragraph_level_0\" data-source-line=\"33\" data-source-line-display=\"true\">Non! Le produit fonctionne sur une large plage de pH entre 5 et 9 sans dilution ni pr\u00e9traitement\u00a0!<\/p>\n<div class=\"xiaoshujiang_element xsj_anchor\"><a class=\"blank_anchor_name\" name=\"q420what20are20its20applications_9\"><\/a><a id=\"q420what20are20its20applications_9\" class=\"blank_anchor_id\"><\/a><a class=\"blank_anchor_name\" name=\"q4-what-are-its-applications\"><\/a><a id=\"q4-what-are-its-applications\" class=\"blank_anchor_id\"><\/a><\/div>\n<p id=\"q420what20are20its20applications_9\" class=\"xsj_heading_hash xsj_heading xsj_heading_h3\" data-source-line=\"35\" data-source-line-display=\"true\"><strong><span class=\"xsj_heading_content\">Q4\u00a0: Quelles sont ses applications\u00a0?<\/span><\/strong><\/p>\n<p class=\"xsj_paragraph xsj_paragraph_level_0\" data-source-line=\"37\" data-source-line-display=\"true\">Ses principales applications incluent le traitement des eaux de process industriels ; traitement des eaux us\u00e9es; traitements du syst\u00e8me de refroidissement; am\u00e9lioration de l&#039;eau potable, etc., o\u00f9 il offre des r\u00e9sultats sup\u00e9rieurs avec des exigences de dosage minimales.<\/p>\n<p class=\"xsj_paragraph xsj_paragraph_level_0\" data-source-line=\"40\" data-source-line-display=\"true\"><a class=\"xsj_link xsj_manu_link\" href=\"https:\/\/vcycletech.com\/fr\/biocide-et-algicide\/\">Obtenez la solution compl\u00e8te de produits chimiques d&#039;osmose inverse<\/a>.<\/p>","protected":false},"excerpt":{"rendered":"<p>Si vous recherchez un antitartre et un dispersant incroyablement efficace et fiable, ne cherchez pas plus loin que <strong>WT-150<\/strong>! Ce produit peut am\u00e9liorer la qualit\u00e9 de l&#039;eau dans les syst\u00e8mes d&#039;osmose inverse (OI), de nanofiltration (NF) ou d&#039;ultrafiltration tout en emp\u00eachant la formation de d\u00e9p\u00f4ts min\u00e9raux sur les surfaces des membranes. En outre, <strong>WT-150<\/strong> peut \u00e9galement \u00eatre utilis\u00e9 avec des floculants organiques pour les syst\u00e8mes d&#039;eau potable et offre une protection contre le carbonate de calcium, les sulfates et les d\u00e9p\u00f4ts de strontium, m\u00eame lorsque les valeurs LSI sont \u00e9lev\u00e9es jusqu&#039;\u00e0 3,0\u00a0! Donc, si vous recherchez un produit qui gardera vos membranes RO, NF ou ultrafiltration propres et fonctionnelles au maximum,<strong> WT-150<\/strong> est un choix parfait.<\/p>","protected":false},"featured_media":1226,"template":"","meta":{"site-sidebar-layout":"default","site-content-layout":"default","ast-site-content-layout":"default","site-content-style":"default","site-sidebar-style":"default","ast-global-header-display":"","ast-banner-title-visibility":"","ast-main-header-display":"","ast-hfb-above-header-display":"","ast-hfb-below-header-display":"","ast-hfb-mobile-header-display":"","site-post-title":"","ast-breadcrumbs-content":"","ast-featured-img":"","footer-sml-layout":"","ast-disable-related-posts":"","theme-transparent-header-meta":"default","adv-header-id-meta":"","stick-header-meta":"default","header-above-stick-meta":"","header-main-stick-meta":"","header-below-stick-meta":"","astra-migrate-meta-layouts":"default","ast-page-background-enabled":"default","ast-page-background-meta":{"desktop":{"background-color":"","background-image":"","background-repeat":"repeat","background-position":"center center","background-size":"auto","background-attachment":"scroll","background-type":"","background-media":"","overlay-type":"","overlay-color":"","overlay-opacity":"","overlay-gradient":""},"tablet":{"background-color":"","background-image":"","background-repeat":"repeat","background-position":"center center","background-size":"auto","background-attachment":"scroll","background-type":"","background-media":"","overlay-type":"","overlay-color":"","overlay-opacity":"","overlay-gradient":""},"mobile":{"background-color":"","background-image":"","background-repeat":"repeat","background-position":"center center","background-size":"auto","background-attachment":"scroll","background-type":"","background-media":"","overlay-type":"","overlay-color":"","overlay-opacity":"","overlay-gradient":""}},"ast-content-background-meta":{"desktop":{"background-color":"var(--ast-global-color-5)","background-image":"","background-repeat":"repeat","background-position":"center center","background-size":"auto","background-attachment":"scroll","background-type":"","background-media":"","overlay-type":"","overlay-color":"","overlay-opacity":"","overlay-gradient":""},"tablet":{"background-color":"var(--ast-global-color-5)","background-image":"","background-repeat":"repeat","background-position":"center center","background-size":"auto","background-attachment":"scroll","background-type":"","background-media":"","overlay-type":"","overlay-color":"","overlay-opacity":"","overlay-gradient":""},"mobile":{"background-color":"var(--ast-global-color-5)","background-image":"","background-repeat":"repeat","background-position":"center center","background-size":"auto","background-attachment":"scroll","background-type":"","background-media":"","overlay-type":"","overlay-color":"","overlay-opacity":"","overlay-gradient":""}}},"product_brand":[],"product_cat":[31],"product_tag":[],"class_list":{"0":"post-1210","1":"product","2":"type-product","3":"status-publish","4":"has-post-thumbnail","6":"product_cat-reverse-osmosis-chemicals","7":"desktop-align-left","8":"tablet-align-left","9":"mobile-align-left","10":"ast-product-gallery-layout-horizontal-slider","11":"ast-product-gallery-with-no-image","12":"ast-product-tabs-layout-horizontal","14":"first","15":"instock","16":"shipping-taxable","17":"product-type-simple"},"yoast_head":"<!-- This site is optimized with the Yoast SEO Premium plugin v26.3 (Yoast SEO v27.3) - https:\/\/yoast.com\/product\/yoast-seo-premium-wordpress\/ -->\n<title>WT-150 Antiscalant and Dispersant for RO Membrane - vcycletech<\/title>\n<meta name=\"description\" content=\"Treat your RO membrane to [WT-150 Antiscalant and Dispersant] \u2013 the only scale inhibitor that provides exceptional reliability, quality and extended protection against scales up to LSI 3.0! #MembraneProtection\" \/>\n<meta name=\"robots\" content=\"index, follow, max-snippet:-1, max-image-preview:large, max-video-preview:-1\" \/>\n<link rel=\"canonical\" href=\"https:\/\/vcycletech.com\/fr\/produit\/wt-150-antitartre-et-dispersant\/\" \/>\n<meta property=\"og:locale\" content=\"fr_FR\" \/>\n<meta property=\"og:type\" content=\"article\" \/>\n<meta property=\"og:title\" content=\"WT-150 Antiscalant and Dispersant for RO Membrane\" \/>\n<meta property=\"og:description\" content=\"Treat your RO membrane to [WT-150 Antiscalant and Dispersant] \u2013 the only scale inhibitor that provides exceptional reliability, quality and extended protection against scales up to LSI 3.0! #MembraneProtection\" \/>\n<meta property=\"og:url\" content=\"https:\/\/vcycletech.com\/fr\/produit\/wt-150-antitartre-et-dispersant\/\" \/>\n<meta property=\"og:site_name\" content=\"vcycletech\" \/>\n<meta property=\"article:modified_time\" content=\"2023-03-27T05:14:10+00:00\" \/>\n<meta property=\"og:image\" content=\"https:\/\/vcycletech.com\/wp-content\/uploads\/2023\/03\/2-e1679628448950.png\" \/>\n\t<meta property=\"og:image:width\" content=\"600\" \/>\n\t<meta property=\"og:image:height\" content=\"600\" \/>\n\t<meta property=\"og:image:type\" content=\"image\/png\" \/>\n<meta name=\"twitter:card\" content=\"summary_large_image\" \/>\n<meta name=\"twitter:label1\" content=\"Dur\u00e9e de lecture estim\u00e9e\" \/>\n\t<meta name=\"twitter:data1\" content=\"2 minutes\" \/>\n<script type=\"application\/ld+json\" class=\"yoast-schema-graph\">{\"@context\":\"https:\\\/\\\/schema.org\",\"@graph\":[{\"@type\":\"WebPage\",\"@id\":\"https:\\\/\\\/vcycletech.com\\\/product\\\/wt-150-antiscalant-and-dispersant\\\/\",\"url\":\"https:\\\/\\\/vcycletech.com\\\/product\\\/wt-150-antiscalant-and-dispersant\\\/\",\"name\":\"WT-150 Antiscalant and Dispersant for RO Membrane - vcycletech\",\"isPartOf\":{\"@id\":\"https:\\\/\\\/vcycletech.com\\\/#website\"},\"primaryImageOfPage\":{\"@id\":\"https:\\\/\\\/vcycletech.com\\\/product\\\/wt-150-antiscalant-and-dispersant\\\/#primaryimage\"},\"image\":{\"@id\":\"https:\\\/\\\/vcycletech.com\\\/product\\\/wt-150-antiscalant-and-dispersant\\\/#primaryimage\"},\"thumbnailUrl\":\"https:\\\/\\\/vcycletech.com\\\/wp-content\\\/uploads\\\/2023\\\/03\\\/2-e1679628448950.png\",\"datePublished\":\"2023-03-21T10:01:44+00:00\",\"dateModified\":\"2023-03-27T05:14:10+00:00\",\"description\":\"Treat your RO membrane to [WT-150 Antiscalant and Dispersant] \u2013 the only scale inhibitor that provides exceptional reliability, quality and extended protection against scales up to LSI 3.0! #MembraneProtection\",\"breadcrumb\":{\"@id\":\"https:\\\/\\\/vcycletech.com\\\/product\\\/wt-150-antiscalant-and-dispersant\\\/#breadcrumb\"},\"inLanguage\":\"fr-FR\",\"potentialAction\":[{\"@type\":\"ReadAction\",\"target\":[\"https:\\\/\\\/vcycletech.com\\\/product\\\/wt-150-antiscalant-and-dispersant\\\/\"]}]},{\"@type\":\"ImageObject\",\"inLanguage\":\"fr-FR\",\"@id\":\"https:\\\/\\\/vcycletech.com\\\/product\\\/wt-150-antiscalant-and-dispersant\\\/#primaryimage\",\"url\":\"https:\\\/\\\/vcycletech.com\\\/wp-content\\\/uploads\\\/2023\\\/03\\\/2-e1679628448950.png\",\"contentUrl\":\"https:\\\/\\\/vcycletech.com\\\/wp-content\\\/uploads\\\/2023\\\/03\\\/2-e1679628448950.png\",\"width\":600,\"height\":600,\"caption\":\"WT-150 Antiscalant and Dispersant for RO Membrane\"},{\"@type\":\"BreadcrumbList\",\"@id\":\"https:\\\/\\\/vcycletech.com\\\/product\\\/wt-150-antiscalant-and-dispersant\\\/#breadcrumb\",\"itemListElement\":[{\"@type\":\"ListItem\",\"position\":1,\"name\":\"Home\",\"item\":\"https:\\\/\\\/vcycletech.com\\\/\"},{\"@type\":\"ListItem\",\"position\":2,\"name\":\"Water Treatment Chemicals Manufacturer\",\"item\":\"https:\\\/\\\/vcycletech.com\\\/water-treatment-chemicals-manufacturer\\\/\"},{\"@type\":\"ListItem\",\"position\":3,\"name\":\"WT-150 Antiscalant and Dispersant for RO Membrane\"}]},{\"@type\":\"WebSite\",\"@id\":\"https:\\\/\\\/vcycletech.com\\\/#website\",\"url\":\"https:\\\/\\\/vcycletech.com\\\/\",\"name\":\"vcycletech\",\"description\":\"China&#039;s top water treatment chemicals supplier\",\"publisher\":{\"@id\":\"https:\\\/\\\/vcycletech.com\\\/#organization\"},\"potentialAction\":[{\"@type\":\"SearchAction\",\"target\":{\"@type\":\"EntryPoint\",\"urlTemplate\":\"https:\\\/\\\/vcycletech.com\\\/?s={search_term_string}\"},\"query-input\":{\"@type\":\"PropertyValueSpecification\",\"valueRequired\":true,\"valueName\":\"search_term_string\"}}],\"inLanguage\":\"fr-FR\"},{\"@type\":\"Organization\",\"@id\":\"https:\\\/\\\/vcycletech.com\\\/#organization\",\"name\":\"vcycletech\",\"url\":\"https:\\\/\\\/vcycletech.com\\\/\",\"logo\":{\"@type\":\"ImageObject\",\"inLanguage\":\"fr-FR\",\"@id\":\"https:\\\/\\\/vcycletech.com\\\/#\\\/schema\\\/logo\\\/image\\\/\",\"url\":\"https:\\\/\\\/vcycletech.com\\\/wp-content\\\/uploads\\\/2023\\\/03\\\/logo-vcycletech-1.png\",\"contentUrl\":\"https:\\\/\\\/vcycletech.com\\\/wp-content\\\/uploads\\\/2023\\\/03\\\/logo-vcycletech-1.png\",\"width\":600,\"height\":400,\"caption\":\"vcycletech\"},\"image\":{\"@id\":\"https:\\\/\\\/vcycletech.com\\\/#\\\/schema\\\/logo\\\/image\\\/\"}}]}<\/script>\n<!-- \/ Yoast SEO Premium plugin. -->","yoast_head_json":{"title":"Antitartre et dispersant WT-150 pour membrane RO - vcycletech","description":"Treat your RO membrane to [WT-150 Antiscalant and Dispersant] \u2013 the only scale inhibitor that provides exceptional reliability, quality and extended protection against scales up to LSI 3.0! #MembraneProtection","robots":{"index":"index","follow":"follow","max-snippet":"max-snippet:-1","max-image-preview":"max-image-preview:large","max-video-preview":"max-video-preview:-1"},"canonical":"https:\/\/vcycletech.com\/fr\/produit\/wt-150-antitartre-et-dispersant\/","og_locale":"fr_FR","og_type":"article","og_title":"WT-150 Antiscalant and Dispersant for RO Membrane","og_description":"Treat your RO membrane to [WT-150 Antiscalant and Dispersant] \u2013 the only scale inhibitor that provides exceptional reliability, quality and extended protection against scales up to LSI 3.0! #MembraneProtection","og_url":"https:\/\/vcycletech.com\/fr\/produit\/wt-150-antitartre-et-dispersant\/","og_site_name":"vcycletech","article_modified_time":"2023-03-27T05:14:10+00:00","og_image":[{"width":600,"height":600,"url":"https:\/\/vcycletech.com\/wp-content\/uploads\/2023\/03\/2-e1679628448950.png","type":"image\/png"}],"twitter_card":"summary_large_image","twitter_misc":{"Dur\u00e9e de lecture estim\u00e9e":"2 minutes"},"schema":{"@context":"https:\/\/schema.org","@graph":[{"@type":"WebPage","@id":"https:\/\/vcycletech.com\/product\/wt-150-antiscalant-and-dispersant\/","url":"https:\/\/vcycletech.com\/product\/wt-150-antiscalant-and-dispersant\/","name":"Antitartre et dispersant WT-150 pour membrane RO - vcycletech","isPartOf":{"@id":"https:\/\/vcycletech.com\/#website"},"primaryImageOfPage":{"@id":"https:\/\/vcycletech.com\/product\/wt-150-antiscalant-and-dispersant\/#primaryimage"},"image":{"@id":"https:\/\/vcycletech.com\/product\/wt-150-antiscalant-and-dispersant\/#primaryimage"},"thumbnailUrl":"https:\/\/vcycletech.com\/wp-content\/uploads\/2023\/03\/2-e1679628448950.png","datePublished":"2023-03-21T10:01:44+00:00","dateModified":"2023-03-27T05:14:10+00:00","description":"Treat your RO membrane to [WT-150 Antiscalant and Dispersant] \u2013 the only scale inhibitor that provides exceptional reliability, quality and extended protection against scales up to LSI 3.0! #MembraneProtection","breadcrumb":{"@id":"https:\/\/vcycletech.com\/product\/wt-150-antiscalant-and-dispersant\/#breadcrumb"},"inLanguage":"fr-FR","potentialAction":[{"@type":"ReadAction","target":["https:\/\/vcycletech.com\/product\/wt-150-antiscalant-and-dispersant\/"]}]},{"@type":"ImageObject","inLanguage":"fr-FR","@id":"https:\/\/vcycletech.com\/product\/wt-150-antiscalant-and-dispersant\/#primaryimage","url":"https:\/\/vcycletech.com\/wp-content\/uploads\/2023\/03\/2-e1679628448950.png","contentUrl":"https:\/\/vcycletech.com\/wp-content\/uploads\/2023\/03\/2-e1679628448950.png","width":600,"height":600,"caption":"WT-150 Antiscalant and Dispersant for RO Membrane"},{"@type":"BreadcrumbList","@id":"https:\/\/vcycletech.com\/product\/wt-150-antiscalant-and-dispersant\/#breadcrumb","itemListElement":[{"@type":"ListItem","position":1,"name":"Home","item":"https:\/\/vcycletech.com\/"},{"@type":"ListItem","position":2,"name":"Water Treatment Chemicals Manufacturer","item":"https:\/\/vcycletech.com\/water-treatment-chemicals-manufacturer\/"},{"@type":"ListItem","position":3,"name":"WT-150 Antiscalant and Dispersant for RO Membrane"}]},{"@type":"WebSite","@id":"https:\/\/vcycletech.com\/#website","url":"https:\/\/vcycletech.com\/","name":"vcycletech","description":"Meilleur fournisseur de produits chimiques pour le traitement de l&#039;eau en Chine","publisher":{"@id":"https:\/\/vcycletech.com\/#organization"},"potentialAction":[{"@type":"SearchAction","target":{"@type":"EntryPoint","urlTemplate":"https:\/\/vcycletech.com\/?s={search_term_string}"},"query-input":{"@type":"PropertyValueSpecification","valueRequired":true,"valueName":"search_term_string"}}],"inLanguage":"fr-FR"},{"@type":"Organization","@id":"https:\/\/vcycletech.com\/#organization","name":"vcycletech","url":"https:\/\/vcycletech.com\/","logo":{"@type":"ImageObject","inLanguage":"fr-FR","@id":"https:\/\/vcycletech.com\/#\/schema\/logo\/image\/","url":"https:\/\/vcycletech.com\/wp-content\/uploads\/2023\/03\/logo-vcycletech-1.png","contentUrl":"https:\/\/vcycletech.com\/wp-content\/uploads\/2023\/03\/logo-vcycletech-1.png","width":600,"height":400,"caption":"vcycletech"},"image":{"@id":"https:\/\/vcycletech.com\/#\/schema\/logo\/image\/"}}]}},"_links":{"self":[{"href":"https:\/\/vcycletech.com\/fr\/wp-json\/wp\/v2\/product\/1210","targetHints":{"allow":["GET"]}}],"collection":[{"href":"https:\/\/vcycletech.com\/fr\/wp-json\/wp\/v2\/product"}],"about":[{"href":"https:\/\/vcycletech.com\/fr\/wp-json\/wp\/v2\/types\/product"}],"wp:featuredmedia":[{"embeddable":true,"href":"https:\/\/vcycletech.com\/fr\/wp-json\/wp\/v2\/media\/1226"}],"wp:attachment":[{"href":"https:\/\/vcycletech.com\/fr\/wp-json\/wp\/v2\/media?parent=1210"}],"wp:term":[{"taxonomy":"product_brand","embeddable":true,"href":"https:\/\/vcycletech.com\/fr\/wp-json\/wp\/v2\/product_brand?post=1210"},{"taxonomy":"product_cat","embeddable":true,"href":"https:\/\/vcycletech.com\/fr\/wp-json\/wp\/v2\/product_cat?post=1210"},{"taxonomy":"product_tag","embeddable":true,"href":"https:\/\/vcycletech.com\/fr\/wp-json\/wp\/v2\/product_tag?post=1210"}],"curies":[{"name":"wp","href":"https:\/\/api.w.org\/{rel}","templated":true}]}}