{"id":1208,"date":"2023-03-21T09:57:34","date_gmt":"2023-03-21T09:57:34","guid":{"rendered":"https:\/\/vcycletech.com\/?post_type=product&#038;p=1208"},"modified":"2023-03-27T05:21:13","modified_gmt":"2023-03-27T05:21:13","slug":"acrylique-homopolymerekr-1000","status":"publish","type":"product","link":"https:\/\/vcycletech.com\/fr\/produit\/acrylique-homopolymerekr-1000\/","title":{"rendered":"Homopolym\u00e8re acrylique (WT-1000)"},"content":{"rendered":"<h3>Formule structurelle:<\/h3>\n<p><img fetchpriority=\"high\" decoding=\"async\" class=\"alignnone size-full wp-image-1215\" src=\"https:\/\/vcycletech.com\/wp-content\/uploads\/2023\/03\/Structural-Formula-9.png\" alt=\"Formule structurelle de l&#039;homopolym\u00e8re acrylique (KR-1000)\" width=\"1400\" height=\"450\" srcset=\"https:\/\/vcycletech.com\/wp-content\/uploads\/2023\/03\/Structural-Formula-9.png 1400w, https:\/\/vcycletech.com\/wp-content\/uploads\/2023\/03\/Structural-Formula-9-600x193.png 600w, https:\/\/vcycletech.com\/wp-content\/uploads\/2023\/03\/Structural-Formula-9-300x96.png 300w, https:\/\/vcycletech.com\/wp-content\/uploads\/2023\/03\/Structural-Formula-9-1024x329.png 1024w, https:\/\/vcycletech.com\/wp-content\/uploads\/2023\/03\/Structural-Formula-9-768x247.png 768w\" sizes=\"(max-width: 1400px) 100vw, 1400px\" \/><\/p>\n<h3>Propri\u00e9t\u00e9s de l&#039;homopolym\u00e8re acrylique\u00a0:<\/h3>\n<div class=\"break-words markdown-formatted-text\">\n<p class=\"my-0.5\"><strong>WT-1000<\/strong> est un acide polyacrylique de faible poids mol\u00e9culaire (LMW) et ses sels de sodium correspondants qui sont des inhibiteurs de tartre tr\u00e8s efficaces, capables d&#039;emp\u00eacher le d\u00e9p\u00f4t de carbonate de calcium, de sulfate de calcium et de sulfate de baryum sur les surfaces. Ces polym\u00e8res ont des poids mol\u00e9culaires moyens de 2 000 \u00e0 4 500 et pr\u00e9sentent une bonne activit\u00e9 sur une large gamme de conditions de pH, de duret\u00e9 de l&#039;eau et de temp\u00e9rature. La s\u00e9rie WT-1000 pr\u00e9sente \u00e9galement une excellente stabilit\u00e9 au gel et au d\u00e9gel, ce qui les rend adapt\u00e9es aux applications industrielles de traitement de l&#039;eau et de production de p\u00e9trole. Le choix parmi les membres de la s\u00e9rie d\u00e9pend de l&#039;application, de la formulation, des conditions d&#039;utilisation et des caract\u00e9ristiques de performance requises.<\/p>\n<h3>Sp\u00e9cification:<\/h3>\n<div id=\"footable_parent_1217\"\n         class=\"footable_parent ninja_table_wrapper loading_ninja_table wp_table_data_press_parent semantic_ui\">\n                <table data-ninja_table_instance=\"ninja_table_instance_0\" data-footable_id=\"1217\" data-filter-delay=\"1000\" aria-label=\"Homopolym\u00e8re acrylique KR-1000.csv\"            id=\"footable_1217\"\n           data-unique_identifier=\"ninja_table_unique_id_2233625243_1217\"\n           class=\"foo-table ninja_footable foo_table_1217 ninja_table_unique_id_2233625243_1217 ui table  nt_type_legacy_table selectable striped vertical_centered  footable-paging-right ninja_table_pro\">\n                <colgroup>\n                            <col class=\"ninja_column_0\">\n                            <col class=\"ninja_column_1\">\n                    <\/colgroup>\n        <thead>\n<tr class=\"footable-header\">\n                                        <th scope=\"col\"  class=\"ninja_column_0 ninja_clmn_nm_items\">Articles<\/th><th scope=\"col\"  class=\"ninja_column_1 ninja_clmn_nm_index\">Indice<\/th><\/tr>\n<\/thead>\n<tbody>\n\n        <tr data-row_id=\"283\" class=\"ninja_table_row_0 nt_row_id_283\">\n            <td>Apparence<\/td><td>Liquide transparent incolore \u00e0 jaune p\u00e2le<\/td>        <\/tr>\n            <tr data-row_id=\"284\" class=\"ninja_table_row_1 nt_row_id_284\">\n            <td>Contenu solide, %<\/td><td>47.0-49.0<\/td>        <\/tr>\n            <tr data-row_id=\"285\" class=\"ninja_table_row_2 nt_row_id_285\">\n            <td>Densit\u00e9 (20\u2103), g\/cm3<\/td><td>1.20 mn<\/td>        <\/tr>\n            <tr data-row_id=\"286\" class=\"ninja_table_row_3 nt_row_id_286\">\n            <td>pH (tel quel)<\/td><td>3.0-4.5<\/td>        <\/tr>\n    <\/tbody><!--ninja_tobody_rendering_done-->\n    <\/table>\n    \n    \n    \n<\/div>\n\n<h3>Usage:<\/h3>\n<p>Lorsqu&#039;il est utilis\u00e9 seul, le dosage id\u00e9al de ce produit est de 10 \u00e0 30 mg\/L. Cependant, lorsqu&#039;il est utilis\u00e9 comme dispersant dans d&#039;autres domaines, la quantit\u00e9 doit \u00eatre d\u00e9termin\u00e9e par exp\u00e9rimentation.<\/p>\n<h3>Emballage et stockage\u00a0:<\/h3>\n<p>Ce produit est livr\u00e9 en f\u00fbts plastiques de 200L et en IBC (1000L). Les clients peuvent \u00e9galement faire des demandes sp\u00e9cifiques pour les tailles d&#039;emballage. Il doit \u00eatre stock\u00e9 dans un endroit frais et sec pendant dix mois maximum pour garantir une qualit\u00e9 optimale.<\/p>\n<h3>Guide complet sur l&#039;homopolym\u00e8re acrylique\u00a0:<\/h3>\n<h3><img decoding=\"async\" class=\"alignnone size-full wp-image-1222\" src=\"https:\/\/vcycletech.com\/wp-content\/uploads\/2023\/03\/1-46.png\" alt=\"Guide complet sur l&#039;homopolym\u00e8re acrylique\" width=\"600\" height=\"400\" srcset=\"https:\/\/vcycletech.com\/wp-content\/uploads\/2023\/03\/1-46.png 600w, https:\/\/vcycletech.com\/wp-content\/uploads\/2023\/03\/1-46-300x200.png 300w\" sizes=\"(max-width: 600px) 100vw, 600px\" \/><\/h3>\n<p>Les acides polyacryliques et leurs sels de sodium correspondants sont appel\u00e9s homopolym\u00e8res acryliques. Ce sont des polym\u00e8res de faible poids mol\u00e9culaire (LMW) avec un poids mol\u00e9culaire moyen compris entre 2000 et 4500 et ont \u00e9t\u00e9 largement utilis\u00e9s dans les applications de traitement de l&#039;eau industrielle et de production de p\u00e9trole. Ces homopolym\u00e8res acryliques fonctionnent comme des inhibiteurs de tartre, emp\u00eachant le d\u00e9p\u00f4t de carbonate de calcium, de sulfate de calcium et de sulfate de baryum sur les surfaces. De plus, ils conservent leur efficacit\u00e9 sur une large gamme de niveaux de pH, de duret\u00e9 de l&#039;eau et de temp\u00e9ratures - y compris les temp\u00e9ratures de cong\u00e9lation - ce qui les rend adapt\u00e9s \u00e0 une utilisation dans diverses industries.<\/p>\n<h4>Principe d&#039;action<\/h4>\n<p>Le principe de fonctionnement des homopolym\u00e8res acryliques est double : ces polym\u00e8res forment une couche protectrice en s&#039;adsorbant sur la surface. Cette couche peut bloquer l&#039;apparition de nouvelles pr\u00e9cipitations min\u00e9rales. Deuxi\u00e8mement, ces polym\u00e8res se dissolvent \u00e9galement en solution ; lorsque cela se produit, les mol\u00e9cules se lient ensemble, formant de grands amas qui ne peuvent se fixer \u00e0 aucune surface en raison de leur taille. Cela les fait rester en suspension dans la solution au lieu de pr\u00e9cipiter, emp\u00eachant ainsi la formation de tartre sur les surfaces.<\/p>\n<h4>Champ d&#039;application<\/h4>\n<p>En raison de ses propri\u00e9t\u00e9s, l&#039;homopolym\u00e8re acrylique trouve une application dans de nombreuses industries telles que la production d&#039;\u00e9lectricit\u00e9, l&#039;industrie de la teinture et de l&#039;impression textile, le conditionnement de l&#039;eau d&#039;alimentation des chaudi\u00e8res, les syst\u00e8mes de tour de refroidissement et les syst\u00e8mes d&#039;adoucissement de l&#039;eau de traitement, etc. n\u00e9cessitent un contr\u00f4le fiable du tartre.<\/p>\n<h4>Pr\u00e9cautions d&#039;emploi<\/h4>\n<p>Bien que les homopolym\u00e8res acryliques soient g\u00e9n\u00e9ralement s\u00fbrs \u00e0 utiliser dans les processus de traitement et de production, vous devez prendre certaines pr\u00e9cautions lors de leur utilisation\u00a0:<\/p>\n<p>Assurez-vous de s\u00e9lectionner le bon type de polym\u00e8re pour votre application - une s\u00e9lection incorrecte peut entra\u00eener une perte de performances ou m\u00eame endommager l&#039;\u00e9quipement.<\/p>\n<p>Comme pour tout produit chimique, vous devez utiliser des \u00e9quipements de protection tels que des gants et des lunettes de s\u00e9curit\u00e9 lors de sa manipulation.<\/p>\n<p>Suivez toujours les instructions du fabricant lorsque vous utilisez des produits chimiques - une utilisation incorrecte peut entra\u00eener des risques pour la sant\u00e9 ou endommager l&#039;\u00e9quipement.<\/p>\n<h3>FAQ\u00a0:<\/h3>\n<p><strong>Q1\u00a0: Qu&#039;est-ce qu&#039;un homopolym\u00e8re acrylique\u00a0?<\/strong><br \/>\nR\u00a0: Un homopolym\u00e8re acrylique est un polym\u00e8re de faible poids mol\u00e9culaire (LMW) compos\u00e9 d&#039;acide polyacrylique et de son sel de sodium correspondant. Il agit comme un inhibiteur de tartre en emp\u00eachant les pr\u00e9cipitations min\u00e9rales de se produire sur les surfaces.<\/p>\n<p><strong>Q2\u00a0: Quelle est la plage de poids mol\u00e9culaire\u00a0?<\/strong><br \/>\nR : La plage de poids mol\u00e9culaire est de 2 000 \u00e0 4 500 daltons, ce qui la rend adapt\u00e9e aux applications de traitement de l&#039;eau industrielle.<\/p>\n<p><strong>Q3\u00a0: Comment fonctionnent-ils\u00a0?<\/strong><br \/>\nR : Les homopolym\u00e8res acryliques agissent en formant une couche protectrice sur les surfaces par adsorption tout en se dissolvant dans une solution, o\u00f9 ils forment de gros amas qui ne peuvent se fixer \u00e0 aucune surface en raison de leur taille. Par cons\u00e9quent, ils restent en suspension dans la solution plut\u00f4t que de pr\u00e9cipiter hors de celle-ci, emp\u00eachant ainsi la formation de tartre sur les surfaces.<\/p>\n<p><strong>Q4\u00a0: Dans quelles industries trouvent-ils des applications\u00a0?<\/strong><br \/>\nA: Les homopolym\u00e8res acryliques trouvent une application dans l&#039;industrie de la production d&#039;\u00e9nergie, la teinture des textiles, les syst\u00e8mes d&#039;eau d&#039;alimentation des chaudi\u00e8res, les syst\u00e8mes de tours de refroidissement, etc., tous n\u00e9cessitant un contr\u00f4le fiable du tartre.<\/p>\n<p><strong>Q5\u00a0: Y a-t-il des pr\u00e9cautions \u00e0 prendre lors de l&#039;utilisation d&#039;homopolym\u00e8res acryliques\u00a0?<\/strong><br \/>\nR : Oui, assurez-vous toujours de s\u00e9lectionner le bon type pour votre application ; porter un \u00e9quipement de protection comme des gants et des lunettes de s\u00e9curit\u00e9\u00a0; suivre attentivement les instructions des fabricants.<\/p>\n<p><strong>Q6\u00a0: Y a-t-il des risques associ\u00e9s \u00e0 l&#039;utilisation d&#039;homopolym\u00e8res acryliques\u00a0?<\/strong><br \/>\nR : En cas d&#039;utilisation abusive, alors oui, certains risques peuvent \u00eatre associ\u00e9s \u00e0 l&#039;utilisation de ce produit, y compris les risques pour la sant\u00e9 et les dommages caus\u00e9s \u00e0 l&#039;\u00e9quipement. Par cons\u00e9quent, vous devez toujours lire et comprendre les instructions fournies par les fabricants avant utilisation.<\/p>\n<p><a href=\"https:\/\/vcycletech.com\/fr\/categorie-de-produit\/antitartre-et-dispersant-polycarboxylique\/\">Obtenez la solution compl\u00e8te antitartre et dispersant polycarboxylique<\/a><\/p>\n<\/div>","protected":false},"excerpt":{"rendered":"<p><strong>WT-1000<\/strong> est une s\u00e9rie d&#039;acides polyacryliques \u00e0 faible poids mol\u00e9culaire (LMW) et leurs sels de sodium correspondants qui sont des inhibiteurs de tartre tr\u00e8s efficaces, capables d&#039;emp\u00eacher le d\u00e9p\u00f4t de carbonate de calcium, de sulfate de calcium et de sulfate de baryum sur les surfaces. Ces polym\u00e8res ont des poids mol\u00e9culaires moyens en poids de 2 000 \u00e0 4 500 et pr\u00e9sentent une bonne activit\u00e9 sur une large gamme de conditions de pH, de duret\u00e9 de l&#039;eau et de temp\u00e9rature. <strong>WT-1000<\/strong> ont \u00e9galement une excellente stabilit\u00e9 au gel-d\u00e9gel, ce qui les rend adapt\u00e9es aux applications industrielles de traitement de l&#039;eau et de production de p\u00e9trole. Le choix parmi les membres de la s\u00e9rie d\u00e9pend de l&#039;application, de la formulation, des conditions d&#039;utilisation et des caract\u00e9ristiques de performance requises.<\/p>","protected":false},"featured_media":2835,"template":"","meta":{"site-sidebar-layout":"default","site-content-layout":"default","ast-site-content-layout":"default","site-content-style":"default","site-sidebar-style":"default","ast-global-header-display":"","ast-banner-title-visibility":"","ast-main-header-display":"","ast-hfb-above-header-display":"","ast-hfb-below-header-display":"","ast-hfb-mobile-header-display":"","site-post-title":"","ast-breadcrumbs-content":"","ast-featured-img":"","footer-sml-layout":"","ast-disable-related-posts":"","theme-transparent-header-meta":"default","adv-header-id-meta":"","stick-header-meta":"default","header-above-stick-meta":"","header-main-stick-meta":"","header-below-stick-meta":"","astra-migrate-meta-layouts":"default","ast-page-background-enabled":"default","ast-page-background-meta":{"desktop":{"background-color":"","background-image":"","background-repeat":"repeat","background-position":"center center","background-size":"auto","background-attachment":"scroll","background-type":"","background-media":"","overlay-type":"","overlay-color":"","overlay-opacity":"","overlay-gradient":""},"tablet":{"background-color":"","background-image":"","background-repeat":"repeat","background-position":"center center","background-size":"auto","background-attachment":"scroll","background-type":"","background-media":"","overlay-type":"","overlay-color":"","overlay-opacity":"","overlay-gradient":""},"mobile":{"background-color":"","background-image":"","background-repeat":"repeat","background-position":"center center","background-size":"auto","background-attachment":"scroll","background-type":"","background-media":"","overlay-type":"","overlay-color":"","overlay-opacity":"","overlay-gradient":""}},"ast-content-background-meta":{"desktop":{"background-color":"var(--ast-global-color-5)","background-image":"","background-repeat":"repeat","background-position":"center center","background-size":"auto","background-attachment":"scroll","background-type":"","background-media":"","overlay-type":"","overlay-color":"","overlay-opacity":"","overlay-gradient":""},"tablet":{"background-color":"var(--ast-global-color-5)","background-image":"","background-repeat":"repeat","background-position":"center center","background-size":"auto","background-attachment":"scroll","background-type":"","background-media":"","overlay-type":"","overlay-color":"","overlay-opacity":"","overlay-gradient":""},"mobile":{"background-color":"var(--ast-global-color-5)","background-image":"","background-repeat":"repeat","background-position":"center center","background-size":"auto","background-attachment":"scroll","background-type":"","background-media":"","overlay-type":"","overlay-color":"","overlay-opacity":"","overlay-gradient":""}}},"product_brand":[],"product_cat":[28],"product_tag":[],"class_list":{"0":"post-1208","1":"product","2":"type-product","3":"status-publish","4":"has-post-thumbnail","6":"product_cat-polycarboxylic-antiscalant-and-dispersant","7":"desktop-align-left","8":"tablet-align-left","9":"mobile-align-left","10":"ast-product-gallery-layout-horizontal-slider","11":"ast-product-gallery-with-no-image","12":"ast-product-tabs-layout-horizontal","14":"first","15":"instock","16":"shipping-taxable","17":"product-type-simple"},"yoast_head":"<!-- This site is optimized with the Yoast SEO Premium plugin v26.3 (Yoast SEO v27.3) - https:\/\/yoast.com\/product\/yoast-seo-premium-wordpress\/ -->\n<title>Acrylic Homopolymer(WT-1000) - vcycletech<\/title>\n<meta name=\"description\" content=\"Keep your water clean with Acrylic Homopolymer and the right water treatment chemicals. Act now to get started!\" \/>\n<meta name=\"robots\" content=\"index, follow, max-snippet:-1, max-image-preview:large, max-video-preview:-1\" \/>\n<link rel=\"canonical\" href=\"https:\/\/vcycletech.com\/fr\/produit\/acrylique-homopolymerekr-1000\/\" \/>\n<meta property=\"og:locale\" content=\"fr_FR\" \/>\n<meta property=\"og:type\" content=\"article\" \/>\n<meta property=\"og:title\" content=\"Acrylic Homopolymer(WT-1000)\" \/>\n<meta property=\"og:description\" content=\"Keep your water clean with Acrylic Homopolymer and the right water treatment chemicals. Act now to get started!\" \/>\n<meta property=\"og:url\" content=\"https:\/\/vcycletech.com\/fr\/produit\/acrylique-homopolymerekr-1000\/\" \/>\n<meta property=\"og:site_name\" content=\"vcycletech\" \/>\n<meta property=\"article:modified_time\" content=\"2023-03-27T05:21:13+00:00\" \/>\n<meta property=\"og:image\" content=\"https:\/\/vcycletech.com\/wp-content\/uploads\/2023\/03\/\u672a\u547d\u540d\u7684\u8bbe\u8ba1-3-22.png\" \/>\n\t<meta property=\"og:image:width\" content=\"600\" \/>\n\t<meta property=\"og:image:height\" content=\"600\" \/>\n\t<meta property=\"og:image:type\" content=\"image\/png\" \/>\n<meta name=\"twitter:card\" content=\"summary_large_image\" \/>\n<meta name=\"twitter:label1\" content=\"Dur\u00e9e de lecture estim\u00e9e\" \/>\n\t<meta name=\"twitter:data1\" content=\"4 minutes\" \/>\n<script type=\"application\/ld+json\" class=\"yoast-schema-graph\">{\"@context\":\"https:\\\/\\\/schema.org\",\"@graph\":[{\"@type\":\"WebPage\",\"@id\":\"https:\\\/\\\/vcycletech.com\\\/product\\\/acrylic-homopolymerwt-1000\\\/\",\"url\":\"https:\\\/\\\/vcycletech.com\\\/product\\\/acrylic-homopolymerwt-1000\\\/\",\"name\":\"Acrylic Homopolymer(WT-1000) - vcycletech\",\"isPartOf\":{\"@id\":\"https:\\\/\\\/vcycletech.com\\\/#website\"},\"primaryImageOfPage\":{\"@id\":\"https:\\\/\\\/vcycletech.com\\\/product\\\/acrylic-homopolymerwt-1000\\\/#primaryimage\"},\"image\":{\"@id\":\"https:\\\/\\\/vcycletech.com\\\/product\\\/acrylic-homopolymerwt-1000\\\/#primaryimage\"},\"thumbnailUrl\":\"https:\\\/\\\/vcycletech.com\\\/wp-content\\\/uploads\\\/2023\\\/03\\\/\u672a\u547d\u540d\u7684\u8bbe\u8ba1-3-22.png\",\"datePublished\":\"2023-03-21T09:57:34+00:00\",\"dateModified\":\"2023-03-27T05:21:13+00:00\",\"description\":\"Keep your water clean with Acrylic Homopolymer and the right water treatment chemicals. Act now to get started!\",\"breadcrumb\":{\"@id\":\"https:\\\/\\\/vcycletech.com\\\/product\\\/acrylic-homopolymerwt-1000\\\/#breadcrumb\"},\"inLanguage\":\"fr-FR\",\"potentialAction\":[{\"@type\":\"ReadAction\",\"target\":[\"https:\\\/\\\/vcycletech.com\\\/product\\\/acrylic-homopolymerwt-1000\\\/\"]}]},{\"@type\":\"ImageObject\",\"inLanguage\":\"fr-FR\",\"@id\":\"https:\\\/\\\/vcycletech.com\\\/product\\\/acrylic-homopolymerwt-1000\\\/#primaryimage\",\"url\":\"https:\\\/\\\/vcycletech.com\\\/wp-content\\\/uploads\\\/2023\\\/03\\\/\u672a\u547d\u540d\u7684\u8bbe\u8ba1-3-22.png\",\"contentUrl\":\"https:\\\/\\\/vcycletech.com\\\/wp-content\\\/uploads\\\/2023\\\/03\\\/\u672a\u547d\u540d\u7684\u8bbe\u8ba1-3-22.png\",\"width\":600,\"height\":600,\"caption\":\"WT-1000 Acrylic Homopolymer\"},{\"@type\":\"BreadcrumbList\",\"@id\":\"https:\\\/\\\/vcycletech.com\\\/product\\\/acrylic-homopolymerwt-1000\\\/#breadcrumb\",\"itemListElement\":[{\"@type\":\"ListItem\",\"position\":1,\"name\":\"Home\",\"item\":\"https:\\\/\\\/vcycletech.com\\\/\"},{\"@type\":\"ListItem\",\"position\":2,\"name\":\"Water Treatment Chemicals Manufacturer\",\"item\":\"https:\\\/\\\/vcycletech.com\\\/water-treatment-chemicals-manufacturer\\\/\"},{\"@type\":\"ListItem\",\"position\":3,\"name\":\"Acrylic Homopolymer(WT-1000)\"}]},{\"@type\":\"WebSite\",\"@id\":\"https:\\\/\\\/vcycletech.com\\\/#website\",\"url\":\"https:\\\/\\\/vcycletech.com\\\/\",\"name\":\"vcycletech\",\"description\":\"China&#039;s top water treatment chemicals supplier\",\"publisher\":{\"@id\":\"https:\\\/\\\/vcycletech.com\\\/#organization\"},\"potentialAction\":[{\"@type\":\"SearchAction\",\"target\":{\"@type\":\"EntryPoint\",\"urlTemplate\":\"https:\\\/\\\/vcycletech.com\\\/?s={search_term_string}\"},\"query-input\":{\"@type\":\"PropertyValueSpecification\",\"valueRequired\":true,\"valueName\":\"search_term_string\"}}],\"inLanguage\":\"fr-FR\"},{\"@type\":\"Organization\",\"@id\":\"https:\\\/\\\/vcycletech.com\\\/#organization\",\"name\":\"vcycletech\",\"url\":\"https:\\\/\\\/vcycletech.com\\\/\",\"logo\":{\"@type\":\"ImageObject\",\"inLanguage\":\"fr-FR\",\"@id\":\"https:\\\/\\\/vcycletech.com\\\/#\\\/schema\\\/logo\\\/image\\\/\",\"url\":\"https:\\\/\\\/vcycletech.com\\\/wp-content\\\/uploads\\\/2023\\\/03\\\/logo-vcycletech-1.png\",\"contentUrl\":\"https:\\\/\\\/vcycletech.com\\\/wp-content\\\/uploads\\\/2023\\\/03\\\/logo-vcycletech-1.png\",\"width\":600,\"height\":400,\"caption\":\"vcycletech\"},\"image\":{\"@id\":\"https:\\\/\\\/vcycletech.com\\\/#\\\/schema\\\/logo\\\/image\\\/\"}}]}<\/script>\n<!-- \/ Yoast SEO Premium plugin. -->","yoast_head_json":{"title":"Homopolym\u00e8re acrylique (WT-1000) - vcycletech","description":"Gardez votre eau propre avec l&#039;homopolym\u00e8re acrylique et les bons produits chimiques de traitement de l&#039;eau. Agissez maintenant pour commencer!","robots":{"index":"index","follow":"follow","max-snippet":"max-snippet:-1","max-image-preview":"max-image-preview:large","max-video-preview":"max-video-preview:-1"},"canonical":"https:\/\/vcycletech.com\/fr\/produit\/acrylique-homopolymerekr-1000\/","og_locale":"fr_FR","og_type":"article","og_title":"Acrylic Homopolymer(WT-1000)","og_description":"Keep your water clean with Acrylic Homopolymer and the right water treatment chemicals. Act now to get started!","og_url":"https:\/\/vcycletech.com\/fr\/produit\/acrylique-homopolymerekr-1000\/","og_site_name":"vcycletech","article_modified_time":"2023-03-27T05:21:13+00:00","og_image":[{"width":600,"height":600,"url":"https:\/\/vcycletech.com\/wp-content\/uploads\/2023\/03\/\u672a\u547d\u540d\u7684\u8bbe\u8ba1-3-22.png","type":"image\/png"}],"twitter_card":"summary_large_image","twitter_misc":{"Dur\u00e9e de lecture estim\u00e9e":"4 minutes"},"schema":{"@context":"https:\/\/schema.org","@graph":[{"@type":"WebPage","@id":"https:\/\/vcycletech.com\/product\/acrylic-homopolymerwt-1000\/","url":"https:\/\/vcycletech.com\/product\/acrylic-homopolymerwt-1000\/","name":"Homopolym\u00e8re acrylique (WT-1000) - vcycletech","isPartOf":{"@id":"https:\/\/vcycletech.com\/#website"},"primaryImageOfPage":{"@id":"https:\/\/vcycletech.com\/product\/acrylic-homopolymerwt-1000\/#primaryimage"},"image":{"@id":"https:\/\/vcycletech.com\/product\/acrylic-homopolymerwt-1000\/#primaryimage"},"thumbnailUrl":"https:\/\/vcycletech.com\/wp-content\/uploads\/2023\/03\/\u672a\u547d\u540d\u7684\u8bbe\u8ba1-3-22.png","datePublished":"2023-03-21T09:57:34+00:00","dateModified":"2023-03-27T05:21:13+00:00","description":"Gardez votre eau propre avec l&#039;homopolym\u00e8re acrylique et les bons produits chimiques de traitement de l&#039;eau. Agissez maintenant pour commencer!","breadcrumb":{"@id":"https:\/\/vcycletech.com\/product\/acrylic-homopolymerwt-1000\/#breadcrumb"},"inLanguage":"fr-FR","potentialAction":[{"@type":"ReadAction","target":["https:\/\/vcycletech.com\/product\/acrylic-homopolymerwt-1000\/"]}]},{"@type":"ImageObject","inLanguage":"fr-FR","@id":"https:\/\/vcycletech.com\/product\/acrylic-homopolymerwt-1000\/#primaryimage","url":"https:\/\/vcycletech.com\/wp-content\/uploads\/2023\/03\/\u672a\u547d\u540d\u7684\u8bbe\u8ba1-3-22.png","contentUrl":"https:\/\/vcycletech.com\/wp-content\/uploads\/2023\/03\/\u672a\u547d\u540d\u7684\u8bbe\u8ba1-3-22.png","width":600,"height":600,"caption":"WT-1000 Acrylic Homopolymer"},{"@type":"BreadcrumbList","@id":"https:\/\/vcycletech.com\/product\/acrylic-homopolymerwt-1000\/#breadcrumb","itemListElement":[{"@type":"ListItem","position":1,"name":"Home","item":"https:\/\/vcycletech.com\/"},{"@type":"ListItem","position":2,"name":"Water Treatment Chemicals Manufacturer","item":"https:\/\/vcycletech.com\/water-treatment-chemicals-manufacturer\/"},{"@type":"ListItem","position":3,"name":"Acrylic Homopolymer(WT-1000)"}]},{"@type":"WebSite","@id":"https:\/\/vcycletech.com\/#website","url":"https:\/\/vcycletech.com\/","name":"vcycletech","description":"Meilleur fournisseur de produits chimiques pour le traitement de l&#039;eau en Chine","publisher":{"@id":"https:\/\/vcycletech.com\/#organization"},"potentialAction":[{"@type":"SearchAction","target":{"@type":"EntryPoint","urlTemplate":"https:\/\/vcycletech.com\/?s={search_term_string}"},"query-input":{"@type":"PropertyValueSpecification","valueRequired":true,"valueName":"search_term_string"}}],"inLanguage":"fr-FR"},{"@type":"Organization","@id":"https:\/\/vcycletech.com\/#organization","name":"vcycletech","url":"https:\/\/vcycletech.com\/","logo":{"@type":"ImageObject","inLanguage":"fr-FR","@id":"https:\/\/vcycletech.com\/#\/schema\/logo\/image\/","url":"https:\/\/vcycletech.com\/wp-content\/uploads\/2023\/03\/logo-vcycletech-1.png","contentUrl":"https:\/\/vcycletech.com\/wp-content\/uploads\/2023\/03\/logo-vcycletech-1.png","width":600,"height":400,"caption":"vcycletech"},"image":{"@id":"https:\/\/vcycletech.com\/#\/schema\/logo\/image\/"}}]}},"_links":{"self":[{"href":"https:\/\/vcycletech.com\/fr\/wp-json\/wp\/v2\/product\/1208","targetHints":{"allow":["GET"]}}],"collection":[{"href":"https:\/\/vcycletech.com\/fr\/wp-json\/wp\/v2\/product"}],"about":[{"href":"https:\/\/vcycletech.com\/fr\/wp-json\/wp\/v2\/types\/product"}],"wp:featuredmedia":[{"embeddable":true,"href":"https:\/\/vcycletech.com\/fr\/wp-json\/wp\/v2\/media\/2835"}],"wp:attachment":[{"href":"https:\/\/vcycletech.com\/fr\/wp-json\/wp\/v2\/media?parent=1208"}],"wp:term":[{"taxonomy":"product_brand","embeddable":true,"href":"https:\/\/vcycletech.com\/fr\/wp-json\/wp\/v2\/product_brand?post=1208"},{"taxonomy":"product_cat","embeddable":true,"href":"https:\/\/vcycletech.com\/fr\/wp-json\/wp\/v2\/product_cat?post=1208"},{"taxonomy":"product_tag","embeddable":true,"href":"https:\/\/vcycletech.com\/fr\/wp-json\/wp\/v2\/product_tag?post=1208"}],"curies":[{"name":"wp","href":"https:\/\/api.w.org\/{rel}","templated":true}]}}