{"id":1198,"date":"2023-03-21T09:36:38","date_gmt":"2023-03-21T09:36:38","guid":{"rendered":"https:\/\/vcycletech.com\/?post_type=product&#038;p=1198"},"modified":"2023-03-27T05:35:08","modified_gmt":"2023-03-27T05:35:08","slug":"copolymere-dacide-phosphino-carboxylique-kr-400","status":"publish","type":"product","link":"https:\/\/vcycletech.com\/fr\/produit\/copolymere-dacide-phosphino-carboxylique-kr-400\/","title":{"rendered":"Copolym\u00e8re d&#039;acide phosphinocarboxylique WT-400"},"content":{"rendered":"<h3>Propri\u00e9t\u00e9s :<\/h3>\n<div class=\"break-words markdown-formatted-text\">\n<p class=\"my-0.5\"><strong>WT-400<\/strong> est un agent de contr\u00f4le des d\u00e9p\u00f4ts multifonctionnel con\u00e7u pour vous permettre de cr\u00e9er des formulations de contr\u00f4le de la corrosion pour l&#039;eau de refroidissement, l&#039;eau de traitement et d&#039;autres applications similaires. Sa formule \u00e0 base de phosphonate assure une performance et une protection durables, vous permettant de maintenir le bon fonctionnement de tous vos syst\u00e8mes.<\/p>\n<\/div>\n<h3 class=\"flex w-full items-center justify-end flex-wrap pt-0 !mt-2 @md:!mt-0 @md:pt-1.5\" data-exclude-from-screenshot=\"true\">Sp\u00e9cification:<\/h3>\n<div id=\"footable_parent_1202\"\n         class=\"footable_parent ninja_table_wrapper loading_ninja_table wp_table_data_press_parent semantic_ui\">\n                <table data-ninja_table_instance=\"ninja_table_instance_0\" data-footable_id=\"1202\" data-filter-delay=\"1000\" aria-label=\"Copolym\u00e8re d&#039;acide phosphinocarboxylique KR-400.csv\"            id=\"footable_1202\"\n           data-unique_identifier=\"ninja_table_unique_id_3475551418_1202\"\n           class=\"foo-table ninja_footable foo_table_1202 ninja_table_unique_id_3475551418_1202 ui table  nt_type_legacy_table selectable striped vertical_centered  footable-paging-right ninja_table_pro\">\n                <colgroup>\n                            <col class=\"ninja_column_0\">\n                            <col class=\"ninja_column_1\">\n                    <\/colgroup>\n        <thead>\n<tr class=\"footable-header\">\n                                        <th scope=\"col\"  class=\"ninja_column_0 ninja_clmn_nm_items\">Articles<\/th><th scope=\"col\"  class=\"ninja_column_1 ninja_clmn_nm_index\">Indice<\/th><\/tr>\n<\/thead>\n<tbody>\n\n        <tr data-row_id=\"272\" class=\"ninja_table_row_0 nt_row_id_272\">\n            <td>Apparence<\/td><td>Liquide limpide incolore \u00e0 jaune p\u00e2le<\/td>        <\/tr>\n            <tr data-row_id=\"273\" class=\"ninja_table_row_1 nt_row_id_273\">\n            <td>Contenu solide, %<\/td><td>50,0 minutes<\/td>        <\/tr>\n            <tr data-row_id=\"274\" class=\"ninja_table_row_2 nt_row_id_274\">\n            <td>Densit\u00e9 (20\u2103), g\/cm3<\/td><td>1.21-1.26<\/td>        <\/tr>\n            <tr data-row_id=\"275\" class=\"ninja_table_row_3 nt_row_id_275\">\n            <td>PH (comme \u00e7a)<\/td><td>2.0-3.0<\/td>        <\/tr>\n            <tr data-row_id=\"276\" class=\"ninja_table_row_4 nt_row_id_276\">\n            <td>Viscosit\u00e9(25\u2103), cps<\/td><td>250-550<\/td>        <\/tr>\n    <\/tbody><!--ninja_tobody_rendering_done-->\n    <\/table>\n    \n    \n    \n<\/div>\n\n<h3><strong>Usage:<\/strong><\/h3>\n<p><strong> WT-400<\/strong> poss\u00e8de des propri\u00e9t\u00e9s polyvalentes adapt\u00e9es \u00e0 l&#039;encrassement g\u00e9n\u00e9ral du phosphate de calcium et du carbonate de calcium et am\u00e9liorant les performances des formulations de traitement de l&#039;eau \u00e0 base de phosphate, de polyphosphate, de phosphonate et de zinc.<\/p>\n<h3><strong>Emballage et stockage\u00a0:<\/strong><\/h3>\n<p><strong>WT-400<\/strong> est disponible en f\u00fbts plastiques de 200L, en IBC (1000L) et en conditionnements adapt\u00e9s aux besoins des clients. Il doit \u00eatre stock\u00e9 dans un endroit frais et sec jusqu&#039;\u00e0 dix mois.<\/p>\n<h3>Guide complet sur le copolym\u00e8re d&#039;acide phosphinocarboxylique\u00a0:<\/h3>\n<p><strong>Copolym\u00e8re d&#039;acide phosphinocarboxylique (WT-400)<\/strong> est un produit chimique multifonctionnel de traitement de l&#039;eau reconnu pour ses excellentes propri\u00e9t\u00e9s de contr\u00f4le des d\u00e9p\u00f4ts et de dispersion. C&#039;est un copolym\u00e8re de sel de sodium d&#039;acide mal\u00e9ique et acrylique (MA\/AA.Na), avec une teneur active de 49.5%. Cela fournit une densit\u00e9 de 1,20-1,28 \u00e0 25\u00b0C, un pH de 3,0-3,5 dans une solution de 1% et une viscosit\u00e9 Brookfield cps \u00e0 25\u00b0C de 100-400. De plus, il est tr\u00e8s tol\u00e9rant au chlore et compatible avec d&#039;autres produits chimiques de traitement de l&#039;eau tels que les antitartres et les dispersants polycarboxyliques.<\/p>\n<p>La fonction principale de ce produit est d&#039;emp\u00eacher la formation de tartre, la corrosion, l&#039;encrassement et d&#039;autres probl\u00e8mes associ\u00e9s aux syst\u00e8mes d&#039;eau. Il le fait gr\u00e2ce \u00e0 l&#039;utilisation de ses capacit\u00e9s de contr\u00f4le des d\u00e9p\u00f4ts qui aident \u00e0 r\u00e9duire l&#039;accumulation de min\u00e9raux sur les surfaces en les dispersant uniform\u00e9ment dans le syst\u00e8me d&#039;eau ; emp\u00eachant ainsi le colmatage et les blocages de se produire dans le syst\u00e8me lui-m\u00eame. De plus, ses propri\u00e9t\u00e9s dispersantes permettent une meilleure suspension des contaminants dans l&#039;eau, permettant une filtration plus facile ou des processus d&#039;\u00e9limination plus efficaces.<\/p>\n<p>Ce produit peut \u00eatre appliqu\u00e9 dans de nombreuses industries diff\u00e9rentes o\u00f9 il y a un besoin de produits chimiques efficaces pour le traitement de l&#039;eau - allant des applications industrielles telles que les tours de refroidissement ou les chaudi\u00e8res aux utilisations r\u00e9sidentielles telles que les piscines ou les spas - mais il s&#039;est av\u00e9r\u00e9 particuli\u00e8rement utile dans les op\u00e9rations de centrales \u00e9lectriques en raison \u00e0 sa capacit\u00e9 \u00e0 maintenir un fonctionnement fluide tout en \u00e9vitant les temps d&#039;arr\u00eat co\u00fbteux et les r\u00e9parations co\u00fbteuses caus\u00e9es par l&#039;accumulation de tartre ou la corrosion au fil du temps.<\/p>\n<h3>FAQ\u00a0:<\/h3>\n<p><strong>Q1\u00a0: Quels sont les composants du copolym\u00e8re d&#039;acide phosphinocarboxylique\u00a0?<\/strong><\/p>\n<p>Les composants principaux sont le sel de sodium de l&#039;acide mal\u00e9ique et acrylique (MA\/AA.Na) avec une teneur active de 49.5%.<\/p>\n<p><strong>Q2\u00a0: Que se passe-t-il lorsque le copolym\u00e8re d&#039;acide phosphinocarboxylique est ajout\u00e9 \u00e0 l&#039;eau\u00a0?<\/strong><\/p>\n<p>Il aide \u00e0 r\u00e9duire l&#039;accumulation de min\u00e9raux sur les surfaces en les dispersant uniform\u00e9ment dans le syst\u00e8me d&#039;eau, emp\u00eachant ainsi le colmatage et les blocages dans le syst\u00e8me lui-m\u00eame, tout en offrant une meilleure suspension des contaminants afin de faciliter les processus de filtration ou d&#039;\u00e9limination plus efficacement.<\/p>\n<p><strong>Q3\u00a0:Le copolym\u00e8re d&#039;acide phosphinocarboxylique est-il compatible avec d&#039;autres traitements de l&#039;eau\u00a0?<\/strong><\/p>\n<p>Oui, il est tr\u00e8s tol\u00e9rant au chlore et compatible avec d&#039;autres produits chimiques de traitement de l&#039;eau tels que les antitartres et dispersants polycarboxyliques.<\/p>\n<p><strong>Q4\u00a0: O\u00f9 le copolym\u00e8re d&#039;acide phosphinocarboxylique peut-il \u00eatre utilis\u00e9\u00a0?<\/strong><\/p>\n<p>Il peut \u00eatre utilis\u00e9 dans de nombreuses industries diff\u00e9rentes o\u00f9 il y a un besoin de produits chimiques efficaces pour le traitement de l&#039;eau - allant des applications industrielles telles que les tours de refroidissement ou les chaudi\u00e8res aux utilisations r\u00e9sidentielles telles que les piscines ou les spas - cependant, il s&#039;est av\u00e9r\u00e9 particuli\u00e8rement utile dans les op\u00e9rations de centrales \u00e9lectriques en raison \u00e0 sa capacit\u00e9 \u00e0 maintenir un fonctionnement fluide tout en \u00e9vitant les temps d&#039;arr\u00eat co\u00fbteux et les r\u00e9parations co\u00fbteuses caus\u00e9es par l&#039;accumulation de tartre ou la corrosion au fil du temps.<\/p>\n<p><strong>Q5\u00a0:\u00a0Comment fonctionne le copolym\u00e8re d&#039;acide phosphinocarboxylique\u00a0?<\/strong><\/p>\n<p>Ses capacit\u00e9s de contr\u00f4le des d\u00e9p\u00f4ts aident \u00e0 r\u00e9duire l&#039;accumulation de min\u00e9raux sur les surfaces en les dispersant uniform\u00e9ment dans le syst\u00e8me d&#039;eau\u00a0; emp\u00eachant ainsi le colmatage et les blocages de se produire dans le syst\u00e8me lui-m\u00eame tout en fournissant une meilleure suspension des contaminants afin de faciliter les processus de filtration ou d&#039;\u00e9limination plus efficacement.<\/p>\n<p><strong>Q6\u00a0:\u00a0Quels sont les avantages associ\u00e9s \u00e0 l&#039;utilisation de ce produit\u00a0?<\/strong><\/p>\n<p>Certains avantages incluent la pr\u00e9vention contre la formation de tartre, la corrosion et l&#039;encrassement, la pr\u00e9vention contre les temps d&#039;arr\u00eat co\u00fbteux dus \u00e0 des syst\u00e8mes bloqu\u00e9s\/dommages de corrosion, des qualit\u00e9s de suspension am\u00e9lior\u00e9es qui se traduisent par une meilleure efficacit\u00e9 de filtrage r\u00e9sultant en des produits finaux plus propres, etc.<\/p>\n<p><a href=\"https:\/\/vcycletech.com\/fr\/categorie-de-produit\/antitartre-et-dispersant-polycarboxylique\/\">Obtenez la solution compl\u00e8te antitartre et dispersant polycarboxylique.<\/a><\/p>","protected":false},"excerpt":{"rendered":"<p class=\"my-0.5\"><strong>Copolym\u00e8re d&#039;acide phosphinocarboxylique<\/strong> <strong>WT-400<\/strong> est un produit chimique multifonctionnel de traitement de l&#039;eau qui offre d&#039;excellentes propri\u00e9t\u00e9s de contr\u00f4le des d\u00e9p\u00f4ts et de dispersion. C&#039;est un copolym\u00e8re de sel de sodium d&#039;acide mal\u00e9ique et acrylique (MA\/AA.Na) avec une teneur active de 49.5%. Il a une densit\u00e9 de 1,20-1,28 \u00e0 25\u00b0C, un pH de 3,0-3,5 dans une solution de 1% et une viscosit\u00e9 Brookfield cps \u00e0 25\u00b0C de 100-400. Il est \u00e9galement tr\u00e8s tol\u00e9rant au chlore et compatible avec d&#039;autres produits chimiques de traitement de l&#039;eau tels que les antitartres et dispersants polycarboxyliques. <strong>Copolym\u00e8re d&#039;acide phosphinocarboxylique<\/strong> <strong>WT-400<\/strong> peut emp\u00eacher la formation de tartre, la corrosion, l&#039;encrassement et d&#039;autres probl\u00e8mes associ\u00e9s aux syst\u00e8mes d&#039;eau.<\/p>","protected":false},"featured_media":2837,"template":"","meta":{"site-sidebar-layout":"default","site-content-layout":"default","ast-site-content-layout":"default","site-content-style":"default","site-sidebar-style":"default","ast-global-header-display":"","ast-banner-title-visibility":"","ast-main-header-display":"","ast-hfb-above-header-display":"","ast-hfb-below-header-display":"","ast-hfb-mobile-header-display":"","site-post-title":"","ast-breadcrumbs-content":"","ast-featured-img":"","footer-sml-layout":"","ast-disable-related-posts":"","theme-transparent-header-meta":"default","adv-header-id-meta":"","stick-header-meta":"default","header-above-stick-meta":"","header-main-stick-meta":"","header-below-stick-meta":"","astra-migrate-meta-layouts":"default","ast-page-background-enabled":"default","ast-page-background-meta":{"desktop":{"background-color":"","background-image":"","background-repeat":"repeat","background-position":"center center","background-size":"auto","background-attachment":"scroll","background-type":"","background-media":"","overlay-type":"","overlay-color":"","overlay-opacity":"","overlay-gradient":""},"tablet":{"background-color":"","background-image":"","background-repeat":"repeat","background-position":"center center","background-size":"auto","background-attachment":"scroll","background-type":"","background-media":"","overlay-type":"","overlay-color":"","overlay-opacity":"","overlay-gradient":""},"mobile":{"background-color":"","background-image":"","background-repeat":"repeat","background-position":"center center","background-size":"auto","background-attachment":"scroll","background-type":"","background-media":"","overlay-type":"","overlay-color":"","overlay-opacity":"","overlay-gradient":""}},"ast-content-background-meta":{"desktop":{"background-color":"var(--ast-global-color-5)","background-image":"","background-repeat":"repeat","background-position":"center center","background-size":"auto","background-attachment":"scroll","background-type":"","background-media":"","overlay-type":"","overlay-color":"","overlay-opacity":"","overlay-gradient":""},"tablet":{"background-color":"var(--ast-global-color-5)","background-image":"","background-repeat":"repeat","background-position":"center center","background-size":"auto","background-attachment":"scroll","background-type":"","background-media":"","overlay-type":"","overlay-color":"","overlay-opacity":"","overlay-gradient":""},"mobile":{"background-color":"var(--ast-global-color-5)","background-image":"","background-repeat":"repeat","background-position":"center center","background-size":"auto","background-attachment":"scroll","background-type":"","background-media":"","overlay-type":"","overlay-color":"","overlay-opacity":"","overlay-gradient":""}}},"product_brand":[],"product_cat":[28],"product_tag":[],"class_list":{"0":"post-1198","1":"product","2":"type-product","3":"status-publish","4":"has-post-thumbnail","6":"product_cat-polycarboxylic-antiscalant-and-dispersant","7":"desktop-align-left","8":"tablet-align-left","9":"mobile-align-left","10":"ast-product-gallery-layout-horizontal-slider","11":"ast-product-gallery-with-no-image","12":"ast-product-tabs-layout-horizontal","14":"first","15":"instock","16":"shipping-taxable","17":"product-type-simple"},"yoast_head":"<!-- This site is optimized with the Yoast SEO Premium plugin v26.3 (Yoast SEO v27.5) - https:\/\/yoast.com\/product\/yoast-seo-premium-wordpress\/ -->\n<title>Phosphino Carboxylic Acid Copolymer WT-400 - vcycletech<\/title>\n<meta name=\"description\" content=\"Keep water clean and safe with our new Phosphino Carboxylic Acid Copolymer WT-400 - the perfect Water Treatment Chemicals!\" \/>\n<meta name=\"robots\" content=\"index, follow, max-snippet:-1, max-image-preview:large, max-video-preview:-1\" \/>\n<link rel=\"canonical\" href=\"https:\/\/vcycletech.com\/fr\/produit\/copolymere-dacide-phosphino-carboxylique-kr-400\/\" \/>\n<meta property=\"og:locale\" content=\"fr_FR\" \/>\n<meta property=\"og:type\" content=\"article\" \/>\n<meta property=\"og:title\" content=\"Phosphino Carboxylic Acid Copolymer WT-400\" \/>\n<meta property=\"og:description\" content=\"Keep water clean and safe with our new Phosphino Carboxylic Acid Copolymer WT-400 - the perfect Water Treatment Chemicals!\" \/>\n<meta property=\"og:url\" content=\"https:\/\/vcycletech.com\/fr\/produit\/copolymere-dacide-phosphino-carboxylique-kr-400\/\" \/>\n<meta property=\"og:site_name\" content=\"vcycletech\" \/>\n<meta property=\"article:modified_time\" content=\"2023-03-27T05:35:08+00:00\" \/>\n<meta property=\"og:image\" content=\"https:\/\/vcycletech.com\/wp-content\/uploads\/2023\/03\/\u672a\u547d\u540d\u7684\u8bbe\u8ba1-20.png\" \/>\n\t<meta property=\"og:image:width\" content=\"600\" \/>\n\t<meta property=\"og:image:height\" content=\"600\" \/>\n\t<meta property=\"og:image:type\" content=\"image\/png\" \/>\n<meta name=\"twitter:card\" content=\"summary_large_image\" \/>\n<meta name=\"twitter:label1\" content=\"Dur\u00e9e de lecture estim\u00e9e\" \/>\n\t<meta name=\"twitter:data1\" content=\"3 minutes\" \/>\n<script type=\"application\/ld+json\" class=\"yoast-schema-graph\">{\"@context\":\"https:\\\/\\\/schema.org\",\"@graph\":[{\"@type\":\"WebPage\",\"@id\":\"https:\\\/\\\/vcycletech.com\\\/product\\\/phosphino-carboxylic-acid-copolymer-wt-400\\\/\",\"url\":\"https:\\\/\\\/vcycletech.com\\\/product\\\/phosphino-carboxylic-acid-copolymer-wt-400\\\/\",\"name\":\"Phosphino Carboxylic Acid Copolymer WT-400 - vcycletech\",\"isPartOf\":{\"@id\":\"https:\\\/\\\/vcycletech.com\\\/#website\"},\"primaryImageOfPage\":{\"@id\":\"https:\\\/\\\/vcycletech.com\\\/product\\\/phosphino-carboxylic-acid-copolymer-wt-400\\\/#primaryimage\"},\"image\":{\"@id\":\"https:\\\/\\\/vcycletech.com\\\/product\\\/phosphino-carboxylic-acid-copolymer-wt-400\\\/#primaryimage\"},\"thumbnailUrl\":\"https:\\\/\\\/vcycletech.com\\\/wp-content\\\/uploads\\\/2023\\\/03\\\/\u672a\u547d\u540d\u7684\u8bbe\u8ba1-20.png\",\"datePublished\":\"2023-03-21T09:36:38+00:00\",\"dateModified\":\"2023-03-27T05:35:08+00:00\",\"description\":\"Keep water clean and safe with our new Phosphino Carboxylic Acid Copolymer WT-400 - the perfect Water Treatment Chemicals!\",\"breadcrumb\":{\"@id\":\"https:\\\/\\\/vcycletech.com\\\/product\\\/phosphino-carboxylic-acid-copolymer-wt-400\\\/#breadcrumb\"},\"inLanguage\":\"fr-FR\",\"potentialAction\":[{\"@type\":\"ReadAction\",\"target\":[\"https:\\\/\\\/vcycletech.com\\\/product\\\/phosphino-carboxylic-acid-copolymer-wt-400\\\/\"]}]},{\"@type\":\"ImageObject\",\"inLanguage\":\"fr-FR\",\"@id\":\"https:\\\/\\\/vcycletech.com\\\/product\\\/phosphino-carboxylic-acid-copolymer-wt-400\\\/#primaryimage\",\"url\":\"https:\\\/\\\/vcycletech.com\\\/wp-content\\\/uploads\\\/2023\\\/03\\\/\u672a\u547d\u540d\u7684\u8bbe\u8ba1-20.png\",\"contentUrl\":\"https:\\\/\\\/vcycletech.com\\\/wp-content\\\/uploads\\\/2023\\\/03\\\/\u672a\u547d\u540d\u7684\u8bbe\u8ba1-20.png\",\"width\":600,\"height\":600,\"caption\":\"Phosphino Carboxylic Acid Copolymer WT-400\"},{\"@type\":\"BreadcrumbList\",\"@id\":\"https:\\\/\\\/vcycletech.com\\\/product\\\/phosphino-carboxylic-acid-copolymer-wt-400\\\/#breadcrumb\",\"itemListElement\":[{\"@type\":\"ListItem\",\"position\":1,\"name\":\"Home\",\"item\":\"https:\\\/\\\/vcycletech.com\\\/\"},{\"@type\":\"ListItem\",\"position\":2,\"name\":\"Water Treatment Chemicals Manufacturer\",\"item\":\"https:\\\/\\\/vcycletech.com\\\/water-treatment-chemicals-manufacturer\\\/\"},{\"@type\":\"ListItem\",\"position\":3,\"name\":\"Phosphino Carboxylic Acid Copolymer WT-400\"}]},{\"@type\":\"WebSite\",\"@id\":\"https:\\\/\\\/vcycletech.com\\\/#website\",\"url\":\"https:\\\/\\\/vcycletech.com\\\/\",\"name\":\"vcycletech\",\"description\":\"China&#039;s top water treatment chemicals supplier\",\"publisher\":{\"@id\":\"https:\\\/\\\/vcycletech.com\\\/#organization\"},\"potentialAction\":[{\"@type\":\"SearchAction\",\"target\":{\"@type\":\"EntryPoint\",\"urlTemplate\":\"https:\\\/\\\/vcycletech.com\\\/?s={search_term_string}\"},\"query-input\":{\"@type\":\"PropertyValueSpecification\",\"valueRequired\":true,\"valueName\":\"search_term_string\"}}],\"inLanguage\":\"fr-FR\"},{\"@type\":\"Organization\",\"@id\":\"https:\\\/\\\/vcycletech.com\\\/#organization\",\"name\":\"vcycletech\",\"url\":\"https:\\\/\\\/vcycletech.com\\\/\",\"logo\":{\"@type\":\"ImageObject\",\"inLanguage\":\"fr-FR\",\"@id\":\"https:\\\/\\\/vcycletech.com\\\/#\\\/schema\\\/logo\\\/image\\\/\",\"url\":\"https:\\\/\\\/vcycletech.com\\\/wp-content\\\/uploads\\\/2023\\\/03\\\/logo-vcycletech-1.png\",\"contentUrl\":\"https:\\\/\\\/vcycletech.com\\\/wp-content\\\/uploads\\\/2023\\\/03\\\/logo-vcycletech-1.png\",\"width\":600,\"height\":400,\"caption\":\"vcycletech\"},\"image\":{\"@id\":\"https:\\\/\\\/vcycletech.com\\\/#\\\/schema\\\/logo\\\/image\\\/\"}}]}<\/script>\n<!-- \/ Yoast SEO Premium plugin. -->","yoast_head_json":{"title":"Copolym\u00e8re d&#039;acide phosphinocarboxylique WT-400 - vcycletech","description":"Gardez l&#039;eau propre et s\u00fbre avec notre nouveau copolym\u00e8re d&#039;acide phosphinocarboxylique WT-400 - les produits chimiques parfaits pour le traitement de l&#039;eau\u00a0!","robots":{"index":"index","follow":"follow","max-snippet":"max-snippet:-1","max-image-preview":"max-image-preview:large","max-video-preview":"max-video-preview:-1"},"canonical":"https:\/\/vcycletech.com\/fr\/produit\/copolymere-dacide-phosphino-carboxylique-kr-400\/","og_locale":"fr_FR","og_type":"article","og_title":"Phosphino Carboxylic Acid Copolymer WT-400","og_description":"Keep water clean and safe with our new Phosphino Carboxylic Acid Copolymer WT-400 - the perfect Water Treatment Chemicals!","og_url":"https:\/\/vcycletech.com\/fr\/produit\/copolymere-dacide-phosphino-carboxylique-kr-400\/","og_site_name":"vcycletech","article_modified_time":"2023-03-27T05:35:08+00:00","og_image":[{"width":600,"height":600,"url":"https:\/\/vcycletech.com\/wp-content\/uploads\/2023\/03\/\u672a\u547d\u540d\u7684\u8bbe\u8ba1-20.png","type":"image\/png"}],"twitter_card":"summary_large_image","twitter_misc":{"Dur\u00e9e de lecture estim\u00e9e":"3 minutes"},"schema":{"@context":"https:\/\/schema.org","@graph":[{"@type":"WebPage","@id":"https:\/\/vcycletech.com\/product\/phosphino-carboxylic-acid-copolymer-wt-400\/","url":"https:\/\/vcycletech.com\/product\/phosphino-carboxylic-acid-copolymer-wt-400\/","name":"Copolym\u00e8re d&#039;acide phosphinocarboxylique WT-400 - vcycletech","isPartOf":{"@id":"https:\/\/vcycletech.com\/#website"},"primaryImageOfPage":{"@id":"https:\/\/vcycletech.com\/product\/phosphino-carboxylic-acid-copolymer-wt-400\/#primaryimage"},"image":{"@id":"https:\/\/vcycletech.com\/product\/phosphino-carboxylic-acid-copolymer-wt-400\/#primaryimage"},"thumbnailUrl":"https:\/\/vcycletech.com\/wp-content\/uploads\/2023\/03\/\u672a\u547d\u540d\u7684\u8bbe\u8ba1-20.png","datePublished":"2023-03-21T09:36:38+00:00","dateModified":"2023-03-27T05:35:08+00:00","description":"Gardez l&#039;eau propre et s\u00fbre avec notre nouveau copolym\u00e8re d&#039;acide phosphinocarboxylique WT-400 - les produits chimiques parfaits pour le traitement de l&#039;eau\u00a0!","breadcrumb":{"@id":"https:\/\/vcycletech.com\/product\/phosphino-carboxylic-acid-copolymer-wt-400\/#breadcrumb"},"inLanguage":"fr-FR","potentialAction":[{"@type":"ReadAction","target":["https:\/\/vcycletech.com\/product\/phosphino-carboxylic-acid-copolymer-wt-400\/"]}]},{"@type":"ImageObject","inLanguage":"fr-FR","@id":"https:\/\/vcycletech.com\/product\/phosphino-carboxylic-acid-copolymer-wt-400\/#primaryimage","url":"https:\/\/vcycletech.com\/wp-content\/uploads\/2023\/03\/\u672a\u547d\u540d\u7684\u8bbe\u8ba1-20.png","contentUrl":"https:\/\/vcycletech.com\/wp-content\/uploads\/2023\/03\/\u672a\u547d\u540d\u7684\u8bbe\u8ba1-20.png","width":600,"height":600,"caption":"Phosphino Carboxylic Acid Copolymer WT-400"},{"@type":"BreadcrumbList","@id":"https:\/\/vcycletech.com\/product\/phosphino-carboxylic-acid-copolymer-wt-400\/#breadcrumb","itemListElement":[{"@type":"ListItem","position":1,"name":"Home","item":"https:\/\/vcycletech.com\/"},{"@type":"ListItem","position":2,"name":"Water Treatment Chemicals Manufacturer","item":"https:\/\/vcycletech.com\/water-treatment-chemicals-manufacturer\/"},{"@type":"ListItem","position":3,"name":"Phosphino Carboxylic Acid Copolymer WT-400"}]},{"@type":"WebSite","@id":"https:\/\/vcycletech.com\/#website","url":"https:\/\/vcycletech.com\/","name":"vcycletech","description":"Meilleur fournisseur de produits chimiques pour le traitement de l&#039;eau en Chine","publisher":{"@id":"https:\/\/vcycletech.com\/#organization"},"potentialAction":[{"@type":"SearchAction","target":{"@type":"EntryPoint","urlTemplate":"https:\/\/vcycletech.com\/?s={search_term_string}"},"query-input":{"@type":"PropertyValueSpecification","valueRequired":true,"valueName":"search_term_string"}}],"inLanguage":"fr-FR"},{"@type":"Organization","@id":"https:\/\/vcycletech.com\/#organization","name":"vcycletech","url":"https:\/\/vcycletech.com\/","logo":{"@type":"ImageObject","inLanguage":"fr-FR","@id":"https:\/\/vcycletech.com\/#\/schema\/logo\/image\/","url":"https:\/\/vcycletech.com\/wp-content\/uploads\/2023\/03\/logo-vcycletech-1.png","contentUrl":"https:\/\/vcycletech.com\/wp-content\/uploads\/2023\/03\/logo-vcycletech-1.png","width":600,"height":400,"caption":"vcycletech"},"image":{"@id":"https:\/\/vcycletech.com\/#\/schema\/logo\/image\/"}}]}},"_links":{"self":[{"href":"https:\/\/vcycletech.com\/fr\/wp-json\/wp\/v2\/product\/1198","targetHints":{"allow":["GET"]}}],"collection":[{"href":"https:\/\/vcycletech.com\/fr\/wp-json\/wp\/v2\/product"}],"about":[{"href":"https:\/\/vcycletech.com\/fr\/wp-json\/wp\/v2\/types\/product"}],"wp:featuredmedia":[{"embeddable":true,"href":"https:\/\/vcycletech.com\/fr\/wp-json\/wp\/v2\/media\/2837"}],"wp:attachment":[{"href":"https:\/\/vcycletech.com\/fr\/wp-json\/wp\/v2\/media?parent=1198"}],"wp:term":[{"taxonomy":"product_brand","embeddable":true,"href":"https:\/\/vcycletech.com\/fr\/wp-json\/wp\/v2\/product_brand?post=1198"},{"taxonomy":"product_cat","embeddable":true,"href":"https:\/\/vcycletech.com\/fr\/wp-json\/wp\/v2\/product_cat?post=1198"},{"taxonomy":"product_tag","embeddable":true,"href":"https:\/\/vcycletech.com\/fr\/wp-json\/wp\/v2\/product_tag?post=1198"}],"curies":[{"name":"wp","href":"https:\/\/api.w.org\/{rel}","templated":true}]}}