{"id":1197,"date":"2023-03-21T09:45:41","date_gmt":"2023-03-21T09:45:41","guid":{"rendered":"https:\/\/vcycletech.com\/?post_type=product&#038;p=1197"},"modified":"2023-03-21T09:47:37","modified_gmt":"2023-03-21T09:47:37","slug":"cyclohexylamine","status":"publish","type":"product","link":"https:\/\/vcycletech.com\/fr\/produit\/cyclohexylamine\/","title":{"rendered":"Cyclohexylamine"},"content":{"rendered":"<h3 class=\"fzs\">Formule : C<sub>6<\/sub>H<sub>13<\/sub>N<\/h3>\n<h3 class=\"fzs\">Poids mol\u00e9culaire\u00a0: 99,17<\/h3>\n<h3 class=\"fzs\">N\u00b0 CAS : 108-91-8<\/h3>\n<h3 class=\"fzs\">EINECS 203-629-0<\/h3>\n<h3 class=\"fzs\">Structure:<\/h3>\n<figure id=\"attachment_1201\" aria-describedby=\"caption-attachment-1201\" style=\"width: 600px\" class=\"wp-caption alignnone\"><img fetchpriority=\"high\" decoding=\"async\" class=\"size-full wp-image-1201\" src=\"https:\/\/vcycletech.com\/wp-content\/uploads\/2023\/03\/1-41.png\" alt=\"Cyclohexylamine\" width=\"600\" height=\"600\" srcset=\"https:\/\/vcycletech.com\/wp-content\/uploads\/2023\/03\/1-41.png 600w, https:\/\/vcycletech.com\/wp-content\/uploads\/2023\/03\/1-41-100x100.png 100w, https:\/\/vcycletech.com\/wp-content\/uploads\/2023\/03\/1-41-300x300.png 300w, https:\/\/vcycletech.com\/wp-content\/uploads\/2023\/03\/1-41-150x150.png 150w\" sizes=\"(max-width: 600px) 100vw, 600px\" \/><figcaption id=\"caption-attachment-1201\" class=\"wp-caption-text\">Cyclohexylamine<\/figcaption><\/figure>\n<h3>Sp\u00e9cification:<\/h3>\n<div id=\"footable_parent_1203\"\n         class=\"footable_parent ninja_table_wrapper loading_ninja_table wp_table_data_press_parent semantic_ui\">\n                <table data-ninja_table_instance=\"ninja_table_instance_0\" data-footable_id=\"1203\" data-filter-delay=\"1000\" aria-label=\"Cyclohexylamine.csv\"            id=\"footable_1203\"\n           data-unique_identifier=\"ninja_table_unique_id_1589120631_1203\"\n           class=\"foo-table ninja_footable foo_table_1203 ninja_table_unique_id_1589120631_1203 ui table  nt_type_legacy_table selectable striped vertical_centered  footable-paging-right ninja_table_pro\">\n                <colgroup>\n                            <col class=\"ninja_column_0\">\n                            <col class=\"ninja_column_1\">\n                    <\/colgroup>\n        <thead>\n<tr class=\"footable-header\">\n                                        <th scope=\"col\"  class=\"ninja_column_0 ninja_clmn_nm_items\">Articles<\/th><th scope=\"col\"  class=\"ninja_column_1 ninja_clmn_nm_index\">Indice<\/th><\/tr>\n<\/thead>\n<tbody>\n\n        <tr data-row_id=\"277\" class=\"ninja_table_row_0 nt_row_id_277\">\n            <td>Apparence<\/td><td>Liquide incolore \u00e0 jaune clair<\/td>        <\/tr>\n            <tr data-row_id=\"278\" class=\"ninja_table_row_1 nt_row_id_278\">\n            <td>Dosage, %<\/td><td>99,5 minutes<\/td>        <\/tr>\n            <tr data-row_id=\"279\" class=\"ninja_table_row_2 nt_row_id_279\">\n            <td>Couleur<\/td><td>20 maximum<\/td>        <\/tr>\n            <tr data-row_id=\"280\" class=\"ninja_table_row_3 nt_row_id_280\">\n            <td>Humidit\u00e9, %<\/td><td>0,15 maximum<\/td>        <\/tr>\n            <tr data-row_id=\"281\" class=\"ninja_table_row_4 nt_row_id_281\">\n            <td>Aniline, %<\/td><td>0,1 maximum<\/td>        <\/tr>\n            <tr data-row_id=\"282\" class=\"ninja_table_row_5 nt_row_id_282\">\n            <td>Dicyclohexylamine<\/td><td>0,05 maximum<\/td>        <\/tr>\n    <\/tbody><!--ninja_tobody_rendering_done-->\n    <\/table>\n    \n    \n    \n<\/div>\n\n<h3>Propri\u00e9t\u00e9s:<\/h3>\n<p>Ce produit est incolore \u00e0 un liquide clair jaune p\u00e2le, sans impuret\u00e9s visibles et une odeur \u00e9trange. C&#039;est un liquide caustique organique fort qui peut former un az\u00e9otrope avec l&#039;eau \u00e0 96,40\u00b0C et qui est miscible avec de nombreux solvants organiques. Il n\u00e9cessite une manipulation professionnelle et m\u00e9ticuleuse pour une utilisation en toute s\u00e9curit\u00e9.<\/p>\n<h3>Usage:<\/h3>\n<p>Ce produit est une mati\u00e8re premi\u00e8re pour la production d&#039;agents de d\u00e9sulfuration, d&#039;inhibiteurs de corrosion de chaudi\u00e8re, de traitements d&#039;eau de chaudi\u00e8re, d&#039;acc\u00e9l\u00e9rateurs de vulcanisation, d&#039;\u00e9mulsifiants, d&#039;agents antistatiques, de coagulants au latex, d&#039;additifs pour produits p\u00e9troliers, d&#039;agents de r\u00e9sistance \u00e0 la corrosion, de fongicides et de pesticides. Il n\u00e9cessite une manipulation professionnelle et m\u00e9ticuleuse pour une utilisation en toute s\u00e9curit\u00e9.<\/p>\n<h3>Emballage et stockage\uff1a<\/h3>\n<p><strong>Cyclohexylamine<\/strong> doivent \u00eatre emball\u00e9s dans des r\u00e9cipients herm\u00e9tiques et stock\u00e9s dans un endroit frais, sec et bien ventil\u00e9. 175kgs\/f\u00fbts, stock\u00e9s sur \u00e9tag\u00e8res dans le magasin sec et ventil\u00e9. Il doit \u00eatre manipul\u00e9 avec soin pour \u00e9viter les d\u00e9versements et le contact avec des mat\u00e9riaux combustibles. Une manipulation professionnelle et m\u00e9ticuleuse est n\u00e9cessaire pour un stockage en toute s\u00e9curit\u00e9.<\/p>\n<h3>Synonymes\u00a0:<\/h3>\n<p>Aminocyclohexane<\/p>\n<h3>FAQ sur la cyclohexylamine\u00a0:<\/h3>\n<p><strong>Qu&#039;est-ce que la cyclohexylamine ?<\/strong><br \/>\nLa cyclohexylamine est un liquide clair et incolore avec une forte odeur d&#039;ammoniaque. Il est utilis\u00e9 dans la fabrication de produits chimiques, de r\u00e9sines et de caoutchouc et comme inhibiteur de corrosion et agent neutralisant.<\/p>\n<p><strong>Quels sont les effets sur la sant\u00e9 de la cyclohexylamine?<\/strong><br \/>\nL&#039;exposition \u00e0 la cyclohexylamine peut irriter la peau, les yeux et le syst\u00e8me respiratoire. Il peut \u00e9galement provoquer des naus\u00e9es, des vomissements et de la diarrh\u00e9e. Une forte exposition peut entra\u00eener des dommages au foie et aux reins.<\/p>\n<p><strong>Comment puis-je \u00eatre expos\u00e9 \u00e0 la cyclohexylamine ?<\/strong><br \/>\nVous pouvez \u00eatre expos\u00e9 \u00e0 la cyclohexylamine en l&#039;inhalant, en entrant en contact avec la peau ou les yeux ou en l&#039;avalant.<\/p>\n<p><strong>Que dois-je faire si je suis expos\u00e9 \u00e0 la cyclohexylamine ?<\/strong><br \/>\nSi vous \u00eates expos\u00e9 \u00e0 la cyclohexylamine, vous devez retirer tout v\u00eatement qui a \u00e9t\u00e9 en contact avec celle-ci et laver la zone affect\u00e9e avec de l&#039;eau et du savon. Si vous avez inhal\u00e9 le produit chimique, vous devez vous d\u00e9placer dans une zone d&#039;air frais et consulter un m\u00e9decin si vous avez des difficult\u00e9s \u00e0 respirer. Si vous avez aval\u00e9 le produit chimique, vous devez boire beaucoup d&#039;eau et consulter imm\u00e9diatement un m\u00e9decin.<\/p>\n<p><strong>Y a-t-il un risque de cancer li\u00e9 \u00e0 l&#039;exposition \u00e0 la cyclohexylamine ?<\/strong><br \/>\nIl n&#039;y a pas de r\u00e9ponse d\u00e9finitive quant \u00e0 savoir si l&#039;exposition \u00e0 la cyclohexylamine augmente ou non le risque de cancer.<\/p>\n<p><a href=\"https:\/\/vcycletech.com\/fr\/un-inhibiteur-de-corrosion\/\"><strong>Obtenez la solution compl\u00e8te d&#039;inhibiteurs de corrosion.<\/strong><\/a><\/p>","protected":false},"excerpt":{"rendered":"<p><strong>Cyclohexylamine<\/strong> est un produit chimique polyvalent utilis\u00e9 dans les processus de traitement de l&#039;eau. Il peut \u00eatre utilis\u00e9 comme agent antimousse, inhibiteur de corrosion, dispersant et activateur de solubilit\u00e9. Sa capacit\u00e9 \u00e0 perturber l&#039;encrassement biologique le rend id\u00e9al pour les applications de tours de refroidissement industrielles. Une manipulation professionnelle et m\u00e9ticuleuse est n\u00e9cessaire pour une utilisation s\u00fbre de <strong>Cyclohexylamine<\/strong> dans les produits chimiques de traitement de l&#039;eau.<\/p>\n<p><strong>Cyclohexylamine<\/strong> est un composant polyvalent qui peut \u00eatre utilis\u00e9 \u00e0 diff\u00e9rentes fins dans les processus de traitement de l&#039;eau. Il peut agir comme agent de conditionnement pour le contr\u00f4le du pH et la filtration sur membrane\u00a0; il poss\u00e8de \u00e0 la fois des capacit\u00e9s de floculation et d\u2019adsorption\u00a0; c&#039;est un agent s\u00e9questrant efficace qui lie les ions calcium et magn\u00e9sium.<\/p>\n<p>Vous recherchez une qualit\u00e9 <strong>Cyclohexylamine<\/strong> pour les produits chimiques de traitement de l&#039;eau\u00a0? Ne cherchez pas plus loin que notre usine en Chine. Nous offrons les meilleurs produits aux prix les plus comp\u00e9titifs. Contactez-nous aujourd&#039;hui pour en savoir plus.<\/p>","protected":false},"featured_media":1212,"template":"","meta":{"site-sidebar-layout":"default","site-content-layout":"default","ast-site-content-layout":"default","site-content-style":"default","site-sidebar-style":"default","ast-global-header-display":"","ast-banner-title-visibility":"","ast-main-header-display":"","ast-hfb-above-header-display":"","ast-hfb-below-header-display":"","ast-hfb-mobile-header-display":"","site-post-title":"","ast-breadcrumbs-content":"","ast-featured-img":"","footer-sml-layout":"","ast-disable-related-posts":"","theme-transparent-header-meta":"default","adv-header-id-meta":"","stick-header-meta":"default","header-above-stick-meta":"","header-main-stick-meta":"","header-below-stick-meta":"","astra-migrate-meta-layouts":"default","ast-page-background-enabled":"default","ast-page-background-meta":{"desktop":{"background-color":"","background-image":"","background-repeat":"repeat","background-position":"center center","background-size":"auto","background-attachment":"scroll","background-type":"","background-media":"","overlay-type":"","overlay-color":"","overlay-opacity":"","overlay-gradient":""},"tablet":{"background-color":"","background-image":"","background-repeat":"repeat","background-position":"center center","background-size":"auto","background-attachment":"scroll","background-type":"","background-media":"","overlay-type":"","overlay-color":"","overlay-opacity":"","overlay-gradient":""},"mobile":{"background-color":"","background-image":"","background-repeat":"repeat","background-position":"center center","background-size":"auto","background-attachment":"scroll","background-type":"","background-media":"","overlay-type":"","overlay-color":"","overlay-opacity":"","overlay-gradient":""}},"ast-content-background-meta":{"desktop":{"background-color":"var(--ast-global-color-5)","background-image":"","background-repeat":"repeat","background-position":"center center","background-size":"auto","background-attachment":"scroll","background-type":"","background-media":"","overlay-type":"","overlay-color":"","overlay-opacity":"","overlay-gradient":""},"tablet":{"background-color":"var(--ast-global-color-5)","background-image":"","background-repeat":"repeat","background-position":"center center","background-size":"auto","background-attachment":"scroll","background-type":"","background-media":"","overlay-type":"","overlay-color":"","overlay-opacity":"","overlay-gradient":""},"mobile":{"background-color":"var(--ast-global-color-5)","background-image":"","background-repeat":"repeat","background-position":"center center","background-size":"auto","background-attachment":"scroll","background-type":"","background-media":"","overlay-type":"","overlay-color":"","overlay-opacity":"","overlay-gradient":""}}},"product_brand":[],"product_cat":[30],"product_tag":[],"class_list":{"0":"post-1197","1":"product","2":"type-product","3":"status-publish","4":"has-post-thumbnail","6":"product_cat-corrosion-inhibitors","7":"desktop-align-left","8":"tablet-align-left","9":"mobile-align-left","10":"ast-product-gallery-layout-horizontal-slider","11":"ast-product-tabs-layout-horizontal","13":"first","14":"instock","15":"shipping-taxable","16":"product-type-simple"},"yoast_head":"<!-- This site is optimized with the Yoast SEO Premium plugin v26.3 (Yoast SEO v27.3) - https:\/\/yoast.com\/product\/yoast-seo-premium-wordpress\/ -->\n<title>Cyclohexylamine - vcycletech<\/title>\n<meta name=\"description\" content=\"Cyclohexylamine is a chemical compound that can be used in water treatment processes. It functions as an intermediate in the manufacture of other chemicals, such as detergents and synthetic resins, and it also has antifoaming, corrosion inhibitor, anti-static and anti-microbial properties. When used in water treatment applications, Cyclohexylamine helps to reduce the number of free chlorine levels in the water, which can cause discoloration from iron oxide or other metals. It also helps to eliminate unpleasant odors caused by the formation of sulfides.\" \/>\n<meta name=\"robots\" content=\"index, follow, max-snippet:-1, max-image-preview:large, max-video-preview:-1\" \/>\n<link rel=\"canonical\" href=\"https:\/\/vcycletech.com\/fr\/produit\/cyclohexylamine\/\" \/>\n<meta property=\"og:locale\" content=\"fr_FR\" \/>\n<meta property=\"og:type\" content=\"article\" \/>\n<meta property=\"og:title\" content=\"Cyclohexylamine\" \/>\n<meta property=\"og:description\" content=\"Cyclohexylamine is a chemical compound that can be used in water treatment processes. It functions as an intermediate in the manufacture of other chemicals, such as detergents and synthetic resins, and it also has antifoaming, corrosion inhibitor, anti-static and anti-microbial properties. When used in water treatment applications, Cyclohexylamine helps to reduce the number of free chlorine levels in the water, which can cause discoloration from iron oxide or other metals. It also helps to eliminate unpleasant odors caused by the formation of sulfides.\" \/>\n<meta property=\"og:url\" content=\"https:\/\/vcycletech.com\/fr\/produit\/cyclohexylamine\/\" \/>\n<meta property=\"og:site_name\" content=\"vcycletech\" \/>\n<meta property=\"article:modified_time\" content=\"2023-03-21T09:47:37+00:00\" \/>\n<meta property=\"og:image\" content=\"https:\/\/vcycletech.com\/wp-content\/uploads\/2023\/03\/\u672a\u547d\u540d\u7684\u8bbe\u8ba1-2-7.png\" \/>\n\t<meta property=\"og:image:width\" content=\"600\" \/>\n\t<meta property=\"og:image:height\" content=\"600\" \/>\n\t<meta property=\"og:image:type\" content=\"image\/png\" \/>\n<meta name=\"twitter:card\" content=\"summary_large_image\" \/>\n<meta name=\"twitter:label1\" content=\"Dur\u00e9e de lecture estim\u00e9e\" \/>\n\t<meta name=\"twitter:data1\" content=\"2 minutes\" \/>\n<script type=\"application\/ld+json\" class=\"yoast-schema-graph\">{\"@context\":\"https:\\\/\\\/schema.org\",\"@graph\":[{\"@type\":\"WebPage\",\"@id\":\"https:\\\/\\\/vcycletech.com\\\/product\\\/cyclohexylamine\\\/\",\"url\":\"https:\\\/\\\/vcycletech.com\\\/product\\\/cyclohexylamine\\\/\",\"name\":\"Cyclohexylamine - vcycletech\",\"isPartOf\":{\"@id\":\"https:\\\/\\\/vcycletech.com\\\/#website\"},\"primaryImageOfPage\":{\"@id\":\"https:\\\/\\\/vcycletech.com\\\/product\\\/cyclohexylamine\\\/#primaryimage\"},\"image\":{\"@id\":\"https:\\\/\\\/vcycletech.com\\\/product\\\/cyclohexylamine\\\/#primaryimage\"},\"thumbnailUrl\":\"https:\\\/\\\/vcycletech.com\\\/wp-content\\\/uploads\\\/2023\\\/03\\\/\u672a\u547d\u540d\u7684\u8bbe\u8ba1-2-7.png\",\"datePublished\":\"2023-03-21T09:45:41+00:00\",\"dateModified\":\"2023-03-21T09:47:37+00:00\",\"description\":\"Cyclohexylamine is a chemical compound that can be used in water treatment processes. It functions as an intermediate in the manufacture of other chemicals, such as detergents and synthetic resins, and it also has antifoaming, corrosion inhibitor, anti-static and anti-microbial properties. When used in water treatment applications, Cyclohexylamine helps to reduce the number of free chlorine levels in the water, which can cause discoloration from iron oxide or other metals. It also helps to eliminate unpleasant odors caused by the formation of sulfides.\",\"breadcrumb\":{\"@id\":\"https:\\\/\\\/vcycletech.com\\\/product\\\/cyclohexylamine\\\/#breadcrumb\"},\"inLanguage\":\"fr-FR\",\"potentialAction\":[{\"@type\":\"ReadAction\",\"target\":[\"https:\\\/\\\/vcycletech.com\\\/product\\\/cyclohexylamine\\\/\"]}]},{\"@type\":\"ImageObject\",\"inLanguage\":\"fr-FR\",\"@id\":\"https:\\\/\\\/vcycletech.com\\\/product\\\/cyclohexylamine\\\/#primaryimage\",\"url\":\"https:\\\/\\\/vcycletech.com\\\/wp-content\\\/uploads\\\/2023\\\/03\\\/\u672a\u547d\u540d\u7684\u8bbe\u8ba1-2-7.png\",\"contentUrl\":\"https:\\\/\\\/vcycletech.com\\\/wp-content\\\/uploads\\\/2023\\\/03\\\/\u672a\u547d\u540d\u7684\u8bbe\u8ba1-2-7.png\",\"width\":600,\"height\":600,\"caption\":\"Cyclohexylamine\"},{\"@type\":\"BreadcrumbList\",\"@id\":\"https:\\\/\\\/vcycletech.com\\\/product\\\/cyclohexylamine\\\/#breadcrumb\",\"itemListElement\":[{\"@type\":\"ListItem\",\"position\":1,\"name\":\"Home\",\"item\":\"https:\\\/\\\/vcycletech.com\\\/\"},{\"@type\":\"ListItem\",\"position\":2,\"name\":\"Water Treatment Chemicals Manufacturer\",\"item\":\"https:\\\/\\\/vcycletech.com\\\/water-treatment-chemicals-manufacturer\\\/\"},{\"@type\":\"ListItem\",\"position\":3,\"name\":\"Cyclohexylamine\"}]},{\"@type\":\"WebSite\",\"@id\":\"https:\\\/\\\/vcycletech.com\\\/#website\",\"url\":\"https:\\\/\\\/vcycletech.com\\\/\",\"name\":\"vcycletech\",\"description\":\"China&#039;s top water treatment chemicals supplier\",\"publisher\":{\"@id\":\"https:\\\/\\\/vcycletech.com\\\/#organization\"},\"potentialAction\":[{\"@type\":\"SearchAction\",\"target\":{\"@type\":\"EntryPoint\",\"urlTemplate\":\"https:\\\/\\\/vcycletech.com\\\/?s={search_term_string}\"},\"query-input\":{\"@type\":\"PropertyValueSpecification\",\"valueRequired\":true,\"valueName\":\"search_term_string\"}}],\"inLanguage\":\"fr-FR\"},{\"@type\":\"Organization\",\"@id\":\"https:\\\/\\\/vcycletech.com\\\/#organization\",\"name\":\"vcycletech\",\"url\":\"https:\\\/\\\/vcycletech.com\\\/\",\"logo\":{\"@type\":\"ImageObject\",\"inLanguage\":\"fr-FR\",\"@id\":\"https:\\\/\\\/vcycletech.com\\\/#\\\/schema\\\/logo\\\/image\\\/\",\"url\":\"https:\\\/\\\/vcycletech.com\\\/wp-content\\\/uploads\\\/2023\\\/03\\\/logo-vcycletech-1.png\",\"contentUrl\":\"https:\\\/\\\/vcycletech.com\\\/wp-content\\\/uploads\\\/2023\\\/03\\\/logo-vcycletech-1.png\",\"width\":600,\"height\":400,\"caption\":\"vcycletech\"},\"image\":{\"@id\":\"https:\\\/\\\/vcycletech.com\\\/#\\\/schema\\\/logo\\\/image\\\/\"}}]}<\/script>\n<!-- \/ Yoast SEO Premium plugin. -->","yoast_head_json":{"title":"Cyclohexylamine - vcycletech","description":"La cyclohexylamine est un compos\u00e9 chimique qui peut \u00eatre utilis\u00e9 dans les proc\u00e9d\u00e9s de traitement de l&#039;eau. Il fonctionne comme interm\u00e9diaire dans la fabrication d&#039;autres produits chimiques, tels que les d\u00e9tergents et les r\u00e9sines synth\u00e9tiques, et il poss\u00e8de \u00e9galement des propri\u00e9t\u00e9s antimousse, anticorrosion, antistatiques et antimicrobiennes. Lorsqu&#039;elle est utilis\u00e9e dans des applications de traitement de l&#039;eau, la cyclohexylamine aide \u00e0 r\u00e9duire le nombre de niveaux de chlore libre dans l&#039;eau, ce qui peut provoquer une d\u00e9coloration due \u00e0 l&#039;oxyde de fer ou \u00e0 d&#039;autres m\u00e9taux. Il aide \u00e9galement \u00e0 \u00e9liminer les odeurs d\u00e9sagr\u00e9ables caus\u00e9es par la formation de sulfures.","robots":{"index":"index","follow":"follow","max-snippet":"max-snippet:-1","max-image-preview":"max-image-preview:large","max-video-preview":"max-video-preview:-1"},"canonical":"https:\/\/vcycletech.com\/fr\/produit\/cyclohexylamine\/","og_locale":"fr_FR","og_type":"article","og_title":"Cyclohexylamine","og_description":"Cyclohexylamine is a chemical compound that can be used in water treatment processes. It functions as an intermediate in the manufacture of other chemicals, such as detergents and synthetic resins, and it also has antifoaming, corrosion inhibitor, anti-static and anti-microbial properties. When used in water treatment applications, Cyclohexylamine helps to reduce the number of free chlorine levels in the water, which can cause discoloration from iron oxide or other metals. It also helps to eliminate unpleasant odors caused by the formation of sulfides.","og_url":"https:\/\/vcycletech.com\/fr\/produit\/cyclohexylamine\/","og_site_name":"vcycletech","article_modified_time":"2023-03-21T09:47:37+00:00","og_image":[{"width":600,"height":600,"url":"https:\/\/vcycletech.com\/wp-content\/uploads\/2023\/03\/\u672a\u547d\u540d\u7684\u8bbe\u8ba1-2-7.png","type":"image\/png"}],"twitter_card":"summary_large_image","twitter_misc":{"Dur\u00e9e de lecture estim\u00e9e":"2 minutes"},"schema":{"@context":"https:\/\/schema.org","@graph":[{"@type":"WebPage","@id":"https:\/\/vcycletech.com\/product\/cyclohexylamine\/","url":"https:\/\/vcycletech.com\/product\/cyclohexylamine\/","name":"Cyclohexylamine - vcycletech","isPartOf":{"@id":"https:\/\/vcycletech.com\/#website"},"primaryImageOfPage":{"@id":"https:\/\/vcycletech.com\/product\/cyclohexylamine\/#primaryimage"},"image":{"@id":"https:\/\/vcycletech.com\/product\/cyclohexylamine\/#primaryimage"},"thumbnailUrl":"https:\/\/vcycletech.com\/wp-content\/uploads\/2023\/03\/\u672a\u547d\u540d\u7684\u8bbe\u8ba1-2-7.png","datePublished":"2023-03-21T09:45:41+00:00","dateModified":"2023-03-21T09:47:37+00:00","description":"La cyclohexylamine est un compos\u00e9 chimique qui peut \u00eatre utilis\u00e9 dans les proc\u00e9d\u00e9s de traitement de l&#039;eau. Il fonctionne comme interm\u00e9diaire dans la fabrication d&#039;autres produits chimiques, tels que les d\u00e9tergents et les r\u00e9sines synth\u00e9tiques, et il poss\u00e8de \u00e9galement des propri\u00e9t\u00e9s antimousse, anticorrosion, antistatiques et antimicrobiennes. Lorsqu&#039;elle est utilis\u00e9e dans des applications de traitement de l&#039;eau, la cyclohexylamine aide \u00e0 r\u00e9duire le nombre de niveaux de chlore libre dans l&#039;eau, ce qui peut provoquer une d\u00e9coloration due \u00e0 l&#039;oxyde de fer ou \u00e0 d&#039;autres m\u00e9taux. Il aide \u00e9galement \u00e0 \u00e9liminer les odeurs d\u00e9sagr\u00e9ables caus\u00e9es par la formation de sulfures.","breadcrumb":{"@id":"https:\/\/vcycletech.com\/product\/cyclohexylamine\/#breadcrumb"},"inLanguage":"fr-FR","potentialAction":[{"@type":"ReadAction","target":["https:\/\/vcycletech.com\/product\/cyclohexylamine\/"]}]},{"@type":"ImageObject","inLanguage":"fr-FR","@id":"https:\/\/vcycletech.com\/product\/cyclohexylamine\/#primaryimage","url":"https:\/\/vcycletech.com\/wp-content\/uploads\/2023\/03\/\u672a\u547d\u540d\u7684\u8bbe\u8ba1-2-7.png","contentUrl":"https:\/\/vcycletech.com\/wp-content\/uploads\/2023\/03\/\u672a\u547d\u540d\u7684\u8bbe\u8ba1-2-7.png","width":600,"height":600,"caption":"Cyclohexylamine"},{"@type":"BreadcrumbList","@id":"https:\/\/vcycletech.com\/product\/cyclohexylamine\/#breadcrumb","itemListElement":[{"@type":"ListItem","position":1,"name":"Home","item":"https:\/\/vcycletech.com\/"},{"@type":"ListItem","position":2,"name":"Water Treatment Chemicals Manufacturer","item":"https:\/\/vcycletech.com\/water-treatment-chemicals-manufacturer\/"},{"@type":"ListItem","position":3,"name":"Cyclohexylamine"}]},{"@type":"WebSite","@id":"https:\/\/vcycletech.com\/#website","url":"https:\/\/vcycletech.com\/","name":"vcycletech","description":"Meilleur fournisseur de produits chimiques pour le traitement de l&#039;eau en Chine","publisher":{"@id":"https:\/\/vcycletech.com\/#organization"},"potentialAction":[{"@type":"SearchAction","target":{"@type":"EntryPoint","urlTemplate":"https:\/\/vcycletech.com\/?s={search_term_string}"},"query-input":{"@type":"PropertyValueSpecification","valueRequired":true,"valueName":"search_term_string"}}],"inLanguage":"fr-FR"},{"@type":"Organization","@id":"https:\/\/vcycletech.com\/#organization","name":"vcycletech","url":"https:\/\/vcycletech.com\/","logo":{"@type":"ImageObject","inLanguage":"fr-FR","@id":"https:\/\/vcycletech.com\/#\/schema\/logo\/image\/","url":"https:\/\/vcycletech.com\/wp-content\/uploads\/2023\/03\/logo-vcycletech-1.png","contentUrl":"https:\/\/vcycletech.com\/wp-content\/uploads\/2023\/03\/logo-vcycletech-1.png","width":600,"height":400,"caption":"vcycletech"},"image":{"@id":"https:\/\/vcycletech.com\/#\/schema\/logo\/image\/"}}]}},"_links":{"self":[{"href":"https:\/\/vcycletech.com\/fr\/wp-json\/wp\/v2\/product\/1197","targetHints":{"allow":["GET"]}}],"collection":[{"href":"https:\/\/vcycletech.com\/fr\/wp-json\/wp\/v2\/product"}],"about":[{"href":"https:\/\/vcycletech.com\/fr\/wp-json\/wp\/v2\/types\/product"}],"wp:featuredmedia":[{"embeddable":true,"href":"https:\/\/vcycletech.com\/fr\/wp-json\/wp\/v2\/media\/1212"}],"wp:attachment":[{"href":"https:\/\/vcycletech.com\/fr\/wp-json\/wp\/v2\/media?parent=1197"}],"wp:term":[{"taxonomy":"product_brand","embeddable":true,"href":"https:\/\/vcycletech.com\/fr\/wp-json\/wp\/v2\/product_brand?post=1197"},{"taxonomy":"product_cat","embeddable":true,"href":"https:\/\/vcycletech.com\/fr\/wp-json\/wp\/v2\/product_cat?post=1197"},{"taxonomy":"product_tag","embeddable":true,"href":"https:\/\/vcycletech.com\/fr\/wp-json\/wp\/v2\/product_tag?post=1197"}],"curies":[{"name":"wp","href":"https:\/\/api.w.org\/{rel}","templated":true}]}}