{"id":1184,"date":"2023-03-21T09:11:06","date_gmt":"2023-03-21T09:11:06","guid":{"rendered":"https:\/\/vcycletech.com\/?post_type=product&#038;p=1184"},"modified":"2023-03-27T05:49:27","modified_gmt":"2023-03-27T05:49:27","slug":"terpolymere-acrylique-sulfoniquekr-499","status":"publish","type":"product","link":"https:\/\/vcycletech.com\/fr\/produit\/terpolymere-acrylique-sulfoniquekr-499\/","title":{"rendered":"Terpolym\u00e8re acrylique\/sulfonique (WT-499)"},"content":{"rendered":"<h3>Propri\u00e9t\u00e9s :<\/h3>\n<p><strong>WT-499<\/strong> est un polym\u00e8re organique avanc\u00e9 et \u00e9conomique pour le contr\u00f4le des d\u00e9p\u00f4ts dans le traitement des eaux industrielles. Il s&#039;agit d&#039;une combinaison unique de polym\u00e8re et de phosphonate, permettant aux sp\u00e9cialistes de la formulation de tirer pleinement parti de ses capacit\u00e9s multifonctionnelles. Cette chimie POCA offre une meilleure rentabilit\u00e9, permettant des processus de traitement plus efficaces et efficients.<\/p>\n<h3>Sp\u00e9cification du terpolym\u00e8re acrylique :<\/h3>\n<div id=\"footable_parent_1186\"\n         class=\"footable_parent ninja_table_wrapper loading_ninja_table wp_table_data_press_parent semantic_ui\">\n                <table data-ninja_table_instance=\"ninja_table_instance_0\" data-footable_id=\"1186\" data-filter-delay=\"1000\" aria-label=\"KR-499 Terpolym\u00e8re acrylique-sulfonique.csv\"            id=\"footable_1186\"\n           data-unique_identifier=\"ninja_table_unique_id_3794492472_1186\"\n           class=\"foo-table ninja_footable foo_table_1186 ninja_table_unique_id_3794492472_1186 ui table  nt_type_legacy_table selectable striped vertical_centered  footable-paging-right ninja_table_pro\">\n                <colgroup>\n                            <col class=\"ninja_column_0\">\n                            <col class=\"ninja_column_1\">\n                    <\/colgroup>\n        <thead>\n<tr class=\"footable-header\">\n                                        <th scope=\"col\"  class=\"ninja_column_0 ninja_clmn_nm_items\">Articles<\/th><th scope=\"col\"  class=\"ninja_column_1 ninja_clmn_nm_index\">Indice<\/th><\/tr>\n<\/thead>\n<tbody>\n\n        <tr data-row_id=\"262\" class=\"ninja_table_row_0 nt_row_id_262\">\n            <td>Apparence<\/td><td>Liquide clair, jaune p\u00e2le<\/td>        <\/tr>\n            <tr data-row_id=\"263\" class=\"ninja_table_row_1 nt_row_id_263\">\n            <td>Contenu solide, %<\/td><td>48,0 minutes<\/td>        <\/tr>\n            <tr data-row_id=\"264\" class=\"ninja_table_row_2 nt_row_id_264\">\n            <td>Phosphore total (comme PO43-), %<\/td><td>1,0 min<\/td>        <\/tr>\n            <tr data-row_id=\"265\" class=\"ninja_table_row_3 nt_row_id_265\">\n            <td>Densit\u00e9 (20\u2103), g\/cm3<\/td><td>1,15 min<\/td>        <\/tr>\n            <tr data-row_id=\"266\" class=\"ninja_table_row_4 nt_row_id_266\">\n            <td>pH (solution aqueuse 1%)<\/td><td>1.5-3.5<\/td>        <\/tr>\n    <\/tbody><!--ninja_tobody_rendering_done-->\n    <\/table>\n    \n    \n    \n<\/div>\n\n<h3>Usage:<\/h3>\n<p><strong>WT-499<\/strong> est un produit sp\u00e9cialis\u00e9 sp\u00e9cialement con\u00e7u pour \u00eatre utilis\u00e9 dans les syst\u00e8mes de refroidissement par \u00e9vaporation. Ses propri\u00e9t\u00e9s polym\u00e8res et phosphonates et sa stabilit\u00e9 aux halog\u00e8nes en font une solution id\u00e9ale pour la formulation du traitement de l&#039;eau.<\/p>\n<h3>Emballage et stockage :<\/h3>\n<p><strong>WT-499<\/strong> est simple et efficace\u00a0; il est livr\u00e9 dans des f\u00fbts en plastique de 200L, des IBC de 1000L ou toute autre exigence personnalis\u00e9e. Pour une qualit\u00e9 optimale, le produit doit \u00eatre stock\u00e9 dans une pi\u00e8ce ombrag\u00e9e et maintenu au sec - avec une dur\u00e9e de conservation allant jusqu&#039;\u00e0 10 mois.<\/p>\n<h3>FAQ\u00a0:<\/h3>\n<p><img fetchpriority=\"high\" decoding=\"async\" class=\"alignnone size-full wp-image-1196\" src=\"https:\/\/vcycletech.com\/wp-content\/uploads\/2023\/03\/1-40.png\" alt=\"Terpolym\u00e8re acrylique\/sulfonique (KR-499)\" width=\"600\" height=\"400\" srcset=\"https:\/\/vcycletech.com\/wp-content\/uploads\/2023\/03\/1-40.png 600w, https:\/\/vcycletech.com\/wp-content\/uploads\/2023\/03\/1-40-300x200.png 300w\" sizes=\"(max-width: 600px) 100vw, 600px\" \/><\/p>\n<p><strong>Q1\u00a0: Qu&#039;est-ce qu&#039;un terpolym\u00e8re acrylique\u00a0?<\/strong><\/p>\n<p>Un terpolym\u00e8re acrylique est un type de polym\u00e8re compos\u00e9 de trois monom\u00e8res diff\u00e9rents : l&#039;acide acrylique, l&#039;acrylamide et l&#039;ac\u00e9tate de vinyle. Ce type de polym\u00e8re est couramment utilis\u00e9 dans les produits chimiques de traitement de l&#039;eau, car il a une grande affinit\u00e9 pour l&#039;eau et r\u00e9siste \u00e0 la d\u00e9gradation.<\/p>\n<p><strong>Q2\u00a0:Comment fonctionne un terpolym\u00e8re acrylique\u00a0?<\/strong><\/p>\n<p>Un terpolym\u00e8re acrylique agit en se liant aux particules dans l&#039;eau, telles que la salet\u00e9, les bact\u00e9ries et les virus. Ce processus de liaison \u00e9limine efficacement ces contaminants de l&#039;eau, la rendant potable.<\/p>\n<p><strong>Q3\u00a0: Quels sont les avantages d&#039;utiliser un terpolym\u00e8re acrylique pour le traitement de l&#039;eau\u00a0?<\/strong><\/p>\n<p>L&#039;utilisation d&#039;un terpolym\u00e8re acrylique pour le traitement de l&#039;eau pr\u00e9sente de nombreux avantages, notamment sa haute efficacit\u00e9, son faible co\u00fbt et sa s\u00e9curit\u00e9. Les terpolym\u00e8res acryliques sont tr\u00e8s efficaces pour \u00e9liminer un large \u00e9ventail de contaminants de l&#039;eau, notamment les bact\u00e9ries, les virus, la salet\u00e9 et d&#039;autres particules. De plus, ils sont tr\u00e8s abordables et s\u00fbrs \u00e0 utiliser.<\/p>\n<p><strong>Q4\u00a0: Y a-t-il des inconv\u00e9nients \u00e0 utiliser un terpolym\u00e8re acrylique pour le traitement de l&#039;eau\u00a0?<\/strong><\/p>\n<p>Un inconv\u00e9nient potentiel de l&#039;utilisation d&#039;un terpolym\u00e8re acrylique pour le traitement de l&#039;eau est qu&#039;il peut se lier \u00e0 certains min\u00e9raux souhaitables dans l&#039;eau, tels que le calcium et le magn\u00e9sium. Cependant, cela peut \u00eatre minimis\u00e9 en utilisant une concentration plus faible du polym\u00e8re ou en ajoutant un agent ch\u00e9latant \u00e0 l&#039;eau. De plus, certaines recherches sugg\u00e8rent qu&#039;une exposition \u00e0 long terme \u00e0 l&#039;acrylamide peut \u00eatre nocive pour la sant\u00e9 humaine; cependant, cela n&#039;a pas \u00e9t\u00e9 prouv\u00e9 de mani\u00e8re concluante et des recherches suppl\u00e9mentaires sont n\u00e9cessaires.<\/p>\n<p><strong>Q5\u00a0:\u00a0Comment utiliser un terpolym\u00e8re acrylique pour le traitement de l&#039;eau\u00a0?<\/strong><\/p>\n<p>Les terpolym\u00e8res acryliques peuvent \u00eatre ajout\u00e9s \u00e0 l&#039;eau de plusieurs fa\u00e7ons, selon l&#039;application. Par exemple, ils peuvent \u00eatre ajout\u00e9s directement \u00e0 l&#039;eau potable ou utilis\u00e9s en conjonction avec d&#039;autres m\u00e9thodes de traitement de l&#039;eau, telles que l&#039;osmose inverse ou la d\u00e9sinfection aux ultraviolets. De plus, ils peuvent \u00eatre utilis\u00e9s dans des applications industrielles telles que les tours de refroidissement ou les chaudi\u00e8res.<\/p>\n<p><strong>Q6\u00a0:\u00a0Quels sont les effets secondaires de l&#039;utilisation d&#039;un terpolym\u00e8re acrylique pour le traitement de l&#039;eau\u00a0?<\/strong><\/p>\n<p>Il n&#039;y a aucun effet secondaire connu associ\u00e9 \u00e0 l&#039;utilisation d&#039;un terpolym\u00e8re acrylique pour le traitement de l&#039;eau. Cependant, comme pour tout additif chimique, il est toujours pr\u00e9f\u00e9rable de p\u00e9cher par exc\u00e8s de prudence et de consulter un professionnel qualifi\u00e9 avant de l&#039;ajouter \u00e0 votre approvisionnement en eau.<\/p>\n<p><strong>Q7\u00a0: Combien de temps dure un terpolym\u00e8re acrylique dans l&#039;eau\u00a0?<\/strong><\/p>\n<p>Un terpolym\u00e8re acrylique peut durer ind\u00e9finiment dans l&#039;eau s&#039;il est stock\u00e9 correctement. Cependant, il est g\u00e9n\u00e9ralement recommand\u00e9 de le remplacer tous les 6 mois pour garantir des performances optimales.<\/p>\n<p><a href=\"https:\/\/vcycletech.com\/fr\/categorie-de-produit\/antitartre-et-dispersant-polycarboxylique\/\">Obtenez la solution compl\u00e8te antitartre et dispersant polycarboxylique.<\/a><\/p>","protected":false},"excerpt":{"rendered":"<p><strong>WT-499 Terpolym\u00e8re acrylique\/sulfonique<\/strong> est un produit chimique de traitement de l&#039;eau utilis\u00e9 pour traiter les eaux us\u00e9es et d&#039;autres sources d&#039;eau contamin\u00e9es. Il d\u00e9compose les mati\u00e8res organiques, telles que les huiles et les graisses, en particules plus petites qui peuvent \u00eatre plus facilement \u00e9limin\u00e9es de l&#039;eau. Ce processus permet \u00e9galement de r\u00e9duire le nombre de phosphates et autres polluants dans l&#039;eau. <strong>WT-499 Terpolym\u00e8re acrylique\/sulfonique<\/strong> est tr\u00e8s efficace pour \u00e9liminer les contaminants des sources d&#039;eau, ce qui en fait un choix id\u00e9al pour le traitement des eaux us\u00e9es et autres eaux pollu\u00e9es. De plus, ce produit chimique est sans danger pour les syst\u00e8mes d&#039;eau potable, ce qui en fait une excellente option pour ceux qui cherchent \u00e0 am\u00e9liorer la qualit\u00e9 de leur eau potable.<\/p>","protected":false},"featured_media":2839,"template":"","meta":{"site-sidebar-layout":"default","site-content-layout":"default","ast-site-content-layout":"default","site-content-style":"default","site-sidebar-style":"default","ast-global-header-display":"","ast-banner-title-visibility":"","ast-main-header-display":"","ast-hfb-above-header-display":"","ast-hfb-below-header-display":"","ast-hfb-mobile-header-display":"","site-post-title":"","ast-breadcrumbs-content":"","ast-featured-img":"","footer-sml-layout":"","ast-disable-related-posts":"","theme-transparent-header-meta":"default","adv-header-id-meta":"","stick-header-meta":"default","header-above-stick-meta":"","header-main-stick-meta":"","header-below-stick-meta":"","astra-migrate-meta-layouts":"default","ast-page-background-enabled":"default","ast-page-background-meta":{"desktop":{"background-color":"","background-image":"","background-repeat":"repeat","background-position":"center center","background-size":"auto","background-attachment":"scroll","background-type":"","background-media":"","overlay-type":"","overlay-color":"","overlay-opacity":"","overlay-gradient":""},"tablet":{"background-color":"","background-image":"","background-repeat":"repeat","background-position":"center center","background-size":"auto","background-attachment":"scroll","background-type":"","background-media":"","overlay-type":"","overlay-color":"","overlay-opacity":"","overlay-gradient":""},"mobile":{"background-color":"","background-image":"","background-repeat":"repeat","background-position":"center center","background-size":"auto","background-attachment":"scroll","background-type":"","background-media":"","overlay-type":"","overlay-color":"","overlay-opacity":"","overlay-gradient":""}},"ast-content-background-meta":{"desktop":{"background-color":"var(--ast-global-color-5)","background-image":"","background-repeat":"repeat","background-position":"center center","background-size":"auto","background-attachment":"scroll","background-type":"","background-media":"","overlay-type":"","overlay-color":"","overlay-opacity":"","overlay-gradient":""},"tablet":{"background-color":"var(--ast-global-color-5)","background-image":"","background-repeat":"repeat","background-position":"center center","background-size":"auto","background-attachment":"scroll","background-type":"","background-media":"","overlay-type":"","overlay-color":"","overlay-opacity":"","overlay-gradient":""},"mobile":{"background-color":"var(--ast-global-color-5)","background-image":"","background-repeat":"repeat","background-position":"center center","background-size":"auto","background-attachment":"scroll","background-type":"","background-media":"","overlay-type":"","overlay-color":"","overlay-opacity":"","overlay-gradient":""}}},"product_brand":[],"product_cat":[28],"product_tag":[],"class_list":{"0":"post-1184","1":"product","2":"type-product","3":"status-publish","4":"has-post-thumbnail","6":"product_cat-polycarboxylic-antiscalant-and-dispersant","7":"desktop-align-left","8":"tablet-align-left","9":"mobile-align-left","10":"ast-product-gallery-layout-horizontal-slider","11":"ast-product-gallery-with-no-image","12":"ast-product-tabs-layout-horizontal","14":"first","15":"instock","16":"shipping-taxable","17":"product-type-simple"},"yoast_head":"<!-- This site is optimized with the Yoast SEO Premium plugin v26.3 (Yoast SEO v27.3) - https:\/\/yoast.com\/product\/yoast-seo-premium-wordpress\/ -->\n<title>Acrylic\/Sulfonic Terpolymer(WT-499) - vcycletech<\/title>\n<meta name=\"description\" content=\"Take control of your water quality with our leading [acrylic terpolymer] Water Treatment Chemicals. Buy now and make the change!\" \/>\n<meta name=\"robots\" content=\"index, follow, max-snippet:-1, max-image-preview:large, max-video-preview:-1\" \/>\n<link rel=\"canonical\" href=\"https:\/\/vcycletech.com\/fr\/produit\/terpolymere-acrylique-sulfoniquekr-499\/\" \/>\n<meta property=\"og:locale\" content=\"fr_FR\" \/>\n<meta property=\"og:type\" content=\"article\" \/>\n<meta property=\"og:title\" content=\"Acrylic\/Sulfonic Terpolymer(WT-499)\" \/>\n<meta property=\"og:description\" content=\"Take control of your water quality with our leading [acrylic terpolymer] Water Treatment Chemicals. Buy now and make the change!\" \/>\n<meta property=\"og:url\" content=\"https:\/\/vcycletech.com\/fr\/produit\/terpolymere-acrylique-sulfoniquekr-499\/\" \/>\n<meta property=\"og:site_name\" content=\"vcycletech\" \/>\n<meta property=\"article:modified_time\" content=\"2023-03-27T05:49:27+00:00\" \/>\n<meta property=\"og:image\" content=\"https:\/\/vcycletech.com\/wp-content\/uploads\/2023\/03\/11.png\" \/>\n\t<meta property=\"og:image:width\" content=\"600\" \/>\n\t<meta property=\"og:image:height\" content=\"600\" \/>\n\t<meta property=\"og:image:type\" content=\"image\/png\" \/>\n<meta name=\"twitter:card\" content=\"summary_large_image\" \/>\n<meta name=\"twitter:label1\" content=\"Dur\u00e9e de lecture estim\u00e9e\" \/>\n\t<meta name=\"twitter:data1\" content=\"3 minutes\" \/>\n<script type=\"application\/ld+json\" class=\"yoast-schema-graph\">{\"@context\":\"https:\\\/\\\/schema.org\",\"@graph\":[{\"@type\":\"WebPage\",\"@id\":\"https:\\\/\\\/vcycletech.com\\\/product\\\/acrylic-sulfonic-terpolymerwt-499\\\/\",\"url\":\"https:\\\/\\\/vcycletech.com\\\/product\\\/acrylic-sulfonic-terpolymerwt-499\\\/\",\"name\":\"Acrylic\\\/Sulfonic Terpolymer(WT-499) - vcycletech\",\"isPartOf\":{\"@id\":\"https:\\\/\\\/vcycletech.com\\\/#website\"},\"primaryImageOfPage\":{\"@id\":\"https:\\\/\\\/vcycletech.com\\\/product\\\/acrylic-sulfonic-terpolymerwt-499\\\/#primaryimage\"},\"image\":{\"@id\":\"https:\\\/\\\/vcycletech.com\\\/product\\\/acrylic-sulfonic-terpolymerwt-499\\\/#primaryimage\"},\"thumbnailUrl\":\"https:\\\/\\\/vcycletech.com\\\/wp-content\\\/uploads\\\/2023\\\/03\\\/11.png\",\"datePublished\":\"2023-03-21T09:11:06+00:00\",\"dateModified\":\"2023-03-27T05:49:27+00:00\",\"description\":\"Take control of your water quality with our leading [acrylic terpolymer] Water Treatment Chemicals. Buy now and make the change!\",\"breadcrumb\":{\"@id\":\"https:\\\/\\\/vcycletech.com\\\/product\\\/acrylic-sulfonic-terpolymerwt-499\\\/#breadcrumb\"},\"inLanguage\":\"fr-FR\",\"potentialAction\":[{\"@type\":\"ReadAction\",\"target\":[\"https:\\\/\\\/vcycletech.com\\\/product\\\/acrylic-sulfonic-terpolymerwt-499\\\/\"]}]},{\"@type\":\"ImageObject\",\"inLanguage\":\"fr-FR\",\"@id\":\"https:\\\/\\\/vcycletech.com\\\/product\\\/acrylic-sulfonic-terpolymerwt-499\\\/#primaryimage\",\"url\":\"https:\\\/\\\/vcycletech.com\\\/wp-content\\\/uploads\\\/2023\\\/03\\\/11.png\",\"contentUrl\":\"https:\\\/\\\/vcycletech.com\\\/wp-content\\\/uploads\\\/2023\\\/03\\\/11.png\",\"width\":600,\"height\":600,\"caption\":\"Acrylic\\\/Sulfonic Terpolymer\"},{\"@type\":\"BreadcrumbList\",\"@id\":\"https:\\\/\\\/vcycletech.com\\\/product\\\/acrylic-sulfonic-terpolymerwt-499\\\/#breadcrumb\",\"itemListElement\":[{\"@type\":\"ListItem\",\"position\":1,\"name\":\"Home\",\"item\":\"https:\\\/\\\/vcycletech.com\\\/\"},{\"@type\":\"ListItem\",\"position\":2,\"name\":\"Water Treatment Chemicals Manufacturer\",\"item\":\"https:\\\/\\\/vcycletech.com\\\/water-treatment-chemicals-manufacturer\\\/\"},{\"@type\":\"ListItem\",\"position\":3,\"name\":\"Acrylic\\\/Sulfonic Terpolymer(WT-499)\"}]},{\"@type\":\"WebSite\",\"@id\":\"https:\\\/\\\/vcycletech.com\\\/#website\",\"url\":\"https:\\\/\\\/vcycletech.com\\\/\",\"name\":\"vcycletech\",\"description\":\"China&#039;s top water treatment chemicals supplier\",\"publisher\":{\"@id\":\"https:\\\/\\\/vcycletech.com\\\/#organization\"},\"potentialAction\":[{\"@type\":\"SearchAction\",\"target\":{\"@type\":\"EntryPoint\",\"urlTemplate\":\"https:\\\/\\\/vcycletech.com\\\/?s={search_term_string}\"},\"query-input\":{\"@type\":\"PropertyValueSpecification\",\"valueRequired\":true,\"valueName\":\"search_term_string\"}}],\"inLanguage\":\"fr-FR\"},{\"@type\":\"Organization\",\"@id\":\"https:\\\/\\\/vcycletech.com\\\/#organization\",\"name\":\"vcycletech\",\"url\":\"https:\\\/\\\/vcycletech.com\\\/\",\"logo\":{\"@type\":\"ImageObject\",\"inLanguage\":\"fr-FR\",\"@id\":\"https:\\\/\\\/vcycletech.com\\\/#\\\/schema\\\/logo\\\/image\\\/\",\"url\":\"https:\\\/\\\/vcycletech.com\\\/wp-content\\\/uploads\\\/2023\\\/03\\\/logo-vcycletech-1.png\",\"contentUrl\":\"https:\\\/\\\/vcycletech.com\\\/wp-content\\\/uploads\\\/2023\\\/03\\\/logo-vcycletech-1.png\",\"width\":600,\"height\":400,\"caption\":\"vcycletech\"},\"image\":{\"@id\":\"https:\\\/\\\/vcycletech.com\\\/#\\\/schema\\\/logo\\\/image\\\/\"}}]}<\/script>\n<!-- \/ Yoast SEO Premium plugin. -->","yoast_head_json":{"title":"Terpolym\u00e8re acrylique\/sulfonique (WT-499) - vcycletech","description":"Take control of your water quality with our leading [acrylic terpolymer] Water Treatment Chemicals. Buy now and make the change!","robots":{"index":"index","follow":"follow","max-snippet":"max-snippet:-1","max-image-preview":"max-image-preview:large","max-video-preview":"max-video-preview:-1"},"canonical":"https:\/\/vcycletech.com\/fr\/produit\/terpolymere-acrylique-sulfoniquekr-499\/","og_locale":"fr_FR","og_type":"article","og_title":"Acrylic\/Sulfonic Terpolymer(WT-499)","og_description":"Take control of your water quality with our leading [acrylic terpolymer] Water Treatment Chemicals. Buy now and make the change!","og_url":"https:\/\/vcycletech.com\/fr\/produit\/terpolymere-acrylique-sulfoniquekr-499\/","og_site_name":"vcycletech","article_modified_time":"2023-03-27T05:49:27+00:00","og_image":[{"width":600,"height":600,"url":"https:\/\/vcycletech.com\/wp-content\/uploads\/2023\/03\/11.png","type":"image\/png"}],"twitter_card":"summary_large_image","twitter_misc":{"Dur\u00e9e de lecture estim\u00e9e":"3 minutes"},"schema":{"@context":"https:\/\/schema.org","@graph":[{"@type":"WebPage","@id":"https:\/\/vcycletech.com\/product\/acrylic-sulfonic-terpolymerwt-499\/","url":"https:\/\/vcycletech.com\/product\/acrylic-sulfonic-terpolymerwt-499\/","name":"Terpolym\u00e8re acrylique\/sulfonique (WT-499) - vcycletech","isPartOf":{"@id":"https:\/\/vcycletech.com\/#website"},"primaryImageOfPage":{"@id":"https:\/\/vcycletech.com\/product\/acrylic-sulfonic-terpolymerwt-499\/#primaryimage"},"image":{"@id":"https:\/\/vcycletech.com\/product\/acrylic-sulfonic-terpolymerwt-499\/#primaryimage"},"thumbnailUrl":"https:\/\/vcycletech.com\/wp-content\/uploads\/2023\/03\/11.png","datePublished":"2023-03-21T09:11:06+00:00","dateModified":"2023-03-27T05:49:27+00:00","description":"Take control of your water quality with our leading [acrylic terpolymer] Water Treatment Chemicals. Buy now and make the change!","breadcrumb":{"@id":"https:\/\/vcycletech.com\/product\/acrylic-sulfonic-terpolymerwt-499\/#breadcrumb"},"inLanguage":"fr-FR","potentialAction":[{"@type":"ReadAction","target":["https:\/\/vcycletech.com\/product\/acrylic-sulfonic-terpolymerwt-499\/"]}]},{"@type":"ImageObject","inLanguage":"fr-FR","@id":"https:\/\/vcycletech.com\/product\/acrylic-sulfonic-terpolymerwt-499\/#primaryimage","url":"https:\/\/vcycletech.com\/wp-content\/uploads\/2023\/03\/11.png","contentUrl":"https:\/\/vcycletech.com\/wp-content\/uploads\/2023\/03\/11.png","width":600,"height":600,"caption":"Acrylic\/Sulfonic Terpolymer"},{"@type":"BreadcrumbList","@id":"https:\/\/vcycletech.com\/product\/acrylic-sulfonic-terpolymerwt-499\/#breadcrumb","itemListElement":[{"@type":"ListItem","position":1,"name":"Home","item":"https:\/\/vcycletech.com\/"},{"@type":"ListItem","position":2,"name":"Water Treatment Chemicals Manufacturer","item":"https:\/\/vcycletech.com\/water-treatment-chemicals-manufacturer\/"},{"@type":"ListItem","position":3,"name":"Acrylic\/Sulfonic Terpolymer(WT-499)"}]},{"@type":"WebSite","@id":"https:\/\/vcycletech.com\/#website","url":"https:\/\/vcycletech.com\/","name":"vcycletech","description":"Meilleur fournisseur de produits chimiques pour le traitement de l&#039;eau en Chine","publisher":{"@id":"https:\/\/vcycletech.com\/#organization"},"potentialAction":[{"@type":"SearchAction","target":{"@type":"EntryPoint","urlTemplate":"https:\/\/vcycletech.com\/?s={search_term_string}"},"query-input":{"@type":"PropertyValueSpecification","valueRequired":true,"valueName":"search_term_string"}}],"inLanguage":"fr-FR"},{"@type":"Organization","@id":"https:\/\/vcycletech.com\/#organization","name":"vcycletech","url":"https:\/\/vcycletech.com\/","logo":{"@type":"ImageObject","inLanguage":"fr-FR","@id":"https:\/\/vcycletech.com\/#\/schema\/logo\/image\/","url":"https:\/\/vcycletech.com\/wp-content\/uploads\/2023\/03\/logo-vcycletech-1.png","contentUrl":"https:\/\/vcycletech.com\/wp-content\/uploads\/2023\/03\/logo-vcycletech-1.png","width":600,"height":400,"caption":"vcycletech"},"image":{"@id":"https:\/\/vcycletech.com\/#\/schema\/logo\/image\/"}}]}},"_links":{"self":[{"href":"https:\/\/vcycletech.com\/fr\/wp-json\/wp\/v2\/product\/1184","targetHints":{"allow":["GET"]}}],"collection":[{"href":"https:\/\/vcycletech.com\/fr\/wp-json\/wp\/v2\/product"}],"about":[{"href":"https:\/\/vcycletech.com\/fr\/wp-json\/wp\/v2\/types\/product"}],"wp:featuredmedia":[{"embeddable":true,"href":"https:\/\/vcycletech.com\/fr\/wp-json\/wp\/v2\/media\/2839"}],"wp:attachment":[{"href":"https:\/\/vcycletech.com\/fr\/wp-json\/wp\/v2\/media?parent=1184"}],"wp:term":[{"taxonomy":"product_brand","embeddable":true,"href":"https:\/\/vcycletech.com\/fr\/wp-json\/wp\/v2\/product_brand?post=1184"},{"taxonomy":"product_cat","embeddable":true,"href":"https:\/\/vcycletech.com\/fr\/wp-json\/wp\/v2\/product_cat?post=1184"},{"taxonomy":"product_tag","embeddable":true,"href":"https:\/\/vcycletech.com\/fr\/wp-json\/wp\/v2\/product_tag?post=1184"}],"curies":[{"name":"wp","href":"https:\/\/api.w.org\/{rel}","templated":true}]}}