{"id":1182,"date":"2023-03-21T09:35:42","date_gmt":"2023-03-21T09:35:42","guid":{"rendered":"https:\/\/vcycletech.com\/?post_type=product&#038;p=1182"},"modified":"2023-03-27T05:40:07","modified_gmt":"2023-03-27T05:40:07","slug":"wt-0100-antitartre-et-dispersant","status":"publish","type":"product","link":"https:\/\/vcycletech.com\/fr\/produit\/wt-0100-antitartre-et-dispersant\/","title":{"rendered":"Antitartre et dispersant WT-0100 pour membrane RO"},"content":{"rendered":"<h3 id=\"introduction_2\" class=\"xsj_heading_hash xsj_heading xsj_heading_h2\" data-source-line=\"6\" data-source-line-display=\"true\"><span class=\"xsj_heading_content\">Introduction:<\/span><\/h3>\n<p class=\"xsj_paragraph xsj_paragraph_level_0\" data-source-line=\"8\" data-source-line-display=\"true\"><strong>WT-0100 Antitartre et Dispersant<\/strong> est la solution id\u00e9ale pour prot\u00e9ger les syst\u00e8mes d&#039;osmose inverse, de nanofiltration et d&#039;ultrafiltration contre l&#039;accumulation de tartre min\u00e9ral. Ce produit offre une protection sup\u00e9rieure pour les membranes RO et aide \u00e0 r\u00e9duire les co\u00fbts op\u00e9rationnels \u00e0 long terme. Avec<strong> WT-0100 Antitartre et Dispersant<\/strong>, les utilisateurs peuvent profiter d&#039;une excellente qualit\u00e9 d&#039;eau pendant une p\u00e9riode prolong\u00e9e.<\/p>\n<div class=\"xiaoshujiang_element xsj_anchor\"><a class=\"blank_anchor_name\" name=\"features_3\"><\/a><a id=\"features_3\" class=\"blank_anchor_id\"><\/a><a class=\"blank_anchor_name\" name=\"features\"><\/a><a id=\"features\" class=\"blank_anchor_id\"><\/a><\/div>\n<h3 id=\"features_3\" class=\"xsj_heading_hash xsj_heading xsj_heading_h2\" data-source-line=\"10\" data-source-line-display=\"true\"><span class=\"xsj_heading_content\">Caract\u00e9ristiques:<\/span><\/h3>\n<p class=\"xsj_paragraph xsj_paragraph_level_0\" data-source-line=\"12\" data-source-line-display=\"true\"><strong>WT-0100 Antitartre et Dispersant<\/strong> sont sp\u00e9cialement formul\u00e9s pour prot\u00e9ger contre l&#039;accumulation de tartre min\u00e9ral sur les surfaces des membranes. Il est \u00e9galement tr\u00e8s efficace pour pr\u00e9venir la s\u00e9dimentation sur les surfaces des membranes, ce qui peut entra\u00eener une mauvaise qualit\u00e9 de l&#039;eau. Ce produit a de nombreuses applications et peut \u00eatre utilis\u00e9 dans divers syst\u00e8mes, y compris les syst\u00e8mes d&#039;osmose inverse, de nanofiltration et d&#039;ultrafiltration. Il convient aux applications d&#039;eau d&#039;alimentation chaude et froide et poss\u00e8de une large gamme de niveaux de pH.<\/p>\n<div class=\"xiaoshujiang_element xsj_anchor\"><a class=\"blank_anchor_name\" name=\"applications_4\"><\/a><a id=\"applications_4\" class=\"blank_anchor_id\"><\/a><a class=\"blank_anchor_name\" name=\"applications\"><\/a><a id=\"applications\" class=\"blank_anchor_id\"><\/a><\/div>\n<h3 id=\"applications_4\" class=\"xsj_heading_hash xsj_heading xsj_heading_h2\" data-source-line=\"14\" data-source-line-display=\"true\"><span class=\"xsj_heading_content\">Applications:<\/span><\/h3>\n<p class=\"xsj_paragraph xsj_paragraph_level_0\" data-source-line=\"16\" data-source-line-display=\"true\"><strong>WT-0100 Antitartre et Dispersant<\/strong> peut \u00eatre utilis\u00e9 dans diverses applications industrielles, y compris la transformation des aliments et des boissons, le traitement de l&#039;eau d&#039;alimentation des chaudi\u00e8res, l&#039;entretien des tours de refroidissement, le traitement des eaux us\u00e9es, les flux de processus chimiques, les syst\u00e8mes d&#039;irrigation agricole, les syst\u00e8mes d&#039;assainissement, etc. Il convient \u00e9galement aux applications r\u00e9sidentielles telles que l&#039;adoucissement de l&#039;eau unit\u00e9s. Ce produit peut aider \u00e0 r\u00e9duire les co\u00fbts d&#039;exploitation en r\u00e9duisant ou en \u00e9liminant le besoin de d\u00e9tartrage p\u00e9riodique ou de remplacement des membranes d&#039;osmose inverse en raison de l&#039;accumulation de min\u00e9raux.<\/p>\n<h3>Sp\u00e9cification:<\/h3>\n<div>\n<table>\n<tbody>\n<tr>\n<td width=\"204\">Articles<\/td>\n<td width=\"315\">Indice<\/td>\n<\/tr>\n<tr>\n<td width=\"204\">Apparence<\/td>\n<td width=\"315\">Liquide transparent<\/td>\n<\/tr>\n<tr>\n<td width=\"204\">Valeur pH, (solution aqueuse 1%)<\/td>\n<td width=\"315\">2.0\u00b10.5<\/td>\n<\/tr>\n<tr>\n<td width=\"204\">Densit\u00e9 (20\u2103)g\/cm3<\/td>\n<td width=\"315\">1.03-1.06<\/td>\n<\/tr>\n<tr>\n<td width=\"204\">Contenu principal<\/td>\n<td width=\"315\">Macromol\u00e9culaire contenant du P<\/td>\n<\/tr>\n<tr>\n<td width=\"204\">D\u00e9composition d&#039;un produit \u00e0 haute temp\u00e9rature<\/td>\n<td width=\"315\">orthophosphate<\/td>\n<\/tr>\n<\/tbody>\n<\/table>\n<\/div>\n<div class=\"xiaoshujiang_element xsj_anchor\"><a class=\"blank_anchor_name\" name=\"faqs_5\"><\/a><a id=\"faqs_5\" class=\"blank_anchor_id\"><\/a><a class=\"blank_anchor_name\" name=\"faqs\"><\/a><a id=\"faqs\" class=\"blank_anchor_id\"><\/a><\/div>\n<h3 id=\"faqs_5\" class=\"xsj_heading_hash xsj_heading xsj_heading_h2\" data-source-line=\"18\" data-source-line-display=\"true\"><span class=\"xsj_heading_content\">FAQ\u00a0:<\/span><\/h3>\n<p class=\"xiaoshujiang_element xsj_anchor\"><a class=\"blank_anchor_name\" name=\"120what20are20the20benefits20of20using20wt-0100_6\"><\/a><a id=\"120what20are20the20benefits20of20using20wt-0100_6\" class=\"blank_anchor_id\"><\/a><a class=\"blank_anchor_name\" name=\"1-what-are-the-benefits-of-using-wt-0100\"><\/a><a id=\"1-what-are-the-benefits-of-using-wt-0100\" class=\"blank_anchor_id\"><\/a><\/p>\n<p id=\"120what20are20the20benefits20of20using20wt-0100_6\" class=\"xsj_heading_hash xsj_heading xsj_heading_h3\" data-source-line=\"20\" data-source-line-display=\"true\"><strong><span class=\"xsj_heading_content\">Q1\u00a0:\u00a0Quels sont les avantages d&#039;utiliser le WT-0100\u00a0?<\/span><\/strong><\/p>\n<p class=\"xsj_paragraph xsj_paragraph_level_0\" data-source-line=\"22\" data-source-line-display=\"true\">L&#039;antitartre et le dispersant WT-0100 offrent une protection sup\u00e9rieure contre l&#039;accumulation de tartre min\u00e9ral sur les surfaces de la membrane, ce qui aide \u00e0 maintenir une qualit\u00e9 d&#039;eau optimale sur une p\u00e9riode prolong\u00e9e. Il est \u00e9galement tr\u00e8s efficace pour pr\u00e9venir la s\u00e9dimentation, ce qui peut r\u00e9duire les co\u00fbts d&#039;exploitation \u00e0 long terme.<\/p>\n<div class=\"xiaoshujiang_element xsj_anchor\"><a class=\"blank_anchor_name\" name=\"220is20this20product20suitable20for20hot20or20cold20feed20water20applications_7\"><\/a><a id=\"220is20this20product20suitable20for20hot20or20cold20feed20water20applications_7\" class=\"blank_anchor_id\"><\/a><a class=\"blank_anchor_name\" name=\"2-is-this-product-suitable-for-hot-or-cold-feed-water-applications\"><\/a><a id=\"2-is-this-product-suitable-for-hot-or-cold-feed-water-applications\" class=\"blank_anchor_id\"><\/a><\/div>\n<p id=\"220is20this20product20suitable20for20hot20or20cold20feed20water20applications_7\" class=\"xsj_heading_hash xsj_heading xsj_heading_h3\" data-source-line=\"24\" data-source-line-display=\"true\"><strong><span class=\"xsj_heading_content\">Q2\u00a0: Ce produit convient-il aux applications d&#039;eau d&#039;alimentation chaude ou froide\u00a0?<\/span><\/strong><\/p>\n<p class=\"xsj_paragraph xsj_paragraph_level_0\" data-source-line=\"26\" data-source-line-display=\"true\">Oui! L&#039;antitartre et le dispersant WT-0100 conviennent aux applications d&#039;eau d&#039;alimentation chaude et froide et avec une large gamme de niveaux de pH.<\/p>\n<div class=\"xiaoshujiang_element xsj_anchor\"><a class=\"blank_anchor_name\" name=\"320what20types20of20systems20can20it20be20used20in_8\"><\/a><a id=\"320what20types20of20systems20can20it20be20used20in_8\" class=\"blank_anchor_id\"><\/a><a class=\"blank_anchor_name\" name=\"3-what-types-of-systems-can-it-be-used-in\"><\/a><a id=\"3-what-types-of-systems-can-it-be-used-in\" class=\"blank_anchor_id\"><\/a><\/div>\n<p id=\"320what20types20of20systems20can20it20be20used20in_8\" class=\"xsj_heading_hash xsj_heading xsj_heading_h3\" data-source-line=\"28\" data-source-line-display=\"true\"><strong><span class=\"xsj_heading_content\">Q3\u00a0: Dans quels types de syst\u00e8mes peut-il \u00eatre utilis\u00e9\u00a0?<\/span><\/strong><\/p>\n<p class=\"xsj_paragraph xsj_paragraph_level_0\" data-source-line=\"30\" data-source-line-display=\"true\">Ce produit peut \u00eatre utilis\u00e9 dans l&#039;osmose inverse, la nanofiltration, les syst\u00e8mes d&#039;ultrafiltration et d&#039;autres applications industrielles telles que la transformation des aliments et des boissons et le traitement des eaux us\u00e9es, entre autres.<\/p>\n<div class=\"xiaoshujiang_element xsj_anchor\"><a class=\"blank_anchor_name\" name=\"420is20this20product20safe_9\"><\/a><a id=\"420is20this20product20safe_9\" class=\"blank_anchor_id\"><\/a><a class=\"blank_anchor_name\" name=\"4-is-this-product-safe\"><\/a><a id=\"4-is-this-product-safe\" class=\"blank_anchor_id\"><\/a><\/div>\n<p id=\"420is20this20product20safe_9\" class=\"xsj_heading_hash xsj_heading xsj_heading_h3\" data-source-line=\"32\" data-source-line-display=\"true\"><strong><span class=\"xsj_heading_content\">Q4\u00a0: ce produit est-il s\u00fbr\u00a0?<\/span><\/strong><\/p>\n<p class=\"xsj_paragraph xsj_paragraph_level_0\" data-source-line=\"34\" data-source-line-display=\"true\">Oui! L&#039;antitartre et le dispersant WT-0100 ont \u00e9t\u00e9 soigneusement test\u00e9s pour garantir leur s\u00e9curit\u00e9 lorsqu&#039;ils sont utilis\u00e9s conform\u00e9ment aux instructions fournies par leur fabricant. Vous n&#039;avez pas \u00e0 vous soucier des risques potentiels pour la sant\u00e9 associ\u00e9s \u00e0 l&#039;utilisation de ce produit.<\/p>\n<div class=\"xiaoshujiang_element xsj_anchor\"><a class=\"blank_anchor_name\" name=\"520how20often20should20i20use20this20antiscalentdispersent_10\"><\/a><a id=\"520how20often20should20i20use20this20antiscalentdispersent_10\" class=\"blank_anchor_id\"><\/a><a class=\"blank_anchor_name\" name=\"5-how-often-should-i-use-this-antiscalentdispersent\"><\/a><a id=\"5-how-often-should-i-use-this-antiscalentdispersent\" class=\"blank_anchor_id\"><\/a><\/div>\n<p id=\"520how20often20should20i20use20this20antiscalentdispersent_10\" class=\"xsj_heading_hash xsj_heading xsj_heading_h3\" data-source-line=\"36\" data-source-line-display=\"true\"><strong><span class=\"xsj_heading_content\">Q5\u00a0: \u00c0 quelle fr\u00e9quence dois-je utiliser cet antitartre\/dispersant\u00a0?<\/span><\/strong><\/p>\n<p class=\"xsj_paragraph xsj_paragraph_level_0\" data-source-line=\"38\" data-source-line-display=\"true\">Selon les conditions de fonctionnement de votre syst\u00e8me, vous devrez peut-\u00eatre ajuster la fr\u00e9quence d&#039;application en cons\u00e9quence, mais en g\u00e9n\u00e9ral, elle doit \u00eatre appliqu\u00e9e au moins une fois tous les six mois ou lorsqu&#039;il y a des signes d&#039;entartrage en raison de niveaux de duret\u00e9 accrus dans l&#039;alimentation en eau d&#039;alimentation.<\/p>\n<p class=\"xsj_paragraph xsj_paragraph_level_0\" data-source-line=\"41\" data-source-line-display=\"true\"><a class=\"xsj_link xsj_manu_link\" href=\"https:\/\/vcycletech.com\/fr\/biocide-et-algicide\/\">Obtenez la solution compl\u00e8te de produits chimiques d&#039;osmose inverse<\/a>.<\/p>","protected":false},"excerpt":{"rendered":"<p>Si vous recherchez un antitartre et un dispersant qui peuvent aider \u00e0 maintenir le bon fonctionnement de vos syst\u00e8mes d&#039;osmose inverse, de nanofiltration et d&#039;ultrafiltration, ne cherchez pas plus loin que <strong>WT-0100<\/strong>. Cette solution puissante aide \u00e0 r\u00e9duire l&#039;accumulation de tartre min\u00e9ral sur les surfaces des membranes, pr\u00e9servant ainsi la qualit\u00e9 de l&#039;eau \u00e0 son meilleur tout en minimisant les temps d&#039;arr\u00eat co\u00fbteux li\u00e9s \u00e0 la maintenance. Donc, si vous recherchez un moyen abordable de prot\u00e9ger votre pr\u00e9cieux \u00e9quipement de traitement de l&#039;eau, <strong>WT-0100<\/strong> Est la r\u00e9ponse!<\/p>","protected":false},"featured_media":1206,"template":"","meta":{"site-sidebar-layout":"default","site-content-layout":"default","ast-site-content-layout":"default","site-content-style":"default","site-sidebar-style":"default","ast-global-header-display":"","ast-banner-title-visibility":"","ast-main-header-display":"","ast-hfb-above-header-display":"","ast-hfb-below-header-display":"","ast-hfb-mobile-header-display":"","site-post-title":"","ast-breadcrumbs-content":"","ast-featured-img":"","footer-sml-layout":"","ast-disable-related-posts":"","theme-transparent-header-meta":"default","adv-header-id-meta":"","stick-header-meta":"default","header-above-stick-meta":"","header-main-stick-meta":"","header-below-stick-meta":"","astra-migrate-meta-layouts":"default","ast-page-background-enabled":"default","ast-page-background-meta":{"desktop":{"background-color":"","background-image":"","background-repeat":"repeat","background-position":"center center","background-size":"auto","background-attachment":"scroll","background-type":"","background-media":"","overlay-type":"","overlay-color":"","overlay-opacity":"","overlay-gradient":""},"tablet":{"background-color":"","background-image":"","background-repeat":"repeat","background-position":"center center","background-size":"auto","background-attachment":"scroll","background-type":"","background-media":"","overlay-type":"","overlay-color":"","overlay-opacity":"","overlay-gradient":""},"mobile":{"background-color":"","background-image":"","background-repeat":"repeat","background-position":"center center","background-size":"auto","background-attachment":"scroll","background-type":"","background-media":"","overlay-type":"","overlay-color":"","overlay-opacity":"","overlay-gradient":""}},"ast-content-background-meta":{"desktop":{"background-color":"var(--ast-global-color-5)","background-image":"","background-repeat":"repeat","background-position":"center center","background-size":"auto","background-attachment":"scroll","background-type":"","background-media":"","overlay-type":"","overlay-color":"","overlay-opacity":"","overlay-gradient":""},"tablet":{"background-color":"var(--ast-global-color-5)","background-image":"","background-repeat":"repeat","background-position":"center center","background-size":"auto","background-attachment":"scroll","background-type":"","background-media":"","overlay-type":"","overlay-color":"","overlay-opacity":"","overlay-gradient":""},"mobile":{"background-color":"var(--ast-global-color-5)","background-image":"","background-repeat":"repeat","background-position":"center center","background-size":"auto","background-attachment":"scroll","background-type":"","background-media":"","overlay-type":"","overlay-color":"","overlay-opacity":"","overlay-gradient":""}}},"product_brand":[],"product_cat":[31],"product_tag":[],"class_list":{"0":"post-1182","1":"product","2":"type-product","3":"status-publish","4":"has-post-thumbnail","6":"product_cat-reverse-osmosis-chemicals","7":"desktop-align-left","8":"tablet-align-left","9":"mobile-align-left","10":"ast-product-gallery-layout-horizontal-slider","11":"ast-product-gallery-with-no-image","12":"ast-product-tabs-layout-horizontal","14":"first","15":"instock","16":"shipping-taxable","17":"product-type-simple"},"yoast_head":"<!-- This site is optimized with the Yoast SEO Premium plugin v26.3 (Yoast SEO v27.3) - https:\/\/yoast.com\/product\/yoast-seo-premium-wordpress\/ -->\n<title>WT-0100 Antiscalant and Dispersant for RO Membrane - vcycletech<\/title>\n<meta name=\"description\" content=\"Keep membrane surfaces clear and operational costs low with [WT-0100 Antiscalant and Dispersant], a powerful solution for preventing mineral scale build-up in reverse osmosis, nanofiltration, and ultrafiltration systems. Get the quality water you need!\" \/>\n<meta name=\"robots\" content=\"index, follow, max-snippet:-1, max-image-preview:large, max-video-preview:-1\" \/>\n<link rel=\"canonical\" href=\"https:\/\/vcycletech.com\/fr\/produit\/wt-0100-antitartre-et-dispersant\/\" \/>\n<meta property=\"og:locale\" content=\"fr_FR\" \/>\n<meta property=\"og:type\" content=\"article\" \/>\n<meta property=\"og:title\" content=\"WT-0100 Antiscalant and Dispersant for RO Membrane\" \/>\n<meta property=\"og:description\" content=\"Keep membrane surfaces clear and operational costs low with [WT-0100 Antiscalant and Dispersant], a powerful solution for preventing mineral scale build-up in reverse osmosis, nanofiltration, and ultrafiltration systems. Get the quality water you need!\" \/>\n<meta property=\"og:url\" content=\"https:\/\/vcycletech.com\/fr\/produit\/wt-0100-antitartre-et-dispersant\/\" \/>\n<meta property=\"og:site_name\" content=\"vcycletech\" \/>\n<meta property=\"article:modified_time\" content=\"2023-03-27T05:40:07+00:00\" \/>\n<meta property=\"og:image\" content=\"https:\/\/vcycletech.com\/wp-content\/uploads\/2023\/03\/WT-0100-1-e1679628527527.png\" \/>\n\t<meta property=\"og:image:width\" content=\"600\" \/>\n\t<meta property=\"og:image:height\" content=\"600\" \/>\n\t<meta property=\"og:image:type\" content=\"image\/png\" \/>\n<meta name=\"twitter:card\" content=\"summary_large_image\" \/>\n<meta name=\"twitter:label1\" content=\"Dur\u00e9e de lecture estim\u00e9e\" \/>\n\t<meta name=\"twitter:data1\" content=\"2 minutes\" \/>\n<script type=\"application\/ld+json\" class=\"yoast-schema-graph\">{\"@context\":\"https:\\\/\\\/schema.org\",\"@graph\":[{\"@type\":\"WebPage\",\"@id\":\"https:\\\/\\\/vcycletech.com\\\/product\\\/wt-0100-antiscalant-and-dispersant\\\/\",\"url\":\"https:\\\/\\\/vcycletech.com\\\/product\\\/wt-0100-antiscalant-and-dispersant\\\/\",\"name\":\"WT-0100 Antiscalant and Dispersant for RO Membrane - vcycletech\",\"isPartOf\":{\"@id\":\"https:\\\/\\\/vcycletech.com\\\/#website\"},\"primaryImageOfPage\":{\"@id\":\"https:\\\/\\\/vcycletech.com\\\/product\\\/wt-0100-antiscalant-and-dispersant\\\/#primaryimage\"},\"image\":{\"@id\":\"https:\\\/\\\/vcycletech.com\\\/product\\\/wt-0100-antiscalant-and-dispersant\\\/#primaryimage\"},\"thumbnailUrl\":\"https:\\\/\\\/vcycletech.com\\\/wp-content\\\/uploads\\\/2023\\\/03\\\/WT-0100-1-e1679628527527.png\",\"datePublished\":\"2023-03-21T09:35:42+00:00\",\"dateModified\":\"2023-03-27T05:40:07+00:00\",\"description\":\"Keep membrane surfaces clear and operational costs low with [WT-0100 Antiscalant and Dispersant], a powerful solution for preventing mineral scale build-up in reverse osmosis, nanofiltration, and ultrafiltration systems. Get the quality water you need!\",\"breadcrumb\":{\"@id\":\"https:\\\/\\\/vcycletech.com\\\/product\\\/wt-0100-antiscalant-and-dispersant\\\/#breadcrumb\"},\"inLanguage\":\"fr-FR\",\"potentialAction\":[{\"@type\":\"ReadAction\",\"target\":[\"https:\\\/\\\/vcycletech.com\\\/product\\\/wt-0100-antiscalant-and-dispersant\\\/\"]}]},{\"@type\":\"ImageObject\",\"inLanguage\":\"fr-FR\",\"@id\":\"https:\\\/\\\/vcycletech.com\\\/product\\\/wt-0100-antiscalant-and-dispersant\\\/#primaryimage\",\"url\":\"https:\\\/\\\/vcycletech.com\\\/wp-content\\\/uploads\\\/2023\\\/03\\\/WT-0100-1-e1679628527527.png\",\"contentUrl\":\"https:\\\/\\\/vcycletech.com\\\/wp-content\\\/uploads\\\/2023\\\/03\\\/WT-0100-1-e1679628527527.png\",\"width\":600,\"height\":600,\"caption\":\"WT-0100 Antiscalant and Dispersant for RO Membrane\"},{\"@type\":\"BreadcrumbList\",\"@id\":\"https:\\\/\\\/vcycletech.com\\\/product\\\/wt-0100-antiscalant-and-dispersant\\\/#breadcrumb\",\"itemListElement\":[{\"@type\":\"ListItem\",\"position\":1,\"name\":\"Home\",\"item\":\"https:\\\/\\\/vcycletech.com\\\/\"},{\"@type\":\"ListItem\",\"position\":2,\"name\":\"Water Treatment Chemicals Manufacturer\",\"item\":\"https:\\\/\\\/vcycletech.com\\\/water-treatment-chemicals-manufacturer\\\/\"},{\"@type\":\"ListItem\",\"position\":3,\"name\":\"WT-0100 Antiscalant and Dispersant for RO Membrane\"}]},{\"@type\":\"WebSite\",\"@id\":\"https:\\\/\\\/vcycletech.com\\\/#website\",\"url\":\"https:\\\/\\\/vcycletech.com\\\/\",\"name\":\"vcycletech\",\"description\":\"China&#039;s top water treatment chemicals supplier\",\"publisher\":{\"@id\":\"https:\\\/\\\/vcycletech.com\\\/#organization\"},\"potentialAction\":[{\"@type\":\"SearchAction\",\"target\":{\"@type\":\"EntryPoint\",\"urlTemplate\":\"https:\\\/\\\/vcycletech.com\\\/?s={search_term_string}\"},\"query-input\":{\"@type\":\"PropertyValueSpecification\",\"valueRequired\":true,\"valueName\":\"search_term_string\"}}],\"inLanguage\":\"fr-FR\"},{\"@type\":\"Organization\",\"@id\":\"https:\\\/\\\/vcycletech.com\\\/#organization\",\"name\":\"vcycletech\",\"url\":\"https:\\\/\\\/vcycletech.com\\\/\",\"logo\":{\"@type\":\"ImageObject\",\"inLanguage\":\"fr-FR\",\"@id\":\"https:\\\/\\\/vcycletech.com\\\/#\\\/schema\\\/logo\\\/image\\\/\",\"url\":\"https:\\\/\\\/vcycletech.com\\\/wp-content\\\/uploads\\\/2023\\\/03\\\/logo-vcycletech-1.png\",\"contentUrl\":\"https:\\\/\\\/vcycletech.com\\\/wp-content\\\/uploads\\\/2023\\\/03\\\/logo-vcycletech-1.png\",\"width\":600,\"height\":400,\"caption\":\"vcycletech\"},\"image\":{\"@id\":\"https:\\\/\\\/vcycletech.com\\\/#\\\/schema\\\/logo\\\/image\\\/\"}}]}<\/script>\n<!-- \/ Yoast SEO Premium plugin. -->","yoast_head_json":{"title":"Antitartre et dispersant WT-0100 pour membrane RO - vcycletech","description":"Keep membrane surfaces clear and operational costs low with [WT-0100 Antiscalant and Dispersant], a powerful solution for preventing mineral scale build-up in reverse osmosis, nanofiltration, and ultrafiltration systems. Get the quality water you need!","robots":{"index":"index","follow":"follow","max-snippet":"max-snippet:-1","max-image-preview":"max-image-preview:large","max-video-preview":"max-video-preview:-1"},"canonical":"https:\/\/vcycletech.com\/fr\/produit\/wt-0100-antitartre-et-dispersant\/","og_locale":"fr_FR","og_type":"article","og_title":"WT-0100 Antiscalant and Dispersant for RO Membrane","og_description":"Keep membrane surfaces clear and operational costs low with [WT-0100 Antiscalant and Dispersant], a powerful solution for preventing mineral scale build-up in reverse osmosis, nanofiltration, and ultrafiltration systems. Get the quality water you need!","og_url":"https:\/\/vcycletech.com\/fr\/produit\/wt-0100-antitartre-et-dispersant\/","og_site_name":"vcycletech","article_modified_time":"2023-03-27T05:40:07+00:00","og_image":[{"width":600,"height":600,"url":"https:\/\/vcycletech.com\/wp-content\/uploads\/2023\/03\/WT-0100-1-e1679628527527.png","type":"image\/png"}],"twitter_card":"summary_large_image","twitter_misc":{"Dur\u00e9e de lecture estim\u00e9e":"2 minutes"},"schema":{"@context":"https:\/\/schema.org","@graph":[{"@type":"WebPage","@id":"https:\/\/vcycletech.com\/product\/wt-0100-antiscalant-and-dispersant\/","url":"https:\/\/vcycletech.com\/product\/wt-0100-antiscalant-and-dispersant\/","name":"Antitartre et dispersant WT-0100 pour membrane RO - vcycletech","isPartOf":{"@id":"https:\/\/vcycletech.com\/#website"},"primaryImageOfPage":{"@id":"https:\/\/vcycletech.com\/product\/wt-0100-antiscalant-and-dispersant\/#primaryimage"},"image":{"@id":"https:\/\/vcycletech.com\/product\/wt-0100-antiscalant-and-dispersant\/#primaryimage"},"thumbnailUrl":"https:\/\/vcycletech.com\/wp-content\/uploads\/2023\/03\/WT-0100-1-e1679628527527.png","datePublished":"2023-03-21T09:35:42+00:00","dateModified":"2023-03-27T05:40:07+00:00","description":"Keep membrane surfaces clear and operational costs low with [WT-0100 Antiscalant and Dispersant], a powerful solution for preventing mineral scale build-up in reverse osmosis, nanofiltration, and ultrafiltration systems. Get the quality water you need!","breadcrumb":{"@id":"https:\/\/vcycletech.com\/product\/wt-0100-antiscalant-and-dispersant\/#breadcrumb"},"inLanguage":"fr-FR","potentialAction":[{"@type":"ReadAction","target":["https:\/\/vcycletech.com\/product\/wt-0100-antiscalant-and-dispersant\/"]}]},{"@type":"ImageObject","inLanguage":"fr-FR","@id":"https:\/\/vcycletech.com\/product\/wt-0100-antiscalant-and-dispersant\/#primaryimage","url":"https:\/\/vcycletech.com\/wp-content\/uploads\/2023\/03\/WT-0100-1-e1679628527527.png","contentUrl":"https:\/\/vcycletech.com\/wp-content\/uploads\/2023\/03\/WT-0100-1-e1679628527527.png","width":600,"height":600,"caption":"WT-0100 Antiscalant and Dispersant for RO Membrane"},{"@type":"BreadcrumbList","@id":"https:\/\/vcycletech.com\/product\/wt-0100-antiscalant-and-dispersant\/#breadcrumb","itemListElement":[{"@type":"ListItem","position":1,"name":"Home","item":"https:\/\/vcycletech.com\/"},{"@type":"ListItem","position":2,"name":"Water Treatment Chemicals Manufacturer","item":"https:\/\/vcycletech.com\/water-treatment-chemicals-manufacturer\/"},{"@type":"ListItem","position":3,"name":"WT-0100 Antiscalant and Dispersant for RO Membrane"}]},{"@type":"WebSite","@id":"https:\/\/vcycletech.com\/#website","url":"https:\/\/vcycletech.com\/","name":"vcycletech","description":"Meilleur fournisseur de produits chimiques pour le traitement de l&#039;eau en Chine","publisher":{"@id":"https:\/\/vcycletech.com\/#organization"},"potentialAction":[{"@type":"SearchAction","target":{"@type":"EntryPoint","urlTemplate":"https:\/\/vcycletech.com\/?s={search_term_string}"},"query-input":{"@type":"PropertyValueSpecification","valueRequired":true,"valueName":"search_term_string"}}],"inLanguage":"fr-FR"},{"@type":"Organization","@id":"https:\/\/vcycletech.com\/#organization","name":"vcycletech","url":"https:\/\/vcycletech.com\/","logo":{"@type":"ImageObject","inLanguage":"fr-FR","@id":"https:\/\/vcycletech.com\/#\/schema\/logo\/image\/","url":"https:\/\/vcycletech.com\/wp-content\/uploads\/2023\/03\/logo-vcycletech-1.png","contentUrl":"https:\/\/vcycletech.com\/wp-content\/uploads\/2023\/03\/logo-vcycletech-1.png","width":600,"height":400,"caption":"vcycletech"},"image":{"@id":"https:\/\/vcycletech.com\/#\/schema\/logo\/image\/"}}]}},"_links":{"self":[{"href":"https:\/\/vcycletech.com\/fr\/wp-json\/wp\/v2\/product\/1182","targetHints":{"allow":["GET"]}}],"collection":[{"href":"https:\/\/vcycletech.com\/fr\/wp-json\/wp\/v2\/product"}],"about":[{"href":"https:\/\/vcycletech.com\/fr\/wp-json\/wp\/v2\/types\/product"}],"wp:featuredmedia":[{"embeddable":true,"href":"https:\/\/vcycletech.com\/fr\/wp-json\/wp\/v2\/media\/1206"}],"wp:attachment":[{"href":"https:\/\/vcycletech.com\/fr\/wp-json\/wp\/v2\/media?parent=1182"}],"wp:term":[{"taxonomy":"product_brand","embeddable":true,"href":"https:\/\/vcycletech.com\/fr\/wp-json\/wp\/v2\/product_brand?post=1182"},{"taxonomy":"product_cat","embeddable":true,"href":"https:\/\/vcycletech.com\/fr\/wp-json\/wp\/v2\/product_cat?post=1182"},{"taxonomy":"product_tag","embeddable":true,"href":"https:\/\/vcycletech.com\/fr\/wp-json\/wp\/v2\/product_tag?post=1182"}],"curies":[{"name":"wp","href":"https:\/\/api.w.org\/{rel}","templated":true}]}}