{"id":1171,"date":"2023-03-21T09:03:31","date_gmt":"2023-03-21T09:03:31","guid":{"rendered":"https:\/\/vcycletech.com\/?post_type=product&#038;p=1171"},"modified":"2023-03-21T09:12:51","modified_gmt":"2023-03-21T09:12:51","slug":"carbohydrazide","status":"publish","type":"product","link":"https:\/\/vcycletech.com\/fr\/produit\/carbohydrazide\/","title":{"rendered":"Carbohydrazide"},"content":{"rendered":"<h3>Formule mol\u00e9culaire : CO(NHNH2)2<\/h3>\n<h3>N\u00b0 CAS 497-18-7<\/h3>\n<h3>Poids mol\u00e9culaire\u00a0: 90,09<\/h3>\n<h3>Structure moleculaire:<\/h3>\n<figure id=\"attachment_1174\" aria-describedby=\"caption-attachment-1174\" style=\"width: 600px\" class=\"wp-caption alignnone\"><img fetchpriority=\"high\" decoding=\"async\" class=\"size-full wp-image-1174\" src=\"https:\/\/vcycletech.com\/wp-content\/uploads\/2023\/03\/1-37.png\" alt=\"Carbohydrazide\" width=\"600\" height=\"600\" srcset=\"https:\/\/vcycletech.com\/wp-content\/uploads\/2023\/03\/1-37.png 600w, https:\/\/vcycletech.com\/wp-content\/uploads\/2023\/03\/1-37-100x100.png 100w, https:\/\/vcycletech.com\/wp-content\/uploads\/2023\/03\/1-37-300x300.png 300w, https:\/\/vcycletech.com\/wp-content\/uploads\/2023\/03\/1-37-150x150.png 150w\" sizes=\"(max-width: 600px) 100vw, 600px\" \/><figcaption id=\"caption-attachment-1174\" class=\"wp-caption-text\">Carbohydrazide<\/figcaption><\/figure>\n<h3>Propri\u00e9t\u00e9s:<\/h3>\n<p><strong>Carbohydrazide<\/strong> a plusieurs applications dans de nombreuses industries. En tant que carburant, il produit d&#039;immenses quantit\u00e9s de chaleur lorsqu&#039;il est br\u00fbl\u00e9 et est donc utilis\u00e9 comme ingr\u00e9dient pour le carburant pour avions et fus\u00e9es. Pour la pr\u00e9vention des dommages dus \u00e0 la corrosion dans les syst\u00e8mes d&#039;alimentation des chaudi\u00e8res \u00e0 eau et les syst\u00e8mes de chauffage, <strong>carbohydrazide<\/strong> sert de pi\u00e8ge \u00e0 oxyg\u00e8ne.<\/p>\n<p>Il trouve \u00e9galement une utilisation comme agent r\u00e9ducteur pour la r\u00e9cup\u00e9ration des m\u00e9taux pr\u00e9cieux, comme catalyseur de polym\u00e9risation et allongeur de cha\u00eene dans les rev\u00eatements d&#039;ur\u00e9thane, et comme auxiliaire dans l&#039;industrie photographique.<\/p>\n<p>Les utilisations suppl\u00e9mentaires incluent son utilisation comme interm\u00e9diaire pour les produits pharmaceutiques, les stabilisants, les produits chimiques de traitement de l&#039;eau et les produits agrochimiques tels que les colorants ou les retardateurs de flamme. Ces derni\u00e8res ann\u00e9es, l&#039;hydrazine a \u00e9t\u00e9 appliqu\u00e9e aux LCD (Liquid Crystal Displays) pour produire des transistors \u00e0 couches minces plus rapides.<\/p>\n<h3>Sp\u00e9cification:<\/h3>\n<div id=\"footable_parent_1191\"\n         class=\"footable_parent ninja_table_wrapper loading_ninja_table wp_table_data_press_parent semantic_ui\">\n                <table data-ninja_table_instance=\"ninja_table_instance_0\" data-footable_id=\"1191\" data-filter-delay=\"1000\" aria-label=\"Carbohydrazide.csv\"            id=\"footable_1191\"\n           data-unique_identifier=\"ninja_table_unique_id_3411052546_1191\"\n           class=\"foo-table ninja_footable foo_table_1191 ninja_table_unique_id_3411052546_1191 ui table  nt_type_legacy_table selectable striped vertical_centered  footable-paging-right ninja_table_pro\">\n                <colgroup>\n                            <col class=\"ninja_column_0\">\n                            <col class=\"ninja_column_1\">\n                    <\/colgroup>\n        <thead>\n<tr class=\"footable-header\">\n                                        <th scope=\"col\"  class=\"ninja_column_0 ninja_clmn_nm_items\">Articles<\/th><th scope=\"col\"  class=\"ninja_column_1 ninja_clmn_nm_index\">Indice<\/th><\/tr>\n<\/thead>\n<tbody>\n\n        <tr data-row_id=\"267\" class=\"ninja_table_row_0 nt_row_id_267\">\n            <td>Apparence<\/td><td>Poudre de cristal blanc<\/td>        <\/tr>\n            <tr data-row_id=\"268\" class=\"ninja_table_row_1 nt_row_id_268\">\n            <td>Puret\u00e9, %<\/td><td>98.0min<\/td>        <\/tr>\n            <tr data-row_id=\"269\" class=\"ninja_table_row_2 nt_row_id_269\">\n            <td>Hydrazine libre, ppm<\/td><td>500.0max<\/td>        <\/tr>\n            <tr data-row_id=\"270\" class=\"ninja_table_row_3 nt_row_id_270\">\n            <td>Humidit\u00e9, %<\/td><td>0.2max<\/td>        <\/tr>\n            <tr data-row_id=\"271\" class=\"ninja_table_row_4 nt_row_id_271\">\n            <td>pH (solution aqueuse 12%)<\/td><td>7.2-9.7<\/td>        <\/tr>\n    <\/tbody><!--ninja_tobody_rendering_done-->\n    <\/table>\n    \n    \n    \n<\/div>\n\n<h3>Utilisation de carbohydrazide\u00a0:<\/h3>\n<p><strong>Carbohydrazide<\/strong> est souvent utilis\u00e9 comme d\u00e9soxydant dans les chaudi\u00e8res et doit \u00eatre mis dans l&#039;eau ou utilis\u00e9 dans sa solution aqueuse avec un dosage de 0,5 mol ou plus par 1 mol d&#039;oxyg\u00e8ne pour de meilleurs r\u00e9sultats. La plage de temp\u00e9rature id\u00e9ale pour cette r\u00e9action est de 87,8 \u00e0 176,7 \u00b0C (190,04 \u00e0 350,06 \u00b0F). Lorsqu&#039;il r\u00e9agit avec l&#039;oxyg\u00e8ne, les substances r\u00e9sultantes sont l&#039;azote, l&#039;eau et le dioxyde de carbone.<\/p>\n<h3>Emballage et stockage\u00a0:<\/h3>\n<p><strong>Carbohydrazide<\/strong> doivent \u00eatre stock\u00e9s et emball\u00e9s dans des r\u00e9cipients herm\u00e9tiquement ferm\u00e9s, \u00e0 l&#039;abri de la lumi\u00e8re directe du soleil et de toute source de chaleur ou d&#039;humidit\u00e9. Pour garantir une manipulation en toute s\u00e9curit\u00e9 et une longue dur\u00e9e de conservation, le conteneur doit \u00eatre stock\u00e9 \u00e0 des temp\u00e9ratures inf\u00e9rieures \u00e0 25\u00a0\u00b0C (77\u00a0\u00b0F) et maintenu au sec. une pi\u00e8ce sombre et un endroit sec.<\/p>\n<h3>Synonymes\u00a0:<\/h3>\n<p>hydrazine, 1,3-diaminour\u00e9e\u00a0; Dihydrazide carbonique<\/p>\n<h3>FAQ sur le carbohydrazide\u00a0:<\/h3>\n<p><strong>Qu&#039;est-ce que le carbohydrazide\u00a0?<\/strong><br \/>\nLe carbohydrazide est un solide cristallin blanc qui est utilis\u00e9 comme inhibiteur de corrosion, d\u00e9soxyg\u00e9nant et produit chimique de traitement de l&#039;eau de chaudi\u00e8re. Il est \u00e9galement utilis\u00e9 dans la fabrication de colorants, d&#039;explosifs et d&#039;autres produits chimiques.<\/p>\n<p><strong>Quels sont les effets du carbohydrazide sur la sant\u00e9\u00a0?<\/strong><br \/>\nL&#039;exposition au carbohydrazide peut irriter les yeux, la peau et le syst\u00e8me respiratoire. L&#039;inhalation de concentrations \u00e9lev\u00e9es de carbohydrazide peut provoquer une toux, une respiration sifflante et un essoufflement. L&#039;ingestion de carbohydrazide peut provoquer des naus\u00e9es, des vomissements et de la diarrh\u00e9e.<\/p>\n<p><strong>Comment puis-je r\u00e9duire mon exposition au carbohydrazide\u00a0?<\/strong><br \/>\nSi vous travaillez avec du carbohydrazide, portez des v\u00eatements de protection tels que des gants et un masque facial pour \u00e9viter tout contact avec le produit chimique. Si vous \u00eates expos\u00e9 au carbohydrazide, retirez imm\u00e9diatement vos v\u00eatements et lavez votre peau \u00e0 l&#039;eau et au savon. Si vous avez \u00e9t\u00e9 expos\u00e9 \u00e0 de fortes concentrations de carbohydrazide, consultez imm\u00e9diatement un m\u00e9decin.<\/p>\n<p><strong>Que dois-je faire si je pense avoir \u00e9t\u00e9 expos\u00e9 au carbohydrazide\u00a0?<\/strong><br \/>\nSi vous pensez avoir \u00e9t\u00e9 expos\u00e9 au carbohydrazide, retirez vos v\u00eatements et lavez votre peau \u00e0 l&#039;eau et au savon. Si vous avez \u00e9t\u00e9 expos\u00e9 \u00e0 de fortes concentrations de carbohydrazide, consultez imm\u00e9diatement un m\u00e9decin.<\/p>\n<p><a href=\"https:\/\/vcycletech.com\/fr\/un-inhibiteur-de-corrosion\/\"><strong>Obtenez la solution compl\u00e8te d&#039;inhibiteurs de corrosion.<\/strong><\/a><\/p>","protected":false},"excerpt":{"rendered":"<p>Lorsqu&#039;il est combin\u00e9 avec de l&#039;oxyg\u00e8ne, le carbohydrazide produit de l&#039;azote, de l&#039;eau et du dioxyde de carbone. Le dosage id\u00e9al pour la r\u00e9action est de 0,5 mol ou plus pour 1 mol d&#039;oxyg\u00e8ne. <strong>Carbohydrazide<\/strong> doivent \u00eatre conserv\u00e9s et emball\u00e9s dans des r\u00e9cipients herm\u00e9tiquement ferm\u00e9s \u00e0 des temp\u00e9ratures inf\u00e9rieures \u00e0 25 \u00b0C pour garantir une manipulation s\u00fbre et une longue dur\u00e9e de conservation. Si vous recherchez une source de qualit\u00e9 <strong>Carbohydrazide<\/strong>, ne cherchez pas plus loin que la Chine. Notre entreprise fournit ce produit aux entreprises du monde entier depuis des ann\u00e9es et nous sommes fiers d&#039;offrir la meilleure qualit\u00e9 disponible. Nous proposons des prix comp\u00e9titifs et une exp\u00e9dition fiable, alors contactez-nous d\u00e8s aujourd&#039;hui pour commencer !<\/p>","protected":false},"featured_media":1187,"template":"","meta":{"site-sidebar-layout":"default","site-content-layout":"default","ast-site-content-layout":"default","site-content-style":"default","site-sidebar-style":"default","ast-global-header-display":"","ast-banner-title-visibility":"","ast-main-header-display":"","ast-hfb-above-header-display":"","ast-hfb-below-header-display":"","ast-hfb-mobile-header-display":"","site-post-title":"","ast-breadcrumbs-content":"","ast-featured-img":"","footer-sml-layout":"","ast-disable-related-posts":"","theme-transparent-header-meta":"default","adv-header-id-meta":"","stick-header-meta":"default","header-above-stick-meta":"","header-main-stick-meta":"","header-below-stick-meta":"","astra-migrate-meta-layouts":"default","ast-page-background-enabled":"default","ast-page-background-meta":{"desktop":{"background-color":"","background-image":"","background-repeat":"repeat","background-position":"center center","background-size":"auto","background-attachment":"scroll","background-type":"","background-media":"","overlay-type":"","overlay-color":"","overlay-opacity":"","overlay-gradient":""},"tablet":{"background-color":"","background-image":"","background-repeat":"repeat","background-position":"center center","background-size":"auto","background-attachment":"scroll","background-type":"","background-media":"","overlay-type":"","overlay-color":"","overlay-opacity":"","overlay-gradient":""},"mobile":{"background-color":"","background-image":"","background-repeat":"repeat","background-position":"center center","background-size":"auto","background-attachment":"scroll","background-type":"","background-media":"","overlay-type":"","overlay-color":"","overlay-opacity":"","overlay-gradient":""}},"ast-content-background-meta":{"desktop":{"background-color":"var(--ast-global-color-5)","background-image":"","background-repeat":"repeat","background-position":"center center","background-size":"auto","background-attachment":"scroll","background-type":"","background-media":"","overlay-type":"","overlay-color":"","overlay-opacity":"","overlay-gradient":""},"tablet":{"background-color":"var(--ast-global-color-5)","background-image":"","background-repeat":"repeat","background-position":"center center","background-size":"auto","background-attachment":"scroll","background-type":"","background-media":"","overlay-type":"","overlay-color":"","overlay-opacity":"","overlay-gradient":""},"mobile":{"background-color":"var(--ast-global-color-5)","background-image":"","background-repeat":"repeat","background-position":"center center","background-size":"auto","background-attachment":"scroll","background-type":"","background-media":"","overlay-type":"","overlay-color":"","overlay-opacity":"","overlay-gradient":""}}},"product_brand":[],"product_cat":[30],"product_tag":[],"class_list":{"0":"post-1171","1":"product","2":"type-product","3":"status-publish","4":"has-post-thumbnail","6":"product_cat-corrosion-inhibitors","7":"desktop-align-left","8":"tablet-align-left","9":"mobile-align-left","10":"ast-product-gallery-layout-horizontal-slider","11":"ast-product-tabs-layout-horizontal","13":"first","14":"instock","15":"shipping-taxable","16":"product-type-simple"},"yoast_head":"<!-- This site is optimized with the Yoast SEO Premium plugin v26.3 (Yoast SEO v27.3) - https:\/\/yoast.com\/product\/yoast-seo-premium-wordpress\/ -->\n<title>Carbohydrazide - vcycletech<\/title>\n<meta name=\"description\" content=\"Carbohydrazide is an organic compound that can be used as a de-oxidant in boilers and other industrial applications. It also has utility in medical testing, which can be used to detect the presence of certain substances.\" \/>\n<meta name=\"robots\" content=\"index, follow, max-snippet:-1, max-image-preview:large, max-video-preview:-1\" \/>\n<link rel=\"canonical\" href=\"https:\/\/vcycletech.com\/fr\/produit\/carbohydrazide\/\" \/>\n<meta property=\"og:locale\" content=\"fr_FR\" \/>\n<meta property=\"og:type\" content=\"article\" \/>\n<meta property=\"og:title\" content=\"Carbohydrazide\" \/>\n<meta property=\"og:description\" content=\"Carbohydrazide is an organic compound that can be used as a de-oxidant in boilers and other industrial applications. It also has utility in medical testing, which can be used to detect the presence of certain substances.\" \/>\n<meta property=\"og:url\" content=\"https:\/\/vcycletech.com\/fr\/produit\/carbohydrazide\/\" \/>\n<meta property=\"og:site_name\" content=\"vcycletech\" \/>\n<meta property=\"article:modified_time\" content=\"2023-03-21T09:12:51+00:00\" \/>\n<meta property=\"og:image\" content=\"https:\/\/vcycletech.com\/wp-content\/uploads\/2023\/03\/\u672a\u547d\u540d\u7684\u8bbe\u8ba1-2-6.png\" \/>\n\t<meta property=\"og:image:width\" content=\"600\" \/>\n\t<meta property=\"og:image:height\" content=\"600\" \/>\n\t<meta property=\"og:image:type\" content=\"image\/png\" \/>\n<meta name=\"twitter:card\" content=\"summary_large_image\" \/>\n<meta name=\"twitter:label1\" content=\"Dur\u00e9e de lecture estim\u00e9e\" \/>\n\t<meta name=\"twitter:data1\" content=\"3 minutes\" \/>\n<script type=\"application\/ld+json\" class=\"yoast-schema-graph\">{\"@context\":\"https:\\\/\\\/schema.org\",\"@graph\":[{\"@type\":\"WebPage\",\"@id\":\"https:\\\/\\\/vcycletech.com\\\/product\\\/carbohydrazide\\\/\",\"url\":\"https:\\\/\\\/vcycletech.com\\\/product\\\/carbohydrazide\\\/\",\"name\":\"Carbohydrazide - vcycletech\",\"isPartOf\":{\"@id\":\"https:\\\/\\\/vcycletech.com\\\/#website\"},\"primaryImageOfPage\":{\"@id\":\"https:\\\/\\\/vcycletech.com\\\/product\\\/carbohydrazide\\\/#primaryimage\"},\"image\":{\"@id\":\"https:\\\/\\\/vcycletech.com\\\/product\\\/carbohydrazide\\\/#primaryimage\"},\"thumbnailUrl\":\"https:\\\/\\\/vcycletech.com\\\/wp-content\\\/uploads\\\/2023\\\/03\\\/\u672a\u547d\u540d\u7684\u8bbe\u8ba1-2-6.png\",\"datePublished\":\"2023-03-21T09:03:31+00:00\",\"dateModified\":\"2023-03-21T09:12:51+00:00\",\"description\":\"Carbohydrazide is an organic compound that can be used as a de-oxidant in boilers and other industrial applications. It also has utility in medical testing, which can be used to detect the presence of certain substances.\",\"breadcrumb\":{\"@id\":\"https:\\\/\\\/vcycletech.com\\\/product\\\/carbohydrazide\\\/#breadcrumb\"},\"inLanguage\":\"fr-FR\",\"potentialAction\":[{\"@type\":\"ReadAction\",\"target\":[\"https:\\\/\\\/vcycletech.com\\\/product\\\/carbohydrazide\\\/\"]}]},{\"@type\":\"ImageObject\",\"inLanguage\":\"fr-FR\",\"@id\":\"https:\\\/\\\/vcycletech.com\\\/product\\\/carbohydrazide\\\/#primaryimage\",\"url\":\"https:\\\/\\\/vcycletech.com\\\/wp-content\\\/uploads\\\/2023\\\/03\\\/\u672a\u547d\u540d\u7684\u8bbe\u8ba1-2-6.png\",\"contentUrl\":\"https:\\\/\\\/vcycletech.com\\\/wp-content\\\/uploads\\\/2023\\\/03\\\/\u672a\u547d\u540d\u7684\u8bbe\u8ba1-2-6.png\",\"width\":600,\"height\":600,\"caption\":\"Carbohydrazide\"},{\"@type\":\"BreadcrumbList\",\"@id\":\"https:\\\/\\\/vcycletech.com\\\/product\\\/carbohydrazide\\\/#breadcrumb\",\"itemListElement\":[{\"@type\":\"ListItem\",\"position\":1,\"name\":\"Home\",\"item\":\"https:\\\/\\\/vcycletech.com\\\/\"},{\"@type\":\"ListItem\",\"position\":2,\"name\":\"Water Treatment Chemicals Manufacturer\",\"item\":\"https:\\\/\\\/vcycletech.com\\\/water-treatment-chemicals-manufacturer\\\/\"},{\"@type\":\"ListItem\",\"position\":3,\"name\":\"Carbohydrazide\"}]},{\"@type\":\"WebSite\",\"@id\":\"https:\\\/\\\/vcycletech.com\\\/#website\",\"url\":\"https:\\\/\\\/vcycletech.com\\\/\",\"name\":\"vcycletech\",\"description\":\"China&#039;s top water treatment chemicals supplier\",\"publisher\":{\"@id\":\"https:\\\/\\\/vcycletech.com\\\/#organization\"},\"potentialAction\":[{\"@type\":\"SearchAction\",\"target\":{\"@type\":\"EntryPoint\",\"urlTemplate\":\"https:\\\/\\\/vcycletech.com\\\/?s={search_term_string}\"},\"query-input\":{\"@type\":\"PropertyValueSpecification\",\"valueRequired\":true,\"valueName\":\"search_term_string\"}}],\"inLanguage\":\"fr-FR\"},{\"@type\":\"Organization\",\"@id\":\"https:\\\/\\\/vcycletech.com\\\/#organization\",\"name\":\"vcycletech\",\"url\":\"https:\\\/\\\/vcycletech.com\\\/\",\"logo\":{\"@type\":\"ImageObject\",\"inLanguage\":\"fr-FR\",\"@id\":\"https:\\\/\\\/vcycletech.com\\\/#\\\/schema\\\/logo\\\/image\\\/\",\"url\":\"https:\\\/\\\/vcycletech.com\\\/wp-content\\\/uploads\\\/2023\\\/03\\\/logo-vcycletech-1.png\",\"contentUrl\":\"https:\\\/\\\/vcycletech.com\\\/wp-content\\\/uploads\\\/2023\\\/03\\\/logo-vcycletech-1.png\",\"width\":600,\"height\":400,\"caption\":\"vcycletech\"},\"image\":{\"@id\":\"https:\\\/\\\/vcycletech.com\\\/#\\\/schema\\\/logo\\\/image\\\/\"}}]}<\/script>\n<!-- \/ Yoast SEO Premium plugin. -->","yoast_head_json":{"title":"Carbohydrazide - vcycletech","description":"Le carbohydrazide est un compos\u00e9 organique qui peut \u00eatre utilis\u00e9 comme d\u00e9soxydant dans les chaudi\u00e8res et autres applications industrielles. Il a \u00e9galement une utilit\u00e9 dans les tests m\u00e9dicaux, qui peuvent \u00eatre utilis\u00e9s pour d\u00e9tecter la pr\u00e9sence de certaines substances.","robots":{"index":"index","follow":"follow","max-snippet":"max-snippet:-1","max-image-preview":"max-image-preview:large","max-video-preview":"max-video-preview:-1"},"canonical":"https:\/\/vcycletech.com\/fr\/produit\/carbohydrazide\/","og_locale":"fr_FR","og_type":"article","og_title":"Carbohydrazide","og_description":"Carbohydrazide is an organic compound that can be used as a de-oxidant in boilers and other industrial applications. It also has utility in medical testing, which can be used to detect the presence of certain substances.","og_url":"https:\/\/vcycletech.com\/fr\/produit\/carbohydrazide\/","og_site_name":"vcycletech","article_modified_time":"2023-03-21T09:12:51+00:00","og_image":[{"width":600,"height":600,"url":"https:\/\/vcycletech.com\/wp-content\/uploads\/2023\/03\/\u672a\u547d\u540d\u7684\u8bbe\u8ba1-2-6.png","type":"image\/png"}],"twitter_card":"summary_large_image","twitter_misc":{"Dur\u00e9e de lecture estim\u00e9e":"3 minutes"},"schema":{"@context":"https:\/\/schema.org","@graph":[{"@type":"WebPage","@id":"https:\/\/vcycletech.com\/product\/carbohydrazide\/","url":"https:\/\/vcycletech.com\/product\/carbohydrazide\/","name":"Carbohydrazide - vcycletech","isPartOf":{"@id":"https:\/\/vcycletech.com\/#website"},"primaryImageOfPage":{"@id":"https:\/\/vcycletech.com\/product\/carbohydrazide\/#primaryimage"},"image":{"@id":"https:\/\/vcycletech.com\/product\/carbohydrazide\/#primaryimage"},"thumbnailUrl":"https:\/\/vcycletech.com\/wp-content\/uploads\/2023\/03\/\u672a\u547d\u540d\u7684\u8bbe\u8ba1-2-6.png","datePublished":"2023-03-21T09:03:31+00:00","dateModified":"2023-03-21T09:12:51+00:00","description":"Le carbohydrazide est un compos\u00e9 organique qui peut \u00eatre utilis\u00e9 comme d\u00e9soxydant dans les chaudi\u00e8res et autres applications industrielles. Il a \u00e9galement une utilit\u00e9 dans les tests m\u00e9dicaux, qui peuvent \u00eatre utilis\u00e9s pour d\u00e9tecter la pr\u00e9sence de certaines substances.","breadcrumb":{"@id":"https:\/\/vcycletech.com\/product\/carbohydrazide\/#breadcrumb"},"inLanguage":"fr-FR","potentialAction":[{"@type":"ReadAction","target":["https:\/\/vcycletech.com\/product\/carbohydrazide\/"]}]},{"@type":"ImageObject","inLanguage":"fr-FR","@id":"https:\/\/vcycletech.com\/product\/carbohydrazide\/#primaryimage","url":"https:\/\/vcycletech.com\/wp-content\/uploads\/2023\/03\/\u672a\u547d\u540d\u7684\u8bbe\u8ba1-2-6.png","contentUrl":"https:\/\/vcycletech.com\/wp-content\/uploads\/2023\/03\/\u672a\u547d\u540d\u7684\u8bbe\u8ba1-2-6.png","width":600,"height":600,"caption":"Carbohydrazide"},{"@type":"BreadcrumbList","@id":"https:\/\/vcycletech.com\/product\/carbohydrazide\/#breadcrumb","itemListElement":[{"@type":"ListItem","position":1,"name":"Home","item":"https:\/\/vcycletech.com\/"},{"@type":"ListItem","position":2,"name":"Water Treatment Chemicals Manufacturer","item":"https:\/\/vcycletech.com\/water-treatment-chemicals-manufacturer\/"},{"@type":"ListItem","position":3,"name":"Carbohydrazide"}]},{"@type":"WebSite","@id":"https:\/\/vcycletech.com\/#website","url":"https:\/\/vcycletech.com\/","name":"vcycletech","description":"Meilleur fournisseur de produits chimiques pour le traitement de l&#039;eau en Chine","publisher":{"@id":"https:\/\/vcycletech.com\/#organization"},"potentialAction":[{"@type":"SearchAction","target":{"@type":"EntryPoint","urlTemplate":"https:\/\/vcycletech.com\/?s={search_term_string}"},"query-input":{"@type":"PropertyValueSpecification","valueRequired":true,"valueName":"search_term_string"}}],"inLanguage":"fr-FR"},{"@type":"Organization","@id":"https:\/\/vcycletech.com\/#organization","name":"vcycletech","url":"https:\/\/vcycletech.com\/","logo":{"@type":"ImageObject","inLanguage":"fr-FR","@id":"https:\/\/vcycletech.com\/#\/schema\/logo\/image\/","url":"https:\/\/vcycletech.com\/wp-content\/uploads\/2023\/03\/logo-vcycletech-1.png","contentUrl":"https:\/\/vcycletech.com\/wp-content\/uploads\/2023\/03\/logo-vcycletech-1.png","width":600,"height":400,"caption":"vcycletech"},"image":{"@id":"https:\/\/vcycletech.com\/#\/schema\/logo\/image\/"}}]}},"_links":{"self":[{"href":"https:\/\/vcycletech.com\/fr\/wp-json\/wp\/v2\/product\/1171","targetHints":{"allow":["GET"]}}],"collection":[{"href":"https:\/\/vcycletech.com\/fr\/wp-json\/wp\/v2\/product"}],"about":[{"href":"https:\/\/vcycletech.com\/fr\/wp-json\/wp\/v2\/types\/product"}],"wp:featuredmedia":[{"embeddable":true,"href":"https:\/\/vcycletech.com\/fr\/wp-json\/wp\/v2\/media\/1187"}],"wp:attachment":[{"href":"https:\/\/vcycletech.com\/fr\/wp-json\/wp\/v2\/media?parent=1171"}],"wp:term":[{"taxonomy":"product_brand","embeddable":true,"href":"https:\/\/vcycletech.com\/fr\/wp-json\/wp\/v2\/product_brand?post=1171"},{"taxonomy":"product_cat","embeddable":true,"href":"https:\/\/vcycletech.com\/fr\/wp-json\/wp\/v2\/product_cat?post=1171"},{"taxonomy":"product_tag","embeddable":true,"href":"https:\/\/vcycletech.com\/fr\/wp-json\/wp\/v2\/product_tag?post=1171"}],"curies":[{"name":"wp","href":"https:\/\/api.w.org\/{rel}","templated":true}]}}