{"id":1162,"date":"2023-03-21T08:33:07","date_gmt":"2023-03-21T08:33:07","guid":{"rendered":"https:\/\/vcycletech.com\/?post_type=product&#038;p=1162"},"modified":"2023-03-27T06:12:28","modified_gmt":"2023-03-27T06:12:28","slug":"wt-409-decapant-boues","status":"publish","type":"product","link":"https:\/\/vcycletech.com\/fr\/produit\/wt-409-decapant-boues\/","title":{"rendered":"D\u00e9capant de boue WT-409"},"content":{"rendered":"<h3 id=\"introduction_2\" class=\"xsj_heading_hash xsj_heading xsj_heading_h2\" data-source-line=\"6\" data-source-line-display=\"true\"><span class=\"xsj_heading_content\">Introduction:<\/span><\/h3>\n<p class=\"xsj_paragraph xsj_paragraph_level_0\" data-source-line=\"8\" data-source-line-display=\"true\"><strong>D\u00e9capant de boue WT-409<\/strong> est une solution de nettoyage puissante et efficace. Il contient un tensioactif cationique, un agent p\u00e9n\u00e9trant et un dispersant pour d\u00e9sinfecter, \u00e9liminer les boues et d\u00e9tartrer efficacement toutes les surfaces. Ce produit a une large gamme d&#039;utilisations en raison de son action non corrosive dans diff\u00e9rents niveaux de duret\u00e9 de l&#039;eau et de sa s\u00e9curit\u00e9 autour des plastiques, des gravats et des surfaces m\u00e9talliques. Ses r\u00e9sultats \u00e0 action rapide en font le choix id\u00e9al pour s&#039;attaquer aux zones faciles d&#039;acc\u00e8s et aux accumulations profondes sans endommager les composants existants.<\/p>\n<div class=\"xiaoshujiang_element xsj_anchor\"><a class=\"blank_anchor_name\" name=\"features_3\"><\/a><a id=\"features_3\" class=\"blank_anchor_id\"><\/a><a class=\"blank_anchor_name\" name=\"features\"><\/a><a id=\"features\" class=\"blank_anchor_id\"><\/a><\/div>\n<h3 id=\"features_3\" class=\"xsj_heading_hash xsj_heading xsj_heading_h2\" data-source-line=\"10\" data-source-line-display=\"true\"><span class=\"xsj_heading_content\">Caract\u00e9ristiques:<\/span><\/h3>\n<p class=\"xsj_paragraph xsj_paragraph_level_0\" data-source-line=\"12\" data-source-line-display=\"true\">\u2022 Contient des tensioactifs cationiques, des agents p\u00e9n\u00e9trants et des dispersants pour une d\u00e9sinfection et un d\u00e9tartrage efficaces<br \/>\n\u2022 Action non corrosive dans de nombreux niveaux de duret\u00e9 de l&#039;eau<br \/>\n\u2022 S\u00e9curitaire autour des plastiques, des gravats et des surfaces m\u00e9talliques<br \/>\n\u2022 R\u00e9sultats \u00e0 action rapide sans endommager les composants existants<br \/>\n\u2022 Large gamme d&#039;applications allant des syst\u00e8mes de circulation d&#039;eau \u00e0 la protection antirouille pour la fabrication du papier<\/p>\n<div class=\"xiaoshujiang_element xsj_anchor\"><a class=\"blank_anchor_name\" name=\"applications_4\"><\/a><a id=\"applications_4\" class=\"blank_anchor_id\"><\/a><a class=\"blank_anchor_name\" name=\"applications\"><\/a><a id=\"applications\" class=\"blank_anchor_id\"><\/a><\/div>\n<h3 id=\"applications_4\" class=\"xsj_heading_hash xsj_heading xsj_heading_h2\" data-source-line=\"18\" data-source-line-display=\"true\"><span class=\"xsj_heading_content\">Applications:<\/span><\/h3>\n<p class=\"xsj_paragraph xsj_paragraph_level_0\" data-source-line=\"20\" data-source-line-display=\"true\"><strong>D\u00e9capant de boue WT-409<\/strong> peut \u00eatre utilis\u00e9 \u00e0 de multiples fins, comme \u00e9liminer les accumulations dans les syst\u00e8mes de circulation d&#039;eau ou d\u00e9barrasser l&#039;\u00e9quipement industriel de la rouille et du tartre. Il fonctionne avec n&#039;importe quelle variation des niveaux de duret\u00e9 de l&#039;eau, ce qui en fait un choix id\u00e9al pour tous les types d&#039;entreprises allant des usines de fabrication aux h\u00f4tels. Ce produit peut \u00e9galement \u00eatre utilis\u00e9 dans la protection antirouille de la fabrication du papier, augmentant encore sa port\u00e9e de service !<\/p>\n<h3>Sp\u00e9cification:<\/h3>\n<div>\n<table>\n<tbody>\n<tr>\n<td width=\"204\">Articles<\/td>\n<td width=\"315\">Indice<\/td>\n<\/tr>\n<tr>\n<td width=\"204\">Apparence<\/td>\n<td width=\"315\">Liquide incolore l\u00e9g\u00e8rement trouble<\/td>\n<\/tr>\n<tr>\n<td width=\"204\">Contenu actif, %<\/td>\n<td width=\"315\">30,0 minutes<\/td>\n<\/tr>\n<tr>\n<td width=\"204\">pH (tel quel)<\/td>\n<td width=\"315\">6.0-8.0<\/td>\n<\/tr>\n<\/tbody>\n<\/table>\n<\/div>\n<div class=\"xiaoshujiang_element xsj_anchor\"><a class=\"blank_anchor_name\" name=\"faqs_5\"><\/a><a id=\"faqs_5\" class=\"blank_anchor_id\"><\/a><a class=\"blank_anchor_name\" name=\"faqs\"><\/a><a id=\"faqs\" class=\"blank_anchor_id\"><\/a><\/div>\n<h3 id=\"faqs_5\" class=\"xsj_heading_hash xsj_heading xsj_heading_h2\" data-source-line=\"22\" data-source-line-display=\"true\"><span class=\"xsj_heading_content\">FAQ\u00a0:<\/span><\/h3>\n<div class=\"xiaoshujiang_element xsj_anchor\"><a class=\"blank_anchor_name\" name=\"120how20does20wt-40920sludge20stripper20work_6\"><\/a><a id=\"120how20does20wt-40920sludge20stripper20work_6\" class=\"blank_anchor_id\"><\/a><a class=\"blank_anchor_name\" name=\"1-how-does-wt-409-sludge-stripper-work\"><\/a><a id=\"1-how-does-wt-409-sludge-stripper-work\" class=\"blank_anchor_id\"><\/a><\/div>\n<p id=\"120how20does20wt-40920sludge20stripper20work_6\" class=\"xsj_heading_hash xsj_heading xsj_heading_h3\" data-source-line=\"24\" data-source-line-display=\"true\"><strong><span class=\"xsj_heading_content\">Q1\u00a0:Comment fonctionne le d\u00e9capant de boues WT-409\u00a0?<\/span><\/strong><\/p>\n<p class=\"xsj_paragraph xsj_paragraph_level_0\" data-source-line=\"26\" data-source-line-display=\"true\">Le d\u00e9capant de boue WT-409 est compos\u00e9 d&#039;un tensioactif cationique, d&#039;un agent p\u00e9n\u00e9trant et d&#039;un dispersant qui adoucit efficacement le tartre sur les surfaces m\u00e9talliques tout en \u00e9tant s\u00fbr autour des plastiques et des gravats en plus d&#039;une ex\u00e9cution non corrosive dans n&#039;importe quelle variation des niveaux de duret\u00e9 de l&#039;eau - ce qui en fait le choix parfait pour s&#039;attaquer aux probl\u00e8mes difficiles -pour atteindre des zones ou des accumulations profondes sans endommager les composants existants\u00a0!<\/p>\n<div class=\"xiaoshujiang_element xsj_anchor\"><a class=\"blank_anchor_name\" name=\"220what20are20the20applications20of20wt2040920sludge20stripper_7\"><\/a><a id=\"220what20are20the20applications20of20wt2040920sludge20stripper_7\" class=\"blank_anchor_id\"><\/a><a class=\"blank_anchor_name\" name=\"2-what-are-the-applications-of-wt-409-sludge-stripper\"><\/a><a id=\"2-what-are-the-applications-of-wt-409-sludge-stripper\" class=\"blank_anchor_id\"><\/a><\/div>\n<p id=\"220what20are20the20applications20of20wt2040920sludge20stripper_7\" class=\"xsj_heading_hash xsj_heading xsj_heading_h3\" data-source-line=\"28\" data-source-line-display=\"true\"><strong><span class=\"xsj_heading_content\">Q2\u00a0:\u00a0Quelles sont les applications du d\u00e9capant de boues WT-409\u00a0?<\/span><\/strong><\/p>\n<p class=\"xsj_heading_hash xsj_heading xsj_heading_h3\" data-source-line=\"28\" data-source-line-display=\"true\">En raison de sa faible toxicit\u00e9 avec des r\u00e9sultats \u00e0 action rapide, ce produit En raison de sa faible toxicit\u00e9 avec des r\u00e9sultats \u00e0 action rapide dans une large gamme d&#039;applications, des syst\u00e8mes de circulation d&#039;eau \u00e0 la protection antirouille de la fabrication du papier<span style=\"font-size: 24px;\">.<\/span><\/p>\n<div class=\"xiaoshujiang_element xsj_anchor\"><a class=\"blank_anchor_name\" name=\"420does20this20product20work20with20varying20degrees20of20water20hardness_9\"><\/a><a id=\"420does20this20product20work20with20varying20degrees20of20water20hardness_9\" class=\"blank_anchor_id\"><\/a><a class=\"blank_anchor_name\" name=\"4-does-this-product-work-with-varying-degrees-of-water-hardness\"><\/a><a id=\"4-does-this-product-work-with-varying-degrees-of-water-hardness\" class=\"blank_anchor_id\"><\/a><\/div>\n<p id=\"420does20this20product20work20with20varying20degrees20of20water20hardness_9\" class=\"xsj_heading_hash xsj_heading xsj_heading_h3\" data-source-line=\"36\" data-source-line-display=\"true\"><strong><span class=\"xsj_heading_content\">Q3\u00a0: Ce produit fonctionne-t-il avec diff\u00e9rents degr\u00e9s de duret\u00e9 de l&#039;eau\u00a0?<\/span><\/strong><\/p>\n<p class=\"xsj_paragraph xsj_paragraph_level_0\" data-source-line=\"38\" data-source-line-display=\"true\">Oui, le d\u00e9capant de boues WT 409 fonctionne avec n&#039;importe quel degr\u00e9 de duret\u00e9 de l&#039;eau en raison de sa nature non corrosive.<\/p>\n<p class=\"xiaoshujiang_element xsj_anchor\"><a class=\"blank_anchor_name\" name=\"520what20type20of20results20should20i20expect20after20using20this20product_10\"><\/a><a id=\"520what20type20of20results20should20i20expect20after20using20this20product_10\" class=\"blank_anchor_id\"><\/a><strong><a class=\"blank_anchor_name\" name=\"5-what-type-of-results-should-i-expect-after-using-this-product\"><\/a><a id=\"5-what-type-of-results-should-i-expect-after-using-this-product\" class=\"blank_anchor_id\"><\/a><\/strong><\/p>\n<p id=\"520what20type20of20results20should20i20expect20after20using20this20product_10\" class=\"xsj_heading_hash xsj_heading xsj_heading_h3\" data-source-line=\"40\" data-source-line-display=\"true\"><strong><span class=\"xsj_heading_content\">Q4\u00a0: \u00c0 quel type de r\u00e9sultats dois-je m&#039;attendre apr\u00e8s avoir utilis\u00e9 ce produit\u00a0?<\/span><\/strong><\/p>\n<p class=\"xsj_paragraph xsj_paragraph_level_0\" data-source-line=\"42\" data-source-line-display=\"true\">Vous pouvez vous attendre \u00e0 des r\u00e9sultats rapides sans endommager les composants existants tels que les m\u00e9taux, le plastique ou les mat\u00e9riaux en caoutchouc apr\u00e8s avoir utilis\u00e9 le d\u00e9capant de boues WT 409\u00a0!<\/p>\n<p class=\"xsj_paragraph xsj_paragraph_level_0\" data-source-line=\"45\" data-source-line-display=\"true\"><a class=\"xsj_link xsj_manu_link\" href=\"https:\/\/vcycletech.com\/fr\/biocide-et-algicide\/\">Obtenez la solution biocide et algicide compl\u00e8te<\/a>.<\/p>","protected":false},"excerpt":{"rendered":"<p>Vous recherchez un d\u00e9capant de boues de qualit\u00e9 industrielle ? Ne cherchez pas plus loin que vcycletech`s <strong>D\u00e9capant de boue WT-409<\/strong>! Ce produit est compos\u00e9 d&#039;un tensioactif cationique, d&#039;un agent p\u00e9n\u00e9trant et d&#039;un dispersant, ce qui le rend parfait pour la d\u00e9sinfection, le d\u00e9capage des boues et le d\u00e9tartrage. Il est non corrosif et s\u00fbr autour des plastiques et des gravats, ce qui le rend id\u00e9al pour une utilisation dans les syst\u00e8mes de circulation d&#039;eau ainsi que pour la protection antirouille de la fabrication du papier. Avec des r\u00e9sultats \u00e0 action rapide et une large gamme d&#039;applications, ce produit est un incontournable pour toute entreprise cherchant \u00e0 lutter contre les accumulations difficiles\u00a0!<\/p>","protected":false},"featured_media":1169,"template":"","meta":{"site-sidebar-layout":"default","site-content-layout":"default","ast-site-content-layout":"default","site-content-style":"default","site-sidebar-style":"default","ast-global-header-display":"","ast-banner-title-visibility":"","ast-main-header-display":"","ast-hfb-above-header-display":"","ast-hfb-below-header-display":"","ast-hfb-mobile-header-display":"","site-post-title":"","ast-breadcrumbs-content":"","ast-featured-img":"","footer-sml-layout":"","ast-disable-related-posts":"","theme-transparent-header-meta":"default","adv-header-id-meta":"","stick-header-meta":"default","header-above-stick-meta":"","header-main-stick-meta":"","header-below-stick-meta":"","astra-migrate-meta-layouts":"default","ast-page-background-enabled":"default","ast-page-background-meta":{"desktop":{"background-color":"","background-image":"","background-repeat":"repeat","background-position":"center center","background-size":"auto","background-attachment":"scroll","background-type":"","background-media":"","overlay-type":"","overlay-color":"","overlay-opacity":"","overlay-gradient":""},"tablet":{"background-color":"","background-image":"","background-repeat":"repeat","background-position":"center center","background-size":"auto","background-attachment":"scroll","background-type":"","background-media":"","overlay-type":"","overlay-color":"","overlay-opacity":"","overlay-gradient":""},"mobile":{"background-color":"","background-image":"","background-repeat":"repeat","background-position":"center center","background-size":"auto","background-attachment":"scroll","background-type":"","background-media":"","overlay-type":"","overlay-color":"","overlay-opacity":"","overlay-gradient":""}},"ast-content-background-meta":{"desktop":{"background-color":"var(--ast-global-color-5)","background-image":"","background-repeat":"repeat","background-position":"center center","background-size":"auto","background-attachment":"scroll","background-type":"","background-media":"","overlay-type":"","overlay-color":"","overlay-opacity":"","overlay-gradient":""},"tablet":{"background-color":"var(--ast-global-color-5)","background-image":"","background-repeat":"repeat","background-position":"center center","background-size":"auto","background-attachment":"scroll","background-type":"","background-media":"","overlay-type":"","overlay-color":"","overlay-opacity":"","overlay-gradient":""},"mobile":{"background-color":"var(--ast-global-color-5)","background-image":"","background-repeat":"repeat","background-position":"center center","background-size":"auto","background-attachment":"scroll","background-type":"","background-media":"","overlay-type":"","overlay-color":"","overlay-opacity":"","overlay-gradient":""}}},"product_brand":[],"product_cat":[29],"product_tag":[],"class_list":{"0":"post-1162","1":"product","2":"type-product","3":"status-publish","4":"has-post-thumbnail","6":"product_cat-biocide-and-algicide","7":"desktop-align-left","8":"tablet-align-left","9":"mobile-align-left","10":"ast-product-gallery-layout-horizontal-slider","11":"ast-product-gallery-with-no-image","12":"ast-product-tabs-layout-horizontal","14":"first","15":"instock","16":"shipping-taxable","17":"product-type-simple"},"yoast_head":"<!-- This site is optimized with the Yoast SEO Premium plugin v26.3 (Yoast SEO v27.3) - https:\/\/yoast.com\/product\/yoast-seo-premium-wordpress\/ -->\n<title>WT-409 Sludge Stripper - vcycletech<\/title>\n<meta name=\"description\" content=\"Keep your surfaces clean with WT-409 Sludge Stripper, the advanced cleaning solution composed of cationic surfactant, penetrating agent and dispersant. Experience effective disinfection and sludge stripping - try WT-409 today!\" \/>\n<meta name=\"robots\" content=\"index, follow, max-snippet:-1, max-image-preview:large, max-video-preview:-1\" \/>\n<link rel=\"canonical\" href=\"https:\/\/vcycletech.com\/fr\/produit\/wt-409-decapant-boues\/\" \/>\n<meta property=\"og:locale\" content=\"fr_FR\" \/>\n<meta property=\"og:type\" content=\"article\" \/>\n<meta property=\"og:title\" content=\"WT-409 Sludge Stripper\" \/>\n<meta property=\"og:description\" content=\"Keep your surfaces clean with WT-409 Sludge Stripper, the advanced cleaning solution composed of cationic surfactant, penetrating agent and dispersant. Experience effective disinfection and sludge stripping - try WT-409 today!\" \/>\n<meta property=\"og:url\" content=\"https:\/\/vcycletech.com\/fr\/produit\/wt-409-decapant-boues\/\" \/>\n<meta property=\"og:site_name\" content=\"vcycletech\" \/>\n<meta property=\"article:modified_time\" content=\"2023-03-27T06:12:28+00:00\" \/>\n<meta property=\"og:image\" content=\"https:\/\/vcycletech.com\/wp-content\/uploads\/2023\/03\/DBNPA-4-e1679628598182.png\" \/>\n\t<meta property=\"og:image:width\" content=\"600\" \/>\n\t<meta property=\"og:image:height\" content=\"600\" \/>\n\t<meta property=\"og:image:type\" content=\"image\/png\" \/>\n<meta name=\"twitter:card\" content=\"summary_large_image\" \/>\n<meta name=\"twitter:label1\" content=\"Dur\u00e9e de lecture estim\u00e9e\" \/>\n\t<meta name=\"twitter:data1\" content=\"2 minutes\" \/>\n<script type=\"application\/ld+json\" class=\"yoast-schema-graph\">{\"@context\":\"https:\\\/\\\/schema.org\",\"@graph\":[{\"@type\":\"WebPage\",\"@id\":\"https:\\\/\\\/vcycletech.com\\\/product\\\/wt-409-sludge-stripper\\\/\",\"url\":\"https:\\\/\\\/vcycletech.com\\\/product\\\/wt-409-sludge-stripper\\\/\",\"name\":\"WT-409 Sludge Stripper - vcycletech\",\"isPartOf\":{\"@id\":\"https:\\\/\\\/vcycletech.com\\\/#website\"},\"primaryImageOfPage\":{\"@id\":\"https:\\\/\\\/vcycletech.com\\\/product\\\/wt-409-sludge-stripper\\\/#primaryimage\"},\"image\":{\"@id\":\"https:\\\/\\\/vcycletech.com\\\/product\\\/wt-409-sludge-stripper\\\/#primaryimage\"},\"thumbnailUrl\":\"https:\\\/\\\/vcycletech.com\\\/wp-content\\\/uploads\\\/2023\\\/03\\\/DBNPA-4-e1679628598182.png\",\"datePublished\":\"2023-03-21T08:33:07+00:00\",\"dateModified\":\"2023-03-27T06:12:28+00:00\",\"description\":\"Keep your surfaces clean with WT-409 Sludge Stripper, the advanced cleaning solution composed of cationic surfactant, penetrating agent and dispersant. Experience effective disinfection and sludge stripping - try WT-409 today!\",\"breadcrumb\":{\"@id\":\"https:\\\/\\\/vcycletech.com\\\/product\\\/wt-409-sludge-stripper\\\/#breadcrumb\"},\"inLanguage\":\"fr-FR\",\"potentialAction\":[{\"@type\":\"ReadAction\",\"target\":[\"https:\\\/\\\/vcycletech.com\\\/product\\\/wt-409-sludge-stripper\\\/\"]}]},{\"@type\":\"ImageObject\",\"inLanguage\":\"fr-FR\",\"@id\":\"https:\\\/\\\/vcycletech.com\\\/product\\\/wt-409-sludge-stripper\\\/#primaryimage\",\"url\":\"https:\\\/\\\/vcycletech.com\\\/wp-content\\\/uploads\\\/2023\\\/03\\\/DBNPA-4-e1679628598182.png\",\"contentUrl\":\"https:\\\/\\\/vcycletech.com\\\/wp-content\\\/uploads\\\/2023\\\/03\\\/DBNPA-4-e1679628598182.png\",\"width\":600,\"height\":600,\"caption\":\"WT-409 Sludge Stripper\"},{\"@type\":\"BreadcrumbList\",\"@id\":\"https:\\\/\\\/vcycletech.com\\\/product\\\/wt-409-sludge-stripper\\\/#breadcrumb\",\"itemListElement\":[{\"@type\":\"ListItem\",\"position\":1,\"name\":\"Home\",\"item\":\"https:\\\/\\\/vcycletech.com\\\/\"},{\"@type\":\"ListItem\",\"position\":2,\"name\":\"Water Treatment Chemicals Manufacturer\",\"item\":\"https:\\\/\\\/vcycletech.com\\\/water-treatment-chemicals-manufacturer\\\/\"},{\"@type\":\"ListItem\",\"position\":3,\"name\":\"WT-409 Sludge Stripper\"}]},{\"@type\":\"WebSite\",\"@id\":\"https:\\\/\\\/vcycletech.com\\\/#website\",\"url\":\"https:\\\/\\\/vcycletech.com\\\/\",\"name\":\"vcycletech\",\"description\":\"China&#039;s top water treatment chemicals supplier\",\"publisher\":{\"@id\":\"https:\\\/\\\/vcycletech.com\\\/#organization\"},\"potentialAction\":[{\"@type\":\"SearchAction\",\"target\":{\"@type\":\"EntryPoint\",\"urlTemplate\":\"https:\\\/\\\/vcycletech.com\\\/?s={search_term_string}\"},\"query-input\":{\"@type\":\"PropertyValueSpecification\",\"valueRequired\":true,\"valueName\":\"search_term_string\"}}],\"inLanguage\":\"fr-FR\"},{\"@type\":\"Organization\",\"@id\":\"https:\\\/\\\/vcycletech.com\\\/#organization\",\"name\":\"vcycletech\",\"url\":\"https:\\\/\\\/vcycletech.com\\\/\",\"logo\":{\"@type\":\"ImageObject\",\"inLanguage\":\"fr-FR\",\"@id\":\"https:\\\/\\\/vcycletech.com\\\/#\\\/schema\\\/logo\\\/image\\\/\",\"url\":\"https:\\\/\\\/vcycletech.com\\\/wp-content\\\/uploads\\\/2023\\\/03\\\/logo-vcycletech-1.png\",\"contentUrl\":\"https:\\\/\\\/vcycletech.com\\\/wp-content\\\/uploads\\\/2023\\\/03\\\/logo-vcycletech-1.png\",\"width\":600,\"height\":400,\"caption\":\"vcycletech\"},\"image\":{\"@id\":\"https:\\\/\\\/vcycletech.com\\\/#\\\/schema\\\/logo\\\/image\\\/\"}}]}<\/script>\n<!-- \/ Yoast SEO Premium plugin. -->","yoast_head_json":{"title":"D\u00e9capant de boues WT-409 - vcycletech","description":"Gardez vos surfaces propres avec le WT-409 Sludge Stripper, la solution de nettoyage avanc\u00e9e compos\u00e9e d&#039;un tensioactif cationique, d&#039;un agent p\u00e9n\u00e9trant et d&#039;un dispersant. Faites l&#039;exp\u00e9rience d&#039;une d\u00e9sinfection et d&#039;un enl\u00e8vement des boues efficaces - essayez le WT-409 d\u00e8s aujourd&#039;hui\u00a0!","robots":{"index":"index","follow":"follow","max-snippet":"max-snippet:-1","max-image-preview":"max-image-preview:large","max-video-preview":"max-video-preview:-1"},"canonical":"https:\/\/vcycletech.com\/fr\/produit\/wt-409-decapant-boues\/","og_locale":"fr_FR","og_type":"article","og_title":"WT-409 Sludge Stripper","og_description":"Keep your surfaces clean with WT-409 Sludge Stripper, the advanced cleaning solution composed of cationic surfactant, penetrating agent and dispersant. Experience effective disinfection and sludge stripping - try WT-409 today!","og_url":"https:\/\/vcycletech.com\/fr\/produit\/wt-409-decapant-boues\/","og_site_name":"vcycletech","article_modified_time":"2023-03-27T06:12:28+00:00","og_image":[{"width":600,"height":600,"url":"https:\/\/vcycletech.com\/wp-content\/uploads\/2023\/03\/DBNPA-4-e1679628598182.png","type":"image\/png"}],"twitter_card":"summary_large_image","twitter_misc":{"Dur\u00e9e de lecture estim\u00e9e":"2 minutes"},"schema":{"@context":"https:\/\/schema.org","@graph":[{"@type":"WebPage","@id":"https:\/\/vcycletech.com\/product\/wt-409-sludge-stripper\/","url":"https:\/\/vcycletech.com\/product\/wt-409-sludge-stripper\/","name":"D\u00e9capant de boues WT-409 - vcycletech","isPartOf":{"@id":"https:\/\/vcycletech.com\/#website"},"primaryImageOfPage":{"@id":"https:\/\/vcycletech.com\/product\/wt-409-sludge-stripper\/#primaryimage"},"image":{"@id":"https:\/\/vcycletech.com\/product\/wt-409-sludge-stripper\/#primaryimage"},"thumbnailUrl":"https:\/\/vcycletech.com\/wp-content\/uploads\/2023\/03\/DBNPA-4-e1679628598182.png","datePublished":"2023-03-21T08:33:07+00:00","dateModified":"2023-03-27T06:12:28+00:00","description":"Gardez vos surfaces propres avec le WT-409 Sludge Stripper, la solution de nettoyage avanc\u00e9e compos\u00e9e d&#039;un tensioactif cationique, d&#039;un agent p\u00e9n\u00e9trant et d&#039;un dispersant. Faites l&#039;exp\u00e9rience d&#039;une d\u00e9sinfection et d&#039;un enl\u00e8vement des boues efficaces - essayez le WT-409 d\u00e8s aujourd&#039;hui\u00a0!","breadcrumb":{"@id":"https:\/\/vcycletech.com\/product\/wt-409-sludge-stripper\/#breadcrumb"},"inLanguage":"fr-FR","potentialAction":[{"@type":"ReadAction","target":["https:\/\/vcycletech.com\/product\/wt-409-sludge-stripper\/"]}]},{"@type":"ImageObject","inLanguage":"fr-FR","@id":"https:\/\/vcycletech.com\/product\/wt-409-sludge-stripper\/#primaryimage","url":"https:\/\/vcycletech.com\/wp-content\/uploads\/2023\/03\/DBNPA-4-e1679628598182.png","contentUrl":"https:\/\/vcycletech.com\/wp-content\/uploads\/2023\/03\/DBNPA-4-e1679628598182.png","width":600,"height":600,"caption":"WT-409 Sludge Stripper"},{"@type":"BreadcrumbList","@id":"https:\/\/vcycletech.com\/product\/wt-409-sludge-stripper\/#breadcrumb","itemListElement":[{"@type":"ListItem","position":1,"name":"Home","item":"https:\/\/vcycletech.com\/"},{"@type":"ListItem","position":2,"name":"Water Treatment Chemicals Manufacturer","item":"https:\/\/vcycletech.com\/water-treatment-chemicals-manufacturer\/"},{"@type":"ListItem","position":3,"name":"WT-409 Sludge Stripper"}]},{"@type":"WebSite","@id":"https:\/\/vcycletech.com\/#website","url":"https:\/\/vcycletech.com\/","name":"vcycletech","description":"Meilleur fournisseur de produits chimiques pour le traitement de l&#039;eau en Chine","publisher":{"@id":"https:\/\/vcycletech.com\/#organization"},"potentialAction":[{"@type":"SearchAction","target":{"@type":"EntryPoint","urlTemplate":"https:\/\/vcycletech.com\/?s={search_term_string}"},"query-input":{"@type":"PropertyValueSpecification","valueRequired":true,"valueName":"search_term_string"}}],"inLanguage":"fr-FR"},{"@type":"Organization","@id":"https:\/\/vcycletech.com\/#organization","name":"vcycletech","url":"https:\/\/vcycletech.com\/","logo":{"@type":"ImageObject","inLanguage":"fr-FR","@id":"https:\/\/vcycletech.com\/#\/schema\/logo\/image\/","url":"https:\/\/vcycletech.com\/wp-content\/uploads\/2023\/03\/logo-vcycletech-1.png","contentUrl":"https:\/\/vcycletech.com\/wp-content\/uploads\/2023\/03\/logo-vcycletech-1.png","width":600,"height":400,"caption":"vcycletech"},"image":{"@id":"https:\/\/vcycletech.com\/#\/schema\/logo\/image\/"}}]}},"_links":{"self":[{"href":"https:\/\/vcycletech.com\/fr\/wp-json\/wp\/v2\/product\/1162","targetHints":{"allow":["GET"]}}],"collection":[{"href":"https:\/\/vcycletech.com\/fr\/wp-json\/wp\/v2\/product"}],"about":[{"href":"https:\/\/vcycletech.com\/fr\/wp-json\/wp\/v2\/types\/product"}],"wp:featuredmedia":[{"embeddable":true,"href":"https:\/\/vcycletech.com\/fr\/wp-json\/wp\/v2\/media\/1169"}],"wp:attachment":[{"href":"https:\/\/vcycletech.com\/fr\/wp-json\/wp\/v2\/media?parent=1162"}],"wp:term":[{"taxonomy":"product_brand","embeddable":true,"href":"https:\/\/vcycletech.com\/fr\/wp-json\/wp\/v2\/product_brand?post=1162"},{"taxonomy":"product_cat","embeddable":true,"href":"https:\/\/vcycletech.com\/fr\/wp-json\/wp\/v2\/product_cat?post=1162"},{"taxonomy":"product_tag","embeddable":true,"href":"https:\/\/vcycletech.com\/fr\/wp-json\/wp\/v2\/product_tag?post=1162"}],"curies":[{"name":"wp","href":"https:\/\/api.w.org\/{rel}","templated":true}]}}