{"id":1157,"date":"2023-03-21T08:50:28","date_gmt":"2023-03-21T08:50:28","guid":{"rendered":"https:\/\/vcycletech.com\/?post_type=product&#038;p=1157"},"modified":"2023-03-21T08:50:29","modified_gmt":"2023-03-21T08:50:29","slug":"acide-phosphino-carboxyliquepca","status":"publish","type":"product","link":"https:\/\/vcycletech.com\/fr\/produit\/acide-phosphino-carboxyliquepca\/","title":{"rendered":"Acide phosphinocarboxylique (PCA)"},"content":{"rendered":"<h3>N\u00b0 CAS 71050-62-9<\/h3>\n<h3>Propri\u00e9t\u00e9s de l&#039;acide phosphinocarboxylique\u00a0:<\/h3>\n<p><strong>APC<\/strong> est une solution parfaite pour le contr\u00f4le du tartre et de la corrosion dans les syst\u00e8mes de circulation d&#039;eau froide et les syst\u00e8mes d&#039;eau de remplissage des champs p\u00e9trolif\u00e8res. Ses propri\u00e9t\u00e9s, telles que l&#039;introduction du groupe phosphonique dans le groupe carboxylique, en font une excellente option pour l&#039;inhibition du tartre du sulfate de baryum, du sulfate de strontium et du tartre de silice. <strong>APC<\/strong> est \u00e9galement bien connu pour sa bonne propri\u00e9t\u00e9 de dispersion en termes de carbonate de calcium et de phosphate de calcium, ce qui le rend utilisable dans une large gamme de qualit\u00e9 d&#039;eau. En plus de tous ces avantages, <strong>APC<\/strong> se distingue par sa stabilit\u00e9 chimique et sa forte tol\u00e9rance au chlore.<\/p>\n<h3>Sp\u00e9cification de l&#039;acide phosphinocarboxylique\u00a0:<\/h3>\n<div id=\"footable_parent_1173\"\n         class=\"footable_parent ninja_table_wrapper loading_ninja_table wp_table_data_press_parent semantic_ui\">\n                <table data-ninja_table_instance=\"ninja_table_instance_0\" data-footable_id=\"1173\" data-filter-delay=\"1000\" aria-label=\"Acide Phosphino-Carboxylique.csv\"            id=\"footable_1173\"\n           data-unique_identifier=\"ninja_table_unique_id_3068910738_1173\"\n           class=\"foo-table ninja_footable foo_table_1173 ninja_table_unique_id_3068910738_1173 ui table  nt_type_legacy_table selectable striped vertical_centered  footable-paging-right ninja_table_pro\">\n                <colgroup>\n                            <col class=\"ninja_column_0\">\n                            <col class=\"ninja_column_1\">\n                    <\/colgroup>\n        <thead>\n<tr class=\"footable-header\">\n                                        <th scope=\"col\"  class=\"ninja_column_0 ninja_clmn_nm_items\">Articles<\/th><th scope=\"col\"  class=\"ninja_column_1 ninja_clmn_nm_index\">Indice<\/th><\/tr>\n<\/thead>\n<tbody>\n\n        <tr data-row_id=\"257\" class=\"ninja_table_row_0 nt_row_id_257\">\n            <td>Apparence<\/td><td>Liquide transparent incolore \u00e0 jaune clair<\/td>        <\/tr>\n            <tr data-row_id=\"258\" class=\"ninja_table_row_1 nt_row_id_258\">\n            <td>Contenu solide, %<\/td><td>50,0 minutes<\/td>        <\/tr>\n            <tr data-row_id=\"259\" class=\"ninja_table_row_2 nt_row_id_259\">\n            <td>Phosphore total (comme PO43-), %<\/td><td>0,5 mn<\/td>        <\/tr>\n            <tr data-row_id=\"260\" class=\"ninja_table_row_3 nt_row_id_260\">\n            <td>Densit\u00e9 (20\u2103), g\/cm3<\/td><td>1.20 mn<\/td>        <\/tr>\n            <tr data-row_id=\"261\" class=\"ninja_table_row_4 nt_row_id_261\">\n            <td>pH (solution aqueuse 1%)<\/td><td>3.0-5.0<\/td>        <\/tr>\n    <\/tbody><!--ninja_tobody_rendering_done-->\n    <\/table>\n    \n    \n    \n<\/div>\n\n<h3>Usage:<\/h3>\n<p>Ce produit doit \u00eatre utilis\u00e9 avec pr\u00e9cision et exactitude pour des r\u00e9sultats optimaux. Le dosage recommand\u00e9 est de 5 \u00e0 20 mg\/L, mais il peut \u00e9galement \u00eatre combin\u00e9 avec des organophosphines, un copolym\u00e8re, un sel de zinc ou du BTA pour de meilleures performances.<\/p>\n<h3>Emballage et stockage\u00a0:<\/h3>\n<p>Il est fourni dans des f\u00fbts en plastique de 200L, des IBC (1000L) ou selon les exigences du client. Lorsqu&#039;il est stock\u00e9 correctement dans un endroit frais et sec, la dur\u00e9e de conservation de ce produit est de 10 mois.<\/p>\n<h3>Questions fr\u00e9quemment pos\u00e9es<\/h3>\n<p><img fetchpriority=\"high\" decoding=\"async\" class=\"alignnone size-full wp-image-1179\" src=\"https:\/\/vcycletech.com\/wp-content\/uploads\/2023\/03\/Phosphino-Carboxylic-AcidPCA-1.png\" alt=\"Acide phosphinocarboxylique (PCA) -1\" width=\"600\" height=\"400\" srcset=\"https:\/\/vcycletech.com\/wp-content\/uploads\/2023\/03\/Phosphino-Carboxylic-AcidPCA-1.png 600w, https:\/\/vcycletech.com\/wp-content\/uploads\/2023\/03\/Phosphino-Carboxylic-AcidPCA-1-300x200.png 300w\" sizes=\"(max-width: 600px) 100vw, 600px\" \/><\/p>\n<h4>Qu&#039;est-ce que l&#039;acide phosphinocarboxylique ?<\/h4>\n<p>L&#039;acide phosphinocarboxylique (PCA) est un compos\u00e9 organique utilis\u00e9 comme pr\u00e9curseur dans la synth\u00e8se des acides phosphiniques et des phosphonates. Il est \u00e9galement utilis\u00e9 comme inhibiteur de corrosion et comme agent ch\u00e9lateur.<\/p>\n<h4>Quelles sont les propri\u00e9t\u00e9s de l&#039;acide phosphino carboxylique ?<\/h4>\n<p>La formule chimique de l&#039;acide phosphinocarboxylique est C2H5NO2P et son poids mol\u00e9culaire est de 149,09 g\/mol. C&#039;est un solide blanc \u00e0 temp\u00e9rature ambiante et a un point de fusion de 58-59 \u00b0C.<\/p>\n<h4>Comment est fabriqu\u00e9 l&#039;acide phosphino carboxylique ?<\/h4>\n<p>L&#039;acide phosphinocarboxylique peut \u00eatre synth\u00e9tis\u00e9 par la r\u00e9action du trichlorure de phosphore avec de l&#039;hydroxyde de sodium, suivie de l&#039;ajout d&#039;anhydride ac\u00e9tique.<\/p>\n<h4>Quelles sont les utilisations de l&#039;Acide Phosphino Carboxylique ?<\/h4>\n<p>L&#039;acide phosphinocarboxylique est utilis\u00e9 comme pr\u00e9curseur dans la synth\u00e8se des acides phosphiniques et des phosphonates. Il est \u00e9galement utilis\u00e9 comme inhibiteur de corrosion et comme agent ch\u00e9lateur.<\/p>\n<h4>Quels sont les risques pour la sant\u00e9 de l&#039;acide phosphino carboxylique?<\/h4>\n<p>L&#039;exposition \u00e0 l&#039;acide phosphinocarboxylique peut provoquer une irritation de la peau, des yeux et des voies respiratoires. L&#039;ingestion du compos\u00e9 peut provoquer une irritation gastro-intestinale et des vomissements. Une exposition prolong\u00e9e peut causer des dommages au foie et aux reins.<\/p>","protected":false},"excerpt":{"rendered":"<p><strong>Acide PhosphinoCarboxylique (PCA<\/strong>) est un compos\u00e9 chimique organique qui combine les caract\u00e9ristiques des phosphonates et des polyacrylates. Il est utilis\u00e9 comme \u00e9quilibre sp\u00e9cial de produits chimiques de traitement de l&#039;eau, offrant une excellente stabilit\u00e9 thermique et chlor\u00e9e. <strong>APC<\/strong> a de bonnes propri\u00e9t\u00e9s de dispersion pour le tartre de carbonate de calcium et de phosphate de calcium dans les syst\u00e8mes d&#039;eau froide en circulation, ainsi qu&#039;une dispersion sup\u00e9rieure des boues d&#039;eau de chaudi\u00e8re par rapport aux polyacrylates, polym\u00e9thacrylates et compos\u00e9s sulfon\u00e9s. De plus, il a une bonne inhibition du tartre pour le sulfate de baryum, le sulfate de strontium et le tartre de silice. Le PCA est un choix efficace pour une large gamme d&#039;applications de traitement de l&#039;eau.<\/p>\n<p>&nbsp;<\/p>","protected":false},"featured_media":1175,"template":"","meta":{"site-sidebar-layout":"default","site-content-layout":"default","ast-site-content-layout":"default","site-content-style":"default","site-sidebar-style":"default","ast-global-header-display":"","ast-banner-title-visibility":"","ast-main-header-display":"","ast-hfb-above-header-display":"","ast-hfb-below-header-display":"","ast-hfb-mobile-header-display":"","site-post-title":"","ast-breadcrumbs-content":"","ast-featured-img":"","footer-sml-layout":"","ast-disable-related-posts":"","theme-transparent-header-meta":"default","adv-header-id-meta":"","stick-header-meta":"default","header-above-stick-meta":"","header-main-stick-meta":"","header-below-stick-meta":"","astra-migrate-meta-layouts":"default","ast-page-background-enabled":"default","ast-page-background-meta":{"desktop":{"background-color":"","background-image":"","background-repeat":"repeat","background-position":"center center","background-size":"auto","background-attachment":"scroll","background-type":"","background-media":"","overlay-type":"","overlay-color":"","overlay-opacity":"","overlay-gradient":""},"tablet":{"background-color":"","background-image":"","background-repeat":"repeat","background-position":"center center","background-size":"auto","background-attachment":"scroll","background-type":"","background-media":"","overlay-type":"","overlay-color":"","overlay-opacity":"","overlay-gradient":""},"mobile":{"background-color":"","background-image":"","background-repeat":"repeat","background-position":"center center","background-size":"auto","background-attachment":"scroll","background-type":"","background-media":"","overlay-type":"","overlay-color":"","overlay-opacity":"","overlay-gradient":""}},"ast-content-background-meta":{"desktop":{"background-color":"var(--ast-global-color-5)","background-image":"","background-repeat":"repeat","background-position":"center center","background-size":"auto","background-attachment":"scroll","background-type":"","background-media":"","overlay-type":"","overlay-color":"","overlay-opacity":"","overlay-gradient":""},"tablet":{"background-color":"var(--ast-global-color-5)","background-image":"","background-repeat":"repeat","background-position":"center center","background-size":"auto","background-attachment":"scroll","background-type":"","background-media":"","overlay-type":"","overlay-color":"","overlay-opacity":"","overlay-gradient":""},"mobile":{"background-color":"var(--ast-global-color-5)","background-image":"","background-repeat":"repeat","background-position":"center center","background-size":"auto","background-attachment":"scroll","background-type":"","background-media":"","overlay-type":"","overlay-color":"","overlay-opacity":"","overlay-gradient":""}}},"product_brand":[],"product_cat":[28],"product_tag":[],"class_list":{"0":"post-1157","1":"product","2":"type-product","3":"status-publish","4":"has-post-thumbnail","6":"product_cat-polycarboxylic-antiscalant-and-dispersant","7":"desktop-align-left","8":"tablet-align-left","9":"mobile-align-left","10":"ast-product-gallery-layout-horizontal-slider","11":"ast-product-gallery-with-no-image","12":"ast-product-tabs-layout-horizontal","14":"first","15":"instock","16":"shipping-taxable","17":"product-type-simple"},"yoast_head":"<!-- This site is optimized with the Yoast SEO Premium plugin v26.3 (Yoast SEO v27.3) - https:\/\/yoast.com\/product\/yoast-seo-premium-wordpress\/ -->\n<title>Phosphino Carboxylic Acid(PCA) - vcycletech<\/title>\n<meta name=\"description\" content=\"Get superior boiler water sludge dispersant with Phosphino Carboxylic Acid (PCA). Try Aquapharm&#039;s PCA for excellent thermal &amp; chlorine stability.\" \/>\n<meta name=\"robots\" content=\"index, follow, max-snippet:-1, max-image-preview:large, max-video-preview:-1\" \/>\n<link rel=\"canonical\" href=\"https:\/\/vcycletech.com\/fr\/produit\/acide-phosphino-carboxyliquepca\/\" \/>\n<meta property=\"og:locale\" content=\"fr_FR\" \/>\n<meta property=\"og:type\" content=\"article\" \/>\n<meta property=\"og:title\" content=\"Phosphino Carboxylic Acid(PCA)\" \/>\n<meta property=\"og:description\" content=\"Get superior boiler water sludge dispersant with Phosphino Carboxylic Acid (PCA). Try Aquapharm&#039;s PCA for excellent thermal &amp; chlorine stability.\" \/>\n<meta property=\"og:url\" content=\"https:\/\/vcycletech.com\/fr\/produit\/acide-phosphino-carboxyliquepca\/\" \/>\n<meta property=\"og:site_name\" content=\"vcycletech\" \/>\n<meta property=\"article:modified_time\" content=\"2023-03-21T08:50:29+00:00\" \/>\n<meta property=\"og:image\" content=\"https:\/\/vcycletech.com\/wp-content\/uploads\/2023\/03\/Phosphino-Carboxylic-AcidPCA.png\" \/>\n\t<meta property=\"og:image:width\" content=\"600\" \/>\n\t<meta property=\"og:image:height\" content=\"600\" \/>\n\t<meta property=\"og:image:type\" content=\"image\/png\" \/>\n<meta name=\"twitter:card\" content=\"summary_large_image\" \/>\n<meta name=\"twitter:label1\" content=\"Dur\u00e9e de lecture estim\u00e9e\" \/>\n\t<meta name=\"twitter:data1\" content=\"2 minutes\" \/>\n<script type=\"application\/ld+json\" class=\"yoast-schema-graph\">{\"@context\":\"https:\\\/\\\/schema.org\",\"@graph\":[{\"@type\":\"WebPage\",\"@id\":\"https:\\\/\\\/vcycletech.com\\\/product\\\/phosphino-carboxylic-acidpca\\\/\",\"url\":\"https:\\\/\\\/vcycletech.com\\\/product\\\/phosphino-carboxylic-acidpca\\\/\",\"name\":\"Phosphino Carboxylic Acid(PCA) - vcycletech\",\"isPartOf\":{\"@id\":\"https:\\\/\\\/vcycletech.com\\\/#website\"},\"primaryImageOfPage\":{\"@id\":\"https:\\\/\\\/vcycletech.com\\\/product\\\/phosphino-carboxylic-acidpca\\\/#primaryimage\"},\"image\":{\"@id\":\"https:\\\/\\\/vcycletech.com\\\/product\\\/phosphino-carboxylic-acidpca\\\/#primaryimage\"},\"thumbnailUrl\":\"https:\\\/\\\/vcycletech.com\\\/wp-content\\\/uploads\\\/2023\\\/03\\\/Phosphino-Carboxylic-AcidPCA.png\",\"datePublished\":\"2023-03-21T08:50:28+00:00\",\"dateModified\":\"2023-03-21T08:50:29+00:00\",\"description\":\"Get superior boiler water sludge dispersant with Phosphino Carboxylic Acid (PCA). Try Aquapharm's PCA for excellent thermal & chlorine stability.\",\"breadcrumb\":{\"@id\":\"https:\\\/\\\/vcycletech.com\\\/product\\\/phosphino-carboxylic-acidpca\\\/#breadcrumb\"},\"inLanguage\":\"fr-FR\",\"potentialAction\":[{\"@type\":\"ReadAction\",\"target\":[\"https:\\\/\\\/vcycletech.com\\\/product\\\/phosphino-carboxylic-acidpca\\\/\"]}]},{\"@type\":\"ImageObject\",\"inLanguage\":\"fr-FR\",\"@id\":\"https:\\\/\\\/vcycletech.com\\\/product\\\/phosphino-carboxylic-acidpca\\\/#primaryimage\",\"url\":\"https:\\\/\\\/vcycletech.com\\\/wp-content\\\/uploads\\\/2023\\\/03\\\/Phosphino-Carboxylic-AcidPCA.png\",\"contentUrl\":\"https:\\\/\\\/vcycletech.com\\\/wp-content\\\/uploads\\\/2023\\\/03\\\/Phosphino-Carboxylic-AcidPCA.png\",\"width\":600,\"height\":600,\"caption\":\"Phosphino Carboxylic Acid(PCA)\"},{\"@type\":\"BreadcrumbList\",\"@id\":\"https:\\\/\\\/vcycletech.com\\\/product\\\/phosphino-carboxylic-acidpca\\\/#breadcrumb\",\"itemListElement\":[{\"@type\":\"ListItem\",\"position\":1,\"name\":\"Home\",\"item\":\"https:\\\/\\\/vcycletech.com\\\/\"},{\"@type\":\"ListItem\",\"position\":2,\"name\":\"Water Treatment Chemicals Manufacturer\",\"item\":\"https:\\\/\\\/vcycletech.com\\\/water-treatment-chemicals-manufacturer\\\/\"},{\"@type\":\"ListItem\",\"position\":3,\"name\":\"Phosphino Carboxylic Acid(PCA)\"}]},{\"@type\":\"WebSite\",\"@id\":\"https:\\\/\\\/vcycletech.com\\\/#website\",\"url\":\"https:\\\/\\\/vcycletech.com\\\/\",\"name\":\"vcycletech\",\"description\":\"China&#039;s top water treatment chemicals supplier\",\"publisher\":{\"@id\":\"https:\\\/\\\/vcycletech.com\\\/#organization\"},\"potentialAction\":[{\"@type\":\"SearchAction\",\"target\":{\"@type\":\"EntryPoint\",\"urlTemplate\":\"https:\\\/\\\/vcycletech.com\\\/?s={search_term_string}\"},\"query-input\":{\"@type\":\"PropertyValueSpecification\",\"valueRequired\":true,\"valueName\":\"search_term_string\"}}],\"inLanguage\":\"fr-FR\"},{\"@type\":\"Organization\",\"@id\":\"https:\\\/\\\/vcycletech.com\\\/#organization\",\"name\":\"vcycletech\",\"url\":\"https:\\\/\\\/vcycletech.com\\\/\",\"logo\":{\"@type\":\"ImageObject\",\"inLanguage\":\"fr-FR\",\"@id\":\"https:\\\/\\\/vcycletech.com\\\/#\\\/schema\\\/logo\\\/image\\\/\",\"url\":\"https:\\\/\\\/vcycletech.com\\\/wp-content\\\/uploads\\\/2023\\\/03\\\/logo-vcycletech-1.png\",\"contentUrl\":\"https:\\\/\\\/vcycletech.com\\\/wp-content\\\/uploads\\\/2023\\\/03\\\/logo-vcycletech-1.png\",\"width\":600,\"height\":400,\"caption\":\"vcycletech\"},\"image\":{\"@id\":\"https:\\\/\\\/vcycletech.com\\\/#\\\/schema\\\/logo\\\/image\\\/\"}}]}<\/script>\n<!-- \/ Yoast SEO Premium plugin. -->","yoast_head_json":{"title":"Acide Phosphino Carboxylique (PCA) - vcycletech","description":"Obtenez un dispersant sup\u00e9rieur des boues d&#039;eau de chaudi\u00e8re avec l&#039;acide phosphino carboxylique (PCA). Essayez le PCA d&#039;Aquapharm pour une excellente stabilit\u00e9 thermique et au chlore.","robots":{"index":"index","follow":"follow","max-snippet":"max-snippet:-1","max-image-preview":"max-image-preview:large","max-video-preview":"max-video-preview:-1"},"canonical":"https:\/\/vcycletech.com\/fr\/produit\/acide-phosphino-carboxyliquepca\/","og_locale":"fr_FR","og_type":"article","og_title":"Phosphino Carboxylic Acid(PCA)","og_description":"Get superior boiler water sludge dispersant with Phosphino Carboxylic Acid (PCA). Try Aquapharm's PCA for excellent thermal & chlorine stability.","og_url":"https:\/\/vcycletech.com\/fr\/produit\/acide-phosphino-carboxyliquepca\/","og_site_name":"vcycletech","article_modified_time":"2023-03-21T08:50:29+00:00","og_image":[{"width":600,"height":600,"url":"https:\/\/vcycletech.com\/wp-content\/uploads\/2023\/03\/Phosphino-Carboxylic-AcidPCA.png","type":"image\/png"}],"twitter_card":"summary_large_image","twitter_misc":{"Dur\u00e9e de lecture estim\u00e9e":"2 minutes"},"schema":{"@context":"https:\/\/schema.org","@graph":[{"@type":"WebPage","@id":"https:\/\/vcycletech.com\/product\/phosphino-carboxylic-acidpca\/","url":"https:\/\/vcycletech.com\/product\/phosphino-carboxylic-acidpca\/","name":"Acide Phosphino Carboxylique (PCA) - vcycletech","isPartOf":{"@id":"https:\/\/vcycletech.com\/#website"},"primaryImageOfPage":{"@id":"https:\/\/vcycletech.com\/product\/phosphino-carboxylic-acidpca\/#primaryimage"},"image":{"@id":"https:\/\/vcycletech.com\/product\/phosphino-carboxylic-acidpca\/#primaryimage"},"thumbnailUrl":"https:\/\/vcycletech.com\/wp-content\/uploads\/2023\/03\/Phosphino-Carboxylic-AcidPCA.png","datePublished":"2023-03-21T08:50:28+00:00","dateModified":"2023-03-21T08:50:29+00:00","description":"Obtenez un dispersant sup\u00e9rieur des boues d&#039;eau de chaudi\u00e8re avec l&#039;acide phosphino carboxylique (PCA). Essayez le PCA d&#039;Aquapharm pour une excellente stabilit\u00e9 thermique et au chlore.","breadcrumb":{"@id":"https:\/\/vcycletech.com\/product\/phosphino-carboxylic-acidpca\/#breadcrumb"},"inLanguage":"fr-FR","potentialAction":[{"@type":"ReadAction","target":["https:\/\/vcycletech.com\/product\/phosphino-carboxylic-acidpca\/"]}]},{"@type":"ImageObject","inLanguage":"fr-FR","@id":"https:\/\/vcycletech.com\/product\/phosphino-carboxylic-acidpca\/#primaryimage","url":"https:\/\/vcycletech.com\/wp-content\/uploads\/2023\/03\/Phosphino-Carboxylic-AcidPCA.png","contentUrl":"https:\/\/vcycletech.com\/wp-content\/uploads\/2023\/03\/Phosphino-Carboxylic-AcidPCA.png","width":600,"height":600,"caption":"Phosphino Carboxylic Acid(PCA)"},{"@type":"BreadcrumbList","@id":"https:\/\/vcycletech.com\/product\/phosphino-carboxylic-acidpca\/#breadcrumb","itemListElement":[{"@type":"ListItem","position":1,"name":"Home","item":"https:\/\/vcycletech.com\/"},{"@type":"ListItem","position":2,"name":"Water Treatment Chemicals Manufacturer","item":"https:\/\/vcycletech.com\/water-treatment-chemicals-manufacturer\/"},{"@type":"ListItem","position":3,"name":"Phosphino Carboxylic Acid(PCA)"}]},{"@type":"WebSite","@id":"https:\/\/vcycletech.com\/#website","url":"https:\/\/vcycletech.com\/","name":"vcycletech","description":"Meilleur fournisseur de produits chimiques pour le traitement de l&#039;eau en Chine","publisher":{"@id":"https:\/\/vcycletech.com\/#organization"},"potentialAction":[{"@type":"SearchAction","target":{"@type":"EntryPoint","urlTemplate":"https:\/\/vcycletech.com\/?s={search_term_string}"},"query-input":{"@type":"PropertyValueSpecification","valueRequired":true,"valueName":"search_term_string"}}],"inLanguage":"fr-FR"},{"@type":"Organization","@id":"https:\/\/vcycletech.com\/#organization","name":"vcycletech","url":"https:\/\/vcycletech.com\/","logo":{"@type":"ImageObject","inLanguage":"fr-FR","@id":"https:\/\/vcycletech.com\/#\/schema\/logo\/image\/","url":"https:\/\/vcycletech.com\/wp-content\/uploads\/2023\/03\/logo-vcycletech-1.png","contentUrl":"https:\/\/vcycletech.com\/wp-content\/uploads\/2023\/03\/logo-vcycletech-1.png","width":600,"height":400,"caption":"vcycletech"},"image":{"@id":"https:\/\/vcycletech.com\/#\/schema\/logo\/image\/"}}]}},"_links":{"self":[{"href":"https:\/\/vcycletech.com\/fr\/wp-json\/wp\/v2\/product\/1157","targetHints":{"allow":["GET"]}}],"collection":[{"href":"https:\/\/vcycletech.com\/fr\/wp-json\/wp\/v2\/product"}],"about":[{"href":"https:\/\/vcycletech.com\/fr\/wp-json\/wp\/v2\/types\/product"}],"wp:featuredmedia":[{"embeddable":true,"href":"https:\/\/vcycletech.com\/fr\/wp-json\/wp\/v2\/media\/1175"}],"wp:attachment":[{"href":"https:\/\/vcycletech.com\/fr\/wp-json\/wp\/v2\/media?parent=1157"}],"wp:term":[{"taxonomy":"product_brand","embeddable":true,"href":"https:\/\/vcycletech.com\/fr\/wp-json\/wp\/v2\/product_brand?post=1157"},{"taxonomy":"product_cat","embeddable":true,"href":"https:\/\/vcycletech.com\/fr\/wp-json\/wp\/v2\/product_cat?post=1157"},{"taxonomy":"product_tag","embeddable":true,"href":"https:\/\/vcycletech.com\/fr\/wp-json\/wp\/v2\/product_tag?post=1157"}],"curies":[{"name":"wp","href":"https:\/\/api.w.org\/{rel}","templated":true}]}}