{"id":1152,"date":"2023-03-21T08:19:13","date_gmt":"2023-03-21T08:19:13","guid":{"rendered":"https:\/\/vcycletech.com\/?post_type=product&#038;p=1152"},"modified":"2023-03-27T06:24:25","modified_gmt":"2023-03-27T06:24:25","slug":"acide-acrylique-acrylate-acide-phosphonique-sulfosel-tetra-copolymere-kr-241","status":"publish","type":"product","link":"https:\/\/vcycletech.com\/fr\/produit\/acide-acrylique-acrylate-acide-phosphonique-sulfosel-tetra-copolymere-kr-241\/","title":{"rendered":"Acide acrylique\/Acrylate\/Acide phosphonique\/T\u00e9tra-copolym\u00e8re de sulfosel (WT-241)"},"content":{"rendered":"<h3>Propri\u00e9t\u00e9s:<\/h3>\n<p>Le WT-241 est un copolym\u00e8re de groupes acides carboxyliques, hydroxyliques et sulfoniques, qui aide \u00e0 inhiber efficacement la formation de tartre de phosphate de calcium et de carbonate de calcium. Lorsqu&#039;il est utilis\u00e9 dans des syst\u00e8mes d&#039;eau froide en circulation avec des organophosphates, le WT-241 d\u00e9montre de puissants effets synergiques avec d&#039;autres agents qui aident \u00e0 augmenter ses performances d&#039;inhibition du tartre. Ce compos\u00e9 chimique polyvalent et fiable est id\u00e9al pour des applications professionnelles et m\u00e9ticuleuses dans votre industrie.<\/p>\n<h3>Sp\u00e9cification:<\/h3>\n<div id=\"footable_parent_1154\"\n         class=\"footable_parent ninja_table_wrapper loading_ninja_table wp_table_data_press_parent semantic_ui\">\n                <table data-ninja_table_instance=\"ninja_table_instance_0\" data-footable_id=\"1154\" data-filter-delay=\"1000\" aria-label=\"Sulfosalt Tetra-copolymer.csv\"            id=\"footable_1154\"\n           data-unique_identifier=\"ninja_table_unique_id_3701813219_1154\"\n           class=\"foo-table ninja_footable foo_table_1154 ninja_table_unique_id_3701813219_1154 ui table  nt_type_legacy_table selectable striped vertical_centered  footable-paging-right ninja_table_pro\">\n                <colgroup>\n                            <col class=\"ninja_column_0\">\n                            <col class=\"ninja_column_1\">\n                    <\/colgroup>\n        <thead>\n<tr class=\"footable-header\">\n                                        <th scope=\"col\"  class=\"ninja_column_0 ninja_clmn_nm_items\">Articles<\/th><th scope=\"col\"  class=\"ninja_column_1 ninja_clmn_nm_index\">Indice<\/th><\/tr>\n<\/thead>\n<tbody>\n\n        <tr data-row_id=\"247\" class=\"ninja_table_row_0 nt_row_id_247\">\n            <td>Apparence<\/td><td>Liquide transparent jaune p\u00e2le<\/td>        <\/tr>\n            <tr data-row_id=\"248\" class=\"ninja_table_row_1 nt_row_id_248\">\n            <td>Contenu solide, %<\/td><td>35,0 minutes<\/td>        <\/tr>\n            <tr data-row_id=\"249\" class=\"ninja_table_row_2 nt_row_id_249\">\n            <td>Monom\u00e8re libre (comme AA), %<\/td><td>0,5 maximum<\/td>        <\/tr>\n            <tr data-row_id=\"250\" class=\"ninja_table_row_3 nt_row_id_250\">\n            <td>Densit\u00e9 (20\u2103), g\/cm3<\/td><td>1.1~1.2<\/td>        <\/tr>\n            <tr data-row_id=\"251\" class=\"ninja_table_row_4 nt_row_id_251\">\n            <td>pH (solution aqueuse 1%)<\/td><td>3.0~5.0<\/td>        <\/tr>\n    <\/tbody><!--ninja_tobody_rendering_done-->\n    <\/table>\n    \n    \n    \n<\/div>\n\n<h3 class=\"my-0.5\">Usage:<\/h3>\n<p class=\"my-0.5\">Ce produit est mieux utilis\u00e9 \u00e0 5-25 mg\/L. Lorsqu&#039;il est combin\u00e9 avec des organophosphor\u00e9s, le dosage doit \u00eatre r\u00e9duit entre 1 et 10 mg\/L et la valeur du pH doit rester entre 7,0 et 9,5.<\/p>\n<h3 class=\"my-0.5\">Emballage et stockage\u00a0:<\/h3>\n<p class=\"my-0.5\">Le produit est livr\u00e9 dans des f\u00fbts en plastique de 200L ou des IBC (1000L) et peut \u00eatre personnalis\u00e9 pour r\u00e9pondre aux exigences du client. Pour une dur\u00e9e de conservation optimale, conservez-le dans un endroit sec et ombrag\u00e9 jusqu&#039;\u00e0 un an.<\/p>\n<h3>FAQ\u00a0:<\/h3>\n<p><strong>Q1\u00a0: Qu&#039;est-ce que l&#039;acide acrylique\/acrylate\/acide phosphonique\/t\u00e9tra-copolym\u00e8re de sulfosel (WT-241)\u00a0?<\/strong><br \/>\nLe t\u00e9tra-copolym\u00e8re d&#039;acide acrylique\/acrylate\/acide phosphonique\/sulfosel (WT-241) est un produit chimique de traitement de l&#039;eau qui combine quatre acides diff\u00e9rents - acide acrylique, acrylate, acide phosphonique et sulfosel - dans une structure de t\u00e9tra-copolym\u00e8re. Cette combinaison d&#039;acides offre des propri\u00e9t\u00e9s de ch\u00e9lation et de dispersion tr\u00e8s efficaces, ainsi qu&#039;une solubilit\u00e9 am\u00e9lior\u00e9e et une biod\u00e9gradabilit\u00e9 accrue par rapport \u00e0 d&#039;autres produits similaires. Le WT-241 est utilis\u00e9 dans les applications de traitement des eaux us\u00e9es industrielles et municipales pour aider \u00e0 \u00e9liminer les m\u00e9taux lourds et autres contaminants des sources d&#039;eau.<\/p>\n<p><strong>Q2\u00a0: Quels sont les avantages de l&#039;utilisation d&#039;acide acrylique\/acrylate\/acide phosphonique\/t\u00e9tra-copolym\u00e8re de sulfosel (WT-241)\u00a0?<\/strong><br \/>\nLes principaux avantages de l&#039;utilisation du WT-241 pour le traitement de l&#039;eau comprennent une solubilit\u00e9 am\u00e9lior\u00e9e, des performances de ch\u00e9lation am\u00e9lior\u00e9es, des taux de biod\u00e9gradation accrus, des capacit\u00e9s de dispersion am\u00e9lior\u00e9es et une formation r\u00e9duite de complexes m\u00e9talliques insolubles. De plus, le WT-241 offre d&#039;excellentes performances \u00e0 faibles doses en raison de son efficacit\u00e9 relative \u00e9lev\u00e9e lorsqu&#039;il est utilis\u00e9 pour les traitements de complexation. Enfin, le WT-241 s&#039;est av\u00e9r\u00e9 rentable par rapport \u00e0 d&#039;autres produits chimiques de traitement en raison de sa capacit\u00e9 \u00e0 fonctionner \u00e0 des concentrations plus faibles par rapport aux produits concurrents.<\/p>\n<p><strong>Q3\u00a0: comment fonctionne l&#039;acide acrylique\/acrylate\/acide phosphonique\/t\u00e9tra-copolym\u00e8re de sulfosel (WT-241)\u00a0?<\/strong><br \/>\nLorsque le WT-241 est ajout\u00e9 \u00e0 une source d&#039;eau, il forme un complexe avec des m\u00e9taux lourds tels que le plomb, le cuivre et l&#039;arsenic, emp\u00eachant ces m\u00e9taux de se lier \u00e0 d&#039;autres substances dans l&#039;eau tout en offrant une solubilit\u00e9 am\u00e9lior\u00e9e, leur permettant d&#039;\u00eatre \u00e9limin\u00e9s plus. facilement gr\u00e2ce \u00e0 des processus de filtration ou d&#039;adsorption. De plus, la combinaison de ces quatre acides fournit de fortes forces \u00e9lectrostatiques qui aident \u00e0 disperser les particules m\u00e9talliques uniform\u00e9ment dans la solution pour une \u00e9limination plus rapide de la source d&#039;eau sans s\u00e9dimentation ni formation de grumeaux qui pourraient entraver leur processus d&#039;\u00e9limination.<\/p>\n<p><strong>Q4\u00a0: Pour quels types d&#039;applications l&#039;acide acrylique\/acrylate\/acide phosphonique\/t\u00e9tra-copolym\u00e8re de sulfosel (WT-241) peut-il \u00eatre utilis\u00e9\u00a0?<\/strong><br \/>\nLe WT-241 a \u00e9t\u00e9 largement utilis\u00e9 dans les applications de traitement des eaux us\u00e9es industrielles, y compris les op\u00e9rations de finition des m\u00e9taux telles que la galvanoplastie ; syst\u00e8mes de tour de refroidissement; proc\u00e9d\u00e9s d&#039;osmose inverse avant ou apr\u00e8s traitement\u00a0; et les projets d&#039;assainissement des eaux pluviales ou des eaux us\u00e9es o\u00f9 il peut \u00eatre utilis\u00e9 \u00e0 la fois comme coagulant primaire ou floculant secondaire selon la nature du contaminant pr\u00e9sent dans la source d&#039;eau. De plus, le WT 241 a \u00e9galement \u00e9t\u00e9 appliqu\u00e9 avec succ\u00e8s dans les installations de traitement des eaux us\u00e9es municipales, o\u00f9 il peut \u00e9liminer efficacement les m\u00e9taux lourds tout en offrant des capacit\u00e9s am\u00e9lior\u00e9es de d\u00e9shydratation des boues gr\u00e2ce \u00e0 des performances de floculation am\u00e9lior\u00e9es pendant les processus de clarification.<\/p>\n<p><strong>Q5\u00a0: Quelles pr\u00e9cautions de s\u00e9curit\u00e9 doivent \u00eatre prises lors de la manipulation d&#039;acide acrylique\/acrylate\/acide phosphonique\/sulfosel t\u00e9tra copolym\u00e8re (WT 241)\u00a0?<\/strong><br \/>\nComme pour toute proc\u00e9dure de manipulation de produits chimiques, des protocoles de s\u00e9curit\u00e9 appropri\u00e9s doivent \u00eatre suivis, notamment le port de gants et de lunettes de protection lors du contact avec ce produit, ainsi qu&#039;une ventilation ad\u00e9quate pendant l&#039;utilisation, car l&#039;inhalation peut provoquer une toux ou une irritation des voies respiratoires en raison de sa forte odeur. profil. De plus, le WT 241 ne doit pas entrer en contact direct avec la peau car une irritation peut survenir et toute \u00e9claboussure doit \u00eatre imm\u00e9diatement lav\u00e9e \u00e0 grande eau courante pendant au moins 15 minutes avant de consulter un m\u00e9decin si n\u00e9cessaire.<\/p>\n<p><a href=\"https:\/\/vcycletech.com\/fr\/categorie-de-produit\/antitartre-et-dispersant-polycarboxylique\/\">Obtenez la solution compl\u00e8te antitartre et dispersant polycarboxylique<\/a><\/p>","protected":false},"excerpt":{"rendered":"<div class=\"break-words markdown-formatted-text\">\n<p class=\"my-0.5\"><strong>WT-241<\/strong> est un t\u00e9tra-copolym\u00e8re acide acrylique\/acrylate\/acide phosphonique\/sulfosel qui a une large gamme d&#039;applications. Il est utilis\u00e9 comme inhibiteur de tartre dans le traitement de l&#039;eau, offrant d&#039;excellentes performances contre les tartres de phosphate de calcium et de carbonate de calcium. Il poss\u00e8de \u00e9galement des propri\u00e9t\u00e9s d&#039;inhibition de la corrosion et peut \u00eatre utilis\u00e9 pour am\u00e9liorer l&#039;efficacit\u00e9 d&#039;autres produits chimiques de traitement de l&#039;eau. En outre, <strong>WT-241<\/strong> peut \u00eatre utilis\u00e9 comme dispersant pour les particules organiques et inorganiques, aidant \u00e0 les maintenir en suspension dans l&#039;eau.<\/p>\n<\/div>\n<div class=\"flex w-full items-center justify-end flex-wrap pt-0 !mt-2 @md:!mt-0 @md:pt-1.5\" data-exclude-from-screenshot=\"true\"><\/div>","protected":false},"featured_media":2841,"template":"","meta":{"site-sidebar-layout":"default","site-content-layout":"default","ast-site-content-layout":"default","site-content-style":"default","site-sidebar-style":"default","ast-global-header-display":"","ast-banner-title-visibility":"","ast-main-header-display":"","ast-hfb-above-header-display":"","ast-hfb-below-header-display":"","ast-hfb-mobile-header-display":"","site-post-title":"","ast-breadcrumbs-content":"","ast-featured-img":"","footer-sml-layout":"","ast-disable-related-posts":"","theme-transparent-header-meta":"default","adv-header-id-meta":"","stick-header-meta":"default","header-above-stick-meta":"","header-main-stick-meta":"","header-below-stick-meta":"","astra-migrate-meta-layouts":"default","ast-page-background-enabled":"default","ast-page-background-meta":{"desktop":{"background-color":"","background-image":"","background-repeat":"repeat","background-position":"center center","background-size":"auto","background-attachment":"scroll","background-type":"","background-media":"","overlay-type":"","overlay-color":"","overlay-opacity":"","overlay-gradient":""},"tablet":{"background-color":"","background-image":"","background-repeat":"repeat","background-position":"center center","background-size":"auto","background-attachment":"scroll","background-type":"","background-media":"","overlay-type":"","overlay-color":"","overlay-opacity":"","overlay-gradient":""},"mobile":{"background-color":"","background-image":"","background-repeat":"repeat","background-position":"center center","background-size":"auto","background-attachment":"scroll","background-type":"","background-media":"","overlay-type":"","overlay-color":"","overlay-opacity":"","overlay-gradient":""}},"ast-content-background-meta":{"desktop":{"background-color":"var(--ast-global-color-5)","background-image":"","background-repeat":"repeat","background-position":"center center","background-size":"auto","background-attachment":"scroll","background-type":"","background-media":"","overlay-type":"","overlay-color":"","overlay-opacity":"","overlay-gradient":""},"tablet":{"background-color":"var(--ast-global-color-5)","background-image":"","background-repeat":"repeat","background-position":"center center","background-size":"auto","background-attachment":"scroll","background-type":"","background-media":"","overlay-type":"","overlay-color":"","overlay-opacity":"","overlay-gradient":""},"mobile":{"background-color":"var(--ast-global-color-5)","background-image":"","background-repeat":"repeat","background-position":"center center","background-size":"auto","background-attachment":"scroll","background-type":"","background-media":"","overlay-type":"","overlay-color":"","overlay-opacity":"","overlay-gradient":""}}},"product_brand":[],"product_cat":[28],"product_tag":[],"class_list":{"0":"post-1152","1":"product","2":"type-product","3":"status-publish","4":"has-post-thumbnail","6":"product_cat-polycarboxylic-antiscalant-and-dispersant","7":"desktop-align-left","8":"tablet-align-left","9":"mobile-align-left","10":"ast-product-gallery-layout-horizontal-slider","11":"ast-product-gallery-with-no-image","12":"ast-product-tabs-layout-horizontal","14":"first","15":"instock","16":"shipping-taxable","17":"product-type-simple"},"yoast_head":"<!-- This site is optimized with the Yoast SEO Premium plugin v26.3 (Yoast SEO v27.3) - https:\/\/yoast.com\/product\/yoast-seo-premium-wordpress\/ -->\n<title>Acrylic Acid\/Acrylate\/Phosphonic Acid\/Sulfosalt Tetra-copolymer (WT-241) - vcycletech<\/title>\n<meta name=\"description\" content=\"Get the best scale inhibition performance with WT-241 Acrylic Acid\/Acrylate\/Phosphonic Acid\/Sulfosalt Tetra-copolymer! Try it today!\" \/>\n<meta name=\"robots\" content=\"index, follow, max-snippet:-1, max-image-preview:large, max-video-preview:-1\" \/>\n<link rel=\"canonical\" href=\"https:\/\/vcycletech.com\/fr\/produit\/acide-acrylique-acrylate-acide-phosphonique-sulfosel-tetra-copolymere-kr-241\/\" \/>\n<meta property=\"og:locale\" content=\"fr_FR\" \/>\n<meta property=\"og:type\" content=\"article\" \/>\n<meta property=\"og:title\" content=\"Acrylic Acid\/Acrylate\/Phosphonic Acid\/Sulfosalt Tetra-copolymer (WT-241)\" \/>\n<meta property=\"og:description\" content=\"Get the best scale inhibition performance with WT-241 Acrylic Acid\/Acrylate\/Phosphonic Acid\/Sulfosalt Tetra-copolymer! Try it today!\" \/>\n<meta property=\"og:url\" content=\"https:\/\/vcycletech.com\/fr\/produit\/acide-acrylique-acrylate-acide-phosphonique-sulfosel-tetra-copolymere-kr-241\/\" \/>\n<meta property=\"og:site_name\" content=\"vcycletech\" \/>\n<meta property=\"article:modified_time\" content=\"2023-03-27T06:24:25+00:00\" \/>\n<meta property=\"og:image\" content=\"https:\/\/vcycletech.com\/wp-content\/uploads\/2023\/03\/12.png\" \/>\n\t<meta property=\"og:image:width\" content=\"600\" \/>\n\t<meta property=\"og:image:height\" content=\"600\" \/>\n\t<meta property=\"og:image:type\" content=\"image\/png\" \/>\n<meta name=\"twitter:card\" content=\"summary_large_image\" \/>\n<meta name=\"twitter:label1\" content=\"Dur\u00e9e de lecture estim\u00e9e\" \/>\n\t<meta name=\"twitter:data1\" content=\"3 minutes\" \/>\n<script type=\"application\/ld+json\" class=\"yoast-schema-graph\">{\"@context\":\"https:\\\/\\\/schema.org\",\"@graph\":[{\"@type\":\"WebPage\",\"@id\":\"https:\\\/\\\/vcycletech.com\\\/product\\\/acrylic-acid-acrylate-phosphonic-acid-sulfosalt-tetra-copolymer-wt-241\\\/\",\"url\":\"https:\\\/\\\/vcycletech.com\\\/product\\\/acrylic-acid-acrylate-phosphonic-acid-sulfosalt-tetra-copolymer-wt-241\\\/\",\"name\":\"Acrylic Acid\\\/Acrylate\\\/Phosphonic Acid\\\/Sulfosalt Tetra-copolymer (WT-241) - vcycletech\",\"isPartOf\":{\"@id\":\"https:\\\/\\\/vcycletech.com\\\/#website\"},\"primaryImageOfPage\":{\"@id\":\"https:\\\/\\\/vcycletech.com\\\/product\\\/acrylic-acid-acrylate-phosphonic-acid-sulfosalt-tetra-copolymer-wt-241\\\/#primaryimage\"},\"image\":{\"@id\":\"https:\\\/\\\/vcycletech.com\\\/product\\\/acrylic-acid-acrylate-phosphonic-acid-sulfosalt-tetra-copolymer-wt-241\\\/#primaryimage\"},\"thumbnailUrl\":\"https:\\\/\\\/vcycletech.com\\\/wp-content\\\/uploads\\\/2023\\\/03\\\/12.png\",\"datePublished\":\"2023-03-21T08:19:13+00:00\",\"dateModified\":\"2023-03-27T06:24:25+00:00\",\"description\":\"Get the best scale inhibition performance with WT-241 Acrylic Acid\\\/Acrylate\\\/Phosphonic Acid\\\/Sulfosalt Tetra-copolymer! Try it today!\",\"breadcrumb\":{\"@id\":\"https:\\\/\\\/vcycletech.com\\\/product\\\/acrylic-acid-acrylate-phosphonic-acid-sulfosalt-tetra-copolymer-wt-241\\\/#breadcrumb\"},\"inLanguage\":\"fr-FR\",\"potentialAction\":[{\"@type\":\"ReadAction\",\"target\":[\"https:\\\/\\\/vcycletech.com\\\/product\\\/acrylic-acid-acrylate-phosphonic-acid-sulfosalt-tetra-copolymer-wt-241\\\/\"]}]},{\"@type\":\"ImageObject\",\"inLanguage\":\"fr-FR\",\"@id\":\"https:\\\/\\\/vcycletech.com\\\/product\\\/acrylic-acid-acrylate-phosphonic-acid-sulfosalt-tetra-copolymer-wt-241\\\/#primaryimage\",\"url\":\"https:\\\/\\\/vcycletech.com\\\/wp-content\\\/uploads\\\/2023\\\/03\\\/12.png\",\"contentUrl\":\"https:\\\/\\\/vcycletech.com\\\/wp-content\\\/uploads\\\/2023\\\/03\\\/12.png\",\"width\":600,\"height\":600,\"caption\":\"Acrylic Acid\\\/Acrylate\\\/Phosphonic Acid\\\/Sulfosalt Tetra-copolymer (WT- 241)\"},{\"@type\":\"BreadcrumbList\",\"@id\":\"https:\\\/\\\/vcycletech.com\\\/product\\\/acrylic-acid-acrylate-phosphonic-acid-sulfosalt-tetra-copolymer-wt-241\\\/#breadcrumb\",\"itemListElement\":[{\"@type\":\"ListItem\",\"position\":1,\"name\":\"Home\",\"item\":\"https:\\\/\\\/vcycletech.com\\\/\"},{\"@type\":\"ListItem\",\"position\":2,\"name\":\"Water Treatment Chemicals Manufacturer\",\"item\":\"https:\\\/\\\/vcycletech.com\\\/water-treatment-chemicals-manufacturer\\\/\"},{\"@type\":\"ListItem\",\"position\":3,\"name\":\"Acrylic Acid\\\/Acrylate\\\/Phosphonic Acid\\\/Sulfosalt Tetra-copolymer (WT-241)\"}]},{\"@type\":\"WebSite\",\"@id\":\"https:\\\/\\\/vcycletech.com\\\/#website\",\"url\":\"https:\\\/\\\/vcycletech.com\\\/\",\"name\":\"vcycletech\",\"description\":\"China&#039;s top water treatment chemicals supplier\",\"publisher\":{\"@id\":\"https:\\\/\\\/vcycletech.com\\\/#organization\"},\"potentialAction\":[{\"@type\":\"SearchAction\",\"target\":{\"@type\":\"EntryPoint\",\"urlTemplate\":\"https:\\\/\\\/vcycletech.com\\\/?s={search_term_string}\"},\"query-input\":{\"@type\":\"PropertyValueSpecification\",\"valueRequired\":true,\"valueName\":\"search_term_string\"}}],\"inLanguage\":\"fr-FR\"},{\"@type\":\"Organization\",\"@id\":\"https:\\\/\\\/vcycletech.com\\\/#organization\",\"name\":\"vcycletech\",\"url\":\"https:\\\/\\\/vcycletech.com\\\/\",\"logo\":{\"@type\":\"ImageObject\",\"inLanguage\":\"fr-FR\",\"@id\":\"https:\\\/\\\/vcycletech.com\\\/#\\\/schema\\\/logo\\\/image\\\/\",\"url\":\"https:\\\/\\\/vcycletech.com\\\/wp-content\\\/uploads\\\/2023\\\/03\\\/logo-vcycletech-1.png\",\"contentUrl\":\"https:\\\/\\\/vcycletech.com\\\/wp-content\\\/uploads\\\/2023\\\/03\\\/logo-vcycletech-1.png\",\"width\":600,\"height\":400,\"caption\":\"vcycletech\"},\"image\":{\"@id\":\"https:\\\/\\\/vcycletech.com\\\/#\\\/schema\\\/logo\\\/image\\\/\"}}]}<\/script>\n<!-- \/ Yoast SEO Premium plugin. -->","yoast_head_json":{"title":"Acide acrylique\/Acrylate\/Acide phosphonique\/T\u00e9tra-copolym\u00e8re de sulfosel (WT-241) - vcycletech","description":"Obtenez les meilleures performances d&#039;inhibition du tartre avec le t\u00e9tra-copolym\u00e8re d&#039;acide acrylique\/acrylate\/acide phosphonique\/sulfosel WT-241\u00a0! Essayez-le aujourd&#039;hui!","robots":{"index":"index","follow":"follow","max-snippet":"max-snippet:-1","max-image-preview":"max-image-preview:large","max-video-preview":"max-video-preview:-1"},"canonical":"https:\/\/vcycletech.com\/fr\/produit\/acide-acrylique-acrylate-acide-phosphonique-sulfosel-tetra-copolymere-kr-241\/","og_locale":"fr_FR","og_type":"article","og_title":"Acrylic Acid\/Acrylate\/Phosphonic Acid\/Sulfosalt Tetra-copolymer (WT-241)","og_description":"Get the best scale inhibition performance with WT-241 Acrylic Acid\/Acrylate\/Phosphonic Acid\/Sulfosalt Tetra-copolymer! Try it today!","og_url":"https:\/\/vcycletech.com\/fr\/produit\/acide-acrylique-acrylate-acide-phosphonique-sulfosel-tetra-copolymere-kr-241\/","og_site_name":"vcycletech","article_modified_time":"2023-03-27T06:24:25+00:00","og_image":[{"width":600,"height":600,"url":"https:\/\/vcycletech.com\/wp-content\/uploads\/2023\/03\/12.png","type":"image\/png"}],"twitter_card":"summary_large_image","twitter_misc":{"Dur\u00e9e de lecture estim\u00e9e":"3 minutes"},"schema":{"@context":"https:\/\/schema.org","@graph":[{"@type":"WebPage","@id":"https:\/\/vcycletech.com\/product\/acrylic-acid-acrylate-phosphonic-acid-sulfosalt-tetra-copolymer-wt-241\/","url":"https:\/\/vcycletech.com\/product\/acrylic-acid-acrylate-phosphonic-acid-sulfosalt-tetra-copolymer-wt-241\/","name":"Acide acrylique\/Acrylate\/Acide phosphonique\/T\u00e9tra-copolym\u00e8re de sulfosel (WT-241) - vcycletech","isPartOf":{"@id":"https:\/\/vcycletech.com\/#website"},"primaryImageOfPage":{"@id":"https:\/\/vcycletech.com\/product\/acrylic-acid-acrylate-phosphonic-acid-sulfosalt-tetra-copolymer-wt-241\/#primaryimage"},"image":{"@id":"https:\/\/vcycletech.com\/product\/acrylic-acid-acrylate-phosphonic-acid-sulfosalt-tetra-copolymer-wt-241\/#primaryimage"},"thumbnailUrl":"https:\/\/vcycletech.com\/wp-content\/uploads\/2023\/03\/12.png","datePublished":"2023-03-21T08:19:13+00:00","dateModified":"2023-03-27T06:24:25+00:00","description":"Obtenez les meilleures performances d&#039;inhibition du tartre avec le t\u00e9tra-copolym\u00e8re d&#039;acide acrylique\/acrylate\/acide phosphonique\/sulfosel WT-241\u00a0! Essayez-le aujourd&#039;hui!","breadcrumb":{"@id":"https:\/\/vcycletech.com\/product\/acrylic-acid-acrylate-phosphonic-acid-sulfosalt-tetra-copolymer-wt-241\/#breadcrumb"},"inLanguage":"fr-FR","potentialAction":[{"@type":"ReadAction","target":["https:\/\/vcycletech.com\/product\/acrylic-acid-acrylate-phosphonic-acid-sulfosalt-tetra-copolymer-wt-241\/"]}]},{"@type":"ImageObject","inLanguage":"fr-FR","@id":"https:\/\/vcycletech.com\/product\/acrylic-acid-acrylate-phosphonic-acid-sulfosalt-tetra-copolymer-wt-241\/#primaryimage","url":"https:\/\/vcycletech.com\/wp-content\/uploads\/2023\/03\/12.png","contentUrl":"https:\/\/vcycletech.com\/wp-content\/uploads\/2023\/03\/12.png","width":600,"height":600,"caption":"Acrylic Acid\/Acrylate\/Phosphonic Acid\/Sulfosalt Tetra-copolymer (WT- 241)"},{"@type":"BreadcrumbList","@id":"https:\/\/vcycletech.com\/product\/acrylic-acid-acrylate-phosphonic-acid-sulfosalt-tetra-copolymer-wt-241\/#breadcrumb","itemListElement":[{"@type":"ListItem","position":1,"name":"Home","item":"https:\/\/vcycletech.com\/"},{"@type":"ListItem","position":2,"name":"Water Treatment Chemicals Manufacturer","item":"https:\/\/vcycletech.com\/water-treatment-chemicals-manufacturer\/"},{"@type":"ListItem","position":3,"name":"Acrylic Acid\/Acrylate\/Phosphonic Acid\/Sulfosalt Tetra-copolymer (WT-241)"}]},{"@type":"WebSite","@id":"https:\/\/vcycletech.com\/#website","url":"https:\/\/vcycletech.com\/","name":"vcycletech","description":"Meilleur fournisseur de produits chimiques pour le traitement de l&#039;eau en Chine","publisher":{"@id":"https:\/\/vcycletech.com\/#organization"},"potentialAction":[{"@type":"SearchAction","target":{"@type":"EntryPoint","urlTemplate":"https:\/\/vcycletech.com\/?s={search_term_string}"},"query-input":{"@type":"PropertyValueSpecification","valueRequired":true,"valueName":"search_term_string"}}],"inLanguage":"fr-FR"},{"@type":"Organization","@id":"https:\/\/vcycletech.com\/#organization","name":"vcycletech","url":"https:\/\/vcycletech.com\/","logo":{"@type":"ImageObject","inLanguage":"fr-FR","@id":"https:\/\/vcycletech.com\/#\/schema\/logo\/image\/","url":"https:\/\/vcycletech.com\/wp-content\/uploads\/2023\/03\/logo-vcycletech-1.png","contentUrl":"https:\/\/vcycletech.com\/wp-content\/uploads\/2023\/03\/logo-vcycletech-1.png","width":600,"height":400,"caption":"vcycletech"},"image":{"@id":"https:\/\/vcycletech.com\/#\/schema\/logo\/image\/"}}]}},"_links":{"self":[{"href":"https:\/\/vcycletech.com\/fr\/wp-json\/wp\/v2\/product\/1152","targetHints":{"allow":["GET"]}}],"collection":[{"href":"https:\/\/vcycletech.com\/fr\/wp-json\/wp\/v2\/product"}],"about":[{"href":"https:\/\/vcycletech.com\/fr\/wp-json\/wp\/v2\/types\/product"}],"wp:featuredmedia":[{"embeddable":true,"href":"https:\/\/vcycletech.com\/fr\/wp-json\/wp\/v2\/media\/2841"}],"wp:attachment":[{"href":"https:\/\/vcycletech.com\/fr\/wp-json\/wp\/v2\/media?parent=1152"}],"wp:term":[{"taxonomy":"product_brand","embeddable":true,"href":"https:\/\/vcycletech.com\/fr\/wp-json\/wp\/v2\/product_brand?post=1152"},{"taxonomy":"product_cat","embeddable":true,"href":"https:\/\/vcycletech.com\/fr\/wp-json\/wp\/v2\/product_cat?post=1152"},{"taxonomy":"product_tag","embeddable":true,"href":"https:\/\/vcycletech.com\/fr\/wp-json\/wp\/v2\/product_tag?post=1152"}],"curies":[{"name":"wp","href":"https:\/\/api.w.org\/{rel}","templated":true}]}}