{"id":1150,"date":"2023-03-21T08:32:48","date_gmt":"2023-03-21T08:32:48","guid":{"rendered":"https:\/\/vcycletech.com\/?post_type=product&#038;p=1150"},"modified":"2023-03-27T06:14:36","modified_gmt":"2023-03-27T06:14:36","slug":"2-mercaptobenzothiazole-mbt","status":"publish","type":"product","link":"https:\/\/vcycletech.com\/fr\/produit\/2-mercaptobenzothiazole-mbt\/","title":{"rendered":"2-Mercaptobenzothiazole (MBT)"},"content":{"rendered":"<h3>No CAS 149-30-4 Masse mol\u00e9culaire\u00a0: 167,24<br \/>\nFormule mol\u00e9culaire : C7H5NS2<br \/>\nFormule structurelle:<\/h3>\n<figure id=\"attachment_1155\" aria-describedby=\"caption-attachment-1155\" style=\"width: 600px\" class=\"wp-caption alignnone\"><img fetchpriority=\"high\" decoding=\"async\" class=\"size-full wp-image-1155\" src=\"https:\/\/vcycletech.com\/wp-content\/uploads\/2023\/03\/1-34.png\" alt=\"2-Mercaptobenzothiazole (MBT)\" width=\"600\" height=\"600\" srcset=\"https:\/\/vcycletech.com\/wp-content\/uploads\/2023\/03\/1-34.png 600w, https:\/\/vcycletech.com\/wp-content\/uploads\/2023\/03\/1-34-100x100.png 100w, https:\/\/vcycletech.com\/wp-content\/uploads\/2023\/03\/1-34-300x300.png 300w, https:\/\/vcycletech.com\/wp-content\/uploads\/2023\/03\/1-34-150x150.png 150w\" sizes=\"(max-width: 600px) 100vw, 600px\" \/><figcaption id=\"caption-attachment-1155\" class=\"wp-caption-text\">2-Mercaptobenzothiazole (MBT)<\/figcaption><\/figure>\n<h3>Sp\u00e9cification:<\/h3>\n<div id=\"footable_parent_1164\"\n         class=\"footable_parent ninja_table_wrapper loading_ninja_table wp_table_data_press_parent semantic_ui\">\n                <table data-ninja_table_instance=\"ninja_table_instance_0\" data-footable_id=\"1164\" data-filter-delay=\"1000\" aria-label=\"(MBT).csv\"            id=\"footable_1164\"\n           data-unique_identifier=\"ninja_table_unique_id_1328379391_1164\"\n           class=\"foo-table ninja_footable foo_table_1164 ninja_table_unique_id_1328379391_1164 ui table  nt_type_legacy_table selectable striped vertical_centered  footable-paging-right ninja_table_pro\">\n                <colgroup>\n                            <col class=\"ninja_column_0\">\n                            <col class=\"ninja_column_1\">\n                    <\/colgroup>\n        <thead>\n<tr class=\"footable-header\">\n                                        <th scope=\"col\"  class=\"ninja_column_0 ninja_clmn_nm_items\">Articles<\/th><th scope=\"col\"  class=\"ninja_column_1 ninja_clmn_nm_index\">Indice<\/th><\/tr>\n<\/thead>\n<tbody>\n\n        <tr data-row_id=\"252\" class=\"ninja_table_row_0 nt_row_id_252\">\n            <td>Apparence<\/td><td>Poudre blanc gris\u00e2tre \u00e0 jaune<\/td>        <\/tr>\n            <tr data-row_id=\"253\" class=\"ninja_table_row_1 nt_row_id_253\">\n            <td>Contenu %<\/td><td>97,0 minutes<\/td>        <\/tr>\n            <tr data-row_id=\"254\" class=\"ninja_table_row_2 nt_row_id_254\">\n            <td>Point de fusion initial, \u2103<\/td><td>170,0 minutes<\/td>        <\/tr>\n            <tr data-row_id=\"255\" class=\"ninja_table_row_3 nt_row_id_255\">\n            <td>Perte de chauffage, %<\/td><td>0,40 maximum<\/td>        <\/tr>\n            <tr data-row_id=\"256\" class=\"ninja_table_row_4 nt_row_id_256\">\n            <td>Teneur en cendres, %<\/td><td>0,30 maximum<\/td>        <\/tr>\n    <\/tbody><!--ninja_tobody_rendering_done-->\n    <\/table>\n    \n    \n    \n<\/div>\n\n<h3>Propri\u00e9t\u00e9s et utilisation\u00a0:<\/h3>\n<p><strong>2-Mercaptobenzothiazole (MBT)<\/strong> a une odeur l\u00e9g\u00e8rement naus\u00e9abonde et un go\u00fbt amer mais n&#039;est pas toxique. Il est facilement soluble dans l&#039;\u00e9thylac\u00e9tone, l&#039;ac\u00e9tone, une solution dilu\u00e9e d&#039;hydroxyde de sodium et de carbonate de sodium, et \u00e9galement soluble dans l&#039;alcool \u00e9thylique. Le MBT n&#039;est pas facilement soluble dans le benz\u00e8ne et est insoluble dans l&#039;eau et l&#039;essence. Cet acc\u00e9l\u00e9rateur semi-ultra est largement utilis\u00e9 pour la vulcanisation des caoutchoucs naturels et synth\u00e9tiques. Ses principales applications sont la production de pneus en caoutchouc, de ceintures, de chaussures et d&#039;autres produits techniques en caoutchouc.<\/p>\n<h3>Emballage et stockage\u00a0:<\/h3>\n<p><strong>2-Mercaptobenzothiazole (MBT)<\/strong> doivent \u00eatre emball\u00e9s dans des sacs ou des conteneurs herm\u00e9tiquement ferm\u00e9s. Le produit doit \u00eatre conserv\u00e9 dans des endroits secs et frais, \u00e0 l&#039;abri de la lumi\u00e8re directe du soleil et des sources de chaleur. La temp\u00e9rature ambiante ne doit pas d\u00e9passer 40\u00b0C (104\u00b0F). La dur\u00e9e de stockage doit \u00eatre limit\u00e9e \u00e0 deux ans, car le produit peut se d\u00e9grader avec le temps. Dans un sac en plastique ou un sac en papier kraft, 25 kg\/sac ou l&#039;exigence des clients. Il est \u00e9galement recommand\u00e9 d&#039;utiliser l&#039;int\u00e9gralit\u00e9 de l&#039;emballage une fois ouvert, car un stockage prolong\u00e9 peut r\u00e9duire son efficacit\u00e9.<\/p>\n<h3>Synonymes\u00a0:<\/h3>\n<p>MBT;2-MBT;2-mercaptobenzothiazole;2-benzothiazolethione<\/p>\n<h3>FAQ sur le 2-mercaptobenzothiazole (MBT)\u00a0:<\/h3>\n<p><strong>Q1\u00a0: Qu&#039;est-ce que le 2-mercaptobenzothiazole\u00a0?<\/strong><br \/>\nLe 2-mercaptobenzothiazole (MBT) est un compos\u00e9 chimique utilis\u00e9 comme acc\u00e9l\u00e9rateur de caoutchouc et agent de vulcanisation. Il est \u00e9galement utilis\u00e9 comme antioxydant et antiozonant dans les produits en caoutchouc synth\u00e9tique. Le MBT est une poudre blanche \u00e0 jaune clair avec une l\u00e9g\u00e8re odeur et est insoluble dans l&#039;eau.<\/p>\n<p><strong>Q2\u00a0:Quels sont les effets sur la sant\u00e9 du 2-mercaptobenzothiazole\u00a0?<\/strong><br \/>\nL&#039;exposition au MBT peut irriter les yeux, la peau et le syst\u00e8me respiratoire. L&#039;inhalation de niveaux \u00e9lev\u00e9s de MBT peut provoquer des maux de t\u00eate, des \u00e9tourdissements, des naus\u00e9es et des vomissements. Il a \u00e9galement \u00e9t\u00e9 d\u00e9montr\u00e9 que le MBT provoque le cancer chez les animaux.<\/p>\n<p><strong>Q3\u00a0:Comment puis-je \u00e9viter l&#039;exposition au 2-mercaptobenzothiazole\u00a0?<\/strong><br \/>\nSi vous travaillez ou entrez en contact avec du MBT, il est essentiel de porter des v\u00eatements de protection, tels que des gants, des lunettes et un respirateur. Il est \u00e9galement important d&#039;\u00e9viter tout contact cutan\u00e9 avec le produit chimique et de ventiler les zones o\u00f9 le MBT est utilis\u00e9.<\/p>\n<p><strong>Q4\u00a0:Que dois-je faire si je suis expos\u00e9 au 2-mercaptobenzothiazole\u00a0?<\/strong><br \/>\nSi vous entrez en contact avec du MBT, il est important de laver imm\u00e9diatement la zone affect\u00e9e avec de l&#039;eau et du savon pendant au moins 15 minutes. Si vous avez \u00e9t\u00e9 expos\u00e9 \u00e0 des niveaux \u00e9lev\u00e9s de MBT, il est essentiel de consulter imm\u00e9diatement un m\u00e9decin.<\/p>\n<p><a href=\"https:\/\/vcycletech.com\/fr\/un-inhibiteur-de-corrosion\/\"><strong>Obtenez la solution compl\u00e8te d&#039;inhibiteurs de corrosion.<\/strong><\/a><\/p>","protected":false},"excerpt":{"rendered":"<p><strong>2-Mercaptobenzothiazole (MBT)<\/strong> est un compos\u00e9 organique de formule C6H5NS. C&#039;est un d\u00e9riv\u00e9 thio\u00e9ther du benzothiazole. Il se pr\u00e9sente sous la forme d&#039;une poudre cristalline blanche soluble dans l&#039;eau, l&#039;\u00e9thanol et l&#039;\u00e9ther. <strong>2-Mercaptobenzothiazole (MBT)<\/strong> est utilis\u00e9 comme inhibiteur de corrosion, antioxydant et additif pour caoutchouc. Il trouve une application dans la production d&#039;huiles lubrifiantes, de graisses, de carburants, de polym\u00e8res et d&#039;\u00e9lastom\u00e8res. Contactez-nous d\u00e8s aujourd&#039;hui pour en savoir plus sur nos produits ou pour passer une commande. Vous ne serez pas d\u00e9\u00e7u !<\/p>","protected":false},"featured_media":1165,"template":"","meta":{"site-sidebar-layout":"default","site-content-layout":"default","ast-site-content-layout":"default","site-content-style":"default","site-sidebar-style":"default","ast-global-header-display":"","ast-banner-title-visibility":"","ast-main-header-display":"","ast-hfb-above-header-display":"","ast-hfb-below-header-display":"","ast-hfb-mobile-header-display":"","site-post-title":"","ast-breadcrumbs-content":"","ast-featured-img":"","footer-sml-layout":"","ast-disable-related-posts":"","theme-transparent-header-meta":"default","adv-header-id-meta":"","stick-header-meta":"default","header-above-stick-meta":"","header-main-stick-meta":"","header-below-stick-meta":"","astra-migrate-meta-layouts":"default","ast-page-background-enabled":"default","ast-page-background-meta":{"desktop":{"background-color":"","background-image":"","background-repeat":"repeat","background-position":"center center","background-size":"auto","background-attachment":"scroll","background-type":"","background-media":"","overlay-type":"","overlay-color":"","overlay-opacity":"","overlay-gradient":""},"tablet":{"background-color":"","background-image":"","background-repeat":"repeat","background-position":"center center","background-size":"auto","background-attachment":"scroll","background-type":"","background-media":"","overlay-type":"","overlay-color":"","overlay-opacity":"","overlay-gradient":""},"mobile":{"background-color":"","background-image":"","background-repeat":"repeat","background-position":"center center","background-size":"auto","background-attachment":"scroll","background-type":"","background-media":"","overlay-type":"","overlay-color":"","overlay-opacity":"","overlay-gradient":""}},"ast-content-background-meta":{"desktop":{"background-color":"var(--ast-global-color-5)","background-image":"","background-repeat":"repeat","background-position":"center center","background-size":"auto","background-attachment":"scroll","background-type":"","background-media":"","overlay-type":"","overlay-color":"","overlay-opacity":"","overlay-gradient":""},"tablet":{"background-color":"var(--ast-global-color-5)","background-image":"","background-repeat":"repeat","background-position":"center center","background-size":"auto","background-attachment":"scroll","background-type":"","background-media":"","overlay-type":"","overlay-color":"","overlay-opacity":"","overlay-gradient":""},"mobile":{"background-color":"var(--ast-global-color-5)","background-image":"","background-repeat":"repeat","background-position":"center center","background-size":"auto","background-attachment":"scroll","background-type":"","background-media":"","overlay-type":"","overlay-color":"","overlay-opacity":"","overlay-gradient":""}}},"product_brand":[],"product_cat":[30],"product_tag":[],"class_list":{"0":"post-1150","1":"product","2":"type-product","3":"status-publish","4":"has-post-thumbnail","6":"product_cat-corrosion-inhibitors","7":"desktop-align-left","8":"tablet-align-left","9":"mobile-align-left","10":"ast-product-gallery-layout-horizontal-slider","11":"ast-product-tabs-layout-horizontal","13":"first","14":"instock","15":"shipping-taxable","16":"product-type-simple"},"yoast_head":"<!-- This site is optimized with the Yoast SEO Premium plugin v26.3 (Yoast SEO v27.3) - https:\/\/yoast.com\/product\/yoast-seo-premium-wordpress\/ -->\n<title>2-Mercaptobenzothiazole (MBT) - vcycletech<\/title>\n<meta name=\"description\" content=\"2-Mercaptobenzothiazole (MBT) is an organosulfur compound used in a variety of industrial applications. It is a white to light yellow crystalline powder that has an odor similar to garlic. MBT can be utilized as an accelerator in the manufacture of rubber compounds, as well as corrosion inhibition and antiwear agents. Additionally, it functions as a high-temperature plasticizer for polyvinyl chloride, phenol-formaldehyde resins, and rubber processing aids.\" \/>\n<meta name=\"robots\" content=\"index, follow, max-snippet:-1, max-image-preview:large, max-video-preview:-1\" \/>\n<link rel=\"canonical\" href=\"https:\/\/vcycletech.com\/fr\/produit\/2-mercaptobenzothiazole-mbt\/\" \/>\n<meta property=\"og:locale\" content=\"fr_FR\" \/>\n<meta property=\"og:type\" content=\"article\" \/>\n<meta property=\"og:title\" content=\"2-Mercaptobenzothiazole (MBT)\" \/>\n<meta property=\"og:description\" content=\"2-Mercaptobenzothiazole (MBT) is an organosulfur compound used in a variety of industrial applications. It is a white to light yellow crystalline powder that has an odor similar to garlic. MBT can be utilized as an accelerator in the manufacture of rubber compounds, as well as corrosion inhibition and antiwear agents. Additionally, it functions as a high-temperature plasticizer for polyvinyl chloride, phenol-formaldehyde resins, and rubber processing aids.\" \/>\n<meta property=\"og:url\" content=\"https:\/\/vcycletech.com\/fr\/produit\/2-mercaptobenzothiazole-mbt\/\" \/>\n<meta property=\"og:site_name\" content=\"vcycletech\" \/>\n<meta property=\"article:modified_time\" content=\"2023-03-27T06:14:36+00:00\" \/>\n<meta property=\"og:image\" content=\"https:\/\/vcycletech.com\/wp-content\/uploads\/2023\/03\/1-36.png\" \/>\n\t<meta property=\"og:image:width\" content=\"600\" \/>\n\t<meta property=\"og:image:height\" content=\"600\" \/>\n\t<meta property=\"og:image:type\" content=\"image\/png\" \/>\n<meta name=\"twitter:card\" content=\"summary_large_image\" \/>\n<meta name=\"twitter:label1\" content=\"Dur\u00e9e de lecture estim\u00e9e\" \/>\n\t<meta name=\"twitter:data1\" content=\"2 minutes\" \/>\n<script type=\"application\/ld+json\" class=\"yoast-schema-graph\">{\"@context\":\"https:\\\/\\\/schema.org\",\"@graph\":[{\"@type\":\"WebPage\",\"@id\":\"https:\\\/\\\/vcycletech.com\\\/product\\\/2-mercaptobenzothiazole-mbt\\\/\",\"url\":\"https:\\\/\\\/vcycletech.com\\\/product\\\/2-mercaptobenzothiazole-mbt\\\/\",\"name\":\"2-Mercaptobenzothiazole (MBT) - vcycletech\",\"isPartOf\":{\"@id\":\"https:\\\/\\\/vcycletech.com\\\/#website\"},\"primaryImageOfPage\":{\"@id\":\"https:\\\/\\\/vcycletech.com\\\/product\\\/2-mercaptobenzothiazole-mbt\\\/#primaryimage\"},\"image\":{\"@id\":\"https:\\\/\\\/vcycletech.com\\\/product\\\/2-mercaptobenzothiazole-mbt\\\/#primaryimage\"},\"thumbnailUrl\":\"https:\\\/\\\/vcycletech.com\\\/wp-content\\\/uploads\\\/2023\\\/03\\\/1-36.png\",\"datePublished\":\"2023-03-21T08:32:48+00:00\",\"dateModified\":\"2023-03-27T06:14:36+00:00\",\"description\":\"2-Mercaptobenzothiazole (MBT) is an organosulfur compound used in a variety of industrial applications. It is a white to light yellow crystalline powder that has an odor similar to garlic. MBT can be utilized as an accelerator in the manufacture of rubber compounds, as well as corrosion inhibition and antiwear agents. Additionally, it functions as a high-temperature plasticizer for polyvinyl chloride, phenol-formaldehyde resins, and rubber processing aids.\",\"breadcrumb\":{\"@id\":\"https:\\\/\\\/vcycletech.com\\\/product\\\/2-mercaptobenzothiazole-mbt\\\/#breadcrumb\"},\"inLanguage\":\"fr-FR\",\"potentialAction\":[{\"@type\":\"ReadAction\",\"target\":[\"https:\\\/\\\/vcycletech.com\\\/product\\\/2-mercaptobenzothiazole-mbt\\\/\"]}]},{\"@type\":\"ImageObject\",\"inLanguage\":\"fr-FR\",\"@id\":\"https:\\\/\\\/vcycletech.com\\\/product\\\/2-mercaptobenzothiazole-mbt\\\/#primaryimage\",\"url\":\"https:\\\/\\\/vcycletech.com\\\/wp-content\\\/uploads\\\/2023\\\/03\\\/1-36.png\",\"contentUrl\":\"https:\\\/\\\/vcycletech.com\\\/wp-content\\\/uploads\\\/2023\\\/03\\\/1-36.png\",\"width\":600,\"height\":600,\"caption\":\"2-Mercaptobenzothiazole (MBT)\"},{\"@type\":\"BreadcrumbList\",\"@id\":\"https:\\\/\\\/vcycletech.com\\\/product\\\/2-mercaptobenzothiazole-mbt\\\/#breadcrumb\",\"itemListElement\":[{\"@type\":\"ListItem\",\"position\":1,\"name\":\"Home\",\"item\":\"https:\\\/\\\/vcycletech.com\\\/\"},{\"@type\":\"ListItem\",\"position\":2,\"name\":\"Water Treatment Chemicals Manufacturer\",\"item\":\"https:\\\/\\\/vcycletech.com\\\/water-treatment-chemicals-manufacturer\\\/\"},{\"@type\":\"ListItem\",\"position\":3,\"name\":\"2-Mercaptobenzothiazole (MBT)\"}]},{\"@type\":\"WebSite\",\"@id\":\"https:\\\/\\\/vcycletech.com\\\/#website\",\"url\":\"https:\\\/\\\/vcycletech.com\\\/\",\"name\":\"vcycletech\",\"description\":\"China&#039;s top water treatment chemicals supplier\",\"publisher\":{\"@id\":\"https:\\\/\\\/vcycletech.com\\\/#organization\"},\"potentialAction\":[{\"@type\":\"SearchAction\",\"target\":{\"@type\":\"EntryPoint\",\"urlTemplate\":\"https:\\\/\\\/vcycletech.com\\\/?s={search_term_string}\"},\"query-input\":{\"@type\":\"PropertyValueSpecification\",\"valueRequired\":true,\"valueName\":\"search_term_string\"}}],\"inLanguage\":\"fr-FR\"},{\"@type\":\"Organization\",\"@id\":\"https:\\\/\\\/vcycletech.com\\\/#organization\",\"name\":\"vcycletech\",\"url\":\"https:\\\/\\\/vcycletech.com\\\/\",\"logo\":{\"@type\":\"ImageObject\",\"inLanguage\":\"fr-FR\",\"@id\":\"https:\\\/\\\/vcycletech.com\\\/#\\\/schema\\\/logo\\\/image\\\/\",\"url\":\"https:\\\/\\\/vcycletech.com\\\/wp-content\\\/uploads\\\/2023\\\/03\\\/logo-vcycletech-1.png\",\"contentUrl\":\"https:\\\/\\\/vcycletech.com\\\/wp-content\\\/uploads\\\/2023\\\/03\\\/logo-vcycletech-1.png\",\"width\":600,\"height\":400,\"caption\":\"vcycletech\"},\"image\":{\"@id\":\"https:\\\/\\\/vcycletech.com\\\/#\\\/schema\\\/logo\\\/image\\\/\"}}]}<\/script>\n<!-- \/ Yoast SEO Premium plugin. -->","yoast_head_json":{"title":"2-Mercaptobenzothiazole (MBT) - vcycletech","description":"Le 2-mercaptobenzothiazole (MBT) est un compos\u00e9 organosoufr\u00e9 utilis\u00e9 dans diverses applications industrielles. C&#039;est une poudre cristalline blanche \u00e0 jaune p\u00e2le qui a une odeur semblable \u00e0 celle de l&#039;ail. Le MBT peut \u00eatre utilis\u00e9 comme acc\u00e9l\u00e9rateur dans la fabrication de compos\u00e9s de caoutchouc, ainsi que d&#039;inhibiteurs de corrosion et d&#039;agents anti-usure. De plus, il fonctionne comme un plastifiant \u00e0 haute temp\u00e9rature pour le chlorure de polyvinyle, les r\u00e9sines ph\u00e9nol-formald\u00e9hyde et les auxiliaires de traitement du caoutchouc.","robots":{"index":"index","follow":"follow","max-snippet":"max-snippet:-1","max-image-preview":"max-image-preview:large","max-video-preview":"max-video-preview:-1"},"canonical":"https:\/\/vcycletech.com\/fr\/produit\/2-mercaptobenzothiazole-mbt\/","og_locale":"fr_FR","og_type":"article","og_title":"2-Mercaptobenzothiazole (MBT)","og_description":"2-Mercaptobenzothiazole (MBT) is an organosulfur compound used in a variety of industrial applications. It is a white to light yellow crystalline powder that has an odor similar to garlic. MBT can be utilized as an accelerator in the manufacture of rubber compounds, as well as corrosion inhibition and antiwear agents. Additionally, it functions as a high-temperature plasticizer for polyvinyl chloride, phenol-formaldehyde resins, and rubber processing aids.","og_url":"https:\/\/vcycletech.com\/fr\/produit\/2-mercaptobenzothiazole-mbt\/","og_site_name":"vcycletech","article_modified_time":"2023-03-27T06:14:36+00:00","og_image":[{"width":600,"height":600,"url":"https:\/\/vcycletech.com\/wp-content\/uploads\/2023\/03\/1-36.png","type":"image\/png"}],"twitter_card":"summary_large_image","twitter_misc":{"Dur\u00e9e de lecture estim\u00e9e":"2 minutes"},"schema":{"@context":"https:\/\/schema.org","@graph":[{"@type":"WebPage","@id":"https:\/\/vcycletech.com\/product\/2-mercaptobenzothiazole-mbt\/","url":"https:\/\/vcycletech.com\/product\/2-mercaptobenzothiazole-mbt\/","name":"2-Mercaptobenzothiazole (MBT) - vcycletech","isPartOf":{"@id":"https:\/\/vcycletech.com\/#website"},"primaryImageOfPage":{"@id":"https:\/\/vcycletech.com\/product\/2-mercaptobenzothiazole-mbt\/#primaryimage"},"image":{"@id":"https:\/\/vcycletech.com\/product\/2-mercaptobenzothiazole-mbt\/#primaryimage"},"thumbnailUrl":"https:\/\/vcycletech.com\/wp-content\/uploads\/2023\/03\/1-36.png","datePublished":"2023-03-21T08:32:48+00:00","dateModified":"2023-03-27T06:14:36+00:00","description":"Le 2-mercaptobenzothiazole (MBT) est un compos\u00e9 organosoufr\u00e9 utilis\u00e9 dans diverses applications industrielles. C&#039;est une poudre cristalline blanche \u00e0 jaune p\u00e2le qui a une odeur semblable \u00e0 celle de l&#039;ail. Le MBT peut \u00eatre utilis\u00e9 comme acc\u00e9l\u00e9rateur dans la fabrication de compos\u00e9s de caoutchouc, ainsi que d&#039;inhibiteurs de corrosion et d&#039;agents anti-usure. De plus, il fonctionne comme un plastifiant \u00e0 haute temp\u00e9rature pour le chlorure de polyvinyle, les r\u00e9sines ph\u00e9nol-formald\u00e9hyde et les auxiliaires de traitement du caoutchouc.","breadcrumb":{"@id":"https:\/\/vcycletech.com\/product\/2-mercaptobenzothiazole-mbt\/#breadcrumb"},"inLanguage":"fr-FR","potentialAction":[{"@type":"ReadAction","target":["https:\/\/vcycletech.com\/product\/2-mercaptobenzothiazole-mbt\/"]}]},{"@type":"ImageObject","inLanguage":"fr-FR","@id":"https:\/\/vcycletech.com\/product\/2-mercaptobenzothiazole-mbt\/#primaryimage","url":"https:\/\/vcycletech.com\/wp-content\/uploads\/2023\/03\/1-36.png","contentUrl":"https:\/\/vcycletech.com\/wp-content\/uploads\/2023\/03\/1-36.png","width":600,"height":600,"caption":"2-Mercaptobenzothiazole (MBT)"},{"@type":"BreadcrumbList","@id":"https:\/\/vcycletech.com\/product\/2-mercaptobenzothiazole-mbt\/#breadcrumb","itemListElement":[{"@type":"ListItem","position":1,"name":"Home","item":"https:\/\/vcycletech.com\/"},{"@type":"ListItem","position":2,"name":"Water Treatment Chemicals Manufacturer","item":"https:\/\/vcycletech.com\/water-treatment-chemicals-manufacturer\/"},{"@type":"ListItem","position":3,"name":"2-Mercaptobenzothiazole (MBT)"}]},{"@type":"WebSite","@id":"https:\/\/vcycletech.com\/#website","url":"https:\/\/vcycletech.com\/","name":"vcycletech","description":"Meilleur fournisseur de produits chimiques pour le traitement de l&#039;eau en Chine","publisher":{"@id":"https:\/\/vcycletech.com\/#organization"},"potentialAction":[{"@type":"SearchAction","target":{"@type":"EntryPoint","urlTemplate":"https:\/\/vcycletech.com\/?s={search_term_string}"},"query-input":{"@type":"PropertyValueSpecification","valueRequired":true,"valueName":"search_term_string"}}],"inLanguage":"fr-FR"},{"@type":"Organization","@id":"https:\/\/vcycletech.com\/#organization","name":"vcycletech","url":"https:\/\/vcycletech.com\/","logo":{"@type":"ImageObject","inLanguage":"fr-FR","@id":"https:\/\/vcycletech.com\/#\/schema\/logo\/image\/","url":"https:\/\/vcycletech.com\/wp-content\/uploads\/2023\/03\/logo-vcycletech-1.png","contentUrl":"https:\/\/vcycletech.com\/wp-content\/uploads\/2023\/03\/logo-vcycletech-1.png","width":600,"height":400,"caption":"vcycletech"},"image":{"@id":"https:\/\/vcycletech.com\/#\/schema\/logo\/image\/"}}]}},"_links":{"self":[{"href":"https:\/\/vcycletech.com\/fr\/wp-json\/wp\/v2\/product\/1150","targetHints":{"allow":["GET"]}}],"collection":[{"href":"https:\/\/vcycletech.com\/fr\/wp-json\/wp\/v2\/product"}],"about":[{"href":"https:\/\/vcycletech.com\/fr\/wp-json\/wp\/v2\/types\/product"}],"wp:featuredmedia":[{"embeddable":true,"href":"https:\/\/vcycletech.com\/fr\/wp-json\/wp\/v2\/media\/1165"}],"wp:attachment":[{"href":"https:\/\/vcycletech.com\/fr\/wp-json\/wp\/v2\/media?parent=1150"}],"wp:term":[{"taxonomy":"product_brand","embeddable":true,"href":"https:\/\/vcycletech.com\/fr\/wp-json\/wp\/v2\/product_brand?post=1150"},{"taxonomy":"product_cat","embeddable":true,"href":"https:\/\/vcycletech.com\/fr\/wp-json\/wp\/v2\/product_cat?post=1150"},{"taxonomy":"product_tag","embeddable":true,"href":"https:\/\/vcycletech.com\/fr\/wp-json\/wp\/v2\/product_tag?post=1150"}],"curies":[{"name":"wp","href":"https:\/\/api.w.org\/{rel}","templated":true}]}}