{"id":1133,"date":"2023-03-21T08:03:22","date_gmt":"2023-03-21T08:03:22","guid":{"rendered":"https:\/\/vcycletech.com\/?post_type=product&#038;p=1133"},"modified":"2023-03-21T08:03:23","modified_gmt":"2023-03-21T08:03:23","slug":"acide-acrylique-2-hydroxypropyl-acrylate-copolymer-t-225","status":"publish","type":"product","link":"https:\/\/vcycletech.com\/fr\/produit\/acide-acrylique-2-hydroxypropyl-acrylate-copolymer-t-225\/","title":{"rendered":"Copolym\u00e8re d&#039;acide acrylique-2-hydroxypropyl acrylate (T-225)"},"content":{"rendered":"<h3>N\u00b0 CAS 55719-33-0<\/h3>\n<h3>Formule structurelle:<\/h3>\n<p><img fetchpriority=\"high\" decoding=\"async\" class=\"alignnone size-full wp-image-1138\" src=\"https:\/\/vcycletech.com\/wp-content\/uploads\/2023\/03\/Structural-Formula-8.png\" alt=\"Formule structurelle du copolym\u00e8re d&#039;acide acrylique et d&#039;acrylate de 2-hydroxypropyle (T-225)\" width=\"1400\" height=\"450\" srcset=\"https:\/\/vcycletech.com\/wp-content\/uploads\/2023\/03\/Structural-Formula-8.png 1400w, https:\/\/vcycletech.com\/wp-content\/uploads\/2023\/03\/Structural-Formula-8-600x193.png 600w, https:\/\/vcycletech.com\/wp-content\/uploads\/2023\/03\/Structural-Formula-8-300x96.png 300w, https:\/\/vcycletech.com\/wp-content\/uploads\/2023\/03\/Structural-Formula-8-1024x329.png 1024w, https:\/\/vcycletech.com\/wp-content\/uploads\/2023\/03\/Structural-Formula-8-768x247.png 768w\" sizes=\"(max-width: 1400px) 100vw, 1400px\" \/><\/p>\n<h3>Propri\u00e9t\u00e9s:<\/h3>\n<p>Le T-225 est un copolym\u00e8re avanc\u00e9 d&#039;acide polyacrylique et d&#039;acrylate d&#039;hydroxypropyle. Il offre des propri\u00e9t\u00e9s exceptionnelles d&#039;inhibition et de dispersion du tartre contre les principaux antagonistes tels que le phosphate de calcium, le carbonate de calcium, les boues d&#039;oxyde ferrique, l&#039;argile et la graisse. Ce produit peut \u00eatre utilis\u00e9 dans des situations de pH \u00e9lev\u00e9 avec une excellente compatibilit\u00e9 avec d&#039;autres organophosphines et BTA. De plus, le T-225 fournit des r\u00e9sultats optimaux gr\u00e2ce \u00e0 sa capacit\u00e9 \u00e0 retenir efficacement les s\u00e9diments de sel de zinc et de phosphate de calcium. Ses performances restent m\u00eame \u00e0 des temp\u00e9ratures \u00e9lev\u00e9es et dans des conditions alcalines pour des r\u00e9sultats exceptionnels.<\/p>\n<h3>Sp\u00e9cification:<\/h3>\n<div id=\"footable_parent_1140\"\n         class=\"footable_parent ninja_table_wrapper loading_ninja_table wp_table_data_press_parent semantic_ui\">\n                <table data-ninja_table_instance=\"ninja_table_instance_0\" data-footable_id=\"1140\" data-filter-delay=\"1000\" aria-label=\"Acide Acrylique-2-Hydroxypropyl Acrylate Copolymer-333.csv\"            id=\"footable_1140\"\n           data-unique_identifier=\"ninja_table_unique_id_3527723069_1140\"\n           class=\"foo-table ninja_footable foo_table_1140 ninja_table_unique_id_3527723069_1140 ui table  nt_type_legacy_table selectable striped vertical_centered  footable-paging-right ninja_table_pro\">\n                <colgroup>\n                            <col class=\"ninja_column_0\">\n                            <col class=\"ninja_column_1\">\n                            <col class=\"ninja_column_2\">\n                    <\/colgroup>\n        <thead>\n<tr class=\"footable-header\">\n                                                        <th scope=\"col\"  class=\"ninja_column_0 ninja_clmn_nm_items\">Articles<\/th><th scope=\"col\"  class=\"ninja_column_1 ninja_clmn_nm_index\">Indice<\/th><th scope=\"col\"  class=\"ninja_column_2 ninja_clmn_nm_ninja_column_3\"><\/th><\/tr>\n<\/thead>\n<tbody>\n\n        <tr data-row_id=\"241\" class=\"ninja_table_row_0 nt_row_id_241\">\n            <td><\/td><td>Neutre<\/td><td>Acide<\/td>        <\/tr>\n            <tr data-row_id=\"242\" class=\"ninja_table_row_1 nt_row_id_242\">\n            <td>Apparence<\/td><td>Liquide transparent incolore \u00e0 jaune p\u00e2le<\/td><td><\/td>        <\/tr>\n            <tr data-row_id=\"243\" class=\"ninja_table_row_2 nt_row_id_243\">\n            <td>Contenu solide, %<\/td><td>30,0 minutes<\/td><td>30,0 minutes<\/td>        <\/tr>\n            <tr data-row_id=\"244\" class=\"ninja_table_row_3 nt_row_id_244\">\n            <td>Monom\u00e8re libre (comme AA ), %<\/td><td>0,5 maximum<\/td><td>0,5 maximum<\/td>        <\/tr>\n            <tr data-row_id=\"245\" class=\"ninja_table_row_4 nt_row_id_245\">\n            <td>pH (solution aqueuse 1%)<\/td><td>7.5\u00b11.0<\/td><td>2,5\u00b10,5<\/td>        <\/tr>\n            <tr data-row_id=\"246\" class=\"ninja_table_row_5 nt_row_id_246\">\n            <td>Densit\u00e9 (20\u2103), g\/cm3<\/td><td>1.10 mn<\/td><td><\/td>        <\/tr>\n    <\/tbody><!--ninja_tobody_rendering_done-->\n    <\/table>\n    \n    \n    \n<\/div>\n\n<h3>Usage:<\/h3>\n<p>Le T-225 peut \u00eatre utilis\u00e9 dans les syst\u00e8mes de circulation d&#039;eau froide avec des niveaux \u00e9lev\u00e9s d&#039;alcalinit\u00e9 et de phosphate. C&#039;est un inhibiteur de tartre et un dispersant efficace pour les appareils de chauffage, les \u00e9vaporateurs sans colonne, les chaudi\u00e8res, l&#039;eau froide en circulation et les champs p\u00e9trolif\u00e8res sales contenant du calcium. La posologie doit \u00eatre comprise entre 10 et 30 mg\/L pour des r\u00e9sultats optimaux. Le T-225 peut \u00e9galement \u00eatre combin\u00e9 avec des organophosphines pour former une formule alcaline organique compl\u00e8te.<\/p>\n<h3>Instructions d&#039;emballage et de stockage pour le T-225<\/h3>\n<p>Selon les exigences du client, inclure des f\u00fbts en plastique de 200L ou des conteneurs IBC (1000L). Le produit doit \u00eatre stock\u00e9 dans un endroit sec et ombrag\u00e9 jusqu&#039;\u00e0 un an pour maintenir son efficacit\u00e9.<\/p>\n<h3>Questions fr\u00e9quemment pos\u00e9es<\/h3>\n<p><img decoding=\"async\" class=\"alignnone size-full wp-image-1142\" src=\"https:\/\/vcycletech.com\/wp-content\/uploads\/2023\/03\/Acrylic-Acid-2-Hydroxypropyl-Acrylate-Copolymer-T-225-1.png\" alt=\"Copolym\u00e8re d&#039;acide acrylique-2-hydroxypropyl acrylate (T-225)\" width=\"600\" height=\"400\" srcset=\"https:\/\/vcycletech.com\/wp-content\/uploads\/2023\/03\/Acrylic-Acid-2-Hydroxypropyl-Acrylate-Copolymer-T-225-1.png 600w, https:\/\/vcycletech.com\/wp-content\/uploads\/2023\/03\/Acrylic-Acid-2-Hydroxypropyl-Acrylate-Copolymer-T-225-1-300x200.png 300w\" sizes=\"(max-width: 600px) 100vw, 600px\" \/><\/p>\n<h4>Qu&#039;est-ce que le T-225 ?<\/h4>\n<p>Le T-225 est un polym\u00e8re synth\u00e9tique utilis\u00e9 dans une vari\u00e9t\u00e9 d&#039;applications industrielles et commerciales. C&#039;est un copolym\u00e8re d&#039;acide acrylique et d&#039;acrylate de 2-hydroxypropyle.<\/p>\n<h4>Quelles sont les propri\u00e9t\u00e9s du T-225 ?<\/h4>\n<p>Le T-225 poss\u00e8de plusieurs propri\u00e9t\u00e9s uniques qui le rendent utile pour diverses applications. C&#039;est un solide pulv\u00e9rulent blanc insoluble dans l&#039;eau. Il est \u00e9galement non toxique et a un point de fusion bas.<\/p>\n<h4>Quelles sont les utilisations du T-225 ?<\/h4>\n<p>Le T-225 peut \u00eatre utilis\u00e9 dans une vari\u00e9t\u00e9 d&#039;industries et d&#039;applications. Il est couramment utilis\u00e9 comme additif dans les adh\u00e9sifs, les rev\u00eatements et les mastics. Il est \u00e9galement utilis\u00e9 pour produire des plastiques, des caoutchoucs et des textiles.<\/p>\n<h4>Comment fonctionne le T-225 ?<\/h4>\n<p>T-225 fonctionne en offrant un certain nombre d&#039;avantages aux produits dans lesquels il est utilis\u00e9. Par exemple, il peut am\u00e9liorer l&#039;adh\u00e9rence, la coh\u00e9sion et la flexibilit\u00e9 de l&#039;adh\u00e9sif. Il peut \u00e9galement am\u00e9liorer la durabilit\u00e9 et la r\u00e9sistance \u00e0 l&#039;abrasion des rev\u00eatements et des mastics.<\/p>\n<h4>Quels sont les avantages du T-225 ?<\/h4>\n<p>Les avantages du T-225 d\u00e9pendent de l&#039;application sp\u00e9cifique dans laquelle il est utilis\u00e9. Cependant, certains avantages g\u00e9n\u00e9raux incluent des performances am\u00e9lior\u00e9es du produit, une efficacit\u00e9 accrue et des co\u00fbts r\u00e9duits.<\/p>\n<h4>Y a-t-il des risques associ\u00e9s au T-225\u00a0?<\/h4>\n<p>Il n&#039;y a aucun risque connu associ\u00e9 au T-225. Cependant, comme pour tout polym\u00e8re synth\u00e9tique, des risques inconnus peuvent toujours appara\u00eetre avec le temps.<\/p>\n<h4>Quelles pr\u00e9cautions faut-il prendre lors de l&#039;utilisation du T-225 ?<\/h4>\n<p>Comme pour tout polym\u00e8re synth\u00e9tique, des pr\u00e9cautions doivent \u00eatre prises pour \u00e9viter l&#039;inhalation ou le contact avec la peau ou les yeux. En cas de contact, rincer la zone affect\u00e9e avec de l&#039;eau pendant 15 minutes et consulter un m\u00e9decin si l&#039;irritation persiste. En cas d&#039;inhalation, d\u00e9placer \u00e0 l&#039;air frais et consulter un m\u00e9decin si n\u00e9cessaire.<\/p>\n<h4>Comment le T-225 doit-il \u00eatre stock\u00e9\u00a0?<\/h4>\n<p>Le T-225 doit \u00eatre stock\u00e9 dans un endroit frais et sec, \u00e0 l&#039;abri de la lumi\u00e8re directe du soleil<\/p>","protected":false},"excerpt":{"rendered":"<p>Le copolym\u00e8re d&#039;acide acrylique et d&#039;acrylate de 2-hydroxypropyle (T-225) est un copolym\u00e8re d&#039;acide polyacrylique et d&#039;acrylate d&#039;hydroxypropyle. Il a de bonnes propri\u00e9t\u00e9s d&#039;inhibition du tartre et de dispersion du phosphate de calcium et du calcium, ce qui le rend appropri\u00e9 pour une utilisation dans la circulation d&#039;eau de refroidissement dans des conditions alcalines et avec la pr\u00e9sence de plus de phosphate. Le T-225 a un num\u00e9ro CAS 55719-33-0, une apparence de liquide visqueux incolore \u00e0 jaune clair et une teneur en solides de 30,01 TP3T min avec un monom\u00e8re libre (comme AA) \u00e0 0,51 TP3T max. Il est \u00e9galement connu sous le nom d&#039;AA\/HPA, polym\u00e8re d&#039;ester 2-hydroxypropylique d&#039;acide 2-prop\u00e9no\u00efque avec acide 2-prop\u00e9no\u00efque, copolym\u00e8re d&#039;acide acrylique-2-hydroxypropyl acrylate (T-225), copolym\u00e8re d&#039;acide acrylique-2-hydroxypropyl acrylate (T-225 ), et T-225.<\/p>","protected":false},"featured_media":1141,"template":"","meta":{"site-sidebar-layout":"default","site-content-layout":"default","ast-site-content-layout":"default","site-content-style":"default","site-sidebar-style":"default","ast-global-header-display":"","ast-banner-title-visibility":"","ast-main-header-display":"","ast-hfb-above-header-display":"","ast-hfb-below-header-display":"","ast-hfb-mobile-header-display":"","site-post-title":"","ast-breadcrumbs-content":"","ast-featured-img":"","footer-sml-layout":"","ast-disable-related-posts":"","theme-transparent-header-meta":"default","adv-header-id-meta":"","stick-header-meta":"default","header-above-stick-meta":"","header-main-stick-meta":"","header-below-stick-meta":"","astra-migrate-meta-layouts":"default","ast-page-background-enabled":"default","ast-page-background-meta":{"desktop":{"background-color":"","background-image":"","background-repeat":"repeat","background-position":"center center","background-size":"auto","background-attachment":"scroll","background-type":"","background-media":"","overlay-type":"","overlay-color":"","overlay-opacity":"","overlay-gradient":""},"tablet":{"background-color":"","background-image":"","background-repeat":"repeat","background-position":"center center","background-size":"auto","background-attachment":"scroll","background-type":"","background-media":"","overlay-type":"","overlay-color":"","overlay-opacity":"","overlay-gradient":""},"mobile":{"background-color":"","background-image":"","background-repeat":"repeat","background-position":"center center","background-size":"auto","background-attachment":"scroll","background-type":"","background-media":"","overlay-type":"","overlay-color":"","overlay-opacity":"","overlay-gradient":""}},"ast-content-background-meta":{"desktop":{"background-color":"var(--ast-global-color-5)","background-image":"","background-repeat":"repeat","background-position":"center center","background-size":"auto","background-attachment":"scroll","background-type":"","background-media":"","overlay-type":"","overlay-color":"","overlay-opacity":"","overlay-gradient":""},"tablet":{"background-color":"var(--ast-global-color-5)","background-image":"","background-repeat":"repeat","background-position":"center center","background-size":"auto","background-attachment":"scroll","background-type":"","background-media":"","overlay-type":"","overlay-color":"","overlay-opacity":"","overlay-gradient":""},"mobile":{"background-color":"var(--ast-global-color-5)","background-image":"","background-repeat":"repeat","background-position":"center center","background-size":"auto","background-attachment":"scroll","background-type":"","background-media":"","overlay-type":"","overlay-color":"","overlay-opacity":"","overlay-gradient":""}}},"product_brand":[],"product_cat":[28],"product_tag":[],"class_list":{"0":"post-1133","1":"product","2":"type-product","3":"status-publish","4":"has-post-thumbnail","6":"product_cat-polycarboxylic-antiscalant-and-dispersant","7":"desktop-align-left","8":"tablet-align-left","9":"mobile-align-left","10":"ast-product-gallery-layout-horizontal-slider","11":"ast-product-gallery-with-no-image","12":"ast-product-tabs-layout-horizontal","14":"first","15":"instock","16":"shipping-taxable","17":"product-type-simple"},"yoast_head":"<!-- This site is optimized with the Yoast SEO Premium plugin v26.3 (Yoast SEO v27.5) - https:\/\/yoast.com\/product\/yoast-seo-premium-wordpress\/ -->\n<title>Acrylic Acid-2-Hydroxypropyl Acrylate Copolymer (T-225) - vcycletech<\/title>\n<meta name=\"description\" content=\"Get the best Acrylic Acid-2-Hydroxypropyl Acrylate Copolymer (T-225) for your needs today! Scale inhibition and dispersion properties guaranteed.\" \/>\n<meta name=\"robots\" content=\"index, follow, max-snippet:-1, max-image-preview:large, max-video-preview:-1\" \/>\n<link rel=\"canonical\" href=\"https:\/\/vcycletech.com\/fr\/produit\/acide-acrylique-2-hydroxypropyl-acrylate-copolymer-t-225\/\" \/>\n<meta property=\"og:locale\" content=\"fr_FR\" \/>\n<meta property=\"og:type\" content=\"article\" \/>\n<meta property=\"og:title\" content=\"Acrylic Acid-2-Hydroxypropyl Acrylate Copolymer (T-225)\" \/>\n<meta property=\"og:description\" content=\"Get the best Acrylic Acid-2-Hydroxypropyl Acrylate Copolymer (T-225) for your needs today! Scale inhibition and dispersion properties guaranteed.\" \/>\n<meta property=\"og:url\" content=\"https:\/\/vcycletech.com\/fr\/produit\/acide-acrylique-2-hydroxypropyl-acrylate-copolymer-t-225\/\" \/>\n<meta property=\"og:site_name\" content=\"vcycletech\" \/>\n<meta property=\"article:modified_time\" content=\"2023-03-21T08:03:23+00:00\" \/>\n<meta property=\"og:image\" content=\"https:\/\/vcycletech.com\/wp-content\/uploads\/2023\/03\/Acrylic-Acid-2-Hydroxypropyl-Acrylate-Copolymer-T-225.png\" \/>\n\t<meta property=\"og:image:width\" content=\"600\" \/>\n\t<meta property=\"og:image:height\" content=\"600\" \/>\n\t<meta property=\"og:image:type\" content=\"image\/png\" \/>\n<meta name=\"twitter:card\" content=\"summary_large_image\" \/>\n<meta name=\"twitter:label1\" content=\"Dur\u00e9e de lecture estim\u00e9e\" \/>\n\t<meta name=\"twitter:data1\" content=\"3 minutes\" \/>\n<script type=\"application\/ld+json\" class=\"yoast-schema-graph\">{\"@context\":\"https:\\\/\\\/schema.org\",\"@graph\":[{\"@type\":\"WebPage\",\"@id\":\"https:\\\/\\\/vcycletech.com\\\/product\\\/acrylic-acid-2-hydroxypropyl-acrylate-copolymer-t-225\\\/\",\"url\":\"https:\\\/\\\/vcycletech.com\\\/product\\\/acrylic-acid-2-hydroxypropyl-acrylate-copolymer-t-225\\\/\",\"name\":\"Acrylic Acid-2-Hydroxypropyl Acrylate Copolymer (T-225) - vcycletech\",\"isPartOf\":{\"@id\":\"https:\\\/\\\/vcycletech.com\\\/#website\"},\"primaryImageOfPage\":{\"@id\":\"https:\\\/\\\/vcycletech.com\\\/product\\\/acrylic-acid-2-hydroxypropyl-acrylate-copolymer-t-225\\\/#primaryimage\"},\"image\":{\"@id\":\"https:\\\/\\\/vcycletech.com\\\/product\\\/acrylic-acid-2-hydroxypropyl-acrylate-copolymer-t-225\\\/#primaryimage\"},\"thumbnailUrl\":\"https:\\\/\\\/vcycletech.com\\\/wp-content\\\/uploads\\\/2023\\\/03\\\/Acrylic-Acid-2-Hydroxypropyl-Acrylate-Copolymer-T-225.png\",\"datePublished\":\"2023-03-21T08:03:22+00:00\",\"dateModified\":\"2023-03-21T08:03:23+00:00\",\"description\":\"Get the best Acrylic Acid-2-Hydroxypropyl Acrylate Copolymer (T-225) for your needs today! Scale inhibition and dispersion properties guaranteed.\",\"breadcrumb\":{\"@id\":\"https:\\\/\\\/vcycletech.com\\\/product\\\/acrylic-acid-2-hydroxypropyl-acrylate-copolymer-t-225\\\/#breadcrumb\"},\"inLanguage\":\"fr-FR\",\"potentialAction\":[{\"@type\":\"ReadAction\",\"target\":[\"https:\\\/\\\/vcycletech.com\\\/product\\\/acrylic-acid-2-hydroxypropyl-acrylate-copolymer-t-225\\\/\"]}]},{\"@type\":\"ImageObject\",\"inLanguage\":\"fr-FR\",\"@id\":\"https:\\\/\\\/vcycletech.com\\\/product\\\/acrylic-acid-2-hydroxypropyl-acrylate-copolymer-t-225\\\/#primaryimage\",\"url\":\"https:\\\/\\\/vcycletech.com\\\/wp-content\\\/uploads\\\/2023\\\/03\\\/Acrylic-Acid-2-Hydroxypropyl-Acrylate-Copolymer-T-225.png\",\"contentUrl\":\"https:\\\/\\\/vcycletech.com\\\/wp-content\\\/uploads\\\/2023\\\/03\\\/Acrylic-Acid-2-Hydroxypropyl-Acrylate-Copolymer-T-225.png\",\"width\":600,\"height\":600,\"caption\":\"Acrylic Acid-2-Hydroxypropyl Acrylate Copolymer (T-225)\"},{\"@type\":\"BreadcrumbList\",\"@id\":\"https:\\\/\\\/vcycletech.com\\\/product\\\/acrylic-acid-2-hydroxypropyl-acrylate-copolymer-t-225\\\/#breadcrumb\",\"itemListElement\":[{\"@type\":\"ListItem\",\"position\":1,\"name\":\"Home\",\"item\":\"https:\\\/\\\/vcycletech.com\\\/\"},{\"@type\":\"ListItem\",\"position\":2,\"name\":\"Water Treatment Chemicals Manufacturer\",\"item\":\"https:\\\/\\\/vcycletech.com\\\/water-treatment-chemicals-manufacturer\\\/\"},{\"@type\":\"ListItem\",\"position\":3,\"name\":\"Acrylic Acid-2-Hydroxypropyl Acrylate Copolymer (T-225)\"}]},{\"@type\":\"WebSite\",\"@id\":\"https:\\\/\\\/vcycletech.com\\\/#website\",\"url\":\"https:\\\/\\\/vcycletech.com\\\/\",\"name\":\"vcycletech\",\"description\":\"China&#039;s top water treatment chemicals supplier\",\"publisher\":{\"@id\":\"https:\\\/\\\/vcycletech.com\\\/#organization\"},\"potentialAction\":[{\"@type\":\"SearchAction\",\"target\":{\"@type\":\"EntryPoint\",\"urlTemplate\":\"https:\\\/\\\/vcycletech.com\\\/?s={search_term_string}\"},\"query-input\":{\"@type\":\"PropertyValueSpecification\",\"valueRequired\":true,\"valueName\":\"search_term_string\"}}],\"inLanguage\":\"fr-FR\"},{\"@type\":\"Organization\",\"@id\":\"https:\\\/\\\/vcycletech.com\\\/#organization\",\"name\":\"vcycletech\",\"url\":\"https:\\\/\\\/vcycletech.com\\\/\",\"logo\":{\"@type\":\"ImageObject\",\"inLanguage\":\"fr-FR\",\"@id\":\"https:\\\/\\\/vcycletech.com\\\/#\\\/schema\\\/logo\\\/image\\\/\",\"url\":\"https:\\\/\\\/vcycletech.com\\\/wp-content\\\/uploads\\\/2023\\\/03\\\/logo-vcycletech-1.png\",\"contentUrl\":\"https:\\\/\\\/vcycletech.com\\\/wp-content\\\/uploads\\\/2023\\\/03\\\/logo-vcycletech-1.png\",\"width\":600,\"height\":400,\"caption\":\"vcycletech\"},\"image\":{\"@id\":\"https:\\\/\\\/vcycletech.com\\\/#\\\/schema\\\/logo\\\/image\\\/\"}}]}<\/script>\n<!-- \/ Yoast SEO Premium plugin. -->","yoast_head_json":{"title":"Copolym\u00e8re d&#039;acide acrylique et d&#039;acrylate de 2-hydroxypropyle (T-225) - vcycletech","description":"Obtenez le meilleur copolym\u00e8re acide acrylique-2-hydroxypropyl acrylate (T-225) pour vos besoins d\u00e8s aujourd&#039;hui\u00a0! Propri\u00e9t\u00e9s d&#039;inhibition et de dispersion du tartre garanties.","robots":{"index":"index","follow":"follow","max-snippet":"max-snippet:-1","max-image-preview":"max-image-preview:large","max-video-preview":"max-video-preview:-1"},"canonical":"https:\/\/vcycletech.com\/fr\/produit\/acide-acrylique-2-hydroxypropyl-acrylate-copolymer-t-225\/","og_locale":"fr_FR","og_type":"article","og_title":"Acrylic Acid-2-Hydroxypropyl Acrylate Copolymer (T-225)","og_description":"Get the best Acrylic Acid-2-Hydroxypropyl Acrylate Copolymer (T-225) for your needs today! Scale inhibition and dispersion properties guaranteed.","og_url":"https:\/\/vcycletech.com\/fr\/produit\/acide-acrylique-2-hydroxypropyl-acrylate-copolymer-t-225\/","og_site_name":"vcycletech","article_modified_time":"2023-03-21T08:03:23+00:00","og_image":[{"width":600,"height":600,"url":"https:\/\/vcycletech.com\/wp-content\/uploads\/2023\/03\/Acrylic-Acid-2-Hydroxypropyl-Acrylate-Copolymer-T-225.png","type":"image\/png"}],"twitter_card":"summary_large_image","twitter_misc":{"Dur\u00e9e de lecture estim\u00e9e":"3 minutes"},"schema":{"@context":"https:\/\/schema.org","@graph":[{"@type":"WebPage","@id":"https:\/\/vcycletech.com\/product\/acrylic-acid-2-hydroxypropyl-acrylate-copolymer-t-225\/","url":"https:\/\/vcycletech.com\/product\/acrylic-acid-2-hydroxypropyl-acrylate-copolymer-t-225\/","name":"Copolym\u00e8re d&#039;acide acrylique et d&#039;acrylate de 2-hydroxypropyle (T-225) - vcycletech","isPartOf":{"@id":"https:\/\/vcycletech.com\/#website"},"primaryImageOfPage":{"@id":"https:\/\/vcycletech.com\/product\/acrylic-acid-2-hydroxypropyl-acrylate-copolymer-t-225\/#primaryimage"},"image":{"@id":"https:\/\/vcycletech.com\/product\/acrylic-acid-2-hydroxypropyl-acrylate-copolymer-t-225\/#primaryimage"},"thumbnailUrl":"https:\/\/vcycletech.com\/wp-content\/uploads\/2023\/03\/Acrylic-Acid-2-Hydroxypropyl-Acrylate-Copolymer-T-225.png","datePublished":"2023-03-21T08:03:22+00:00","dateModified":"2023-03-21T08:03:23+00:00","description":"Obtenez le meilleur copolym\u00e8re acide acrylique-2-hydroxypropyl acrylate (T-225) pour vos besoins d\u00e8s aujourd&#039;hui\u00a0! Propri\u00e9t\u00e9s d&#039;inhibition et de dispersion du tartre garanties.","breadcrumb":{"@id":"https:\/\/vcycletech.com\/product\/acrylic-acid-2-hydroxypropyl-acrylate-copolymer-t-225\/#breadcrumb"},"inLanguage":"fr-FR","potentialAction":[{"@type":"ReadAction","target":["https:\/\/vcycletech.com\/product\/acrylic-acid-2-hydroxypropyl-acrylate-copolymer-t-225\/"]}]},{"@type":"ImageObject","inLanguage":"fr-FR","@id":"https:\/\/vcycletech.com\/product\/acrylic-acid-2-hydroxypropyl-acrylate-copolymer-t-225\/#primaryimage","url":"https:\/\/vcycletech.com\/wp-content\/uploads\/2023\/03\/Acrylic-Acid-2-Hydroxypropyl-Acrylate-Copolymer-T-225.png","contentUrl":"https:\/\/vcycletech.com\/wp-content\/uploads\/2023\/03\/Acrylic-Acid-2-Hydroxypropyl-Acrylate-Copolymer-T-225.png","width":600,"height":600,"caption":"Acrylic Acid-2-Hydroxypropyl Acrylate Copolymer (T-225)"},{"@type":"BreadcrumbList","@id":"https:\/\/vcycletech.com\/product\/acrylic-acid-2-hydroxypropyl-acrylate-copolymer-t-225\/#breadcrumb","itemListElement":[{"@type":"ListItem","position":1,"name":"Home","item":"https:\/\/vcycletech.com\/"},{"@type":"ListItem","position":2,"name":"Water Treatment Chemicals Manufacturer","item":"https:\/\/vcycletech.com\/water-treatment-chemicals-manufacturer\/"},{"@type":"ListItem","position":3,"name":"Acrylic Acid-2-Hydroxypropyl Acrylate Copolymer (T-225)"}]},{"@type":"WebSite","@id":"https:\/\/vcycletech.com\/#website","url":"https:\/\/vcycletech.com\/","name":"vcycletech","description":"Meilleur fournisseur de produits chimiques pour le traitement de l&#039;eau en Chine","publisher":{"@id":"https:\/\/vcycletech.com\/#organization"},"potentialAction":[{"@type":"SearchAction","target":{"@type":"EntryPoint","urlTemplate":"https:\/\/vcycletech.com\/?s={search_term_string}"},"query-input":{"@type":"PropertyValueSpecification","valueRequired":true,"valueName":"search_term_string"}}],"inLanguage":"fr-FR"},{"@type":"Organization","@id":"https:\/\/vcycletech.com\/#organization","name":"vcycletech","url":"https:\/\/vcycletech.com\/","logo":{"@type":"ImageObject","inLanguage":"fr-FR","@id":"https:\/\/vcycletech.com\/#\/schema\/logo\/image\/","url":"https:\/\/vcycletech.com\/wp-content\/uploads\/2023\/03\/logo-vcycletech-1.png","contentUrl":"https:\/\/vcycletech.com\/wp-content\/uploads\/2023\/03\/logo-vcycletech-1.png","width":600,"height":400,"caption":"vcycletech"},"image":{"@id":"https:\/\/vcycletech.com\/#\/schema\/logo\/image\/"}}]}},"_links":{"self":[{"href":"https:\/\/vcycletech.com\/fr\/wp-json\/wp\/v2\/product\/1133","targetHints":{"allow":["GET"]}}],"collection":[{"href":"https:\/\/vcycletech.com\/fr\/wp-json\/wp\/v2\/product"}],"about":[{"href":"https:\/\/vcycletech.com\/fr\/wp-json\/wp\/v2\/types\/product"}],"wp:featuredmedia":[{"embeddable":true,"href":"https:\/\/vcycletech.com\/fr\/wp-json\/wp\/v2\/media\/1141"}],"wp:attachment":[{"href":"https:\/\/vcycletech.com\/fr\/wp-json\/wp\/v2\/media?parent=1133"}],"wp:term":[{"taxonomy":"product_brand","embeddable":true,"href":"https:\/\/vcycletech.com\/fr\/wp-json\/wp\/v2\/product_brand?post=1133"},{"taxonomy":"product_cat","embeddable":true,"href":"https:\/\/vcycletech.com\/fr\/wp-json\/wp\/v2\/product_cat?post=1133"},{"taxonomy":"product_tag","embeddable":true,"href":"https:\/\/vcycletech.com\/fr\/wp-json\/wp\/v2\/product_tag?post=1133"}],"curies":[{"name":"wp","href":"https:\/\/api.w.org\/{rel}","templated":true}]}}