{"id":1129,"date":"2023-03-21T08:09:29","date_gmt":"2023-03-21T08:09:29","guid":{"rendered":"https:\/\/vcycletech.com\/?post_type=product&#038;p=1129"},"modified":"2023-03-21T09:09:17","modified_gmt":"2023-03-21T09:09:17","slug":"sel-de-sodium-de-2-mercaptobenzothiazole-mbtna","status":"publish","type":"product","link":"https:\/\/vcycletech.com\/fr\/produit\/sel-de-sodium-de-2-mercaptobenzothiazole-mbtna\/","title":{"rendered":"Sel de sodium du 2-mercaptobenzothiazole (MBT\u2022Na)"},"content":{"rendered":"<h3>N\u00b0 CAS 2492-26-4<br \/>\nFormule mol\u00e9culaire : C7H4NNaS2<\/h3>\n<h3>Poids mol\u00e9culaire : 189,22<br \/>\nSp\u00e9cification:<\/h3>\n<div id=\"footable_parent_1139\"\n         class=\"footable_parent ninja_table_wrapper loading_ninja_table wp_table_data_press_parent semantic_ui\">\n                <table data-ninja_table_instance=\"ninja_table_instance_0\" data-footable_id=\"1139\" data-filter-delay=\"1000\" aria-label=\"(MBT\u2022Na).csv\"            id=\"footable_1139\"\n           data-unique_identifier=\"ninja_table_unique_id_3921338430_1139\"\n           class=\"foo-table ninja_footable foo_table_1139 ninja_table_unique_id_3921338430_1139 ui table  nt_type_legacy_table selectable striped vertical_centered  footable-paging-right ninja_table_pro\">\n                <colgroup>\n                            <col class=\"ninja_column_0\">\n                            <col class=\"ninja_column_1\">\n                    <\/colgroup>\n        <thead>\n<tr class=\"footable-header\">\n                                        <th scope=\"col\"  class=\"ninja_column_0 ninja_clmn_nm_items\">Articles<\/th><th scope=\"col\"  class=\"ninja_column_1 ninja_clmn_nm_index\">Indice<\/th><\/tr>\n<\/thead>\n<tbody>\n\n        <tr data-row_id=\"237\" class=\"ninja_table_row_0 nt_row_id_237\">\n            <td>Apparence<\/td><td>Liquide transparent jaune<\/td>        <\/tr>\n            <tr data-row_id=\"238\" class=\"ninja_table_row_1 nt_row_id_238\">\n            <td>Contenu solide %<\/td><td>50,0 minutes<\/td>        <\/tr>\n            <tr data-row_id=\"239\" class=\"ninja_table_row_2 nt_row_id_239\">\n            <td>Densit\u00e9 (20\u2103) g\/cm3<\/td><td>1.20 mn<\/td>        <\/tr>\n            <tr data-row_id=\"240\" class=\"ninja_table_row_3 nt_row_id_240\">\n            <td>pH (solution aqueuse 1%)<\/td><td>9.0-11.5<\/td>        <\/tr>\n    <\/tbody><!--ninja_tobody_rendering_done-->\n    <\/table>\n    \n    \n    \n<\/div>\n\n<h3>Propri\u00e9t\u00e9s:<\/h3>\n<p><strong>Sel de sodium du 2-mercaptobenzothiazole (MBT\u2022Na)<\/strong> est un compos\u00e9 organique avec un cycle thiazole et deux atomes de soufre. C&#039;est une substance blanche en flocons inodore qui se dissout dans l&#039;eau, l&#039;alcool et les glycols. MBT\u2022Na a des applications en tant qu&#039;acc\u00e9l\u00e9rateur et activateur dans la fabrication de compos\u00e9s de caoutchouc et poss\u00e8de des propri\u00e9t\u00e9s solides anticorrosion. De plus, il est non corrosif et non toxique lorsqu&#039;il est manipul\u00e9 de mani\u00e8re appropri\u00e9e.<\/p>\n<h3>Emballage et stockage\u00a0:<\/h3>\n<p><strong>Sel de sodium du 2-mercaptobenzothiazole (MBT\u2022Na)<\/strong> doit \u00eatre stock\u00e9 dans un endroit frais et sec, \u00e0 l&#039;abri de la chaleur et de l&#039;humidit\u00e9 excessives. Lors de l&#039;emballage du MBT\u2022Na, il est important de s&#039;assurer que le mat\u00e9riau est herm\u00e9tiquement scell\u00e9 et prot\u00e9g\u00e9 d&#039;une \u00e9ventuelle contamination par l&#039;humidit\u00e9. De plus, le mat\u00e9riau doit \u00eatre exempt de mati\u00e8res \u00e9trang\u00e8res telles que la poussi\u00e8re ou la salet\u00e9. L&#039;emballage doit \u00e9galement \u00eatre clairement \u00e9tiquet\u00e9 avec toutes les informations pertinentes sur le produit. F\u00fbt en plastique de 200 L, IBC (1000 L) et les exigences des clients. Stockage pendant six mois dans une pi\u00e8ce ombrag\u00e9e et un endroit sec.<\/p>\n<h3>Synonymes\u00a0:<\/h3>\n<p>MBT\u2022Na;2-MBT;2-mercaptobenzothiazole;2-benzothiazolethione<\/p>\n<h3>FAQ sur le sel de sodium du 2-mercaptobenzothiazole (MBT\u2022Na)\u00a0:<\/h3>\n<p><strong>Qu&#039;est-ce que le sel de sodium du 2-mercaptobenzothiazole (MBT\u2022Na)\u00a0?<\/strong><br \/>\nLe sel de sodium du 2-mercaptobenzothiazole (MBT\u2022Na) est un solide cristallin blanc utilis\u00e9 comme acc\u00e9l\u00e9rateur de vulcanisation du caoutchouc et comme inhibiteur de corrosion. Il est \u00e9galement utilis\u00e9 dans la production de plastiques, de textiles et d&#039;adh\u00e9sifs.<\/p>\n<p><strong>D&#039;o\u00f9 vient le sel de sodium du 2-mercaptobenzothiazole (MBT\u2022Na)\u00a0?<\/strong><br \/>\nLe sel de sodium du 2-mercaptobenzothiazole (MBT\u2022Na) est produit par la r\u00e9action de l&#039;hydroxyde de sodium et du 2-mercaptobenzothiazole.<\/p>\n<p><strong>Comment le sel de sodium du 2-mercaptobenzothiazole (MBT\u2022Na) est-il utilis\u00e9\u00a0?<\/strong><br \/>\nLe sel de sodium du 2-mercaptobenzothiazole (MBT\u2022Na) est utilis\u00e9 comme acc\u00e9l\u00e9rateur de vulcanisation du caoutchouc et comme inhibiteur de corrosion. Il est \u00e9galement utilis\u00e9 dans la production de plastiques, de textiles et d&#039;adh\u00e9sifs.<\/p>\n<p><strong>Quels sont les avantages de l&#039;utilisation du sel de sodium du 2-mercaptobenzothiazole (MBT\u2022Na)\u00a0?<\/strong><br \/>\nCertains avantages de l&#039;utilisation du sel de sodium de 2-mercaptobenzothiazole (MBT\u2022Na) incluent sa capacit\u00e9 \u00e0 am\u00e9liorer les propri\u00e9t\u00e9s du caoutchouc et des plastiques, sa r\u00e9sistance \u00e0 la chaleur et \u00e0 la lumi\u00e8re et sa faible toxicit\u00e9. De plus, il n&#039;est ni inflammable ni explosif, ce qui le rend s\u00fbr \u00e0 utiliser et \u00e0 transporter.<\/p>\n<p><a href=\"https:\/\/vcycletech.com\/fr\/un-inhibiteur-de-corrosion\/\"><strong>Obtenez la solution compl\u00e8te d&#039;inhibiteurs de corrosion.<\/strong><\/a><\/p>","protected":false},"excerpt":{"rendered":"<p><strong>Sel de sodium du 2-mercaptobenzothiazole (MBT\u2022Na)<\/strong> est un compos\u00e9 organique utilis\u00e9 comme inhibiteur de corrosion et antioxydant. Il peut \u00eatre utilis\u00e9 dans diverses industries, notamment l&#039;automobile, l&#039;a\u00e9rospatiale, la marine et le textile. La haute qualit\u00e9 et le bas prix de nos <strong>Sel de sodium du 2-mercaptobenzothiazole (MBT\u2022Na)<\/strong> en fait le choix id\u00e9al pour les entreprises qui souhaitent acheter en gros. Nous sommes le premier fournisseur de<strong> Sel de sodium du 2-mercaptobenzothiazole (MBT\u2022Na)<\/strong> en Chine. Notre produit est fabriqu\u00e9 \u00e0 partir d&#039;ingr\u00e9dients de la plus haute qualit\u00e9 et r\u00e9pond \u00e0 toutes les normes de s\u00e9curit\u00e9. Nous proposons des prix comp\u00e9titifs et des d\u00e9lais de livraison rapides pour vous assurer d&#039;obtenir ce dont vous avez besoin au moment opportun. Contactez-nous d\u00e8s aujourd&#039;hui pour en savoir plus sur nos produits ou passer une commande. Vous ne serez pas d\u00e9\u00e7u !<\/p>","protected":false},"featured_media":1143,"template":"","meta":{"site-sidebar-layout":"default","site-content-layout":"default","ast-site-content-layout":"default","site-content-style":"default","site-sidebar-style":"default","ast-global-header-display":"","ast-banner-title-visibility":"","ast-main-header-display":"","ast-hfb-above-header-display":"","ast-hfb-below-header-display":"","ast-hfb-mobile-header-display":"","site-post-title":"","ast-breadcrumbs-content":"","ast-featured-img":"","footer-sml-layout":"","ast-disable-related-posts":"","theme-transparent-header-meta":"default","adv-header-id-meta":"","stick-header-meta":"default","header-above-stick-meta":"","header-main-stick-meta":"","header-below-stick-meta":"","astra-migrate-meta-layouts":"default","ast-page-background-enabled":"default","ast-page-background-meta":{"desktop":{"background-color":"","background-image":"","background-repeat":"repeat","background-position":"center center","background-size":"auto","background-attachment":"scroll","background-type":"","background-media":"","overlay-type":"","overlay-color":"","overlay-opacity":"","overlay-gradient":""},"tablet":{"background-color":"","background-image":"","background-repeat":"repeat","background-position":"center center","background-size":"auto","background-attachment":"scroll","background-type":"","background-media":"","overlay-type":"","overlay-color":"","overlay-opacity":"","overlay-gradient":""},"mobile":{"background-color":"","background-image":"","background-repeat":"repeat","background-position":"center center","background-size":"auto","background-attachment":"scroll","background-type":"","background-media":"","overlay-type":"","overlay-color":"","overlay-opacity":"","overlay-gradient":""}},"ast-content-background-meta":{"desktop":{"background-color":"var(--ast-global-color-5)","background-image":"","background-repeat":"repeat","background-position":"center center","background-size":"auto","background-attachment":"scroll","background-type":"","background-media":"","overlay-type":"","overlay-color":"","overlay-opacity":"","overlay-gradient":""},"tablet":{"background-color":"var(--ast-global-color-5)","background-image":"","background-repeat":"repeat","background-position":"center center","background-size":"auto","background-attachment":"scroll","background-type":"","background-media":"","overlay-type":"","overlay-color":"","overlay-opacity":"","overlay-gradient":""},"mobile":{"background-color":"var(--ast-global-color-5)","background-image":"","background-repeat":"repeat","background-position":"center center","background-size":"auto","background-attachment":"scroll","background-type":"","background-media":"","overlay-type":"","overlay-color":"","overlay-opacity":"","overlay-gradient":""}}},"product_brand":[],"product_cat":[30],"product_tag":[],"class_list":{"0":"post-1129","1":"product","2":"type-product","3":"status-publish","4":"has-post-thumbnail","6":"product_cat-corrosion-inhibitors","7":"desktop-align-left","8":"tablet-align-left","9":"mobile-align-left","10":"ast-product-gallery-layout-horizontal-slider","11":"ast-product-tabs-layout-horizontal","13":"first","14":"instock","15":"shipping-taxable","16":"product-type-simple"},"yoast_head":"<!-- This site is optimized with the Yoast SEO Premium plugin v26.3 (Yoast SEO v27.5) - https:\/\/yoast.com\/product\/yoast-seo-premium-wordpress\/ -->\n<title>Sodium Salt of 2-Mercaptobenzothiazole (MBT\u2022Na) - vcycletech<\/title>\n<meta name=\"description\" content=\"Sodium salt of 2-Mercaptobenzothiazole (MBT\u2022Na) is an organic compound composed of a thiazole ring and two sulfur atoms. It is a white, odorless flake substance that dissolves in water, alcohol, and glycols. MBT\u2022Na has applications as an accelerator and activator in the manufacture of rubber compounds and has strong corrosion-inhibiting properties. Additionally, it is non-corrosive and non-toxic when handled properly.\" \/>\n<meta name=\"robots\" content=\"index, follow, max-snippet:-1, max-image-preview:large, max-video-preview:-1\" \/>\n<link rel=\"canonical\" href=\"https:\/\/vcycletech.com\/fr\/produit\/sel-de-sodium-de-2-mercaptobenzothiazole-mbtna\/\" \/>\n<meta property=\"og:locale\" content=\"fr_FR\" \/>\n<meta property=\"og:type\" content=\"article\" \/>\n<meta property=\"og:title\" content=\"Sodium Salt of 2-Mercaptobenzothiazole (MBT\u2022Na)\" \/>\n<meta property=\"og:description\" content=\"Sodium salt of 2-Mercaptobenzothiazole (MBT\u2022Na) is an organic compound composed of a thiazole ring and two sulfur atoms. It is a white, odorless flake substance that dissolves in water, alcohol, and glycols. MBT\u2022Na has applications as an accelerator and activator in the manufacture of rubber compounds and has strong corrosion-inhibiting properties. Additionally, it is non-corrosive and non-toxic when handled properly.\" \/>\n<meta property=\"og:url\" content=\"https:\/\/vcycletech.com\/fr\/produit\/sel-de-sodium-de-2-mercaptobenzothiazole-mbtna\/\" \/>\n<meta property=\"og:site_name\" content=\"vcycletech\" \/>\n<meta property=\"article:modified_time\" content=\"2023-03-21T09:09:17+00:00\" \/>\n<meta property=\"og:image\" content=\"https:\/\/vcycletech.com\/wp-content\/uploads\/2023\/03\/\u672a\u547d\u540d\u7684\u8bbe\u8ba1-1-4.png\" \/>\n\t<meta property=\"og:image:width\" content=\"600\" \/>\n\t<meta property=\"og:image:height\" content=\"600\" \/>\n\t<meta property=\"og:image:type\" content=\"image\/png\" \/>\n<meta name=\"twitter:card\" content=\"summary_large_image\" \/>\n<meta name=\"twitter:label1\" content=\"Dur\u00e9e de lecture estim\u00e9e\" \/>\n\t<meta name=\"twitter:data1\" content=\"2 minutes\" \/>\n<script type=\"application\/ld+json\" class=\"yoast-schema-graph\">{\"@context\":\"https:\\\/\\\/schema.org\",\"@graph\":[{\"@type\":\"WebPage\",\"@id\":\"https:\\\/\\\/vcycletech.com\\\/product\\\/sodium-salt-of-2-mercaptobenzothiazole-mbtna\\\/\",\"url\":\"https:\\\/\\\/vcycletech.com\\\/product\\\/sodium-salt-of-2-mercaptobenzothiazole-mbtna\\\/\",\"name\":\"Sodium Salt of 2-Mercaptobenzothiazole (MBT\u2022Na) - vcycletech\",\"isPartOf\":{\"@id\":\"https:\\\/\\\/vcycletech.com\\\/#website\"},\"primaryImageOfPage\":{\"@id\":\"https:\\\/\\\/vcycletech.com\\\/product\\\/sodium-salt-of-2-mercaptobenzothiazole-mbtna\\\/#primaryimage\"},\"image\":{\"@id\":\"https:\\\/\\\/vcycletech.com\\\/product\\\/sodium-salt-of-2-mercaptobenzothiazole-mbtna\\\/#primaryimage\"},\"thumbnailUrl\":\"https:\\\/\\\/vcycletech.com\\\/wp-content\\\/uploads\\\/2023\\\/03\\\/\u672a\u547d\u540d\u7684\u8bbe\u8ba1-1-4.png\",\"datePublished\":\"2023-03-21T08:09:29+00:00\",\"dateModified\":\"2023-03-21T09:09:17+00:00\",\"description\":\"Sodium salt of 2-Mercaptobenzothiazole (MBT\u2022Na) is an organic compound composed of a thiazole ring and two sulfur atoms. It is a white, odorless flake substance that dissolves in water, alcohol, and glycols. MBT\u2022Na has applications as an accelerator and activator in the manufacture of rubber compounds and has strong corrosion-inhibiting properties. Additionally, it is non-corrosive and non-toxic when handled properly.\",\"breadcrumb\":{\"@id\":\"https:\\\/\\\/vcycletech.com\\\/product\\\/sodium-salt-of-2-mercaptobenzothiazole-mbtna\\\/#breadcrumb\"},\"inLanguage\":\"fr-FR\",\"potentialAction\":[{\"@type\":\"ReadAction\",\"target\":[\"https:\\\/\\\/vcycletech.com\\\/product\\\/sodium-salt-of-2-mercaptobenzothiazole-mbtna\\\/\"]}]},{\"@type\":\"ImageObject\",\"inLanguage\":\"fr-FR\",\"@id\":\"https:\\\/\\\/vcycletech.com\\\/product\\\/sodium-salt-of-2-mercaptobenzothiazole-mbtna\\\/#primaryimage\",\"url\":\"https:\\\/\\\/vcycletech.com\\\/wp-content\\\/uploads\\\/2023\\\/03\\\/\u672a\u547d\u540d\u7684\u8bbe\u8ba1-1-4.png\",\"contentUrl\":\"https:\\\/\\\/vcycletech.com\\\/wp-content\\\/uploads\\\/2023\\\/03\\\/\u672a\u547d\u540d\u7684\u8bbe\u8ba1-1-4.png\",\"width\":600,\"height\":600,\"caption\":\"Sodium Salt of 2-Mercaptobenzothiazole (MBT\u2022Na)\"},{\"@type\":\"BreadcrumbList\",\"@id\":\"https:\\\/\\\/vcycletech.com\\\/product\\\/sodium-salt-of-2-mercaptobenzothiazole-mbtna\\\/#breadcrumb\",\"itemListElement\":[{\"@type\":\"ListItem\",\"position\":1,\"name\":\"Home\",\"item\":\"https:\\\/\\\/vcycletech.com\\\/\"},{\"@type\":\"ListItem\",\"position\":2,\"name\":\"Water Treatment Chemicals Manufacturer\",\"item\":\"https:\\\/\\\/vcycletech.com\\\/water-treatment-chemicals-manufacturer\\\/\"},{\"@type\":\"ListItem\",\"position\":3,\"name\":\"Sodium Salt of 2-Mercaptobenzothiazole (MBT\u2022Na)\"}]},{\"@type\":\"WebSite\",\"@id\":\"https:\\\/\\\/vcycletech.com\\\/#website\",\"url\":\"https:\\\/\\\/vcycletech.com\\\/\",\"name\":\"vcycletech\",\"description\":\"China&#039;s top water treatment chemicals supplier\",\"publisher\":{\"@id\":\"https:\\\/\\\/vcycletech.com\\\/#organization\"},\"potentialAction\":[{\"@type\":\"SearchAction\",\"target\":{\"@type\":\"EntryPoint\",\"urlTemplate\":\"https:\\\/\\\/vcycletech.com\\\/?s={search_term_string}\"},\"query-input\":{\"@type\":\"PropertyValueSpecification\",\"valueRequired\":true,\"valueName\":\"search_term_string\"}}],\"inLanguage\":\"fr-FR\"},{\"@type\":\"Organization\",\"@id\":\"https:\\\/\\\/vcycletech.com\\\/#organization\",\"name\":\"vcycletech\",\"url\":\"https:\\\/\\\/vcycletech.com\\\/\",\"logo\":{\"@type\":\"ImageObject\",\"inLanguage\":\"fr-FR\",\"@id\":\"https:\\\/\\\/vcycletech.com\\\/#\\\/schema\\\/logo\\\/image\\\/\",\"url\":\"https:\\\/\\\/vcycletech.com\\\/wp-content\\\/uploads\\\/2023\\\/03\\\/logo-vcycletech-1.png\",\"contentUrl\":\"https:\\\/\\\/vcycletech.com\\\/wp-content\\\/uploads\\\/2023\\\/03\\\/logo-vcycletech-1.png\",\"width\":600,\"height\":400,\"caption\":\"vcycletech\"},\"image\":{\"@id\":\"https:\\\/\\\/vcycletech.com\\\/#\\\/schema\\\/logo\\\/image\\\/\"}}]}<\/script>\n<!-- \/ Yoast SEO Premium plugin. -->","yoast_head_json":{"title":"Sel de sodium du 2-mercaptobenzothiazole (MBT\u2022Na) - vcycletech","description":"Le sel de sodium du 2-mercaptobenzothiazole (MBT\u2022Na) est un compos\u00e9 organique compos\u00e9 d&#039;un cycle thiazole et de deux atomes de soufre. C&#039;est une substance blanche en flocons inodore qui se dissout dans l&#039;eau, l&#039;alcool et les glycols. MBT\u2022Na a des applications en tant qu&#039;acc\u00e9l\u00e9rateur et activateur dans la fabrication de compos\u00e9s de caoutchouc et poss\u00e8de de fortes propri\u00e9t\u00e9s anticorrosion. De plus, il est non corrosif et non toxique lorsqu&#039;il est manipul\u00e9 correctement.","robots":{"index":"index","follow":"follow","max-snippet":"max-snippet:-1","max-image-preview":"max-image-preview:large","max-video-preview":"max-video-preview:-1"},"canonical":"https:\/\/vcycletech.com\/fr\/produit\/sel-de-sodium-de-2-mercaptobenzothiazole-mbtna\/","og_locale":"fr_FR","og_type":"article","og_title":"Sodium Salt of 2-Mercaptobenzothiazole (MBT\u2022Na)","og_description":"Sodium salt of 2-Mercaptobenzothiazole (MBT\u2022Na) is an organic compound composed of a thiazole ring and two sulfur atoms. It is a white, odorless flake substance that dissolves in water, alcohol, and glycols. MBT\u2022Na has applications as an accelerator and activator in the manufacture of rubber compounds and has strong corrosion-inhibiting properties. Additionally, it is non-corrosive and non-toxic when handled properly.","og_url":"https:\/\/vcycletech.com\/fr\/produit\/sel-de-sodium-de-2-mercaptobenzothiazole-mbtna\/","og_site_name":"vcycletech","article_modified_time":"2023-03-21T09:09:17+00:00","og_image":[{"width":600,"height":600,"url":"https:\/\/vcycletech.com\/wp-content\/uploads\/2023\/03\/\u672a\u547d\u540d\u7684\u8bbe\u8ba1-1-4.png","type":"image\/png"}],"twitter_card":"summary_large_image","twitter_misc":{"Dur\u00e9e de lecture estim\u00e9e":"2 minutes"},"schema":{"@context":"https:\/\/schema.org","@graph":[{"@type":"WebPage","@id":"https:\/\/vcycletech.com\/product\/sodium-salt-of-2-mercaptobenzothiazole-mbtna\/","url":"https:\/\/vcycletech.com\/product\/sodium-salt-of-2-mercaptobenzothiazole-mbtna\/","name":"Sel de sodium du 2-mercaptobenzothiazole (MBT\u2022Na) - vcycletech","isPartOf":{"@id":"https:\/\/vcycletech.com\/#website"},"primaryImageOfPage":{"@id":"https:\/\/vcycletech.com\/product\/sodium-salt-of-2-mercaptobenzothiazole-mbtna\/#primaryimage"},"image":{"@id":"https:\/\/vcycletech.com\/product\/sodium-salt-of-2-mercaptobenzothiazole-mbtna\/#primaryimage"},"thumbnailUrl":"https:\/\/vcycletech.com\/wp-content\/uploads\/2023\/03\/\u672a\u547d\u540d\u7684\u8bbe\u8ba1-1-4.png","datePublished":"2023-03-21T08:09:29+00:00","dateModified":"2023-03-21T09:09:17+00:00","description":"Le sel de sodium du 2-mercaptobenzothiazole (MBT\u2022Na) est un compos\u00e9 organique compos\u00e9 d&#039;un cycle thiazole et de deux atomes de soufre. C&#039;est une substance blanche en flocons inodore qui se dissout dans l&#039;eau, l&#039;alcool et les glycols. MBT\u2022Na a des applications en tant qu&#039;acc\u00e9l\u00e9rateur et activateur dans la fabrication de compos\u00e9s de caoutchouc et poss\u00e8de de fortes propri\u00e9t\u00e9s anticorrosion. De plus, il est non corrosif et non toxique lorsqu&#039;il est manipul\u00e9 correctement.","breadcrumb":{"@id":"https:\/\/vcycletech.com\/product\/sodium-salt-of-2-mercaptobenzothiazole-mbtna\/#breadcrumb"},"inLanguage":"fr-FR","potentialAction":[{"@type":"ReadAction","target":["https:\/\/vcycletech.com\/product\/sodium-salt-of-2-mercaptobenzothiazole-mbtna\/"]}]},{"@type":"ImageObject","inLanguage":"fr-FR","@id":"https:\/\/vcycletech.com\/product\/sodium-salt-of-2-mercaptobenzothiazole-mbtna\/#primaryimage","url":"https:\/\/vcycletech.com\/wp-content\/uploads\/2023\/03\/\u672a\u547d\u540d\u7684\u8bbe\u8ba1-1-4.png","contentUrl":"https:\/\/vcycletech.com\/wp-content\/uploads\/2023\/03\/\u672a\u547d\u540d\u7684\u8bbe\u8ba1-1-4.png","width":600,"height":600,"caption":"Sodium Salt of 2-Mercaptobenzothiazole (MBT\u2022Na)"},{"@type":"BreadcrumbList","@id":"https:\/\/vcycletech.com\/product\/sodium-salt-of-2-mercaptobenzothiazole-mbtna\/#breadcrumb","itemListElement":[{"@type":"ListItem","position":1,"name":"Home","item":"https:\/\/vcycletech.com\/"},{"@type":"ListItem","position":2,"name":"Water Treatment Chemicals Manufacturer","item":"https:\/\/vcycletech.com\/water-treatment-chemicals-manufacturer\/"},{"@type":"ListItem","position":3,"name":"Sodium Salt of 2-Mercaptobenzothiazole (MBT\u2022Na)"}]},{"@type":"WebSite","@id":"https:\/\/vcycletech.com\/#website","url":"https:\/\/vcycletech.com\/","name":"vcycletech","description":"Meilleur fournisseur de produits chimiques pour le traitement de l&#039;eau en Chine","publisher":{"@id":"https:\/\/vcycletech.com\/#organization"},"potentialAction":[{"@type":"SearchAction","target":{"@type":"EntryPoint","urlTemplate":"https:\/\/vcycletech.com\/?s={search_term_string}"},"query-input":{"@type":"PropertyValueSpecification","valueRequired":true,"valueName":"search_term_string"}}],"inLanguage":"fr-FR"},{"@type":"Organization","@id":"https:\/\/vcycletech.com\/#organization","name":"vcycletech","url":"https:\/\/vcycletech.com\/","logo":{"@type":"ImageObject","inLanguage":"fr-FR","@id":"https:\/\/vcycletech.com\/#\/schema\/logo\/image\/","url":"https:\/\/vcycletech.com\/wp-content\/uploads\/2023\/03\/logo-vcycletech-1.png","contentUrl":"https:\/\/vcycletech.com\/wp-content\/uploads\/2023\/03\/logo-vcycletech-1.png","width":600,"height":400,"caption":"vcycletech"},"image":{"@id":"https:\/\/vcycletech.com\/#\/schema\/logo\/image\/"}}]}},"_links":{"self":[{"href":"https:\/\/vcycletech.com\/fr\/wp-json\/wp\/v2\/product\/1129","targetHints":{"allow":["GET"]}}],"collection":[{"href":"https:\/\/vcycletech.com\/fr\/wp-json\/wp\/v2\/product"}],"about":[{"href":"https:\/\/vcycletech.com\/fr\/wp-json\/wp\/v2\/types\/product"}],"wp:featuredmedia":[{"embeddable":true,"href":"https:\/\/vcycletech.com\/fr\/wp-json\/wp\/v2\/media\/1143"}],"wp:attachment":[{"href":"https:\/\/vcycletech.com\/fr\/wp-json\/wp\/v2\/media?parent=1129"}],"wp:term":[{"taxonomy":"product_brand","embeddable":true,"href":"https:\/\/vcycletech.com\/fr\/wp-json\/wp\/v2\/product_brand?post=1129"},{"taxonomy":"product_cat","embeddable":true,"href":"https:\/\/vcycletech.com\/fr\/wp-json\/wp\/v2\/product_cat?post=1129"},{"taxonomy":"product_tag","embeddable":true,"href":"https:\/\/vcycletech.com\/fr\/wp-json\/wp\/v2\/product_tag?post=1129"}],"curies":[{"name":"wp","href":"https:\/\/api.w.org\/{rel}","templated":true}]}}