{"id":1115,"date":"2023-03-21T07:19:36","date_gmt":"2023-03-21T07:19:36","guid":{"rendered":"https:\/\/vcycletech.com\/?post_type=product&#038;p=1115"},"modified":"2023-03-21T09:09:58","modified_gmt":"2023-03-21T09:09:58","slug":"123-benzotriazole-bta","status":"publish","type":"product","link":"https:\/\/vcycletech.com\/fr\/produit\/123-benzotriazole-bta\/","title":{"rendered":"1,2,3-benzotriazole (BTA)"},"content":{"rendered":"<h3>N\u00b0 CAS 95-14-7<br \/>\nFormule mol\u00e9culaire : C6H5N3<br \/>\nPoids mol\u00e9culaire : 119<br \/>\nSp\u00e9cification:<\/h3>\n<div id=\"footable_parent_1128\"\n         class=\"footable_parent ninja_table_wrapper loading_ninja_table wp_table_data_press_parent semantic_ui\">\n                <table data-ninja_table_instance=\"ninja_table_instance_0\" data-footable_id=\"1128\" data-filter-delay=\"1000\" aria-label=\"BTA.csv\"            id=\"footable_1128\"\n           data-unique_identifier=\"ninja_table_unique_id_124641413_1128\"\n           class=\"foo-table ninja_footable foo_table_1128 ninja_table_unique_id_124641413_1128 ui table  nt_type_legacy_table selectable striped vertical_centered  footable-paging-right ninja_table_pro\">\n                <colgroup>\n                            <col class=\"ninja_column_0\">\n                            <col class=\"ninja_column_1\">\n                    <\/colgroup>\n        <thead>\n<tr class=\"footable-header\">\n                                        <th scope=\"col\"  class=\"ninja_column_0 ninja_clmn_nm_items\">Articles<\/th><th scope=\"col\"  class=\"ninja_column_1 ninja_clmn_nm_index\">Indice<\/th><\/tr>\n<\/thead>\n<tbody>\n\n        <tr data-row_id=\"224\" class=\"ninja_table_row_0 nt_row_id_224\">\n            <td>Apparence<\/td><td>Cristallo\u00efdes aciculaires blancs \u00e0 jaune p\u00e2le ou granuleux<\/td>        <\/tr>\n            <tr data-row_id=\"225\" class=\"ninja_table_row_1 nt_row_id_225\">\n            <td>Puret\u00e9, %<\/td><td>99,5 minutes<\/td>        <\/tr>\n            <tr data-row_id=\"226\" class=\"ninja_table_row_2 nt_row_id_226\">\n            <td>Couleur APHA (Hazen)<\/td><td>40,0 maximum<\/td>        <\/tr>\n            <tr data-row_id=\"227\" class=\"ninja_table_row_3 nt_row_id_227\">\n            <td>Humidit\u00e9, %<\/td><td>0,1 maximum<\/td>        <\/tr>\n            <tr data-row_id=\"228\" class=\"ninja_table_row_4 nt_row_id_228\">\n            <td>Point de fusion, \u2103<\/td><td>96,0 minutes<\/td>        <\/tr>\n            <tr data-row_id=\"229\" class=\"ninja_table_row_5 nt_row_id_229\">\n            <td>Teneur en cendres, %<\/td><td>0,03 maximum<\/td>        <\/tr>\n            <tr data-row_id=\"230\" class=\"ninja_table_row_6 nt_row_id_230\">\n            <td>pH<\/td><td>5.0-6.0<\/td>        <\/tr>\n            <tr data-row_id=\"231\" class=\"ninja_table_row_7 nt_row_id_231\">\n            <td><\/td><td><\/td>        <\/tr>\n    <\/tbody><!--ninja_tobody_rendering_done-->\n    <\/table>\n    \n    \n    \n<\/div>\n\n<h3>Propri\u00e9t\u00e9s et utilisation\u00a0:<\/h3>\n<p>Ce produit est un inhibiteur de corrosion efficace qui forme un film mince lorsqu&#039;il est appliqu\u00e9 sur des surfaces m\u00e9talliques, aidant \u00e0 prot\u00e9ger le cuivre et d&#039;autres m\u00e9taux contre l&#039;oxydation et la d\u00e9coloration. Il s&#039;est av\u00e9r\u00e9 efficace comme inhibiteur de tartre et d\u00e9sinfectant contre les champignons dans les syst\u00e8mes d&#039;eau froide en circulation, sans effet n\u00e9faste sur l&#039;environnement. De plus, ses propri\u00e9t\u00e9s non corrosives et non toxiques rendent ce produit chimique particuli\u00e8rement s\u00fbr pour divers proc\u00e9d\u00e9s industriels.<\/p>\n<h3>Emballage et stockage\u00a0:<\/h3>\n<p>Ce produit doit \u00eatre stock\u00e9 dans un endroit frais, sec et bien ventil\u00e9, \u00e0 l&#039;\u00e9cart de toute source de chaleur ou d&#039;humidit\u00e9. Emballage pour <strong>1,2,3-benzotriazole (BTA)<\/strong> doit \u00eatre fait dans des r\u00e9cipients herm\u00e9tiques fabriqu\u00e9s \u00e0 partir de mat\u00e9riaux approuv\u00e9s tels que le verre, l&#039;acier inoxydable ou le plastique, \u00e9tanches et inertes aux propri\u00e9t\u00e9s chimiques du produit\u00a0: 25 kg dans un f\u00fbt en plastique ou confirm\u00e9 par les clients - stockage pendant six mois dans un chambre endroit ombrag\u00e9 et sec. De plus, des pr\u00e9cautions doivent \u00eatre prises pour minimiser l&#039;exposition \u00e0 l&#039;air et aux temp\u00e9ratures chaudes sup\u00e9rieures \u00e0 20\u00b0C lors du transport ou du stockage.<\/p>\n<h3>Synonymes\u00a0:<\/h3>\n<p>BTA\u00a0; 1,2,3-benzotriazole;1,2-aminoazoph\u00e9nyl\u00e8ne;1,2,3-triazaind\u00e8ne<\/p>\n<h3>FAQ sur le 1,2,3-benzotriazole (BTA)\u00a0:<\/h3>\n<p><strong>Qu&#039;est-ce que le 1,2,3-benzotriazole (BTA)\u00a0?<\/strong><br \/>\nLe 1,2,3-benzotriazole (BTA) est un compos\u00e9 organique synth\u00e9tique utilis\u00e9 comme additif dans une vari\u00e9t\u00e9 de produits, y compris les lubrifiants, les additifs pour carburant et les fluides de travail des m\u00e9taux. Le BTA est \u00e9galement utilis\u00e9 comme inhibiteur de corrosion dans les syst\u00e8mes de refroidissement et comme inhibiteur de tartre dans les syst\u00e8mes de chaudi\u00e8res.<\/p>\n<p><strong>Quels sont les avantages de l&#039;utilisation du 1,2,3-benzotriazole (BTA)\u00a0?<\/strong><br \/>\nLe principal avantage de l&#039;utilisation du 1,2,3-benzotriazole (BTA) est qu&#039;il contribue \u00e0 am\u00e9liorer les performances des produits dans lesquels il est utilis\u00e9. Il a \u00e9t\u00e9 d\u00e9montr\u00e9 que le BTA augmente la dur\u00e9e de vie des pi\u00e8ces m\u00e9talliques en emp\u00eachant la corrosion et l&#039;entartrage. De plus, BTA peut aider \u00e0 am\u00e9liorer l&#039;efficacit\u00e9 des syst\u00e8mes de refroidissement et de chaudi\u00e8re.<\/p>\n<p><strong>Y a-t-il des risques associ\u00e9s \u00e0 l&#039;utilisation du 1,2,3-benzotriazole (BTA)\u00a0?<\/strong><br \/>\nIl n&#039;y a aucun risque connu associ\u00e9 \u00e0 l&#039;utilisation du 1,2,3-benzotriazole (BTA). Cependant, comme pour tous les produits chimiques, il est important de manipuler le BTA avec pr\u00e9caution et de suivre toutes les consignes de s\u00e9curit\u00e9 lors de l&#039;utilisation de produits qui en contiennent.<\/p>\n<p><a href=\"https:\/\/vcycletech.com\/fr\/un-inhibiteur-de-corrosion\/\"><strong>Obtenez la solution compl\u00e8te d&#039;inhibiteurs de corrosion.<\/strong><\/a><\/p>","protected":false},"excerpt":{"rendered":"<p><strong>1,2,3-benzotriazole (BTA)<\/strong> est un compos\u00e9 organique de formule chimique C6H5N3. C&#039;est un solide cristallin blanc soluble dans l&#039;eau et les solvants polaires. Le BTA est utilis\u00e9 comme inhibiteur de corrosion, agent antistatique et assistant de teinture. Il est \u00e9galement utilis\u00e9 comme interm\u00e9diaire cl\u00e9 dans la production de produits pharmaceutiques, de colorants, de produits agrochimiques et d&#039;autres produits chimiques sp\u00e9cialis\u00e9s.<\/p>\n<p>Si vous recherchez un fournisseur fiable de <strong>1,2,3-benzotriazole (BTA)<\/strong>, ne cherchez pas plus loin que la Chine ! Nos fabricants proposent des produits de haute qualit\u00e9 \u00e0 des prix comp\u00e9titifs. Contactez-nous d\u00e8s aujourd&#039;hui pour en savoir plus sur nos offres !<\/p>","protected":false},"featured_media":1124,"template":"","meta":{"site-sidebar-layout":"default","site-content-layout":"default","ast-site-content-layout":"default","site-content-style":"default","site-sidebar-style":"default","ast-global-header-display":"","ast-banner-title-visibility":"","ast-main-header-display":"","ast-hfb-above-header-display":"","ast-hfb-below-header-display":"","ast-hfb-mobile-header-display":"","site-post-title":"","ast-breadcrumbs-content":"","ast-featured-img":"","footer-sml-layout":"","ast-disable-related-posts":"","theme-transparent-header-meta":"default","adv-header-id-meta":"","stick-header-meta":"default","header-above-stick-meta":"","header-main-stick-meta":"","header-below-stick-meta":"","astra-migrate-meta-layouts":"default","ast-page-background-enabled":"default","ast-page-background-meta":{"desktop":{"background-color":"","background-image":"","background-repeat":"repeat","background-position":"center center","background-size":"auto","background-attachment":"scroll","background-type":"","background-media":"","overlay-type":"","overlay-color":"","overlay-opacity":"","overlay-gradient":""},"tablet":{"background-color":"","background-image":"","background-repeat":"repeat","background-position":"center center","background-size":"auto","background-attachment":"scroll","background-type":"","background-media":"","overlay-type":"","overlay-color":"","overlay-opacity":"","overlay-gradient":""},"mobile":{"background-color":"","background-image":"","background-repeat":"repeat","background-position":"center center","background-size":"auto","background-attachment":"scroll","background-type":"","background-media":"","overlay-type":"","overlay-color":"","overlay-opacity":"","overlay-gradient":""}},"ast-content-background-meta":{"desktop":{"background-color":"var(--ast-global-color-5)","background-image":"","background-repeat":"repeat","background-position":"center center","background-size":"auto","background-attachment":"scroll","background-type":"","background-media":"","overlay-type":"","overlay-color":"","overlay-opacity":"","overlay-gradient":""},"tablet":{"background-color":"var(--ast-global-color-5)","background-image":"","background-repeat":"repeat","background-position":"center center","background-size":"auto","background-attachment":"scroll","background-type":"","background-media":"","overlay-type":"","overlay-color":"","overlay-opacity":"","overlay-gradient":""},"mobile":{"background-color":"var(--ast-global-color-5)","background-image":"","background-repeat":"repeat","background-position":"center center","background-size":"auto","background-attachment":"scroll","background-type":"","background-media":"","overlay-type":"","overlay-color":"","overlay-opacity":"","overlay-gradient":""}}},"product_brand":[],"product_cat":[30],"product_tag":[],"class_list":{"0":"post-1115","1":"product","2":"type-product","3":"status-publish","4":"has-post-thumbnail","6":"product_cat-corrosion-inhibitors","7":"desktop-align-left","8":"tablet-align-left","9":"mobile-align-left","10":"ast-product-gallery-layout-horizontal-slider","11":"ast-product-tabs-layout-horizontal","13":"first","14":"instock","15":"shipping-taxable","16":"product-type-simple"},"yoast_head":"<!-- This site is optimized with the Yoast SEO Premium plugin v26.3 (Yoast SEO v27.5) - https:\/\/yoast.com\/product\/yoast-seo-premium-wordpress\/ -->\n<title>1,2,3-Benzotriazole (BTA) - vcycletech<\/title>\n<meta name=\"description\" content=\"1,2,3-Benzotriazole (BTA) is a bitter and odorless organic compound with a boiling point of 204\u2103 (15mmHg) and is soluble in alcohol, benzene, toluene, chloroform, and dimethylformamide. It is slightly soluble in water. BTA has a variety of uses, including rust prevention, anti-freezing liquid, antioxidant additive for lubricating oil, hydraulic oil, brake oil, and transformer&#039;s oil, and emergent\/water stabilizer\/additive for high molecular materials like polyester and polyesteramide to increase ultraviolet resistance &amp; anti-static electricity properties, photographic antifogging agent, copper mine flotation &amp; metal&#039;s slow corrosion.\" \/>\n<meta name=\"robots\" content=\"index, follow, max-snippet:-1, max-image-preview:large, max-video-preview:-1\" \/>\n<link rel=\"canonical\" href=\"https:\/\/vcycletech.com\/fr\/produit\/123-benzotriazole-bta\/\" \/>\n<meta property=\"og:locale\" content=\"fr_FR\" \/>\n<meta property=\"og:type\" content=\"article\" \/>\n<meta property=\"og:title\" content=\"1,2,3-Benzotriazole (BTA)\" \/>\n<meta property=\"og:description\" content=\"1,2,3-Benzotriazole (BTA) is a bitter and odorless organic compound with a boiling point of 204\u2103 (15mmHg) and is soluble in alcohol, benzene, toluene, chloroform, and dimethylformamide. It is slightly soluble in water. BTA has a variety of uses, including rust prevention, anti-freezing liquid, antioxidant additive for lubricating oil, hydraulic oil, brake oil, and transformer&#039;s oil, and emergent\/water stabilizer\/additive for high molecular materials like polyester and polyesteramide to increase ultraviolet resistance &amp; anti-static electricity properties, photographic antifogging agent, copper mine flotation &amp; metal&#039;s slow corrosion.\" \/>\n<meta property=\"og:url\" content=\"https:\/\/vcycletech.com\/fr\/produit\/123-benzotriazole-bta\/\" \/>\n<meta property=\"og:site_name\" content=\"vcycletech\" \/>\n<meta property=\"article:modified_time\" content=\"2023-03-21T09:09:58+00:00\" \/>\n<meta property=\"og:image\" content=\"https:\/\/vcycletech.com\/wp-content\/uploads\/2023\/03\/1-29.png\" \/>\n\t<meta property=\"og:image:width\" content=\"600\" \/>\n\t<meta property=\"og:image:height\" content=\"600\" \/>\n\t<meta property=\"og:image:type\" content=\"image\/png\" \/>\n<meta name=\"twitter:card\" content=\"summary_large_image\" \/>\n<meta name=\"twitter:label1\" content=\"Dur\u00e9e de lecture estim\u00e9e\" \/>\n\t<meta name=\"twitter:data1\" content=\"2 minutes\" \/>\n<script type=\"application\/ld+json\" class=\"yoast-schema-graph\">{\"@context\":\"https:\\\/\\\/schema.org\",\"@graph\":[{\"@type\":\"WebPage\",\"@id\":\"https:\\\/\\\/vcycletech.com\\\/product\\\/123-benzotriazole-bta\\\/\",\"url\":\"https:\\\/\\\/vcycletech.com\\\/product\\\/123-benzotriazole-bta\\\/\",\"name\":\"1,2,3-Benzotriazole (BTA) - vcycletech\",\"isPartOf\":{\"@id\":\"https:\\\/\\\/vcycletech.com\\\/#website\"},\"primaryImageOfPage\":{\"@id\":\"https:\\\/\\\/vcycletech.com\\\/product\\\/123-benzotriazole-bta\\\/#primaryimage\"},\"image\":{\"@id\":\"https:\\\/\\\/vcycletech.com\\\/product\\\/123-benzotriazole-bta\\\/#primaryimage\"},\"thumbnailUrl\":\"https:\\\/\\\/vcycletech.com\\\/wp-content\\\/uploads\\\/2023\\\/03\\\/1-29.png\",\"datePublished\":\"2023-03-21T07:19:36+00:00\",\"dateModified\":\"2023-03-21T09:09:58+00:00\",\"description\":\"1,2,3-Benzotriazole (BTA) is a bitter and odorless organic compound with a boiling point of 204\u2103 (15mmHg) and is soluble in alcohol, benzene, toluene, chloroform, and dimethylformamide. It is slightly soluble in water. BTA has a variety of uses, including rust prevention, anti-freezing liquid, antioxidant additive for lubricating oil, hydraulic oil, brake oil, and transformer's oil, and emergent\\\/water stabilizer\\\/additive for high molecular materials like polyester and polyesteramide to increase ultraviolet resistance & anti-static electricity properties, photographic antifogging agent, copper mine flotation & metal's slow corrosion.\",\"breadcrumb\":{\"@id\":\"https:\\\/\\\/vcycletech.com\\\/product\\\/123-benzotriazole-bta\\\/#breadcrumb\"},\"inLanguage\":\"fr-FR\",\"potentialAction\":[{\"@type\":\"ReadAction\",\"target\":[\"https:\\\/\\\/vcycletech.com\\\/product\\\/123-benzotriazole-bta\\\/\"]}]},{\"@type\":\"ImageObject\",\"inLanguage\":\"fr-FR\",\"@id\":\"https:\\\/\\\/vcycletech.com\\\/product\\\/123-benzotriazole-bta\\\/#primaryimage\",\"url\":\"https:\\\/\\\/vcycletech.com\\\/wp-content\\\/uploads\\\/2023\\\/03\\\/1-29.png\",\"contentUrl\":\"https:\\\/\\\/vcycletech.com\\\/wp-content\\\/uploads\\\/2023\\\/03\\\/1-29.png\",\"width\":600,\"height\":600,\"caption\":\"1,2,3-Benzotriazole (BTA)\"},{\"@type\":\"BreadcrumbList\",\"@id\":\"https:\\\/\\\/vcycletech.com\\\/product\\\/123-benzotriazole-bta\\\/#breadcrumb\",\"itemListElement\":[{\"@type\":\"ListItem\",\"position\":1,\"name\":\"Home\",\"item\":\"https:\\\/\\\/vcycletech.com\\\/\"},{\"@type\":\"ListItem\",\"position\":2,\"name\":\"Water Treatment Chemicals Manufacturer\",\"item\":\"https:\\\/\\\/vcycletech.com\\\/water-treatment-chemicals-manufacturer\\\/\"},{\"@type\":\"ListItem\",\"position\":3,\"name\":\"1,2,3-Benzotriazole (BTA)\"}]},{\"@type\":\"WebSite\",\"@id\":\"https:\\\/\\\/vcycletech.com\\\/#website\",\"url\":\"https:\\\/\\\/vcycletech.com\\\/\",\"name\":\"vcycletech\",\"description\":\"China&#039;s top water treatment chemicals supplier\",\"publisher\":{\"@id\":\"https:\\\/\\\/vcycletech.com\\\/#organization\"},\"potentialAction\":[{\"@type\":\"SearchAction\",\"target\":{\"@type\":\"EntryPoint\",\"urlTemplate\":\"https:\\\/\\\/vcycletech.com\\\/?s={search_term_string}\"},\"query-input\":{\"@type\":\"PropertyValueSpecification\",\"valueRequired\":true,\"valueName\":\"search_term_string\"}}],\"inLanguage\":\"fr-FR\"},{\"@type\":\"Organization\",\"@id\":\"https:\\\/\\\/vcycletech.com\\\/#organization\",\"name\":\"vcycletech\",\"url\":\"https:\\\/\\\/vcycletech.com\\\/\",\"logo\":{\"@type\":\"ImageObject\",\"inLanguage\":\"fr-FR\",\"@id\":\"https:\\\/\\\/vcycletech.com\\\/#\\\/schema\\\/logo\\\/image\\\/\",\"url\":\"https:\\\/\\\/vcycletech.com\\\/wp-content\\\/uploads\\\/2023\\\/03\\\/logo-vcycletech-1.png\",\"contentUrl\":\"https:\\\/\\\/vcycletech.com\\\/wp-content\\\/uploads\\\/2023\\\/03\\\/logo-vcycletech-1.png\",\"width\":600,\"height\":400,\"caption\":\"vcycletech\"},\"image\":{\"@id\":\"https:\\\/\\\/vcycletech.com\\\/#\\\/schema\\\/logo\\\/image\\\/\"}}]}<\/script>\n<!-- \/ Yoast SEO Premium plugin. -->","yoast_head_json":{"title":"1,2,3-Benzotriazole (BTA) - vcycletech","description":"Le 1,2,3-benzotriazole (BTA) est un compos\u00e9 organique amer et inodore avec un point d&#039;\u00e9bullition de 204\u2103 (15mmHg) et est soluble dans l&#039;alcool, le benz\u00e8ne, le tolu\u00e8ne, le chloroforme et le dim\u00e9thylformamide. Il est l\u00e9g\u00e8rement soluble dans l&#039;eau. Le BTA a une vari\u00e9t\u00e9 d&#039;utilisations, y compris la pr\u00e9vention de la rouille, le liquide antigel, l&#039;additif antioxydant pour l&#039;huile de lubrification, l&#039;huile hydraulique, l&#039;huile de frein et l&#039;huile de transformateur, et le stabilisant\/additif \u00e9mergent\/de l&#039;eau pour les mat\u00e9riaux \u00e0 haut poids mol\u00e9culaire comme le polyester et le polyesteramide pour augmenter les ultraviolets. r\u00e9sistance et propri\u00e9t\u00e9s antistatiques de l&#039;\u00e9lectricit\u00e9, agent antibu\u00e9e photographique, flottation des mines de cuivre et corrosion lente du m\u00e9tal.","robots":{"index":"index","follow":"follow","max-snippet":"max-snippet:-1","max-image-preview":"max-image-preview:large","max-video-preview":"max-video-preview:-1"},"canonical":"https:\/\/vcycletech.com\/fr\/produit\/123-benzotriazole-bta\/","og_locale":"fr_FR","og_type":"article","og_title":"1,2,3-Benzotriazole (BTA)","og_description":"1,2,3-Benzotriazole (BTA) is a bitter and odorless organic compound with a boiling point of 204\u2103 (15mmHg) and is soluble in alcohol, benzene, toluene, chloroform, and dimethylformamide. It is slightly soluble in water. BTA has a variety of uses, including rust prevention, anti-freezing liquid, antioxidant additive for lubricating oil, hydraulic oil, brake oil, and transformer's oil, and emergent\/water stabilizer\/additive for high molecular materials like polyester and polyesteramide to increase ultraviolet resistance & anti-static electricity properties, photographic antifogging agent, copper mine flotation & metal's slow corrosion.","og_url":"https:\/\/vcycletech.com\/fr\/produit\/123-benzotriazole-bta\/","og_site_name":"vcycletech","article_modified_time":"2023-03-21T09:09:58+00:00","og_image":[{"width":600,"height":600,"url":"https:\/\/vcycletech.com\/wp-content\/uploads\/2023\/03\/1-29.png","type":"image\/png"}],"twitter_card":"summary_large_image","twitter_misc":{"Dur\u00e9e de lecture estim\u00e9e":"2 minutes"},"schema":{"@context":"https:\/\/schema.org","@graph":[{"@type":"WebPage","@id":"https:\/\/vcycletech.com\/product\/123-benzotriazole-bta\/","url":"https:\/\/vcycletech.com\/product\/123-benzotriazole-bta\/","name":"1,2,3-Benzotriazole (BTA) - vcycletech","isPartOf":{"@id":"https:\/\/vcycletech.com\/#website"},"primaryImageOfPage":{"@id":"https:\/\/vcycletech.com\/product\/123-benzotriazole-bta\/#primaryimage"},"image":{"@id":"https:\/\/vcycletech.com\/product\/123-benzotriazole-bta\/#primaryimage"},"thumbnailUrl":"https:\/\/vcycletech.com\/wp-content\/uploads\/2023\/03\/1-29.png","datePublished":"2023-03-21T07:19:36+00:00","dateModified":"2023-03-21T09:09:58+00:00","description":"Le 1,2,3-benzotriazole (BTA) est un compos\u00e9 organique amer et inodore avec un point d&#039;\u00e9bullition de 204\u2103 (15mmHg) et est soluble dans l&#039;alcool, le benz\u00e8ne, le tolu\u00e8ne, le chloroforme et le dim\u00e9thylformamide. Il est l\u00e9g\u00e8rement soluble dans l&#039;eau. Le BTA a une vari\u00e9t\u00e9 d&#039;utilisations, y compris la pr\u00e9vention de la rouille, le liquide antigel, l&#039;additif antioxydant pour l&#039;huile de lubrification, l&#039;huile hydraulique, l&#039;huile de frein et l&#039;huile de transformateur, et le stabilisant\/additif \u00e9mergent\/de l&#039;eau pour les mat\u00e9riaux \u00e0 haut poids mol\u00e9culaire comme le polyester et le polyesteramide pour augmenter les ultraviolets. r\u00e9sistance et propri\u00e9t\u00e9s antistatiques de l&#039;\u00e9lectricit\u00e9, agent antibu\u00e9e photographique, flottation des mines de cuivre et corrosion lente du m\u00e9tal.","breadcrumb":{"@id":"https:\/\/vcycletech.com\/product\/123-benzotriazole-bta\/#breadcrumb"},"inLanguage":"fr-FR","potentialAction":[{"@type":"ReadAction","target":["https:\/\/vcycletech.com\/product\/123-benzotriazole-bta\/"]}]},{"@type":"ImageObject","inLanguage":"fr-FR","@id":"https:\/\/vcycletech.com\/product\/123-benzotriazole-bta\/#primaryimage","url":"https:\/\/vcycletech.com\/wp-content\/uploads\/2023\/03\/1-29.png","contentUrl":"https:\/\/vcycletech.com\/wp-content\/uploads\/2023\/03\/1-29.png","width":600,"height":600,"caption":"1,2,3-Benzotriazole (BTA)"},{"@type":"BreadcrumbList","@id":"https:\/\/vcycletech.com\/product\/123-benzotriazole-bta\/#breadcrumb","itemListElement":[{"@type":"ListItem","position":1,"name":"Home","item":"https:\/\/vcycletech.com\/"},{"@type":"ListItem","position":2,"name":"Water Treatment Chemicals Manufacturer","item":"https:\/\/vcycletech.com\/water-treatment-chemicals-manufacturer\/"},{"@type":"ListItem","position":3,"name":"1,2,3-Benzotriazole (BTA)"}]},{"@type":"WebSite","@id":"https:\/\/vcycletech.com\/#website","url":"https:\/\/vcycletech.com\/","name":"vcycletech","description":"Meilleur fournisseur de produits chimiques pour le traitement de l&#039;eau en Chine","publisher":{"@id":"https:\/\/vcycletech.com\/#organization"},"potentialAction":[{"@type":"SearchAction","target":{"@type":"EntryPoint","urlTemplate":"https:\/\/vcycletech.com\/?s={search_term_string}"},"query-input":{"@type":"PropertyValueSpecification","valueRequired":true,"valueName":"search_term_string"}}],"inLanguage":"fr-FR"},{"@type":"Organization","@id":"https:\/\/vcycletech.com\/#organization","name":"vcycletech","url":"https:\/\/vcycletech.com\/","logo":{"@type":"ImageObject","inLanguage":"fr-FR","@id":"https:\/\/vcycletech.com\/#\/schema\/logo\/image\/","url":"https:\/\/vcycletech.com\/wp-content\/uploads\/2023\/03\/logo-vcycletech-1.png","contentUrl":"https:\/\/vcycletech.com\/wp-content\/uploads\/2023\/03\/logo-vcycletech-1.png","width":600,"height":400,"caption":"vcycletech"},"image":{"@id":"https:\/\/vcycletech.com\/#\/schema\/logo\/image\/"}}]}},"_links":{"self":[{"href":"https:\/\/vcycletech.com\/fr\/wp-json\/wp\/v2\/product\/1115","targetHints":{"allow":["GET"]}}],"collection":[{"href":"https:\/\/vcycletech.com\/fr\/wp-json\/wp\/v2\/product"}],"about":[{"href":"https:\/\/vcycletech.com\/fr\/wp-json\/wp\/v2\/types\/product"}],"wp:featuredmedia":[{"embeddable":true,"href":"https:\/\/vcycletech.com\/fr\/wp-json\/wp\/v2\/media\/1124"}],"wp:attachment":[{"href":"https:\/\/vcycletech.com\/fr\/wp-json\/wp\/v2\/media?parent=1115"}],"wp:term":[{"taxonomy":"product_brand","embeddable":true,"href":"https:\/\/vcycletech.com\/fr\/wp-json\/wp\/v2\/product_brand?post=1115"},{"taxonomy":"product_cat","embeddable":true,"href":"https:\/\/vcycletech.com\/fr\/wp-json\/wp\/v2\/product_cat?post=1115"},{"taxonomy":"product_tag","embeddable":true,"href":"https:\/\/vcycletech.com\/fr\/wp-json\/wp\/v2\/product_tag?post=1115"}],"curies":[{"name":"wp","href":"https:\/\/api.w.org\/{rel}","templated":true}]}}