{"id":1113,"date":"2023-03-21T07:36:31","date_gmt":"2023-03-21T07:36:31","guid":{"rendered":"https:\/\/vcycletech.com\/?post_type=product&#038;p=1113"},"modified":"2023-03-21T07:38:32","modified_gmt":"2023-03-21T07:38:32","slug":"sel-de-sodium-de-2-acrylamido-2-methylpropane-acide-sulfonique-atbs-na","status":"publish","type":"product","link":"https:\/\/vcycletech.com\/fr\/produit\/sel-de-sodium-de-2-acrylamido-2-methylpropane-acide-sulfonique-atbs-na\/","title":{"rendered":"Sel de sodium de l&#039;acide 2-acrylamido-2-m\u00e9thylpropane sulfonique (ATBS.Na)"},"content":{"rendered":"<h3>N\u00b0 CAS5165-97-9<\/h3>\n<h3>Formule structurale chimique Atbs\u00a0:<\/h3>\n<p><img fetchpriority=\"high\" decoding=\"async\" class=\"alignnone size-full wp-image-1121\" src=\"https:\/\/vcycletech.com\/wp-content\/uploads\/2023\/03\/Structural-Formula-7.png\" alt=\"Sel de sodium de l&#039;acide 2-acrylamido-2-m\u00e9thylpropane sulfonique (ATBS.Na) Formule d\u00e9velopp\u00e9e\" width=\"1400\" height=\"450\" srcset=\"https:\/\/vcycletech.com\/wp-content\/uploads\/2023\/03\/Structural-Formula-7.png 1400w, https:\/\/vcycletech.com\/wp-content\/uploads\/2023\/03\/Structural-Formula-7-600x193.png 600w, https:\/\/vcycletech.com\/wp-content\/uploads\/2023\/03\/Structural-Formula-7-300x96.png 300w, https:\/\/vcycletech.com\/wp-content\/uploads\/2023\/03\/Structural-Formula-7-1024x329.png 1024w, https:\/\/vcycletech.com\/wp-content\/uploads\/2023\/03\/Structural-Formula-7-768x247.png 768w\" sizes=\"(max-width: 1400px) 100vw, 1400px\" \/><\/p>\n<h3>Propri\u00e9t\u00e9s:<\/h3>\n<p>ATBS.Na est un tensioactif polym\u00e9risable hautement r\u00e9actif et hydrophile avec des propri\u00e9t\u00e9s \u00e9lectrolytiques uniques. Il est adsorb\u00e9 sur les particules de latex form\u00e9es par l&#039;ionosph\u00e8re, augmentant leur stabilit\u00e9. Avec l&#039;utilisation d&#039;ATBS.Na, il est possible de remplacer les monom\u00e8res d&#039;acide carboxylique tels que l&#039;acide acrylique ou l&#039;acide m\u00e9thacrylique sans compromettre la stabilit\u00e9 m\u00e9canique et la r\u00e9sistance aux cations divalents dans les syst\u00e8mes d&#039;\u00e9mulsions acryliques, ac\u00e9tate de vinyle-acrylate et styr\u00e8ne-acrylique. De plus, l&#039;ATBS.Na a une bonne r\u00e9sistance \u00e0 l&#039;hydrolyse et une bonne stabilit\u00e9 thermique et conf\u00e8re une chaleur douce, flexible et confortable aux rev\u00eatements lorsque des \u00e9mulsions sont ajout\u00e9es. Il offre \u00e9galement une tol\u00e9rance accrue \u00e0 l&#039;abrasion de la couche de rev\u00eatement.<\/p>\n<h3>Sp\u00e9cification:<\/h3>\n<div id=\"footable_parent_1131\"\n         class=\"footable_parent ninja_table_wrapper loading_ninja_table wp_table_data_press_parent semantic_ui\">\n                <table data-ninja_table_instance=\"ninja_table_instance_0\" data-footable_id=\"1131\" data-filter-delay=\"1000\" aria-label=\"Sel de sodium ATBS (ATBS.Na).csv\"            id=\"footable_1131\"\n           data-unique_identifier=\"ninja_table_unique_id_506993510_1131\"\n           class=\"foo-table ninja_footable foo_table_1131 ninja_table_unique_id_506993510_1131 ui table  nt_type_legacy_table selectable striped vertical_centered  footable-paging-right ninja_table_pro\">\n                <colgroup>\n                            <col class=\"ninja_column_0\">\n                            <col class=\"ninja_column_1\">\n                    <\/colgroup>\n        <thead>\n<tr class=\"footable-header\">\n                                        <th scope=\"col\"  class=\"ninja_column_0 ninja_clmn_nm_items\">Articles<\/th><th scope=\"col\"  class=\"ninja_column_1 ninja_clmn_nm_index\">Indice<\/th><\/tr>\n<\/thead>\n<tbody>\n\n        <tr data-row_id=\"232\" class=\"ninja_table_row_0 nt_row_id_232\">\n            <td>Apparence<\/td><td>Liquide transparent incolore \u00e0 jaune clair<\/td>        <\/tr>\n            <tr data-row_id=\"233\" class=\"ninja_table_row_1 nt_row_id_233\">\n            <td>Contenu solide, %<\/td><td>50 minutes<\/td>        <\/tr>\n            <tr data-row_id=\"234\" class=\"ninja_table_row_2 nt_row_id_234\">\n            <td>Viscosit\u00e9 (mPa)<\/td><td>20 maximum<\/td>        <\/tr>\n            <tr data-row_id=\"235\" class=\"ninja_table_row_3 nt_row_id_235\">\n            <td>Densit\u00e9 (20\u2103), g\/cm3<\/td><td>1.18-1.23<\/td>        <\/tr>\n            <tr data-row_id=\"236\" class=\"ninja_table_row_4 nt_row_id_236\">\n            <td>PH<\/td><td>8.0-10.0<\/td>        <\/tr>\n    <\/tbody><!--ninja_tobody_rendering_done-->\n    <\/table>\n    \n    \n    \n<\/div>\n\n<h3>Questions fr\u00e9quemment pos\u00e9es<\/h3>\n<h4>Qu&#039;est-ce qu&#039;ATBS.Na\u00a0?<\/h4>\n<p>ATBS.Na est le sel de sodium de l&#039;acide 2-acrylamido-2-m\u00e9thylpropane sulfonique. C&#039;est une poudre blanche soluble dans l&#039;eau qui est utilis\u00e9e comme agent floculant, \u00e9mulsifiant et agent dispersant.<\/p>\n<h4>Quelles sont les propri\u00e9t\u00e9s d&#039;ATBS.Na ?<\/h4>\n<p>ATBS.Na a un poids mol\u00e9culaire de 376,38 et un point de fusion de 235-240 degr\u00e9s Celsius. Il est soluble dans l&#039;eau et insoluble dans les solvants organiques tels que l&#039;\u00e9thanol et l&#039;ac\u00e9tone.<\/p>\n<h4>Quelles sont les utilisations d&#039;ATBS.Na ?<\/h4>\n<p>L&#039;ATBS.Na est utilis\u00e9 comme agent floculant dans le traitement de l&#039;eau, comme \u00e9mulsifiant dans les cosm\u00e9tiques et les produits pharmaceutiques et comme agent dispersant dans les peintures et les rev\u00eatements.<\/p>\n<h4>Comment fonctionne ATBS.Na ?<\/h4>\n<p>ATBS.Na agit en se liant aux particules dans l&#039;eau, les faisant s&#039;agglutiner (floculer). Cela facilite l&#039;\u00e9limination des particules de l&#039;eau en utilisant la filtration ou la s\u00e9dimentation.<\/p>\n<h4>Quels sont les avantages d&#039;utiliser ATBS.Na\u00a0?<\/h4>\n<p>Le principal avantage de l&#039;utilisation d&#039;ATBS.Na est qu&#039;il peut aider \u00e0 am\u00e9liorer la clart\u00e9 de l&#039;eau en \u00e9liminant les particules en suspension. Il peut \u00e9galement aider \u00e0 stabiliser les \u00e9mulsions et \u00e0 les emp\u00eacher de se s\u00e9parer en leurs composants.<\/p>\n<h4>Quels sont les effets secondaires d&#039;ATBS.Na ?<\/h4>\n<p>Il n&#039;y a pas d&#039;effets secondaires connus associ\u00e9s \u00e0 ATBS.Na lorsqu&#039;il est utilis\u00e9 aux niveaux recommand\u00e9s. Cependant, une utilisation excessive peut entra\u00eener une eau trouble en raison d&#039;une floculation excessive.<\/p>\n<h4>L&#039;ATBS est-il sans danger pour la consommation humaine\u00a0?<\/h4>\n<p>Non, l&#039;ATBS ne doit pas \u00eatre consomm\u00e9 par les humains ou les animaux en raison de sa toxicit\u00e9 potentielle<\/p>","protected":false},"excerpt":{"rendered":"<p class=\"my-0.5\"><strong>Sel de sodium de l&#039;acide 2-acrylamido-2-m\u00e9thylpropane sulfonique (ATBS.Na)<\/strong> est un monom\u00e8re polym\u00e9ris\u00e9 fonctionnel hautement r\u00e9actif et hautement hydrophile et une sorte de tensioactif polym\u00e9risable. Il est \u00e9galement connu sous le nom de NAAMPS ou NA ATBS, et un identifiant num\u00e9rique unique lui est attribu\u00e9. Le monom\u00e8re ATBS et le sel de sodium ATBS sont des dispersants particuli\u00e8rement efficaces pour les mat\u00e9riaux hautement polaires, ce qui les rend id\u00e9aux pour une utilisation dans les polym\u00e8res de poids mol\u00e9culaire inf\u00e9rieur. Avec sa large gamme de r\u00e9activit\u00e9 avec les monom\u00e8res vinyliques, le sel de sodium de l&#039;acide 2-acrylamido-2-m\u00e9thylpropane sulfonique (ATBS.Na) est un composant essentiel pour de nombreuses applications industrielles.<\/p>","protected":false},"featured_media":1123,"template":"","meta":{"site-sidebar-layout":"default","site-content-layout":"default","ast-site-content-layout":"default","site-content-style":"default","site-sidebar-style":"default","ast-global-header-display":"","ast-banner-title-visibility":"","ast-main-header-display":"","ast-hfb-above-header-display":"","ast-hfb-below-header-display":"","ast-hfb-mobile-header-display":"","site-post-title":"","ast-breadcrumbs-content":"","ast-featured-img":"","footer-sml-layout":"","ast-disable-related-posts":"","theme-transparent-header-meta":"default","adv-header-id-meta":"","stick-header-meta":"default","header-above-stick-meta":"","header-main-stick-meta":"","header-below-stick-meta":"","astra-migrate-meta-layouts":"default","ast-page-background-enabled":"default","ast-page-background-meta":{"desktop":{"background-color":"","background-image":"","background-repeat":"repeat","background-position":"center center","background-size":"auto","background-attachment":"scroll","background-type":"","background-media":"","overlay-type":"","overlay-color":"","overlay-opacity":"","overlay-gradient":""},"tablet":{"background-color":"","background-image":"","background-repeat":"repeat","background-position":"center center","background-size":"auto","background-attachment":"scroll","background-type":"","background-media":"","overlay-type":"","overlay-color":"","overlay-opacity":"","overlay-gradient":""},"mobile":{"background-color":"","background-image":"","background-repeat":"repeat","background-position":"center center","background-size":"auto","background-attachment":"scroll","background-type":"","background-media":"","overlay-type":"","overlay-color":"","overlay-opacity":"","overlay-gradient":""}},"ast-content-background-meta":{"desktop":{"background-color":"var(--ast-global-color-5)","background-image":"","background-repeat":"repeat","background-position":"center center","background-size":"auto","background-attachment":"scroll","background-type":"","background-media":"","overlay-type":"","overlay-color":"","overlay-opacity":"","overlay-gradient":""},"tablet":{"background-color":"var(--ast-global-color-5)","background-image":"","background-repeat":"repeat","background-position":"center center","background-size":"auto","background-attachment":"scroll","background-type":"","background-media":"","overlay-type":"","overlay-color":"","overlay-opacity":"","overlay-gradient":""},"mobile":{"background-color":"var(--ast-global-color-5)","background-image":"","background-repeat":"repeat","background-position":"center center","background-size":"auto","background-attachment":"scroll","background-type":"","background-media":"","overlay-type":"","overlay-color":"","overlay-opacity":"","overlay-gradient":""}}},"product_brand":[],"product_cat":[28],"product_tag":[],"class_list":{"0":"post-1113","1":"product","2":"type-product","3":"status-publish","4":"has-post-thumbnail","6":"product_cat-polycarboxylic-antiscalant-and-dispersant","7":"desktop-align-left","8":"tablet-align-left","9":"mobile-align-left","10":"ast-product-gallery-layout-horizontal-slider","11":"ast-product-gallery-with-no-image","12":"ast-product-tabs-layout-horizontal","14":"first","15":"instock","16":"shipping-taxable","17":"product-type-simple"},"yoast_head":"<!-- This site is optimized with the Yoast SEO Premium plugin v26.3 (Yoast SEO v27.3) - https:\/\/yoast.com\/product\/yoast-seo-premium-wordpress\/ -->\n<title>Sodium Salt of 2-Acrylamido-2-Methylpropane Sulfonic Acid (ATBS.Na) - vcycletech<\/title>\n<meta name=\"description\" content=\"Find the perfect ATBS Sodium Salt (ATBS.Na) solution for your project! Our 50% liquid solution makes it easy to handle and create polymer electrolyte properties.\" \/>\n<meta name=\"robots\" content=\"index, follow, max-snippet:-1, max-image-preview:large, max-video-preview:-1\" \/>\n<link rel=\"canonical\" href=\"https:\/\/vcycletech.com\/fr\/produit\/sel-de-sodium-de-2-acrylamido-2-methylpropane-acide-sulfonique-atbs-na\/\" \/>\n<meta property=\"og:locale\" content=\"fr_FR\" \/>\n<meta property=\"og:type\" content=\"article\" \/>\n<meta property=\"og:title\" content=\"Sodium Salt of 2-Acrylamido-2-Methylpropane Sulfonic Acid (ATBS.Na)\" \/>\n<meta property=\"og:description\" content=\"Find the perfect ATBS Sodium Salt (ATBS.Na) solution for your project! Our 50% liquid solution makes it easy to handle and create polymer electrolyte properties.\" \/>\n<meta property=\"og:url\" content=\"https:\/\/vcycletech.com\/fr\/produit\/sel-de-sodium-de-2-acrylamido-2-methylpropane-acide-sulfonique-atbs-na\/\" \/>\n<meta property=\"og:site_name\" content=\"vcycletech\" \/>\n<meta property=\"article:modified_time\" content=\"2023-03-21T07:38:32+00:00\" \/>\n<meta property=\"og:image\" content=\"https:\/\/vcycletech.com\/wp-content\/uploads\/2023\/03\/1-28.png\" \/>\n\t<meta property=\"og:image:width\" content=\"600\" \/>\n\t<meta property=\"og:image:height\" content=\"600\" \/>\n\t<meta property=\"og:image:type\" content=\"image\/png\" \/>\n<meta name=\"twitter:card\" content=\"summary_large_image\" \/>\n<meta name=\"twitter:label1\" content=\"Dur\u00e9e de lecture estim\u00e9e\" \/>\n\t<meta name=\"twitter:data1\" content=\"2 minutes\" \/>\n<script type=\"application\/ld+json\" class=\"yoast-schema-graph\">{\"@context\":\"https:\\\/\\\/schema.org\",\"@graph\":[{\"@type\":\"WebPage\",\"@id\":\"https:\\\/\\\/vcycletech.com\\\/product\\\/sodium-salt-of-2-acrylamido-2-methylpropane-sulfonic-acid-atbs-na\\\/\",\"url\":\"https:\\\/\\\/vcycletech.com\\\/product\\\/sodium-salt-of-2-acrylamido-2-methylpropane-sulfonic-acid-atbs-na\\\/\",\"name\":\"Sodium Salt of 2-Acrylamido-2-Methylpropane Sulfonic Acid (ATBS.Na) - vcycletech\",\"isPartOf\":{\"@id\":\"https:\\\/\\\/vcycletech.com\\\/#website\"},\"primaryImageOfPage\":{\"@id\":\"https:\\\/\\\/vcycletech.com\\\/product\\\/sodium-salt-of-2-acrylamido-2-methylpropane-sulfonic-acid-atbs-na\\\/#primaryimage\"},\"image\":{\"@id\":\"https:\\\/\\\/vcycletech.com\\\/product\\\/sodium-salt-of-2-acrylamido-2-methylpropane-sulfonic-acid-atbs-na\\\/#primaryimage\"},\"thumbnailUrl\":\"https:\\\/\\\/vcycletech.com\\\/wp-content\\\/uploads\\\/2023\\\/03\\\/1-28.png\",\"datePublished\":\"2023-03-21T07:36:31+00:00\",\"dateModified\":\"2023-03-21T07:38:32+00:00\",\"description\":\"Find the perfect ATBS Sodium Salt (ATBS.Na) solution for your project! Our 50% liquid solution makes it easy to handle and create polymer electrolyte properties.\",\"breadcrumb\":{\"@id\":\"https:\\\/\\\/vcycletech.com\\\/product\\\/sodium-salt-of-2-acrylamido-2-methylpropane-sulfonic-acid-atbs-na\\\/#breadcrumb\"},\"inLanguage\":\"fr-FR\",\"potentialAction\":[{\"@type\":\"ReadAction\",\"target\":[\"https:\\\/\\\/vcycletech.com\\\/product\\\/sodium-salt-of-2-acrylamido-2-methylpropane-sulfonic-acid-atbs-na\\\/\"]}]},{\"@type\":\"ImageObject\",\"inLanguage\":\"fr-FR\",\"@id\":\"https:\\\/\\\/vcycletech.com\\\/product\\\/sodium-salt-of-2-acrylamido-2-methylpropane-sulfonic-acid-atbs-na\\\/#primaryimage\",\"url\":\"https:\\\/\\\/vcycletech.com\\\/wp-content\\\/uploads\\\/2023\\\/03\\\/1-28.png\",\"contentUrl\":\"https:\\\/\\\/vcycletech.com\\\/wp-content\\\/uploads\\\/2023\\\/03\\\/1-28.png\",\"width\":600,\"height\":600,\"caption\":\"Sodium Salt of 2-Acrylamido-2-Methylpropane Sulfonic Acid (ATBS.Na)\"},{\"@type\":\"BreadcrumbList\",\"@id\":\"https:\\\/\\\/vcycletech.com\\\/product\\\/sodium-salt-of-2-acrylamido-2-methylpropane-sulfonic-acid-atbs-na\\\/#breadcrumb\",\"itemListElement\":[{\"@type\":\"ListItem\",\"position\":1,\"name\":\"Home\",\"item\":\"https:\\\/\\\/vcycletech.com\\\/\"},{\"@type\":\"ListItem\",\"position\":2,\"name\":\"Water Treatment Chemicals Manufacturer\",\"item\":\"https:\\\/\\\/vcycletech.com\\\/water-treatment-chemicals-manufacturer\\\/\"},{\"@type\":\"ListItem\",\"position\":3,\"name\":\"Sodium Salt of 2-Acrylamido-2-Methylpropane Sulfonic Acid (ATBS.Na)\"}]},{\"@type\":\"WebSite\",\"@id\":\"https:\\\/\\\/vcycletech.com\\\/#website\",\"url\":\"https:\\\/\\\/vcycletech.com\\\/\",\"name\":\"vcycletech\",\"description\":\"China&#039;s top water treatment chemicals supplier\",\"publisher\":{\"@id\":\"https:\\\/\\\/vcycletech.com\\\/#organization\"},\"potentialAction\":[{\"@type\":\"SearchAction\",\"target\":{\"@type\":\"EntryPoint\",\"urlTemplate\":\"https:\\\/\\\/vcycletech.com\\\/?s={search_term_string}\"},\"query-input\":{\"@type\":\"PropertyValueSpecification\",\"valueRequired\":true,\"valueName\":\"search_term_string\"}}],\"inLanguage\":\"fr-FR\"},{\"@type\":\"Organization\",\"@id\":\"https:\\\/\\\/vcycletech.com\\\/#organization\",\"name\":\"vcycletech\",\"url\":\"https:\\\/\\\/vcycletech.com\\\/\",\"logo\":{\"@type\":\"ImageObject\",\"inLanguage\":\"fr-FR\",\"@id\":\"https:\\\/\\\/vcycletech.com\\\/#\\\/schema\\\/logo\\\/image\\\/\",\"url\":\"https:\\\/\\\/vcycletech.com\\\/wp-content\\\/uploads\\\/2023\\\/03\\\/logo-vcycletech-1.png\",\"contentUrl\":\"https:\\\/\\\/vcycletech.com\\\/wp-content\\\/uploads\\\/2023\\\/03\\\/logo-vcycletech-1.png\",\"width\":600,\"height\":400,\"caption\":\"vcycletech\"},\"image\":{\"@id\":\"https:\\\/\\\/vcycletech.com\\\/#\\\/schema\\\/logo\\\/image\\\/\"}}]}<\/script>\n<!-- \/ Yoast SEO Premium plugin. -->","yoast_head_json":{"title":"Sel de sodium de l&#039;acide sulfonique 2-acrylamido-2-m\u00e9thylpropane (ATBS.Na) - vcycletech","description":"Trouvez la solution de sel de sodium ATBS (ATBS.Na) parfaite pour votre projet\u00a0! Notre solution liquide 50% facilite la manipulation et cr\u00e9e des propri\u00e9t\u00e9s d&#039;\u00e9lectrolyte polym\u00e8re.","robots":{"index":"index","follow":"follow","max-snippet":"max-snippet:-1","max-image-preview":"max-image-preview:large","max-video-preview":"max-video-preview:-1"},"canonical":"https:\/\/vcycletech.com\/fr\/produit\/sel-de-sodium-de-2-acrylamido-2-methylpropane-acide-sulfonique-atbs-na\/","og_locale":"fr_FR","og_type":"article","og_title":"Sodium Salt of 2-Acrylamido-2-Methylpropane Sulfonic Acid (ATBS.Na)","og_description":"Find the perfect ATBS Sodium Salt (ATBS.Na) solution for your project! Our 50% liquid solution makes it easy to handle and create polymer electrolyte properties.","og_url":"https:\/\/vcycletech.com\/fr\/produit\/sel-de-sodium-de-2-acrylamido-2-methylpropane-acide-sulfonique-atbs-na\/","og_site_name":"vcycletech","article_modified_time":"2023-03-21T07:38:32+00:00","og_image":[{"width":600,"height":600,"url":"https:\/\/vcycletech.com\/wp-content\/uploads\/2023\/03\/1-28.png","type":"image\/png"}],"twitter_card":"summary_large_image","twitter_misc":{"Dur\u00e9e de lecture estim\u00e9e":"2 minutes"},"schema":{"@context":"https:\/\/schema.org","@graph":[{"@type":"WebPage","@id":"https:\/\/vcycletech.com\/product\/sodium-salt-of-2-acrylamido-2-methylpropane-sulfonic-acid-atbs-na\/","url":"https:\/\/vcycletech.com\/product\/sodium-salt-of-2-acrylamido-2-methylpropane-sulfonic-acid-atbs-na\/","name":"Sel de sodium de l&#039;acide sulfonique 2-acrylamido-2-m\u00e9thylpropane (ATBS.Na) - vcycletech","isPartOf":{"@id":"https:\/\/vcycletech.com\/#website"},"primaryImageOfPage":{"@id":"https:\/\/vcycletech.com\/product\/sodium-salt-of-2-acrylamido-2-methylpropane-sulfonic-acid-atbs-na\/#primaryimage"},"image":{"@id":"https:\/\/vcycletech.com\/product\/sodium-salt-of-2-acrylamido-2-methylpropane-sulfonic-acid-atbs-na\/#primaryimage"},"thumbnailUrl":"https:\/\/vcycletech.com\/wp-content\/uploads\/2023\/03\/1-28.png","datePublished":"2023-03-21T07:36:31+00:00","dateModified":"2023-03-21T07:38:32+00:00","description":"Trouvez la solution de sel de sodium ATBS (ATBS.Na) parfaite pour votre projet\u00a0! Notre solution liquide 50% facilite la manipulation et cr\u00e9e des propri\u00e9t\u00e9s d&#039;\u00e9lectrolyte polym\u00e8re.","breadcrumb":{"@id":"https:\/\/vcycletech.com\/product\/sodium-salt-of-2-acrylamido-2-methylpropane-sulfonic-acid-atbs-na\/#breadcrumb"},"inLanguage":"fr-FR","potentialAction":[{"@type":"ReadAction","target":["https:\/\/vcycletech.com\/product\/sodium-salt-of-2-acrylamido-2-methylpropane-sulfonic-acid-atbs-na\/"]}]},{"@type":"ImageObject","inLanguage":"fr-FR","@id":"https:\/\/vcycletech.com\/product\/sodium-salt-of-2-acrylamido-2-methylpropane-sulfonic-acid-atbs-na\/#primaryimage","url":"https:\/\/vcycletech.com\/wp-content\/uploads\/2023\/03\/1-28.png","contentUrl":"https:\/\/vcycletech.com\/wp-content\/uploads\/2023\/03\/1-28.png","width":600,"height":600,"caption":"Sodium Salt of 2-Acrylamido-2-Methylpropane Sulfonic Acid (ATBS.Na)"},{"@type":"BreadcrumbList","@id":"https:\/\/vcycletech.com\/product\/sodium-salt-of-2-acrylamido-2-methylpropane-sulfonic-acid-atbs-na\/#breadcrumb","itemListElement":[{"@type":"ListItem","position":1,"name":"Home","item":"https:\/\/vcycletech.com\/"},{"@type":"ListItem","position":2,"name":"Water Treatment Chemicals Manufacturer","item":"https:\/\/vcycletech.com\/water-treatment-chemicals-manufacturer\/"},{"@type":"ListItem","position":3,"name":"Sodium Salt of 2-Acrylamido-2-Methylpropane Sulfonic Acid (ATBS.Na)"}]},{"@type":"WebSite","@id":"https:\/\/vcycletech.com\/#website","url":"https:\/\/vcycletech.com\/","name":"vcycletech","description":"Meilleur fournisseur de produits chimiques pour le traitement de l&#039;eau en Chine","publisher":{"@id":"https:\/\/vcycletech.com\/#organization"},"potentialAction":[{"@type":"SearchAction","target":{"@type":"EntryPoint","urlTemplate":"https:\/\/vcycletech.com\/?s={search_term_string}"},"query-input":{"@type":"PropertyValueSpecification","valueRequired":true,"valueName":"search_term_string"}}],"inLanguage":"fr-FR"},{"@type":"Organization","@id":"https:\/\/vcycletech.com\/#organization","name":"vcycletech","url":"https:\/\/vcycletech.com\/","logo":{"@type":"ImageObject","inLanguage":"fr-FR","@id":"https:\/\/vcycletech.com\/#\/schema\/logo\/image\/","url":"https:\/\/vcycletech.com\/wp-content\/uploads\/2023\/03\/logo-vcycletech-1.png","contentUrl":"https:\/\/vcycletech.com\/wp-content\/uploads\/2023\/03\/logo-vcycletech-1.png","width":600,"height":400,"caption":"vcycletech"},"image":{"@id":"https:\/\/vcycletech.com\/#\/schema\/logo\/image\/"}}]}},"_links":{"self":[{"href":"https:\/\/vcycletech.com\/fr\/wp-json\/wp\/v2\/product\/1113","targetHints":{"allow":["GET"]}}],"collection":[{"href":"https:\/\/vcycletech.com\/fr\/wp-json\/wp\/v2\/product"}],"about":[{"href":"https:\/\/vcycletech.com\/fr\/wp-json\/wp\/v2\/types\/product"}],"wp:featuredmedia":[{"embeddable":true,"href":"https:\/\/vcycletech.com\/fr\/wp-json\/wp\/v2\/media\/1123"}],"wp:attachment":[{"href":"https:\/\/vcycletech.com\/fr\/wp-json\/wp\/v2\/media?parent=1113"}],"wp:term":[{"taxonomy":"product_brand","embeddable":true,"href":"https:\/\/vcycletech.com\/fr\/wp-json\/wp\/v2\/product_brand?post=1113"},{"taxonomy":"product_cat","embeddable":true,"href":"https:\/\/vcycletech.com\/fr\/wp-json\/wp\/v2\/product_cat?post=1113"},{"taxonomy":"product_tag","embeddable":true,"href":"https:\/\/vcycletech.com\/fr\/wp-json\/wp\/v2\/product_tag?post=1113"}],"curies":[{"name":"wp","href":"https:\/\/api.w.org\/{rel}","templated":true}]}}