{"id":1104,"date":"2023-03-21T06:59:13","date_gmt":"2023-03-21T06:59:13","guid":{"rendered":"https:\/\/vcycletech.com\/?post_type=product&#038;p=1104"},"modified":"2023-03-24T03:32:47","modified_gmt":"2023-03-24T03:32:47","slug":"glutaraldehyde","status":"publish","type":"product","link":"https:\/\/vcycletech.com\/fr\/produit\/glutaraldehyde\/","title":{"rendered":"Glutarald\u00e9hyde"},"content":{"rendered":"<h3 id=\"structural20formula_1\" class=\"xsj_heading_hash xsj_heading xsj_heading_h3\" data-source-line=\"0\" data-source-line-display=\"true\"><span class=\"xsj_heading_content\">Formule structurelle:<\/span><\/h3>\n<p><img fetchpriority=\"high\" decoding=\"async\" class=\"alignnone size-full wp-image-1111\" src=\"https:\/\/vcycletech.com\/wp-content\/uploads\/2023\/03\/\u672a\u547d\u540d\u7684\u8bbe\u8ba1-16.png\" alt=\"Glutarald\u00e9hyde\" width=\"400\" height=\"200\" srcset=\"https:\/\/vcycletech.com\/wp-content\/uploads\/2023\/03\/\u672a\u547d\u540d\u7684\u8bbe\u8ba1-16.png 400w, https:\/\/vcycletech.com\/wp-content\/uploads\/2023\/03\/\u672a\u547d\u540d\u7684\u8bbe\u8ba1-16-300x150.png 300w\" sizes=\"(max-width: 400px) 100vw, 400px\" \/><\/p>\n<p class=\"xsj_paragraph xsj_paragraph_level_0\" data-source-line=\"2\" data-source-line-display=\"true\">CAS #\u00a0: 111-30-8<br \/>\nMasse mol\u00e9culaire : 100,11 g\/mol<br \/>\nFormule mol\u00e9culaire : C5H8O2<\/p>\n<h3>Propri\u00e9t\u00e9s:<\/h3>\n<p>Le glutarald\u00e9hyde est hautement toxique et peut entra\u00eener de graves risques pour la sant\u00e9 s&#039;il entre en contact avec la peau ou les yeux. Un \u00e9quipement de protection appropri\u00e9 doit \u00eatre port\u00e9 lors de la manipulation de cette mati\u00e8re dangereuse pour \u00e9viter des effets n\u00e9fastes sur la sant\u00e9 tels qu&#039;une irritation des yeux, des \u00e9ternuements, des difficult\u00e9s respiratoires ou des sympt\u00f4mes de type asthme. La toxicit\u00e9 du glutarald\u00e9hyde signifie \u00e9galement qu&#039;il doit \u00eatre manipul\u00e9 avec pr\u00e9caution, stock\u00e9 dans un endroit s\u00fbr \u00e0 l&#039;\u00e9cart des aliments et des boissons et \u00e9limin\u00e9 correctement pour \u00e9viter la contamination de l&#039;environnement.<\/p>\n<h2 id=\"applications_2\" class=\"xsj_heading_hash xsj_heading xsj_heading_h2\" data-source-line=\"6\" data-source-line-display=\"true\"><span class=\"xsj_heading_content\">Applications<\/span><\/h2>\n<p class=\"xsj_paragraph xsj_paragraph_level_0\" data-source-line=\"7\" data-source-line-display=\"true\">Le glutarald\u00e9hyde a de nombreuses utilisations industrielles, y compris la d\u00e9sinfection des \u00e9tablissements de sant\u00e9 et des laboratoires en raison de son efficacit\u00e9 \u00e0 tuer les micro-organismes au contact. Il est \u00e9galement couramment utilis\u00e9 comme conservateur dans les morgues, pour blanchir la p\u00e2te lors de la production de papier, pour conserver les \u0153ufs de poisson lors des op\u00e9rations d&#039;aquaculture, dans les cabinets dentaires pour faire des empreintes de couronnes ou de proth\u00e8ses dentaires et m\u00eame dans certains cosm\u00e9tiques tels que les colorants capillaires ou les lotions.<\/p>\n<h3>sp\u00e9cification<\/h3>\n<table>\n<tbody>\n<tr>\n<td width=\"204\">Odeur<\/td>\n<td width=\"315\">\u00e2cre<\/td>\n<\/tr>\n<tr>\n<td width=\"204\">Densit\u00e9<\/td>\n<td width=\"315\">1,06 g\/mL<\/td>\n<\/tr>\n<tr>\n<td width=\"204\">Point de fusion<\/td>\n<td width=\"315\">-14 \u00b0 C (7 \u00b0 F; 259 K)<\/td>\n<\/tr>\n<tr>\n<td width=\"204\">Point d&#039;\u00e9bullition<\/td>\n<td width=\"315\">187 \u00b0 C (369 \u00b0 F; 460 K)<\/td>\n<\/tr>\n<tr>\n<td width=\"204\">Odeur<\/td>\n<td width=\"315\">\u00e2cre<\/td>\n<\/tr>\n<tr>\n<td width=\"204\">Densit\u00e9<\/td>\n<td width=\"315\">1,06 g\/mL<\/td>\n<\/tr>\n<\/tbody>\n<\/table>\n<h2 id=\"faqs_3\" class=\"xsj_heading_hash xsj_heading xsj_heading_h2\" data-source-line=\"9\" data-source-line-display=\"true\"><span class=\"xsj_heading_content\">FAQ<\/span><\/h2>\n<div class=\"xiaoshujiang_element xsj_anchor\"><a class=\"blank_anchor_name\" name=\"120what20are20the20side20effects20of20exposure20to20glutaraldehyde_4\"><\/a><a id=\"120what20are20the20side20effects20of20exposure20to20glutaraldehyde_4\" class=\"blank_anchor_id\"><\/a><a class=\"blank_anchor_name\" name=\"1-what-are-the-side-effects-of-exposure-to-glutaraldehyde\"><\/a><a id=\"1-what-are-the-side-effects-of-exposure-to-glutaraldehyde\" class=\"blank_anchor_id\"><\/a><\/div>\n<h3 id=\"120what20are20the20side20effects20of20exposure20to20glutaraldehyde_4\" class=\"xsj_heading_hash xsj_heading xsj_heading_h3\" data-source-line=\"11\" data-source-line-display=\"true\"><span class=\"xsj_heading_content\">1. Quels sont les effets secondaires de l&#039;exposition au glutarald\u00e9hyde ?<\/span><\/h3>\n<p class=\"xsj_paragraph xsj_paragraph_level_0\" data-source-line=\"13\" data-source-line-display=\"true\">Les effets secondaires de l&#039;exposition au glutarald\u00e9hyde comprennent une irritation des yeux, des \u00e9ternuements, des difficult\u00e9s respiratoires ou des sympt\u00f4mes semblables \u00e0 ceux de l&#039;asthme. Des \u00e9ruptions cutan\u00e9es peuvent survenir dans les cas graves d&#039;exposition prolong\u00e9e sans protection ad\u00e9quate.<\/p>\n<div class=\"xiaoshujiang_element xsj_anchor\"><a class=\"blank_anchor_name\" name=\"220how20do20i20store20glutaraldehyde20safely_5\"><\/a><a id=\"220how20do20i20store20glutaraldehyde20safely_5\" class=\"blank_anchor_id\"><\/a><a class=\"blank_anchor_name\" name=\"2-how-do-i-store-glutaraldehyde-safely\"><\/a><a id=\"2-how-do-i-store-glutaraldehyde-safely\" class=\"blank_anchor_id\"><\/a><\/div>\n<h3 id=\"220how20do20i20store20glutaraldehyde20safely_5\" class=\"xsj_heading_hash xsj_heading xsj_heading_h3\" data-source-line=\"15\" data-source-line-display=\"true\"><span class=\"xsj_heading_content\">2. Comment conserver le glutarald\u00e9hyde en toute s\u00e9curit\u00e9 ?<\/span><\/h3>\n<p class=\"xsj_paragraph xsj_paragraph_level_0\" data-source-line=\"17\" data-source-line-display=\"true\">Le glutarald\u00e9hyde doit toujours \u00eatre conserv\u00e9 \u00e0 l&#039;\u00e9cart des aliments et des boissons pour \u00e9viter toute ingestion ou contamination accidentelle. Il doit \u00e9galement \u00eatre tenu \u00e0 l&#039;\u00e9cart de toute source de chaleur, comme les cuisini\u00e8res ou les radiateurs, car ceux-ci peuvent le rendre volatil et augmenter le risque d&#039;inhalation en lib\u00e9rant des vapeurs dans l&#039;air.<\/p>\n<div class=\"xiaoshujiang_element xsj_anchor\"><a class=\"blank_anchor_name\" name=\"320how20do20i20dispose20of20glutaraldehyde_6\"><\/a><a id=\"320how20do20i20dispose20of20glutaraldehyde_6\" class=\"blank_anchor_id\"><\/a><a class=\"blank_anchor_name\" name=\"3-how-do-i-dispose-of-glutaraldehyde\"><\/a><a id=\"3-how-do-i-dispose-of-glutaraldehyde\" class=\"blank_anchor_id\"><\/a><\/div>\n<h3 id=\"320how20do20i20dispose20of20glutaraldehyde_6\" class=\"xsj_heading_hash xsj_heading xsj_heading_h3\" data-source-line=\"19\" data-source-line-display=\"true\"><span class=\"xsj_heading_content\">3. Comment \u00e9liminer le glutarald\u00e9hyde ?<\/span><\/h3>\n<p class=\"xsj_paragraph xsj_paragraph_level_0\" data-source-line=\"21\" data-source-line-display=\"true\">Le glutarald\u00e9hyde doit \u00eatre \u00e9limin\u00e9 correctement conform\u00e9ment aux r\u00e9glementations locales pour se prot\u00e9ger contre la contamination de l&#039;environnement\u00a0; contactez le service d&#039;\u00e9limination des d\u00e9chets de votre gouvernement local pour plus d&#039;informations sur les pratiques d&#039;\u00e9limination s\u00fbres dans votre r\u00e9gion. De plus, tous les conteneurs contenant cette mati\u00e8re dangereuse doivent \u00eatre clairement \u00e9tiquet\u00e9s, indiquant son contenu avant son \u00e9limination afin qu&#039;ils puissent \u00eatre jet\u00e9s en toute s\u00e9curit\u00e9 sans nuire \u00e0 autrui ou \u00e0 l&#039;environnement.<\/p>\n<div class=\"xiaoshujiang_element xsj_anchor\"><a class=\"blank_anchor_name\" name=\"420what20are20some20common20uses20for20glutaraldehyde_7\"><\/a><a id=\"420what20are20some20common20uses20for20glutaraldehyde_7\" class=\"blank_anchor_id\"><\/a><a class=\"blank_anchor_name\" name=\"4-what-are-some-common-uses-for-glutaraldehyde\"><\/a><a id=\"4-what-are-some-common-uses-for-glutaraldehyde\" class=\"blank_anchor_id\"><\/a><\/div>\n<h3 id=\"420what20are20some20common20uses20for20glutaraldehyde_7\" class=\"xsj_heading_hash xsj_heading xsj_heading_h3\" data-source-line=\"23\" data-source-line-display=\"true\"><span class=\"xsj_heading_content\">4 . Quelles sont les utilisations courantes du glutarald\u00e9hyde\u00a0?<\/span><\/h3>\n<p class=\"xsj_paragraph xsj_paragraph_level_0\" data-source-line=\"25\" data-source-line-display=\"true\">Le glutarald\u00e9hyde a une vari\u00e9t\u00e9 d&#039;applications industrielles, y compris la d\u00e9sinfection dans les \u00e9tablissements de sant\u00e9 et les laboratoires ; blanchir la p\u00e2te pendant la fabrication du papier; la conservation des \u0153ufs de poisson pendant les op\u00e9rations aquacoles\u00a0; faire des empreintes de couronnes\/dentiers dans les cabinets dentaires\u00a0; ainsi que certains produits cosm\u00e9tiques comme les colorations capillaires ou les lotions. 5 . Le glutarald\u00e9hyde est-il inflammable ? Non \u2013 Le glutarald\u00e9hyde n&#039;est pas consid\u00e9r\u00e9 comme inflammable ; cependant, il ne doit jamais entrer en contact avec des flammes nues ou d&#039;autres sources de chaleur, car celles-ci peuvent augmenter le risque de lib\u00e9ration de vapeurs dans l&#039;air, ce qui pourrait entra\u00eener des risques d&#039;inhalation s&#039;il est inhal\u00e9 directement par une personne \u00e0 proximit\u00e9<\/p>\n<p class=\"xsj_paragraph xsj_paragraph_level_0\" data-source-line=\"30\" data-source-line-display=\"true\"><a class=\"xsj_link xsj_manu_link\" href=\"https:\/\/vcycletech.com\/fr\/biocide-et-algicide\/\">Obtenez la solution biocide et algicide compl\u00e8te<\/a>.<\/p>","protected":false},"excerpt":{"rendered":"<p>Vous cherchez un moyen s\u00fbr et fiable pour nettoyer et st\u00e9riliser votre \u00e9quipement industriel ? Ne cherchez pas plus loin que <strong>glutarald\u00e9hyde<\/strong>. Ce liquide \u00e0 l&#039;odeur piquante tue les bact\u00e9ries et autres micro-organismes, ce qui le rend parfait pour divers processus d&#039;assainissement et de st\u00e9rilisation. Cependant, il est important de porter un \u00e9quipement de protection appropri\u00e9 lors de la manipulation de cette substance, car l&#039;exposition peut avoir des effets n\u00e9fastes sur la sant\u00e9, tels qu&#039;une irritation des yeux, des \u00e9ternuements et des difficult\u00e9s respiratoires. vcycletech propose une large gamme de produits \u00e0 base de glutarald\u00e9hyde sans danger pour les applications industrielles. Contactez-nous aujourd&#039;hui pour en savoir plus!<\/p>","protected":false},"featured_media":1161,"template":"","meta":{"site-sidebar-layout":"default","site-content-layout":"default","ast-site-content-layout":"default","site-content-style":"default","site-sidebar-style":"default","ast-global-header-display":"","ast-banner-title-visibility":"","ast-main-header-display":"","ast-hfb-above-header-display":"","ast-hfb-below-header-display":"","ast-hfb-mobile-header-display":"","site-post-title":"","ast-breadcrumbs-content":"","ast-featured-img":"","footer-sml-layout":"","ast-disable-related-posts":"","theme-transparent-header-meta":"default","adv-header-id-meta":"","stick-header-meta":"default","header-above-stick-meta":"","header-main-stick-meta":"","header-below-stick-meta":"","astra-migrate-meta-layouts":"default","ast-page-background-enabled":"default","ast-page-background-meta":{"desktop":{"background-color":"","background-image":"","background-repeat":"repeat","background-position":"center center","background-size":"auto","background-attachment":"scroll","background-type":"","background-media":"","overlay-type":"","overlay-color":"","overlay-opacity":"","overlay-gradient":""},"tablet":{"background-color":"","background-image":"","background-repeat":"repeat","background-position":"center center","background-size":"auto","background-attachment":"scroll","background-type":"","background-media":"","overlay-type":"","overlay-color":"","overlay-opacity":"","overlay-gradient":""},"mobile":{"background-color":"","background-image":"","background-repeat":"repeat","background-position":"center center","background-size":"auto","background-attachment":"scroll","background-type":"","background-media":"","overlay-type":"","overlay-color":"","overlay-opacity":"","overlay-gradient":""}},"ast-content-background-meta":{"desktop":{"background-color":"var(--ast-global-color-5)","background-image":"","background-repeat":"repeat","background-position":"center center","background-size":"auto","background-attachment":"scroll","background-type":"","background-media":"","overlay-type":"","overlay-color":"","overlay-opacity":"","overlay-gradient":""},"tablet":{"background-color":"var(--ast-global-color-5)","background-image":"","background-repeat":"repeat","background-position":"center center","background-size":"auto","background-attachment":"scroll","background-type":"","background-media":"","overlay-type":"","overlay-color":"","overlay-opacity":"","overlay-gradient":""},"mobile":{"background-color":"var(--ast-global-color-5)","background-image":"","background-repeat":"repeat","background-position":"center center","background-size":"auto","background-attachment":"scroll","background-type":"","background-media":"","overlay-type":"","overlay-color":"","overlay-opacity":"","overlay-gradient":""}}},"product_brand":[],"product_cat":[29],"product_tag":[],"class_list":{"0":"post-1104","1":"product","2":"type-product","3":"status-publish","4":"has-post-thumbnail","6":"product_cat-biocide-and-algicide","7":"desktop-align-left","8":"tablet-align-left","9":"mobile-align-left","10":"ast-product-gallery-layout-horizontal-slider","11":"ast-product-gallery-with-no-image","12":"ast-product-tabs-layout-horizontal","14":"first","15":"instock","16":"shipping-taxable","17":"product-type-simple"},"yoast_head":"<!-- This site is optimized with the Yoast SEO Premium plugin v26.3 (Yoast SEO v27.5) - https:\/\/yoast.com\/product\/yoast-seo-premium-wordpress\/ -->\n<title>Glutaraldehyde - vcycletech<\/title>\n<meta name=\"description\" content=\"Disinfect and sterilize surfaces and equipment easily with [Glutaraldehyde]! C5H8O2 or OCH(CH\u2082)\u2083CHO is the perfect solution for industrial, laboratory, agricultural, medical, and household needs - get yours today!\" \/>\n<meta name=\"robots\" content=\"index, follow, max-snippet:-1, max-image-preview:large, max-video-preview:-1\" \/>\n<link rel=\"canonical\" href=\"https:\/\/vcycletech.com\/fr\/produit\/glutaraldehyde\/\" \/>\n<meta property=\"og:locale\" content=\"fr_FR\" \/>\n<meta property=\"og:type\" content=\"article\" \/>\n<meta property=\"og:title\" content=\"Glutaraldehyde\" \/>\n<meta property=\"og:description\" content=\"Disinfect and sterilize surfaces and equipment easily with [Glutaraldehyde]! C5H8O2 or OCH(CH\u2082)\u2083CHO is the perfect solution for industrial, laboratory, agricultural, medical, and household needs - get yours today!\" \/>\n<meta property=\"og:url\" content=\"https:\/\/vcycletech.com\/fr\/produit\/glutaraldehyde\/\" \/>\n<meta property=\"og:site_name\" content=\"vcycletech\" \/>\n<meta property=\"article:modified_time\" content=\"2023-03-24T03:32:47+00:00\" \/>\n<meta property=\"og:image\" content=\"https:\/\/vcycletech.com\/wp-content\/uploads\/2023\/03\/DBNPA-3-e1679628761433.png\" \/>\n\t<meta property=\"og:image:width\" content=\"600\" \/>\n\t<meta property=\"og:image:height\" content=\"600\" \/>\n\t<meta property=\"og:image:type\" content=\"image\/png\" \/>\n<meta name=\"twitter:card\" content=\"summary_large_image\" \/>\n<meta name=\"twitter:label1\" content=\"Dur\u00e9e de lecture estim\u00e9e\" \/>\n\t<meta name=\"twitter:data1\" content=\"3 minutes\" \/>\n<script type=\"application\/ld+json\" class=\"yoast-schema-graph\">{\"@context\":\"https:\\\/\\\/schema.org\",\"@graph\":[{\"@type\":\"WebPage\",\"@id\":\"https:\\\/\\\/vcycletech.com\\\/product\\\/glutaraldehyde\\\/\",\"url\":\"https:\\\/\\\/vcycletech.com\\\/product\\\/glutaraldehyde\\\/\",\"name\":\"Glutaraldehyde - vcycletech\",\"isPartOf\":{\"@id\":\"https:\\\/\\\/vcycletech.com\\\/#website\"},\"primaryImageOfPage\":{\"@id\":\"https:\\\/\\\/vcycletech.com\\\/product\\\/glutaraldehyde\\\/#primaryimage\"},\"image\":{\"@id\":\"https:\\\/\\\/vcycletech.com\\\/product\\\/glutaraldehyde\\\/#primaryimage\"},\"thumbnailUrl\":\"https:\\\/\\\/vcycletech.com\\\/wp-content\\\/uploads\\\/2023\\\/03\\\/DBNPA-3-e1679628761433.png\",\"datePublished\":\"2023-03-21T06:59:13+00:00\",\"dateModified\":\"2023-03-24T03:32:47+00:00\",\"description\":\"Disinfect and sterilize surfaces and equipment easily with [Glutaraldehyde]! C5H8O2 or OCH(CH\u2082)\u2083CHO is the perfect solution for industrial, laboratory, agricultural, medical, and household needs - get yours today!\",\"breadcrumb\":{\"@id\":\"https:\\\/\\\/vcycletech.com\\\/product\\\/glutaraldehyde\\\/#breadcrumb\"},\"inLanguage\":\"fr-FR\",\"potentialAction\":[{\"@type\":\"ReadAction\",\"target\":[\"https:\\\/\\\/vcycletech.com\\\/product\\\/glutaraldehyde\\\/\"]}]},{\"@type\":\"ImageObject\",\"inLanguage\":\"fr-FR\",\"@id\":\"https:\\\/\\\/vcycletech.com\\\/product\\\/glutaraldehyde\\\/#primaryimage\",\"url\":\"https:\\\/\\\/vcycletech.com\\\/wp-content\\\/uploads\\\/2023\\\/03\\\/DBNPA-3-e1679628761433.png\",\"contentUrl\":\"https:\\\/\\\/vcycletech.com\\\/wp-content\\\/uploads\\\/2023\\\/03\\\/DBNPA-3-e1679628761433.png\",\"width\":600,\"height\":600,\"caption\":\"Glutaraldehyde\"},{\"@type\":\"BreadcrumbList\",\"@id\":\"https:\\\/\\\/vcycletech.com\\\/product\\\/glutaraldehyde\\\/#breadcrumb\",\"itemListElement\":[{\"@type\":\"ListItem\",\"position\":1,\"name\":\"Home\",\"item\":\"https:\\\/\\\/vcycletech.com\\\/\"},{\"@type\":\"ListItem\",\"position\":2,\"name\":\"Water Treatment Chemicals Manufacturer\",\"item\":\"https:\\\/\\\/vcycletech.com\\\/water-treatment-chemicals-manufacturer\\\/\"},{\"@type\":\"ListItem\",\"position\":3,\"name\":\"Glutaraldehyde\"}]},{\"@type\":\"WebSite\",\"@id\":\"https:\\\/\\\/vcycletech.com\\\/#website\",\"url\":\"https:\\\/\\\/vcycletech.com\\\/\",\"name\":\"vcycletech\",\"description\":\"China&#039;s top water treatment chemicals supplier\",\"publisher\":{\"@id\":\"https:\\\/\\\/vcycletech.com\\\/#organization\"},\"potentialAction\":[{\"@type\":\"SearchAction\",\"target\":{\"@type\":\"EntryPoint\",\"urlTemplate\":\"https:\\\/\\\/vcycletech.com\\\/?s={search_term_string}\"},\"query-input\":{\"@type\":\"PropertyValueSpecification\",\"valueRequired\":true,\"valueName\":\"search_term_string\"}}],\"inLanguage\":\"fr-FR\"},{\"@type\":\"Organization\",\"@id\":\"https:\\\/\\\/vcycletech.com\\\/#organization\",\"name\":\"vcycletech\",\"url\":\"https:\\\/\\\/vcycletech.com\\\/\",\"logo\":{\"@type\":\"ImageObject\",\"inLanguage\":\"fr-FR\",\"@id\":\"https:\\\/\\\/vcycletech.com\\\/#\\\/schema\\\/logo\\\/image\\\/\",\"url\":\"https:\\\/\\\/vcycletech.com\\\/wp-content\\\/uploads\\\/2023\\\/03\\\/logo-vcycletech-1.png\",\"contentUrl\":\"https:\\\/\\\/vcycletech.com\\\/wp-content\\\/uploads\\\/2023\\\/03\\\/logo-vcycletech-1.png\",\"width\":600,\"height\":400,\"caption\":\"vcycletech\"},\"image\":{\"@id\":\"https:\\\/\\\/vcycletech.com\\\/#\\\/schema\\\/logo\\\/image\\\/\"}}]}<\/script>\n<!-- \/ Yoast SEO Premium plugin. -->","yoast_head_json":{"title":"Glutarald\u00e9hyde - vcycletech","description":"Disinfect and sterilize surfaces and equipment easily with [Glutaraldehyde]! C5H8O2 or OCH(CH\u2082)\u2083CHO is the perfect solution for industrial, laboratory, agricultural, medical, and household needs - get yours today!","robots":{"index":"index","follow":"follow","max-snippet":"max-snippet:-1","max-image-preview":"max-image-preview:large","max-video-preview":"max-video-preview:-1"},"canonical":"https:\/\/vcycletech.com\/fr\/produit\/glutaraldehyde\/","og_locale":"fr_FR","og_type":"article","og_title":"Glutaraldehyde","og_description":"Disinfect and sterilize surfaces and equipment easily with [Glutaraldehyde]! C5H8O2 or OCH(CH\u2082)\u2083CHO is the perfect solution for industrial, laboratory, agricultural, medical, and household needs - get yours today!","og_url":"https:\/\/vcycletech.com\/fr\/produit\/glutaraldehyde\/","og_site_name":"vcycletech","article_modified_time":"2023-03-24T03:32:47+00:00","og_image":[{"width":600,"height":600,"url":"https:\/\/vcycletech.com\/wp-content\/uploads\/2023\/03\/DBNPA-3-e1679628761433.png","type":"image\/png"}],"twitter_card":"summary_large_image","twitter_misc":{"Dur\u00e9e de lecture estim\u00e9e":"3 minutes"},"schema":{"@context":"https:\/\/schema.org","@graph":[{"@type":"WebPage","@id":"https:\/\/vcycletech.com\/product\/glutaraldehyde\/","url":"https:\/\/vcycletech.com\/product\/glutaraldehyde\/","name":"Glutarald\u00e9hyde - vcycletech","isPartOf":{"@id":"https:\/\/vcycletech.com\/#website"},"primaryImageOfPage":{"@id":"https:\/\/vcycletech.com\/product\/glutaraldehyde\/#primaryimage"},"image":{"@id":"https:\/\/vcycletech.com\/product\/glutaraldehyde\/#primaryimage"},"thumbnailUrl":"https:\/\/vcycletech.com\/wp-content\/uploads\/2023\/03\/DBNPA-3-e1679628761433.png","datePublished":"2023-03-21T06:59:13+00:00","dateModified":"2023-03-24T03:32:47+00:00","description":"Disinfect and sterilize surfaces and equipment easily with [Glutaraldehyde]! C5H8O2 or OCH(CH\u2082)\u2083CHO is the perfect solution for industrial, laboratory, agricultural, medical, and household needs - get yours today!","breadcrumb":{"@id":"https:\/\/vcycletech.com\/product\/glutaraldehyde\/#breadcrumb"},"inLanguage":"fr-FR","potentialAction":[{"@type":"ReadAction","target":["https:\/\/vcycletech.com\/product\/glutaraldehyde\/"]}]},{"@type":"ImageObject","inLanguage":"fr-FR","@id":"https:\/\/vcycletech.com\/product\/glutaraldehyde\/#primaryimage","url":"https:\/\/vcycletech.com\/wp-content\/uploads\/2023\/03\/DBNPA-3-e1679628761433.png","contentUrl":"https:\/\/vcycletech.com\/wp-content\/uploads\/2023\/03\/DBNPA-3-e1679628761433.png","width":600,"height":600,"caption":"Glutaraldehyde"},{"@type":"BreadcrumbList","@id":"https:\/\/vcycletech.com\/product\/glutaraldehyde\/#breadcrumb","itemListElement":[{"@type":"ListItem","position":1,"name":"Home","item":"https:\/\/vcycletech.com\/"},{"@type":"ListItem","position":2,"name":"Water Treatment Chemicals Manufacturer","item":"https:\/\/vcycletech.com\/water-treatment-chemicals-manufacturer\/"},{"@type":"ListItem","position":3,"name":"Glutaraldehyde"}]},{"@type":"WebSite","@id":"https:\/\/vcycletech.com\/#website","url":"https:\/\/vcycletech.com\/","name":"vcycletech","description":"Meilleur fournisseur de produits chimiques pour le traitement de l&#039;eau en Chine","publisher":{"@id":"https:\/\/vcycletech.com\/#organization"},"potentialAction":[{"@type":"SearchAction","target":{"@type":"EntryPoint","urlTemplate":"https:\/\/vcycletech.com\/?s={search_term_string}"},"query-input":{"@type":"PropertyValueSpecification","valueRequired":true,"valueName":"search_term_string"}}],"inLanguage":"fr-FR"},{"@type":"Organization","@id":"https:\/\/vcycletech.com\/#organization","name":"vcycletech","url":"https:\/\/vcycletech.com\/","logo":{"@type":"ImageObject","inLanguage":"fr-FR","@id":"https:\/\/vcycletech.com\/#\/schema\/logo\/image\/","url":"https:\/\/vcycletech.com\/wp-content\/uploads\/2023\/03\/logo-vcycletech-1.png","contentUrl":"https:\/\/vcycletech.com\/wp-content\/uploads\/2023\/03\/logo-vcycletech-1.png","width":600,"height":400,"caption":"vcycletech"},"image":{"@id":"https:\/\/vcycletech.com\/#\/schema\/logo\/image\/"}}]}},"_links":{"self":[{"href":"https:\/\/vcycletech.com\/fr\/wp-json\/wp\/v2\/product\/1104","targetHints":{"allow":["GET"]}}],"collection":[{"href":"https:\/\/vcycletech.com\/fr\/wp-json\/wp\/v2\/product"}],"about":[{"href":"https:\/\/vcycletech.com\/fr\/wp-json\/wp\/v2\/types\/product"}],"wp:featuredmedia":[{"embeddable":true,"href":"https:\/\/vcycletech.com\/fr\/wp-json\/wp\/v2\/media\/1161"}],"wp:attachment":[{"href":"https:\/\/vcycletech.com\/fr\/wp-json\/wp\/v2\/media?parent=1104"}],"wp:term":[{"taxonomy":"product_brand","embeddable":true,"href":"https:\/\/vcycletech.com\/fr\/wp-json\/wp\/v2\/product_brand?post=1104"},{"taxonomy":"product_cat","embeddable":true,"href":"https:\/\/vcycletech.com\/fr\/wp-json\/wp\/v2\/product_cat?post=1104"},{"taxonomy":"product_tag","embeddable":true,"href":"https:\/\/vcycletech.com\/fr\/wp-json\/wp\/v2\/product_tag?post=1104"}],"curies":[{"name":"wp","href":"https:\/\/api.w.org\/{rel}","templated":true}]}}