{"id":1092,"date":"2023-03-21T06:44:18","date_gmt":"2023-03-21T06:44:18","guid":{"rendered":"https:\/\/vcycletech.com\/?post_type=product&#038;p=1092"},"modified":"2023-03-21T09:10:45","modified_gmt":"2023-03-21T09:10:45","slug":"sel-de-sodium-de-123-benzotriazole-btana","status":"publish","type":"product","link":"https:\/\/vcycletech.com\/fr\/produit\/sel-de-sodium-de-123-benzotriazole-btana\/","title":{"rendered":"Sel de sodium de 1,2,3-benzotriazole (BTA\u2022Na)"},"content":{"rendered":"<h3>N\u00b0 CAS 15217-42-2<br \/>\nFormule mol\u00e9culaire : C6H4N3Na Masse mol\u00e9culaire : 141,11<br \/>\nSp\u00e9cification:<\/h3>\n<div id=\"footable_parent_1100\"\n         class=\"footable_parent ninja_table_wrapper loading_ninja_table wp_table_data_press_parent semantic_ui\">\n                <table data-ninja_table_instance=\"ninja_table_instance_0\" data-footable_id=\"1100\" data-filter-delay=\"1000\" aria-label=\"BTA\u2022Na.csv\"            id=\"footable_1100\"\n           data-unique_identifier=\"ninja_table_unique_id_2775605259_1100\"\n           class=\"foo-table ninja_footable foo_table_1100 ninja_table_unique_id_2775605259_1100 ui table  nt_type_legacy_table selectable striped vertical_centered  footable-paging-right ninja_table_pro\">\n                <colgroup>\n                            <col class=\"ninja_column_0\">\n                            <col class=\"ninja_column_1\">\n                    <\/colgroup>\n        <thead>\n<tr class=\"footable-header\">\n                                        <th scope=\"col\"  class=\"ninja_column_0 ninja_clmn_nm_items\">Articles<\/th><th scope=\"col\"  class=\"ninja_column_1 ninja_clmn_nm_index\">Indice<\/th><\/tr>\n<\/thead>\n<tbody>\n\n        <tr data-row_id=\"212\" class=\"ninja_table_row_0 nt_row_id_212\">\n            <td>Apparence<\/td><td>Liquide transparent jaune p\u00e2le \u00e0 jaune<\/td>        <\/tr>\n            <tr data-row_id=\"213\" class=\"ninja_table_row_1 nt_row_id_213\">\n            <td>Contenu solide %<\/td><td>50,0 minutes<\/td>        <\/tr>\n            <tr data-row_id=\"214\" class=\"ninja_table_row_2 nt_row_id_214\">\n            <td>Densit\u00e9 (20\u2103) g\/cm3<\/td><td>1.20 mn<\/td>        <\/tr>\n    <\/tbody><!--ninja_tobody_rendering_done-->\n    <\/table>\n    \n    \n    \n<\/div>\n\n<h3>Propri\u00e9t\u00e9s BTA\u2022Na\u00a0:<\/h3>\n<p><strong>BTA\u2022Na<\/strong> est un inhibiteur de corrosion efficace qui peut \u00eatre utilis\u00e9 dans une vari\u00e9t\u00e9 d&#039;applications, y compris les rev\u00eatements et les additifs d&#039;huile de lubrification. Lorsqu&#039;il est appliqu\u00e9 sur des surfaces m\u00e9talliques, il forme un film mince qui aide \u00e0 prot\u00e9ger le cuivre et d&#039;autres m\u00e9taux contre l&#039;oxydation et la d\u00e9coloration. De plus, il s&#039;est av\u00e9r\u00e9 efficace comme inhibiteur de tartre et d\u00e9sinfectant contre les champignons dans les syst\u00e8mes d&#039;eau froide en circulation, avec une dose recommand\u00e9e de 2 \u00e0 4 mg\/L. Enfin, ses propri\u00e9t\u00e9s non corrosives et non toxiques rendent ce produit chimique particuli\u00e8rement s\u00fbr pour divers proc\u00e9d\u00e9s industriels.<\/p>\n<h3>Utilisation du BTA\u2022Na\u00a0:<\/h3>\n<p><strong>BTA\u2022Na<\/strong> est un produit chimique anticorrosif polyvalent utilis\u00e9 pour prot\u00e9ger les m\u00e9taux de l&#039;oxydation et de la d\u00e9coloration. Il peut former des liaisons covalentes et covalentes avec des m\u00e9taux, emp\u00eachant l&#039;attaque par des agents corrosifs. Il a de nombreuses applications telles que le travail des m\u00e9taux, la restauration d&#039;\u0153uvres d&#039;art, l&#039;industrie de la construction, l&#039;inhibiteur de corrosion dans les syst\u00e8mes de refroidissement par eau, les \u00e9quipements de nettoyage \u00e0 sec, les graisses et lubrifiants synth\u00e9tiques, les fluides hydrauliques, le traitement \u00e9lectrolytique et les \u00e9mulsions photographiques. De plus, il est \u00e9galement utilis\u00e9 pour traiter les mat\u00e9riaux d&#039;emballage des pi\u00e8ces \u00e9lectroniques en cuivre et pour prolonger la dur\u00e9e de vie des polym\u00e8res utilis\u00e9s comme isolants pour les fils de cuivre.<\/p>\n<h3>Emballage et stockage\u00a0:<\/h3>\n<p><strong>BTA\u2022Na<\/strong> doivent \u00eatre emball\u00e9s dans des r\u00e9cipients \u00e9tanches r\u00e9sistants \u00e0 l&#039;humidit\u00e9, \u00e0 l&#039;oxydation et \u00e0 d&#039;autres conditions environnementales. Il doit \u00eatre stock\u00e9 dans un endroit frais, sec et bien ventil\u00e9 pour \u00e9viter toute contamination et augmenter sa dur\u00e9e de conservation. Le transport et la manutention doivent \u00eatre effectu\u00e9s conform\u00e9ment aux bonnes pratiques industrielles pour les produits chimiques dangereux. Les professionnels doivent prendre toutes les pr\u00e9cautions n\u00e9cessaires pour assurer le transport, la manipulation et le stockage en toute s\u00e9curit\u00e9 des <strong>BTA\u2022Na<\/strong>. F\u00fbt en plastique 200L, IBC (1000L), exigence des clients. Stockage pendant six mois dans une pi\u00e8ce ombrag\u00e9e et un endroit sec.<\/p>\n<h3>Synonymes\u00a0:<\/h3>\n<p>BTA\u2022Na;1,2,3-Triazaind\u00e8ne; sel de sodium de 1,2,3-benzotrialole\u00a0;1,2-aminoazoph\u00e9nyl\u00e8ne<\/p>\n<h3>FAQ sur le sel de sodium du 1,2,3-benzotriazole (BTA\u2022Na)\u00a0:<\/h3>\n<p><strong>Qu&#039;est-ce que le sel de sodium du 1,2,3-benzotriazole (BTA\u2022Na)\u00a0?<\/strong><br \/>\nLe sel de sodium du 1,2,3-benzotriazole (BTA\u2022Na) est un solide cristallin blanc soluble dans l&#039;eau. Il est utilis\u00e9 comme inhibiteur de corrosion et inhibiteur de tartre dans les chaudi\u00e8res et les syst\u00e8mes d&#039;eau de refroidissement.<\/p>\n<p><strong>Quels sont les avantages d&#039;utiliser le sel de sodium de 1,2,3-benzotriazole (BTA\u2022Na)\u00a0?<\/strong><br \/>\nLe sel de sodium de 1,2,3-benzotriazole (BTA\u2022Na) offre une excellente inhibition de la corrosion et un excellent contr\u00f4le du tartre dans les chaudi\u00e8res et les syst\u00e8mes d&#039;eau de refroidissement. Il est \u00e9galement compatible avec la plupart des autres produits chimiques utilis\u00e9s dans ces syst\u00e8mes.<\/p>\n<p><strong>Quels sont les risques potentiels associ\u00e9s \u00e0 l&#039;utilisation du sel de sodium de 1,2,3-benzotriazole (BTA\u2022Na)\u00a0?<\/strong><br \/>\nLes risques potentiels associ\u00e9s \u00e0 l&#039;utilisation du sel de sodium du 1,2,3-benzotriazole (BTA\u2022Na) sont minimes. Cependant, comme pour tout produit chimique, il est toujours conseill\u00e9 de suivre toutes les pr\u00e9cautions de s\u00e9curit\u00e9 lors de la manipulation et de l&#039;utilisation de ce produit.<\/p>\n<p><a href=\"https:\/\/vcycletech.com\/fr\/un-inhibiteur-de-corrosion\/\"><strong>Obtenez la solution compl\u00e8te d&#039;inhibiteurs de corrosion.<\/strong><\/a><\/p>\n<p>&nbsp;<\/p>","protected":false},"excerpt":{"rendered":"<p><strong>Sel de sodium de 1,2,3-benzotriazole (BTA\u2022Na)<\/strong> est un produit important dans de nombreuses applications industrielles. C&#039;est une poudre cristalline blanche soluble dans l&#039;eau et l&#039;alcool. BTA\u2022Na a une large gamme d&#039;applications dans des industries telles que le textile, l&#039;impression et la teinture, la fabrication du papier, le tannage du cuir, la galvanoplastie et les produits pharmaceutiques. Ce produit est propos\u00e9 par un fabricant chinois \u00e0 un prix tr\u00e8s comp\u00e9titif. Si vous recherchez un fournisseur fiable de <strong>Sel de sodium de 1,2,3-benzotriazole (BTA\u2022Na)<\/strong>, Veuillez nous contacter pour plus d&#039;informations.<\/p>","protected":false},"featured_media":1107,"template":"","meta":{"site-sidebar-layout":"default","site-content-layout":"default","ast-site-content-layout":"default","site-content-style":"default","site-sidebar-style":"default","ast-global-header-display":"","ast-banner-title-visibility":"","ast-main-header-display":"","ast-hfb-above-header-display":"","ast-hfb-below-header-display":"","ast-hfb-mobile-header-display":"","site-post-title":"","ast-breadcrumbs-content":"","ast-featured-img":"","footer-sml-layout":"","ast-disable-related-posts":"","theme-transparent-header-meta":"default","adv-header-id-meta":"","stick-header-meta":"default","header-above-stick-meta":"","header-main-stick-meta":"","header-below-stick-meta":"","astra-migrate-meta-layouts":"default","ast-page-background-enabled":"default","ast-page-background-meta":{"desktop":{"background-color":"","background-image":"","background-repeat":"repeat","background-position":"center center","background-size":"auto","background-attachment":"scroll","background-type":"","background-media":"","overlay-type":"","overlay-color":"","overlay-opacity":"","overlay-gradient":""},"tablet":{"background-color":"","background-image":"","background-repeat":"repeat","background-position":"center center","background-size":"auto","background-attachment":"scroll","background-type":"","background-media":"","overlay-type":"","overlay-color":"","overlay-opacity":"","overlay-gradient":""},"mobile":{"background-color":"","background-image":"","background-repeat":"repeat","background-position":"center center","background-size":"auto","background-attachment":"scroll","background-type":"","background-media":"","overlay-type":"","overlay-color":"","overlay-opacity":"","overlay-gradient":""}},"ast-content-background-meta":{"desktop":{"background-color":"var(--ast-global-color-5)","background-image":"","background-repeat":"repeat","background-position":"center center","background-size":"auto","background-attachment":"scroll","background-type":"","background-media":"","overlay-type":"","overlay-color":"","overlay-opacity":"","overlay-gradient":""},"tablet":{"background-color":"var(--ast-global-color-5)","background-image":"","background-repeat":"repeat","background-position":"center center","background-size":"auto","background-attachment":"scroll","background-type":"","background-media":"","overlay-type":"","overlay-color":"","overlay-opacity":"","overlay-gradient":""},"mobile":{"background-color":"var(--ast-global-color-5)","background-image":"","background-repeat":"repeat","background-position":"center center","background-size":"auto","background-attachment":"scroll","background-type":"","background-media":"","overlay-type":"","overlay-color":"","overlay-opacity":"","overlay-gradient":""}}},"product_brand":[],"product_cat":[30],"product_tag":[],"class_list":{"0":"post-1092","1":"product","2":"type-product","3":"status-publish","4":"has-post-thumbnail","6":"product_cat-corrosion-inhibitors","7":"desktop-align-left","8":"tablet-align-left","9":"mobile-align-left","10":"ast-product-gallery-layout-horizontal-slider","11":"ast-product-tabs-layout-horizontal","13":"first","14":"instock","15":"shipping-taxable","16":"product-type-simple"},"yoast_head":"<!-- This site is optimized with the Yoast SEO Premium plugin v26.3 (Yoast SEO v27.3) - https:\/\/yoast.com\/product\/yoast-seo-premium-wordpress\/ -->\n<title>Sodium Salt of 1,2,3-Benzotriazole (BTA\u2022Na) - vcycletech<\/title>\n<meta name=\"description\" content=\"Sodium Salt of 1,2,3-Benzotriazole (BTA\u2022Na) is a compound used in various processes such as stabilizing plastics and plating solutions. It&#039;s a white powder that readily dissolves in water and other polar solvents. BTA\u2022Na has good thermal stability and low volatility which makes it ideal for many industrial applications. It&#039;s also non-corrosive and non-toxic, making it safe to use for a variety of purposes.\" \/>\n<meta name=\"robots\" content=\"index, follow, max-snippet:-1, max-image-preview:large, max-video-preview:-1\" \/>\n<link rel=\"canonical\" href=\"https:\/\/vcycletech.com\/fr\/produit\/sel-de-sodium-de-123-benzotriazole-btana\/\" \/>\n<meta property=\"og:locale\" content=\"fr_FR\" \/>\n<meta property=\"og:type\" content=\"article\" \/>\n<meta property=\"og:title\" content=\"Sodium Salt of 1,2,3-Benzotriazole (BTA\u2022Na)\" \/>\n<meta property=\"og:description\" content=\"Sodium Salt of 1,2,3-Benzotriazole (BTA\u2022Na) is a compound used in various processes such as stabilizing plastics and plating solutions. It&#039;s a white powder that readily dissolves in water and other polar solvents. BTA\u2022Na has good thermal stability and low volatility which makes it ideal for many industrial applications. It&#039;s also non-corrosive and non-toxic, making it safe to use for a variety of purposes.\" \/>\n<meta property=\"og:url\" content=\"https:\/\/vcycletech.com\/fr\/produit\/sel-de-sodium-de-123-benzotriazole-btana\/\" \/>\n<meta property=\"og:site_name\" content=\"vcycletech\" \/>\n<meta property=\"article:modified_time\" content=\"2023-03-21T09:10:45+00:00\" \/>\n<meta property=\"og:image\" content=\"https:\/\/vcycletech.com\/wp-content\/uploads\/2023\/03\/1-27.png\" \/>\n\t<meta property=\"og:image:width\" content=\"600\" \/>\n\t<meta property=\"og:image:height\" content=\"600\" \/>\n\t<meta property=\"og:image:type\" content=\"image\/png\" \/>\n<meta name=\"twitter:card\" content=\"summary_large_image\" \/>\n<meta name=\"twitter:label1\" content=\"Dur\u00e9e de lecture estim\u00e9e\" \/>\n\t<meta name=\"twitter:data1\" content=\"2 minutes\" \/>\n<script type=\"application\/ld+json\" class=\"yoast-schema-graph\">{\"@context\":\"https:\\\/\\\/schema.org\",\"@graph\":[{\"@type\":\"WebPage\",\"@id\":\"https:\\\/\\\/vcycletech.com\\\/product\\\/sodium-salt-of-123-benzotriazole-btana\\\/\",\"url\":\"https:\\\/\\\/vcycletech.com\\\/product\\\/sodium-salt-of-123-benzotriazole-btana\\\/\",\"name\":\"Sodium Salt of 1,2,3-Benzotriazole (BTA\u2022Na) - vcycletech\",\"isPartOf\":{\"@id\":\"https:\\\/\\\/vcycletech.com\\\/#website\"},\"primaryImageOfPage\":{\"@id\":\"https:\\\/\\\/vcycletech.com\\\/product\\\/sodium-salt-of-123-benzotriazole-btana\\\/#primaryimage\"},\"image\":{\"@id\":\"https:\\\/\\\/vcycletech.com\\\/product\\\/sodium-salt-of-123-benzotriazole-btana\\\/#primaryimage\"},\"thumbnailUrl\":\"https:\\\/\\\/vcycletech.com\\\/wp-content\\\/uploads\\\/2023\\\/03\\\/1-27.png\",\"datePublished\":\"2023-03-21T06:44:18+00:00\",\"dateModified\":\"2023-03-21T09:10:45+00:00\",\"description\":\"Sodium Salt of 1,2,3-Benzotriazole (BTA\u2022Na) is a compound used in various processes such as stabilizing plastics and plating solutions. It's a white powder that readily dissolves in water and other polar solvents. BTA\u2022Na has good thermal stability and low volatility which makes it ideal for many industrial applications. It's also non-corrosive and non-toxic, making it safe to use for a variety of purposes.\",\"breadcrumb\":{\"@id\":\"https:\\\/\\\/vcycletech.com\\\/product\\\/sodium-salt-of-123-benzotriazole-btana\\\/#breadcrumb\"},\"inLanguage\":\"fr-FR\",\"potentialAction\":[{\"@type\":\"ReadAction\",\"target\":[\"https:\\\/\\\/vcycletech.com\\\/product\\\/sodium-salt-of-123-benzotriazole-btana\\\/\"]}]},{\"@type\":\"ImageObject\",\"inLanguage\":\"fr-FR\",\"@id\":\"https:\\\/\\\/vcycletech.com\\\/product\\\/sodium-salt-of-123-benzotriazole-btana\\\/#primaryimage\",\"url\":\"https:\\\/\\\/vcycletech.com\\\/wp-content\\\/uploads\\\/2023\\\/03\\\/1-27.png\",\"contentUrl\":\"https:\\\/\\\/vcycletech.com\\\/wp-content\\\/uploads\\\/2023\\\/03\\\/1-27.png\",\"width\":600,\"height\":600,\"caption\":\"Sodium Salt of 1,2,3-Benzotriazole (BTA\u2022Na)\"},{\"@type\":\"BreadcrumbList\",\"@id\":\"https:\\\/\\\/vcycletech.com\\\/product\\\/sodium-salt-of-123-benzotriazole-btana\\\/#breadcrumb\",\"itemListElement\":[{\"@type\":\"ListItem\",\"position\":1,\"name\":\"Home\",\"item\":\"https:\\\/\\\/vcycletech.com\\\/\"},{\"@type\":\"ListItem\",\"position\":2,\"name\":\"Water Treatment Chemicals Manufacturer\",\"item\":\"https:\\\/\\\/vcycletech.com\\\/water-treatment-chemicals-manufacturer\\\/\"},{\"@type\":\"ListItem\",\"position\":3,\"name\":\"Sodium Salt of 1,2,3-Benzotriazole (BTA\u2022Na)\"}]},{\"@type\":\"WebSite\",\"@id\":\"https:\\\/\\\/vcycletech.com\\\/#website\",\"url\":\"https:\\\/\\\/vcycletech.com\\\/\",\"name\":\"vcycletech\",\"description\":\"China&#039;s top water treatment chemicals supplier\",\"publisher\":{\"@id\":\"https:\\\/\\\/vcycletech.com\\\/#organization\"},\"potentialAction\":[{\"@type\":\"SearchAction\",\"target\":{\"@type\":\"EntryPoint\",\"urlTemplate\":\"https:\\\/\\\/vcycletech.com\\\/?s={search_term_string}\"},\"query-input\":{\"@type\":\"PropertyValueSpecification\",\"valueRequired\":true,\"valueName\":\"search_term_string\"}}],\"inLanguage\":\"fr-FR\"},{\"@type\":\"Organization\",\"@id\":\"https:\\\/\\\/vcycletech.com\\\/#organization\",\"name\":\"vcycletech\",\"url\":\"https:\\\/\\\/vcycletech.com\\\/\",\"logo\":{\"@type\":\"ImageObject\",\"inLanguage\":\"fr-FR\",\"@id\":\"https:\\\/\\\/vcycletech.com\\\/#\\\/schema\\\/logo\\\/image\\\/\",\"url\":\"https:\\\/\\\/vcycletech.com\\\/wp-content\\\/uploads\\\/2023\\\/03\\\/logo-vcycletech-1.png\",\"contentUrl\":\"https:\\\/\\\/vcycletech.com\\\/wp-content\\\/uploads\\\/2023\\\/03\\\/logo-vcycletech-1.png\",\"width\":600,\"height\":400,\"caption\":\"vcycletech\"},\"image\":{\"@id\":\"https:\\\/\\\/vcycletech.com\\\/#\\\/schema\\\/logo\\\/image\\\/\"}}]}<\/script>\n<!-- \/ Yoast SEO Premium plugin. -->","yoast_head_json":{"title":"Sel de sodium de 1,2,3-benzotriazole (BTA\u2022Na) - vcycletech","description":"Le sel de sodium du 1,2,3-benzotriazole (BTA\u2022Na) est un compos\u00e9 utilis\u00e9 dans divers processus tels que la stabilisation des plastiques et des solutions de placage. C&#039;est une poudre blanche qui se dissout facilement dans l&#039;eau et d&#039;autres solvants polaires. Le BTA\u2022Na a une bonne stabilit\u00e9 thermique et une faible volatilit\u00e9, ce qui le rend id\u00e9al pour de nombreuses applications industrielles. Il est \u00e9galement non corrosif et non toxique, ce qui le rend s\u00fbr \u00e0 utiliser \u00e0 diverses fins.","robots":{"index":"index","follow":"follow","max-snippet":"max-snippet:-1","max-image-preview":"max-image-preview:large","max-video-preview":"max-video-preview:-1"},"canonical":"https:\/\/vcycletech.com\/fr\/produit\/sel-de-sodium-de-123-benzotriazole-btana\/","og_locale":"fr_FR","og_type":"article","og_title":"Sodium Salt of 1,2,3-Benzotriazole (BTA\u2022Na)","og_description":"Sodium Salt of 1,2,3-Benzotriazole (BTA\u2022Na) is a compound used in various processes such as stabilizing plastics and plating solutions. It's a white powder that readily dissolves in water and other polar solvents. BTA\u2022Na has good thermal stability and low volatility which makes it ideal for many industrial applications. It's also non-corrosive and non-toxic, making it safe to use for a variety of purposes.","og_url":"https:\/\/vcycletech.com\/fr\/produit\/sel-de-sodium-de-123-benzotriazole-btana\/","og_site_name":"vcycletech","article_modified_time":"2023-03-21T09:10:45+00:00","og_image":[{"width":600,"height":600,"url":"https:\/\/vcycletech.com\/wp-content\/uploads\/2023\/03\/1-27.png","type":"image\/png"}],"twitter_card":"summary_large_image","twitter_misc":{"Dur\u00e9e de lecture estim\u00e9e":"2 minutes"},"schema":{"@context":"https:\/\/schema.org","@graph":[{"@type":"WebPage","@id":"https:\/\/vcycletech.com\/product\/sodium-salt-of-123-benzotriazole-btana\/","url":"https:\/\/vcycletech.com\/product\/sodium-salt-of-123-benzotriazole-btana\/","name":"Sel de sodium de 1,2,3-benzotriazole (BTA\u2022Na) - vcycletech","isPartOf":{"@id":"https:\/\/vcycletech.com\/#website"},"primaryImageOfPage":{"@id":"https:\/\/vcycletech.com\/product\/sodium-salt-of-123-benzotriazole-btana\/#primaryimage"},"image":{"@id":"https:\/\/vcycletech.com\/product\/sodium-salt-of-123-benzotriazole-btana\/#primaryimage"},"thumbnailUrl":"https:\/\/vcycletech.com\/wp-content\/uploads\/2023\/03\/1-27.png","datePublished":"2023-03-21T06:44:18+00:00","dateModified":"2023-03-21T09:10:45+00:00","description":"Le sel de sodium du 1,2,3-benzotriazole (BTA\u2022Na) est un compos\u00e9 utilis\u00e9 dans divers processus tels que la stabilisation des plastiques et des solutions de placage. C&#039;est une poudre blanche qui se dissout facilement dans l&#039;eau et d&#039;autres solvants polaires. Le BTA\u2022Na a une bonne stabilit\u00e9 thermique et une faible volatilit\u00e9, ce qui le rend id\u00e9al pour de nombreuses applications industrielles. Il est \u00e9galement non corrosif et non toxique, ce qui le rend s\u00fbr \u00e0 utiliser \u00e0 diverses fins.","breadcrumb":{"@id":"https:\/\/vcycletech.com\/product\/sodium-salt-of-123-benzotriazole-btana\/#breadcrumb"},"inLanguage":"fr-FR","potentialAction":[{"@type":"ReadAction","target":["https:\/\/vcycletech.com\/product\/sodium-salt-of-123-benzotriazole-btana\/"]}]},{"@type":"ImageObject","inLanguage":"fr-FR","@id":"https:\/\/vcycletech.com\/product\/sodium-salt-of-123-benzotriazole-btana\/#primaryimage","url":"https:\/\/vcycletech.com\/wp-content\/uploads\/2023\/03\/1-27.png","contentUrl":"https:\/\/vcycletech.com\/wp-content\/uploads\/2023\/03\/1-27.png","width":600,"height":600,"caption":"Sodium Salt of 1,2,3-Benzotriazole (BTA\u2022Na)"},{"@type":"BreadcrumbList","@id":"https:\/\/vcycletech.com\/product\/sodium-salt-of-123-benzotriazole-btana\/#breadcrumb","itemListElement":[{"@type":"ListItem","position":1,"name":"Home","item":"https:\/\/vcycletech.com\/"},{"@type":"ListItem","position":2,"name":"Water Treatment Chemicals Manufacturer","item":"https:\/\/vcycletech.com\/water-treatment-chemicals-manufacturer\/"},{"@type":"ListItem","position":3,"name":"Sodium Salt of 1,2,3-Benzotriazole (BTA\u2022Na)"}]},{"@type":"WebSite","@id":"https:\/\/vcycletech.com\/#website","url":"https:\/\/vcycletech.com\/","name":"vcycletech","description":"Meilleur fournisseur de produits chimiques pour le traitement de l&#039;eau en Chine","publisher":{"@id":"https:\/\/vcycletech.com\/#organization"},"potentialAction":[{"@type":"SearchAction","target":{"@type":"EntryPoint","urlTemplate":"https:\/\/vcycletech.com\/?s={search_term_string}"},"query-input":{"@type":"PropertyValueSpecification","valueRequired":true,"valueName":"search_term_string"}}],"inLanguage":"fr-FR"},{"@type":"Organization","@id":"https:\/\/vcycletech.com\/#organization","name":"vcycletech","url":"https:\/\/vcycletech.com\/","logo":{"@type":"ImageObject","inLanguage":"fr-FR","@id":"https:\/\/vcycletech.com\/#\/schema\/logo\/image\/","url":"https:\/\/vcycletech.com\/wp-content\/uploads\/2023\/03\/logo-vcycletech-1.png","contentUrl":"https:\/\/vcycletech.com\/wp-content\/uploads\/2023\/03\/logo-vcycletech-1.png","width":600,"height":400,"caption":"vcycletech"},"image":{"@id":"https:\/\/vcycletech.com\/#\/schema\/logo\/image\/"}}]}},"_links":{"self":[{"href":"https:\/\/vcycletech.com\/fr\/wp-json\/wp\/v2\/product\/1092","targetHints":{"allow":["GET"]}}],"collection":[{"href":"https:\/\/vcycletech.com\/fr\/wp-json\/wp\/v2\/product"}],"about":[{"href":"https:\/\/vcycletech.com\/fr\/wp-json\/wp\/v2\/types\/product"}],"wp:featuredmedia":[{"embeddable":true,"href":"https:\/\/vcycletech.com\/fr\/wp-json\/wp\/v2\/media\/1107"}],"wp:attachment":[{"href":"https:\/\/vcycletech.com\/fr\/wp-json\/wp\/v2\/media?parent=1092"}],"wp:term":[{"taxonomy":"product_brand","embeddable":true,"href":"https:\/\/vcycletech.com\/fr\/wp-json\/wp\/v2\/product_brand?post=1092"},{"taxonomy":"product_cat","embeddable":true,"href":"https:\/\/vcycletech.com\/fr\/wp-json\/wp\/v2\/product_cat?post=1092"},{"taxonomy":"product_tag","embeddable":true,"href":"https:\/\/vcycletech.com\/fr\/wp-json\/wp\/v2\/product_tag?post=1092"}],"curies":[{"name":"wp","href":"https:\/\/api.w.org\/{rel}","templated":true}]}}