{"id":1090,"date":"2023-03-21T06:36:25","date_gmt":"2023-03-21T06:36:25","guid":{"rendered":"https:\/\/vcycletech.com\/?post_type=product&#038;p=1090"},"modified":"2023-03-24T03:33:33","modified_gmt":"2023-03-24T03:33:33","slug":"dbnpa","status":"publish","type":"product","link":"https:\/\/vcycletech.com\/fr\/produit\/dbnpa\/","title":{"rendered":"DBNPA"},"content":{"rendered":"<h3 id=\"structural20formula_1\" class=\"xsj_heading_hash xsj_heading xsj_heading_h3\" data-source-line=\"0\" data-source-line-display=\"true\"><span class=\"xsj_heading_content\">Formule structurelle:<\/span><\/h3>\n<p><img fetchpriority=\"high\" decoding=\"async\" class=\"alignnone size-full wp-image-1098\" src=\"https:\/\/vcycletech.com\/wp-content\/uploads\/2023\/03\/\u672a\u547d\u540d\u7684\u8bbe\u8ba1-15.png\" alt=\"Formule structurelle DBNPA\u00a0:\" width=\"600\" height=\"400\" srcset=\"https:\/\/vcycletech.com\/wp-content\/uploads\/2023\/03\/\u672a\u547d\u540d\u7684\u8bbe\u8ba1-15.png 600w, https:\/\/vcycletech.com\/wp-content\/uploads\/2023\/03\/\u672a\u547d\u540d\u7684\u8bbe\u8ba1-15-300x200.png 300w\" sizes=\"(max-width: 600px) 100vw, 600px\" \/><\/p>\n<p class=\"xsj_paragraph xsj_paragraph_level_0\" data-source-line=\"2\" data-source-line-display=\"true\">Num\u00e9ro CAS\u00a0: 10222-01-2<br \/>\nEINECS #\u00a0: 204-707-7<br \/>\nFormule mol\u00e9culaire : C3H2Br2N2O<\/p>\n<h3>Propri\u00e9t\u00e9s<\/h3>\n<p>Le DBNPA est un biocide tr\u00e8s efficace avec une action rapide contre de nombreux micro-organismes, ne laissant aucun r\u00e9sidu dangereux. Il se d\u00e9grade \u00e9galement rapidement dans des conditions acides ou alcalines, r\u00e9duisant ainsi la contamination potentielle de l&#039;environnement. Le profil de s\u00e9curit\u00e9 de ce produit chimique est assez \u00e9lev\u00e9 par rapport \u00e0 d&#039;autres produits chimiques qui peuvent \u00eatre utilis\u00e9s comme biocides - il est utilis\u00e9 en toute s\u00e9curit\u00e9 depuis les ann\u00e9es 1960 avec tr\u00e8s peu de probl\u00e8mes de sant\u00e9 signal\u00e9s.<\/p>\n<h2 id=\"applications_2\" class=\"xsj_heading_hash xsj_heading xsj_heading_h2\" data-source-line=\"6\" data-source-line-display=\"true\"><span class=\"xsj_heading_content\">Applications<\/span><\/h2>\n<p class=\"xsj_paragraph xsj_paragraph_level_0\" data-source-line=\"7\" data-source-line-display=\"true\">Le DBNPA peut \u00eatre trouv\u00e9 dans diverses applications, telles que le traitement des eaux de refroidissement des centrales \u00e9lectriques et des chaudi\u00e8res industrielles, des papeteries, des teintureries textiles, des produits de pr\u00e9servation du bois, etc. En plus de son utilisation comme biocide, il a \u00e9galement \u00e9t\u00e9 approuv\u00e9 pour une utilisation comme algicide. dans les piscines et les spas par les Centers for Disease Control (CDC).<\/p>\n<h3>sp\u00e9cification<\/h3>\n<table>\n<tbody>\n<tr>\n<td width=\"204\">Articles<\/td>\n<td width=\"315\">Indice<\/td>\n<\/tr>\n<tr>\n<td width=\"204\">Essai<\/td>\n<td width=\"315\">99% min.<\/td>\n<\/tr>\n<tr>\n<td width=\"204\">Point de fusion<\/td>\n<td width=\"315\">122~128\u00b0C<\/td>\n<\/tr>\n<tr>\n<td width=\"204\">pH (solution aqueuse 1%)<\/td>\n<td width=\"315\">4.0~6.5<\/td>\n<\/tr>\n<tr>\n<td width=\"204\">Perte au s\u00e9chage<\/td>\n<td width=\"315\">1% Max.<\/td>\n<\/tr>\n<tr>\n<td width=\"204\">Articles<\/td>\n<td width=\"315\">Indice<\/td>\n<\/tr>\n<\/tbody>\n<\/table>\n<div class=\"xiaoshujiang_element xsj_anchor\"><a class=\"blank_anchor_name\" name=\"faqs_3\"><\/a><a id=\"faqs_3\" class=\"blank_anchor_id\"><\/a><a class=\"blank_anchor_name\" name=\"faqs\"><\/a><a id=\"faqs\" class=\"blank_anchor_id\"><\/a><\/div>\n<h2 id=\"faqs_3\" class=\"xsj_heading_hash xsj_heading xsj_heading_h2\" data-source-line=\"9\" data-source-line-display=\"true\"><span class=\"xsj_heading_content\">FAQ<\/span><\/h2>\n<div class=\"xiaoshujiang_element xsj_anchor\"><a class=\"blank_anchor_name\" name=\"q20how20does20dbnpa20work_4\"><\/a><a id=\"q20how20does20dbnpa20work_4\" class=\"blank_anchor_id\"><\/a><a class=\"blank_anchor_name\" name=\"q-how-does-dbnpa-work\"><\/a><a id=\"q-how-does-dbnpa-work\" class=\"blank_anchor_id\"><\/a><\/div>\n<h3 id=\"q20how20does20dbnpa20work_4\" class=\"xsj_heading_hash xsj_heading xsj_heading_h3\" data-source-line=\"11\" data-source-line-display=\"true\"><span class=\"xsj_heading_content\">Q\u00a0: Comment fonctionne le DBNPA\u00a0?<\/span><\/h3>\n<p class=\"xsj_paragraph xsj_paragraph_level_0\" data-source-line=\"13\" data-source-line-display=\"true\">R : Le DBNPA fonctionne en lib\u00e9rant des substances toxiques dans l&#039;environnement qui tuent rapidement les micro-organismes ind\u00e9sirables sans laisser de r\u00e9sidus dangereux. Il se d\u00e9grade \u00e9galement rapidement dans des conditions acides ou alcalines, ce qui contribue \u00e0 r\u00e9duire toute contamination potentielle de l&#039;environnement.<\/p>\n<div class=\"xiaoshujiang_element xsj_anchor\"><a class=\"blank_anchor_name\" name=\"q20is20dbnpa20safe20to20use_5\"><\/a><a id=\"q20is20dbnpa20safe20to20use_5\" class=\"blank_anchor_id\"><\/a><a class=\"blank_anchor_name\" name=\"q-is-dbnpa-safe-to-use\"><\/a><a id=\"q-is-dbnpa-safe-to-use\" class=\"blank_anchor_id\"><\/a><\/div>\n<h3 id=\"q20is20dbnpa20safe20to20use_5\" class=\"xsj_heading_hash xsj_heading xsj_heading_h3\" data-source-line=\"15\" data-source-line-display=\"true\"><span class=\"xsj_heading_content\">Q\u00a0: Le DBNPA peut-il \u00eatre utilis\u00e9 en toute s\u00e9curit\u00e9\u00a0?<\/span><\/h3>\n<p class=\"xsj_paragraph xsj_paragraph_level_0\" data-source-line=\"17\" data-source-line-display=\"true\">R\u00a0: Le DBNPA est consid\u00e9r\u00e9 comme s\u00fbr lorsqu&#039;il est utilis\u00e9 conform\u00e9ment aux instructions du fabricant. Il est utilis\u00e9 en toute s\u00e9curit\u00e9 depuis les ann\u00e9es 1960, avec tr\u00e8s peu de probl\u00e8mes de sant\u00e9 signal\u00e9s.<\/p>\n<div class=\"xiaoshujiang_element xsj_anchor\"><a class=\"blank_anchor_name\" name=\"q20what20are20some20of20the20applications20of20dbnpa_6\"><\/a><a id=\"q20what20are20some20of20the20applications20of20dbnpa_6\" class=\"blank_anchor_id\"><\/a><a class=\"blank_anchor_name\" name=\"q-what-are-some-of-the-applications-of-dbnpa\"><\/a><a id=\"q-what-are-some-of-the-applications-of-dbnpa\" class=\"blank_anchor_id\"><\/a><\/div>\n<h3 id=\"q20what20are20some20of20the20applications20of20dbnpa_6\" class=\"xsj_heading_hash xsj_heading xsj_heading_h3\" data-source-line=\"19\" data-source-line-display=\"true\"><span class=\"xsj_heading_content\">Q\u00a0: Quelles sont certaines des applications du DBNPA\u00a0?<\/span><\/h3>\n<p class=\"xsj_paragraph xsj_paragraph_level_0\" data-source-line=\"21\" data-source-line-display=\"true\">R\u00a0: Le DBNPA peut \u00eatre trouv\u00e9 dans diverses applications, telles que le traitement de l&#039;eau de refroidissement pour les centrales \u00e9lectriques et les chaudi\u00e8res industrielles, les papeteries, les teintureries textiles, les produits de pr\u00e9servation du bois, etc. Il a \u00e9galement \u00e9t\u00e9 approuv\u00e9 pour une utilisation comme algicide dans les piscines et les spas par les Centers for Disease Control (CDC).<\/p>\n<div class=\"xiaoshujiang_element xsj_anchor\"><a class=\"blank_anchor_name\" name=\"q20what20makes20dbnpa20better20than20other20biocides_7\"><\/a><a id=\"q20what20makes20dbnpa20better20than20other20biocides_7\" class=\"blank_anchor_id\"><\/a><a class=\"blank_anchor_name\" name=\"q-what-makes-dbnpa-better-than-other-biocides\"><\/a><a id=\"q-what-makes-dbnpa-better-than-other-biocides\" class=\"blank_anchor_id\"><\/a><\/div>\n<h3 id=\"q20what20makes20dbnpa20better20than20other20biocides_7\" class=\"xsj_heading_hash xsj_heading xsj_heading_h3\" data-source-line=\"23\" data-source-line-display=\"true\"><span class=\"xsj_heading_content\">Q\u00a0: Qu&#039;est-ce qui rend le DBNPA meilleur que les autres biocides\u00a0?<\/span><\/h3>\n<p class=\"xsj_paragraph xsj_paragraph_level_0\" data-source-line=\"25\" data-source-line-display=\"true\">R : Le DBNPA fournit des r\u00e9sultats rapides, comme les autres biocides, sans laisser de r\u00e9sidu dangereux. De plus, il ne repose pas sur le chlore ou le brome pour son efficacit\u00e9. Par cons\u00e9quent, il n&#039;est pas n\u00e9cessaire de s&#039;inqui\u00e9ter des probl\u00e8mes li\u00e9s au chlore tels que la corrosion ou les odeurs associ\u00e9es \u00e0 ces compos\u00e9s.<\/p>\n<div class=\"xiaoshujiang_element xsj_anchor\"><a class=\"blank_anchor_name\" name=\"q20does20dbnpa20have20any20environmental20concerns_8\"><\/a><a id=\"q20does20dbnpa20have20any20environmental20concerns_8\" class=\"blank_anchor_id\"><\/a><a class=\"blank_anchor_name\" name=\"q-does-dbnpa-have-any-environmental-concerns\"><\/a><a id=\"q-does-dbnpa-have-any-environmental-concerns\" class=\"blank_anchor_id\"><\/a><\/div>\n<h3 id=\"q20does20dbnpa20have20any20environmental20concerns_8\" class=\"xsj_heading_hash xsj_heading xsj_heading_h3\" data-source-line=\"27\" data-source-line-display=\"true\"><span class=\"xsj_heading_content\">Q\u00a0: Le DBNPA a-t-il des pr\u00e9occupations environnementales\u00a0?<\/span><\/h3>\n<p class=\"xsj_paragraph xsj_paragraph_level_0\" data-source-line=\"29\" data-source-line-display=\"true\">R : Non - il se d\u00e9grade rapidement dans des conditions acides ou alcalines, ce qui aide \u00e0 r\u00e9duire toute contamination potentielle de l&#039;environnement par ce compos\u00e9 chimique<\/p>\n<p class=\"xsj_paragraph xsj_paragraph_level_0\" data-source-line=\"34\" data-source-line-display=\"true\"><a class=\"xsj_link xsj_manu_link\" href=\"https:\/\/vcycletech.com\/fr\/biocide-et-algicide\/\">Obtenez la solution biocide et algicide compl\u00e8te<\/a>.<\/p>","protected":false},"excerpt":{"rendered":"<p><strong>DBNPA<\/strong> est un biocide tr\u00e8s efficace qui tue rapidement les micro-organismes ind\u00e9sirables et se d\u00e9grade rapidement dans des conditions acides ou alcalines. Il fonctionne de la m\u00eame mani\u00e8re que les biocides \u00e0 base d&#039;halog\u00e8ne, fournissant des r\u00e9sultats rapides sans laisser de r\u00e9sidus dangereux. Le DBNPA est id\u00e9al pour une utilisation dans la transformation des aliments, les installations de manutention et diverses autres applications industrielles. vcycletech propose du DBNPA en grandes quantit\u00e9s pour votre commodit\u00e9. Passez votre commande d\u00e8s aujourd&#039;hui\u00a0!<\/p>","protected":false},"featured_media":1102,"template":"","meta":{"site-sidebar-layout":"default","site-content-layout":"default","ast-site-content-layout":"default","site-content-style":"default","site-sidebar-style":"default","ast-global-header-display":"","ast-banner-title-visibility":"","ast-main-header-display":"","ast-hfb-above-header-display":"","ast-hfb-below-header-display":"","ast-hfb-mobile-header-display":"","site-post-title":"","ast-breadcrumbs-content":"","ast-featured-img":"","footer-sml-layout":"","ast-disable-related-posts":"","theme-transparent-header-meta":"default","adv-header-id-meta":"","stick-header-meta":"default","header-above-stick-meta":"","header-main-stick-meta":"","header-below-stick-meta":"","astra-migrate-meta-layouts":"default","ast-page-background-enabled":"default","ast-page-background-meta":{"desktop":{"background-color":"","background-image":"","background-repeat":"repeat","background-position":"center center","background-size":"auto","background-attachment":"scroll","background-type":"","background-media":"","overlay-type":"","overlay-color":"","overlay-opacity":"","overlay-gradient":""},"tablet":{"background-color":"","background-image":"","background-repeat":"repeat","background-position":"center center","background-size":"auto","background-attachment":"scroll","background-type":"","background-media":"","overlay-type":"","overlay-color":"","overlay-opacity":"","overlay-gradient":""},"mobile":{"background-color":"","background-image":"","background-repeat":"repeat","background-position":"center center","background-size":"auto","background-attachment":"scroll","background-type":"","background-media":"","overlay-type":"","overlay-color":"","overlay-opacity":"","overlay-gradient":""}},"ast-content-background-meta":{"desktop":{"background-color":"var(--ast-global-color-5)","background-image":"","background-repeat":"repeat","background-position":"center center","background-size":"auto","background-attachment":"scroll","background-type":"","background-media":"","overlay-type":"","overlay-color":"","overlay-opacity":"","overlay-gradient":""},"tablet":{"background-color":"var(--ast-global-color-5)","background-image":"","background-repeat":"repeat","background-position":"center center","background-size":"auto","background-attachment":"scroll","background-type":"","background-media":"","overlay-type":"","overlay-color":"","overlay-opacity":"","overlay-gradient":""},"mobile":{"background-color":"var(--ast-global-color-5)","background-image":"","background-repeat":"repeat","background-position":"center center","background-size":"auto","background-attachment":"scroll","background-type":"","background-media":"","overlay-type":"","overlay-color":"","overlay-opacity":"","overlay-gradient":""}}},"product_brand":[],"product_cat":[29],"product_tag":[],"class_list":{"0":"post-1090","1":"product","2":"type-product","3":"status-publish","4":"has-post-thumbnail","6":"product_cat-biocide-and-algicide","7":"desktop-align-left","8":"tablet-align-left","9":"mobile-align-left","10":"ast-product-gallery-layout-horizontal-slider","11":"ast-product-gallery-with-no-image","12":"ast-product-tabs-layout-horizontal","14":"first","15":"instock","16":"shipping-taxable","17":"product-type-simple"},"yoast_head":"<!-- This site is optimized with the Yoast SEO Premium plugin v26.3 (Yoast SEO v27.3) - https:\/\/yoast.com\/product\/yoast-seo-premium-wordpress\/ -->\n<title>DBNPA - vcycletech<\/title>\n<meta name=\"description\" content=\"Come and try out DBNPA, the fast-acting biocide that quickly hydrolyzes under acid or alkaline conditions! Its instability means it kills quickly and then safely degrades into a variety of products. #DBNPA\" \/>\n<meta name=\"robots\" content=\"index, follow, max-snippet:-1, max-image-preview:large, max-video-preview:-1\" \/>\n<link rel=\"canonical\" href=\"https:\/\/vcycletech.com\/fr\/produit\/dbnpa\/\" \/>\n<meta property=\"og:locale\" content=\"fr_FR\" \/>\n<meta property=\"og:type\" content=\"article\" \/>\n<meta property=\"og:title\" content=\"DBNPA\" \/>\n<meta property=\"og:description\" content=\"Come and try out DBNPA, the fast-acting biocide that quickly hydrolyzes under acid or alkaline conditions! Its instability means it kills quickly and then safely degrades into a variety of products. #DBNPA\" \/>\n<meta property=\"og:url\" content=\"https:\/\/vcycletech.com\/fr\/produit\/dbnpa\/\" \/>\n<meta property=\"og:site_name\" content=\"vcycletech\" \/>\n<meta property=\"article:modified_time\" content=\"2023-03-24T03:33:33+00:00\" \/>\n<meta property=\"og:image\" content=\"https:\/\/vcycletech.com\/wp-content\/uploads\/2023\/03\/DBNPA-e1679628807101.png\" \/>\n\t<meta property=\"og:image:width\" content=\"600\" \/>\n\t<meta property=\"og:image:height\" content=\"600\" \/>\n\t<meta property=\"og:image:type\" content=\"image\/png\" \/>\n<meta name=\"twitter:card\" content=\"summary_large_image\" \/>\n<meta name=\"twitter:label1\" content=\"Dur\u00e9e de lecture estim\u00e9e\" \/>\n\t<meta name=\"twitter:data1\" content=\"2 minutes\" \/>\n<script type=\"application\/ld+json\" class=\"yoast-schema-graph\">{\"@context\":\"https:\\\/\\\/schema.org\",\"@graph\":[{\"@type\":\"WebPage\",\"@id\":\"https:\\\/\\\/vcycletech.com\\\/product\\\/dbnpa\\\/\",\"url\":\"https:\\\/\\\/vcycletech.com\\\/product\\\/dbnpa\\\/\",\"name\":\"DBNPA - vcycletech\",\"isPartOf\":{\"@id\":\"https:\\\/\\\/vcycletech.com\\\/#website\"},\"primaryImageOfPage\":{\"@id\":\"https:\\\/\\\/vcycletech.com\\\/product\\\/dbnpa\\\/#primaryimage\"},\"image\":{\"@id\":\"https:\\\/\\\/vcycletech.com\\\/product\\\/dbnpa\\\/#primaryimage\"},\"thumbnailUrl\":\"https:\\\/\\\/vcycletech.com\\\/wp-content\\\/uploads\\\/2023\\\/03\\\/DBNPA-e1679628807101.png\",\"datePublished\":\"2023-03-21T06:36:25+00:00\",\"dateModified\":\"2023-03-24T03:33:33+00:00\",\"description\":\"Come and try out DBNPA, the fast-acting biocide that quickly hydrolyzes under acid or alkaline conditions! Its instability means it kills quickly and then safely degrades into a variety of products. #DBNPA\",\"breadcrumb\":{\"@id\":\"https:\\\/\\\/vcycletech.com\\\/product\\\/dbnpa\\\/#breadcrumb\"},\"inLanguage\":\"fr-FR\",\"potentialAction\":[{\"@type\":\"ReadAction\",\"target\":[\"https:\\\/\\\/vcycletech.com\\\/product\\\/dbnpa\\\/\"]}]},{\"@type\":\"ImageObject\",\"inLanguage\":\"fr-FR\",\"@id\":\"https:\\\/\\\/vcycletech.com\\\/product\\\/dbnpa\\\/#primaryimage\",\"url\":\"https:\\\/\\\/vcycletech.com\\\/wp-content\\\/uploads\\\/2023\\\/03\\\/DBNPA-e1679628807101.png\",\"contentUrl\":\"https:\\\/\\\/vcycletech.com\\\/wp-content\\\/uploads\\\/2023\\\/03\\\/DBNPA-e1679628807101.png\",\"width\":600,\"height\":600,\"caption\":\"DBNPA\"},{\"@type\":\"BreadcrumbList\",\"@id\":\"https:\\\/\\\/vcycletech.com\\\/product\\\/dbnpa\\\/#breadcrumb\",\"itemListElement\":[{\"@type\":\"ListItem\",\"position\":1,\"name\":\"Home\",\"item\":\"https:\\\/\\\/vcycletech.com\\\/\"},{\"@type\":\"ListItem\",\"position\":2,\"name\":\"Water Treatment Chemicals Manufacturer\",\"item\":\"https:\\\/\\\/vcycletech.com\\\/water-treatment-chemicals-manufacturer\\\/\"},{\"@type\":\"ListItem\",\"position\":3,\"name\":\"DBNPA\"}]},{\"@type\":\"WebSite\",\"@id\":\"https:\\\/\\\/vcycletech.com\\\/#website\",\"url\":\"https:\\\/\\\/vcycletech.com\\\/\",\"name\":\"vcycletech\",\"description\":\"China&#039;s top water treatment chemicals supplier\",\"publisher\":{\"@id\":\"https:\\\/\\\/vcycletech.com\\\/#organization\"},\"potentialAction\":[{\"@type\":\"SearchAction\",\"target\":{\"@type\":\"EntryPoint\",\"urlTemplate\":\"https:\\\/\\\/vcycletech.com\\\/?s={search_term_string}\"},\"query-input\":{\"@type\":\"PropertyValueSpecification\",\"valueRequired\":true,\"valueName\":\"search_term_string\"}}],\"inLanguage\":\"fr-FR\"},{\"@type\":\"Organization\",\"@id\":\"https:\\\/\\\/vcycletech.com\\\/#organization\",\"name\":\"vcycletech\",\"url\":\"https:\\\/\\\/vcycletech.com\\\/\",\"logo\":{\"@type\":\"ImageObject\",\"inLanguage\":\"fr-FR\",\"@id\":\"https:\\\/\\\/vcycletech.com\\\/#\\\/schema\\\/logo\\\/image\\\/\",\"url\":\"https:\\\/\\\/vcycletech.com\\\/wp-content\\\/uploads\\\/2023\\\/03\\\/logo-vcycletech-1.png\",\"contentUrl\":\"https:\\\/\\\/vcycletech.com\\\/wp-content\\\/uploads\\\/2023\\\/03\\\/logo-vcycletech-1.png\",\"width\":600,\"height\":400,\"caption\":\"vcycletech\"},\"image\":{\"@id\":\"https:\\\/\\\/vcycletech.com\\\/#\\\/schema\\\/logo\\\/image\\\/\"}}]}<\/script>\n<!-- \/ Yoast SEO Premium plugin. -->","yoast_head_json":{"title":"DBNPA - vcycletech","description":"Venez essayer le DBNPA, le biocide \u00e0 action rapide qui s&#039;hydrolyse rapidement en milieu acide ou alcalin ! Son instabilit\u00e9 signifie qu&#039;il tue rapidement, puis se d\u00e9grade en toute s\u00e9curit\u00e9 en une vari\u00e9t\u00e9 de produits. #DBNPA","robots":{"index":"index","follow":"follow","max-snippet":"max-snippet:-1","max-image-preview":"max-image-preview:large","max-video-preview":"max-video-preview:-1"},"canonical":"https:\/\/vcycletech.com\/fr\/produit\/dbnpa\/","og_locale":"fr_FR","og_type":"article","og_title":"DBNPA","og_description":"Come and try out DBNPA, the fast-acting biocide that quickly hydrolyzes under acid or alkaline conditions! Its instability means it kills quickly and then safely degrades into a variety of products. #DBNPA","og_url":"https:\/\/vcycletech.com\/fr\/produit\/dbnpa\/","og_site_name":"vcycletech","article_modified_time":"2023-03-24T03:33:33+00:00","og_image":[{"width":600,"height":600,"url":"https:\/\/vcycletech.com\/wp-content\/uploads\/2023\/03\/DBNPA-e1679628807101.png","type":"image\/png"}],"twitter_card":"summary_large_image","twitter_misc":{"Dur\u00e9e de lecture estim\u00e9e":"2 minutes"},"schema":{"@context":"https:\/\/schema.org","@graph":[{"@type":"WebPage","@id":"https:\/\/vcycletech.com\/product\/dbnpa\/","url":"https:\/\/vcycletech.com\/product\/dbnpa\/","name":"DBNPA - vcycletech","isPartOf":{"@id":"https:\/\/vcycletech.com\/#website"},"primaryImageOfPage":{"@id":"https:\/\/vcycletech.com\/product\/dbnpa\/#primaryimage"},"image":{"@id":"https:\/\/vcycletech.com\/product\/dbnpa\/#primaryimage"},"thumbnailUrl":"https:\/\/vcycletech.com\/wp-content\/uploads\/2023\/03\/DBNPA-e1679628807101.png","datePublished":"2023-03-21T06:36:25+00:00","dateModified":"2023-03-24T03:33:33+00:00","description":"Venez essayer le DBNPA, le biocide \u00e0 action rapide qui s&#039;hydrolyse rapidement en milieu acide ou alcalin ! Son instabilit\u00e9 signifie qu&#039;il tue rapidement, puis se d\u00e9grade en toute s\u00e9curit\u00e9 en une vari\u00e9t\u00e9 de produits. #DBNPA","breadcrumb":{"@id":"https:\/\/vcycletech.com\/product\/dbnpa\/#breadcrumb"},"inLanguage":"fr-FR","potentialAction":[{"@type":"ReadAction","target":["https:\/\/vcycletech.com\/product\/dbnpa\/"]}]},{"@type":"ImageObject","inLanguage":"fr-FR","@id":"https:\/\/vcycletech.com\/product\/dbnpa\/#primaryimage","url":"https:\/\/vcycletech.com\/wp-content\/uploads\/2023\/03\/DBNPA-e1679628807101.png","contentUrl":"https:\/\/vcycletech.com\/wp-content\/uploads\/2023\/03\/DBNPA-e1679628807101.png","width":600,"height":600,"caption":"DBNPA"},{"@type":"BreadcrumbList","@id":"https:\/\/vcycletech.com\/product\/dbnpa\/#breadcrumb","itemListElement":[{"@type":"ListItem","position":1,"name":"Home","item":"https:\/\/vcycletech.com\/"},{"@type":"ListItem","position":2,"name":"Water Treatment Chemicals Manufacturer","item":"https:\/\/vcycletech.com\/water-treatment-chemicals-manufacturer\/"},{"@type":"ListItem","position":3,"name":"DBNPA"}]},{"@type":"WebSite","@id":"https:\/\/vcycletech.com\/#website","url":"https:\/\/vcycletech.com\/","name":"vcycletech","description":"Meilleur fournisseur de produits chimiques pour le traitement de l&#039;eau en Chine","publisher":{"@id":"https:\/\/vcycletech.com\/#organization"},"potentialAction":[{"@type":"SearchAction","target":{"@type":"EntryPoint","urlTemplate":"https:\/\/vcycletech.com\/?s={search_term_string}"},"query-input":{"@type":"PropertyValueSpecification","valueRequired":true,"valueName":"search_term_string"}}],"inLanguage":"fr-FR"},{"@type":"Organization","@id":"https:\/\/vcycletech.com\/#organization","name":"vcycletech","url":"https:\/\/vcycletech.com\/","logo":{"@type":"ImageObject","inLanguage":"fr-FR","@id":"https:\/\/vcycletech.com\/#\/schema\/logo\/image\/","url":"https:\/\/vcycletech.com\/wp-content\/uploads\/2023\/03\/logo-vcycletech-1.png","contentUrl":"https:\/\/vcycletech.com\/wp-content\/uploads\/2023\/03\/logo-vcycletech-1.png","width":600,"height":400,"caption":"vcycletech"},"image":{"@id":"https:\/\/vcycletech.com\/#\/schema\/logo\/image\/"}}]}},"_links":{"self":[{"href":"https:\/\/vcycletech.com\/fr\/wp-json\/wp\/v2\/product\/1090","targetHints":{"allow":["GET"]}}],"collection":[{"href":"https:\/\/vcycletech.com\/fr\/wp-json\/wp\/v2\/product"}],"about":[{"href":"https:\/\/vcycletech.com\/fr\/wp-json\/wp\/v2\/types\/product"}],"wp:featuredmedia":[{"embeddable":true,"href":"https:\/\/vcycletech.com\/fr\/wp-json\/wp\/v2\/media\/1102"}],"wp:attachment":[{"href":"https:\/\/vcycletech.com\/fr\/wp-json\/wp\/v2\/media?parent=1090"}],"wp:term":[{"taxonomy":"product_brand","embeddable":true,"href":"https:\/\/vcycletech.com\/fr\/wp-json\/wp\/v2\/product_brand?post=1090"},{"taxonomy":"product_cat","embeddable":true,"href":"https:\/\/vcycletech.com\/fr\/wp-json\/wp\/v2\/product_cat?post=1090"},{"taxonomy":"product_tag","embeddable":true,"href":"https:\/\/vcycletech.com\/fr\/wp-json\/wp\/v2\/product_tag?post=1090"}],"curies":[{"name":"wp","href":"https:\/\/api.w.org\/{rel}","templated":true}]}}