{"id":1074,"date":"2023-03-21T06:04:38","date_gmt":"2023-03-21T06:04:38","guid":{"rendered":"https:\/\/vcycletech.com\/?post_type=product&#038;p=1074"},"modified":"2023-03-21T09:11:29","modified_gmt":"2023-03-21T09:11:29","slug":"tolyltriazole-tta","status":"publish","type":"product","link":"https:\/\/vcycletech.com\/fr\/produit\/tolyltriazole-tta\/","title":{"rendered":"Tolyltriazole (TTA)"},"content":{"rendered":"<h3>N\u00b0 CAS 29385-43-1<br \/>\nFormule mol\u00e9culaire : C7H7N3 Masse mol\u00e9culaire : 133,16<br \/>\nSp\u00e9cification:<\/h3>\n<div id=\"footable_parent_1078\"\n         class=\"footable_parent ninja_table_wrapper loading_ninja_table wp_table_data_press_parent semantic_ui\">\n                <table data-ninja_table_instance=\"ninja_table_instance_0\" data-footable_id=\"1078\" data-filter-delay=\"1000\" aria-label=\"Tolyltriazole (TTA).csv\"            id=\"footable_1078\"\n           data-unique_identifier=\"ninja_table_unique_id_3848897877_1078\"\n           class=\"foo-table ninja_footable foo_table_1078 ninja_table_unique_id_3848897877_1078 ui table  nt_type_legacy_table selectable striped vertical_centered  footable-paging-right ninja_table_pro\">\n                <colgroup>\n                            <col class=\"ninja_column_0\">\n                            <col class=\"ninja_column_1\">\n                    <\/colgroup>\n        <thead>\n<tr class=\"footable-header\">\n                                        <th scope=\"col\"  class=\"ninja_column_0 ninja_clmn_nm_items\"> Articles<\/th><th scope=\"col\"  class=\"ninja_column_1 ninja_clmn_nm_index\">Indice<\/th><\/tr>\n<\/thead>\n<tbody>\n\n        <tr data-row_id=\"205\" class=\"ninja_table_row_0 nt_row_id_205\">\n            <td>Apparence<\/td><td>Granul\u00e9 blanc ou jaune clair<\/td>        <\/tr>\n            <tr data-row_id=\"206\" class=\"ninja_table_row_1 nt_row_id_206\">\n            <td>Contenu, %<\/td><td>99,5 minutes<\/td>        <\/tr>\n            <tr data-row_id=\"207\" class=\"ninja_table_row_2 nt_row_id_207\">\n            <td>Humidit\u00e9, %<\/td><td>0,2 maximum<\/td>        <\/tr>\n            <tr data-row_id=\"208\" class=\"ninja_table_row_3 nt_row_id_208\">\n            <td>Point de fusion, \u2103<\/td><td>80.0-86.0<\/td>        <\/tr>\n            <tr data-row_id=\"209\" class=\"ninja_table_row_4 nt_row_id_209\">\n            <td>Teneur en cendres, %<\/td><td>0,05 maximum<\/td>        <\/tr>\n            <tr data-row_id=\"210\" class=\"ninja_table_row_5 nt_row_id_210\">\n            <td>Couleur (Brume)<\/td><td>45 maximum<\/td>        <\/tr>\n            <tr data-row_id=\"211\" class=\"ninja_table_row_6 nt_row_id_211\">\n            <td>pH<\/td><td>5.5-6.5<\/td>        <\/tr>\n    <\/tbody><!--ninja_tobody_rendering_done-->\n    <\/table>\n    \n    \n    \n<\/div>\n\n<h3>Propri\u00e9t\u00e9s du tolyltriazole (TTA) :<\/h3>\n<p>Pur <strong>TTA<\/strong> est un granul\u00e9 ou une poudre blanche compos\u00e9 d&#039;un m\u00e9lange de 4-m\u00e9thyl-benzotriazole et de 5-m\u00e9thyl-benzotriazole. Il a un point de fusion entre 80\u00b0C et 86\u00b0C et est soluble dans l&#039;alcool, le benz\u00e8ne, le tolu\u00e8ne, le chloroforme et la lessive aqueuse. Cependant, il n&#039;est que peu soluble dans l&#039;eau. Les professionnels doivent \u00eatre m\u00e9ticuleux lors de la manipulation de TTA pour garantir une utilisation en toute s\u00e9curit\u00e9.<\/p>\n<h3>Utilisation du tolyltriazole (TTA):<\/h3>\n<p><strong>TTA<\/strong> est principalement utilis\u00e9 comme antirouille et inhibiteur de corrosion pour les m\u00e9taux tels que l&#039;argent, le cuivre, le zinc, le plomb et le nickel. Il peut \u00e9galement \u00eatre utilis\u00e9 dans les produits d&#039;huile antirouille (suif), les inhibiteurs de corrosion en phase gazeuse du cuivre, les additifs de lubrifiant, les compos\u00e9s de traitement de l&#039;eau de cycle et l&#039;antigel automatique. De plus, lorsqu&#039;il est utilis\u00e9 avec un algicide de st\u00e9rilisation multiple, il d\u00e9montre un effet impressionnant d&#039;att\u00e9nuation de la corrosion sur les syst\u00e8mes d&#039;eau de refroidissement \u00e0 cycle ferm\u00e9. Professionnalisme et minutie sont requis lors de la manipulation <strong>TTA<\/strong> pour garantir une utilisation en toute s\u00e9curit\u00e9.<\/p>\n<h3>Emballage et stockage\u00a0:<\/h3>\n<p><strong>TTA<\/strong> doivent \u00eatre emball\u00e9s dans des scell\u00e9s, des contenants en plastique non poreux ou en papier. Il doit \u00eatre stock\u00e9 dans un endroit frais, sec et bien ventil\u00e9 pour \u00e9viter toute contamination et augmenter sa dur\u00e9e de conservation. Le transport et la manutention doivent \u00eatre effectu\u00e9s conform\u00e9ment aux bonnes pratiques industrielles pour les produits chimiques dangereux. Les professionnels doivent prendre toutes les pr\u00e9cautions pour assurer le transport, la manipulation et le stockage en toute s\u00e9curit\u00e9 des <strong>TTA<\/strong>: 25 kg\/sac ou exigence des clients. Facile \u00e0 mouiller, veuillez mettre en a\u00e9ration, endroit sec, ne pas le m\u00e9langer avec de la nourriture et des graines.<\/p>\n<h3>Synonymes\u00a0:<\/h3>\n<p>TTA\u00a0; m\u00e9thylbenzotriazole\u00a0; tolyltriazole\u00a0;<\/p>\n<h3>FAQ sur le tolyltriazole (TTA\u2022Na)\u00a0\uff1a<\/h3>\n<p><strong>Qu&#039;est-ce que le tolyltriazole (TTA\u2022Na)\u00a0?<\/strong><br \/>\nLe tolyltriazole (TTA\u2022Na) est un solide cristallin blanc utilis\u00e9 comme inhibiteur de corrosion. Il est insoluble dans l&#039;eau et a un point de fusion de 115-116\u00b0C.<\/p>\n<p><strong>Quelles sont les utilisations du Tolyltriazole (TTA\u2022Na)\u00a0?<\/strong><br \/>\nLe tolyltriazole (TTA\u2022Na) est un inhibiteur de corrosion dans les fluides de travail des m\u00e9taux et les tours de refroidissement. Il est \u00e9galement utilis\u00e9 comme additif dans les lubrifiants, les graisses et les fluides hydrauliques.<\/p>\n<p><strong>Quels sont les effets secondaires du Tolyltriazole (TTA\u2022Na)\u00a0?<\/strong><br \/>\nLe tolyltriazole (TTA\u2022Na) est consid\u00e9r\u00e9 comme un compos\u00e9 peu toxique et il n&#039;a pas \u00e9t\u00e9 d\u00e9montr\u00e9 qu&#039;il cause des effets nocifs sur la sant\u00e9 humaine. Cependant, des \u00e9tudes animales ont montr\u00e9 que des doses \u00e9lev\u00e9es de tolyltriazole peuvent causer des dommages au foie et aux reins.<\/p>\n<p><strong>Comment conserver le tolyltriazole (TTA\u2022Na)\u00a0?<\/strong><br \/>\nLe tolyltriazole (TTA\u2022Na) doit \u00eatre conserv\u00e9 dans un endroit frais et sec, \u00e0 l&#039;\u00e9cart de la chaleur ou des flammes nues.<\/p>\n<p><a href=\"https:\/\/vcycletech.com\/fr\/un-inhibiteur-de-corrosion\/\"><strong>Obtenez la solution compl\u00e8te d&#039;inhibiteurs de corrosion.<\/strong><\/a><\/p>","protected":false},"excerpt":{"rendered":"<p><strong>Tolyltriazole (TTA)<\/strong> est un compos\u00e9 organique de formule C6H3N3. C&#039;est un solide blanc soluble dans l&#039;eau et l&#039;alcool. Le TTA est utilis\u00e9 comme inhibiteur de corrosion, agent antisalissure et d\u00e9sinfectant. Il peut \u00e9galement \u00eatre utilis\u00e9 comme inhibiteur de polym\u00e9risation, traitement des semences et fumigant agricole.<br \/>\nDe gros <strong>Tolyltriazole (TTA)<\/strong> offre aux entreprises plusieurs avantages, notamment :<br \/>\nPrix bas : Nous offrons les meilleurs prix sur <strong>Tolyltriazole (TTA)<\/strong>.<br \/>\nProduits de qualit\u00e9 : Nous proposons \u00e0 nos clients uniquement des produits de la plus haute qualit\u00e9.<br \/>\nLarge gamme de produits : Nous avons une large gamme de produits parmi lesquels choisir.<br \/>\nChoisissez-nous pour tous vos <strong>Tolyltriazole (TTA)<\/strong> besoins et profitez de nos avantages !<\/p>","protected":false},"featured_media":1083,"template":"","meta":{"site-sidebar-layout":"default","site-content-layout":"default","ast-site-content-layout":"default","site-content-style":"default","site-sidebar-style":"default","ast-global-header-display":"","ast-banner-title-visibility":"","ast-main-header-display":"","ast-hfb-above-header-display":"","ast-hfb-below-header-display":"","ast-hfb-mobile-header-display":"","site-post-title":"","ast-breadcrumbs-content":"","ast-featured-img":"","footer-sml-layout":"","ast-disable-related-posts":"","theme-transparent-header-meta":"default","adv-header-id-meta":"","stick-header-meta":"default","header-above-stick-meta":"","header-main-stick-meta":"","header-below-stick-meta":"","astra-migrate-meta-layouts":"default","ast-page-background-enabled":"default","ast-page-background-meta":{"desktop":{"background-color":"","background-image":"","background-repeat":"repeat","background-position":"center center","background-size":"auto","background-attachment":"scroll","background-type":"","background-media":"","overlay-type":"","overlay-color":"","overlay-opacity":"","overlay-gradient":""},"tablet":{"background-color":"","background-image":"","background-repeat":"repeat","background-position":"center center","background-size":"auto","background-attachment":"scroll","background-type":"","background-media":"","overlay-type":"","overlay-color":"","overlay-opacity":"","overlay-gradient":""},"mobile":{"background-color":"","background-image":"","background-repeat":"repeat","background-position":"center center","background-size":"auto","background-attachment":"scroll","background-type":"","background-media":"","overlay-type":"","overlay-color":"","overlay-opacity":"","overlay-gradient":""}},"ast-content-background-meta":{"desktop":{"background-color":"var(--ast-global-color-5)","background-image":"","background-repeat":"repeat","background-position":"center center","background-size":"auto","background-attachment":"scroll","background-type":"","background-media":"","overlay-type":"","overlay-color":"","overlay-opacity":"","overlay-gradient":""},"tablet":{"background-color":"var(--ast-global-color-5)","background-image":"","background-repeat":"repeat","background-position":"center center","background-size":"auto","background-attachment":"scroll","background-type":"","background-media":"","overlay-type":"","overlay-color":"","overlay-opacity":"","overlay-gradient":""},"mobile":{"background-color":"var(--ast-global-color-5)","background-image":"","background-repeat":"repeat","background-position":"center center","background-size":"auto","background-attachment":"scroll","background-type":"","background-media":"","overlay-type":"","overlay-color":"","overlay-opacity":"","overlay-gradient":""}}},"product_brand":[],"product_cat":[30],"product_tag":[],"class_list":{"0":"post-1074","1":"product","2":"type-product","3":"status-publish","4":"has-post-thumbnail","6":"product_cat-corrosion-inhibitors","7":"desktop-align-left","8":"tablet-align-left","9":"mobile-align-left","10":"ast-product-gallery-layout-horizontal-slider","11":"ast-product-tabs-layout-horizontal","13":"first","14":"instock","15":"shipping-taxable","16":"product-type-simple"},"yoast_head":"<!-- This site is optimized with the Yoast SEO Premium plugin v26.3 (Yoast SEO v27.3) - https:\/\/yoast.com\/product\/yoast-seo-premium-wordpress\/ -->\n<title>Tolyltriazole (TTA) - vcycletech<\/title>\n<meta name=\"description\" content=\"Tolyltriazole (TTA) is a chemical compound that has been used for decades in the protection of metal surfaces from corrosion. It forms an invisible protective layer on the metal surface and prevents oxidation. TTA is commonly used in marine, industrial, and automotive applications. It is often added to circulating water systems or sprayed directly onto metal surfaces as a protective barrier.\" \/>\n<meta name=\"robots\" content=\"index, follow, max-snippet:-1, max-image-preview:large, max-video-preview:-1\" \/>\n<link rel=\"canonical\" href=\"https:\/\/vcycletech.com\/fr\/produit\/tolyltriazole-tta\/\" \/>\n<meta property=\"og:locale\" content=\"fr_FR\" \/>\n<meta property=\"og:type\" content=\"article\" \/>\n<meta property=\"og:title\" content=\"Tolyltriazole (TTA)\" \/>\n<meta property=\"og:description\" content=\"Tolyltriazole (TTA) is a chemical compound that has been used for decades in the protection of metal surfaces from corrosion. It forms an invisible protective layer on the metal surface and prevents oxidation. TTA is commonly used in marine, industrial, and automotive applications. It is often added to circulating water systems or sprayed directly onto metal surfaces as a protective barrier.\" \/>\n<meta property=\"og:url\" content=\"https:\/\/vcycletech.com\/fr\/produit\/tolyltriazole-tta\/\" \/>\n<meta property=\"og:site_name\" content=\"vcycletech\" \/>\n<meta property=\"article:modified_time\" content=\"2023-03-21T09:11:29+00:00\" \/>\n<meta property=\"og:image\" content=\"https:\/\/vcycletech.com\/wp-content\/uploads\/2023\/03\/\u672a\u547d\u540d\u7684\u8bbe\u8ba1-1-1.png\" \/>\n\t<meta property=\"og:image:width\" content=\"600\" \/>\n\t<meta property=\"og:image:height\" content=\"600\" \/>\n\t<meta property=\"og:image:type\" content=\"image\/png\" \/>\n<meta name=\"twitter:card\" content=\"summary_large_image\" \/>\n<meta name=\"twitter:label1\" content=\"Dur\u00e9e de lecture estim\u00e9e\" \/>\n\t<meta name=\"twitter:data1\" content=\"2 minutes\" \/>\n<script type=\"application\/ld+json\" class=\"yoast-schema-graph\">{\"@context\":\"https:\\\/\\\/schema.org\",\"@graph\":[{\"@type\":\"WebPage\",\"@id\":\"https:\\\/\\\/vcycletech.com\\\/product\\\/tolyltriazole-tta\\\/\",\"url\":\"https:\\\/\\\/vcycletech.com\\\/product\\\/tolyltriazole-tta\\\/\",\"name\":\"Tolyltriazole (TTA) - vcycletech\",\"isPartOf\":{\"@id\":\"https:\\\/\\\/vcycletech.com\\\/#website\"},\"primaryImageOfPage\":{\"@id\":\"https:\\\/\\\/vcycletech.com\\\/product\\\/tolyltriazole-tta\\\/#primaryimage\"},\"image\":{\"@id\":\"https:\\\/\\\/vcycletech.com\\\/product\\\/tolyltriazole-tta\\\/#primaryimage\"},\"thumbnailUrl\":\"https:\\\/\\\/vcycletech.com\\\/wp-content\\\/uploads\\\/2023\\\/03\\\/\u672a\u547d\u540d\u7684\u8bbe\u8ba1-1-1.png\",\"datePublished\":\"2023-03-21T06:04:38+00:00\",\"dateModified\":\"2023-03-21T09:11:29+00:00\",\"description\":\"Tolyltriazole (TTA) is a chemical compound that has been used for decades in the protection of metal surfaces from corrosion. It forms an invisible protective layer on the metal surface and prevents oxidation. TTA is commonly used in marine, industrial, and automotive applications. It is often added to circulating water systems or sprayed directly onto metal surfaces as a protective barrier.\",\"breadcrumb\":{\"@id\":\"https:\\\/\\\/vcycletech.com\\\/product\\\/tolyltriazole-tta\\\/#breadcrumb\"},\"inLanguage\":\"fr-FR\",\"potentialAction\":[{\"@type\":\"ReadAction\",\"target\":[\"https:\\\/\\\/vcycletech.com\\\/product\\\/tolyltriazole-tta\\\/\"]}]},{\"@type\":\"ImageObject\",\"inLanguage\":\"fr-FR\",\"@id\":\"https:\\\/\\\/vcycletech.com\\\/product\\\/tolyltriazole-tta\\\/#primaryimage\",\"url\":\"https:\\\/\\\/vcycletech.com\\\/wp-content\\\/uploads\\\/2023\\\/03\\\/\u672a\u547d\u540d\u7684\u8bbe\u8ba1-1-1.png\",\"contentUrl\":\"https:\\\/\\\/vcycletech.com\\\/wp-content\\\/uploads\\\/2023\\\/03\\\/\u672a\u547d\u540d\u7684\u8bbe\u8ba1-1-1.png\",\"width\":600,\"height\":600,\"caption\":\"Tolyltriazole (TTA)\"},{\"@type\":\"BreadcrumbList\",\"@id\":\"https:\\\/\\\/vcycletech.com\\\/product\\\/tolyltriazole-tta\\\/#breadcrumb\",\"itemListElement\":[{\"@type\":\"ListItem\",\"position\":1,\"name\":\"Home\",\"item\":\"https:\\\/\\\/vcycletech.com\\\/\"},{\"@type\":\"ListItem\",\"position\":2,\"name\":\"Water Treatment Chemicals Manufacturer\",\"item\":\"https:\\\/\\\/vcycletech.com\\\/water-treatment-chemicals-manufacturer\\\/\"},{\"@type\":\"ListItem\",\"position\":3,\"name\":\"Tolyltriazole (TTA)\"}]},{\"@type\":\"WebSite\",\"@id\":\"https:\\\/\\\/vcycletech.com\\\/#website\",\"url\":\"https:\\\/\\\/vcycletech.com\\\/\",\"name\":\"vcycletech\",\"description\":\"China&#039;s top water treatment chemicals supplier\",\"publisher\":{\"@id\":\"https:\\\/\\\/vcycletech.com\\\/#organization\"},\"potentialAction\":[{\"@type\":\"SearchAction\",\"target\":{\"@type\":\"EntryPoint\",\"urlTemplate\":\"https:\\\/\\\/vcycletech.com\\\/?s={search_term_string}\"},\"query-input\":{\"@type\":\"PropertyValueSpecification\",\"valueRequired\":true,\"valueName\":\"search_term_string\"}}],\"inLanguage\":\"fr-FR\"},{\"@type\":\"Organization\",\"@id\":\"https:\\\/\\\/vcycletech.com\\\/#organization\",\"name\":\"vcycletech\",\"url\":\"https:\\\/\\\/vcycletech.com\\\/\",\"logo\":{\"@type\":\"ImageObject\",\"inLanguage\":\"fr-FR\",\"@id\":\"https:\\\/\\\/vcycletech.com\\\/#\\\/schema\\\/logo\\\/image\\\/\",\"url\":\"https:\\\/\\\/vcycletech.com\\\/wp-content\\\/uploads\\\/2023\\\/03\\\/logo-vcycletech-1.png\",\"contentUrl\":\"https:\\\/\\\/vcycletech.com\\\/wp-content\\\/uploads\\\/2023\\\/03\\\/logo-vcycletech-1.png\",\"width\":600,\"height\":400,\"caption\":\"vcycletech\"},\"image\":{\"@id\":\"https:\\\/\\\/vcycletech.com\\\/#\\\/schema\\\/logo\\\/image\\\/\"}}]}<\/script>\n<!-- \/ Yoast SEO Premium plugin. -->","yoast_head_json":{"title":"Tolyltriazole (TTA) - vcycletech","description":"Le tolyltriazole (TTA) est un compos\u00e9 chimique utilis\u00e9 depuis des d\u00e9cennies dans la protection des surfaces m\u00e9talliques contre la corrosion. Il forme une couche protectrice invisible sur la surface m\u00e9tallique et emp\u00eache l&#039;oxydation. Le TTA est couramment utilis\u00e9 dans les applications marines, industrielles et automobiles. Il est souvent ajout\u00e9 aux syst\u00e8mes de circulation d&#039;eau ou pulv\u00e9ris\u00e9 directement sur les surfaces m\u00e9talliques comme barri\u00e8re protectrice.","robots":{"index":"index","follow":"follow","max-snippet":"max-snippet:-1","max-image-preview":"max-image-preview:large","max-video-preview":"max-video-preview:-1"},"canonical":"https:\/\/vcycletech.com\/fr\/produit\/tolyltriazole-tta\/","og_locale":"fr_FR","og_type":"article","og_title":"Tolyltriazole (TTA)","og_description":"Tolyltriazole (TTA) is a chemical compound that has been used for decades in the protection of metal surfaces from corrosion. It forms an invisible protective layer on the metal surface and prevents oxidation. TTA is commonly used in marine, industrial, and automotive applications. It is often added to circulating water systems or sprayed directly onto metal surfaces as a protective barrier.","og_url":"https:\/\/vcycletech.com\/fr\/produit\/tolyltriazole-tta\/","og_site_name":"vcycletech","article_modified_time":"2023-03-21T09:11:29+00:00","og_image":[{"width":600,"height":600,"url":"https:\/\/vcycletech.com\/wp-content\/uploads\/2023\/03\/\u672a\u547d\u540d\u7684\u8bbe\u8ba1-1-1.png","type":"image\/png"}],"twitter_card":"summary_large_image","twitter_misc":{"Dur\u00e9e de lecture estim\u00e9e":"2 minutes"},"schema":{"@context":"https:\/\/schema.org","@graph":[{"@type":"WebPage","@id":"https:\/\/vcycletech.com\/product\/tolyltriazole-tta\/","url":"https:\/\/vcycletech.com\/product\/tolyltriazole-tta\/","name":"Tolyltriazole (TTA) - vcycletech","isPartOf":{"@id":"https:\/\/vcycletech.com\/#website"},"primaryImageOfPage":{"@id":"https:\/\/vcycletech.com\/product\/tolyltriazole-tta\/#primaryimage"},"image":{"@id":"https:\/\/vcycletech.com\/product\/tolyltriazole-tta\/#primaryimage"},"thumbnailUrl":"https:\/\/vcycletech.com\/wp-content\/uploads\/2023\/03\/\u672a\u547d\u540d\u7684\u8bbe\u8ba1-1-1.png","datePublished":"2023-03-21T06:04:38+00:00","dateModified":"2023-03-21T09:11:29+00:00","description":"Le tolyltriazole (TTA) est un compos\u00e9 chimique utilis\u00e9 depuis des d\u00e9cennies dans la protection des surfaces m\u00e9talliques contre la corrosion. Il forme une couche protectrice invisible sur la surface m\u00e9tallique et emp\u00eache l&#039;oxydation. Le TTA est couramment utilis\u00e9 dans les applications marines, industrielles et automobiles. Il est souvent ajout\u00e9 aux syst\u00e8mes de circulation d&#039;eau ou pulv\u00e9ris\u00e9 directement sur les surfaces m\u00e9talliques comme barri\u00e8re protectrice.","breadcrumb":{"@id":"https:\/\/vcycletech.com\/product\/tolyltriazole-tta\/#breadcrumb"},"inLanguage":"fr-FR","potentialAction":[{"@type":"ReadAction","target":["https:\/\/vcycletech.com\/product\/tolyltriazole-tta\/"]}]},{"@type":"ImageObject","inLanguage":"fr-FR","@id":"https:\/\/vcycletech.com\/product\/tolyltriazole-tta\/#primaryimage","url":"https:\/\/vcycletech.com\/wp-content\/uploads\/2023\/03\/\u672a\u547d\u540d\u7684\u8bbe\u8ba1-1-1.png","contentUrl":"https:\/\/vcycletech.com\/wp-content\/uploads\/2023\/03\/\u672a\u547d\u540d\u7684\u8bbe\u8ba1-1-1.png","width":600,"height":600,"caption":"Tolyltriazole (TTA)"},{"@type":"BreadcrumbList","@id":"https:\/\/vcycletech.com\/product\/tolyltriazole-tta\/#breadcrumb","itemListElement":[{"@type":"ListItem","position":1,"name":"Home","item":"https:\/\/vcycletech.com\/"},{"@type":"ListItem","position":2,"name":"Water Treatment Chemicals Manufacturer","item":"https:\/\/vcycletech.com\/water-treatment-chemicals-manufacturer\/"},{"@type":"ListItem","position":3,"name":"Tolyltriazole (TTA)"}]},{"@type":"WebSite","@id":"https:\/\/vcycletech.com\/#website","url":"https:\/\/vcycletech.com\/","name":"vcycletech","description":"Meilleur fournisseur de produits chimiques pour le traitement de l&#039;eau en Chine","publisher":{"@id":"https:\/\/vcycletech.com\/#organization"},"potentialAction":[{"@type":"SearchAction","target":{"@type":"EntryPoint","urlTemplate":"https:\/\/vcycletech.com\/?s={search_term_string}"},"query-input":{"@type":"PropertyValueSpecification","valueRequired":true,"valueName":"search_term_string"}}],"inLanguage":"fr-FR"},{"@type":"Organization","@id":"https:\/\/vcycletech.com\/#organization","name":"vcycletech","url":"https:\/\/vcycletech.com\/","logo":{"@type":"ImageObject","inLanguage":"fr-FR","@id":"https:\/\/vcycletech.com\/#\/schema\/logo\/image\/","url":"https:\/\/vcycletech.com\/wp-content\/uploads\/2023\/03\/logo-vcycletech-1.png","contentUrl":"https:\/\/vcycletech.com\/wp-content\/uploads\/2023\/03\/logo-vcycletech-1.png","width":600,"height":400,"caption":"vcycletech"},"image":{"@id":"https:\/\/vcycletech.com\/#\/schema\/logo\/image\/"}}]}},"_links":{"self":[{"href":"https:\/\/vcycletech.com\/fr\/wp-json\/wp\/v2\/product\/1074","targetHints":{"allow":["GET"]}}],"collection":[{"href":"https:\/\/vcycletech.com\/fr\/wp-json\/wp\/v2\/product"}],"about":[{"href":"https:\/\/vcycletech.com\/fr\/wp-json\/wp\/v2\/types\/product"}],"wp:featuredmedia":[{"embeddable":true,"href":"https:\/\/vcycletech.com\/fr\/wp-json\/wp\/v2\/media\/1083"}],"wp:attachment":[{"href":"https:\/\/vcycletech.com\/fr\/wp-json\/wp\/v2\/media?parent=1074"}],"wp:term":[{"taxonomy":"product_brand","embeddable":true,"href":"https:\/\/vcycletech.com\/fr\/wp-json\/wp\/v2\/product_brand?post=1074"},{"taxonomy":"product_cat","embeddable":true,"href":"https:\/\/vcycletech.com\/fr\/wp-json\/wp\/v2\/product_cat?post=1074"},{"taxonomy":"product_tag","embeddable":true,"href":"https:\/\/vcycletech.com\/fr\/wp-json\/wp\/v2\/product_tag?post=1074"}],"curies":[{"name":"wp","href":"https:\/\/api.w.org\/{rel}","templated":true}]}}