{"id":1061,"date":"2023-03-21T05:30:15","date_gmt":"2023-03-21T05:30:15","guid":{"rendered":"https:\/\/vcycletech.com\/?post_type=product&#038;p=1061"},"modified":"2023-03-21T09:12:16","modified_gmt":"2023-03-21T09:12:16","slug":"sel-de-sodium-de-tolyltriazole-ttana","status":"publish","type":"product","link":"https:\/\/vcycletech.com\/fr\/produit\/sel-de-sodium-de-tolyltriazole-ttana\/","title":{"rendered":"Sel de sodium de tolyltriazole (TTA\u2022Na)"},"content":{"rendered":"<h3>N\u00b0 CAS 64665-57-2<br \/>\nFormule mol\u00e9culaire : C7H6N3Na Masse mol\u00e9culaire : 155,13<br \/>\nStructure moleculaire:<\/h3>\n<p><img fetchpriority=\"high\" decoding=\"async\" class=\"size-full wp-image-1066\" src=\"https:\/\/vcycletech.com\/wp-content\/uploads\/2023\/03\/1-24.png\" alt=\"TTA\u2022Na\" width=\"600\" height=\"600\" srcset=\"https:\/\/vcycletech.com\/wp-content\/uploads\/2023\/03\/1-24.png 600w, https:\/\/vcycletech.com\/wp-content\/uploads\/2023\/03\/1-24-100x100.png 100w, https:\/\/vcycletech.com\/wp-content\/uploads\/2023\/03\/1-24-300x300.png 300w, https:\/\/vcycletech.com\/wp-content\/uploads\/2023\/03\/1-24-150x150.png 150w\" sizes=\"(max-width: 600px) 100vw, 600px\" \/><\/p>\n<h3>Sp\u00e9cification:<\/h3>\n<p><span style=\"font-size: 16px;\"><div id=\"footable_parent_1067\"\n         class=\"footable_parent ninja_table_wrapper loading_ninja_table wp_table_data_press_parent semantic_ui\">\n                <table data-ninja_table_instance=\"ninja_table_instance_0\" data-footable_id=\"1067\" data-filter-delay=\"1000\" aria-label=\"TTA Na.xlsx.csv\"            id=\"footable_1067\"\n           data-unique_identifier=\"ninja_table_unique_id_4168184047_1067\"\n           class=\"foo-table ninja_footable foo_table_1067 ninja_table_unique_id_4168184047_1067 ui table  nt_type_legacy_table selectable striped vertical_centered  footable-paging-right ninja_table_pro\">\n                <colgroup>\n                            <col class=\"ninja_column_0\">\n                            <col class=\"ninja_column_1\">\n                    <\/colgroup>\n        <thead>\n<tr class=\"footable-header\">\n                                        <th scope=\"col\"  class=\"ninja_column_0 ninja_clmn_nm_items\"> Articles<\/th><th scope=\"col\"  class=\"ninja_column_1 ninja_clmn_nm_index\">Indice<\/th><\/tr>\n<\/thead>\n<tbody>\n\n        <tr data-row_id=\"196\" class=\"ninja_table_row_0 nt_row_id_196\">\n            <td>Apparence<\/td><td>Liquide transparent ambr\u00e9<\/td>        <\/tr>\n            <tr data-row_id=\"197\" class=\"ninja_table_row_1 nt_row_id_197\">\n            <td>Contenu solide %<\/td><td>50,0 minutes<\/td>        <\/tr>\n            <tr data-row_id=\"198\" class=\"ninja_table_row_2 nt_row_id_198\">\n            <td>Densit\u00e9 (20\u2103) g\/cm3<\/td><td>1,18 min<\/td>        <\/tr>\n            <tr data-row_id=\"199\" class=\"ninja_table_row_3 nt_row_id_199\">\n            <td>pH (solution d&#039;eau 1%)<\/td><td>11.0-12.0<\/td>        <\/tr>\n    <\/tbody><!--ninja_tobody_rendering_done-->\n    <\/table>\n    \n    \n    \n<\/div>\n<\/span><\/p>\n<h3>Propri\u00e9t\u00e9s TTA\u2022Na\u00a0:<\/h3>\n<p><strong>TTA\u2022Na<\/strong> peut \u00eatre utilis\u00e9 comme inhibiteur de corrosion pour le cuivre et les alliages de cuivre, offrant une protection anticorrosive contre l&#039;air et d&#039;autres agents nocifs. De plus, lorsqu&#039;il est utilis\u00e9 en combinaison avec MBT, l&#039;efficacit\u00e9 de la membrane form\u00e9e sur la surface m\u00e9tallique est plus constante et fiable. Cette membrane sert \u00e0 prot\u00e9ger le cuivre et les autres m\u00e9taux de la corrosion et offre une protection sup\u00e9rieure par rapport aux solutions alternatives.<\/p>\n<h3>Utilisation de TTA\u2022Na\u00a0:<\/h3>\n<p><strong>TTA\u2022Na<\/strong> peut \u00eatre dissous dans des solutions alcoolis\u00e9es ou alcalines pour une utilisation dans les syst\u00e8mes de circulation d&#039;eau. Il est recommand\u00e9 d&#039;utiliser une dose de 2-10mg\/L ; cependant, si le m\u00e9tal est gravement endommag\u00e9 par la corrosion, 5 \u00e0 10 fois cette quantit\u00e9 peut \u00eatre n\u00e9cessaire.<\/p>\n<h3>Emballage et stockage\u00a0:<\/h3>\n<p><strong>TTA\u2022Na<\/strong> doit \u00eatre stock\u00e9 dans un endroit frais et sec et \u00e0 l&#039;abri de la lumi\u00e8re directe du soleil pour \u00e9viter toute d\u00e9gradation. Il doit \u00eatre scell\u00e9 herm\u00e9tiquement lorsqu&#039;il n&#039;est pas utilis\u00e9 et manipul\u00e9 avec soin conform\u00e9ment aux normes de s\u00e9curit\u00e9.<\/p>\n<h3>FAQ sur le sel de sodium de tolyltriazole (TTA\u2022Na)<\/h3>\n<p><strong>Qu&#039;est-ce que TTA\u2022Na\u00a0?<\/strong><br \/>\n<strong>TTA\u2022Na<\/strong> est le sel de sodium du tolyltriazole (TTA). Le TTA est un solide cristallin blanc insoluble dans l&#039;eau. Il est utilis\u00e9 comme inhibiteur de corrosion dans diverses industries, y compris l&#039;industrie p\u00e9troli\u00e8re et gazi\u00e8re.<\/p>\n<p><strong>Quels sont les avantages d&#039;utiliser TTA\u2022Na\u00a0?<\/strong><br \/>\n<strong>TTA\u2022Na<\/strong> offre une excellente protection contre la corrosion des m\u00e9taux, en particulier dans les environnements \u00e0 haute temp\u00e9rature et haute pression. Il est \u00e9galement efficace pour pr\u00e9venir la formation de tartre sur les surfaces m\u00e9talliques.<\/p>\n<p><strong>Y a-t-il des risques associ\u00e9s \u00e0 l&#039;utilisation de TTA\u2022Na\u00a0?<\/strong><br \/>\n<strong>TTA\u2022Na<\/strong> est consid\u00e9r\u00e9 comme un produit chimique peu toxique et ne devrait pas avoir d&#039;effets nocifs sur la sant\u00e9 aux concentrations recommand\u00e9es. Cependant, il doit \u00eatre utilis\u00e9 avec prudence dans les zones o\u00f9 il existe un risque d&#039;exposition humaine ou animale, car il peut provoquer une irritation cutan\u00e9e.<\/p>\n<p><strong>Comment utiliser TTA\u2022Na\u00a0?<\/strong><br \/>\n<strong>TTA\u2022Na<\/strong> peut \u00eatre ajout\u00e9 \u00e0 l&#039;eau ou \u00e0 d&#039;autres liquides \u00e0 une concentration de 0,1-0,5%. Il peut \u00e9galement \u00eatre utilis\u00e9 comme rev\u00eatement pour les surfaces m\u00e9talliques.<\/p>\n<p><a href=\"https:\/\/vcycletech.com\/fr\/un-inhibiteur-de-corrosion\/\"><strong>Obtenez la solution compl\u00e8te d&#039;inhibiteurs de corrosion<\/strong><\/a>.<\/p>","protected":false},"excerpt":{"rendered":"<p><strong>Sel de sodium de tolyltriazole (TTA\u2022Na)<\/strong> est un compos\u00e9 organique utilis\u00e9 comme inhibiteur de corrosion et agent de traitement de l&#039;eau. Il peut \u00eatre utilis\u00e9 dans diverses applications industrielles, notamment le travail des m\u00e9taux, le traitement des textiles et la fabrication du papier. TTA\u2022Na est \u00e9galement efficace pour pr\u00e9venir la croissance d&#039;algues et de bact\u00e9ries dans les syst\u00e8mes d&#039;eau. Pour les entreprises \u00e0 la recherche d&#039;une source fiable et abordable de <strong>Sel de sodium de tolyltriazole (TTA\u2022Na)<\/strong>, ne cherchez pas plus loin que la Chine. Nous proposons des produits TTA\u2022Na de haute qualit\u00e9 \u00e0 des prix comp\u00e9titifs. Contactez-nous d\u00e8s aujourd&#039;hui pour en savoir plus sur nos produits et services !<\/p>","protected":false},"featured_media":1068,"template":"","meta":{"site-sidebar-layout":"default","site-content-layout":"default","ast-site-content-layout":"default","site-content-style":"default","site-sidebar-style":"default","ast-global-header-display":"","ast-banner-title-visibility":"","ast-main-header-display":"","ast-hfb-above-header-display":"","ast-hfb-below-header-display":"","ast-hfb-mobile-header-display":"","site-post-title":"","ast-breadcrumbs-content":"","ast-featured-img":"","footer-sml-layout":"","ast-disable-related-posts":"","theme-transparent-header-meta":"default","adv-header-id-meta":"","stick-header-meta":"default","header-above-stick-meta":"","header-main-stick-meta":"","header-below-stick-meta":"","astra-migrate-meta-layouts":"default","ast-page-background-enabled":"default","ast-page-background-meta":{"desktop":{"background-color":"","background-image":"","background-repeat":"repeat","background-position":"center center","background-size":"auto","background-attachment":"scroll","background-type":"","background-media":"","overlay-type":"","overlay-color":"","overlay-opacity":"","overlay-gradient":""},"tablet":{"background-color":"","background-image":"","background-repeat":"repeat","background-position":"center center","background-size":"auto","background-attachment":"scroll","background-type":"","background-media":"","overlay-type":"","overlay-color":"","overlay-opacity":"","overlay-gradient":""},"mobile":{"background-color":"","background-image":"","background-repeat":"repeat","background-position":"center center","background-size":"auto","background-attachment":"scroll","background-type":"","background-media":"","overlay-type":"","overlay-color":"","overlay-opacity":"","overlay-gradient":""}},"ast-content-background-meta":{"desktop":{"background-color":"var(--ast-global-color-5)","background-image":"","background-repeat":"repeat","background-position":"center center","background-size":"auto","background-attachment":"scroll","background-type":"","background-media":"","overlay-type":"","overlay-color":"","overlay-opacity":"","overlay-gradient":""},"tablet":{"background-color":"var(--ast-global-color-5)","background-image":"","background-repeat":"repeat","background-position":"center center","background-size":"auto","background-attachment":"scroll","background-type":"","background-media":"","overlay-type":"","overlay-color":"","overlay-opacity":"","overlay-gradient":""},"mobile":{"background-color":"var(--ast-global-color-5)","background-image":"","background-repeat":"repeat","background-position":"center center","background-size":"auto","background-attachment":"scroll","background-type":"","background-media":"","overlay-type":"","overlay-color":"","overlay-opacity":"","overlay-gradient":""}}},"product_brand":[],"product_cat":[30],"product_tag":[],"class_list":{"0":"post-1061","1":"product","2":"type-product","3":"status-publish","4":"has-post-thumbnail","6":"product_cat-corrosion-inhibitors","7":"desktop-align-left","8":"tablet-align-left","9":"mobile-align-left","10":"ast-product-gallery-layout-horizontal-slider","11":"ast-product-tabs-layout-horizontal","13":"first","14":"instock","15":"shipping-taxable","16":"product-type-simple"},"yoast_head":"<!-- This site is optimized with the Yoast SEO Premium plugin v26.3 (Yoast SEO v27.5) - https:\/\/yoast.com\/product\/yoast-seo-premium-wordpress\/ -->\n<title>Sodium Salt Of Tolyltriazole (TTA\u2022Na) - vcycletech<\/title>\n<meta name=\"description\" content=\"Sodium salt of Tolyltriazole (TTA\u2022Na) is a non-toxic and environmentally friendly corrosion inhibitor that is used in various types of industrial processes. It has good thermal stability and excellent anti-corrosion effects, making it the ideal choice for protecting against the acidic corrosion of metals such as copper and brass. TTA\u2022Na can effectively inhibit the corrosion of both carbon steel and low alloy steel in alkaline solutions and be effective against pitting corrosion.\" \/>\n<meta name=\"robots\" content=\"index, follow, max-snippet:-1, max-image-preview:large, max-video-preview:-1\" \/>\n<link rel=\"canonical\" href=\"https:\/\/vcycletech.com\/fr\/produit\/sel-de-sodium-de-tolyltriazole-ttana\/\" \/>\n<meta property=\"og:locale\" content=\"fr_FR\" \/>\n<meta property=\"og:type\" content=\"article\" \/>\n<meta property=\"og:title\" content=\"Sodium Salt Of Tolyltriazole (TTA\u2022Na)\" \/>\n<meta property=\"og:description\" content=\"Sodium salt of Tolyltriazole (TTA\u2022Na) is a non-toxic and environmentally friendly corrosion inhibitor that is used in various types of industrial processes. It has good thermal stability and excellent anti-corrosion effects, making it the ideal choice for protecting against the acidic corrosion of metals such as copper and brass. TTA\u2022Na can effectively inhibit the corrosion of both carbon steel and low alloy steel in alkaline solutions and be effective against pitting corrosion.\" \/>\n<meta property=\"og:url\" content=\"https:\/\/vcycletech.com\/fr\/produit\/sel-de-sodium-de-tolyltriazole-ttana\/\" \/>\n<meta property=\"og:site_name\" content=\"vcycletech\" \/>\n<meta property=\"article:modified_time\" content=\"2023-03-21T09:12:16+00:00\" \/>\n<meta property=\"og:image\" content=\"https:\/\/vcycletech.com\/wp-content\/uploads\/2023\/03\/001-9.png\" \/>\n\t<meta property=\"og:image:width\" content=\"600\" \/>\n\t<meta property=\"og:image:height\" content=\"600\" \/>\n\t<meta property=\"og:image:type\" content=\"image\/png\" \/>\n<meta name=\"twitter:card\" content=\"summary_large_image\" \/>\n<meta name=\"twitter:label1\" content=\"Dur\u00e9e de lecture estim\u00e9e\" \/>\n\t<meta name=\"twitter:data1\" content=\"2 minutes\" \/>\n<script type=\"application\/ld+json\" class=\"yoast-schema-graph\">{\"@context\":\"https:\\\/\\\/schema.org\",\"@graph\":[{\"@type\":\"WebPage\",\"@id\":\"https:\\\/\\\/vcycletech.com\\\/product\\\/sodium-salt-of-tolyltriazole-ttana\\\/\",\"url\":\"https:\\\/\\\/vcycletech.com\\\/product\\\/sodium-salt-of-tolyltriazole-ttana\\\/\",\"name\":\"Sodium Salt Of Tolyltriazole (TTA\u2022Na) - vcycletech\",\"isPartOf\":{\"@id\":\"https:\\\/\\\/vcycletech.com\\\/#website\"},\"primaryImageOfPage\":{\"@id\":\"https:\\\/\\\/vcycletech.com\\\/product\\\/sodium-salt-of-tolyltriazole-ttana\\\/#primaryimage\"},\"image\":{\"@id\":\"https:\\\/\\\/vcycletech.com\\\/product\\\/sodium-salt-of-tolyltriazole-ttana\\\/#primaryimage\"},\"thumbnailUrl\":\"https:\\\/\\\/vcycletech.com\\\/wp-content\\\/uploads\\\/2023\\\/03\\\/001-9.png\",\"datePublished\":\"2023-03-21T05:30:15+00:00\",\"dateModified\":\"2023-03-21T09:12:16+00:00\",\"description\":\"Sodium salt of Tolyltriazole (TTA\u2022Na) is a non-toxic and environmentally friendly corrosion inhibitor that is used in various types of industrial processes. It has good thermal stability and excellent anti-corrosion effects, making it the ideal choice for protecting against the acidic corrosion of metals such as copper and brass. TTA\u2022Na can effectively inhibit the corrosion of both carbon steel and low alloy steel in alkaline solutions and be effective against pitting corrosion.\",\"breadcrumb\":{\"@id\":\"https:\\\/\\\/vcycletech.com\\\/product\\\/sodium-salt-of-tolyltriazole-ttana\\\/#breadcrumb\"},\"inLanguage\":\"fr-FR\",\"potentialAction\":[{\"@type\":\"ReadAction\",\"target\":[\"https:\\\/\\\/vcycletech.com\\\/product\\\/sodium-salt-of-tolyltriazole-ttana\\\/\"]}]},{\"@type\":\"ImageObject\",\"inLanguage\":\"fr-FR\",\"@id\":\"https:\\\/\\\/vcycletech.com\\\/product\\\/sodium-salt-of-tolyltriazole-ttana\\\/#primaryimage\",\"url\":\"https:\\\/\\\/vcycletech.com\\\/wp-content\\\/uploads\\\/2023\\\/03\\\/001-9.png\",\"contentUrl\":\"https:\\\/\\\/vcycletech.com\\\/wp-content\\\/uploads\\\/2023\\\/03\\\/001-9.png\",\"width\":600,\"height\":600,\"caption\":\"Sodium salt of Tolyltriazole (TTA\u2022Na)\"},{\"@type\":\"BreadcrumbList\",\"@id\":\"https:\\\/\\\/vcycletech.com\\\/product\\\/sodium-salt-of-tolyltriazole-ttana\\\/#breadcrumb\",\"itemListElement\":[{\"@type\":\"ListItem\",\"position\":1,\"name\":\"Home\",\"item\":\"https:\\\/\\\/vcycletech.com\\\/\"},{\"@type\":\"ListItem\",\"position\":2,\"name\":\"Water Treatment Chemicals Manufacturer\",\"item\":\"https:\\\/\\\/vcycletech.com\\\/water-treatment-chemicals-manufacturer\\\/\"},{\"@type\":\"ListItem\",\"position\":3,\"name\":\"Sodium Salt Of Tolyltriazole (TTA\u2022Na)\"}]},{\"@type\":\"WebSite\",\"@id\":\"https:\\\/\\\/vcycletech.com\\\/#website\",\"url\":\"https:\\\/\\\/vcycletech.com\\\/\",\"name\":\"vcycletech\",\"description\":\"China&#039;s top water treatment chemicals supplier\",\"publisher\":{\"@id\":\"https:\\\/\\\/vcycletech.com\\\/#organization\"},\"potentialAction\":[{\"@type\":\"SearchAction\",\"target\":{\"@type\":\"EntryPoint\",\"urlTemplate\":\"https:\\\/\\\/vcycletech.com\\\/?s={search_term_string}\"},\"query-input\":{\"@type\":\"PropertyValueSpecification\",\"valueRequired\":true,\"valueName\":\"search_term_string\"}}],\"inLanguage\":\"fr-FR\"},{\"@type\":\"Organization\",\"@id\":\"https:\\\/\\\/vcycletech.com\\\/#organization\",\"name\":\"vcycletech\",\"url\":\"https:\\\/\\\/vcycletech.com\\\/\",\"logo\":{\"@type\":\"ImageObject\",\"inLanguage\":\"fr-FR\",\"@id\":\"https:\\\/\\\/vcycletech.com\\\/#\\\/schema\\\/logo\\\/image\\\/\",\"url\":\"https:\\\/\\\/vcycletech.com\\\/wp-content\\\/uploads\\\/2023\\\/03\\\/logo-vcycletech-1.png\",\"contentUrl\":\"https:\\\/\\\/vcycletech.com\\\/wp-content\\\/uploads\\\/2023\\\/03\\\/logo-vcycletech-1.png\",\"width\":600,\"height\":400,\"caption\":\"vcycletech\"},\"image\":{\"@id\":\"https:\\\/\\\/vcycletech.com\\\/#\\\/schema\\\/logo\\\/image\\\/\"}}]}<\/script>\n<!-- \/ Yoast SEO Premium plugin. -->","yoast_head_json":{"title":"Sel de sodium de tolyltriazole (TTA\u2022Na) - vcycletech","description":"Le sel de sodium de tolyltriazole (TTA\u2022Na) est un inhibiteur de corrosion non toxique et respectueux de l&#039;environnement qui est utilis\u00e9 dans divers types de proc\u00e9d\u00e9s industriels. Il a une bonne stabilit\u00e9 thermique et d&#039;excellents effets anti-corrosion, ce qui en fait le choix id\u00e9al pour la protection contre la corrosion acide des m\u00e9taux tels que le cuivre et le laiton. Le TTA\u2022Na peut efficacement inhiber la corrosion de l&#039;acier au carbone et de l&#039;acier faiblement alli\u00e9 dans des solutions alcalines et \u00eatre efficace contre la corrosion par piq\u00fbres.","robots":{"index":"index","follow":"follow","max-snippet":"max-snippet:-1","max-image-preview":"max-image-preview:large","max-video-preview":"max-video-preview:-1"},"canonical":"https:\/\/vcycletech.com\/fr\/produit\/sel-de-sodium-de-tolyltriazole-ttana\/","og_locale":"fr_FR","og_type":"article","og_title":"Sodium Salt Of Tolyltriazole (TTA\u2022Na)","og_description":"Sodium salt of Tolyltriazole (TTA\u2022Na) is a non-toxic and environmentally friendly corrosion inhibitor that is used in various types of industrial processes. It has good thermal stability and excellent anti-corrosion effects, making it the ideal choice for protecting against the acidic corrosion of metals such as copper and brass. TTA\u2022Na can effectively inhibit the corrosion of both carbon steel and low alloy steel in alkaline solutions and be effective against pitting corrosion.","og_url":"https:\/\/vcycletech.com\/fr\/produit\/sel-de-sodium-de-tolyltriazole-ttana\/","og_site_name":"vcycletech","article_modified_time":"2023-03-21T09:12:16+00:00","og_image":[{"width":600,"height":600,"url":"https:\/\/vcycletech.com\/wp-content\/uploads\/2023\/03\/001-9.png","type":"image\/png"}],"twitter_card":"summary_large_image","twitter_misc":{"Dur\u00e9e de lecture estim\u00e9e":"2 minutes"},"schema":{"@context":"https:\/\/schema.org","@graph":[{"@type":"WebPage","@id":"https:\/\/vcycletech.com\/product\/sodium-salt-of-tolyltriazole-ttana\/","url":"https:\/\/vcycletech.com\/product\/sodium-salt-of-tolyltriazole-ttana\/","name":"Sel de sodium de tolyltriazole (TTA\u2022Na) - vcycletech","isPartOf":{"@id":"https:\/\/vcycletech.com\/#website"},"primaryImageOfPage":{"@id":"https:\/\/vcycletech.com\/product\/sodium-salt-of-tolyltriazole-ttana\/#primaryimage"},"image":{"@id":"https:\/\/vcycletech.com\/product\/sodium-salt-of-tolyltriazole-ttana\/#primaryimage"},"thumbnailUrl":"https:\/\/vcycletech.com\/wp-content\/uploads\/2023\/03\/001-9.png","datePublished":"2023-03-21T05:30:15+00:00","dateModified":"2023-03-21T09:12:16+00:00","description":"Le sel de sodium de tolyltriazole (TTA\u2022Na) est un inhibiteur de corrosion non toxique et respectueux de l&#039;environnement qui est utilis\u00e9 dans divers types de proc\u00e9d\u00e9s industriels. Il a une bonne stabilit\u00e9 thermique et d&#039;excellents effets anti-corrosion, ce qui en fait le choix id\u00e9al pour la protection contre la corrosion acide des m\u00e9taux tels que le cuivre et le laiton. Le TTA\u2022Na peut efficacement inhiber la corrosion de l&#039;acier au carbone et de l&#039;acier faiblement alli\u00e9 dans des solutions alcalines et \u00eatre efficace contre la corrosion par piq\u00fbres.","breadcrumb":{"@id":"https:\/\/vcycletech.com\/product\/sodium-salt-of-tolyltriazole-ttana\/#breadcrumb"},"inLanguage":"fr-FR","potentialAction":[{"@type":"ReadAction","target":["https:\/\/vcycletech.com\/product\/sodium-salt-of-tolyltriazole-ttana\/"]}]},{"@type":"ImageObject","inLanguage":"fr-FR","@id":"https:\/\/vcycletech.com\/product\/sodium-salt-of-tolyltriazole-ttana\/#primaryimage","url":"https:\/\/vcycletech.com\/wp-content\/uploads\/2023\/03\/001-9.png","contentUrl":"https:\/\/vcycletech.com\/wp-content\/uploads\/2023\/03\/001-9.png","width":600,"height":600,"caption":"Sodium salt of Tolyltriazole (TTA\u2022Na)"},{"@type":"BreadcrumbList","@id":"https:\/\/vcycletech.com\/product\/sodium-salt-of-tolyltriazole-ttana\/#breadcrumb","itemListElement":[{"@type":"ListItem","position":1,"name":"Home","item":"https:\/\/vcycletech.com\/"},{"@type":"ListItem","position":2,"name":"Water Treatment Chemicals Manufacturer","item":"https:\/\/vcycletech.com\/water-treatment-chemicals-manufacturer\/"},{"@type":"ListItem","position":3,"name":"Sodium Salt Of Tolyltriazole (TTA\u2022Na)"}]},{"@type":"WebSite","@id":"https:\/\/vcycletech.com\/#website","url":"https:\/\/vcycletech.com\/","name":"vcycletech","description":"Meilleur fournisseur de produits chimiques pour le traitement de l&#039;eau en Chine","publisher":{"@id":"https:\/\/vcycletech.com\/#organization"},"potentialAction":[{"@type":"SearchAction","target":{"@type":"EntryPoint","urlTemplate":"https:\/\/vcycletech.com\/?s={search_term_string}"},"query-input":{"@type":"PropertyValueSpecification","valueRequired":true,"valueName":"search_term_string"}}],"inLanguage":"fr-FR"},{"@type":"Organization","@id":"https:\/\/vcycletech.com\/#organization","name":"vcycletech","url":"https:\/\/vcycletech.com\/","logo":{"@type":"ImageObject","inLanguage":"fr-FR","@id":"https:\/\/vcycletech.com\/#\/schema\/logo\/image\/","url":"https:\/\/vcycletech.com\/wp-content\/uploads\/2023\/03\/logo-vcycletech-1.png","contentUrl":"https:\/\/vcycletech.com\/wp-content\/uploads\/2023\/03\/logo-vcycletech-1.png","width":600,"height":400,"caption":"vcycletech"},"image":{"@id":"https:\/\/vcycletech.com\/#\/schema\/logo\/image\/"}}]}},"_links":{"self":[{"href":"https:\/\/vcycletech.com\/fr\/wp-json\/wp\/v2\/product\/1061","targetHints":{"allow":["GET"]}}],"collection":[{"href":"https:\/\/vcycletech.com\/fr\/wp-json\/wp\/v2\/product"}],"about":[{"href":"https:\/\/vcycletech.com\/fr\/wp-json\/wp\/v2\/types\/product"}],"wp:featuredmedia":[{"embeddable":true,"href":"https:\/\/vcycletech.com\/fr\/wp-json\/wp\/v2\/media\/1068"}],"wp:attachment":[{"href":"https:\/\/vcycletech.com\/fr\/wp-json\/wp\/v2\/media?parent=1061"}],"wp:term":[{"taxonomy":"product_brand","embeddable":true,"href":"https:\/\/vcycletech.com\/fr\/wp-json\/wp\/v2\/product_brand?post=1061"},{"taxonomy":"product_cat","embeddable":true,"href":"https:\/\/vcycletech.com\/fr\/wp-json\/wp\/v2\/product_cat?post=1061"},{"taxonomy":"product_tag","embeddable":true,"href":"https:\/\/vcycletech.com\/fr\/wp-json\/wp\/v2\/product_tag?post=1061"}],"curies":[{"name":"wp","href":"https:\/\/api.w.org\/{rel}","templated":true}]}}