{"id":1059,"date":"2023-03-21T06:02:50","date_gmt":"2023-03-21T06:02:50","guid":{"rendered":"https:\/\/vcycletech.com\/?post_type=product&#038;p=1059"},"modified":"2023-03-24T03:34:39","modified_gmt":"2023-03-24T03:34:39","slug":"thpc","status":"publish","type":"product","link":"https:\/\/vcycletech.com\/fr\/produit\/thpc\/","title":{"rendered":"Chlorure de t\u00e9trakis-hydroxym\u00e9thyl phosphonium (THPC)"},"content":{"rendered":"<h3 id=\"structural20formula_1\" class=\"xsj_heading_hash xsj_heading xsj_heading_h3\" data-source-line=\"0\" data-source-line-display=\"true\"><span class=\"xsj_heading_content\">Formule structurelle:<\/span><\/h3>\n<p><img fetchpriority=\"high\" decoding=\"async\" class=\"alignnone size-full wp-image-1077\" src=\"https:\/\/vcycletech.com\/wp-content\/uploads\/2023\/03\/\u672a\u547d\u540d\u7684\u8bbe\u8ba1-13.png\" alt=\"Chlorure de t\u00e9trakis-hydroxym\u00e9thyl phosphonium (THPC)\" width=\"600\" height=\"400\" srcset=\"https:\/\/vcycletech.com\/wp-content\/uploads\/2023\/03\/\u672a\u547d\u540d\u7684\u8bbe\u8ba1-13.png 600w, https:\/\/vcycletech.com\/wp-content\/uploads\/2023\/03\/\u672a\u547d\u540d\u7684\u8bbe\u8ba1-13-300x200.png 300w\" sizes=\"(max-width: 600px) 100vw, 600px\" \/><\/p>\n<p class=\"xsj_paragraph xsj_paragraph_level_0\" data-source-line=\"2\" data-source-line-display=\"true\">CAS #\u00a0: 124-64-1<br \/>\nEINECS #\u00a0: 204-707-7<br \/>\nFormule mol\u00e9culaire : C4H12CIO4S<\/p>\n<h3>Propri\u00e9t\u00e9s:<\/h3>\n<p>Le principal avantage du THPC est sa faible toxicit\u00e9, ce qui le rend s\u00fbr \u00e0 utiliser autour des humains, des animaux et des plantes. Cela le rend id\u00e9al pour de nombreuses applications industrielles, telles que les retardateurs de feu et les biocides, o\u00f9 des mati\u00e8res dangereuses peuvent exister. De plus, sa d\u00e9gradation rapide dans l&#039;environnement garantit qu&#039;il ne s&#039;accumulera pas ou ne persistera pas dans l&#039;environnement, ce qui en fait une solution s\u00fbre pour les applications \u00e0 long terme sans crainte de contamination ou de pollution. Enfin, le THPC pr\u00e9sente une excellente solubilit\u00e9 dans les solutions organiques et aqueuses en raison de ses propri\u00e9t\u00e9s \u00e0 quatre coordonn\u00e9es en tant que sel de phosphonium.<\/p>\n<h2 id=\"applications_2\" class=\"xsj_heading_hash xsj_heading xsj_heading_h2\" data-source-line=\"6\" data-source-line-display=\"true\"><span class=\"xsj_heading_content\">Applications<\/span><\/h2>\n<p class=\"xsj_paragraph xsj_paragraph_level_0\" data-source-line=\"7\" data-source-line-display=\"true\">Le THPC peut \u00eatre utilis\u00e9 dans de multiples industries avec une efficacit\u00e9 consid\u00e9rable. En tant que mat\u00e9riau ignifuge efficace pour la production textile, le THPC r\u00e9duit l&#039;inflammabilit\u00e9 sans compromettre l&#039;int\u00e9grit\u00e9 du tissu ou la solidit\u00e9 des couleurs pendant l&#039;utilisation. Ce compos\u00e9 polyvalent peut \u00e9galement contr\u00f4ler la croissance microbienne dans les syst\u00e8mes d&#039;eau ; en tant que microbiocide actif, il peut rapidement \u00e9radiquer les bact\u00e9ries tout en \u00e9tant relativement s\u00fbr pour ne pas nuire aux humains ou \u00e0 la faune. Enfin, le THPC peut \u00e9galement \u00eatre utilis\u00e9 comme d\u00e9sinfectant efficace contre les germes et les virus sans laisser de r\u00e9sidus ou d&#039;odeurs ind\u00e9sirables en raison de ses faibles niveaux de toxicit\u00e9.<\/p>\n<h3>sp\u00e9cification<\/h3>\n<div id=\"footable_parent_1014\" class=\"footable_parent ninja_table_wrapper wp_table_data_press_parent semantic_ui\">\n<table>\n<tbody>\n<tr>\n<td width=\"204\">Chlorure de t\u00e9trakis(hydroxym\u00e9thyl)phosphonium, 80%<\/td>\n<td width=\"315\"><\/td>\n<\/tr>\n<tr>\n<td width=\"204\">Num\u00e9ro de produit<\/td>\n<td width=\"315\">SMC mondial 651<\/td>\n<\/tr>\n<tr>\n<td width=\"204\">Contenu actif, wt.%<\/td>\n<td width=\"315\">80.0 \u2013 82.50<\/td>\n<\/tr>\n<tr>\n<td width=\"204\">Teneur en phosphore, poids %<\/td>\n<td width=\"315\">13.0 \u2013 13.4<\/td>\n<\/tr>\n<tr>\n<td width=\"204\">pH<\/td>\n<td width=\"315\">3.0 \u2013 5.0<\/td>\n<\/tr>\n<tr>\n<td width=\"204\">Gravit\u00e9 sp\u00e9cifique (25\u00b0C)<\/td>\n<td width=\"315\">1.32 \u2013 1.35<\/td>\n<\/tr>\n<\/tbody>\n<\/table>\n<h2 id=\"faqs_3\" class=\"xsj_heading_hash xsj_heading xsj_heading_h2\" data-source-line=\"9\" data-source-line-display=\"true\"><span class=\"xsj_heading_content\">FAQ<\/span><\/h2>\n<div class=\"xiaoshujiang_element xsj_anchor\"><a class=\"blank_anchor_name\" name=\"q20is20tetrakis-hydroxymethyl20phosphonium20chloride20toxic_4\"><\/a><a id=\"q20is20tetrakis-hydroxymethyl20phosphonium20chloride20toxic_4\" class=\"blank_anchor_id\"><\/a><a class=\"blank_anchor_name\" name=\"q-is-tetrakis-hydroxymethyl-phosphonium-chloride-toxic\"><\/a><a id=\"q-is-tetrakis-hydroxymethyl-phosphonium-chloride-toxic\" class=\"blank_anchor_id\"><\/a><\/div>\n<h3 id=\"q20is20tetrakis-hydroxymethyl20phosphonium20chloride20toxic_4\" class=\"xsj_heading_hash xsj_heading xsj_heading_h3\" data-source-line=\"11\" data-source-line-display=\"true\"><span class=\"xsj_heading_content\">Q : Le chlorure de t\u00e9trakis-hydroxym\u00e9thyl phosphonium est-il toxique ?<\/span><\/h3>\n<p class=\"xsj_paragraph xsj_paragraph_level_0\" data-source-line=\"13\" data-source-line-display=\"true\">R : Non - Le THPC affiche des niveaux de toxicit\u00e9 extr\u00eamement faibles, ce qui le rend sans danger pour les humains et les animaux.<\/p>\n<div class=\"xiaoshujiang_element xsj_anchor\"><a class=\"blank_anchor_name\" name=\"q20how20quickly20does20thcp20break20down20in20the20environment_5\"><\/a><a id=\"q20how20quickly20does20thcp20break20down20in20the20environment_5\" class=\"blank_anchor_id\"><\/a><a class=\"blank_anchor_name\" name=\"q-how-quickly-does-thcp-break-down-in-the-environment\"><\/a><a id=\"q-how-quickly-does-thcp-break-down-in-the-environment\" class=\"blank_anchor_id\"><\/a><\/div>\n<h3 id=\"q20how20quickly20does20thcp20break20down20in20the20environment_5\" class=\"xsj_heading_hash xsj_heading xsj_heading_h3\" data-source-line=\"15\" data-source-line-display=\"true\"><span class=\"xsj_heading_content\">Q\u00a0: \u00c0 quelle vitesse le THCP se d\u00e9compose-t-il dans l&#039;environnement\u00a0?<\/span><\/h3>\n<p class=\"xsj_paragraph xsj_paragraph_level_0\" data-source-line=\"17\" data-source-line-display=\"true\">R : Tr\u00e8s rapidement - en raison de ses taux de d\u00e9gradation rapides, le THCP ne s&#039;accumule pas ou ne persiste pas dans l&#039;environnement, ce qui signifie qu&#039;il n&#039;y a pas de souci de contamination ou de pollution due \u00e0 une utilisation \u00e0 long terme.<\/p>\n<div class=\"xiaoshujiang_element xsj_anchor\"><a class=\"blank_anchor_name\" name=\"q20what20are20some20industrial20applications20of20tetrakis-hydroxymethyl20phosphonium20chloride_6\"><\/a><a id=\"q20what20are20some20industrial20applications20of20tetrakis-hydroxymethyl20phosphonium20chloride_6\" class=\"blank_anchor_id\"><\/a><a class=\"blank_anchor_name\" name=\"q-what-are-some-industrial-applications-of-tetrakis-hydroxymethyl-phosphonium-chloride\"><\/a><a id=\"q-what-are-some-industrial-applications-of-tetrakis-hydroxymethyl-phosphonium-chloride\" class=\"blank_anchor_id\"><\/a><\/div>\n<h3 id=\"q20what20are20some20industrial20applications20of20tetrakis-hydroxymethyl20phosphonium20chloride_6\" class=\"xsj_heading_hash xsj_heading xsj_heading_h3\" data-source-line=\"19\" data-source-line-display=\"true\"><span class=\"xsj_heading_content\">Q : Quelles sont certaines applications industrielles du chlorure de t\u00e9trakis-hydroxym\u00e9thyl phosphonium ?<\/span><\/h3>\n<p class=\"xsj_paragraph xsj_paragraph_level_0\" data-source-line=\"21\" data-source-line-display=\"true\">R\u00a0: En tant que mat\u00e9riau ignifuge efficace pour la production de textiles et comme solution active de contr\u00f4le des microbiocides pour les syst\u00e8mes d&#039;eau\u00a0; De plus, ce compos\u00e9 polyvalent peut \u00eatre utilis\u00e9 comme d\u00e9sinfectant contre les germes et les virus en toute s\u00e9curit\u00e9 sans laisser de r\u00e9sidus ou d&#039;odeurs ind\u00e9sirables.<\/p>\n<div class=\"xiaoshujiang_element xsj_anchor\"><a class=\"blank_anchor_name\" name=\"q20does20tetrakis-hydroxymethyl20phosphonium20chloride20have20four-coordinate20properties_7\"><\/a><a id=\"q20does20tetrakis-hydroxymethyl20phosphonium20chloride20have20four-coordinate20properties_7\" class=\"blank_anchor_id\"><\/a><a class=\"blank_anchor_name\" name=\"q-does-tetrakis-hydroxymethyl-phosphonium-chloride-have-four-coordinate-properties\"><\/a><a id=\"q-does-tetrakis-hydroxymethyl-phosphonium-chloride-have-four-coordinate-properties\" class=\"blank_anchor_id\"><\/a><\/div>\n<h3 id=\"q20does20tetrakis-hydroxymethyl20phosphonium20chloride20have20four-coordinate20properties_7\" class=\"xsj_heading_hash xsj_heading xsj_heading_h3\" data-source-line=\"23\" data-source-line-display=\"true\"><span class=\"xsj_heading_content\">Q : Le chlorure de t\u00e9trakis-hydroxym\u00e9thyl phosphonium a-t-il des propri\u00e9t\u00e9s \u00e0 quatre coordonn\u00e9es ?<\/span><\/h3>\n<p class=\"xsj_paragraph xsj_paragraph_level_0\" data-source-line=\"25\" data-source-line-display=\"true\">R : Oui \u2013 comme la plupart des sels de phosphonium, ce mat\u00e9riau innovant pr\u00e9sente une excellente solubilit\u00e9 dans les solutions organiques et aqueuses en raison de sa structure \u00e0 quatre coordonn\u00e9es, ce qui lui conf\u00e8re une stabilit\u00e9 sup\u00e9rieure par rapport aux sels ordinaires seuls.<\/p>\n<p class=\"xsj_paragraph xsj_paragraph_level_0\" data-source-line=\"28\" data-source-line-display=\"true\"><a class=\"xsj_link xsj_manu_link\" href=\"https:\/\/vcycletech.com\/fr\/biocide-et-algicide\/\">Obtenez la solution biocide et algicide compl\u00e8te<\/a>.<\/p>\n<p>&nbsp;<\/p>\n<\/div>","protected":false},"excerpt":{"rendered":"<p>Vcycletech`s Tetrakis-Hydroxymethyl Phosphonium Chloride (<strong>THPC<\/strong>) is a versatile and innovative product that offers tremendous benefits in multiple industries. It boasts low toxicity, the rapid breakdown of the environment and almost no bioaccumulation with its chemical formula [P(CH2OH)4]Cl. Possessing four-coordinate properties typical for phosphonium salts, this product can be used as both an effective fire retardant material and an active micro biocide in commercial\/industrial water systems. With its many advantages, THPC is quickly becoming a go-to choice for businesses looking to improve safety and efficiency. Contact vcycletech today to learn more about this groundbreaking solution!<\/p>\n","protected":false},"featured_media":1080,"template":"","meta":{"site-sidebar-layout":"default","site-content-layout":"default","ast-site-content-layout":"default","site-content-style":"default","site-sidebar-style":"default","ast-global-header-display":"","ast-banner-title-visibility":"","ast-main-header-display":"","ast-hfb-above-header-display":"","ast-hfb-below-header-display":"","ast-hfb-mobile-header-display":"","site-post-title":"","ast-breadcrumbs-content":"","ast-featured-img":"","footer-sml-layout":"","ast-disable-related-posts":"","theme-transparent-header-meta":"default","adv-header-id-meta":"","stick-header-meta":"default","header-above-stick-meta":"","header-main-stick-meta":"","header-below-stick-meta":"","astra-migrate-meta-layouts":"default","ast-page-background-enabled":"default","ast-page-background-meta":{"desktop":{"background-color":"","background-image":"","background-repeat":"repeat","background-position":"center center","background-size":"auto","background-attachment":"scroll","background-type":"","background-media":"","overlay-type":"","overlay-color":"","overlay-opacity":"","overlay-gradient":""},"tablet":{"background-color":"","background-image":"","background-repeat":"repeat","background-position":"center center","background-size":"auto","background-attachment":"scroll","background-type":"","background-media":"","overlay-type":"","overlay-color":"","overlay-opacity":"","overlay-gradient":""},"mobile":{"background-color":"","background-image":"","background-repeat":"repeat","background-position":"center center","background-size":"auto","background-attachment":"scroll","background-type":"","background-media":"","overlay-type":"","overlay-color":"","overlay-opacity":"","overlay-gradient":""}},"ast-content-background-meta":{"desktop":{"background-color":"var(--ast-global-color-5)","background-image":"","background-repeat":"repeat","background-position":"center center","background-size":"auto","background-attachment":"scroll","background-type":"","background-media":"","overlay-type":"","overlay-color":"","overlay-opacity":"","overlay-gradient":""},"tablet":{"background-color":"var(--ast-global-color-5)","background-image":"","background-repeat":"repeat","background-position":"center center","background-size":"auto","background-attachment":"scroll","background-type":"","background-media":"","overlay-type":"","overlay-color":"","overlay-opacity":"","overlay-gradient":""},"mobile":{"background-color":"var(--ast-global-color-5)","background-image":"","background-repeat":"repeat","background-position":"center center","background-size":"auto","background-attachment":"scroll","background-type":"","background-media":"","overlay-type":"","overlay-color":"","overlay-opacity":"","overlay-gradient":""}}},"product_brand":[],"product_cat":[29],"product_tag":[],"class_list":{"0":"post-1059","1":"product","2":"type-product","3":"status-publish","4":"has-post-thumbnail","6":"product_cat-biocide-and-algicide","7":"desktop-align-left","8":"tablet-align-left","9":"mobile-align-left","10":"ast-product-gallery-layout-horizontal-slider","11":"ast-product-gallery-with-no-image","12":"ast-product-tabs-layout-horizontal","14":"first","15":"instock","16":"shipping-taxable","17":"product-type-simple"},"yoast_head":"<!-- This site is optimized with the Yoast SEO Premium plugin v26.3 (Yoast SEO v27.3) - https:\/\/yoast.com\/product\/yoast-seo-premium-wordpress\/ -->\n<title>Tetrakis-Hydroxymethyl Phosphonium Chloride (THPC) - vcycletech<\/title>\n<meta name=\"description\" content=\"Get the low toxicity, rapid breakdown and no\/little bioaccumulation you need with Tetrakis(hydroxymethyl) phosphonium chloride (THPC)! Make P(CH2OH)4Cl part of your chemical formula today.\" \/>\n<meta name=\"robots\" content=\"index, follow, max-snippet:-1, max-image-preview:large, max-video-preview:-1\" \/>\n<link rel=\"canonical\" href=\"https:\/\/vcycletech.com\/fr\/produit\/thpc\/\" \/>\n<meta property=\"og:locale\" content=\"fr_FR\" \/>\n<meta property=\"og:type\" content=\"article\" \/>\n<meta property=\"og:title\" content=\"Tetrakis-Hydroxymethyl Phosphonium Chloride (THPC)\" \/>\n<meta property=\"og:description\" content=\"Get the low toxicity, rapid breakdown and no\/little bioaccumulation you need with Tetrakis(hydroxymethyl) phosphonium chloride (THPC)! Make P(CH2OH)4Cl part of your chemical formula today.\" \/>\n<meta property=\"og:url\" content=\"https:\/\/vcycletech.com\/fr\/produit\/thpc\/\" \/>\n<meta property=\"og:site_name\" content=\"vcycletech\" \/>\n<meta property=\"article:modified_time\" content=\"2023-03-24T03:34:39+00:00\" \/>\n<meta property=\"og:image\" content=\"https:\/\/vcycletech.com\/wp-content\/uploads\/2023\/03\/Tetrakishydroxymethylphosphonium-sulfate-THPS-1-e1679628873131.png\" \/>\n\t<meta property=\"og:image:width\" content=\"600\" \/>\n\t<meta property=\"og:image:height\" content=\"600\" \/>\n\t<meta property=\"og:image:type\" content=\"image\/png\" \/>\n<meta name=\"twitter:card\" content=\"summary_large_image\" \/>\n<meta name=\"twitter:label1\" content=\"Dur\u00e9e de lecture estim\u00e9e\" \/>\n\t<meta name=\"twitter:data1\" content=\"2 minutes\" \/>\n<script type=\"application\/ld+json\" class=\"yoast-schema-graph\">{\"@context\":\"https:\\\/\\\/schema.org\",\"@graph\":[{\"@type\":\"WebPage\",\"@id\":\"https:\\\/\\\/vcycletech.com\\\/product\\\/thpc\\\/\",\"url\":\"https:\\\/\\\/vcycletech.com\\\/product\\\/thpc\\\/\",\"name\":\"Tetrakis-Hydroxymethyl Phosphonium Chloride (THPC) - vcycletech\",\"isPartOf\":{\"@id\":\"https:\\\/\\\/vcycletech.com\\\/#website\"},\"primaryImageOfPage\":{\"@id\":\"https:\\\/\\\/vcycletech.com\\\/product\\\/thpc\\\/#primaryimage\"},\"image\":{\"@id\":\"https:\\\/\\\/vcycletech.com\\\/product\\\/thpc\\\/#primaryimage\"},\"thumbnailUrl\":\"https:\\\/\\\/vcycletech.com\\\/wp-content\\\/uploads\\\/2023\\\/03\\\/Tetrakishydroxymethylphosphonium-sulfate-THPS-1-e1679628873131.png\",\"datePublished\":\"2023-03-21T06:02:50+00:00\",\"dateModified\":\"2023-03-24T03:34:39+00:00\",\"description\":\"Get the low toxicity, rapid breakdown and no\\\/little bioaccumulation you need with Tetrakis(hydroxymethyl) phosphonium chloride (THPC)! Make P(CH2OH)4Cl part of your chemical formula today.\",\"breadcrumb\":{\"@id\":\"https:\\\/\\\/vcycletech.com\\\/product\\\/thpc\\\/#breadcrumb\"},\"inLanguage\":\"fr-FR\",\"potentialAction\":[{\"@type\":\"ReadAction\",\"target\":[\"https:\\\/\\\/vcycletech.com\\\/product\\\/thpc\\\/\"]}]},{\"@type\":\"ImageObject\",\"inLanguage\":\"fr-FR\",\"@id\":\"https:\\\/\\\/vcycletech.com\\\/product\\\/thpc\\\/#primaryimage\",\"url\":\"https:\\\/\\\/vcycletech.com\\\/wp-content\\\/uploads\\\/2023\\\/03\\\/Tetrakishydroxymethylphosphonium-sulfate-THPS-1-e1679628873131.png\",\"contentUrl\":\"https:\\\/\\\/vcycletech.com\\\/wp-content\\\/uploads\\\/2023\\\/03\\\/Tetrakishydroxymethylphosphonium-sulfate-THPS-1-e1679628873131.png\",\"width\":600,\"height\":600,\"caption\":\"Tetrakis-Hydroxymethyl Phosphonium Chloride (THPC)\"},{\"@type\":\"BreadcrumbList\",\"@id\":\"https:\\\/\\\/vcycletech.com\\\/product\\\/thpc\\\/#breadcrumb\",\"itemListElement\":[{\"@type\":\"ListItem\",\"position\":1,\"name\":\"Home\",\"item\":\"https:\\\/\\\/vcycletech.com\\\/\"},{\"@type\":\"ListItem\",\"position\":2,\"name\":\"Water Treatment Chemicals Manufacturer\",\"item\":\"https:\\\/\\\/vcycletech.com\\\/water-treatment-chemicals-manufacturer\\\/\"},{\"@type\":\"ListItem\",\"position\":3,\"name\":\"Tetrakis-Hydroxymethyl Phosphonium Chloride (THPC)\"}]},{\"@type\":\"WebSite\",\"@id\":\"https:\\\/\\\/vcycletech.com\\\/#website\",\"url\":\"https:\\\/\\\/vcycletech.com\\\/\",\"name\":\"vcycletech\",\"description\":\"China&#039;s top water treatment chemicals supplier\",\"publisher\":{\"@id\":\"https:\\\/\\\/vcycletech.com\\\/#organization\"},\"potentialAction\":[{\"@type\":\"SearchAction\",\"target\":{\"@type\":\"EntryPoint\",\"urlTemplate\":\"https:\\\/\\\/vcycletech.com\\\/?s={search_term_string}\"},\"query-input\":{\"@type\":\"PropertyValueSpecification\",\"valueRequired\":true,\"valueName\":\"search_term_string\"}}],\"inLanguage\":\"fr-FR\"},{\"@type\":\"Organization\",\"@id\":\"https:\\\/\\\/vcycletech.com\\\/#organization\",\"name\":\"vcycletech\",\"url\":\"https:\\\/\\\/vcycletech.com\\\/\",\"logo\":{\"@type\":\"ImageObject\",\"inLanguage\":\"fr-FR\",\"@id\":\"https:\\\/\\\/vcycletech.com\\\/#\\\/schema\\\/logo\\\/image\\\/\",\"url\":\"https:\\\/\\\/vcycletech.com\\\/wp-content\\\/uploads\\\/2023\\\/03\\\/logo-vcycletech-1.png\",\"contentUrl\":\"https:\\\/\\\/vcycletech.com\\\/wp-content\\\/uploads\\\/2023\\\/03\\\/logo-vcycletech-1.png\",\"width\":600,\"height\":400,\"caption\":\"vcycletech\"},\"image\":{\"@id\":\"https:\\\/\\\/vcycletech.com\\\/#\\\/schema\\\/logo\\\/image\\\/\"}}]}<\/script>\n<!-- \/ Yoast SEO Premium plugin. -->","yoast_head_json":{"title":"Chlorure de t\u00e9trakis-hydroxym\u00e9thyl phosphonium (THPC) - vcycletech","description":"Obtenez la faible toxicit\u00e9, la d\u00e9gradation rapide et la faible\/aucune bioaccumulation dont vous avez besoin avec le chlorure de t\u00e9trakis(hydroxym\u00e9thyl)phosphonium (THPC)\u00a0! Int\u00e9grez le P(CH2OH)4Cl \u00e0 votre formule chimique d\u00e8s aujourd&#039;hui.","robots":{"index":"index","follow":"follow","max-snippet":"max-snippet:-1","max-image-preview":"max-image-preview:large","max-video-preview":"max-video-preview:-1"},"canonical":"https:\/\/vcycletech.com\/fr\/produit\/thpc\/","og_locale":"fr_FR","og_type":"article","og_title":"Tetrakis-Hydroxymethyl Phosphonium Chloride (THPC)","og_description":"Get the low toxicity, rapid breakdown and no\/little bioaccumulation you need with Tetrakis(hydroxymethyl) phosphonium chloride (THPC)! Make P(CH2OH)4Cl part of your chemical formula today.","og_url":"https:\/\/vcycletech.com\/fr\/produit\/thpc\/","og_site_name":"vcycletech","article_modified_time":"2023-03-24T03:34:39+00:00","og_image":[{"width":600,"height":600,"url":"https:\/\/vcycletech.com\/wp-content\/uploads\/2023\/03\/Tetrakishydroxymethylphosphonium-sulfate-THPS-1-e1679628873131.png","type":"image\/png"}],"twitter_card":"summary_large_image","twitter_misc":{"Dur\u00e9e de lecture estim\u00e9e":"2 minutes"},"schema":{"@context":"https:\/\/schema.org","@graph":[{"@type":"WebPage","@id":"https:\/\/vcycletech.com\/product\/thpc\/","url":"https:\/\/vcycletech.com\/product\/thpc\/","name":"Chlorure de t\u00e9trakis-hydroxym\u00e9thyl phosphonium (THPC) - vcycletech","isPartOf":{"@id":"https:\/\/vcycletech.com\/#website"},"primaryImageOfPage":{"@id":"https:\/\/vcycletech.com\/product\/thpc\/#primaryimage"},"image":{"@id":"https:\/\/vcycletech.com\/product\/thpc\/#primaryimage"},"thumbnailUrl":"https:\/\/vcycletech.com\/wp-content\/uploads\/2023\/03\/Tetrakishydroxymethylphosphonium-sulfate-THPS-1-e1679628873131.png","datePublished":"2023-03-21T06:02:50+00:00","dateModified":"2023-03-24T03:34:39+00:00","description":"Obtenez la faible toxicit\u00e9, la d\u00e9gradation rapide et la faible\/aucune bioaccumulation dont vous avez besoin avec le chlorure de t\u00e9trakis(hydroxym\u00e9thyl)phosphonium (THPC)\u00a0! Int\u00e9grez le P(CH2OH)4Cl \u00e0 votre formule chimique d\u00e8s aujourd&#039;hui.","breadcrumb":{"@id":"https:\/\/vcycletech.com\/product\/thpc\/#breadcrumb"},"inLanguage":"fr-FR","potentialAction":[{"@type":"ReadAction","target":["https:\/\/vcycletech.com\/product\/thpc\/"]}]},{"@type":"ImageObject","inLanguage":"fr-FR","@id":"https:\/\/vcycletech.com\/product\/thpc\/#primaryimage","url":"https:\/\/vcycletech.com\/wp-content\/uploads\/2023\/03\/Tetrakishydroxymethylphosphonium-sulfate-THPS-1-e1679628873131.png","contentUrl":"https:\/\/vcycletech.com\/wp-content\/uploads\/2023\/03\/Tetrakishydroxymethylphosphonium-sulfate-THPS-1-e1679628873131.png","width":600,"height":600,"caption":"Tetrakis-Hydroxymethyl Phosphonium Chloride (THPC)"},{"@type":"BreadcrumbList","@id":"https:\/\/vcycletech.com\/product\/thpc\/#breadcrumb","itemListElement":[{"@type":"ListItem","position":1,"name":"Home","item":"https:\/\/vcycletech.com\/"},{"@type":"ListItem","position":2,"name":"Water Treatment Chemicals Manufacturer","item":"https:\/\/vcycletech.com\/water-treatment-chemicals-manufacturer\/"},{"@type":"ListItem","position":3,"name":"Tetrakis-Hydroxymethyl Phosphonium Chloride (THPC)"}]},{"@type":"WebSite","@id":"https:\/\/vcycletech.com\/#website","url":"https:\/\/vcycletech.com\/","name":"vcycletech","description":"Meilleur fournisseur de produits chimiques pour le traitement de l&#039;eau en Chine","publisher":{"@id":"https:\/\/vcycletech.com\/#organization"},"potentialAction":[{"@type":"SearchAction","target":{"@type":"EntryPoint","urlTemplate":"https:\/\/vcycletech.com\/?s={search_term_string}"},"query-input":{"@type":"PropertyValueSpecification","valueRequired":true,"valueName":"search_term_string"}}],"inLanguage":"fr-FR"},{"@type":"Organization","@id":"https:\/\/vcycletech.com\/#organization","name":"vcycletech","url":"https:\/\/vcycletech.com\/","logo":{"@type":"ImageObject","inLanguage":"fr-FR","@id":"https:\/\/vcycletech.com\/#\/schema\/logo\/image\/","url":"https:\/\/vcycletech.com\/wp-content\/uploads\/2023\/03\/logo-vcycletech-1.png","contentUrl":"https:\/\/vcycletech.com\/wp-content\/uploads\/2023\/03\/logo-vcycletech-1.png","width":600,"height":400,"caption":"vcycletech"},"image":{"@id":"https:\/\/vcycletech.com\/#\/schema\/logo\/image\/"}}]}},"_links":{"self":[{"href":"https:\/\/vcycletech.com\/fr\/wp-json\/wp\/v2\/product\/1059","targetHints":{"allow":["GET"]}}],"collection":[{"href":"https:\/\/vcycletech.com\/fr\/wp-json\/wp\/v2\/product"}],"about":[{"href":"https:\/\/vcycletech.com\/fr\/wp-json\/wp\/v2\/types\/product"}],"wp:featuredmedia":[{"embeddable":true,"href":"https:\/\/vcycletech.com\/fr\/wp-json\/wp\/v2\/media\/1080"}],"wp:attachment":[{"href":"https:\/\/vcycletech.com\/fr\/wp-json\/wp\/v2\/media?parent=1059"}],"wp:term":[{"taxonomy":"product_brand","embeddable":true,"href":"https:\/\/vcycletech.com\/fr\/wp-json\/wp\/v2\/product_brand?post=1059"},{"taxonomy":"product_cat","embeddable":true,"href":"https:\/\/vcycletech.com\/fr\/wp-json\/wp\/v2\/product_cat?post=1059"},{"taxonomy":"product_tag","embeddable":true,"href":"https:\/\/vcycletech.com\/fr\/wp-json\/wp\/v2\/product_tag?post=1059"}],"curies":[{"name":"wp","href":"https:\/\/api.w.org\/{rel}","templated":true}]}}