{"id":1054,"date":"2023-03-21T02:45:49","date_gmt":"2023-03-21T02:45:49","guid":{"rendered":"https:\/\/vcycletech.com\/?post_type=product&#038;p=1054"},"modified":"2023-03-24T03:35:39","modified_gmt":"2023-03-24T03:35:39","slug":"thps","status":"publish","type":"product","link":"https:\/\/vcycletech.com\/fr\/produit\/thps\/","title":{"rendered":"Sulfate de t\u00e9trakis(hydroxym\u00e9thyl)phosphonium (THPS)"},"content":{"rendered":"<h3 id=\"structural20formula_1\" class=\"xsj_heading_hash xsj_heading xsj_heading_h3\" data-source-line=\"0\" data-source-line-display=\"true\"><span class=\"xsj_heading_content\">Formule structurelle:<\/span><\/h3>\n<p><img fetchpriority=\"high\" decoding=\"async\" class=\"alignnone wp-image-1056\" src=\"https:\/\/vcycletech.com\/wp-content\/uploads\/2023\/03\/\u672a\u547d\u540d\u7684\u8bbe\u8ba1-12.png\" alt=\"Sulfate de t\u00e9trakis(hydroxym\u00e9thyl)phosphonium (THPS)\" width=\"500\" height=\"119\" srcset=\"https:\/\/vcycletech.com\/wp-content\/uploads\/2023\/03\/\u672a\u547d\u540d\u7684\u8bbe\u8ba1-12.png 420w, https:\/\/vcycletech.com\/wp-content\/uploads\/2023\/03\/\u672a\u547d\u540d\u7684\u8bbe\u8ba1-12-300x71.png 300w\" sizes=\"(max-width: 500px) 100vw, 500px\" \/><\/p>\n<p class=\"xsj_paragraph xsj_paragraph_level_0\" data-source-line=\"2\" data-source-line-display=\"true\">N\u00b0 CAS : 55566-30-8<br \/>\nFormule mol\u00e9culaire : C8H24O12P2S<br \/>\nPoids mol\u00e9culaire : 406,27<\/p>\n<h3>Propri\u00e9t\u00e9s:<\/h3>\n<p>Le THPS est un r\u00e9actif antimicrobien respectueux de l&#039;environnement qui offre une protection efficace pendant de plus longues p\u00e9riodes. Il poss\u00e8de d&#039;excellentes propri\u00e9t\u00e9s de solubilit\u00e9 dans les solutions organiques et aqueuses. De plus, l&#039;EPA des \u00c9tats-Unis lui a d\u00e9cern\u00e9 une toxicit\u00e9 z\u00e9ro, ce qui en fait un choix id\u00e9al pour les besoins de conservation chimique. De plus, THPS est soutenu par des protocoles de test et de certification rigoureux pour garantir qu&#039;il r\u00e9pond \u00e0 toutes les normes de qualit\u00e9.<\/p>\n<h2 id=\"applications_2\" class=\"xsj_heading_hash xsj_heading xsj_heading_h2\" data-source-line=\"6\" data-source-line-display=\"true\"><span class=\"xsj_heading_content\">Applications<\/span><\/h2>\n<p class=\"xsj_paragraph xsj_paragraph_level_0\" data-source-line=\"7\" data-source-line-display=\"true\">Le THPS peut \u00eatre utilis\u00e9 comme agent de conservation pour des applications industrielles telles que le traitement du bois, les syst\u00e8mes de purification de l&#039;eau et les produits de l&#039;industrie alimentaire et des boissons. Son efficacit\u00e9 exceptionnelle le rend \u00e9galement adapt\u00e9 aux formulations cosm\u00e9tiques et autres produits de soins personnels tels que les lotions et les shampooings. Ses capacit\u00e9s de protection microbienne en font un additif important pour les industries pharmaceutiques ainsi que pour les processus agricoles comme le traitement des semences.<\/p>\n<h3>Sp\u00e9cification:<\/h3>\n<table>\n<tbody>\n<tr>\n<td width=\"204\">Articles<\/td>\n<td width=\"315\">Indice<\/td>\n<\/tr>\n<tr>\n<td width=\"204\">Contenu actif %<\/td>\n<td width=\"315\">75,0 minutes<\/td>\n<\/tr>\n<tr>\n<td width=\"204\">Viscosit\u00e9(25 \u2103)MPA. S<\/td>\n<td width=\"315\">25.0-36.0<\/td>\n<\/tr>\n<tr>\n<td width=\"204\">Densit\u00e9(20 \u2103)g\/cm3<\/td>\n<td width=\"315\">1.350-1.420<\/td>\n<\/tr>\n<\/tbody>\n<\/table>\n<div id=\"footable_parent_1014\" class=\"footable_parent ninja_table_wrapper wp_table_data_press_parent semantic_ui\">\n<h2 id=\"faqs_3\" class=\"xsj_heading_hash xsj_heading xsj_heading_h2\" data-source-line=\"8\" data-source-line-display=\"true\"><span class=\"xsj_heading_content\">FAQ<\/span><\/h2>\n<div class=\"xiaoshujiang_element xsj_anchor\"><a class=\"blank_anchor_name\" name=\"q20what20is20thps_4\"><\/a><a id=\"q20what20is20thps_4\" class=\"blank_anchor_id\"><\/a><a class=\"blank_anchor_name\" name=\"q-what-is-thps\"><\/a><a id=\"q-what-is-thps\" class=\"blank_anchor_id\"><\/a><\/div>\n<h3 id=\"q20what20is20thps_4\" class=\"xsj_heading_hash xsj_heading xsj_heading_h3\" data-source-line=\"10\" data-source-line-display=\"true\"><span class=\"xsj_heading_content\">Q\u00a0: Qu&#039;est-ce que le THPS\u00a0?<\/span><\/h3>\n<p class=\"xsj_paragraph xsj_paragraph_level_0\" data-source-line=\"12\" data-source-line-display=\"true\">R\u00a0: THPS signifie sulfate de t\u00e9trakis(hydroxym\u00e9thyl)phosphonium\u00a0; c&#039;est un r\u00e9actif antimicrobien respectueux de l&#039;environnement con\u00e7u pour garantir une conservation \u00e0 long terme et une dissolution facile dans l&#039;eau avec une efficacit\u00e9 \u00e9lev\u00e9e et de faibles niveaux de toxicit\u00e9.<\/p>\n<div class=\"xiaoshujiang_element xsj_anchor\"><a class=\"blank_anchor_name\" name=\"q20what20are20some20of20its20features_5\"><\/a><a id=\"q20what20are20some20of20its20features_5\" class=\"blank_anchor_id\"><\/a><a class=\"blank_anchor_name\" name=\"q-what-are-some-of-its-features\"><\/a><a id=\"q-what-are-some-of-its-features\" class=\"blank_anchor_id\"><\/a><\/div>\n<h3 id=\"q20what20are20some20of20its20features_5\" class=\"xsj_heading_hash xsj_heading xsj_heading_h3\" data-source-line=\"14\" data-source-line-display=\"true\"><span class=\"xsj_heading_content\">Q\u00a0: Quelles sont certaines de ses fonctionnalit\u00e9s\u00a0?<\/span><\/h3>\n<p class=\"xsj_paragraph xsj_paragraph_level_0\" data-source-line=\"16\" data-source-line-display=\"true\">R : Le THPS poss\u00e8de d&#039;excellentes propri\u00e9t\u00e9s de solubilit\u00e9 dans les solutions organiques et aqueuses ; De plus, il a re\u00e7u la certification z\u00e9ro toxicit\u00e9 de l&#039;EPA des \u00c9tats-Unis, ce qui en fait un choix id\u00e9al pour les besoins de conservation chimique. De plus, THPS est soutenu par des protocoles de test et de certification rigoureux pour garantir qu&#039;il r\u00e9pond \u00e0 toutes les normes de qualit\u00e9.<\/p>\n<div class=\"xiaoshujiang_element xsj_anchor\"><a class=\"blank_anchor_name\" name=\"q20what20are20some20of20its20applications_6\"><\/a><a id=\"q20what20are20some20of20its20applications_6\" class=\"blank_anchor_id\"><\/a><a class=\"blank_anchor_name\" name=\"q-what-are-some-of-its-applications\"><\/a><a id=\"q-what-are-some-of-its-applications\" class=\"blank_anchor_id\"><\/a><\/div>\n<h3 id=\"q20what20are20some20of20its20applications_6\" class=\"xsj_heading_hash xsj_heading xsj_heading_h3\" data-source-line=\"18\" data-source-line-display=\"true\"><span class=\"xsj_heading_content\">Q\u00a0: Quelles sont certaines de ses applications\u00a0?<\/span><\/h3>\n<p class=\"xsj_paragraph xsj_paragraph_level_0\" data-source-line=\"20\" data-source-line-display=\"true\">R\u00a0: Le THPS peut \u00eatre utilis\u00e9 comme agent de conservation pour des applications industrielles telles que le traitement du bois, les syst\u00e8mes de purification de l&#039;eau et les produits de l&#039;industrie alimentaire et des boissons\u00a0; ses capacit\u00e9s de protection microbienne en font \u00e9galement un additif important pour les industries pharmaceutiques ainsi que pour les processus agricoles comme le traitement des semences.<\/p>\n<div class=\"xiaoshujiang_element xsj_anchor\"><a class=\"blank_anchor_name\" name=\"q20does20thps20have20any20other20benefits_7\"><\/a><a id=\"q20does20thps20have20any20other20benefits_7\" class=\"blank_anchor_id\"><\/a><a class=\"blank_anchor_name\" name=\"q-does-thps-have-any-other-benefits\"><\/a><a id=\"q-does-thps-have-any-other-benefits\" class=\"blank_anchor_id\"><\/a><\/div>\n<h3 id=\"q20does20thps20have20any20other20benefits_7\" class=\"xsj_heading_hash xsj_heading xsj_heading_h3\" data-source-line=\"22\" data-source-line-display=\"true\"><span class=\"xsj_heading_content\">Q\u00a0: Le THPS pr\u00e9sente-t-il d&#039;autres avantages\u00a0?<\/span><\/h3>\n<p class=\"xsj_paragraph xsj_paragraph_level_0\" data-source-line=\"24\" data-source-line-display=\"true\">R : Oui ! Non seulement le THP se vante d&#039;une grande efficacit\u00e9 contre les microbes, mais il offre \u00e9galement des avantages environnementaux en raison de sa nature s\u00fbre - cela leur a valu leur prestigieux prix US Green Chemical en 1995\u00a0! De plus, \u00e9tant donn\u00e9 que le THP ne n\u00e9cessite aucun produit chimique suppl\u00e9mentaire ni aucune condition de traitement sp\u00e9ciale lors de la fabrication ou de l&#039;application, il permet \u00e9galement d&#039;\u00e9conomiser des ressources\u00a0!<\/p>\n<div class=\"xiaoshujiang_element xsj_anchor\"><a class=\"blank_anchor_name\" name=\"q20how20do20i20applyuse20thp_8\"><\/a><a id=\"q20how20do20i20applyuse20thp_8\" class=\"blank_anchor_id\"><\/a><a class=\"blank_anchor_name\" name=\"q-how-do-i-applyuse-thp\"><\/a><a id=\"q-how-do-i-applyuse-thp\" class=\"blank_anchor_id\"><\/a><\/div>\n<h3 id=\"q20how20do20i20applyuse20thp_8\" class=\"xsj_heading_hash xsj_heading xsj_heading_h3\" data-source-line=\"26\" data-source-line-display=\"true\"><span class=\"xsj_heading_content\">Q\u00a0: Comment puis-je appliquer\/utiliser le THP\u00a0?<\/span><\/h3>\n<p class=\"xsj_paragraph xsj_paragraph_level_0\" data-source-line=\"28\" data-source-line-display=\"true\">R\u00a0: Selon votre application, vous devrez peut-\u00eatre dissoudre ou disperser le produit dans une solution avant utilisation - les instructions exactes varient en fonction du type de formulation ou de produit que vous utilisez, veuillez donc vous r\u00e9f\u00e9rer aux instructions du fabricant au pr\u00e9alable\u00a0!<\/p>\n<p class=\"xsj_paragraph xsj_paragraph_level_0\" data-source-line=\"31\" data-source-line-display=\"true\"><a class=\"xsj_link xsj_manu_link\" href=\"https:\/\/vcycletech.com\/fr\/biocide-et-algicide\/\">Obtenez la solution biocide et algicide compl\u00e8te<\/a><\/p>\n<\/div>\n<p data-source-line=\"2\" data-source-line-display=\"true\">","protected":false},"excerpt":{"rendered":"<p>Si vous recherchez un agent antimicrobien respectueux de l&#039;environnement, non toxique et tr\u00e8s efficace, ne cherchez pas plus loin que le sulfate de t\u00e9trakis (hydroxym\u00e9thyl) phosphonium (<strong>THPS<\/strong>)! Ce produit innovant a \u00e9t\u00e9 reconnu par l&#039;EPA des \u00c9tats-Unis pour ses niveaux de toxicit\u00e9 z\u00e9ro, et il garantit une longue conservation et une dissolution facile dans l&#039;eau. Le THPS est parfait pour une large gamme d&#039;applications, notamment la transformation des aliments, les produits pharmaceutiques, les produits de soins personnels et plus encore ! Alors n&#039;h\u00e9sitez pas \u00e0 nous contacter d\u00e8s aujourd&#039;hui pour en savoir plus sur ce produit \u00e9tonnant !<\/p>","protected":false},"featured_media":1057,"template":"","meta":{"site-sidebar-layout":"default","site-content-layout":"default","ast-site-content-layout":"default","site-content-style":"default","site-sidebar-style":"default","ast-global-header-display":"","ast-banner-title-visibility":"","ast-main-header-display":"","ast-hfb-above-header-display":"","ast-hfb-below-header-display":"","ast-hfb-mobile-header-display":"","site-post-title":"","ast-breadcrumbs-content":"","ast-featured-img":"","footer-sml-layout":"","ast-disable-related-posts":"","theme-transparent-header-meta":"default","adv-header-id-meta":"","stick-header-meta":"default","header-above-stick-meta":"","header-main-stick-meta":"","header-below-stick-meta":"","astra-migrate-meta-layouts":"default","ast-page-background-enabled":"default","ast-page-background-meta":{"desktop":{"background-color":"","background-image":"","background-repeat":"repeat","background-position":"center center","background-size":"auto","background-attachment":"scroll","background-type":"","background-media":"","overlay-type":"","overlay-color":"","overlay-opacity":"","overlay-gradient":""},"tablet":{"background-color":"","background-image":"","background-repeat":"repeat","background-position":"center center","background-size":"auto","background-attachment":"scroll","background-type":"","background-media":"","overlay-type":"","overlay-color":"","overlay-opacity":"","overlay-gradient":""},"mobile":{"background-color":"","background-image":"","background-repeat":"repeat","background-position":"center center","background-size":"auto","background-attachment":"scroll","background-type":"","background-media":"","overlay-type":"","overlay-color":"","overlay-opacity":"","overlay-gradient":""}},"ast-content-background-meta":{"desktop":{"background-color":"var(--ast-global-color-5)","background-image":"","background-repeat":"repeat","background-position":"center center","background-size":"auto","background-attachment":"scroll","background-type":"","background-media":"","overlay-type":"","overlay-color":"","overlay-opacity":"","overlay-gradient":""},"tablet":{"background-color":"var(--ast-global-color-5)","background-image":"","background-repeat":"repeat","background-position":"center center","background-size":"auto","background-attachment":"scroll","background-type":"","background-media":"","overlay-type":"","overlay-color":"","overlay-opacity":"","overlay-gradient":""},"mobile":{"background-color":"var(--ast-global-color-5)","background-image":"","background-repeat":"repeat","background-position":"center center","background-size":"auto","background-attachment":"scroll","background-type":"","background-media":"","overlay-type":"","overlay-color":"","overlay-opacity":"","overlay-gradient":""}}},"product_brand":[],"product_cat":[29],"product_tag":[],"class_list":{"0":"post-1054","1":"product","2":"type-product","3":"status-publish","4":"has-post-thumbnail","6":"product_cat-biocide-and-algicide","7":"desktop-align-left","8":"tablet-align-left","9":"mobile-align-left","10":"ast-product-gallery-layout-horizontal-slider","11":"ast-product-gallery-with-no-image","12":"ast-product-tabs-layout-horizontal","14":"first","15":"instock","16":"shipping-taxable","17":"product-type-simple"},"yoast_head":"<!-- This site is optimized with the Yoast SEO Premium plugin v26.3 (Yoast SEO v27.3) - https:\/\/yoast.com\/product\/yoast-seo-premium-wordpress\/ -->\n<title>Tetrakis(hydroxymethyl)phosphonium sulfate (THPS) - vcycletech<\/title>\n<meta name=\"description\" content=\"Looking for an eco-friendly solution for guaranteed long preservation? Look no further than Tetrakis(hydroxymethyl)phosphonium sulfate (THPS). This innovative anti-microbial reagent is highly effective and has been recognized by the EPA of the United States for having zero toxicity.\" \/>\n<meta name=\"robots\" content=\"index, follow, max-snippet:-1, max-image-preview:large, max-video-preview:-1\" \/>\n<link rel=\"canonical\" href=\"https:\/\/vcycletech.com\/fr\/produit\/thps\/\" \/>\n<meta property=\"og:locale\" content=\"fr_FR\" \/>\n<meta property=\"og:type\" content=\"article\" \/>\n<meta property=\"og:title\" content=\"Tetrakis(hydroxymethyl)phosphonium sulfate (THPS)\" \/>\n<meta property=\"og:description\" content=\"Looking for an eco-friendly solution for guaranteed long preservation? Look no further than Tetrakis(hydroxymethyl)phosphonium sulfate (THPS). This innovative anti-microbial reagent is highly effective and has been recognized by the EPA of the United States for having zero toxicity.\" \/>\n<meta property=\"og:url\" content=\"https:\/\/vcycletech.com\/fr\/produit\/thps\/\" \/>\n<meta property=\"og:site_name\" content=\"vcycletech\" \/>\n<meta property=\"article:modified_time\" content=\"2023-03-24T03:35:39+00:00\" \/>\n<meta property=\"og:image\" content=\"https:\/\/vcycletech.com\/wp-content\/uploads\/2023\/03\/Tetrakishydroxymethylphosphonium-sulfate-THPS-e1679628933931.png\" \/>\n\t<meta property=\"og:image:width\" content=\"600\" \/>\n\t<meta property=\"og:image:height\" content=\"600\" \/>\n\t<meta property=\"og:image:type\" content=\"image\/png\" \/>\n<meta name=\"twitter:card\" content=\"summary_large_image\" \/>\n<meta name=\"twitter:label1\" content=\"Dur\u00e9e de lecture estim\u00e9e\" \/>\n\t<meta name=\"twitter:data1\" content=\"3 minutes\" \/>\n<script type=\"application\/ld+json\" class=\"yoast-schema-graph\">{\"@context\":\"https:\\\/\\\/schema.org\",\"@graph\":[{\"@type\":\"WebPage\",\"@id\":\"https:\\\/\\\/vcycletech.com\\\/product\\\/thps\\\/\",\"url\":\"https:\\\/\\\/vcycletech.com\\\/product\\\/thps\\\/\",\"name\":\"Tetrakis(hydroxymethyl)phosphonium sulfate (THPS) - vcycletech\",\"isPartOf\":{\"@id\":\"https:\\\/\\\/vcycletech.com\\\/#website\"},\"primaryImageOfPage\":{\"@id\":\"https:\\\/\\\/vcycletech.com\\\/product\\\/thps\\\/#primaryimage\"},\"image\":{\"@id\":\"https:\\\/\\\/vcycletech.com\\\/product\\\/thps\\\/#primaryimage\"},\"thumbnailUrl\":\"https:\\\/\\\/vcycletech.com\\\/wp-content\\\/uploads\\\/2023\\\/03\\\/Tetrakishydroxymethylphosphonium-sulfate-THPS-e1679628933931.png\",\"datePublished\":\"2023-03-21T02:45:49+00:00\",\"dateModified\":\"2023-03-24T03:35:39+00:00\",\"description\":\"Looking for an eco-friendly solution for guaranteed long preservation? Look no further than Tetrakis(hydroxymethyl)phosphonium sulfate (THPS). This innovative anti-microbial reagent is highly effective and has been recognized by the EPA of the United States for having zero toxicity.\",\"breadcrumb\":{\"@id\":\"https:\\\/\\\/vcycletech.com\\\/product\\\/thps\\\/#breadcrumb\"},\"inLanguage\":\"fr-FR\",\"potentialAction\":[{\"@type\":\"ReadAction\",\"target\":[\"https:\\\/\\\/vcycletech.com\\\/product\\\/thps\\\/\"]}]},{\"@type\":\"ImageObject\",\"inLanguage\":\"fr-FR\",\"@id\":\"https:\\\/\\\/vcycletech.com\\\/product\\\/thps\\\/#primaryimage\",\"url\":\"https:\\\/\\\/vcycletech.com\\\/wp-content\\\/uploads\\\/2023\\\/03\\\/Tetrakishydroxymethylphosphonium-sulfate-THPS-e1679628933931.png\",\"contentUrl\":\"https:\\\/\\\/vcycletech.com\\\/wp-content\\\/uploads\\\/2023\\\/03\\\/Tetrakishydroxymethylphosphonium-sulfate-THPS-e1679628933931.png\",\"width\":600,\"height\":600},{\"@type\":\"BreadcrumbList\",\"@id\":\"https:\\\/\\\/vcycletech.com\\\/product\\\/thps\\\/#breadcrumb\",\"itemListElement\":[{\"@type\":\"ListItem\",\"position\":1,\"name\":\"Home\",\"item\":\"https:\\\/\\\/vcycletech.com\\\/\"},{\"@type\":\"ListItem\",\"position\":2,\"name\":\"Water Treatment Chemicals Manufacturer\",\"item\":\"https:\\\/\\\/vcycletech.com\\\/water-treatment-chemicals-manufacturer\\\/\"},{\"@type\":\"ListItem\",\"position\":3,\"name\":\"Tetrakis(hydroxymethyl)phosphonium sulfate (THPS)\"}]},{\"@type\":\"WebSite\",\"@id\":\"https:\\\/\\\/vcycletech.com\\\/#website\",\"url\":\"https:\\\/\\\/vcycletech.com\\\/\",\"name\":\"vcycletech\",\"description\":\"China&#039;s top water treatment chemicals supplier\",\"publisher\":{\"@id\":\"https:\\\/\\\/vcycletech.com\\\/#organization\"},\"potentialAction\":[{\"@type\":\"SearchAction\",\"target\":{\"@type\":\"EntryPoint\",\"urlTemplate\":\"https:\\\/\\\/vcycletech.com\\\/?s={search_term_string}\"},\"query-input\":{\"@type\":\"PropertyValueSpecification\",\"valueRequired\":true,\"valueName\":\"search_term_string\"}}],\"inLanguage\":\"fr-FR\"},{\"@type\":\"Organization\",\"@id\":\"https:\\\/\\\/vcycletech.com\\\/#organization\",\"name\":\"vcycletech\",\"url\":\"https:\\\/\\\/vcycletech.com\\\/\",\"logo\":{\"@type\":\"ImageObject\",\"inLanguage\":\"fr-FR\",\"@id\":\"https:\\\/\\\/vcycletech.com\\\/#\\\/schema\\\/logo\\\/image\\\/\",\"url\":\"https:\\\/\\\/vcycletech.com\\\/wp-content\\\/uploads\\\/2023\\\/03\\\/logo-vcycletech-1.png\",\"contentUrl\":\"https:\\\/\\\/vcycletech.com\\\/wp-content\\\/uploads\\\/2023\\\/03\\\/logo-vcycletech-1.png\",\"width\":600,\"height\":400,\"caption\":\"vcycletech\"},\"image\":{\"@id\":\"https:\\\/\\\/vcycletech.com\\\/#\\\/schema\\\/logo\\\/image\\\/\"}}]}<\/script>\n<!-- \/ Yoast SEO Premium plugin. -->","yoast_head_json":{"title":"Sulfate de t\u00e9trakis(hydroxym\u00e9thyl)phosphonium (THPS) - vcycletech","description":"Vous cherchez une solution \u00e9co-responsable pour une longue conservation garantie ? Ne cherchez pas plus loin que le sulfate de t\u00e9trakis (hydroxym\u00e9thyl) phosphonium (THPS). Ce r\u00e9actif antimicrobien innovant est tr\u00e8s efficace et a \u00e9t\u00e9 reconnu par l&#039;EPA des \u00c9tats-Unis pour sa toxicit\u00e9 nulle.","robots":{"index":"index","follow":"follow","max-snippet":"max-snippet:-1","max-image-preview":"max-image-preview:large","max-video-preview":"max-video-preview:-1"},"canonical":"https:\/\/vcycletech.com\/fr\/produit\/thps\/","og_locale":"fr_FR","og_type":"article","og_title":"Tetrakis(hydroxymethyl)phosphonium sulfate (THPS)","og_description":"Looking for an eco-friendly solution for guaranteed long preservation? Look no further than Tetrakis(hydroxymethyl)phosphonium sulfate (THPS). This innovative anti-microbial reagent is highly effective and has been recognized by the EPA of the United States for having zero toxicity.","og_url":"https:\/\/vcycletech.com\/fr\/produit\/thps\/","og_site_name":"vcycletech","article_modified_time":"2023-03-24T03:35:39+00:00","og_image":[{"width":600,"height":600,"url":"https:\/\/vcycletech.com\/wp-content\/uploads\/2023\/03\/Tetrakishydroxymethylphosphonium-sulfate-THPS-e1679628933931.png","type":"image\/png"}],"twitter_card":"summary_large_image","twitter_misc":{"Dur\u00e9e de lecture estim\u00e9e":"3 minutes"},"schema":{"@context":"https:\/\/schema.org","@graph":[{"@type":"WebPage","@id":"https:\/\/vcycletech.com\/product\/thps\/","url":"https:\/\/vcycletech.com\/product\/thps\/","name":"Sulfate de t\u00e9trakis(hydroxym\u00e9thyl)phosphonium (THPS) - vcycletech","isPartOf":{"@id":"https:\/\/vcycletech.com\/#website"},"primaryImageOfPage":{"@id":"https:\/\/vcycletech.com\/product\/thps\/#primaryimage"},"image":{"@id":"https:\/\/vcycletech.com\/product\/thps\/#primaryimage"},"thumbnailUrl":"https:\/\/vcycletech.com\/wp-content\/uploads\/2023\/03\/Tetrakishydroxymethylphosphonium-sulfate-THPS-e1679628933931.png","datePublished":"2023-03-21T02:45:49+00:00","dateModified":"2023-03-24T03:35:39+00:00","description":"Vous cherchez une solution \u00e9co-responsable pour une longue conservation garantie ? Ne cherchez pas plus loin que le sulfate de t\u00e9trakis (hydroxym\u00e9thyl) phosphonium (THPS). Ce r\u00e9actif antimicrobien innovant est tr\u00e8s efficace et a \u00e9t\u00e9 reconnu par l&#039;EPA des \u00c9tats-Unis pour sa toxicit\u00e9 nulle.","breadcrumb":{"@id":"https:\/\/vcycletech.com\/product\/thps\/#breadcrumb"},"inLanguage":"fr-FR","potentialAction":[{"@type":"ReadAction","target":["https:\/\/vcycletech.com\/product\/thps\/"]}]},{"@type":"ImageObject","inLanguage":"fr-FR","@id":"https:\/\/vcycletech.com\/product\/thps\/#primaryimage","url":"https:\/\/vcycletech.com\/wp-content\/uploads\/2023\/03\/Tetrakishydroxymethylphosphonium-sulfate-THPS-e1679628933931.png","contentUrl":"https:\/\/vcycletech.com\/wp-content\/uploads\/2023\/03\/Tetrakishydroxymethylphosphonium-sulfate-THPS-e1679628933931.png","width":600,"height":600},{"@type":"BreadcrumbList","@id":"https:\/\/vcycletech.com\/product\/thps\/#breadcrumb","itemListElement":[{"@type":"ListItem","position":1,"name":"Home","item":"https:\/\/vcycletech.com\/"},{"@type":"ListItem","position":2,"name":"Water Treatment Chemicals Manufacturer","item":"https:\/\/vcycletech.com\/water-treatment-chemicals-manufacturer\/"},{"@type":"ListItem","position":3,"name":"Tetrakis(hydroxymethyl)phosphonium sulfate (THPS)"}]},{"@type":"WebSite","@id":"https:\/\/vcycletech.com\/#website","url":"https:\/\/vcycletech.com\/","name":"vcycletech","description":"Meilleur fournisseur de produits chimiques pour le traitement de l&#039;eau en Chine","publisher":{"@id":"https:\/\/vcycletech.com\/#organization"},"potentialAction":[{"@type":"SearchAction","target":{"@type":"EntryPoint","urlTemplate":"https:\/\/vcycletech.com\/?s={search_term_string}"},"query-input":{"@type":"PropertyValueSpecification","valueRequired":true,"valueName":"search_term_string"}}],"inLanguage":"fr-FR"},{"@type":"Organization","@id":"https:\/\/vcycletech.com\/#organization","name":"vcycletech","url":"https:\/\/vcycletech.com\/","logo":{"@type":"ImageObject","inLanguage":"fr-FR","@id":"https:\/\/vcycletech.com\/#\/schema\/logo\/image\/","url":"https:\/\/vcycletech.com\/wp-content\/uploads\/2023\/03\/logo-vcycletech-1.png","contentUrl":"https:\/\/vcycletech.com\/wp-content\/uploads\/2023\/03\/logo-vcycletech-1.png","width":600,"height":400,"caption":"vcycletech"},"image":{"@id":"https:\/\/vcycletech.com\/#\/schema\/logo\/image\/"}}]}},"_links":{"self":[{"href":"https:\/\/vcycletech.com\/fr\/wp-json\/wp\/v2\/product\/1054","targetHints":{"allow":["GET"]}}],"collection":[{"href":"https:\/\/vcycletech.com\/fr\/wp-json\/wp\/v2\/product"}],"about":[{"href":"https:\/\/vcycletech.com\/fr\/wp-json\/wp\/v2\/types\/product"}],"wp:featuredmedia":[{"embeddable":true,"href":"https:\/\/vcycletech.com\/fr\/wp-json\/wp\/v2\/media\/1057"}],"wp:attachment":[{"href":"https:\/\/vcycletech.com\/fr\/wp-json\/wp\/v2\/media?parent=1054"}],"wp:term":[{"taxonomy":"product_brand","embeddable":true,"href":"https:\/\/vcycletech.com\/fr\/wp-json\/wp\/v2\/product_brand?post=1054"},{"taxonomy":"product_cat","embeddable":true,"href":"https:\/\/vcycletech.com\/fr\/wp-json\/wp\/v2\/product_cat?post=1054"},{"taxonomy":"product_tag","embeddable":true,"href":"https:\/\/vcycletech.com\/fr\/wp-json\/wp\/v2\/product_tag?post=1054"}],"curies":[{"name":"wp","href":"https:\/\/api.w.org\/{rel}","templated":true}]}}