{"id":1041,"date":"2023-03-21T02:32:12","date_gmt":"2023-03-21T02:32:12","guid":{"rendered":"https:\/\/vcycletech.com\/?post_type=product&#038;p=1041"},"modified":"2023-03-24T03:36:18","modified_gmt":"2023-03-24T03:36:18","slug":"acide-trichloroisocyanurique-tcca","status":"publish","type":"product","link":"https:\/\/vcycletech.com\/fr\/produit\/acide-trichloroisocyanurique-tcca\/","title":{"rendered":"Acide trichloroisocyanurique (TCCA)"},"content":{"rendered":"<h3 id=\"structural20formula_1\" class=\"xsj_heading_hash xsj_heading xsj_heading_h3\" data-source-line=\"0\" data-source-line-display=\"true\"><span class=\"xsj_heading_content\">Formule structurelle:<\/span><\/h3>\n<p><img fetchpriority=\"high\" decoding=\"async\" class=\"alignnone size-full wp-image-1051\" src=\"https:\/\/vcycletech.com\/wp-content\/uploads\/2023\/03\/\u672a\u547d\u540d\u7684\u8bbe\u8ba1-11.png\" alt=\"Acide trichloroisocyanurique (TCCA)\" width=\"500\" height=\"500\" srcset=\"https:\/\/vcycletech.com\/wp-content\/uploads\/2023\/03\/\u672a\u547d\u540d\u7684\u8bbe\u8ba1-11.png 500w, https:\/\/vcycletech.com\/wp-content\/uploads\/2023\/03\/\u672a\u547d\u540d\u7684\u8bbe\u8ba1-11-100x100.png 100w, https:\/\/vcycletech.com\/wp-content\/uploads\/2023\/03\/\u672a\u547d\u540d\u7684\u8bbe\u8ba1-11-300x300.png 300w, https:\/\/vcycletech.com\/wp-content\/uploads\/2023\/03\/\u672a\u547d\u540d\u7684\u8bbe\u8ba1-11-150x150.png 150w\" sizes=\"(max-width: 500px) 100vw, 500px\" \/><\/p>\n<p class=\"xsj_paragraph xsj_paragraph_level_0\" data-source-line=\"2\" data-source-line-display=\"true\">N \u00b0 CAS. 87-90-1<br \/>\nN\u00b0 SH\u00a0: 2933.6922<br \/>\nFormule mol\u00e9culaire : C3N3O3Cl3<br \/>\nPoids mol\u00e9culaire\u00a0: 232,44<\/p>\n<h3>Propri\u00e9t\u00e9s:<\/h3>\n<p>Le TCCA est g\u00e9n\u00e9ralement vendu sous forme de granul\u00e9s solides, ce qui peut \u00eatre un choix \u00e9conomique par rapport aux alternatives liquides. En plus d&#039;\u00eatre un d\u00e9sinfectant facile \u00e0 utiliser qui donne des r\u00e9sultats rapides avec un minimum d&#039;effort, son efficacit\u00e9 continue m\u00eame lorsqu&#039;il est m\u00e9lang\u00e9 avec de la poussi\u00e8re et des particules de salet\u00e9.<\/p>\n<p>Le TCCA est \u00e9galement tr\u00e8s soluble dans l&#039;eau, ce qui en fait une option id\u00e9ale pour une utilisation dans les r\u00e9servoirs d&#039;eau et les piscines tout en \u00e9tant capable de fournir une d\u00e9sinfection rapide sans laisser de r\u00e9sidus irritants sur les surfaces ou les tissus. De plus, il ne corrode pas les m\u00e9taux ou d&#039;autres mat\u00e9riaux comme le font de nombreux autres d\u00e9sinfectants, ce qui en fait un excellent choix pour une utilisation \u00e0 long terme.<\/p>\n<h3 id=\"applications_2\" class=\"xsj_heading_hash xsj_heading xsj_heading_h3\" data-source-line=\"8\" data-source-line-display=\"true\"><span class=\"xsj_heading_content\">Applications<\/span><\/h3>\n<p class=\"xsj_paragraph xsj_paragraph_level_0\" data-source-line=\"10\" data-source-line-display=\"true\">TCCA convient \u00e0 une utilisation \u00e0 l&#039;int\u00e9rieur et \u00e0 l&#039;ext\u00e9rieur en raison de sa polyvalence et de ses fonctionnalit\u00e9s conviviales. Il peut \u00eatre utilis\u00e9 sur des surfaces dures telles que des comptoirs de cuisine ou des sols ainsi que sur des surfaces douces comme des draps et des serviettes sans causer de dommages ou de d\u00e9coloration. Il peut \u00e9galement \u00eatre utilis\u00e9 sur les machines \u00e0 laver et les lave-vaisselle apr\u00e8s chaque cycle pour les garder sans germes.<\/p>\n<p class=\"xsj_paragraph xsj_paragraph_level_0\" data-source-line=\"12\" data-source-line-display=\"true\">En termes d&#039;applications d&#039;assainissement de l&#039;eau, ce compos\u00e9 peut \u00eatre utilis\u00e9 dans les piscines et les aquariums pour assurer une bonne qualit\u00e9 de l&#039;eau tout en emp\u00eachant la prolif\u00e9ration d&#039;algues. Il est \u00e9galement largement utilis\u00e9 pour d\u00e9sinfecter les r\u00e9servoirs d&#039;eau potable car il n&#039;affecte pas l&#039;\u00e9quilibre du pH de l&#039;eau et ne laisse aucun r\u00e9sidu irritant comme certains autres produits peuvent le faire.<\/p>\n<h2>sp\u00e9cification<\/h2>\n<div id=\"footable_parent_1014\" class=\"footable_parent ninja_table_wrapper wp_table_data_press_parent semantic_ui\">\n<table style=\"height: 239px;\" width=\"1000\">\n<tbody>\n<tr>\n<td width=\"204\">Articles<\/td>\n<td width=\"315\">Indice<\/td>\n<\/tr>\n<tr>\n<td>Chlore disponible<\/td>\n<td>90% min<\/td>\n<\/tr>\n<tr>\n<td>pH (solution aqueuse 1%)<\/td>\n<td>2.7~3.3<\/td>\n<\/tr>\n<tr>\n<td>Humidit\u00e9<\/td>\n<td>0.5% maxi<\/td>\n<\/tr>\n<\/tbody>\n<\/table>\n<\/div>\n<h2 id=\"faqs_3\" class=\"xsj_heading_hash xsj_heading xsj_heading_h2\" data-source-line=\"10\" data-source-line-display=\"true\"><span class=\"xsj_heading_content\">FAQ<\/span><\/h2>\n<div class=\"xiaoshujiang_element xsj_anchor\"><a class=\"blank_anchor_name\" name=\"q20how20do20i20use20trichloroisocyanuric20acid20tcca_4\"><\/a><a id=\"q20how20do20i20use20trichloroisocyanuric20acid20tcca_4\" class=\"blank_anchor_id\"><\/a><a class=\"blank_anchor_name\" name=\"q-how-do-i-use-trichloroisocyanuric-acid-tcca\"><\/a><a id=\"q-how-do-i-use-trichloroisocyanuric-acid-tcca\" class=\"blank_anchor_id\"><\/a><\/div>\n<h3 id=\"q20how20do20i20use20trichloroisocyanuric20acid20tcca_4\" class=\"xsj_heading_hash xsj_heading xsj_heading_h3\" data-source-line=\"12\" data-source-line-display=\"true\"><span class=\"xsj_heading_content\">Q\u00a0: Comment utiliser l&#039;acide trichloroisocyanurique (TCCA)\u00a0?<\/span><\/h3>\n<p class=\"xsj_paragraph xsj_paragraph_level_0\" data-source-line=\"14\" data-source-line-display=\"true\">R\u00a0: Selon l&#039;application dont vous avez besoin de TCCA, vous devrez pr\u00e9parer une solution conform\u00e9ment aux instructions fournies par le fabricant en fonction du type de surface que vous traitez ou de la quantit\u00e9 d&#039;eau dans laquelle vous vous baignez\/de laquelle vous buvez\/utilisez dans votre piscine\/aquarium, etc. Une fois que vous avez pr\u00e9par\u00e9 le niveau de concentration souhait\u00e9 en cons\u00e9quence (comme conseill\u00e9), appliquez-le simplement directement sur la surface souhait\u00e9e \u00e0 l&#039;aide d&#039;un pinceau\/vadrouille\/spray\/\u00e9ponge, etc., en fonction de ce qui fonctionne le mieux pour votre choix. application.<\/p>\n<div class=\"xiaoshujiang_element xsj_anchor\"><a class=\"blank_anchor_name\" name=\"q20is20trichloroisocyanuric20acid20tcca20dangerous_5\"><\/a><a id=\"q20is20trichloroisocyanuric20acid20tcca20dangerous_5\" class=\"blank_anchor_id\"><\/a><a class=\"blank_anchor_name\" name=\"q-is-trichloroisocyanuric-acid-tcca-dangerous\"><\/a><a id=\"q-is-trichloroisocyanuric-acid-tcca-dangerous\" class=\"blank_anchor_id\"><\/a><\/div>\n<h3 id=\"q20is20trichloroisocyanuric20acid20tcca20dangerous_5\" class=\"xsj_heading_hash xsj_heading xsj_heading_h3\" data-source-line=\"16\" data-source-line-display=\"true\"><span class=\"xsj_heading_content\">Q\u00a0: L&#039;acide trichloroisocyanurique (TCCA) est-il dangereux\u00a0?<\/span><\/h3>\n<p class=\"xsj_paragraph xsj_paragraph_level_0\" data-source-line=\"18\" data-source-line-display=\"true\">R\u00a0: Bien qu&#039;un contact mod\u00e9r\u00e9 avec le TCCA ne devrait pas causer de dommages, une exposition excessive peut entra\u00eener une irritation des yeux et de la peau si elle n&#039;est pas prot\u00e9g\u00e9e pendant l&#039;utilisation. Nous vous recommandons donc de porter des v\u00eatements de protection tels que des gants, des lunettes ou des masques faciaux lors de la manipulation de cette substance ou de la pulv\u00e9risation de solutions fabriqu\u00e9es. de celui-ci directement sur vous-m\u00eame ou sur les passants \u00e0 proximit\u00e9 tout en travaillant avec. Pour assurer une s\u00e9curit\u00e9 maximale \u00e0 tout moment, nous sugg\u00e9rons \u00e0 tous les utilisateurs de suivre attentivement les directives du fabricant avant de commencer \u00e0 travailler avec ce produit.<\/p>\n<div class=\"xiaoshujiang_element xsj_anchor\"><a class=\"blank_anchor_name\" name=\"q20does20trichloroisocyanuric20acid20tcca20have20a20shelf20life_6\"><\/a><a id=\"q20does20trichloroisocyanuric20acid20tcca20have20a20shelf20life_6\" class=\"blank_anchor_id\"><\/a><a class=\"blank_anchor_name\" name=\"q-does-trichloroisocyanuric-acid-tcca-have-a-shelf-life\"><\/a><a id=\"q-does-trichloroisocyanuric-acid-tcca-have-a-shelf-life\" class=\"blank_anchor_id\"><\/a><\/div>\n<h3 id=\"q20does20trichloroisocyanuric20acid20tcca20have20a20shelf20life_6\" class=\"xsj_heading_hash xsj_heading xsj_heading_h3\" data-source-line=\"20\" data-source-line-display=\"true\"><span class=\"xsj_heading_content\">Q\u00a0: L&#039;acide trichloroisocyanurique (TCCA) a-t-il une dur\u00e9e de conservation\u00a0?<\/span><\/h3>\n<p class=\"xsj_paragraph xsj_paragraph_level_0\" data-source-line=\"22\" data-source-line-display=\"true\">R : Oui ! M\u00eame si le TCCa n&#039;expire pas n\u00e9cessairement rapidement \u00e0 l&#039;ouverture comme certains autres produits ont tendance \u00e0 le faire, il est toujours pr\u00e9f\u00e9rable de stocker cette substance \u00e0 l&#039;\u00e9cart des sources de chaleur. Dans des endroits frais et secs, de pr\u00e9f\u00e9rence \u00e0 l&#039;abri de la lumi\u00e8re directe du soleil, car ces facteurs sont \u00e9galement connus pour provoquer une d\u00e9gradation. tccas ingr\u00e9dients actifs s&#039;ils sont expos\u00e9s pendant de longues p\u00e9riodes hors du temps, entra\u00eenant des niveaux de performance trop r\u00e9duits au fil du temps.<\/p>\n<div class=\"xiaoshujiang_element xsj_anchor\"><a class=\"blank_anchor_name\" name=\"q20how20often20should20i20use20trichloroisocyanuric20acid20tcca_7\"><\/a><a id=\"q20how20often20should20i20use20trichloroisocyanuric20acid20tcca_7\" class=\"blank_anchor_id\"><\/a><a class=\"blank_anchor_name\" name=\"q-how-often-should-i-use-trichloroisocyanuric-acid-tcca\"><\/a><a id=\"q-how-often-should-i-use-trichloroisocyanuric-acid-tcca\" class=\"blank_anchor_id\"><\/a><\/div>\n<h3 id=\"q20how20often20should20i20use20trichloroisocyanuric20acid20tcca_7\" class=\"xsj_heading_hash xsj_heading xsj_heading_h3\" data-source-line=\"24\" data-source-line-display=\"true\"><span class=\"xsj_heading_content\">Q\u00a0: \u00c0 quelle fr\u00e9quence dois-je utiliser l&#039;acide trichloroisocyanurique (TCCA)\u00a0?<\/span><\/h3>\n<p class=\"xsj_paragraph xsj_paragraph_level_0\" data-source-line=\"26\" data-source-line-display=\"true\">R\u00a0: Selon le type d&#039;application que vous utilisez tcca, la fr\u00e9quence d&#039;utilisation variera probablement\u00a0: par exemple, si vous utilisez r\u00e9guli\u00e8rement ce produit autour des zones de pr\u00e9paration des aliments, une d\u00e9sinfection quotidienne r\u00e9guli\u00e8re serait n\u00e9cessaire\u00a0? Consid\u00e9rant que si l&#039;application de tcca maintient \u00e9galement les piscines propres, des doses hebdomadaires peuvent suffire. Cela \u00e9tant dit, il est \u00e9galement important de v\u00e9rifier avec les directives des fabricants concernant les doses recommand\u00e9es par application avant de continuer.<\/p>\n<p class=\"xsj_paragraph xsj_paragraph_level_0\" data-source-line=\"9\" data-source-line-display=\"true\"><a class=\"xsj_link xsj_manu_link\" href=\"https:\/\/vcycletech.com\/fr\/biocide-et-algicide\/\">Obtenez la solution biocide et algicide compl\u00e8te<\/a><\/p>","protected":false},"excerpt":{"rendered":"<p>Vous cherchez un d\u00e9sinfectant fiable et efficace ? Ne cherchez pas plus loin que <strong>l&#039;acide trichloroisocyanurique, <\/strong>ou<strong> TCAC<\/strong>Ce compos\u00e9 organique a un large spectre d&#039;utilisations, de la d\u00e9sinfection de l&#039;eau potable au r\u00e9tr\u00e9cissement des v\u00eatements. Il surpasse l&#039;hypochlorite de sodium en termes de taux de destruction bact\u00e9rienne, ce qui le rend essentiel pour les \u00e9tablissements tels que les restaurants ou les h\u00f4tels et les \u00e9tablissements m\u00e9dicaux comme les h\u00f4pitaux du monde entier. vcycletech propose la meilleure porcelaine TCCA, vous pouvez donc \u00eatre s\u00fbr d&#039;obtenir le produit de qualit\u00e9 dont vous avez besoin. Commandez maintenant et d\u00e9couvrez la diff\u00e9rence !<\/p>","protected":false},"featured_media":1052,"template":"","meta":{"site-sidebar-layout":"default","site-content-layout":"default","ast-site-content-layout":"default","site-content-style":"default","site-sidebar-style":"default","ast-global-header-display":"","ast-banner-title-visibility":"","ast-main-header-display":"","ast-hfb-above-header-display":"","ast-hfb-below-header-display":"","ast-hfb-mobile-header-display":"","site-post-title":"","ast-breadcrumbs-content":"","ast-featured-img":"","footer-sml-layout":"","ast-disable-related-posts":"","theme-transparent-header-meta":"default","adv-header-id-meta":"","stick-header-meta":"default","header-above-stick-meta":"","header-main-stick-meta":"","header-below-stick-meta":"","astra-migrate-meta-layouts":"default","ast-page-background-enabled":"default","ast-page-background-meta":{"desktop":{"background-color":"","background-image":"","background-repeat":"repeat","background-position":"center center","background-size":"auto","background-attachment":"scroll","background-type":"","background-media":"","overlay-type":"","overlay-color":"","overlay-opacity":"","overlay-gradient":""},"tablet":{"background-color":"","background-image":"","background-repeat":"repeat","background-position":"center center","background-size":"auto","background-attachment":"scroll","background-type":"","background-media":"","overlay-type":"","overlay-color":"","overlay-opacity":"","overlay-gradient":""},"mobile":{"background-color":"","background-image":"","background-repeat":"repeat","background-position":"center center","background-size":"auto","background-attachment":"scroll","background-type":"","background-media":"","overlay-type":"","overlay-color":"","overlay-opacity":"","overlay-gradient":""}},"ast-content-background-meta":{"desktop":{"background-color":"var(--ast-global-color-5)","background-image":"","background-repeat":"repeat","background-position":"center center","background-size":"auto","background-attachment":"scroll","background-type":"","background-media":"","overlay-type":"","overlay-color":"","overlay-opacity":"","overlay-gradient":""},"tablet":{"background-color":"var(--ast-global-color-5)","background-image":"","background-repeat":"repeat","background-position":"center center","background-size":"auto","background-attachment":"scroll","background-type":"","background-media":"","overlay-type":"","overlay-color":"","overlay-opacity":"","overlay-gradient":""},"mobile":{"background-color":"var(--ast-global-color-5)","background-image":"","background-repeat":"repeat","background-position":"center center","background-size":"auto","background-attachment":"scroll","background-type":"","background-media":"","overlay-type":"","overlay-color":"","overlay-opacity":"","overlay-gradient":""}}},"product_brand":[],"product_cat":[29],"product_tag":[],"class_list":{"0":"post-1041","1":"product","2":"type-product","3":"status-publish","4":"has-post-thumbnail","6":"product_cat-biocide-and-algicide","7":"desktop-align-left","8":"tablet-align-left","9":"mobile-align-left","10":"ast-product-gallery-layout-horizontal-slider","11":"ast-product-gallery-with-no-image","12":"ast-product-tabs-layout-horizontal","14":"first","15":"instock","16":"shipping-taxable","17":"product-type-simple"},"yoast_head":"<!-- This site is optimized with the Yoast SEO Premium plugin v26.3 (Yoast SEO v27.3) - https:\/\/yoast.com\/product\/yoast-seo-premium-wordpress\/ -->\n<title>Trichloroisocyanuric Acid (TCCA) - vcycletech<\/title>\n<meta name=\"description\" content=\"Need to disinfect drinking water and prevent shrinkage? Get maximum efficacy and safety with Trichloroisocyanuric Acid (TCCA)! This organic compound offers a broad spectrum of highly efficient uses that make it ideal for keeping your drinking water safe - get the protection you need with TCCA!\" \/>\n<meta name=\"robots\" content=\"index, follow, max-snippet:-1, max-image-preview:large, max-video-preview:-1\" \/>\n<link rel=\"canonical\" href=\"https:\/\/vcycletech.com\/fr\/produit\/acide-trichloroisocyanurique-tcca\/\" \/>\n<meta property=\"og:locale\" content=\"fr_FR\" \/>\n<meta property=\"og:type\" content=\"article\" \/>\n<meta property=\"og:title\" content=\"Trichloroisocyanuric Acid (TCCA)\" \/>\n<meta property=\"og:description\" content=\"Need to disinfect drinking water and prevent shrinkage? Get maximum efficacy and safety with Trichloroisocyanuric Acid (TCCA)! This organic compound offers a broad spectrum of highly efficient uses that make it ideal for keeping your drinking water safe - get the protection you need with TCCA!\" \/>\n<meta property=\"og:url\" content=\"https:\/\/vcycletech.com\/fr\/produit\/acide-trichloroisocyanurique-tcca\/\" \/>\n<meta property=\"og:site_name\" content=\"vcycletech\" \/>\n<meta property=\"article:modified_time\" content=\"2023-03-24T03:36:18+00:00\" \/>\n<meta property=\"og:image\" content=\"https:\/\/vcycletech.com\/wp-content\/uploads\/2023\/03\/Trichloroisocyanuric-AcidTCCA-e1679628971228.png\" \/>\n\t<meta property=\"og:image:width\" content=\"600\" \/>\n\t<meta property=\"og:image:height\" content=\"600\" \/>\n\t<meta property=\"og:image:type\" content=\"image\/png\" \/>\n<meta name=\"twitter:card\" content=\"summary_large_image\" \/>\n<meta name=\"twitter:label1\" content=\"Dur\u00e9e de lecture estim\u00e9e\" \/>\n\t<meta name=\"twitter:data1\" content=\"3 minutes\" \/>\n<script type=\"application\/ld+json\" class=\"yoast-schema-graph\">{\"@context\":\"https:\\\/\\\/schema.org\",\"@graph\":[{\"@type\":\"WebPage\",\"@id\":\"https:\\\/\\\/vcycletech.com\\\/product\\\/trichloroisocyanuric-acid-tcca\\\/\",\"url\":\"https:\\\/\\\/vcycletech.com\\\/product\\\/trichloroisocyanuric-acid-tcca\\\/\",\"name\":\"Trichloroisocyanuric Acid (TCCA) - vcycletech\",\"isPartOf\":{\"@id\":\"https:\\\/\\\/vcycletech.com\\\/#website\"},\"primaryImageOfPage\":{\"@id\":\"https:\\\/\\\/vcycletech.com\\\/product\\\/trichloroisocyanuric-acid-tcca\\\/#primaryimage\"},\"image\":{\"@id\":\"https:\\\/\\\/vcycletech.com\\\/product\\\/trichloroisocyanuric-acid-tcca\\\/#primaryimage\"},\"thumbnailUrl\":\"https:\\\/\\\/vcycletech.com\\\/wp-content\\\/uploads\\\/2023\\\/03\\\/Trichloroisocyanuric-AcidTCCA-e1679628971228.png\",\"datePublished\":\"2023-03-21T02:32:12+00:00\",\"dateModified\":\"2023-03-24T03:36:18+00:00\",\"description\":\"Need to disinfect drinking water and prevent shrinkage? Get maximum efficacy and safety with Trichloroisocyanuric Acid (TCCA)! This organic compound offers a broad spectrum of highly efficient uses that make it ideal for keeping your drinking water safe - get the protection you need with TCCA!\",\"breadcrumb\":{\"@id\":\"https:\\\/\\\/vcycletech.com\\\/product\\\/trichloroisocyanuric-acid-tcca\\\/#breadcrumb\"},\"inLanguage\":\"fr-FR\",\"potentialAction\":[{\"@type\":\"ReadAction\",\"target\":[\"https:\\\/\\\/vcycletech.com\\\/product\\\/trichloroisocyanuric-acid-tcca\\\/\"]}]},{\"@type\":\"ImageObject\",\"inLanguage\":\"fr-FR\",\"@id\":\"https:\\\/\\\/vcycletech.com\\\/product\\\/trichloroisocyanuric-acid-tcca\\\/#primaryimage\",\"url\":\"https:\\\/\\\/vcycletech.com\\\/wp-content\\\/uploads\\\/2023\\\/03\\\/Trichloroisocyanuric-AcidTCCA-e1679628971228.png\",\"contentUrl\":\"https:\\\/\\\/vcycletech.com\\\/wp-content\\\/uploads\\\/2023\\\/03\\\/Trichloroisocyanuric-AcidTCCA-e1679628971228.png\",\"width\":600,\"height\":600,\"caption\":\"Trichloroisocyanuric Acid (TCCA)\"},{\"@type\":\"BreadcrumbList\",\"@id\":\"https:\\\/\\\/vcycletech.com\\\/product\\\/trichloroisocyanuric-acid-tcca\\\/#breadcrumb\",\"itemListElement\":[{\"@type\":\"ListItem\",\"position\":1,\"name\":\"Home\",\"item\":\"https:\\\/\\\/vcycletech.com\\\/\"},{\"@type\":\"ListItem\",\"position\":2,\"name\":\"Water Treatment Chemicals Manufacturer\",\"item\":\"https:\\\/\\\/vcycletech.com\\\/water-treatment-chemicals-manufacturer\\\/\"},{\"@type\":\"ListItem\",\"position\":3,\"name\":\"Trichloroisocyanuric Acid (TCCA)\"}]},{\"@type\":\"WebSite\",\"@id\":\"https:\\\/\\\/vcycletech.com\\\/#website\",\"url\":\"https:\\\/\\\/vcycletech.com\\\/\",\"name\":\"vcycletech\",\"description\":\"China&#039;s top water treatment chemicals supplier\",\"publisher\":{\"@id\":\"https:\\\/\\\/vcycletech.com\\\/#organization\"},\"potentialAction\":[{\"@type\":\"SearchAction\",\"target\":{\"@type\":\"EntryPoint\",\"urlTemplate\":\"https:\\\/\\\/vcycletech.com\\\/?s={search_term_string}\"},\"query-input\":{\"@type\":\"PropertyValueSpecification\",\"valueRequired\":true,\"valueName\":\"search_term_string\"}}],\"inLanguage\":\"fr-FR\"},{\"@type\":\"Organization\",\"@id\":\"https:\\\/\\\/vcycletech.com\\\/#organization\",\"name\":\"vcycletech\",\"url\":\"https:\\\/\\\/vcycletech.com\\\/\",\"logo\":{\"@type\":\"ImageObject\",\"inLanguage\":\"fr-FR\",\"@id\":\"https:\\\/\\\/vcycletech.com\\\/#\\\/schema\\\/logo\\\/image\\\/\",\"url\":\"https:\\\/\\\/vcycletech.com\\\/wp-content\\\/uploads\\\/2023\\\/03\\\/logo-vcycletech-1.png\",\"contentUrl\":\"https:\\\/\\\/vcycletech.com\\\/wp-content\\\/uploads\\\/2023\\\/03\\\/logo-vcycletech-1.png\",\"width\":600,\"height\":400,\"caption\":\"vcycletech\"},\"image\":{\"@id\":\"https:\\\/\\\/vcycletech.com\\\/#\\\/schema\\\/logo\\\/image\\\/\"}}]}<\/script>\n<!-- \/ Yoast SEO Premium plugin. -->","yoast_head_json":{"title":"Acide trichloroisocyanurique (TCCA) - vcycletech","description":"Besoin de d\u00e9sinfecter l&#039;eau potable et d&#039;\u00e9viter le r\u00e9tr\u00e9cissement? Obtenez une efficacit\u00e9 et une s\u00e9curit\u00e9 maximales avec l&#039;acide trichloroisocyanurique (TCCA)\u00a0! Ce compos\u00e9 organique offre un large \u00e9ventail d&#039;utilisations tr\u00e8s efficaces qui le rendent id\u00e9al pour garder votre eau potable s\u00fbre - obtenez la protection dont vous avez besoin avec TCCA\u00a0!","robots":{"index":"index","follow":"follow","max-snippet":"max-snippet:-1","max-image-preview":"max-image-preview:large","max-video-preview":"max-video-preview:-1"},"canonical":"https:\/\/vcycletech.com\/fr\/produit\/acide-trichloroisocyanurique-tcca\/","og_locale":"fr_FR","og_type":"article","og_title":"Trichloroisocyanuric Acid (TCCA)","og_description":"Need to disinfect drinking water and prevent shrinkage? Get maximum efficacy and safety with Trichloroisocyanuric Acid (TCCA)! This organic compound offers a broad spectrum of highly efficient uses that make it ideal for keeping your drinking water safe - get the protection you need with TCCA!","og_url":"https:\/\/vcycletech.com\/fr\/produit\/acide-trichloroisocyanurique-tcca\/","og_site_name":"vcycletech","article_modified_time":"2023-03-24T03:36:18+00:00","og_image":[{"width":600,"height":600,"url":"https:\/\/vcycletech.com\/wp-content\/uploads\/2023\/03\/Trichloroisocyanuric-AcidTCCA-e1679628971228.png","type":"image\/png"}],"twitter_card":"summary_large_image","twitter_misc":{"Dur\u00e9e de lecture estim\u00e9e":"3 minutes"},"schema":{"@context":"https:\/\/schema.org","@graph":[{"@type":"WebPage","@id":"https:\/\/vcycletech.com\/product\/trichloroisocyanuric-acid-tcca\/","url":"https:\/\/vcycletech.com\/product\/trichloroisocyanuric-acid-tcca\/","name":"Acide trichloroisocyanurique (TCCA) - vcycletech","isPartOf":{"@id":"https:\/\/vcycletech.com\/#website"},"primaryImageOfPage":{"@id":"https:\/\/vcycletech.com\/product\/trichloroisocyanuric-acid-tcca\/#primaryimage"},"image":{"@id":"https:\/\/vcycletech.com\/product\/trichloroisocyanuric-acid-tcca\/#primaryimage"},"thumbnailUrl":"https:\/\/vcycletech.com\/wp-content\/uploads\/2023\/03\/Trichloroisocyanuric-AcidTCCA-e1679628971228.png","datePublished":"2023-03-21T02:32:12+00:00","dateModified":"2023-03-24T03:36:18+00:00","description":"Besoin de d\u00e9sinfecter l&#039;eau potable et d&#039;\u00e9viter le r\u00e9tr\u00e9cissement? Obtenez une efficacit\u00e9 et une s\u00e9curit\u00e9 maximales avec l&#039;acide trichloroisocyanurique (TCCA)\u00a0! Ce compos\u00e9 organique offre un large \u00e9ventail d&#039;utilisations tr\u00e8s efficaces qui le rendent id\u00e9al pour garder votre eau potable s\u00fbre - obtenez la protection dont vous avez besoin avec TCCA\u00a0!","breadcrumb":{"@id":"https:\/\/vcycletech.com\/product\/trichloroisocyanuric-acid-tcca\/#breadcrumb"},"inLanguage":"fr-FR","potentialAction":[{"@type":"ReadAction","target":["https:\/\/vcycletech.com\/product\/trichloroisocyanuric-acid-tcca\/"]}]},{"@type":"ImageObject","inLanguage":"fr-FR","@id":"https:\/\/vcycletech.com\/product\/trichloroisocyanuric-acid-tcca\/#primaryimage","url":"https:\/\/vcycletech.com\/wp-content\/uploads\/2023\/03\/Trichloroisocyanuric-AcidTCCA-e1679628971228.png","contentUrl":"https:\/\/vcycletech.com\/wp-content\/uploads\/2023\/03\/Trichloroisocyanuric-AcidTCCA-e1679628971228.png","width":600,"height":600,"caption":"Trichloroisocyanuric Acid (TCCA)"},{"@type":"BreadcrumbList","@id":"https:\/\/vcycletech.com\/product\/trichloroisocyanuric-acid-tcca\/#breadcrumb","itemListElement":[{"@type":"ListItem","position":1,"name":"Home","item":"https:\/\/vcycletech.com\/"},{"@type":"ListItem","position":2,"name":"Water Treatment Chemicals Manufacturer","item":"https:\/\/vcycletech.com\/water-treatment-chemicals-manufacturer\/"},{"@type":"ListItem","position":3,"name":"Trichloroisocyanuric Acid (TCCA)"}]},{"@type":"WebSite","@id":"https:\/\/vcycletech.com\/#website","url":"https:\/\/vcycletech.com\/","name":"vcycletech","description":"Meilleur fournisseur de produits chimiques pour le traitement de l&#039;eau en Chine","publisher":{"@id":"https:\/\/vcycletech.com\/#organization"},"potentialAction":[{"@type":"SearchAction","target":{"@type":"EntryPoint","urlTemplate":"https:\/\/vcycletech.com\/?s={search_term_string}"},"query-input":{"@type":"PropertyValueSpecification","valueRequired":true,"valueName":"search_term_string"}}],"inLanguage":"fr-FR"},{"@type":"Organization","@id":"https:\/\/vcycletech.com\/#organization","name":"vcycletech","url":"https:\/\/vcycletech.com\/","logo":{"@type":"ImageObject","inLanguage":"fr-FR","@id":"https:\/\/vcycletech.com\/#\/schema\/logo\/image\/","url":"https:\/\/vcycletech.com\/wp-content\/uploads\/2023\/03\/logo-vcycletech-1.png","contentUrl":"https:\/\/vcycletech.com\/wp-content\/uploads\/2023\/03\/logo-vcycletech-1.png","width":600,"height":400,"caption":"vcycletech"},"image":{"@id":"https:\/\/vcycletech.com\/#\/schema\/logo\/image\/"}}]}},"_links":{"self":[{"href":"https:\/\/vcycletech.com\/fr\/wp-json\/wp\/v2\/product\/1041","targetHints":{"allow":["GET"]}}],"collection":[{"href":"https:\/\/vcycletech.com\/fr\/wp-json\/wp\/v2\/product"}],"about":[{"href":"https:\/\/vcycletech.com\/fr\/wp-json\/wp\/v2\/types\/product"}],"wp:featuredmedia":[{"embeddable":true,"href":"https:\/\/vcycletech.com\/fr\/wp-json\/wp\/v2\/media\/1052"}],"wp:attachment":[{"href":"https:\/\/vcycletech.com\/fr\/wp-json\/wp\/v2\/media?parent=1041"}],"wp:term":[{"taxonomy":"product_brand","embeddable":true,"href":"https:\/\/vcycletech.com\/fr\/wp-json\/wp\/v2\/product_brand?post=1041"},{"taxonomy":"product_cat","embeddable":true,"href":"https:\/\/vcycletech.com\/fr\/wp-json\/wp\/v2\/product_cat?post=1041"},{"taxonomy":"product_tag","embeddable":true,"href":"https:\/\/vcycletech.com\/fr\/wp-json\/wp\/v2\/product_tag?post=1041"}],"curies":[{"name":"wp","href":"https:\/\/api.w.org\/{rel}","templated":true}]}}