{"id":1039,"date":"2023-03-21T01:58:08","date_gmt":"2023-03-21T01:58:08","guid":{"rendered":"https:\/\/vcycletech.com\/?post_type=product&#038;p=1039"},"modified":"2023-03-21T06:15:46","modified_gmt":"2023-03-21T06:15:46","slug":"copolymere-acide-acrylique-acide-maleique","status":"publish","type":"product","link":"https:\/\/vcycletech.com\/fr\/produit\/copolymere-acide-acrylique-acide-maleique\/","title":{"rendered":"Copolym\u00e8re d&#039;acide mal\u00e9ique d&#039;acide acrylique (MA\/AA)"},"content":{"rendered":"<h3>N\u00b0 CAS 26677-99-6<\/h3>\n<h3 class=\"fzs\">Formule structurelle:<\/h3>\n<p><img fetchpriority=\"high\" decoding=\"async\" class=\"alignnone size-full wp-image-1063\" src=\"https:\/\/vcycletech.com\/wp-content\/uploads\/2023\/03\/Structural-Formula-5.png\" alt=\"Formule structurale du copolym\u00e8re d&#039;acide mal\u00e9ique d&#039;acide acrylique (MA\/AA)\" width=\"1400\" height=\"450\" srcset=\"https:\/\/vcycletech.com\/wp-content\/uploads\/2023\/03\/Structural-Formula-5.png 1400w, https:\/\/vcycletech.com\/wp-content\/uploads\/2023\/03\/Structural-Formula-5-600x193.png 600w, https:\/\/vcycletech.com\/wp-content\/uploads\/2023\/03\/Structural-Formula-5-300x96.png 300w, https:\/\/vcycletech.com\/wp-content\/uploads\/2023\/03\/Structural-Formula-5-1024x329.png 1024w, https:\/\/vcycletech.com\/wp-content\/uploads\/2023\/03\/Structural-Formula-5-768x247.png 768w\" sizes=\"(max-width: 1400px) 100vw, 1400px\" \/><\/p>\n<h3>Propri\u00e9t\u00e9s du copolym\u00e8re d&#039;acide mal\u00e9ique d&#039;acide acrylique\u00a0:<\/h3>\n<p><strong>Copolym\u00e8re d&#039;acide mal\u00e9ique et acrylique<\/strong> est un poly\u00e9lectrolyte de faible poids mol\u00e9culaire qui offre des performances de dispersion exceptionnelles contre le carbonate et une excellente inhibition du tartre pour le phosphate. Ce copolym\u00e8re a une stabilit\u00e9 thermique remarquable, lui permettant d&#039;\u00eatre utilis\u00e9 dans des environnements difficiles avec des temp\u00e9ratures allant jusqu&#039;\u00e0 300\u2103. De plus, sa compatibilit\u00e9 avec d&#039;autres agents ouvre plus de possibilit\u00e9s d&#039;utilisation.<\/p>\n<p>En raison de ces propri\u00e9t\u00e9s, le copolym\u00e8re d&#039;acide mal\u00e9ique et acrylique est largement utilis\u00e9 dans les chaudi\u00e8res basse pression, les syst\u00e8mes de chauffage centralis\u00e9s, les climatiseurs centralis\u00e9s et les syst\u00e8mes de refroidissement \u00e0 circulation. De plus, ce copolym\u00e8re peut \u00e9galement \u00eatre utilis\u00e9 comme dispersant ch\u00e9latant dans les industries du tissage et de la teinture.<\/p>\n<h3>Sp\u00e9cification:<\/h3>\n<div id=\"footable_parent_1076\"\n         class=\"footable_parent ninja_table_wrapper loading_ninja_table wp_table_data_press_parent semantic_ui\">\n                <table data-ninja_table_instance=\"ninja_table_instance_0\" data-footable_id=\"1076\" data-filter-delay=\"1000\" aria-label=\"Copolym\u00e8re d&#039;acide mal\u00e9ique d&#039;acide acrylique.csv\"            id=\"footable_1076\"\n           data-unique_identifier=\"ninja_table_unique_id_1265766527_1076\"\n           class=\"foo-table ninja_footable foo_table_1076 ninja_table_unique_id_1265766527_1076 ui table  nt_type_legacy_table selectable striped vertical_centered  footable-paging-right ninja_table_pro\">\n                <colgroup>\n                            <col class=\"ninja_column_0\">\n                            <col class=\"ninja_column_1\">\n                    <\/colgroup>\n        <thead>\n<tr class=\"footable-header\">\n                                        <th scope=\"col\"  class=\"ninja_column_0 ninja_clmn_nm_tems\">articles<\/th><th scope=\"col\"  class=\"ninja_column_1 ninja_clmn_nm_index\">Indice<\/th><\/tr>\n<\/thead>\n<tbody>\n\n        <tr data-row_id=\"200\" class=\"ninja_table_row_0 nt_row_id_200\">\n            <td>Apparence<\/td><td>Liquide transparent d&#039;ombre<\/td>        <\/tr>\n            <tr data-row_id=\"201\" class=\"ninja_table_row_1 nt_row_id_201\">\n            <td>Contenu solide %<\/td><td>48,0 minutes<\/td>        <\/tr>\n            <tr data-row_id=\"202\" class=\"ninja_table_row_2 nt_row_id_202\">\n            <td>Monom\u00e8re libre (comme MA) %<\/td><td>5,0 maximum<\/td>        <\/tr>\n            <tr data-row_id=\"203\" class=\"ninja_table_row_3 nt_row_id_203\">\n            <td>Densit\u00e9 (20\u2103) g\/cm3<\/td><td>1.20 mn<\/td>        <\/tr>\n            <tr data-row_id=\"204\" class=\"ninja_table_row_4 nt_row_id_204\">\n            <td>pH (solution aqueuse 1%)<\/td><td>2.0~3.0<\/td>        <\/tr>\n    <\/tbody><!--ninja_tobody_rendering_done-->\n    <\/table>\n    \n    \n    \n<\/div>\n\n<h3>Utilisation MA\/AA\u00a0:<\/h3>\n<p><strong>Copolym\u00e8re d&#039;acide mal\u00e9ique et acrylique<\/strong> est un choix efficace pour les syst\u00e8mes de circulation d&#039;eau froide, les chaudi\u00e8res \u00e0 moyenne ou basse pression et les syst\u00e8mes de distillation qui subissent souvent des temp\u00e9ratures \u00e9lev\u00e9es. Il peut \u00eatre utilis\u00e9 seul ou en combinaison avec d&#039;autres phosphates organiques pour am\u00e9liorer les performances, avec un dosage recommand\u00e9 de 2 \u00e0 10 mg\/L. Son efficacit\u00e9 en tant que d\u00e9tergent tiss\u00e9 et de teinture et accessoire doit \u00eatre d\u00e9termin\u00e9e par des exp\u00e9riences pour maximiser les r\u00e9sultats.<\/p>\n<h3>Questions fr\u00e9quemment pos\u00e9es<\/h3>\n<p><img decoding=\"async\" class=\"alignnone size-full wp-image-1079\" src=\"https:\/\/vcycletech.com\/wp-content\/uploads\/2023\/03\/1-25.png\" alt=\"Copolym\u00e8re d&#039;acide mal\u00e9ique d&#039;acide acrylique (MA\/AA)\" width=\"600\" height=\"600\" srcset=\"https:\/\/vcycletech.com\/wp-content\/uploads\/2023\/03\/1-25.png 600w, https:\/\/vcycletech.com\/wp-content\/uploads\/2023\/03\/1-25-100x100.png 100w, https:\/\/vcycletech.com\/wp-content\/uploads\/2023\/03\/1-25-300x300.png 300w, https:\/\/vcycletech.com\/wp-content\/uploads\/2023\/03\/1-25-150x150.png 150w\" sizes=\"(max-width: 600px) 100vw, 600px\" \/><\/p>\n<h4>Qu&#039;est-ce que MA\/AA\u00a0?<\/h4>\n<p>MA\/AA est un copolym\u00e8re d&#039;acide acrylique et d&#039;acide mal\u00e9ique. C&#039;est une poudre blanche fluide qui est soluble dans l&#039;eau et a un pH neutre.<\/p>\n<h4>Quels sont les avantages de MA\/AA ?<\/h4>\n<p>MA\/AA offre plusieurs avantages, notamment\u00a0:<br \/>\nExcellentes propri\u00e9t\u00e9s filmog\u00e8nes<br \/>\nBonne adh\u00e9rence sur une vari\u00e9t\u00e9 de substrats<br \/>\nBonne r\u00e9sistance \u00e0 l&#039;humidit\u00e9<br \/>\nBonne r\u00e9sistance aux UV<br \/>\nBonne r\u00e9sistance chimique<\/p>\n<h4>Quelles sont les applications de MA\/AA ?<\/h4>\n<p>MA\/AA peut \u00eatre utilis\u00e9 dans une vari\u00e9t\u00e9 d&#039;applications, y compris :<br \/>\nAdh\u00e9sifs<br \/>\nModification de l&#039;asphalte<br \/>\nRev\u00eatements<br \/>\n\u00c9lastom\u00e8res<br \/>\nEncres<br \/>\nScellants<\/p>\n<h4>Quelles sont les limites de MA\/AA ?<\/h4>\n<p>MA\/AA a un certain nombre de limites, notamment\u00a0:<br \/>\nMauvaise r\u00e9sistance \u00e0 la chaleur<br \/>\nMauvaise solubilit\u00e9 dans les solvants organiques<br \/>\nSensibilit\u00e9 \u00e0 l&#039;hydrolyse<\/p>\n<p><a href=\"https:\/\/vcycletech.com\/fr\/categorie-de-produit\/antitartre-et-dispersant-polycarboxylique\/\">Obtenez la solution compl\u00e8te antitartre et dispersant polycarboxylique<\/a><\/p>","protected":false},"excerpt":{"rendered":"<p><strong>Copolym\u00e8re d&#039;acide acrylique et d&#039;acide mal\u00e9ique (MA\/AA)<\/strong> est un poly\u00e9lectrolyte de bas poids mol\u00e9culaire pr\u00e9par\u00e9 par copolym\u00e9risation d&#039;acide mal\u00e9ique et d&#039;acide acrylique. Il a un pH de 1,5 et offre d&#039;excellents avantages aux formulations de produits de nettoyage, y compris les formulations anti-pr\u00e9cipitation, polym\u00e8re d\u00e9tergent pour les m\u00e9nages et lessive II. <strong>MA\/AA<\/strong> a un poids mol\u00e9culaire de 564,40 et est disponible en 50 wt. Solution % dans l&#039;eau. Il peut \u00eatre utilis\u00e9 pour \u00e9tudier la composition de pesticides contenant du spirot\u00e9tramate et du benzoate d&#039;\u00e9mamectine. <strong>MA\/AA<\/strong> est sp\u00e9cifiquement con\u00e7u comme co-constructeur et antitartre pour une efficacit\u00e9 dans les solutions d&#039;hypochlorite \u00e0 pH alcalin, ce qui en fait un choix id\u00e9al pour de nombreuses applications industrielles.<\/p>","protected":false},"featured_media":1050,"template":"","meta":{"site-sidebar-layout":"default","site-content-layout":"default","ast-site-content-layout":"default","site-content-style":"default","site-sidebar-style":"default","ast-global-header-display":"","ast-banner-title-visibility":"","ast-main-header-display":"","ast-hfb-above-header-display":"","ast-hfb-below-header-display":"","ast-hfb-mobile-header-display":"","site-post-title":"","ast-breadcrumbs-content":"","ast-featured-img":"","footer-sml-layout":"","ast-disable-related-posts":"","theme-transparent-header-meta":"default","adv-header-id-meta":"","stick-header-meta":"default","header-above-stick-meta":"","header-main-stick-meta":"","header-below-stick-meta":"","astra-migrate-meta-layouts":"default","ast-page-background-enabled":"default","ast-page-background-meta":{"desktop":{"background-color":"","background-image":"","background-repeat":"repeat","background-position":"center center","background-size":"auto","background-attachment":"scroll","background-type":"","background-media":"","overlay-type":"","overlay-color":"","overlay-opacity":"","overlay-gradient":""},"tablet":{"background-color":"","background-image":"","background-repeat":"repeat","background-position":"center center","background-size":"auto","background-attachment":"scroll","background-type":"","background-media":"","overlay-type":"","overlay-color":"","overlay-opacity":"","overlay-gradient":""},"mobile":{"background-color":"","background-image":"","background-repeat":"repeat","background-position":"center center","background-size":"auto","background-attachment":"scroll","background-type":"","background-media":"","overlay-type":"","overlay-color":"","overlay-opacity":"","overlay-gradient":""}},"ast-content-background-meta":{"desktop":{"background-color":"var(--ast-global-color-5)","background-image":"","background-repeat":"repeat","background-position":"center center","background-size":"auto","background-attachment":"scroll","background-type":"","background-media":"","overlay-type":"","overlay-color":"","overlay-opacity":"","overlay-gradient":""},"tablet":{"background-color":"var(--ast-global-color-5)","background-image":"","background-repeat":"repeat","background-position":"center center","background-size":"auto","background-attachment":"scroll","background-type":"","background-media":"","overlay-type":"","overlay-color":"","overlay-opacity":"","overlay-gradient":""},"mobile":{"background-color":"var(--ast-global-color-5)","background-image":"","background-repeat":"repeat","background-position":"center center","background-size":"auto","background-attachment":"scroll","background-type":"","background-media":"","overlay-type":"","overlay-color":"","overlay-opacity":"","overlay-gradient":""}}},"product_brand":[],"product_cat":[28],"product_tag":[],"class_list":{"0":"post-1039","1":"product","2":"type-product","3":"status-publish","4":"has-post-thumbnail","6":"product_cat-polycarboxylic-antiscalant-and-dispersant","7":"desktop-align-left","8":"tablet-align-left","9":"mobile-align-left","10":"ast-product-gallery-layout-horizontal-slider","11":"ast-product-gallery-with-no-image","12":"ast-product-tabs-layout-horizontal","14":"first","15":"instock","16":"shipping-taxable","17":"product-type-simple"},"yoast_head":"<!-- This site is optimized with the Yoast SEO Premium plugin v26.3 (Yoast SEO v27.3) - https:\/\/yoast.com\/product\/yoast-seo-premium-wordpress\/ -->\n<title>Acrylic Acid Maleic Acid Copolymer(MA\/AA) - vcycletech<\/title>\n<meta name=\"description\" content=\"Get the best performance from your coolant with Acrylic Acid Maleic Acid Copolymer(MA\/AA)! This low molecular weight polyelectrolyte is perfect for carbonate and scale inhibition\" \/>\n<meta name=\"robots\" content=\"index, follow, max-snippet:-1, max-image-preview:large, max-video-preview:-1\" \/>\n<link rel=\"canonical\" href=\"https:\/\/vcycletech.com\/fr\/produit\/copolymere-acide-acrylique-acide-maleique\/\" \/>\n<meta property=\"og:locale\" content=\"fr_FR\" \/>\n<meta property=\"og:type\" content=\"article\" \/>\n<meta property=\"og:title\" content=\"Acrylic Acid Maleic Acid Copolymer(MA\/AA)\" \/>\n<meta property=\"og:description\" content=\"Get the best performance from your coolant with Acrylic Acid Maleic Acid Copolymer(MA\/AA)! This low molecular weight polyelectrolyte is perfect for carbonate and scale inhibition\" \/>\n<meta property=\"og:url\" content=\"https:\/\/vcycletech.com\/fr\/produit\/copolymere-acide-acrylique-acide-maleique\/\" \/>\n<meta property=\"og:site_name\" content=\"vcycletech\" \/>\n<meta property=\"article:modified_time\" content=\"2023-03-21T06:15:46+00:00\" \/>\n<meta property=\"og:image\" content=\"https:\/\/vcycletech.com\/wp-content\/uploads\/2023\/03\/1-22.png\" \/>\n\t<meta property=\"og:image:width\" content=\"600\" \/>\n\t<meta property=\"og:image:height\" content=\"600\" \/>\n\t<meta property=\"og:image:type\" content=\"image\/png\" \/>\n<meta name=\"twitter:card\" content=\"summary_large_image\" \/>\n<meta name=\"twitter:label1\" content=\"Dur\u00e9e de lecture estim\u00e9e\" \/>\n\t<meta name=\"twitter:data1\" content=\"2 minutes\" \/>\n<script type=\"application\/ld+json\" class=\"yoast-schema-graph\">{\"@context\":\"https:\\\/\\\/schema.org\",\"@graph\":[{\"@type\":\"WebPage\",\"@id\":\"https:\\\/\\\/vcycletech.com\\\/product\\\/acrylic-acid-maleic-acid-copolymer\\\/\",\"url\":\"https:\\\/\\\/vcycletech.com\\\/product\\\/acrylic-acid-maleic-acid-copolymer\\\/\",\"name\":\"Acrylic Acid Maleic Acid Copolymer(MA\\\/AA) - vcycletech\",\"isPartOf\":{\"@id\":\"https:\\\/\\\/vcycletech.com\\\/#website\"},\"primaryImageOfPage\":{\"@id\":\"https:\\\/\\\/vcycletech.com\\\/product\\\/acrylic-acid-maleic-acid-copolymer\\\/#primaryimage\"},\"image\":{\"@id\":\"https:\\\/\\\/vcycletech.com\\\/product\\\/acrylic-acid-maleic-acid-copolymer\\\/#primaryimage\"},\"thumbnailUrl\":\"https:\\\/\\\/vcycletech.com\\\/wp-content\\\/uploads\\\/2023\\\/03\\\/1-22.png\",\"datePublished\":\"2023-03-21T01:58:08+00:00\",\"dateModified\":\"2023-03-21T06:15:46+00:00\",\"description\":\"Get the best performance from your coolant with Acrylic Acid Maleic Acid Copolymer(MA\\\/AA)! This low molecular weight polyelectrolyte is perfect for carbonate and scale inhibition\",\"breadcrumb\":{\"@id\":\"https:\\\/\\\/vcycletech.com\\\/product\\\/acrylic-acid-maleic-acid-copolymer\\\/#breadcrumb\"},\"inLanguage\":\"fr-FR\",\"potentialAction\":[{\"@type\":\"ReadAction\",\"target\":[\"https:\\\/\\\/vcycletech.com\\\/product\\\/acrylic-acid-maleic-acid-copolymer\\\/\"]}]},{\"@type\":\"ImageObject\",\"inLanguage\":\"fr-FR\",\"@id\":\"https:\\\/\\\/vcycletech.com\\\/product\\\/acrylic-acid-maleic-acid-copolymer\\\/#primaryimage\",\"url\":\"https:\\\/\\\/vcycletech.com\\\/wp-content\\\/uploads\\\/2023\\\/03\\\/1-22.png\",\"contentUrl\":\"https:\\\/\\\/vcycletech.com\\\/wp-content\\\/uploads\\\/2023\\\/03\\\/1-22.png\",\"width\":600,\"height\":600,\"caption\":\"Acrylic Acid Maleic Acid Copolymer(MA\\\/AA)\"},{\"@type\":\"BreadcrumbList\",\"@id\":\"https:\\\/\\\/vcycletech.com\\\/product\\\/acrylic-acid-maleic-acid-copolymer\\\/#breadcrumb\",\"itemListElement\":[{\"@type\":\"ListItem\",\"position\":1,\"name\":\"Home\",\"item\":\"https:\\\/\\\/vcycletech.com\\\/\"},{\"@type\":\"ListItem\",\"position\":2,\"name\":\"Water Treatment Chemicals Manufacturer\",\"item\":\"https:\\\/\\\/vcycletech.com\\\/water-treatment-chemicals-manufacturer\\\/\"},{\"@type\":\"ListItem\",\"position\":3,\"name\":\"Acrylic Acid Maleic Acid Copolymer(MA\\\/AA)\"}]},{\"@type\":\"WebSite\",\"@id\":\"https:\\\/\\\/vcycletech.com\\\/#website\",\"url\":\"https:\\\/\\\/vcycletech.com\\\/\",\"name\":\"vcycletech\",\"description\":\"China&#039;s top water treatment chemicals supplier\",\"publisher\":{\"@id\":\"https:\\\/\\\/vcycletech.com\\\/#organization\"},\"potentialAction\":[{\"@type\":\"SearchAction\",\"target\":{\"@type\":\"EntryPoint\",\"urlTemplate\":\"https:\\\/\\\/vcycletech.com\\\/?s={search_term_string}\"},\"query-input\":{\"@type\":\"PropertyValueSpecification\",\"valueRequired\":true,\"valueName\":\"search_term_string\"}}],\"inLanguage\":\"fr-FR\"},{\"@type\":\"Organization\",\"@id\":\"https:\\\/\\\/vcycletech.com\\\/#organization\",\"name\":\"vcycletech\",\"url\":\"https:\\\/\\\/vcycletech.com\\\/\",\"logo\":{\"@type\":\"ImageObject\",\"inLanguage\":\"fr-FR\",\"@id\":\"https:\\\/\\\/vcycletech.com\\\/#\\\/schema\\\/logo\\\/image\\\/\",\"url\":\"https:\\\/\\\/vcycletech.com\\\/wp-content\\\/uploads\\\/2023\\\/03\\\/logo-vcycletech-1.png\",\"contentUrl\":\"https:\\\/\\\/vcycletech.com\\\/wp-content\\\/uploads\\\/2023\\\/03\\\/logo-vcycletech-1.png\",\"width\":600,\"height\":400,\"caption\":\"vcycletech\"},\"image\":{\"@id\":\"https:\\\/\\\/vcycletech.com\\\/#\\\/schema\\\/logo\\\/image\\\/\"}}]}<\/script>\n<!-- \/ Yoast SEO Premium plugin. -->","yoast_head_json":{"title":"Copolym\u00e8re d&#039;acide mal\u00e9ique d&#039;acide acrylique (MA\/AA) - vcycletech","description":"Obtenez les meilleures performances de votre liquide de refroidissement avec le copolym\u00e8re d&#039;acide acrylique et d&#039;acide mal\u00e9ique (MA\/AA)\u00a0! Ce poly\u00e9lectrolyte de faible poids mol\u00e9culaire est parfait pour l&#039;inhibition du carbonate et du tartre","robots":{"index":"index","follow":"follow","max-snippet":"max-snippet:-1","max-image-preview":"max-image-preview:large","max-video-preview":"max-video-preview:-1"},"canonical":"https:\/\/vcycletech.com\/fr\/produit\/copolymere-acide-acrylique-acide-maleique\/","og_locale":"fr_FR","og_type":"article","og_title":"Acrylic Acid Maleic Acid Copolymer(MA\/AA)","og_description":"Get the best performance from your coolant with Acrylic Acid Maleic Acid Copolymer(MA\/AA)! This low molecular weight polyelectrolyte is perfect for carbonate and scale inhibition","og_url":"https:\/\/vcycletech.com\/fr\/produit\/copolymere-acide-acrylique-acide-maleique\/","og_site_name":"vcycletech","article_modified_time":"2023-03-21T06:15:46+00:00","og_image":[{"width":600,"height":600,"url":"https:\/\/vcycletech.com\/wp-content\/uploads\/2023\/03\/1-22.png","type":"image\/png"}],"twitter_card":"summary_large_image","twitter_misc":{"Dur\u00e9e de lecture estim\u00e9e":"2 minutes"},"schema":{"@context":"https:\/\/schema.org","@graph":[{"@type":"WebPage","@id":"https:\/\/vcycletech.com\/product\/acrylic-acid-maleic-acid-copolymer\/","url":"https:\/\/vcycletech.com\/product\/acrylic-acid-maleic-acid-copolymer\/","name":"Copolym\u00e8re d&#039;acide mal\u00e9ique d&#039;acide acrylique (MA\/AA) - vcycletech","isPartOf":{"@id":"https:\/\/vcycletech.com\/#website"},"primaryImageOfPage":{"@id":"https:\/\/vcycletech.com\/product\/acrylic-acid-maleic-acid-copolymer\/#primaryimage"},"image":{"@id":"https:\/\/vcycletech.com\/product\/acrylic-acid-maleic-acid-copolymer\/#primaryimage"},"thumbnailUrl":"https:\/\/vcycletech.com\/wp-content\/uploads\/2023\/03\/1-22.png","datePublished":"2023-03-21T01:58:08+00:00","dateModified":"2023-03-21T06:15:46+00:00","description":"Obtenez les meilleures performances de votre liquide de refroidissement avec le copolym\u00e8re d&#039;acide acrylique et d&#039;acide mal\u00e9ique (MA\/AA)\u00a0! Ce poly\u00e9lectrolyte de faible poids mol\u00e9culaire est parfait pour l&#039;inhibition du carbonate et du tartre","breadcrumb":{"@id":"https:\/\/vcycletech.com\/product\/acrylic-acid-maleic-acid-copolymer\/#breadcrumb"},"inLanguage":"fr-FR","potentialAction":[{"@type":"ReadAction","target":["https:\/\/vcycletech.com\/product\/acrylic-acid-maleic-acid-copolymer\/"]}]},{"@type":"ImageObject","inLanguage":"fr-FR","@id":"https:\/\/vcycletech.com\/product\/acrylic-acid-maleic-acid-copolymer\/#primaryimage","url":"https:\/\/vcycletech.com\/wp-content\/uploads\/2023\/03\/1-22.png","contentUrl":"https:\/\/vcycletech.com\/wp-content\/uploads\/2023\/03\/1-22.png","width":600,"height":600,"caption":"Acrylic Acid Maleic Acid Copolymer(MA\/AA)"},{"@type":"BreadcrumbList","@id":"https:\/\/vcycletech.com\/product\/acrylic-acid-maleic-acid-copolymer\/#breadcrumb","itemListElement":[{"@type":"ListItem","position":1,"name":"Home","item":"https:\/\/vcycletech.com\/"},{"@type":"ListItem","position":2,"name":"Water Treatment Chemicals Manufacturer","item":"https:\/\/vcycletech.com\/water-treatment-chemicals-manufacturer\/"},{"@type":"ListItem","position":3,"name":"Acrylic Acid Maleic Acid Copolymer(MA\/AA)"}]},{"@type":"WebSite","@id":"https:\/\/vcycletech.com\/#website","url":"https:\/\/vcycletech.com\/","name":"vcycletech","description":"Meilleur fournisseur de produits chimiques pour le traitement de l&#039;eau en Chine","publisher":{"@id":"https:\/\/vcycletech.com\/#organization"},"potentialAction":[{"@type":"SearchAction","target":{"@type":"EntryPoint","urlTemplate":"https:\/\/vcycletech.com\/?s={search_term_string}"},"query-input":{"@type":"PropertyValueSpecification","valueRequired":true,"valueName":"search_term_string"}}],"inLanguage":"fr-FR"},{"@type":"Organization","@id":"https:\/\/vcycletech.com\/#organization","name":"vcycletech","url":"https:\/\/vcycletech.com\/","logo":{"@type":"ImageObject","inLanguage":"fr-FR","@id":"https:\/\/vcycletech.com\/#\/schema\/logo\/image\/","url":"https:\/\/vcycletech.com\/wp-content\/uploads\/2023\/03\/logo-vcycletech-1.png","contentUrl":"https:\/\/vcycletech.com\/wp-content\/uploads\/2023\/03\/logo-vcycletech-1.png","width":600,"height":400,"caption":"vcycletech"},"image":{"@id":"https:\/\/vcycletech.com\/#\/schema\/logo\/image\/"}}]}},"_links":{"self":[{"href":"https:\/\/vcycletech.com\/fr\/wp-json\/wp\/v2\/product\/1039","targetHints":{"allow":["GET"]}}],"collection":[{"href":"https:\/\/vcycletech.com\/fr\/wp-json\/wp\/v2\/product"}],"about":[{"href":"https:\/\/vcycletech.com\/fr\/wp-json\/wp\/v2\/types\/product"}],"wp:featuredmedia":[{"embeddable":true,"href":"https:\/\/vcycletech.com\/fr\/wp-json\/wp\/v2\/media\/1050"}],"wp:attachment":[{"href":"https:\/\/vcycletech.com\/fr\/wp-json\/wp\/v2\/media?parent=1039"}],"wp:term":[{"taxonomy":"product_brand","embeddable":true,"href":"https:\/\/vcycletech.com\/fr\/wp-json\/wp\/v2\/product_brand?post=1039"},{"taxonomy":"product_cat","embeddable":true,"href":"https:\/\/vcycletech.com\/fr\/wp-json\/wp\/v2\/product_cat?post=1039"},{"taxonomy":"product_tag","embeddable":true,"href":"https:\/\/vcycletech.com\/fr\/wp-json\/wp\/v2\/product_tag?post=1039"}],"curies":[{"name":"wp","href":"https:\/\/api.w.org\/{rel}","templated":true}]}}