{"id":1031,"date":"2023-03-20T13:24:24","date_gmt":"2023-03-20T13:24:24","guid":{"rendered":"https:\/\/vcycletech.com\/?post_type=product&#038;p=1031"},"modified":"2023-03-24T03:38:23","modified_gmt":"2023-03-24T03:38:23","slug":"sdic","status":"publish","type":"product","link":"https:\/\/vcycletech.com\/fr\/produit\/sdic\/","title":{"rendered":"Dichloroisocyanurate de sodium (SDIC)"},"content":{"rendered":"<h3 id=\"structural20formula_1\" class=\"xsj_heading_hash xsj_heading xsj_heading_h3\" data-source-line=\"0\" data-source-line-display=\"true\"><span class=\"xsj_heading_content\">Formule structurelle:<\/span><\/h3>\n<p><img fetchpriority=\"high\" decoding=\"async\" class=\"alignnone size-full wp-image-1033\" src=\"https:\/\/vcycletech.com\/wp-content\/uploads\/2023\/03\/\u672a\u547d\u540d\u7684\u8bbe\u8ba1-10.png\" alt=\"Formule structurelle:\" width=\"420\" height=\"420\" srcset=\"https:\/\/vcycletech.com\/wp-content\/uploads\/2023\/03\/\u672a\u547d\u540d\u7684\u8bbe\u8ba1-10.png 420w, https:\/\/vcycletech.com\/wp-content\/uploads\/2023\/03\/\u672a\u547d\u540d\u7684\u8bbe\u8ba1-10-100x100.png 100w, https:\/\/vcycletech.com\/wp-content\/uploads\/2023\/03\/\u672a\u547d\u540d\u7684\u8bbe\u8ba1-10-300x300.png 300w, https:\/\/vcycletech.com\/wp-content\/uploads\/2023\/03\/\u672a\u547d\u540d\u7684\u8bbe\u8ba1-10-150x150.png 150w\" sizes=\"(max-width: 420px) 100vw, 420px\" \/><\/p>\n<p class=\"xsj_paragraph xsj_paragraph_level_0\" data-source-line=\"2\" data-source-line-display=\"true\">N\u00b0 CAS 2893-78-9<br \/>\nFormule : C3HCl2N3O3.Na<\/p>\n<h3>Propri\u00e9t\u00e9s:<\/h3>\n<p>1. D\u00e9sinfection : SDIC s&#039;impose comme un d\u00e9sinfectant exceptionnel \u00e0 l&#039;efficacit\u00e9 collective contre les bact\u00e9ries, les champignons, les virus et les algues. Le compos\u00e9 tue et emp\u00eache la repousse, fournissant un environnement stable et aseptis\u00e9.<\/p>\n<p>2. St\u00e9rilisation : Son puissant pouvoir st\u00e9rilisant fait du SDIC un compos\u00e9 id\u00e9al pour maintenir des environnements propres, en particulier l\u00e0 o\u00f9 les maladies infectieuses sont susceptibles de se propager.<\/p>\n<p>3. Traitement de l&#039;eau : En tant qu&#039;agent de traitement de l&#039;eau, le SDIC purifie efficacement l&#039;eau des piscines, des cuves et des r\u00e9servoirs.<\/p>\n<p>4. Soins du b\u00e9tail\u00a0: le SDIC est largement utilis\u00e9 pour la d\u00e9sinfection des \u0153ufs et des volailles, favorisant une croissance saine et emp\u00eachant la propagation des maladies infectieuses.<\/p>\n<p>5. Applications textiles : SDIC est efficace pour blanchir les textiles et convient aux processus de r\u00e9tr\u00e9cissement de la laine. Son incolore et sa stabilit\u00e9 chimique en font un outil utile dans la fabrication textile.<\/p>\n<h3>sp\u00e9cification<\/h3>\n<div id=\"footable_parent_1014\" class=\"footable_parent ninja_table_wrapper wp_table_data_press_parent semantic_ui\">\n<table style=\"height: 285px;\" width=\"1033\">\n<tbody>\n<tr>\n<td width=\"187\">Puret\u00e9 : 56-60%<\/td>\n<td width=\"609\">Couleur : Blanc<\/td>\n<\/tr>\n<tr>\n<td width=\"187\">pH : 5,5 \u2013 7<\/td>\n<td width=\"609\">Apparence\u00a0: Poudre\/granul\u00e9<\/td>\n<\/tr>\n<tr>\n<td width=\"187\">Formule : C3O3N3Cl2Na<\/td>\n<td width=\"609\">Norme de cat\u00e9gorie : Industriel<\/td>\n<\/tr>\n<tr>\n<td width=\"187\">Point de fusion\u00a0: 250\u00a0oC<\/td>\n<td width=\"609\">Humidit\u00e9 : Moins de 5%<\/td>\n<\/tr>\n<tr>\n<td width=\"187\">N\u00b0 CAS : 2893-78-9<\/td>\n<td width=\"609\">N\u00b0 EINECS : 220-767-7<\/td>\n<\/tr>\n<\/tbody>\n<\/table>\n<\/div>\n<h3 id=\"faqs_2\" class=\"xsj_heading_hash xsj_heading xsj_heading_h3\" data-source-line=\"7\" data-source-line-display=\"true\"><span class=\"xsj_heading_content\">FAQ<\/span><\/h3>\n<div class=\"xiaoshujiang_element xsj_anchor\"><a class=\"blank_anchor_name\" name=\"120what20is20sodium20dichloroisocyanurate20sdic_3\"><\/a><a id=\"120what20is20sodium20dichloroisocyanurate20sdic_3\" class=\"blank_anchor_id\"><\/a><a class=\"blank_anchor_name\" name=\"1-what-is-sodium-dichloroisocyanurate-sdic\"><\/a><a id=\"1-what-is-sodium-dichloroisocyanurate-sdic\" class=\"blank_anchor_id\"><\/a><\/div>\n<h3 id=\"120what20is20sodium20dichloroisocyanurate20sdic_3\" class=\"xsj_heading_hash xsj_heading xsj_heading_h3\" data-source-line=\"9\" data-source-line-display=\"true\"><span class=\"xsj_heading_content\">1. Qu&#039;est-ce que le dichloroisocyanurate de sodium (SDIC)\u00a0?<\/span><\/h3>\n<p class=\"xsj_paragraph xsj_paragraph_level_0\" data-source-line=\"11\" data-source-line-display=\"true\">Le dichloroisocyanurate de sodium (SDIC) est un compos\u00e9 inorganique incolore et inodore couramment utilis\u00e9 comme d\u00e9sinfectant, st\u00e9rilisateur et solution de nettoyage. C&#039;est un compos\u00e9 polyvalent et puissant utilis\u00e9 dans divers secteurs, notamment la purification des piscines, les soins du b\u00e9tail et la production textile.<\/p>\n<div class=\"xiaoshujiang_element xsj_anchor\"><a class=\"blank_anchor_name\" name=\"220how20is20sdic20used20to20purify20swimming20pools_4\"><\/a><a id=\"220how20is20sdic20used20to20purify20swimming20pools_4\" class=\"blank_anchor_id\"><\/a><a class=\"blank_anchor_name\" name=\"2-how-is-sdic-used-to-purify-swimming-pools\"><\/a><a id=\"2-how-is-sdic-used-to-purify-swimming-pools\" class=\"blank_anchor_id\"><\/a><\/div>\n<h3 id=\"220how20is20sdic20used20to20purify20swimming20pools_4\" class=\"xsj_heading_hash xsj_heading xsj_heading_h3\" data-source-line=\"13\" data-source-line-display=\"true\"><span class=\"xsj_heading_content\">2. Comment le SDIC est-il utilis\u00e9 pour purifier les piscines ?<\/span><\/h3>\n<p class=\"xsj_paragraph xsj_paragraph_level_0\" data-source-line=\"15\" data-source-line-display=\"true\">SDIC \u00e9limine efficacement les bact\u00e9ries, les champignons, les algues et les virus et maintient l&#039;hygi\u00e8ne de l&#039;eau de la piscine. Il y parvient en lib\u00e9rant du chlore libre lorsqu&#039;il est ajout\u00e9 \u00e0 l&#039;eau, qui agit ensuite sur un large \u00e9ventail d&#039;organismes nuisibles, garantissant un environnement de baignade s\u00fbr et propre.<\/p>\n<div class=\"xiaoshujiang_element xsj_anchor\"><a class=\"blank_anchor_name\" name=\"320is20sdic20safe20for20human20use_5\"><\/a><a id=\"320is20sdic20safe20for20human20use_5\" class=\"blank_anchor_id\"><\/a><a class=\"blank_anchor_name\" name=\"3-is-sdic-safe-for-human-use\"><\/a><a id=\"3-is-sdic-safe-for-human-use\" class=\"blank_anchor_id\"><\/a><\/div>\n<h3 id=\"320is20sdic20safe20for20human20use_5\" class=\"xsj_heading_hash xsj_heading xsj_heading_h3\" data-source-line=\"17\" data-source-line-display=\"true\"><span class=\"xsj_heading_content\">3. Le SDIC est-il s\u00fbr pour un usage humain ?<\/span><\/h3>\n<p class=\"xsj_paragraph xsj_paragraph_level_0\" data-source-line=\"19\" data-source-line-display=\"true\">SDIC est largement utilis\u00e9 dans diverses industries et est consid\u00e9r\u00e9 comme s\u00fbr lorsqu&#039;il est utilis\u00e9 correctement. Cependant, il est essentiel de suivre les directives du fabricant concernant les pr\u00e9cautions de dilution, d&#039;application et de manipulation appropri\u00e9es pour \u00e9viter l&#039;irritation, la corrosion ou d&#039;autres effets ind\u00e9sirables.<\/p>\n<div class=\"xiaoshujiang_element xsj_anchor\"><a class=\"blank_anchor_name\" name=\"420how20is20sdic20used20in20the20textile20industry_6\"><\/a><a id=\"420how20is20sdic20used20in20the20textile20industry_6\" class=\"blank_anchor_id\"><\/a><a class=\"blank_anchor_name\" name=\"4-how-is-sdic-used-in-the-textile-industry\"><\/a><a id=\"4-how-is-sdic-used-in-the-textile-industry\" class=\"blank_anchor_id\"><\/a><\/div>\n<h3 id=\"420how20is20sdic20used20in20the20textile20industry_6\" class=\"xsj_heading_hash xsj_heading xsj_heading_h3\" data-source-line=\"21\" data-source-line-display=\"true\"><span class=\"xsj_heading_content\">4. Comment le SDIC est-il utilis\u00e9 dans l&#039;industrie textile ?<\/span><\/h3>\n<p class=\"xsj_paragraph xsj_paragraph_level_0\" data-source-line=\"23\" data-source-line-display=\"true\">SDIC sert \u00e0 plusieurs fins dans l&#039;industrie textile, y compris le blanchiment des textiles et l&#039;aide aux processus de r\u00e9tr\u00e9cissement de la laine. Sa nature incolore et sa stabilit\u00e9 chimique en font un compos\u00e9 pr\u00e9cieux dans la fabrication textile.<\/p>\n<div class=\"xiaoshujiang_element xsj_anchor\"><a class=\"blank_anchor_name\" name=\"520can20sdic20be20used20for20home20cleaning20purposes_7\"><\/a><a id=\"520can20sdic20be20used20for20home20cleaning20purposes_7\" class=\"blank_anchor_id\"><\/a><a class=\"blank_anchor_name\" name=\"5-can-sdic-be-used-for-home-cleaning-purposes\"><\/a><a id=\"5-can-sdic-be-used-for-home-cleaning-purposes\" class=\"blank_anchor_id\"><\/a><\/div>\n<h3 id=\"520can20sdic20be20used20for20home20cleaning20purposes_7\" class=\"xsj_heading_hash xsj_heading xsj_heading_h3\" data-source-line=\"25\" data-source-line-display=\"true\"><span class=\"xsj_heading_content\">5. Le SDIC peut-il \u00eatre utilis\u00e9 \u00e0 des fins de nettoyage domestique ?<\/span><\/h3>\n<p class=\"xsj_paragraph xsj_paragraph_level_0\" data-source-line=\"27\" data-source-line-display=\"true\">Oui, SDIC peut \u00eatre utilis\u00e9 sous forme dilu\u00e9e pour diverses t\u00e2ches de nettoyage domestique, telles que la d\u00e9sinfection de surfaces ou l&#039;\u00e9limination de moisissures et de mildiou. Cependant, il est crucial de suivre les directives sp\u00e9cifiques fournies par le fabricant pour des r\u00e9sultats s\u00fbrs et efficaces.<\/p>\n<p class=\"xsj_paragraph xsj_paragraph_level_0\" data-source-line=\"31\" data-source-line-display=\"true\"><a class=\"xsj_link xsj_manu_link\" href=\"https:\/\/vcycletech.com\/fr\/biocide-et-algicide\/\">Obtenez la solution biocide et algicide compl\u00e8te<\/a>.<\/p>\n<p>&nbsp;<\/p>","protected":false},"excerpt":{"rendered":"<p>Dichloroisocyanurate de sodium (<strong>SDIC<\/strong>) est un compos\u00e9 inorganique qui a de nombreuses applications dans une vari\u00e9t\u00e9 d&#039;industries. Il est utilis\u00e9 pour la st\u00e9rilisation, la d\u00e9sinfection et le nettoyage, ce qui en fait un outil pr\u00e9cieux pour quiconque cherche \u00e0 garder son lieu de travail ou sa maison propre et sain. Le SDIC est \u00e9galement efficace pour lutter contre les maladies infectieuses et aider aux processus de r\u00e9tr\u00e9cissement de la laine. Avec autant d&#039;avantages, il n&#039;est pas \u00e9tonnant que le dichloroisocyanurate de sodium (SDIC) soit tr\u00e8s demand\u00e9 ! vcycletech propose le dichloroisocyanurate de sodium (SDIC) de la meilleure qualit\u00e9 sur le march\u00e9 aujourd&#039;hui. Commandez maintenant pour d\u00e9couvrir les avantages par vous-m\u00eame !<\/p>","protected":false},"featured_media":1034,"template":"","meta":{"site-sidebar-layout":"default","site-content-layout":"default","ast-site-content-layout":"default","site-content-style":"default","site-sidebar-style":"default","ast-global-header-display":"","ast-banner-title-visibility":"","ast-main-header-display":"","ast-hfb-above-header-display":"","ast-hfb-below-header-display":"","ast-hfb-mobile-header-display":"","site-post-title":"","ast-breadcrumbs-content":"","ast-featured-img":"","footer-sml-layout":"","ast-disable-related-posts":"","theme-transparent-header-meta":"default","adv-header-id-meta":"","stick-header-meta":"default","header-above-stick-meta":"","header-main-stick-meta":"","header-below-stick-meta":"","astra-migrate-meta-layouts":"default","ast-page-background-enabled":"default","ast-page-background-meta":{"desktop":{"background-color":"","background-image":"","background-repeat":"repeat","background-position":"center center","background-size":"auto","background-attachment":"scroll","background-type":"","background-media":"","overlay-type":"","overlay-color":"","overlay-opacity":"","overlay-gradient":""},"tablet":{"background-color":"","background-image":"","background-repeat":"repeat","background-position":"center center","background-size":"auto","background-attachment":"scroll","background-type":"","background-media":"","overlay-type":"","overlay-color":"","overlay-opacity":"","overlay-gradient":""},"mobile":{"background-color":"","background-image":"","background-repeat":"repeat","background-position":"center center","background-size":"auto","background-attachment":"scroll","background-type":"","background-media":"","overlay-type":"","overlay-color":"","overlay-opacity":"","overlay-gradient":""}},"ast-content-background-meta":{"desktop":{"background-color":"var(--ast-global-color-5)","background-image":"","background-repeat":"repeat","background-position":"center center","background-size":"auto","background-attachment":"scroll","background-type":"","background-media":"","overlay-type":"","overlay-color":"","overlay-opacity":"","overlay-gradient":""},"tablet":{"background-color":"var(--ast-global-color-5)","background-image":"","background-repeat":"repeat","background-position":"center center","background-size":"auto","background-attachment":"scroll","background-type":"","background-media":"","overlay-type":"","overlay-color":"","overlay-opacity":"","overlay-gradient":""},"mobile":{"background-color":"var(--ast-global-color-5)","background-image":"","background-repeat":"repeat","background-position":"center center","background-size":"auto","background-attachment":"scroll","background-type":"","background-media":"","overlay-type":"","overlay-color":"","overlay-opacity":"","overlay-gradient":""}}},"product_brand":[],"product_cat":[29],"product_tag":[],"class_list":{"0":"post-1031","1":"product","2":"type-product","3":"status-publish","4":"has-post-thumbnail","6":"product_cat-biocide-and-algicide","7":"desktop-align-left","8":"tablet-align-left","9":"mobile-align-left","10":"ast-product-gallery-layout-horizontal-slider","11":"ast-product-gallery-with-no-image","12":"ast-product-tabs-layout-horizontal","14":"first","15":"instock","16":"shipping-taxable","17":"product-type-simple"},"yoast_head":"<!-- This site is optimized with the Yoast SEO Premium plugin v26.3 (Yoast SEO v27.3) - https:\/\/yoast.com\/product\/yoast-seo-premium-wordpress\/ -->\n<title>Sodium Dichloroisocyanurate (SDIC) - vcycletech<\/title>\n<meta name=\"description\" content=\"Need effective sterilization, disinfection and cleaning? Look no further than Sodium Dichloroisocyanurate (SDIC)! This colourless solid provides a plethora of uses from fighting infectious diseases to bleaching textiles.\" \/>\n<meta name=\"robots\" content=\"index, follow, max-snippet:-1, max-image-preview:large, max-video-preview:-1\" \/>\n<link rel=\"canonical\" href=\"https:\/\/vcycletech.com\/fr\/produit\/sdic\/\" \/>\n<meta property=\"og:locale\" content=\"fr_FR\" \/>\n<meta property=\"og:type\" content=\"article\" \/>\n<meta property=\"og:title\" content=\"Sodium Dichloroisocyanurate (SDIC)\" \/>\n<meta property=\"og:description\" content=\"Need effective sterilization, disinfection and cleaning? Look no further than Sodium Dichloroisocyanurate (SDIC)! This colourless solid provides a plethora of uses from fighting infectious diseases to bleaching textiles.\" \/>\n<meta property=\"og:url\" content=\"https:\/\/vcycletech.com\/fr\/produit\/sdic\/\" \/>\n<meta property=\"og:site_name\" content=\"vcycletech\" \/>\n<meta property=\"article:modified_time\" content=\"2023-03-24T03:38:23+00:00\" \/>\n<meta property=\"og:image\" content=\"https:\/\/vcycletech.com\/wp-content\/uploads\/2023\/03\/eau-de-parfum-1-e1679629095146.png\" \/>\n\t<meta property=\"og:image:width\" content=\"600\" \/>\n\t<meta property=\"og:image:height\" content=\"600\" \/>\n\t<meta property=\"og:image:type\" content=\"image\/png\" \/>\n<meta name=\"twitter:card\" content=\"summary_large_image\" \/>\n<meta name=\"twitter:label1\" content=\"Dur\u00e9e de lecture estim\u00e9e\" \/>\n\t<meta name=\"twitter:data1\" content=\"2 minutes\" \/>\n<script type=\"application\/ld+json\" class=\"yoast-schema-graph\">{\"@context\":\"https:\\\/\\\/schema.org\",\"@graph\":[{\"@type\":\"WebPage\",\"@id\":\"https:\\\/\\\/vcycletech.com\\\/product\\\/sdic\\\/\",\"url\":\"https:\\\/\\\/vcycletech.com\\\/product\\\/sdic\\\/\",\"name\":\"Sodium Dichloroisocyanurate (SDIC) - vcycletech\",\"isPartOf\":{\"@id\":\"https:\\\/\\\/vcycletech.com\\\/#website\"},\"primaryImageOfPage\":{\"@id\":\"https:\\\/\\\/vcycletech.com\\\/product\\\/sdic\\\/#primaryimage\"},\"image\":{\"@id\":\"https:\\\/\\\/vcycletech.com\\\/product\\\/sdic\\\/#primaryimage\"},\"thumbnailUrl\":\"https:\\\/\\\/vcycletech.com\\\/wp-content\\\/uploads\\\/2023\\\/03\\\/eau-de-parfum-1-e1679629095146.png\",\"datePublished\":\"2023-03-20T13:24:24+00:00\",\"dateModified\":\"2023-03-24T03:38:23+00:00\",\"description\":\"Need effective sterilization, disinfection and cleaning? Look no further than Sodium Dichloroisocyanurate (SDIC)! This colourless solid provides a plethora of uses from fighting infectious diseases to bleaching textiles.\",\"breadcrumb\":{\"@id\":\"https:\\\/\\\/vcycletech.com\\\/product\\\/sdic\\\/#breadcrumb\"},\"inLanguage\":\"fr-FR\",\"potentialAction\":[{\"@type\":\"ReadAction\",\"target\":[\"https:\\\/\\\/vcycletech.com\\\/product\\\/sdic\\\/\"]}]},{\"@type\":\"ImageObject\",\"inLanguage\":\"fr-FR\",\"@id\":\"https:\\\/\\\/vcycletech.com\\\/product\\\/sdic\\\/#primaryimage\",\"url\":\"https:\\\/\\\/vcycletech.com\\\/wp-content\\\/uploads\\\/2023\\\/03\\\/eau-de-parfum-1-e1679629095146.png\",\"contentUrl\":\"https:\\\/\\\/vcycletech.com\\\/wp-content\\\/uploads\\\/2023\\\/03\\\/eau-de-parfum-1-e1679629095146.png\",\"width\":600,\"height\":600,\"caption\":\"Sodium Dichloroisocyanurate (SDIC)\"},{\"@type\":\"BreadcrumbList\",\"@id\":\"https:\\\/\\\/vcycletech.com\\\/product\\\/sdic\\\/#breadcrumb\",\"itemListElement\":[{\"@type\":\"ListItem\",\"position\":1,\"name\":\"Home\",\"item\":\"https:\\\/\\\/vcycletech.com\\\/\"},{\"@type\":\"ListItem\",\"position\":2,\"name\":\"Water Treatment Chemicals Manufacturer\",\"item\":\"https:\\\/\\\/vcycletech.com\\\/water-treatment-chemicals-manufacturer\\\/\"},{\"@type\":\"ListItem\",\"position\":3,\"name\":\"Sodium Dichloroisocyanurate (SDIC)\"}]},{\"@type\":\"WebSite\",\"@id\":\"https:\\\/\\\/vcycletech.com\\\/#website\",\"url\":\"https:\\\/\\\/vcycletech.com\\\/\",\"name\":\"vcycletech\",\"description\":\"China&#039;s top water treatment chemicals supplier\",\"publisher\":{\"@id\":\"https:\\\/\\\/vcycletech.com\\\/#organization\"},\"potentialAction\":[{\"@type\":\"SearchAction\",\"target\":{\"@type\":\"EntryPoint\",\"urlTemplate\":\"https:\\\/\\\/vcycletech.com\\\/?s={search_term_string}\"},\"query-input\":{\"@type\":\"PropertyValueSpecification\",\"valueRequired\":true,\"valueName\":\"search_term_string\"}}],\"inLanguage\":\"fr-FR\"},{\"@type\":\"Organization\",\"@id\":\"https:\\\/\\\/vcycletech.com\\\/#organization\",\"name\":\"vcycletech\",\"url\":\"https:\\\/\\\/vcycletech.com\\\/\",\"logo\":{\"@type\":\"ImageObject\",\"inLanguage\":\"fr-FR\",\"@id\":\"https:\\\/\\\/vcycletech.com\\\/#\\\/schema\\\/logo\\\/image\\\/\",\"url\":\"https:\\\/\\\/vcycletech.com\\\/wp-content\\\/uploads\\\/2023\\\/03\\\/logo-vcycletech-1.png\",\"contentUrl\":\"https:\\\/\\\/vcycletech.com\\\/wp-content\\\/uploads\\\/2023\\\/03\\\/logo-vcycletech-1.png\",\"width\":600,\"height\":400,\"caption\":\"vcycletech\"},\"image\":{\"@id\":\"https:\\\/\\\/vcycletech.com\\\/#\\\/schema\\\/logo\\\/image\\\/\"}}]}<\/script>\n<!-- \/ Yoast SEO Premium plugin. -->","yoast_head_json":{"title":"Dichloroisocyanurate de sodium (SDIC) - vcycletech","description":"Besoin d&#039;une st\u00e9rilisation, d&#039;une d\u00e9sinfection et d&#039;un nettoyage efficaces ? Ne cherchez pas plus loin que le dichloroisocyanurate de sodium (SDIC)\u00a0! Ce solide incolore offre une pl\u00e9thore d&#039;utilisations allant de la lutte contre les maladies infectieuses au blanchiment des textiles.","robots":{"index":"index","follow":"follow","max-snippet":"max-snippet:-1","max-image-preview":"max-image-preview:large","max-video-preview":"max-video-preview:-1"},"canonical":"https:\/\/vcycletech.com\/fr\/produit\/sdic\/","og_locale":"fr_FR","og_type":"article","og_title":"Sodium Dichloroisocyanurate (SDIC)","og_description":"Need effective sterilization, disinfection and cleaning? Look no further than Sodium Dichloroisocyanurate (SDIC)! This colourless solid provides a plethora of uses from fighting infectious diseases to bleaching textiles.","og_url":"https:\/\/vcycletech.com\/fr\/produit\/sdic\/","og_site_name":"vcycletech","article_modified_time":"2023-03-24T03:38:23+00:00","og_image":[{"width":600,"height":600,"url":"https:\/\/vcycletech.com\/wp-content\/uploads\/2023\/03\/eau-de-parfum-1-e1679629095146.png","type":"image\/png"}],"twitter_card":"summary_large_image","twitter_misc":{"Dur\u00e9e de lecture estim\u00e9e":"2 minutes"},"schema":{"@context":"https:\/\/schema.org","@graph":[{"@type":"WebPage","@id":"https:\/\/vcycletech.com\/product\/sdic\/","url":"https:\/\/vcycletech.com\/product\/sdic\/","name":"Dichloroisocyanurate de sodium (SDIC) - vcycletech","isPartOf":{"@id":"https:\/\/vcycletech.com\/#website"},"primaryImageOfPage":{"@id":"https:\/\/vcycletech.com\/product\/sdic\/#primaryimage"},"image":{"@id":"https:\/\/vcycletech.com\/product\/sdic\/#primaryimage"},"thumbnailUrl":"https:\/\/vcycletech.com\/wp-content\/uploads\/2023\/03\/eau-de-parfum-1-e1679629095146.png","datePublished":"2023-03-20T13:24:24+00:00","dateModified":"2023-03-24T03:38:23+00:00","description":"Besoin d&#039;une st\u00e9rilisation, d&#039;une d\u00e9sinfection et d&#039;un nettoyage efficaces ? Ne cherchez pas plus loin que le dichloroisocyanurate de sodium (SDIC)\u00a0! Ce solide incolore offre une pl\u00e9thore d&#039;utilisations allant de la lutte contre les maladies infectieuses au blanchiment des textiles.","breadcrumb":{"@id":"https:\/\/vcycletech.com\/product\/sdic\/#breadcrumb"},"inLanguage":"fr-FR","potentialAction":[{"@type":"ReadAction","target":["https:\/\/vcycletech.com\/product\/sdic\/"]}]},{"@type":"ImageObject","inLanguage":"fr-FR","@id":"https:\/\/vcycletech.com\/product\/sdic\/#primaryimage","url":"https:\/\/vcycletech.com\/wp-content\/uploads\/2023\/03\/eau-de-parfum-1-e1679629095146.png","contentUrl":"https:\/\/vcycletech.com\/wp-content\/uploads\/2023\/03\/eau-de-parfum-1-e1679629095146.png","width":600,"height":600,"caption":"Sodium Dichloroisocyanurate (SDIC)"},{"@type":"BreadcrumbList","@id":"https:\/\/vcycletech.com\/product\/sdic\/#breadcrumb","itemListElement":[{"@type":"ListItem","position":1,"name":"Home","item":"https:\/\/vcycletech.com\/"},{"@type":"ListItem","position":2,"name":"Water Treatment Chemicals Manufacturer","item":"https:\/\/vcycletech.com\/water-treatment-chemicals-manufacturer\/"},{"@type":"ListItem","position":3,"name":"Sodium Dichloroisocyanurate (SDIC)"}]},{"@type":"WebSite","@id":"https:\/\/vcycletech.com\/#website","url":"https:\/\/vcycletech.com\/","name":"vcycletech","description":"Meilleur fournisseur de produits chimiques pour le traitement de l&#039;eau en Chine","publisher":{"@id":"https:\/\/vcycletech.com\/#organization"},"potentialAction":[{"@type":"SearchAction","target":{"@type":"EntryPoint","urlTemplate":"https:\/\/vcycletech.com\/?s={search_term_string}"},"query-input":{"@type":"PropertyValueSpecification","valueRequired":true,"valueName":"search_term_string"}}],"inLanguage":"fr-FR"},{"@type":"Organization","@id":"https:\/\/vcycletech.com\/#organization","name":"vcycletech","url":"https:\/\/vcycletech.com\/","logo":{"@type":"ImageObject","inLanguage":"fr-FR","@id":"https:\/\/vcycletech.com\/#\/schema\/logo\/image\/","url":"https:\/\/vcycletech.com\/wp-content\/uploads\/2023\/03\/logo-vcycletech-1.png","contentUrl":"https:\/\/vcycletech.com\/wp-content\/uploads\/2023\/03\/logo-vcycletech-1.png","width":600,"height":400,"caption":"vcycletech"},"image":{"@id":"https:\/\/vcycletech.com\/#\/schema\/logo\/image\/"}}]}},"_links":{"self":[{"href":"https:\/\/vcycletech.com\/fr\/wp-json\/wp\/v2\/product\/1031","targetHints":{"allow":["GET"]}}],"collection":[{"href":"https:\/\/vcycletech.com\/fr\/wp-json\/wp\/v2\/product"}],"about":[{"href":"https:\/\/vcycletech.com\/fr\/wp-json\/wp\/v2\/types\/product"}],"wp:featuredmedia":[{"embeddable":true,"href":"https:\/\/vcycletech.com\/fr\/wp-json\/wp\/v2\/media\/1034"}],"wp:attachment":[{"href":"https:\/\/vcycletech.com\/fr\/wp-json\/wp\/v2\/media?parent=1031"}],"wp:term":[{"taxonomy":"product_brand","embeddable":true,"href":"https:\/\/vcycletech.com\/fr\/wp-json\/wp\/v2\/product_brand?post=1031"},{"taxonomy":"product_cat","embeddable":true,"href":"https:\/\/vcycletech.com\/fr\/wp-json\/wp\/v2\/product_cat?post=1031"},{"taxonomy":"product_tag","embeddable":true,"href":"https:\/\/vcycletech.com\/fr\/wp-json\/wp\/v2\/product_tag?post=1031"}],"curies":[{"name":"wp","href":"https:\/\/api.w.org\/{rel}","templated":true}]}}