{"id":1006,"date":"2023-03-20T11:49:50","date_gmt":"2023-03-20T11:49:50","guid":{"rendered":"https:\/\/vcycletech.com\/?post_type=product&#038;p=1006"},"modified":"2023-03-20T11:59:27","modified_gmt":"2023-03-20T11:59:27","slug":"anhydride-polymaleique-hydrolyse","status":"publish","type":"product","link":"https:\/\/vcycletech.com\/fr\/produit\/anhydride-polymaleique-hydrolyse\/","title":{"rendered":"Anhydride polymal\u00e9ique hydrolys\u00e9 (HPMA)"},"content":{"rendered":"<h3>N\u00b0 CAS 26099-09-2<\/h3>\n<h3>Formule structurelle HPMA\u00a0:<\/h3>\n<p><img fetchpriority=\"high\" decoding=\"async\" class=\"alignnone size-full wp-image-1011\" src=\"https:\/\/vcycletech.com\/wp-content\/uploads\/2023\/03\/1-21.png\" alt=\"Formule structurelle HPMA\u00a0:\" width=\"1291\" height=\"460\" srcset=\"https:\/\/vcycletech.com\/wp-content\/uploads\/2023\/03\/1-21.png 1291w, https:\/\/vcycletech.com\/wp-content\/uploads\/2023\/03\/1-21-600x214.png 600w, https:\/\/vcycletech.com\/wp-content\/uploads\/2023\/03\/1-21-300x107.png 300w, https:\/\/vcycletech.com\/wp-content\/uploads\/2023\/03\/1-21-1024x365.png 1024w, https:\/\/vcycletech.com\/wp-content\/uploads\/2023\/03\/1-21-768x274.png 768w\" sizes=\"(max-width: 1291px) 100vw, 1291px\" \/><\/p>\n<h3>Propri\u00e9t\u00e9s:<\/h3>\n<p>Le HPMA est un polym\u00e8re de faible poids mol\u00e9culaire avec un poids mol\u00e9culaire moyen de 400 \u00e0 800, ce qui le rend tr\u00e8s stable \u00e0 la chaleur et chimiquement avec une temp\u00e9rature de d\u00e9composition sup\u00e9rieure \u00e0 330\u2103. Ce polym\u00e8re a un effet de seuil efficace sous des temp\u00e9ratures \u00e9lev\u00e9es (350\u2103) et des niveaux de pH \u00e9lev\u00e9s (8,3). Il est bien adapt\u00e9 aux syst\u00e8mes d&#039;eau alcaline ou construit avec des agents.<\/p>\n<p>HPMA offre d&#039;excellentes propri\u00e9t\u00e9s d&#039;inhibition du tartre contre les tartres de carbonate et de phosphate tout en restant efficace \u00e0 des temp\u00e9ratures allant jusqu&#039;\u00e0 300 \u2103 sur de longues p\u00e9riodes (jusqu&#039;\u00e0 100 heures). Ces caract\u00e9ristiques l&#039;ont rendu populaire dans les usines de dessalement, les \u00e9quipements de vaporisation flash, les chaudi\u00e8res basse pression, les locomotives \u00e0 vapeur, les pipelines d&#039;\u00e9vaporation de p\u00e9trole brut et les syst\u00e8mes d&#039;eau de refroidissement industriels. De plus, HPMA a de forts effets d&#039;inhibition de la corrosion lorsqu&#039;il est utilis\u00e9 avec des sels de zinc.<\/p>\n<p>Enfin, en raison de ses caract\u00e9ristiques polyvalentes, HPMA peut \u00e9galement \u00eatre ajout\u00e9 comme additif \u00e0 divers produits.<\/p>\n<h3>Sp\u00e9cification de l&#039;anhydride polymal\u00e9ique hydrolys\u00e9<\/h3>\n<div id=\"footable_parent_1012\"\n         class=\"footable_parent ninja_table_wrapper loading_ninja_table wp_table_data_press_parent semantic_ui\">\n                <table data-ninja_table_instance=\"ninja_table_instance_0\" data-footable_id=\"1012\" data-filter-delay=\"1000\" aria-label=\"Anhydride polymal\u00e9ique hydrolys\u00e9 (HPMA).csv\"            id=\"footable_1012\"\n           data-unique_identifier=\"ninja_table_unique_id_1345014006_1012\"\n           class=\"foo-table ninja_footable foo_table_1012 ninja_table_unique_id_1345014006_1012 ui table  nt_type_legacy_table selectable striped vertical_centered  footable-paging-right ninja_table_pro\">\n                <colgroup>\n                            <col class=\"ninja_column_0\">\n                            <col class=\"ninja_column_1\">\n                    <\/colgroup>\n        <thead>\n<tr class=\"footable-header\">\n                                        <th scope=\"col\"  class=\"ninja_column_0 ninja_clmn_nm_items\">Articles<\/th><th scope=\"col\"  class=\"ninja_column_1 ninja_clmn_nm_index\">Indice<\/th><\/tr>\n<\/thead>\n<tbody>\n\n        <tr data-row_id=\"187\" class=\"ninja_table_row_0 nt_row_id_187\">\n            <td>Apparence<\/td><td>Liquide transparent jaune p\u00e2le \u00e0 ombre<\/td>        <\/tr>\n            <tr data-row_id=\"188\" class=\"ninja_table_row_1 nt_row_id_188\">\n            <td>Contenu solide %<\/td><td>50,0 minutes<\/td>        <\/tr>\n            <tr data-row_id=\"189\" class=\"ninja_table_row_2 nt_row_id_189\">\n            <td>Indice de brome mg\/g<\/td><td>50,0 maximum<\/td>        <\/tr>\n            <tr data-row_id=\"190\" class=\"ninja_table_row_3 nt_row_id_190\">\n            <td>pH (solution aqueuse 1%)<\/td><td>2.0-3.0<\/td>        <\/tr>\n            <tr data-row_id=\"191\" class=\"ninja_table_row_4 nt_row_id_191\">\n            <td>Densit\u00e9 (20\u2103) g\/cm3<\/td><td>1.22-1.25<\/td>        <\/tr>\n    <\/tbody><!--ninja_tobody_rendering_done-->\n    <\/table>\n    \n    \n    \n<\/div>\n\n<h3>Usage:<\/h3>\n<p><strong>HPMA<\/strong> est un compos\u00e9 chimique qui prot\u00e8ge et maintient le fonctionnement efficace des syst\u00e8mes de circulation d&#039;eau froide, de l&#039;eau de remplissage des champs p\u00e9trolif\u00e8res, de la d\u00e9shydratation du p\u00e9trole brut et des chaudi\u00e8res \u00e0 basse pression. Ce produit chimique doit \u00eatre utilis\u00e9 avec du phosphonate organique \u00e0 un dosage compris entre 1 ppm et 15 ppm pour une efficacit\u00e9 optimale. HPMA offre une excellente inhibition du tartre jusqu&#039;au 98% et un d\u00e9capage efficace de l&#039;accumulation de tartre existante. Il offre \u00e9galement une protection sup\u00e9rieure contre la corrosion de l&#039;acier au carbone lorsqu&#039;il est combin\u00e9 avec des sels de zinc.<\/p>\n<h3>Questions fr\u00e9quemment pos\u00e9es<\/h3>\n<p><img decoding=\"async\" class=\"alignnone size-full wp-image-1016\" src=\"https:\/\/vcycletech.com\/wp-content\/uploads\/2023\/03\/Hydrolyzed-Polymaleic-Anhydride-HPMA-1.png\" alt=\"Anhydride polymal\u00e9ique hydrolys\u00e9 (HPMA) -1\" width=\"600\" height=\"600\" srcset=\"https:\/\/vcycletech.com\/wp-content\/uploads\/2023\/03\/Hydrolyzed-Polymaleic-Anhydride-HPMA-1.png 600w, https:\/\/vcycletech.com\/wp-content\/uploads\/2023\/03\/Hydrolyzed-Polymaleic-Anhydride-HPMA-1-100x100.png 100w, https:\/\/vcycletech.com\/wp-content\/uploads\/2023\/03\/Hydrolyzed-Polymaleic-Anhydride-HPMA-1-300x300.png 300w, https:\/\/vcycletech.com\/wp-content\/uploads\/2023\/03\/Hydrolyzed-Polymaleic-Anhydride-HPMA-1-150x150.png 150w\" sizes=\"(max-width: 600px) 100vw, 600px\" \/><\/p>\n<h4>Qu&#039;est-ce que l&#039;HPMA ?<\/h4>\n<p>L&#039;anhydride polymal\u00e9ique hydrolys\u00e9 (HPMA) est un polym\u00e8re soluble dans l&#039;eau qui peut \u00eatre utilis\u00e9 comme floculant, coagulant et\/ou dispersant. Il est produit par l&#039;hydrolyse de l&#039;anhydride polymal\u00e9ique dans l&#039;eau.<\/p>\n<h4>Quelles sont les applications du HPMA ?<\/h4>\n<p>HPMA peut \u00eatre utilis\u00e9 dans une vari\u00e9t\u00e9 d&#039;industries, y compris le traitement de l&#039;eau, la fabrication du papier, l&#039;exploitation mini\u00e8re et le forage p\u00e9trolier. Il est couramment utilis\u00e9 comme floculant pour \u00e9liminer les solides en suspension de l&#039;eau, comme coagulant pour enlever la couleur de la p\u00e2te \u00e0 papier et comme dispersant pour emp\u00eacher l&#039;agglutination dans les boues de forage.<\/p>\n<h4>Quels sont les avantages de l&#039;utilisation de HPMA\u00a0?<\/h4>\n<p>L&#039;utilisation du HPMA pr\u00e9sente de nombreux avantages, notamment sa grande efficacit\u00e9, sa faible toxicit\u00e9 et sa biod\u00e9gradabilit\u00e9. De plus, le HPMA n&#039;est pas affect\u00e9 par les changements de pH et peut \u00eatre utilis\u00e9 sur une large plage de temp\u00e9ratures.<\/p>\n<h4>Y a-t-il des inconv\u00e9nients \u00e0 utiliser HPMA\u00a0?<\/h4>\n<p>Un inconv\u00e9nient potentiel de l&#039;utilisation de HPMA est qu&#039;il peut former des complexes insolubles avec certains m\u00e9taux, tels que le fer et l&#039;aluminium. De plus, l&#039;HPMA peut ne pas \u00eatre efficace pour \u00e9liminer certains types de contaminants de l&#039;eau, comme la mati\u00e8re organique dissoute.<\/p>\n<h4>Comment le HPMA se compare-t-il aux autres floculants ?<\/h4>\n<p>HPMA est plus efficace que la plupart des floculants pour \u00e9liminer les solides en suspension de l&#039;eau. Il est \u00e9galement moins toxique que la plupart des autres floculants et est biod\u00e9gradable. Cependant, HPMA est plus cher que la plupart des floculants et peut ne pas \u00e9liminer efficacement certains contaminants de l&#039;eau.<\/p>\n<h4>Comment le HPMA se compare-t-il aux autres coagulants\u00a0?<\/h4>\n<p>Le HPMA est plus efficace que les autres coagulants pour \u00e9liminer la couleur de la p\u00e2te \u00e0 papier. De plus, il a une toxicit\u00e9 plus faible que la plupart des autres coagulants et est biod\u00e9gradable. Cependant, HPMA est plus cher que la plupart des autres coagulants et peut ne pas \u00e9liminer efficacement certains contaminants de l&#039;eau.<\/p>\n<h4>Comment le HPMA se compare-t-il aux autres dispersants ?<\/h4>\n<p>Le HPMA est plus efficace que la plupart des autres dispersants pour emp\u00eacher l&#039;agglutination des boues de forage. De plus, il a une toxicit\u00e9 plus faible que la plupart des autres dispersants et est biod\u00e9gradable. Cependant, le HPMA est plus cher que la plupart des autres dispersants et peut ne pas \u00eatre efficace pour emp\u00eacher l&#039;agglutination dans tous les types de boues de forage.<\/p>","protected":false},"excerpt":{"rendered":"<p><strong>Anhydride polymal\u00e9ique hydrolys\u00e9 (HPMA)<\/strong> est un polym\u00e8re de bas poids mol\u00e9culaire avec un poids mol\u00e9culaire moyen de 400-800. Il n&#039;a aucune toxicit\u00e9 et est soluble dans l&#039;eau, ce qui le rend id\u00e9al pour une utilisation comme produit chimique de traitement de l&#039;eau. <strong>HPMA<\/strong> forme un ch\u00e9late avec les ions calcium et magn\u00e9sium dans l&#039;eau, ce qui lui permet d&#039;emp\u00eacher efficacement la formation de tartre et la corrosion. Il est \u00e9galement non canc\u00e9rig\u00e8ne et non t\u00e9ratog\u00e8ne, ce qui le rend sans danger pour de nombreuses industries. HPMA est un antitartre efficace qui peut \u00eatre utilis\u00e9 dans diverses applications telles que les syst\u00e8mes de refroidissement, les chaudi\u00e8res, les syst\u00e8mes d&#039;osmose inverse, etc.<\/p>","protected":false},"featured_media":1018,"template":"","meta":{"site-sidebar-layout":"default","site-content-layout":"default","ast-site-content-layout":"default","site-content-style":"default","site-sidebar-style":"default","ast-global-header-display":"","ast-banner-title-visibility":"","ast-main-header-display":"","ast-hfb-above-header-display":"","ast-hfb-below-header-display":"","ast-hfb-mobile-header-display":"","site-post-title":"","ast-breadcrumbs-content":"","ast-featured-img":"","footer-sml-layout":"","ast-disable-related-posts":"","theme-transparent-header-meta":"default","adv-header-id-meta":"","stick-header-meta":"default","header-above-stick-meta":"","header-main-stick-meta":"","header-below-stick-meta":"","astra-migrate-meta-layouts":"default","ast-page-background-enabled":"default","ast-page-background-meta":{"desktop":{"background-color":"","background-image":"","background-repeat":"repeat","background-position":"center center","background-size":"auto","background-attachment":"scroll","background-type":"","background-media":"","overlay-type":"","overlay-color":"","overlay-opacity":"","overlay-gradient":""},"tablet":{"background-color":"","background-image":"","background-repeat":"repeat","background-position":"center center","background-size":"auto","background-attachment":"scroll","background-type":"","background-media":"","overlay-type":"","overlay-color":"","overlay-opacity":"","overlay-gradient":""},"mobile":{"background-color":"","background-image":"","background-repeat":"repeat","background-position":"center center","background-size":"auto","background-attachment":"scroll","background-type":"","background-media":"","overlay-type":"","overlay-color":"","overlay-opacity":"","overlay-gradient":""}},"ast-content-background-meta":{"desktop":{"background-color":"var(--ast-global-color-5)","background-image":"","background-repeat":"repeat","background-position":"center center","background-size":"auto","background-attachment":"scroll","background-type":"","background-media":"","overlay-type":"","overlay-color":"","overlay-opacity":"","overlay-gradient":""},"tablet":{"background-color":"var(--ast-global-color-5)","background-image":"","background-repeat":"repeat","background-position":"center center","background-size":"auto","background-attachment":"scroll","background-type":"","background-media":"","overlay-type":"","overlay-color":"","overlay-opacity":"","overlay-gradient":""},"mobile":{"background-color":"var(--ast-global-color-5)","background-image":"","background-repeat":"repeat","background-position":"center center","background-size":"auto","background-attachment":"scroll","background-type":"","background-media":"","overlay-type":"","overlay-color":"","overlay-opacity":"","overlay-gradient":""}}},"product_brand":[],"product_cat":[28],"product_tag":[],"class_list":{"0":"post-1006","1":"product","2":"type-product","3":"status-publish","4":"has-post-thumbnail","6":"product_cat-polycarboxylic-antiscalant-and-dispersant","7":"desktop-align-left","8":"tablet-align-left","9":"mobile-align-left","10":"ast-product-gallery-layout-horizontal-slider","11":"ast-product-tabs-layout-horizontal","13":"first","14":"instock","15":"shipping-taxable","16":"product-type-simple"},"yoast_head":"<!-- This site is optimized with the Yoast SEO Premium plugin v26.3 (Yoast SEO v27.3) - https:\/\/yoast.com\/product\/yoast-seo-premium-wordpress\/ -->\n<title>Hydrolyzed Polymaleic Anhydride (HPMA) - vcycletech<\/title>\n<meta name=\"description\" content=\"Get the most out of your next cleaning project by using Hydrolyzed Polymaleic Anhydride (HPMA). Discover why HPMA is the best choice today!\" \/>\n<meta name=\"robots\" content=\"index, follow, max-snippet:-1, max-image-preview:large, max-video-preview:-1\" \/>\n<link rel=\"canonical\" href=\"https:\/\/vcycletech.com\/fr\/produit\/anhydride-polymaleique-hydrolyse\/\" \/>\n<meta property=\"og:locale\" content=\"fr_FR\" \/>\n<meta property=\"og:type\" content=\"article\" \/>\n<meta property=\"og:title\" content=\"Hydrolyzed Polymaleic Anhydride (HPMA)\" \/>\n<meta property=\"og:description\" content=\"Get the most out of your next cleaning project by using Hydrolyzed Polymaleic Anhydride (HPMA). Discover why HPMA is the best choice today!\" \/>\n<meta property=\"og:url\" content=\"https:\/\/vcycletech.com\/fr\/produit\/anhydride-polymaleique-hydrolyse\/\" \/>\n<meta property=\"og:site_name\" content=\"vcycletech\" \/>\n<meta property=\"article:modified_time\" content=\"2023-03-20T11:59:27+00:00\" \/>\n<meta property=\"og:image\" content=\"https:\/\/vcycletech.com\/wp-content\/uploads\/2023\/03\/Hydrolyzed-Polymaleic-Anhydride-HPMA-1-1.png\" \/>\n\t<meta property=\"og:image:width\" content=\"600\" \/>\n\t<meta property=\"og:image:height\" content=\"600\" \/>\n\t<meta property=\"og:image:type\" content=\"image\/png\" \/>\n<meta name=\"twitter:card\" content=\"summary_large_image\" \/>\n<meta name=\"twitter:label1\" content=\"Dur\u00e9e de lecture estim\u00e9e\" \/>\n\t<meta name=\"twitter:data1\" content=\"3 minutes\" \/>\n<script type=\"application\/ld+json\" class=\"yoast-schema-graph\">{\"@context\":\"https:\\\/\\\/schema.org\",\"@graph\":[{\"@type\":\"WebPage\",\"@id\":\"https:\\\/\\\/vcycletech.com\\\/product\\\/hydrolyzed-polymaleic-anhydride\\\/\",\"url\":\"https:\\\/\\\/vcycletech.com\\\/product\\\/hydrolyzed-polymaleic-anhydride\\\/\",\"name\":\"Hydrolyzed Polymaleic Anhydride (HPMA) - vcycletech\",\"isPartOf\":{\"@id\":\"https:\\\/\\\/vcycletech.com\\\/#website\"},\"primaryImageOfPage\":{\"@id\":\"https:\\\/\\\/vcycletech.com\\\/product\\\/hydrolyzed-polymaleic-anhydride\\\/#primaryimage\"},\"image\":{\"@id\":\"https:\\\/\\\/vcycletech.com\\\/product\\\/hydrolyzed-polymaleic-anhydride\\\/#primaryimage\"},\"thumbnailUrl\":\"https:\\\/\\\/vcycletech.com\\\/wp-content\\\/uploads\\\/2023\\\/03\\\/Hydrolyzed-Polymaleic-Anhydride-HPMA-1-1.png\",\"datePublished\":\"2023-03-20T11:49:50+00:00\",\"dateModified\":\"2023-03-20T11:59:27+00:00\",\"description\":\"Get the most out of your next cleaning project by using Hydrolyzed Polymaleic Anhydride (HPMA). Discover why HPMA is the best choice today!\",\"breadcrumb\":{\"@id\":\"https:\\\/\\\/vcycletech.com\\\/product\\\/hydrolyzed-polymaleic-anhydride\\\/#breadcrumb\"},\"inLanguage\":\"fr-FR\",\"potentialAction\":[{\"@type\":\"ReadAction\",\"target\":[\"https:\\\/\\\/vcycletech.com\\\/product\\\/hydrolyzed-polymaleic-anhydride\\\/\"]}]},{\"@type\":\"ImageObject\",\"inLanguage\":\"fr-FR\",\"@id\":\"https:\\\/\\\/vcycletech.com\\\/product\\\/hydrolyzed-polymaleic-anhydride\\\/#primaryimage\",\"url\":\"https:\\\/\\\/vcycletech.com\\\/wp-content\\\/uploads\\\/2023\\\/03\\\/Hydrolyzed-Polymaleic-Anhydride-HPMA-1-1.png\",\"contentUrl\":\"https:\\\/\\\/vcycletech.com\\\/wp-content\\\/uploads\\\/2023\\\/03\\\/Hydrolyzed-Polymaleic-Anhydride-HPMA-1-1.png\",\"width\":600,\"height\":600,\"caption\":\"Hydrolyzed Polymaleic Anhydride (HPMA)-1\"},{\"@type\":\"BreadcrumbList\",\"@id\":\"https:\\\/\\\/vcycletech.com\\\/product\\\/hydrolyzed-polymaleic-anhydride\\\/#breadcrumb\",\"itemListElement\":[{\"@type\":\"ListItem\",\"position\":1,\"name\":\"Home\",\"item\":\"https:\\\/\\\/vcycletech.com\\\/\"},{\"@type\":\"ListItem\",\"position\":2,\"name\":\"Water Treatment Chemicals Manufacturer\",\"item\":\"https:\\\/\\\/vcycletech.com\\\/water-treatment-chemicals-manufacturer\\\/\"},{\"@type\":\"ListItem\",\"position\":3,\"name\":\"Hydrolyzed Polymaleic Anhydride (HPMA)\"}]},{\"@type\":\"WebSite\",\"@id\":\"https:\\\/\\\/vcycletech.com\\\/#website\",\"url\":\"https:\\\/\\\/vcycletech.com\\\/\",\"name\":\"vcycletech\",\"description\":\"China&#039;s top water treatment chemicals supplier\",\"publisher\":{\"@id\":\"https:\\\/\\\/vcycletech.com\\\/#organization\"},\"potentialAction\":[{\"@type\":\"SearchAction\",\"target\":{\"@type\":\"EntryPoint\",\"urlTemplate\":\"https:\\\/\\\/vcycletech.com\\\/?s={search_term_string}\"},\"query-input\":{\"@type\":\"PropertyValueSpecification\",\"valueRequired\":true,\"valueName\":\"search_term_string\"}}],\"inLanguage\":\"fr-FR\"},{\"@type\":\"Organization\",\"@id\":\"https:\\\/\\\/vcycletech.com\\\/#organization\",\"name\":\"vcycletech\",\"url\":\"https:\\\/\\\/vcycletech.com\\\/\",\"logo\":{\"@type\":\"ImageObject\",\"inLanguage\":\"fr-FR\",\"@id\":\"https:\\\/\\\/vcycletech.com\\\/#\\\/schema\\\/logo\\\/image\\\/\",\"url\":\"https:\\\/\\\/vcycletech.com\\\/wp-content\\\/uploads\\\/2023\\\/03\\\/logo-vcycletech-1.png\",\"contentUrl\":\"https:\\\/\\\/vcycletech.com\\\/wp-content\\\/uploads\\\/2023\\\/03\\\/logo-vcycletech-1.png\",\"width\":600,\"height\":400,\"caption\":\"vcycletech\"},\"image\":{\"@id\":\"https:\\\/\\\/vcycletech.com\\\/#\\\/schema\\\/logo\\\/image\\\/\"}}]}<\/script>\n<!-- \/ Yoast SEO Premium plugin. -->","yoast_head_json":{"title":"Anhydride polymal\u00e9ique hydrolys\u00e9 (HPMA) - vcycletech","description":"Tirez le meilleur parti de votre prochain projet de nettoyage en utilisant l&#039;anhydride polymal\u00e9ique hydrolys\u00e9 (HPMA). D\u00e9couvrez pourquoi HPMA est le meilleur choix aujourd&#039;hui\u00a0!","robots":{"index":"index","follow":"follow","max-snippet":"max-snippet:-1","max-image-preview":"max-image-preview:large","max-video-preview":"max-video-preview:-1"},"canonical":"https:\/\/vcycletech.com\/fr\/produit\/anhydride-polymaleique-hydrolyse\/","og_locale":"fr_FR","og_type":"article","og_title":"Hydrolyzed Polymaleic Anhydride (HPMA)","og_description":"Get the most out of your next cleaning project by using Hydrolyzed Polymaleic Anhydride (HPMA). Discover why HPMA is the best choice today!","og_url":"https:\/\/vcycletech.com\/fr\/produit\/anhydride-polymaleique-hydrolyse\/","og_site_name":"vcycletech","article_modified_time":"2023-03-20T11:59:27+00:00","og_image":[{"width":600,"height":600,"url":"https:\/\/vcycletech.com\/wp-content\/uploads\/2023\/03\/Hydrolyzed-Polymaleic-Anhydride-HPMA-1-1.png","type":"image\/png"}],"twitter_card":"summary_large_image","twitter_misc":{"Dur\u00e9e de lecture estim\u00e9e":"3 minutes"},"schema":{"@context":"https:\/\/schema.org","@graph":[{"@type":"WebPage","@id":"https:\/\/vcycletech.com\/product\/hydrolyzed-polymaleic-anhydride\/","url":"https:\/\/vcycletech.com\/product\/hydrolyzed-polymaleic-anhydride\/","name":"Anhydride polymal\u00e9ique hydrolys\u00e9 (HPMA) - vcycletech","isPartOf":{"@id":"https:\/\/vcycletech.com\/#website"},"primaryImageOfPage":{"@id":"https:\/\/vcycletech.com\/product\/hydrolyzed-polymaleic-anhydride\/#primaryimage"},"image":{"@id":"https:\/\/vcycletech.com\/product\/hydrolyzed-polymaleic-anhydride\/#primaryimage"},"thumbnailUrl":"https:\/\/vcycletech.com\/wp-content\/uploads\/2023\/03\/Hydrolyzed-Polymaleic-Anhydride-HPMA-1-1.png","datePublished":"2023-03-20T11:49:50+00:00","dateModified":"2023-03-20T11:59:27+00:00","description":"Tirez le meilleur parti de votre prochain projet de nettoyage en utilisant l&#039;anhydride polymal\u00e9ique hydrolys\u00e9 (HPMA). D\u00e9couvrez pourquoi HPMA est le meilleur choix aujourd&#039;hui\u00a0!","breadcrumb":{"@id":"https:\/\/vcycletech.com\/product\/hydrolyzed-polymaleic-anhydride\/#breadcrumb"},"inLanguage":"fr-FR","potentialAction":[{"@type":"ReadAction","target":["https:\/\/vcycletech.com\/product\/hydrolyzed-polymaleic-anhydride\/"]}]},{"@type":"ImageObject","inLanguage":"fr-FR","@id":"https:\/\/vcycletech.com\/product\/hydrolyzed-polymaleic-anhydride\/#primaryimage","url":"https:\/\/vcycletech.com\/wp-content\/uploads\/2023\/03\/Hydrolyzed-Polymaleic-Anhydride-HPMA-1-1.png","contentUrl":"https:\/\/vcycletech.com\/wp-content\/uploads\/2023\/03\/Hydrolyzed-Polymaleic-Anhydride-HPMA-1-1.png","width":600,"height":600,"caption":"Hydrolyzed Polymaleic Anhydride (HPMA)-1"},{"@type":"BreadcrumbList","@id":"https:\/\/vcycletech.com\/product\/hydrolyzed-polymaleic-anhydride\/#breadcrumb","itemListElement":[{"@type":"ListItem","position":1,"name":"Home","item":"https:\/\/vcycletech.com\/"},{"@type":"ListItem","position":2,"name":"Water Treatment Chemicals Manufacturer","item":"https:\/\/vcycletech.com\/water-treatment-chemicals-manufacturer\/"},{"@type":"ListItem","position":3,"name":"Hydrolyzed Polymaleic Anhydride (HPMA)"}]},{"@type":"WebSite","@id":"https:\/\/vcycletech.com\/#website","url":"https:\/\/vcycletech.com\/","name":"vcycletech","description":"Meilleur fournisseur de produits chimiques pour le traitement de l&#039;eau en Chine","publisher":{"@id":"https:\/\/vcycletech.com\/#organization"},"potentialAction":[{"@type":"SearchAction","target":{"@type":"EntryPoint","urlTemplate":"https:\/\/vcycletech.com\/?s={search_term_string}"},"query-input":{"@type":"PropertyValueSpecification","valueRequired":true,"valueName":"search_term_string"}}],"inLanguage":"fr-FR"},{"@type":"Organization","@id":"https:\/\/vcycletech.com\/#organization","name":"vcycletech","url":"https:\/\/vcycletech.com\/","logo":{"@type":"ImageObject","inLanguage":"fr-FR","@id":"https:\/\/vcycletech.com\/#\/schema\/logo\/image\/","url":"https:\/\/vcycletech.com\/wp-content\/uploads\/2023\/03\/logo-vcycletech-1.png","contentUrl":"https:\/\/vcycletech.com\/wp-content\/uploads\/2023\/03\/logo-vcycletech-1.png","width":600,"height":400,"caption":"vcycletech"},"image":{"@id":"https:\/\/vcycletech.com\/#\/schema\/logo\/image\/"}}]}},"_links":{"self":[{"href":"https:\/\/vcycletech.com\/fr\/wp-json\/wp\/v2\/product\/1006","targetHints":{"allow":["GET"]}}],"collection":[{"href":"https:\/\/vcycletech.com\/fr\/wp-json\/wp\/v2\/product"}],"about":[{"href":"https:\/\/vcycletech.com\/fr\/wp-json\/wp\/v2\/types\/product"}],"wp:featuredmedia":[{"embeddable":true,"href":"https:\/\/vcycletech.com\/fr\/wp-json\/wp\/v2\/media\/1018"}],"wp:attachment":[{"href":"https:\/\/vcycletech.com\/fr\/wp-json\/wp\/v2\/media?parent=1006"}],"wp:term":[{"taxonomy":"product_brand","embeddable":true,"href":"https:\/\/vcycletech.com\/fr\/wp-json\/wp\/v2\/product_brand?post=1006"},{"taxonomy":"product_cat","embeddable":true,"href":"https:\/\/vcycletech.com\/fr\/wp-json\/wp\/v2\/product_cat?post=1006"},{"taxonomy":"product_tag","embeddable":true,"href":"https:\/\/vcycletech.com\/fr\/wp-json\/wp\/v2\/product_tag?post=1006"}],"curies":[{"name":"wp","href":"https:\/\/api.w.org\/{rel}","templated":true}]}}