{"id":1000,"date":"2023-03-20T08:59:34","date_gmt":"2023-03-20T08:59:34","guid":{"rendered":"https:\/\/vcycletech.com\/?post_type=product&#038;p=1000"},"modified":"2023-03-27T06:31:16","modified_gmt":"2023-03-27T06:31:16","slug":"homopolymere-dacide-acrylique","status":"publish","type":"product","link":"https:\/\/vcycletech.com\/fr\/produit\/homopolymere-dacide-acrylique\/","title":{"rendered":"Homopolym\u00e8re d&#039;acide acrylique | WT-445"},"content":{"rendered":"<h3>Formule structurelle:<\/h3>\n<p><img fetchpriority=\"high\" decoding=\"async\" class=\"alignnone size-full wp-image-1002\" src=\"https:\/\/vcycletech.com\/wp-content\/uploads\/2023\/03\/Structural-Formula-4.png\" alt=\"Homopolym\u00e8re d&#039;acide acrylique | Formule structurelle WT-445\" width=\"1291\" height=\"460\" srcset=\"https:\/\/vcycletech.com\/wp-content\/uploads\/2023\/03\/Structural-Formula-4.png 1291w, https:\/\/vcycletech.com\/wp-content\/uploads\/2023\/03\/Structural-Formula-4-600x214.png 600w, https:\/\/vcycletech.com\/wp-content\/uploads\/2023\/03\/Structural-Formula-4-300x107.png 300w, https:\/\/vcycletech.com\/wp-content\/uploads\/2023\/03\/Structural-Formula-4-1024x365.png 1024w, https:\/\/vcycletech.com\/wp-content\/uploads\/2023\/03\/Structural-Formula-4-768x274.png 768w\" sizes=\"(max-width: 1291px) 100vw, 1291px\" \/><\/p>\n<h3>Propri\u00e9t\u00e9s:<\/h3>\n<p><strong>Homopolym\u00e8re d&#039;acide acrylique | WT-445<\/strong>\u00a0 est un homopolym\u00e8re dont les sels sont fabriqu\u00e9s \u00e0 partir d&#039;acide polyacrylique de bas poids mol\u00e9culaire. Il ne contient aucun phosphate, ce qui en fait le choix id\u00e9al pour les applications \u00e0 faible ou sans teneur en phosphate.<\/p>\n<p><strong>Homopolym\u00e8re d&#039;acide acrylique | WT-445<\/strong>\u00a0 est tr\u00e8s efficace comme inhibiteur de tartre dans le traitement du sucre en raison de sa capacit\u00e9 \u00e0 disperser le carbonate de calcium et le sulfate de calcium lorsqu&#039;il est ajout\u00e9 \u00e0 l&#039;eau. C&#039;est un dispersant ordinaire et peut \u00eatre utilis\u00e9 \u00e0 de multiples fins, y compris l&#039;inhibition de l&#039;entartrage dans les syst\u00e8mes d&#039;eau froide en circulation, la fabrication du papier, le tissage, la teinture, la c\u00e9ramique et les pigments.<\/p>\n<h3>Sp\u00e9cification de l&#039;homopolym\u00e8re d&#039;acide acrylique\u00a0:<\/h3>\n<div id=\"footable_parent_1003\"\n         class=\"footable_parent ninja_table_wrapper loading_ninja_table wp_table_data_press_parent semantic_ui\">\n                <table data-ninja_table_instance=\"ninja_table_instance_0\" data-footable_id=\"1003\" data-filter-delay=\"1000\" aria-label=\"Homopolym\u00e8re d&#039;acide acrylique.csv\"            id=\"footable_1003\"\n           data-unique_identifier=\"ninja_table_unique_id_55885941_1003\"\n           class=\"foo-table ninja_footable foo_table_1003 ninja_table_unique_id_55885941_1003 ui table  nt_type_legacy_table selectable striped vertical_centered  footable-paging-right ninja_table_pro\">\n                <colgroup>\n                            <col class=\"ninja_column_0\">\n                            <col class=\"ninja_column_1\">\n                    <\/colgroup>\n        <thead>\n<tr class=\"footable-header\">\n                                        <th scope=\"col\"  class=\"ninja_column_0 ninja_clmn_nm_items\">Articles<\/th><th scope=\"col\"  class=\"ninja_column_1 ninja_clmn_nm_index\">Indice<\/th><\/tr>\n<\/thead>\n<tbody>\n\n        <tr data-row_id=\"182\" class=\"ninja_table_row_0 nt_row_id_182\">\n            <td>Apparence<\/td><td>Liquide transparent incolore \u00e0 jaune clair<\/td>        <\/tr>\n            <tr data-row_id=\"183\" class=\"ninja_table_row_1 nt_row_id_183\">\n            <td>Contenu solide %<\/td><td>47.0-49.0<\/td>        <\/tr>\n            <tr data-row_id=\"184\" class=\"ninja_table_row_2 nt_row_id_184\">\n            <td>Densit\u00e9 (20\u2103) g\/cm3<\/td><td>1.20 mn<\/td>        <\/tr>\n            <tr data-row_id=\"185\" class=\"ninja_table_row_3 nt_row_id_185\">\n            <td>pH (tel quel)<\/td><td>3.0-4.5<\/td>        <\/tr>\n            <tr data-row_id=\"186\" class=\"ninja_table_row_4 nt_row_id_186\">\n            <td>Viscosit\u00e9 (25\u2103) cps<\/td><td>300-1000<\/td>        <\/tr>\n    <\/tbody><!--ninja_tobody_rendering_done-->\n    <\/table>\n    \n    \n    \n<\/div>\n\n<h3>Questions fr\u00e9quemment pos\u00e9es:<\/h3>\n<p><img decoding=\"async\" class=\"alignnone size-full wp-image-1005\" src=\"https:\/\/vcycletech.com\/wp-content\/uploads\/2023\/03\/1-20.png\" alt=\"Homopolym\u00e8re d&#039;acide acrylique | WT-445\" width=\"600\" height=\"600\" srcset=\"https:\/\/vcycletech.com\/wp-content\/uploads\/2023\/03\/1-20.png 600w, https:\/\/vcycletech.com\/wp-content\/uploads\/2023\/03\/1-20-100x100.png 100w, https:\/\/vcycletech.com\/wp-content\/uploads\/2023\/03\/1-20-300x300.png 300w, https:\/\/vcycletech.com\/wp-content\/uploads\/2023\/03\/1-20-150x150.png 150w\" sizes=\"(max-width: 600px) 100vw, 600px\" \/><\/p>\n<p><strong>Q1\u00a0: Qu&#039;est-ce que l&#039;homopolym\u00e8re d&#039;acide acrylique\u00a0?<\/strong><\/p>\n<p>L&#039;homopolym\u00e8re d&#039;acide acrylique est une r\u00e9sine synth\u00e9tique fabriqu\u00e9e \u00e0 partir du monom\u00e8re acide acrylique. C&#039;est un solide blanc friable soluble dans l&#039;eau et les solvants organiques polaires. L&#039;homopolym\u00e8re d&#039;acide acrylique a de nombreuses applications, notamment les adh\u00e9sifs, les rev\u00eatements, les encres et les mastics.<\/p>\n<p><strong>Q2\u00a0: Quelles sont les propri\u00e9t\u00e9s de l&#039;homopolym\u00e8re d&#039;acide acrylique\u00a0?<\/strong><\/p>\n<p>Les propri\u00e9t\u00e9s de l&#039;homopolym\u00e8re d&#039;acide acrylique d\u00e9pendent de son poids mol\u00e9culaire et de son degr\u00e9 de r\u00e9ticulation. Des poids mol\u00e9culaires et des degr\u00e9s de r\u00e9ticulation plus \u00e9lev\u00e9s donnent des mat\u00e9riaux avec des points de fusion plus \u00e9lev\u00e9s, une plus grande duret\u00e9 et une meilleure r\u00e9sistance aux produits chimiques et \u00e0 la chaleur.<\/p>\n<p><strong>Q3\u00a0: comment l&#039;homopolym\u00e8re d&#039;acide acrylique est-il fabriqu\u00e9\u00a0?<\/strong><\/p>\n<p>L&#039;homopolym\u00e8re d&#039;acide acrylique est fabriqu\u00e9 par polym\u00e9risation d&#039;acide acrylique. Ce processus peut \u00eatre effectu\u00e9 en utilisant diverses m\u00e9thodes, y compris la polym\u00e9risation en solution, la polym\u00e9risation en suspension et la polym\u00e9risation en \u00e9mulsion.<\/p>\n<p><strong>Q4\u00a0: Quelles sont les applications de l&#039;homopolym\u00e8re d&#039;acide acrylique\u00a0?<\/strong><\/p>\n<p>L&#039;homopolym\u00e8re d&#039;acide acrylique a de nombreuses applications, notamment les adh\u00e9sifs, les rev\u00eatements, les encres et les mastics. Il est \u00e9galement utilis\u00e9 comme liant dans les tissus non tiss\u00e9s et comme additif dans les lubrifiants et les mazouts.<\/p>\n<p><strong>Q5\u00a0:\u00a0Quels sont les avantages de l&#039;utilisation d&#039;un homopolym\u00e8re d&#039;acide acrylique\u00a0?<\/strong><\/p>\n<p>L&#039;homopolym\u00e8re d&#039;acide acrylique offre une bonne adh\u00e9rence \u00e0 de nombreux substrats, y compris les m\u00e9taux, le verre et les plastiques. Il a \u00e9galement une bonne r\u00e9sistance aux produits chimiques et aux intemp\u00e9ries. De plus, l&#039;homopolym\u00e8re d&#039;acide acrylique peut \u00eatre formul\u00e9 pour r\u00e9pondre \u00e0 diverses exigences de performance.<\/p>\n<p><strong>Q6\u00a0: Quels sont les inconv\u00e9nients de l&#039;utilisation d&#039;un homopolym\u00e8re d&#039;acide acrylique\u00a0?<\/strong><\/p>\n<p>L&#039;homopolym\u00e8re d&#039;acide acrylique peut jaunir lorsqu&#039;il est expos\u00e9 \u00e0 la lumi\u00e8re ou \u00e0 la chaleur. Il a \u00e9galement un point de fusion relativement \u00e9lev\u00e9, ce qui le rend difficile \u00e0 traiter. De plus, l&#039;homopolym\u00e8re d&#039;acide acrylique n&#039;est pas compatible avec tous les types de substrats.<\/p>\n<p><strong>Q7\u00a0: Comment l&#039;homopolym\u00e8re d&#039;acide acrylique doit-il \u00eatre stock\u00e9\u00a0?<\/strong><\/p>\n<p>L&#039;homopolym\u00e8re d&#039;acide acrylique doit \u00eatre stock\u00e9 dans un endroit frais et sec \u00e0 l&#039;abri de la lumi\u00e8re directe du soleil. Il doit \u00e9galement \u00eatre tenu \u00e0 l&#039;\u00e9cart des sources de chaleur ou d&#039;ignition. Une fois ouverts, les contenants doivent \u00eatre referm\u00e9s herm\u00e9tiquement pour emp\u00eacher l&#039;humidit\u00e9 de p\u00e9n\u00e9trer.<\/p>\n<p><a href=\"https:\/\/vcycletech.com\/fr\/categorie-de-produit\/antitartre-et-dispersant-polycarboxylique\/\">Obtenez la solution compl\u00e8te antitartre et dispersant polycarboxylique<\/a><\/p>","protected":false},"excerpt":{"rendered":"<p><strong>Homopolym\u00e8re d&#039;acide acrylique WT-445<\/strong> est un homopolym\u00e8re d&#039;acide polyacrylique de bas poids mol\u00e9culaire et de ses sels. Il disperse efficacement le lavage de la vaisselle, le lavage des tissus et les d\u00e9tergents industriels. Il peut \u00e9galement \u00eatre utilis\u00e9 pour la pr\u00e9paration du cuir, de certains agents de finition de produits de haute qualit\u00e9, ainsi que pour la pr\u00e9paration de la r\u00e9sine acrylique. Le WT-445 a un poids mol\u00e9culaire optimis\u00e9, ce qui le rend id\u00e9al pour une utilisation dans divers produits. De plus, il a \u00e9t\u00e9 constat\u00e9 qu&#039;il pr\u00e9sente un faible risque de cancer, selon EWG Skin Deep.<\/p>","protected":false},"featured_media":1004,"template":"","meta":{"site-sidebar-layout":"default","site-content-layout":"default","ast-site-content-layout":"default","site-content-style":"default","site-sidebar-style":"default","ast-global-header-display":"","ast-banner-title-visibility":"","ast-main-header-display":"","ast-hfb-above-header-display":"","ast-hfb-below-header-display":"","ast-hfb-mobile-header-display":"","site-post-title":"","ast-breadcrumbs-content":"","ast-featured-img":"","footer-sml-layout":"","ast-disable-related-posts":"","theme-transparent-header-meta":"default","adv-header-id-meta":"","stick-header-meta":"default","header-above-stick-meta":"","header-main-stick-meta":"","header-below-stick-meta":"","astra-migrate-meta-layouts":"default","ast-page-background-enabled":"default","ast-page-background-meta":{"desktop":{"background-color":"","background-image":"","background-repeat":"repeat","background-position":"center center","background-size":"auto","background-attachment":"scroll","background-type":"","background-media":"","overlay-type":"","overlay-color":"","overlay-opacity":"","overlay-gradient":""},"tablet":{"background-color":"","background-image":"","background-repeat":"repeat","background-position":"center center","background-size":"auto","background-attachment":"scroll","background-type":"","background-media":"","overlay-type":"","overlay-color":"","overlay-opacity":"","overlay-gradient":""},"mobile":{"background-color":"","background-image":"","background-repeat":"repeat","background-position":"center center","background-size":"auto","background-attachment":"scroll","background-type":"","background-media":"","overlay-type":"","overlay-color":"","overlay-opacity":"","overlay-gradient":""}},"ast-content-background-meta":{"desktop":{"background-color":"var(--ast-global-color-5)","background-image":"","background-repeat":"repeat","background-position":"center center","background-size":"auto","background-attachment":"scroll","background-type":"","background-media":"","overlay-type":"","overlay-color":"","overlay-opacity":"","overlay-gradient":""},"tablet":{"background-color":"var(--ast-global-color-5)","background-image":"","background-repeat":"repeat","background-position":"center center","background-size":"auto","background-attachment":"scroll","background-type":"","background-media":"","overlay-type":"","overlay-color":"","overlay-opacity":"","overlay-gradient":""},"mobile":{"background-color":"var(--ast-global-color-5)","background-image":"","background-repeat":"repeat","background-position":"center center","background-size":"auto","background-attachment":"scroll","background-type":"","background-media":"","overlay-type":"","overlay-color":"","overlay-opacity":"","overlay-gradient":""}}},"product_brand":[],"product_cat":[28],"product_tag":[],"class_list":{"0":"post-1000","1":"product","2":"type-product","3":"status-publish","4":"has-post-thumbnail","6":"product_cat-polycarboxylic-antiscalant-and-dispersant","7":"desktop-align-left","8":"tablet-align-left","9":"mobile-align-left","10":"ast-product-gallery-layout-horizontal-slider","11":"ast-product-gallery-with-no-image","12":"ast-product-tabs-layout-horizontal","14":"first","15":"instock","16":"shipping-taxable","17":"product-type-simple"},"yoast_head":"<!-- This site is optimized with the Yoast SEO Premium plugin v26.3 (Yoast SEO v27.3) - https:\/\/yoast.com\/product\/yoast-seo-premium-wordpress\/ -->\n<title>Acrylic Acid Homopolymer | WT-445 - vcycletech<\/title>\n<meta name=\"description\" content=\"Get the perfect solution for Acrylic Acid Homopolymer | WT-445 with our revolutionary product!\" \/>\n<meta name=\"robots\" content=\"index, follow, max-snippet:-1, max-image-preview:large, max-video-preview:-1\" \/>\n<link rel=\"canonical\" href=\"https:\/\/vcycletech.com\/fr\/produit\/homopolymere-dacide-acrylique\/\" \/>\n<meta property=\"og:locale\" content=\"fr_FR\" \/>\n<meta property=\"og:type\" content=\"article\" \/>\n<meta property=\"og:title\" content=\"Acrylic Acid Homopolymer | WT-445\" \/>\n<meta property=\"og:description\" content=\"Get the perfect solution for Acrylic Acid Homopolymer | WT-445 with our revolutionary product!\" \/>\n<meta property=\"og:url\" content=\"https:\/\/vcycletech.com\/fr\/produit\/homopolymere-dacide-acrylique\/\" \/>\n<meta property=\"og:site_name\" content=\"vcycletech\" \/>\n<meta property=\"article:modified_time\" content=\"2023-03-27T06:31:16+00:00\" \/>\n<meta property=\"og:image\" content=\"https:\/\/vcycletech.com\/wp-content\/uploads\/2023\/03\/1-19.png\" \/>\n\t<meta property=\"og:image:width\" content=\"600\" \/>\n\t<meta property=\"og:image:height\" content=\"600\" \/>\n\t<meta property=\"og:image:type\" content=\"image\/png\" \/>\n<meta name=\"twitter:card\" content=\"summary_large_image\" \/>\n<meta name=\"twitter:label1\" content=\"Dur\u00e9e de lecture estim\u00e9e\" \/>\n\t<meta name=\"twitter:data1\" content=\"3 minutes\" \/>\n<script type=\"application\/ld+json\" class=\"yoast-schema-graph\">{\"@context\":\"https:\\\/\\\/schema.org\",\"@graph\":[{\"@type\":\"WebPage\",\"@id\":\"https:\\\/\\\/vcycletech.com\\\/product\\\/acrylic-acid-homopolymer\\\/\",\"url\":\"https:\\\/\\\/vcycletech.com\\\/product\\\/acrylic-acid-homopolymer\\\/\",\"name\":\"Acrylic Acid Homopolymer | WT-445 - vcycletech\",\"isPartOf\":{\"@id\":\"https:\\\/\\\/vcycletech.com\\\/#website\"},\"primaryImageOfPage\":{\"@id\":\"https:\\\/\\\/vcycletech.com\\\/product\\\/acrylic-acid-homopolymer\\\/#primaryimage\"},\"image\":{\"@id\":\"https:\\\/\\\/vcycletech.com\\\/product\\\/acrylic-acid-homopolymer\\\/#primaryimage\"},\"thumbnailUrl\":\"https:\\\/\\\/vcycletech.com\\\/wp-content\\\/uploads\\\/2023\\\/03\\\/1-19.png\",\"datePublished\":\"2023-03-20T08:59:34+00:00\",\"dateModified\":\"2023-03-27T06:31:16+00:00\",\"description\":\"Get the perfect solution for Acrylic Acid Homopolymer | WT-445 with our revolutionary product!\",\"breadcrumb\":{\"@id\":\"https:\\\/\\\/vcycletech.com\\\/product\\\/acrylic-acid-homopolymer\\\/#breadcrumb\"},\"inLanguage\":\"fr-FR\",\"potentialAction\":[{\"@type\":\"ReadAction\",\"target\":[\"https:\\\/\\\/vcycletech.com\\\/product\\\/acrylic-acid-homopolymer\\\/\"]}]},{\"@type\":\"ImageObject\",\"inLanguage\":\"fr-FR\",\"@id\":\"https:\\\/\\\/vcycletech.com\\\/product\\\/acrylic-acid-homopolymer\\\/#primaryimage\",\"url\":\"https:\\\/\\\/vcycletech.com\\\/wp-content\\\/uploads\\\/2023\\\/03\\\/1-19.png\",\"contentUrl\":\"https:\\\/\\\/vcycletech.com\\\/wp-content\\\/uploads\\\/2023\\\/03\\\/1-19.png\",\"width\":600,\"height\":600,\"caption\":\"Acrylic Acid Homopolymer | WT-445\"},{\"@type\":\"BreadcrumbList\",\"@id\":\"https:\\\/\\\/vcycletech.com\\\/product\\\/acrylic-acid-homopolymer\\\/#breadcrumb\",\"itemListElement\":[{\"@type\":\"ListItem\",\"position\":1,\"name\":\"Home\",\"item\":\"https:\\\/\\\/vcycletech.com\\\/\"},{\"@type\":\"ListItem\",\"position\":2,\"name\":\"Water Treatment Chemicals Manufacturer\",\"item\":\"https:\\\/\\\/vcycletech.com\\\/water-treatment-chemicals-manufacturer\\\/\"},{\"@type\":\"ListItem\",\"position\":3,\"name\":\"Acrylic Acid Homopolymer | WT-445\"}]},{\"@type\":\"WebSite\",\"@id\":\"https:\\\/\\\/vcycletech.com\\\/#website\",\"url\":\"https:\\\/\\\/vcycletech.com\\\/\",\"name\":\"vcycletech\",\"description\":\"China&#039;s top water treatment chemicals supplier\",\"publisher\":{\"@id\":\"https:\\\/\\\/vcycletech.com\\\/#organization\"},\"potentialAction\":[{\"@type\":\"SearchAction\",\"target\":{\"@type\":\"EntryPoint\",\"urlTemplate\":\"https:\\\/\\\/vcycletech.com\\\/?s={search_term_string}\"},\"query-input\":{\"@type\":\"PropertyValueSpecification\",\"valueRequired\":true,\"valueName\":\"search_term_string\"}}],\"inLanguage\":\"fr-FR\"},{\"@type\":\"Organization\",\"@id\":\"https:\\\/\\\/vcycletech.com\\\/#organization\",\"name\":\"vcycletech\",\"url\":\"https:\\\/\\\/vcycletech.com\\\/\",\"logo\":{\"@type\":\"ImageObject\",\"inLanguage\":\"fr-FR\",\"@id\":\"https:\\\/\\\/vcycletech.com\\\/#\\\/schema\\\/logo\\\/image\\\/\",\"url\":\"https:\\\/\\\/vcycletech.com\\\/wp-content\\\/uploads\\\/2023\\\/03\\\/logo-vcycletech-1.png\",\"contentUrl\":\"https:\\\/\\\/vcycletech.com\\\/wp-content\\\/uploads\\\/2023\\\/03\\\/logo-vcycletech-1.png\",\"width\":600,\"height\":400,\"caption\":\"vcycletech\"},\"image\":{\"@id\":\"https:\\\/\\\/vcycletech.com\\\/#\\\/schema\\\/logo\\\/image\\\/\"}}]}<\/script>\n<!-- \/ Yoast SEO Premium plugin. -->","yoast_head_json":{"title":"Homopolym\u00e8re d&#039;acide acrylique | WT-445 - vcycletech","description":"Obtenez la solution parfaite pour l&#039;homopolym\u00e8re d&#039;acide acrylique | WT-445 avec notre produit r\u00e9volutionnaire !","robots":{"index":"index","follow":"follow","max-snippet":"max-snippet:-1","max-image-preview":"max-image-preview:large","max-video-preview":"max-video-preview:-1"},"canonical":"https:\/\/vcycletech.com\/fr\/produit\/homopolymere-dacide-acrylique\/","og_locale":"fr_FR","og_type":"article","og_title":"Acrylic Acid Homopolymer | WT-445","og_description":"Get the perfect solution for Acrylic Acid Homopolymer | WT-445 with our revolutionary product!","og_url":"https:\/\/vcycletech.com\/fr\/produit\/homopolymere-dacide-acrylique\/","og_site_name":"vcycletech","article_modified_time":"2023-03-27T06:31:16+00:00","og_image":[{"width":600,"height":600,"url":"https:\/\/vcycletech.com\/wp-content\/uploads\/2023\/03\/1-19.png","type":"image\/png"}],"twitter_card":"summary_large_image","twitter_misc":{"Dur\u00e9e de lecture estim\u00e9e":"3 minutes"},"schema":{"@context":"https:\/\/schema.org","@graph":[{"@type":"WebPage","@id":"https:\/\/vcycletech.com\/product\/acrylic-acid-homopolymer\/","url":"https:\/\/vcycletech.com\/product\/acrylic-acid-homopolymer\/","name":"Homopolym\u00e8re d&#039;acide acrylique | WT-445 - vcycletech","isPartOf":{"@id":"https:\/\/vcycletech.com\/#website"},"primaryImageOfPage":{"@id":"https:\/\/vcycletech.com\/product\/acrylic-acid-homopolymer\/#primaryimage"},"image":{"@id":"https:\/\/vcycletech.com\/product\/acrylic-acid-homopolymer\/#primaryimage"},"thumbnailUrl":"https:\/\/vcycletech.com\/wp-content\/uploads\/2023\/03\/1-19.png","datePublished":"2023-03-20T08:59:34+00:00","dateModified":"2023-03-27T06:31:16+00:00","description":"Obtenez la solution parfaite pour l&#039;homopolym\u00e8re d&#039;acide acrylique | WT-445 avec notre produit r\u00e9volutionnaire !","breadcrumb":{"@id":"https:\/\/vcycletech.com\/product\/acrylic-acid-homopolymer\/#breadcrumb"},"inLanguage":"fr-FR","potentialAction":[{"@type":"ReadAction","target":["https:\/\/vcycletech.com\/product\/acrylic-acid-homopolymer\/"]}]},{"@type":"ImageObject","inLanguage":"fr-FR","@id":"https:\/\/vcycletech.com\/product\/acrylic-acid-homopolymer\/#primaryimage","url":"https:\/\/vcycletech.com\/wp-content\/uploads\/2023\/03\/1-19.png","contentUrl":"https:\/\/vcycletech.com\/wp-content\/uploads\/2023\/03\/1-19.png","width":600,"height":600,"caption":"Acrylic Acid Homopolymer | WT-445"},{"@type":"BreadcrumbList","@id":"https:\/\/vcycletech.com\/product\/acrylic-acid-homopolymer\/#breadcrumb","itemListElement":[{"@type":"ListItem","position":1,"name":"Home","item":"https:\/\/vcycletech.com\/"},{"@type":"ListItem","position":2,"name":"Water Treatment Chemicals Manufacturer","item":"https:\/\/vcycletech.com\/water-treatment-chemicals-manufacturer\/"},{"@type":"ListItem","position":3,"name":"Acrylic Acid Homopolymer | WT-445"}]},{"@type":"WebSite","@id":"https:\/\/vcycletech.com\/#website","url":"https:\/\/vcycletech.com\/","name":"vcycletech","description":"Meilleur fournisseur de produits chimiques pour le traitement de l&#039;eau en Chine","publisher":{"@id":"https:\/\/vcycletech.com\/#organization"},"potentialAction":[{"@type":"SearchAction","target":{"@type":"EntryPoint","urlTemplate":"https:\/\/vcycletech.com\/?s={search_term_string}"},"query-input":{"@type":"PropertyValueSpecification","valueRequired":true,"valueName":"search_term_string"}}],"inLanguage":"fr-FR"},{"@type":"Organization","@id":"https:\/\/vcycletech.com\/#organization","name":"vcycletech","url":"https:\/\/vcycletech.com\/","logo":{"@type":"ImageObject","inLanguage":"fr-FR","@id":"https:\/\/vcycletech.com\/#\/schema\/logo\/image\/","url":"https:\/\/vcycletech.com\/wp-content\/uploads\/2023\/03\/logo-vcycletech-1.png","contentUrl":"https:\/\/vcycletech.com\/wp-content\/uploads\/2023\/03\/logo-vcycletech-1.png","width":600,"height":400,"caption":"vcycletech"},"image":{"@id":"https:\/\/vcycletech.com\/#\/schema\/logo\/image\/"}}]}},"_links":{"self":[{"href":"https:\/\/vcycletech.com\/fr\/wp-json\/wp\/v2\/product\/1000","targetHints":{"allow":["GET"]}}],"collection":[{"href":"https:\/\/vcycletech.com\/fr\/wp-json\/wp\/v2\/product"}],"about":[{"href":"https:\/\/vcycletech.com\/fr\/wp-json\/wp\/v2\/types\/product"}],"wp:featuredmedia":[{"embeddable":true,"href":"https:\/\/vcycletech.com\/fr\/wp-json\/wp\/v2\/media\/1004"}],"wp:attachment":[{"href":"https:\/\/vcycletech.com\/fr\/wp-json\/wp\/v2\/media?parent=1000"}],"wp:term":[{"taxonomy":"product_brand","embeddable":true,"href":"https:\/\/vcycletech.com\/fr\/wp-json\/wp\/v2\/product_brand?post=1000"},{"taxonomy":"product_cat","embeddable":true,"href":"https:\/\/vcycletech.com\/fr\/wp-json\/wp\/v2\/product_cat?post=1000"},{"taxonomy":"product_tag","embeddable":true,"href":"https:\/\/vcycletech.com\/fr\/wp-json\/wp\/v2\/product_tag?post=1000"}],"curies":[{"name":"wp","href":"https:\/\/api.w.org\/{rel}","templated":true}]}}