{"id":990,"date":"2023-03-20T07:45:26","date_gmt":"2023-03-20T07:45:26","guid":{"rendered":"https:\/\/vcycletech.com\/?post_type=product&#038;p=990"},"modified":"2023-03-20T07:50:39","modified_gmt":"2023-03-20T07:50:39","slug":"acido-poliacrilico-sal-sodica","status":"publish","type":"product","link":"https:\/\/vcycletech.com\/es\/producto\/acido-poliacrilico-sal-sodica\/","title":{"rendered":"Sal de sodio del \u00e1cido poliacr\u00edlico (PAAS) 30%, 45%, 50%, 92%"},"content":{"rendered":"<h3>N\u00ba CAS 9003-04-7<\/h3>\n<h3 class=\"fzs\">F\u00f3rmula estructural:<\/h3>\n<p><img fetchpriority=\"high\" decoding=\"async\" class=\"alignnone size-full wp-image-994\" src=\"https:\/\/vcycletech.com\/wp-content\/uploads\/2023\/03\/Structural-Formula-3.png\" alt=\"Sal s\u00f3dica del \u00e1cido poliacr\u00edlico (PAAS) 30%, 45%, 50%, 92% F\u00f3rmula estructural\" width=\"1291\" height=\"420\" srcset=\"https:\/\/vcycletech.com\/wp-content\/uploads\/2023\/03\/Structural-Formula-3.png 1291w, https:\/\/vcycletech.com\/wp-content\/uploads\/2023\/03\/Structural-Formula-3-600x195.png 600w, https:\/\/vcycletech.com\/wp-content\/uploads\/2023\/03\/Structural-Formula-3-300x98.png 300w, https:\/\/vcycletech.com\/wp-content\/uploads\/2023\/03\/Structural-Formula-3-1024x333.png 1024w, https:\/\/vcycletech.com\/wp-content\/uploads\/2023\/03\/Structural-Formula-3-768x250.png 768w\" sizes=\"(max-width: 1291px) 100vw, 1291px\" \/><\/p>\n<h3>Propiedades:<\/h3>\n<p><strong>Sal de sodio del \u00e1cido poliacr\u00edlico<\/strong> es un compuesto seguro y soluble en agua que se usa en ambientes alcalinos y de alta concentraci\u00f3n sin el riesgo de formar sedimentos incrustados. Dispersa eficazmente microcristales o microarena de carbonato de calcio, fosfato de calcio y sulfato de calcio.<\/p>\n<p>Este compuesto es ideal para usar como inhibidor de incrustaciones y dispersante en sistemas de circulaci\u00f3n de agua fr\u00eda, fabricaci\u00f3n de papel, tejido, te\u00f1ido, cer\u00e1mica, pintura y otras aplicaciones.<\/p>\n<h3>Especificaci\u00f3n de la sal de sodio del \u00e1cido poliacr\u00edlico:<\/h3>\n<div id=\"footable_parent_998\"\n         class=\"footable_parent ninja_table_wrapper loading_ninja_table wp_table_data_press_parent semantic_ui\">\n                <table data-ninja_table_instance=\"ninja_table_instance_0\" data-footable_id=\"998\" data-filter-delay=\"1000\" aria-label=\"Sal de sodio del \u00e1cido poliacr\u00edlico (PAAS).csv\"            id=\"footable_998\"\n           data-unique_identifier=\"ninja_table_unique_id_1755138452_998\"\n           class=\"foo-table ninja_footable foo_table_998 ninja_table_unique_id_1755138452_998 ui table  nt_type_legacy_table selectable striped vertical_centered  footable-paging-right ninja_table_pro\">\n                <colgroup>\n                            <col class=\"ninja_column_0\">\n                            <col class=\"ninja_column_1\">\n                            <col class=\"ninja_column_2\">\n                            <col class=\"ninja_column_3\">\n                    <\/colgroup>\n        <thead>\n<tr class=\"footable-header\">\n                                                                        <th scope=\"col\"  class=\"ninja_column_0 ninja_clmn_nm_items\">Art\u00edculos<\/th><th scope=\"col\"  class=\"ninja_column_1 ninja_clmn_nm_index\">\u00cdndice<\/th><th scope=\"col\"  class=\"ninja_column_2 ninja_clmn_nm_ninja_column_3\"><\/th><th scope=\"col\"  class=\"ninja_column_3 ninja_clmn_nm_ninja_column_4\"><\/th><\/tr>\n<\/thead>\n<tbody>\n\n        <tr data-row_id=\"177\" class=\"ninja_table_row_0 nt_row_id_177\">\n            <td>Apariencia<\/td><td>L\u00edquido transparente incoloro a amarillo p\u00e1lido<\/td><td>L\u00edquido transparente incoloro a amarillo p\u00e1lido<\/td><td>L\u00edquido transparente incoloro a amarillo p\u00e1lido<\/td>        <\/tr>\n            <tr data-row_id=\"178\" class=\"ninja_table_row_1 nt_row_id_178\">\n            <td>Contenido s\u00f3lido, %<\/td><td>30 minutos<\/td><td>45 minutos<\/td><td>50 minutos<\/td>        <\/tr>\n            <tr data-row_id=\"179\" class=\"ninja_table_row_2 nt_row_id_179\">\n            <td>Mon\u00f3mero libre (como AA), %<\/td><td>0,5 m\u00e1x.<\/td><td>0,8 m\u00e1x.<\/td><td>1.0 m\u00e1x.<\/td>        <\/tr>\n            <tr data-row_id=\"180\" class=\"ninja_table_row_3 nt_row_id_180\">\n            <td>Densidad (20 \u2103), g\/cm3<\/td><td>1,15 minutos<\/td><td>1,20 minutos<\/td><td>1,25 minutos<\/td>        <\/tr>\n            <tr data-row_id=\"181\" class=\"ninja_table_row_4 nt_row_id_181\">\n            <td>pH (como \u00e9l)<\/td><td>6.0~8.0<\/td><td>6.0~8.0<\/td><td>6.0~8.0<\/td>        <\/tr>\n    <\/tbody><!--ninja_tobody_rendering_done-->\n    <\/table>\n    \n    \n    \n<\/div>\n\n<h3><strong>Uso de la sal s\u00f3dica del \u00e1cido poliacr\u00edlico:<\/strong><\/h3>\n<p><strong>Sal de sodio del \u00e1cido poliacr\u00edlico<\/strong> puede ser un eficaz inhibidor de incrustaciones y dispersante en sistemas de circulaci\u00f3n de agua fr\u00eda. Es ideal para centrales el\u00e9ctricas, f\u00e1bricas de hierro y acero, plantas de fertilizantes qu\u00edmicos, refiner\u00edas y sistemas de aire acondicionado. Para obtener los mejores resultados, la dosis debe determinarse en funci\u00f3n de la calidad del agua y los materiales del equipo que se utilicen.<\/p>\n<p>Generalmente, se prefiere una dosis de 2-15 mg\/L cuando se usa solo. Puede ser necesario experimentar con diferentes dosis para encontrar la cantidad m\u00e1s efectiva si se usa como dispersante.<\/p>\n<h3>Preguntas frecuentes<\/h3>\n<p><img decoding=\"async\" class=\"alignnone size-full wp-image-999\" src=\"https:\/\/vcycletech.com\/wp-content\/uploads\/2023\/03\/Polyacrylic-Acid-Sodium-SaltPAAS30-45-50-92.png\" alt=\"Sal de sodio del \u00e1cido poliacr\u00edlico (PAAS) 30%, 45%, 50%, 92%\" width=\"600\" height=\"600\" srcset=\"https:\/\/vcycletech.com\/wp-content\/uploads\/2023\/03\/Polyacrylic-Acid-Sodium-SaltPAAS30-45-50-92.png 600w, https:\/\/vcycletech.com\/wp-content\/uploads\/2023\/03\/Polyacrylic-Acid-Sodium-SaltPAAS30-45-50-92-100x100.png 100w, https:\/\/vcycletech.com\/wp-content\/uploads\/2023\/03\/Polyacrylic-Acid-Sodium-SaltPAAS30-45-50-92-300x300.png 300w, https:\/\/vcycletech.com\/wp-content\/uploads\/2023\/03\/Polyacrylic-Acid-Sodium-SaltPAAS30-45-50-92-150x150.png 150w\" sizes=\"(max-width: 600px) 100vw, 600px\" \/><\/p>\n<h4>\u00bfQu\u00e9 es la sal s\u00f3dica del \u00e1cido poliacr\u00edlico?<\/h4>\n<p>La sal s\u00f3dica del \u00e1cido poliacr\u00edlico, tambi\u00e9n conocida como PAAS, es un polvo blanco soluble en agua. Es un copol\u00edmero de \u00e1cido acr\u00edlico que ha sido neutralizado con hidr\u00f3xido de sodio. PAAS se utiliza como floculante en varias industrias, incluido el tratamiento de agua, las aplicaciones en campos petroleros y la miner\u00eda.<\/p>\n<h4>\u00bfCu\u00e1les son las propiedades de la sal s\u00f3dica del \u00e1cido poliacr\u00edlico?<\/h4>\n<p>Las propiedades de PAAS dependen del grado de neutralizaci\u00f3n. El grado de neutralizaci\u00f3n es la proporci\u00f3n de hidr\u00f3xido de sodio a mon\u00f3meros de \u00e1cido acr\u00edlico en el copol\u00edmero. Cuanto menor sea el grado de neutralizaci\u00f3n, mayor ser\u00e1 la densidad de carga y menor el peso molecular. Cuanto mayor sea el grado de neutralizaci\u00f3n, menor ser\u00e1 la densidad de carga y mayor ser\u00e1 el peso molecular.<\/p>\n<h4>\u00bfC\u00f3mo se hace la sal s\u00f3dica del \u00e1cido poliacr\u00edlico?<\/h4>\n<p>PAAS se hace copolimerizando \u00e1cido acr\u00edlico e hidr\u00f3xido de sodio. La proporci\u00f3n de mon\u00f3meros a comon\u00f3meros determina el grado de neutralizaci\u00f3n. Luego, el copol\u00edmero se seca y se muele hasta obtener un polvo blanco.<\/p>\n<h4>\u00bfCu\u00e1les son los usos de Polyacrylic Acid Sodium Salt?<\/h4>\n<p>PAAS se utiliza como floculante en varias industrias, incluido el tratamiento de agua, las aplicaciones en campos petroleros y la miner\u00eda. Tambi\u00e9n se utiliza como emulsionante, dispersante y espesante en cosm\u00e9ticos y productos para el cuidado personal.<\/p>\n<h4>\u00bfC\u00f3mo funciona la sal s\u00f3dica del \u00e1cido poliacr\u00edlico?<\/h4>\n<p>PAAS funciona adsorbi\u00e9ndose en part\u00edculas en suspensi\u00f3n y haciendo que se agrupen (floculen). Las part\u00edculas floculadas son lo suficientemente pesadas como para sedimentarse fuera de la suspensi\u00f3n.<\/p>\n<h4>\u00bfCu\u00e1les son los beneficios de usar la sal s\u00f3dica del \u00e1cido poliacr\u00edlico?<\/h4>\n<p>El principal beneficio del uso de PAAS es su alta eficiencia en la floculaci\u00f3n de part\u00edculas en suspensi\u00f3n. PAAS tambi\u00e9n tiene un requisito de dosis baja y se puede usar en un amplio rango de pH. Adem\u00e1s, PAAS no es t\u00f3xico y no produce productos de desecho peligrosos.<\/p>\n<h4>\u00bfCu\u00e1les son los inconvenientes de usar la sal s\u00f3dica del \u00e1cido poliacr\u00edlico?<\/h4>\n<p>Un inconveniente de PAAS es que puede aumentar el volumen de lodos debido a su alta capacidad de adsorci\u00f3n. Adem\u00e1s, PAAS puede hidrolizarse en condiciones alcalinas para formar acrilamida, un carcin\u00f3geno.<\/p>\n<h4>8 \u00bfC\u00f3mo almaceno la sal s\u00f3dica del \u00e1cido poliacr\u00edlico?<\/h4>\n<p><strong>Sales de sodio del \u00e1cido poliacr\u00edlico<\/strong> debe almacenarse en un recipiente herm\u00e9tico en un lugar fresco y seco.<\/p>\n<div data-zone-id=\"0\" data-line-index=\"0\" data-line=\"true\"><a href=\"https:\/\/vcycletech.com\/es\/categoria-de-producto\/policarboxilico-antiincrustante-y-dispersante\/\">Obtenga la soluci\u00f3n dispersante y antiincrustante policarbox\u00edlico completo<\/a><\/div>","protected":false},"excerpt":{"rendered":"<p><strong>Sal de sodio del \u00e1cido poliacr\u00edlico (PAAS)<\/strong> es un pol\u00edmero ani\u00f3nico vers\u00e1til utilizado en una variedad de industrias. Est\u00e1 disponible en concentraciones de 30%, 45%, 50% y 92%. <strong>PAAS<\/strong> se utiliza como aditivo para materiales y art\u00edculos pl\u00e1sticos en contacto con alimentos, como agente aglutinante cosm\u00e9tico, agente formador de pel\u00edcula y agente de control de la viscosidad. Tambi\u00e9n puede dispersar microcristales o microarena de carbonato de calcio, fosfato de calcio y sulfato de calcio. PAAS no es t\u00f3xico y es seguro para su uso en muchas aplicaciones.<\/p>","protected":false},"featured_media":997,"template":"","meta":{"site-sidebar-layout":"default","site-content-layout":"default","ast-site-content-layout":"default","site-content-style":"default","site-sidebar-style":"default","ast-global-header-display":"","ast-banner-title-visibility":"","ast-main-header-display":"","ast-hfb-above-header-display":"","ast-hfb-below-header-display":"","ast-hfb-mobile-header-display":"","site-post-title":"","ast-breadcrumbs-content":"","ast-featured-img":"","footer-sml-layout":"","ast-disable-related-posts":"","theme-transparent-header-meta":"default","adv-header-id-meta":"","stick-header-meta":"default","header-above-stick-meta":"","header-main-stick-meta":"","header-below-stick-meta":"","astra-migrate-meta-layouts":"default","ast-page-background-enabled":"default","ast-page-background-meta":{"desktop":{"background-color":"","background-image":"","background-repeat":"repeat","background-position":"center center","background-size":"auto","background-attachment":"scroll","background-type":"","background-media":"","overlay-type":"","overlay-color":"","overlay-opacity":"","overlay-gradient":""},"tablet":{"background-color":"","background-image":"","background-repeat":"repeat","background-position":"center center","background-size":"auto","background-attachment":"scroll","background-type":"","background-media":"","overlay-type":"","overlay-color":"","overlay-opacity":"","overlay-gradient":""},"mobile":{"background-color":"","background-image":"","background-repeat":"repeat","background-position":"center center","background-size":"auto","background-attachment":"scroll","background-type":"","background-media":"","overlay-type":"","overlay-color":"","overlay-opacity":"","overlay-gradient":""}},"ast-content-background-meta":{"desktop":{"background-color":"var(--ast-global-color-5)","background-image":"","background-repeat":"repeat","background-position":"center center","background-size":"auto","background-attachment":"scroll","background-type":"","background-media":"","overlay-type":"","overlay-color":"","overlay-opacity":"","overlay-gradient":""},"tablet":{"background-color":"var(--ast-global-color-5)","background-image":"","background-repeat":"repeat","background-position":"center center","background-size":"auto","background-attachment":"scroll","background-type":"","background-media":"","overlay-type":"","overlay-color":"","overlay-opacity":"","overlay-gradient":""},"mobile":{"background-color":"var(--ast-global-color-5)","background-image":"","background-repeat":"repeat","background-position":"center center","background-size":"auto","background-attachment":"scroll","background-type":"","background-media":"","overlay-type":"","overlay-color":"","overlay-opacity":"","overlay-gradient":""}}},"product_brand":[],"product_cat":[28],"product_tag":[],"class_list":{"0":"post-990","1":"product","2":"type-product","3":"status-publish","4":"has-post-thumbnail","6":"product_cat-polycarboxylic-antiscalant-and-dispersant","7":"desktop-align-left","8":"tablet-align-left","9":"mobile-align-left","10":"ast-product-gallery-layout-horizontal-slider","11":"ast-product-gallery-with-no-image","12":"ast-product-tabs-layout-horizontal","14":"first","15":"instock","16":"shipping-taxable","17":"product-type-simple"},"yoast_head":"<!-- This site is optimized with the Yoast SEO Premium plugin v26.3 (Yoast SEO v27.5) - https:\/\/yoast.com\/product\/yoast-seo-premium-wordpress\/ -->\n<title>Polyacrylic Acid Sodium Salt(PAAS)30%, 45%, 50%, 92%<\/title>\n<meta name=\"description\" content=\"Need polyacrylic acid sodium salt? We have PAAS concentrations of 30%, 45%, 50% and 92%. Get it now!\" \/>\n<meta name=\"robots\" content=\"index, follow, max-snippet:-1, max-image-preview:large, max-video-preview:-1\" \/>\n<link rel=\"canonical\" href=\"https:\/\/vcycletech.com\/es\/producto\/acido-poliacrilico-sal-sodica\/\" \/>\n<meta property=\"og:locale\" content=\"es_MX\" \/>\n<meta property=\"og:type\" content=\"article\" \/>\n<meta property=\"og:title\" content=\"Polyacrylic Acid Sodium Salt(PAAS)30%, 45%, 50%, 92%\" \/>\n<meta property=\"og:description\" content=\"Need polyacrylic acid sodium salt? We have PAAS concentrations of 30%, 45%, 50% and 92%. Get it now!\" \/>\n<meta property=\"og:url\" content=\"https:\/\/vcycletech.com\/es\/producto\/acido-poliacrilico-sal-sodica\/\" \/>\n<meta property=\"og:site_name\" content=\"vcycletech\" \/>\n<meta property=\"article:modified_time\" content=\"2023-03-20T07:50:39+00:00\" \/>\n<meta property=\"og:image\" content=\"https:\/\/vcycletech.com\/wp-content\/uploads\/2023\/03\/1-18.png\" \/>\n\t<meta property=\"og:image:width\" content=\"600\" \/>\n\t<meta property=\"og:image:height\" content=\"600\" \/>\n\t<meta property=\"og:image:type\" content=\"image\/png\" \/>\n<meta name=\"twitter:card\" content=\"summary_large_image\" \/>\n<meta name=\"twitter:label1\" content=\"Tiempo de lectura\" \/>\n\t<meta name=\"twitter:data1\" content=\"3 minutos\" \/>\n<script type=\"application\/ld+json\" class=\"yoast-schema-graph\">{\"@context\":\"https:\\\/\\\/schema.org\",\"@graph\":[{\"@type\":\"WebPage\",\"@id\":\"https:\\\/\\\/vcycletech.com\\\/product\\\/polyacrylic-acid-sodium-salt\\\/\",\"url\":\"https:\\\/\\\/vcycletech.com\\\/product\\\/polyacrylic-acid-sodium-salt\\\/\",\"name\":\"Polyacrylic Acid Sodium Salt(PAAS)30%, 45%, 50%, 92%\",\"isPartOf\":{\"@id\":\"https:\\\/\\\/vcycletech.com\\\/#website\"},\"primaryImageOfPage\":{\"@id\":\"https:\\\/\\\/vcycletech.com\\\/product\\\/polyacrylic-acid-sodium-salt\\\/#primaryimage\"},\"image\":{\"@id\":\"https:\\\/\\\/vcycletech.com\\\/product\\\/polyacrylic-acid-sodium-salt\\\/#primaryimage\"},\"thumbnailUrl\":\"https:\\\/\\\/vcycletech.com\\\/wp-content\\\/uploads\\\/2023\\\/03\\\/1-18.png\",\"datePublished\":\"2023-03-20T07:45:26+00:00\",\"dateModified\":\"2023-03-20T07:50:39+00:00\",\"description\":\"Need polyacrylic acid sodium salt? We have PAAS concentrations of 30%, 45%, 50% and 92%. Get it now!\",\"breadcrumb\":{\"@id\":\"https:\\\/\\\/vcycletech.com\\\/product\\\/polyacrylic-acid-sodium-salt\\\/#breadcrumb\"},\"inLanguage\":\"es\",\"potentialAction\":[{\"@type\":\"ReadAction\",\"target\":[\"https:\\\/\\\/vcycletech.com\\\/product\\\/polyacrylic-acid-sodium-salt\\\/\"]}]},{\"@type\":\"ImageObject\",\"inLanguage\":\"es\",\"@id\":\"https:\\\/\\\/vcycletech.com\\\/product\\\/polyacrylic-acid-sodium-salt\\\/#primaryimage\",\"url\":\"https:\\\/\\\/vcycletech.com\\\/wp-content\\\/uploads\\\/2023\\\/03\\\/1-18.png\",\"contentUrl\":\"https:\\\/\\\/vcycletech.com\\\/wp-content\\\/uploads\\\/2023\\\/03\\\/1-18.png\",\"width\":600,\"height\":600,\"caption\":\"Polyacrylic Acid Sodium Salt(PAAS)30%, 45%, 50%, 92%\"},{\"@type\":\"BreadcrumbList\",\"@id\":\"https:\\\/\\\/vcycletech.com\\\/product\\\/polyacrylic-acid-sodium-salt\\\/#breadcrumb\",\"itemListElement\":[{\"@type\":\"ListItem\",\"position\":1,\"name\":\"Home\",\"item\":\"https:\\\/\\\/vcycletech.com\\\/\"},{\"@type\":\"ListItem\",\"position\":2,\"name\":\"Water Treatment Chemicals Manufacturer\",\"item\":\"https:\\\/\\\/vcycletech.com\\\/water-treatment-chemicals-manufacturer\\\/\"},{\"@type\":\"ListItem\",\"position\":3,\"name\":\"Polyacrylic Acid Sodium Salt(PAAS)30%, 45%, 50%, 92%\"}]},{\"@type\":\"WebSite\",\"@id\":\"https:\\\/\\\/vcycletech.com\\\/#website\",\"url\":\"https:\\\/\\\/vcycletech.com\\\/\",\"name\":\"vcycletech\",\"description\":\"China&#039;s top water treatment chemicals supplier\",\"publisher\":{\"@id\":\"https:\\\/\\\/vcycletech.com\\\/#organization\"},\"potentialAction\":[{\"@type\":\"SearchAction\",\"target\":{\"@type\":\"EntryPoint\",\"urlTemplate\":\"https:\\\/\\\/vcycletech.com\\\/?s={search_term_string}\"},\"query-input\":{\"@type\":\"PropertyValueSpecification\",\"valueRequired\":true,\"valueName\":\"search_term_string\"}}],\"inLanguage\":\"es\"},{\"@type\":\"Organization\",\"@id\":\"https:\\\/\\\/vcycletech.com\\\/#organization\",\"name\":\"vcycletech\",\"url\":\"https:\\\/\\\/vcycletech.com\\\/\",\"logo\":{\"@type\":\"ImageObject\",\"inLanguage\":\"es\",\"@id\":\"https:\\\/\\\/vcycletech.com\\\/#\\\/schema\\\/logo\\\/image\\\/\",\"url\":\"https:\\\/\\\/vcycletech.com\\\/wp-content\\\/uploads\\\/2023\\\/03\\\/logo-vcycletech-1.png\",\"contentUrl\":\"https:\\\/\\\/vcycletech.com\\\/wp-content\\\/uploads\\\/2023\\\/03\\\/logo-vcycletech-1.png\",\"width\":600,\"height\":400,\"caption\":\"vcycletech\"},\"image\":{\"@id\":\"https:\\\/\\\/vcycletech.com\\\/#\\\/schema\\\/logo\\\/image\\\/\"}}]}<\/script>\n<!-- \/ Yoast SEO Premium plugin. -->","yoast_head_json":{"title":"Sal de sodio del \u00e1cido poliacr\u00edlico (PAAS) 30%, 45%, 50%, 92%","description":"\u00bfNecesita sal de sodio de \u00e1cido poliacr\u00edlico? Tenemos concentraciones de PAAS de 30%, 45%, 50% y 92%. \u00a1Consiguelo ahora!","robots":{"index":"index","follow":"follow","max-snippet":"max-snippet:-1","max-image-preview":"max-image-preview:large","max-video-preview":"max-video-preview:-1"},"canonical":"https:\/\/vcycletech.com\/es\/producto\/acido-poliacrilico-sal-sodica\/","og_locale":"es_MX","og_type":"article","og_title":"Polyacrylic Acid Sodium Salt(PAAS)30%, 45%, 50%, 92%","og_description":"Need polyacrylic acid sodium salt? We have PAAS concentrations of 30%, 45%, 50% and 92%. Get it now!","og_url":"https:\/\/vcycletech.com\/es\/producto\/acido-poliacrilico-sal-sodica\/","og_site_name":"vcycletech","article_modified_time":"2023-03-20T07:50:39+00:00","og_image":[{"width":600,"height":600,"url":"https:\/\/vcycletech.com\/wp-content\/uploads\/2023\/03\/1-18.png","type":"image\/png"}],"twitter_card":"summary_large_image","twitter_misc":{"Tiempo de lectura":"3 minutos"},"schema":{"@context":"https:\/\/schema.org","@graph":[{"@type":"WebPage","@id":"https:\/\/vcycletech.com\/product\/polyacrylic-acid-sodium-salt\/","url":"https:\/\/vcycletech.com\/product\/polyacrylic-acid-sodium-salt\/","name":"Sal de sodio del \u00e1cido poliacr\u00edlico (PAAS) 30%, 45%, 50%, 92%","isPartOf":{"@id":"https:\/\/vcycletech.com\/#website"},"primaryImageOfPage":{"@id":"https:\/\/vcycletech.com\/product\/polyacrylic-acid-sodium-salt\/#primaryimage"},"image":{"@id":"https:\/\/vcycletech.com\/product\/polyacrylic-acid-sodium-salt\/#primaryimage"},"thumbnailUrl":"https:\/\/vcycletech.com\/wp-content\/uploads\/2023\/03\/1-18.png","datePublished":"2023-03-20T07:45:26+00:00","dateModified":"2023-03-20T07:50:39+00:00","description":"\u00bfNecesita sal de sodio de \u00e1cido poliacr\u00edlico? Tenemos concentraciones de PAAS de 30%, 45%, 50% y 92%. \u00a1Consiguelo ahora!","breadcrumb":{"@id":"https:\/\/vcycletech.com\/product\/polyacrylic-acid-sodium-salt\/#breadcrumb"},"inLanguage":"es","potentialAction":[{"@type":"ReadAction","target":["https:\/\/vcycletech.com\/product\/polyacrylic-acid-sodium-salt\/"]}]},{"@type":"ImageObject","inLanguage":"es","@id":"https:\/\/vcycletech.com\/product\/polyacrylic-acid-sodium-salt\/#primaryimage","url":"https:\/\/vcycletech.com\/wp-content\/uploads\/2023\/03\/1-18.png","contentUrl":"https:\/\/vcycletech.com\/wp-content\/uploads\/2023\/03\/1-18.png","width":600,"height":600,"caption":"Polyacrylic Acid Sodium Salt(PAAS)30%, 45%, 50%, 92%"},{"@type":"BreadcrumbList","@id":"https:\/\/vcycletech.com\/product\/polyacrylic-acid-sodium-salt\/#breadcrumb","itemListElement":[{"@type":"ListItem","position":1,"name":"Home","item":"https:\/\/vcycletech.com\/"},{"@type":"ListItem","position":2,"name":"Water Treatment Chemicals Manufacturer","item":"https:\/\/vcycletech.com\/water-treatment-chemicals-manufacturer\/"},{"@type":"ListItem","position":3,"name":"Polyacrylic Acid Sodium Salt(PAAS)30%, 45%, 50%, 92%"}]},{"@type":"WebSite","@id":"https:\/\/vcycletech.com\/#website","url":"https:\/\/vcycletech.com\/","name":"vcycletech","description":"El principal proveedor de productos qu\u00edmicos para el tratamiento del agua de China y #039;","publisher":{"@id":"https:\/\/vcycletech.com\/#organization"},"potentialAction":[{"@type":"SearchAction","target":{"@type":"EntryPoint","urlTemplate":"https:\/\/vcycletech.com\/?s={search_term_string}"},"query-input":{"@type":"PropertyValueSpecification","valueRequired":true,"valueName":"search_term_string"}}],"inLanguage":"es"},{"@type":"Organization","@id":"https:\/\/vcycletech.com\/#organization","name":"vcycletech","url":"https:\/\/vcycletech.com\/","logo":{"@type":"ImageObject","inLanguage":"es","@id":"https:\/\/vcycletech.com\/#\/schema\/logo\/image\/","url":"https:\/\/vcycletech.com\/wp-content\/uploads\/2023\/03\/logo-vcycletech-1.png","contentUrl":"https:\/\/vcycletech.com\/wp-content\/uploads\/2023\/03\/logo-vcycletech-1.png","width":600,"height":400,"caption":"vcycletech"},"image":{"@id":"https:\/\/vcycletech.com\/#\/schema\/logo\/image\/"}}]}},"_links":{"self":[{"href":"https:\/\/vcycletech.com\/es\/wp-json\/wp\/v2\/product\/990","targetHints":{"allow":["GET"]}}],"collection":[{"href":"https:\/\/vcycletech.com\/es\/wp-json\/wp\/v2\/product"}],"about":[{"href":"https:\/\/vcycletech.com\/es\/wp-json\/wp\/v2\/types\/product"}],"wp:featuredmedia":[{"embeddable":true,"href":"https:\/\/vcycletech.com\/es\/wp-json\/wp\/v2\/media\/997"}],"wp:attachment":[{"href":"https:\/\/vcycletech.com\/es\/wp-json\/wp\/v2\/media?parent=990"}],"wp:term":[{"taxonomy":"product_brand","embeddable":true,"href":"https:\/\/vcycletech.com\/es\/wp-json\/wp\/v2\/product_brand?post=990"},{"taxonomy":"product_cat","embeddable":true,"href":"https:\/\/vcycletech.com\/es\/wp-json\/wp\/v2\/product_cat?post=990"},{"taxonomy":"product_tag","embeddable":true,"href":"https:\/\/vcycletech.com\/es\/wp-json\/wp\/v2\/product_tag?post=990"}],"curies":[{"name":"wp","href":"https:\/\/api.w.org\/{rel}","templated":true}]}}