{"id":980,"date":"2023-03-20T06:59:07","date_gmt":"2023-03-20T06:59:07","guid":{"rendered":"https:\/\/vcycletech.com\/?post_type=product&#038;p=980"},"modified":"2023-03-20T07:05:56","modified_gmt":"2023-03-20T07:05:56","slug":"paa-poli-acrilico-acido-30-50-63","status":"publish","type":"product","link":"https:\/\/vcycletech.com\/es\/producto\/paa-poli-acrilico-acido-30-50-63\/","title":{"rendered":"\u00c1cido poliacr\u00edlico PAA (30%, 50%, 63%)"},"content":{"rendered":"<h3 class=\"fzs\">N\u00ba CAS 9003-01-4<\/h3>\n<h3>F\u00f3rmula estructural:<\/h3>\n<p><img fetchpriority=\"high\" decoding=\"async\" class=\"alignnone size-full wp-image-983\" src=\"https:\/\/vcycletech.com\/wp-content\/uploads\/2023\/03\/1-17.png\" alt=\"F\u00f3rmula estructural:\" width=\"1291\" height=\"420\" srcset=\"https:\/\/vcycletech.com\/wp-content\/uploads\/2023\/03\/1-17.png 1291w, https:\/\/vcycletech.com\/wp-content\/uploads\/2023\/03\/1-17-600x195.png 600w, https:\/\/vcycletech.com\/wp-content\/uploads\/2023\/03\/1-17-300x98.png 300w, https:\/\/vcycletech.com\/wp-content\/uploads\/2023\/03\/1-17-1024x333.png 1024w, https:\/\/vcycletech.com\/wp-content\/uploads\/2023\/03\/1-17-768x250.png 768w\" sizes=\"(max-width: 1291px) 100vw, 1291px\" \/><\/p>\n<h3>Propiedades:<\/h3>\n<p><strong>AAP<\/strong> es un aditivo seguro, soluble en agua en soluciones alcalinas y altamente concentradas sin dejar dep\u00f3sitos de sedimentos. Ha sido dise\u00f1ado para dispersar microcristales o microarena de carbonato, fosfato y sulfato de calcio. Como inhibidor de incrustaciones y dispersante para sistemas de enfriamiento, procesos de fabricaci\u00f3n de papel, textiles, cer\u00e1mica, pintura o te\u00f1ido, el PAA brinda resultados efectivos con un mantenimiento m\u00ednimo.<\/p>\n<h3>Especificaci\u00f3n<\/h3>\n<div id=\"footable_parent_985\"\n         class=\"footable_parent ninja_table_wrapper loading_ninja_table wp_table_data_press_parent semantic_ui\">\n                <table data-ninja_table_instance=\"ninja_table_instance_0\" data-footable_id=\"985\" data-filter-delay=\"1000\" aria-label=\"\u00c1cido poliacr\u00edlico (PAA).csv\"            id=\"footable_985\"\n           data-unique_identifier=\"ninja_table_unique_id_3328749145_985\"\n           class=\"foo-table ninja_footable foo_table_985 ninja_table_unique_id_3328749145_985 ui table  nt_type_legacy_table selectable striped vertical_centered  footable-paging-right ninja_table_pro\">\n                <colgroup>\n                            <col class=\"ninja_column_0\">\n                            <col class=\"ninja_column_1\">\n                            <col class=\"ninja_column_2\">\n                    <\/colgroup>\n        <thead>\n<tr class=\"footable-header\">\n                                                        <th scope=\"col\"  class=\"ninja_column_0 ninja_clmn_nm_items\">Art\u00edculos<\/th><th scope=\"col\"  class=\"ninja_column_1 ninja_clmn_nm_index\">\u00cdndice<\/th><th scope=\"col\"  class=\"ninja_column_2 ninja_clmn_nm_ninja_column_3\"><\/th><\/tr>\n<\/thead>\n<tbody>\n\n        <tr data-row_id=\"172\" class=\"ninja_table_row_0 nt_row_id_172\">\n            <td>Apariencia<\/td><td>L\u00edquido transparente incoloro a amarillo claro<\/td><td>L\u00edquido transparente incoloro a amarillo claro<\/td>        <\/tr>\n            <tr data-row_id=\"173\" class=\"ninja_table_row_1 nt_row_id_173\">\n            <td>Contenido s\u00f3lido %<\/td><td>30,0 minutos<\/td><td>50,0 minutos<\/td>        <\/tr>\n            <tr data-row_id=\"174\" class=\"ninja_table_row_2 nt_row_id_174\">\n            <td>Mon\u00f3mero libre (como AA) %<\/td><td>0,50 m\u00e1x.<\/td><td>0,50 m\u00e1x.<\/td>        <\/tr>\n            <tr data-row_id=\"175\" class=\"ninja_table_row_3 nt_row_id_175\">\n            <td>Densidad (20\u2103) g\/cm3<\/td><td>1,10 minutos<\/td><td>1,20 minutos<\/td>        <\/tr>\n            <tr data-row_id=\"176\" class=\"ninja_table_row_4 nt_row_id_176\">\n            <td>pH (soluci\u00f3n de agua 1%)<\/td><td>2.5-4.5<\/td><td>2.5-4.5<\/td>        <\/tr>\n    <\/tbody><!--ninja_tobody_rendering_done-->\n    <\/table>\n    \n    \n    \n<\/div>\n\n<h3>Uso:<\/h3>\n<p><strong>\u00c1cido poliacr\u00edlico<\/strong> es un pol\u00edmero vers\u00e1til derivado del \u00e1cido acr\u00edlico con propiedades higrosc\u00f3picas y quebradizas. Tiene muchas aplicaciones, incluida la ingenier\u00eda de tejidos, los sistemas de administraci\u00f3n de f\u00e1rmacos y las bater\u00edas de iones de litio. No es t\u00f3xico, es biocompatible y biodegradable, lo que lo convierte en una opci\u00f3n ideal para muchas industrias. El \u00e1cido poliacr\u00edlico se puede utilizar como inhibidor de incrustaciones y dispersante en sistemas de circulaci\u00f3n de agua fr\u00eda en centrales el\u00e9ctricas, f\u00e1bricas de hierro y acero, plantas de fertilizantes qu\u00edmicos, refiner\u00edas y sistemas de aire acondicionado. Cuando se usa solo, la dosis debe ser de 1-15 mg\/L, dependiendo de la calidad del agua y los materiales del equipo. Adem\u00e1s, el \u00e1cido poliacr\u00edlico tambi\u00e9n se puede utilizar para reducir la corrosi\u00f3n en<\/p>\n<p>El \u00e1cido poliacr\u00edlico es una soluci\u00f3n efectiva para muchas industrias debido a su versatilidad y naturaleza no t\u00f3xica. Su capacidad para actuar como inhibidor de incrustaciones y dispersante lo convierte en una opci\u00f3n ideal para muchas aplicaciones.<\/p>\n<h3>Escenarios de aplicaci\u00f3n de \u00e1cido poliacr\u00edlico (PAA)<\/h3>\n<p>El \u00e1cido poliacr\u00edlico (PAA) es un pol\u00edmero soluble en agua con diversas aplicaciones industriales y comerciales. PAA se conoce com\u00fanmente como carb\u00f3mero y se puede usar como agente espesante, dispersante, emulsionante, adhesivo y muchos m\u00e1s. Se est\u00e1 volviendo cada vez m\u00e1s popular en muchas industrias debido a su versatilidad y costo relativamente bajo en comparaci\u00f3n con otros pol\u00edmeros. Las empresas que buscan PAA al por mayor a granel deben conocer las diversas aplicaciones que PAA puede tener para que puedan determinar mejor su idoneidad para diferentes productos finales.<\/p>\n<p>Uno de los usos m\u00e1s comunes del PAA es como agente espesante o estabilizador. Esto lo hace ideal para geles, cremas, lociones, champ\u00fas y acondicionadores. Al utilizar las propiedades \u00fanicas de PAA, como su capacidad para resistir cambios en el pH o la temperatura a lo largo del tiempo, estos productos pueden mantener la consistencia y la viscosidad deseadas durante su vida \u00fatil. Adem\u00e1s, PAA act\u00faa como un agente de suspensi\u00f3n eficaz, lo que ayuda a mantener los ingredientes s\u00f3lidos suspendidos en mezclas l\u00edquidas. Esta propiedad lo hace muy adecuado para su uso en formulaciones farmac\u00e9uticas donde puede ayudar a reducir las tasas de sedimentaci\u00f3n de los ingredientes activos durante los per\u00edodos de almacenamiento.<\/p>\n<p>Adem\u00e1s de su uso como espesante o estabilizador, el PAA ha demostrado su utilidad como emulsionante y dispersante. Como emulsionante, ayuda a estabilizar las mezclas de aceite en agua al evitar que las part\u00edculas se aglutinen y, al mismo tiempo, proporciona una textura y una sensaci\u00f3n mejoradas cuando se usa en cosm\u00e9ticos o productos alimenticios. Como dispersante, ayuda a dispersar las part\u00edculas insolubles de manera uniforme en los l\u00edquidos, lo que lo hace valioso para pinturas y recubrimientos donde se debe mantener una distribuci\u00f3n uniforme del color durante largos per\u00edodos de almacenamiento. Por \u00faltimo, PAA tambi\u00e9n sirve como adhesivo gracias a su capacidad para formar uniones fuertes y flexibles con sustratos org\u00e1nicos e inorg\u00e1nicos, lo que lo hace adecuado para adhesivos como pegamento o cemento de caucho.<\/p>\n<h3>C\u00f3mo envasar y almacenar \u00e1cido poliacr\u00edlico PAA<\/h3>\n<p><strong>\u00c1cido poliacr\u00edlico PAA<\/strong> es un pol\u00edmero com\u00fan en muchas industrias, como la impresi\u00f3n, el embalaje y los textiles. Est\u00e1 disponible en tres concentraciones: 30%, 50% y 63%. Cuando se trata de este material, es importante almacenarlo y empaquetarlo adecuadamente para mantenerlo en buenas condiciones. Aqu\u00ed hay algunos consejos para hacer precisamente eso:<\/p>\n<ul>\n<li>Guarde el \u00e1cido poliacr\u00edlico PAA en un lugar fresco y seco, lejos de la luz solar directa o la humedad.<\/li>\n<li>Mantenga el recipiente sellado cuando no utilice el material.<\/li>\n<li>Aseg\u00farese de que todos los recipientes que contengan \u00e1cido poliacr\u00edlico PAA est\u00e9n etiquetados con la concentraci\u00f3n del material. Esto har\u00e1 que la identificaci\u00f3n sea mucho m\u00e1s f\u00e1cil.<\/li>\n<li>Aseg\u00farese de comprobar regularmente si hay signos de degradaci\u00f3n o contaminaci\u00f3n antes de su uso. Si hay alg\u00fan da\u00f1o o decoloraci\u00f3n en el producto, des\u00e9chelo inmediatamente.<\/li>\n<li>Use ropa protectora adecuada para evitar el contacto con la piel y posibles alergias al manipular este material.<\/li>\n<li>Limpie cualquier derrame lo antes posible con un material absorbente como aserr\u00edn o toallas de papel.<\/li>\n<\/ul>\n<div data-zone-id=\"0\" data-line-index=\"0\" data-line=\"true\"><a href=\"https:\/\/vcycletech.com\/es\/categoria-de-producto\/policarboxilico-antiincrustante-y-dispersante\/\">Obtenga la soluci\u00f3n dispersante y antiincrustante policarbox\u00edlico completo<\/a><\/div>","protected":false},"excerpt":{"rendered":"<p><strong>Poli(\u00e1cido acr\u00edlico) (PAA)<\/strong> es un pol\u00edmero vers\u00e1til con muchos usos en diversas industrias. Es de naturaleza higrosc\u00f3pica, quebradiza e incolora, con una temperatura de transici\u00f3n v\u00edtrea de casi 106\u00b0C. <strong>AAP<\/strong> est\u00e1 disponible en concentraciones 30%, 50% y 63%. Se utiliza como activador de sistemas de contacto para detener el sangrado y como emulsionante, espesante, estabilizador y agente de suspensi\u00f3n en la industria alimentaria. Adem\u00e1s, se puede utilizar como floculante para la purificaci\u00f3n de agua y el tratamiento de aguas residuales. <strong>AAP<\/strong> tambi\u00e9n se utiliza en la industria cosm\u00e9tica para crear cremas y lociones con textura y estabilidad mejoradas.<\/p>","protected":false},"featured_media":984,"template":"","meta":{"site-sidebar-layout":"default","site-content-layout":"default","ast-site-content-layout":"default","site-content-style":"default","site-sidebar-style":"default","ast-global-header-display":"","ast-banner-title-visibility":"","ast-main-header-display":"","ast-hfb-above-header-display":"","ast-hfb-below-header-display":"","ast-hfb-mobile-header-display":"","site-post-title":"","ast-breadcrumbs-content":"","ast-featured-img":"","footer-sml-layout":"","ast-disable-related-posts":"","theme-transparent-header-meta":"default","adv-header-id-meta":"","stick-header-meta":"default","header-above-stick-meta":"","header-main-stick-meta":"","header-below-stick-meta":"","astra-migrate-meta-layouts":"default","ast-page-background-enabled":"default","ast-page-background-meta":{"desktop":{"background-color":"","background-image":"","background-repeat":"repeat","background-position":"center center","background-size":"auto","background-attachment":"scroll","background-type":"","background-media":"","overlay-type":"","overlay-color":"","overlay-opacity":"","overlay-gradient":""},"tablet":{"background-color":"","background-image":"","background-repeat":"repeat","background-position":"center center","background-size":"auto","background-attachment":"scroll","background-type":"","background-media":"","overlay-type":"","overlay-color":"","overlay-opacity":"","overlay-gradient":""},"mobile":{"background-color":"","background-image":"","background-repeat":"repeat","background-position":"center center","background-size":"auto","background-attachment":"scroll","background-type":"","background-media":"","overlay-type":"","overlay-color":"","overlay-opacity":"","overlay-gradient":""}},"ast-content-background-meta":{"desktop":{"background-color":"var(--ast-global-color-5)","background-image":"","background-repeat":"repeat","background-position":"center center","background-size":"auto","background-attachment":"scroll","background-type":"","background-media":"","overlay-type":"","overlay-color":"","overlay-opacity":"","overlay-gradient":""},"tablet":{"background-color":"var(--ast-global-color-5)","background-image":"","background-repeat":"repeat","background-position":"center center","background-size":"auto","background-attachment":"scroll","background-type":"","background-media":"","overlay-type":"","overlay-color":"","overlay-opacity":"","overlay-gradient":""},"mobile":{"background-color":"var(--ast-global-color-5)","background-image":"","background-repeat":"repeat","background-position":"center center","background-size":"auto","background-attachment":"scroll","background-type":"","background-media":"","overlay-type":"","overlay-color":"","overlay-opacity":"","overlay-gradient":""}}},"product_brand":[],"product_cat":[28],"product_tag":[],"class_list":{"0":"post-980","1":"product","2":"type-product","3":"status-publish","4":"has-post-thumbnail","6":"product_cat-polycarboxylic-antiscalant-and-dispersant","7":"desktop-align-left","8":"tablet-align-left","9":"mobile-align-left","10":"ast-product-gallery-layout-horizontal-slider","11":"ast-product-gallery-with-no-image","12":"ast-product-tabs-layout-horizontal","14":"first","15":"instock","16":"shipping-taxable","17":"product-type-simple"},"yoast_head":"<!-- This site is optimized with the Yoast SEO Premium plugin v26.3 (Yoast SEO v27.3) - https:\/\/yoast.com\/product\/yoast-seo-premium-wordpress\/ -->\n<title>PAA Poly Acrylic Acid (30%, 50%, 63%) - vcycletech<\/title>\n<meta name=\"description\" content=\"Get maximum protection and performance with PAA Poly Acrylic Acid (30%, 50%, 63%)! The perfect solution for your toughest needs.\" \/>\n<meta name=\"robots\" content=\"index, follow, max-snippet:-1, max-image-preview:large, max-video-preview:-1\" \/>\n<link rel=\"canonical\" href=\"https:\/\/vcycletech.com\/es\/producto\/paa-poli-acrilico-acido-30-50-63\/\" \/>\n<meta property=\"og:locale\" content=\"es_MX\" \/>\n<meta property=\"og:type\" content=\"article\" \/>\n<meta property=\"og:title\" content=\"PAA Poly Acrylic Acid (30%, 50%, 63%)\" \/>\n<meta property=\"og:description\" content=\"Get maximum protection and performance with PAA Poly Acrylic Acid (30%, 50%, 63%)! The perfect solution for your toughest needs.\" \/>\n<meta property=\"og:url\" content=\"https:\/\/vcycletech.com\/es\/producto\/paa-poli-acrilico-acido-30-50-63\/\" \/>\n<meta property=\"og:site_name\" content=\"vcycletech\" \/>\n<meta property=\"article:modified_time\" content=\"2023-03-20T07:05:56+00:00\" \/>\n<meta property=\"og:image\" content=\"https:\/\/vcycletech.com\/wp-content\/uploads\/2023\/03\/PAA.png\" \/>\n\t<meta property=\"og:image:width\" content=\"600\" \/>\n\t<meta property=\"og:image:height\" content=\"600\" \/>\n\t<meta property=\"og:image:type\" content=\"image\/png\" \/>\n<meta name=\"twitter:card\" content=\"summary_large_image\" \/>\n<meta name=\"twitter:label1\" content=\"Tiempo de lectura\" \/>\n\t<meta name=\"twitter:data1\" content=\"4 minutos\" \/>\n<script type=\"application\/ld+json\" class=\"yoast-schema-graph\">{\"@context\":\"https:\\\/\\\/schema.org\",\"@graph\":[{\"@type\":\"WebPage\",\"@id\":\"https:\\\/\\\/vcycletech.com\\\/product\\\/paa-poly-acrylic-acid-30-50-63\\\/\",\"url\":\"https:\\\/\\\/vcycletech.com\\\/product\\\/paa-poly-acrylic-acid-30-50-63\\\/\",\"name\":\"PAA Poly Acrylic Acid (30%, 50%, 63%) - vcycletech\",\"isPartOf\":{\"@id\":\"https:\\\/\\\/vcycletech.com\\\/#website\"},\"primaryImageOfPage\":{\"@id\":\"https:\\\/\\\/vcycletech.com\\\/product\\\/paa-poly-acrylic-acid-30-50-63\\\/#primaryimage\"},\"image\":{\"@id\":\"https:\\\/\\\/vcycletech.com\\\/product\\\/paa-poly-acrylic-acid-30-50-63\\\/#primaryimage\"},\"thumbnailUrl\":\"https:\\\/\\\/vcycletech.com\\\/wp-content\\\/uploads\\\/2023\\\/03\\\/PAA.png\",\"datePublished\":\"2023-03-20T06:59:07+00:00\",\"dateModified\":\"2023-03-20T07:05:56+00:00\",\"description\":\"Get maximum protection and performance with PAA Poly Acrylic Acid (30%, 50%, 63%)! The perfect solution for your toughest needs.\",\"breadcrumb\":{\"@id\":\"https:\\\/\\\/vcycletech.com\\\/product\\\/paa-poly-acrylic-acid-30-50-63\\\/#breadcrumb\"},\"inLanguage\":\"es\",\"potentialAction\":[{\"@type\":\"ReadAction\",\"target\":[\"https:\\\/\\\/vcycletech.com\\\/product\\\/paa-poly-acrylic-acid-30-50-63\\\/\"]}]},{\"@type\":\"ImageObject\",\"inLanguage\":\"es\",\"@id\":\"https:\\\/\\\/vcycletech.com\\\/product\\\/paa-poly-acrylic-acid-30-50-63\\\/#primaryimage\",\"url\":\"https:\\\/\\\/vcycletech.com\\\/wp-content\\\/uploads\\\/2023\\\/03\\\/PAA.png\",\"contentUrl\":\"https:\\\/\\\/vcycletech.com\\\/wp-content\\\/uploads\\\/2023\\\/03\\\/PAA.png\",\"width\":600,\"height\":600,\"caption\":\"PAA Poly Acrylic Acid (30%, 50%, 63%)\"},{\"@type\":\"BreadcrumbList\",\"@id\":\"https:\\\/\\\/vcycletech.com\\\/product\\\/paa-poly-acrylic-acid-30-50-63\\\/#breadcrumb\",\"itemListElement\":[{\"@type\":\"ListItem\",\"position\":1,\"name\":\"Home\",\"item\":\"https:\\\/\\\/vcycletech.com\\\/\"},{\"@type\":\"ListItem\",\"position\":2,\"name\":\"Water Treatment Chemicals Manufacturer\",\"item\":\"https:\\\/\\\/vcycletech.com\\\/water-treatment-chemicals-manufacturer\\\/\"},{\"@type\":\"ListItem\",\"position\":3,\"name\":\"PAA Poly Acrylic Acid (30%, 50%, 63%)\"}]},{\"@type\":\"WebSite\",\"@id\":\"https:\\\/\\\/vcycletech.com\\\/#website\",\"url\":\"https:\\\/\\\/vcycletech.com\\\/\",\"name\":\"vcycletech\",\"description\":\"China&#039;s top water treatment chemicals supplier\",\"publisher\":{\"@id\":\"https:\\\/\\\/vcycletech.com\\\/#organization\"},\"potentialAction\":[{\"@type\":\"SearchAction\",\"target\":{\"@type\":\"EntryPoint\",\"urlTemplate\":\"https:\\\/\\\/vcycletech.com\\\/?s={search_term_string}\"},\"query-input\":{\"@type\":\"PropertyValueSpecification\",\"valueRequired\":true,\"valueName\":\"search_term_string\"}}],\"inLanguage\":\"es\"},{\"@type\":\"Organization\",\"@id\":\"https:\\\/\\\/vcycletech.com\\\/#organization\",\"name\":\"vcycletech\",\"url\":\"https:\\\/\\\/vcycletech.com\\\/\",\"logo\":{\"@type\":\"ImageObject\",\"inLanguage\":\"es\",\"@id\":\"https:\\\/\\\/vcycletech.com\\\/#\\\/schema\\\/logo\\\/image\\\/\",\"url\":\"https:\\\/\\\/vcycletech.com\\\/wp-content\\\/uploads\\\/2023\\\/03\\\/logo-vcycletech-1.png\",\"contentUrl\":\"https:\\\/\\\/vcycletech.com\\\/wp-content\\\/uploads\\\/2023\\\/03\\\/logo-vcycletech-1.png\",\"width\":600,\"height\":400,\"caption\":\"vcycletech\"},\"image\":{\"@id\":\"https:\\\/\\\/vcycletech.com\\\/#\\\/schema\\\/logo\\\/image\\\/\"}}]}<\/script>\n<!-- \/ Yoast SEO Premium plugin. -->","yoast_head_json":{"title":"\u00c1cido poliacr\u00edlico PAA (30%, 50%, 63%) - vcycletech","description":"\u00a1Obtenga la m\u00e1xima protecci\u00f3n y rendimiento con el \u00e1cido poliacr\u00edlico PAA (30%, 50%, 63%)! La soluci\u00f3n perfecta para sus necesidades m\u00e1s exigentes.","robots":{"index":"index","follow":"follow","max-snippet":"max-snippet:-1","max-image-preview":"max-image-preview:large","max-video-preview":"max-video-preview:-1"},"canonical":"https:\/\/vcycletech.com\/es\/producto\/paa-poli-acrilico-acido-30-50-63\/","og_locale":"es_MX","og_type":"article","og_title":"PAA Poly Acrylic Acid (30%, 50%, 63%)","og_description":"Get maximum protection and performance with PAA Poly Acrylic Acid (30%, 50%, 63%)! The perfect solution for your toughest needs.","og_url":"https:\/\/vcycletech.com\/es\/producto\/paa-poli-acrilico-acido-30-50-63\/","og_site_name":"vcycletech","article_modified_time":"2023-03-20T07:05:56+00:00","og_image":[{"width":600,"height":600,"url":"https:\/\/vcycletech.com\/wp-content\/uploads\/2023\/03\/PAA.png","type":"image\/png"}],"twitter_card":"summary_large_image","twitter_misc":{"Tiempo de lectura":"4 minutos"},"schema":{"@context":"https:\/\/schema.org","@graph":[{"@type":"WebPage","@id":"https:\/\/vcycletech.com\/product\/paa-poly-acrylic-acid-30-50-63\/","url":"https:\/\/vcycletech.com\/product\/paa-poly-acrylic-acid-30-50-63\/","name":"\u00c1cido poliacr\u00edlico PAA (30%, 50%, 63%) - vcycletech","isPartOf":{"@id":"https:\/\/vcycletech.com\/#website"},"primaryImageOfPage":{"@id":"https:\/\/vcycletech.com\/product\/paa-poly-acrylic-acid-30-50-63\/#primaryimage"},"image":{"@id":"https:\/\/vcycletech.com\/product\/paa-poly-acrylic-acid-30-50-63\/#primaryimage"},"thumbnailUrl":"https:\/\/vcycletech.com\/wp-content\/uploads\/2023\/03\/PAA.png","datePublished":"2023-03-20T06:59:07+00:00","dateModified":"2023-03-20T07:05:56+00:00","description":"\u00a1Obtenga la m\u00e1xima protecci\u00f3n y rendimiento con el \u00e1cido poliacr\u00edlico PAA (30%, 50%, 63%)! La soluci\u00f3n perfecta para sus necesidades m\u00e1s exigentes.","breadcrumb":{"@id":"https:\/\/vcycletech.com\/product\/paa-poly-acrylic-acid-30-50-63\/#breadcrumb"},"inLanguage":"es","potentialAction":[{"@type":"ReadAction","target":["https:\/\/vcycletech.com\/product\/paa-poly-acrylic-acid-30-50-63\/"]}]},{"@type":"ImageObject","inLanguage":"es","@id":"https:\/\/vcycletech.com\/product\/paa-poly-acrylic-acid-30-50-63\/#primaryimage","url":"https:\/\/vcycletech.com\/wp-content\/uploads\/2023\/03\/PAA.png","contentUrl":"https:\/\/vcycletech.com\/wp-content\/uploads\/2023\/03\/PAA.png","width":600,"height":600,"caption":"PAA Poly Acrylic Acid (30%, 50%, 63%)"},{"@type":"BreadcrumbList","@id":"https:\/\/vcycletech.com\/product\/paa-poly-acrylic-acid-30-50-63\/#breadcrumb","itemListElement":[{"@type":"ListItem","position":1,"name":"Home","item":"https:\/\/vcycletech.com\/"},{"@type":"ListItem","position":2,"name":"Water Treatment Chemicals Manufacturer","item":"https:\/\/vcycletech.com\/water-treatment-chemicals-manufacturer\/"},{"@type":"ListItem","position":3,"name":"PAA Poly Acrylic Acid (30%, 50%, 63%)"}]},{"@type":"WebSite","@id":"https:\/\/vcycletech.com\/#website","url":"https:\/\/vcycletech.com\/","name":"vcycletech","description":"El principal proveedor de productos qu\u00edmicos para el tratamiento del agua de China y #039;","publisher":{"@id":"https:\/\/vcycletech.com\/#organization"},"potentialAction":[{"@type":"SearchAction","target":{"@type":"EntryPoint","urlTemplate":"https:\/\/vcycletech.com\/?s={search_term_string}"},"query-input":{"@type":"PropertyValueSpecification","valueRequired":true,"valueName":"search_term_string"}}],"inLanguage":"es"},{"@type":"Organization","@id":"https:\/\/vcycletech.com\/#organization","name":"vcycletech","url":"https:\/\/vcycletech.com\/","logo":{"@type":"ImageObject","inLanguage":"es","@id":"https:\/\/vcycletech.com\/#\/schema\/logo\/image\/","url":"https:\/\/vcycletech.com\/wp-content\/uploads\/2023\/03\/logo-vcycletech-1.png","contentUrl":"https:\/\/vcycletech.com\/wp-content\/uploads\/2023\/03\/logo-vcycletech-1.png","width":600,"height":400,"caption":"vcycletech"},"image":{"@id":"https:\/\/vcycletech.com\/#\/schema\/logo\/image\/"}}]}},"_links":{"self":[{"href":"https:\/\/vcycletech.com\/es\/wp-json\/wp\/v2\/product\/980","targetHints":{"allow":["GET"]}}],"collection":[{"href":"https:\/\/vcycletech.com\/es\/wp-json\/wp\/v2\/product"}],"about":[{"href":"https:\/\/vcycletech.com\/es\/wp-json\/wp\/v2\/types\/product"}],"wp:featuredmedia":[{"embeddable":true,"href":"https:\/\/vcycletech.com\/es\/wp-json\/wp\/v2\/media\/984"}],"wp:attachment":[{"href":"https:\/\/vcycletech.com\/es\/wp-json\/wp\/v2\/media?parent=980"}],"wp:term":[{"taxonomy":"product_brand","embeddable":true,"href":"https:\/\/vcycletech.com\/es\/wp-json\/wp\/v2\/product_brand?post=980"},{"taxonomy":"product_cat","embeddable":true,"href":"https:\/\/vcycletech.com\/es\/wp-json\/wp\/v2\/product_cat?post=980"},{"taxonomy":"product_tag","embeddable":true,"href":"https:\/\/vcycletech.com\/es\/wp-json\/wp\/v2\/product_tag?post=980"}],"curies":[{"name":"wp","href":"https:\/\/api.w.org\/{rel}","templated":true}]}}