{"id":959,"date":"2023-03-19T11:38:27","date_gmt":"2023-03-19T11:38:27","guid":{"rendered":"https:\/\/vcycletech.com\/?post_type=product&#038;p=959"},"modified":"2023-03-19T11:38:28","modified_gmt":"2023-03-19T11:38:28","slug":"acido-glutamico-acido-diacetico","status":"publish","type":"product","link":"https:\/\/vcycletech.com\/es\/producto\/acido-glutamico-acido-diacetico\/","title":{"rendered":"\u00c1cido L-glut\u00e1mico, \u00e1cido N,N-diac\u00e9tico, sal tetras\u00f3dica (GLDA.Na4)"},"content":{"rendered":"<h3>N\u00ba CAS: 51981-21-6<\/h3>\n<h3>F\u00f3rmula molecular: C9H9NO8Na4<\/h3>\n<h3>F\u00f3rmula estructural:<\/h3>\n<p><img fetchpriority=\"high\" decoding=\"async\" class=\"alignnone size-full wp-image-965\" src=\"https:\/\/vcycletech.com\/wp-content\/uploads\/2023\/03\/Structural-Formula-1.png\" alt=\"F\u00f3rmula estructural\" width=\"600\" height=\"400\" srcset=\"https:\/\/vcycletech.com\/wp-content\/uploads\/2023\/03\/Structural-Formula-1.png 600w, https:\/\/vcycletech.com\/wp-content\/uploads\/2023\/03\/Structural-Formula-1-300x200.png 300w\" sizes=\"(max-width: 600px) 100vw, 600px\" \/><\/p>\n<h3>Caracter\u00edsticas de GLDA-Na4<\/h3>\n<p><strong>GLDA<\/strong> tiene una excelente solubilidad en un amplio rango de pH, lo que lo convierte en una opci\u00f3n ideal para formular productos de alta potencia con bajo contenido de agua. Cuando se expone a altas temperaturas, <strong>GLDA<\/strong> permanece estable y no muestra signos de descomposici\u00f3n, superando a otros agentes quelantes probados en las mismas condiciones. Adem\u00e1s, GLDA tiene una gran capacidad de quelaci\u00f3n que lo hace eficaz contra las incrustaciones de calcio y otros desechos dif\u00edciles de eliminar de los equipos. Sus componentes de amino\u00e1cidos naturales tambi\u00e9n lo convierten en un agente antis\u00e9ptico y sin\u00e9rgico ideal; los estudios han demostrado que puede reducir el uso de fungicidas hasta en un 80%.<\/p>\n<h3>Especificaciones t\u00e9cnicas<\/h3>\n<div id=\"footable_parent_967\"\n         class=\"footable_parent ninja_table_wrapper loading_ninja_table wp_table_data_press_parent semantic_ui\">\n                <table data-ninja_table_instance=\"ninja_table_instance_0\" data-footable_id=\"967\" data-filter-delay=\"1000\" aria-label=\"Diacetato de glutamato tetras\u00f3dico (GLDA-Na4).csv\"            id=\"footable_967\"\n           data-unique_identifier=\"ninja_table_unique_id_2880575131_967\"\n           class=\"foo-table ninja_footable foo_table_967 ninja_table_unique_id_2880575131_967 ui table  nt_type_legacy_table selectable striped vertical_centered  footable-paging-right ninja_table_pro\">\n                <colgroup>\n                            <col class=\"ninja_column_0\">\n                            <col class=\"ninja_column_1\">\n                    <\/colgroup>\n        <thead>\n<tr class=\"footable-header\">\n                                        <th scope=\"col\"  class=\"ninja_column_0 ninja_clmn_nm_items\">Art\u00edculos<\/th><th scope=\"col\"  class=\"ninja_column_1 ninja_clmn_nm_gldana4solution\">soluci\u00f3n GLDA-Na4<\/th><\/tr>\n<\/thead>\n<tbody>\n\n        <tr data-row_id=\"163\" class=\"ninja_table_row_0 nt_row_id_163\">\n            <td>Apariencia<\/td><td>L\u00edquido viscoso amarillo claro<\/td>        <\/tr>\n            <tr data-row_id=\"164\" class=\"ninja_table_row_1 nt_row_id_164\">\n            <td>Contenido \/%<\/td><td>\u226547<\/td>        <\/tr>\n            <tr data-row_id=\"165\" class=\"ninja_table_row_2 nt_row_id_165\">\n            <td>valor pH<\/td><td>\u22658.5<\/td>        <\/tr>\n            <tr data-row_id=\"166\" class=\"ninja_table_row_3 nt_row_id_166\">\n            <td>Densidad (20 \u2103) g\/cm3<\/td><td>\u22651,20<\/td>        <\/tr>\n    <\/tbody><!--ninja_tobody_rendering_done-->\n    <\/table>\n    \n    \n    \n<\/div>\n\n<h3>Embalaje y Almacenamiento<\/h3>\n<p>El envasado y almacenamiento de \u00e1cido L-glut\u00e1mico, \u00e1cido N, N-diac\u00e9tico y sal tetras\u00f3dica (GLDA.Na4) es esencial al manipular este producto. Debe almacenarse en un lugar fresco y seco, lejos de la luz solar directa y la humedad. El rango de temperatura \u00f3ptimo para el almacenamiento est\u00e1 entre 10\u00b0C y 25\u00b0C. Debe evitar materiales incompatibles como agentes oxidantes potentes, \u00e1cidos y bases. Tambi\u00e9n debe mantenerse alejado de fuentes de calor o ignici\u00f3n.<\/p>\n<p>Al embalar el producto para su transporte o env\u00edo, es esencial asegurarse de que est\u00e9 correctamente sellado en un contenedor para protegerlo de cualquier posible da\u00f1o o contaminaci\u00f3n. El contenedor tambi\u00e9n debe estar claramente etiquetado con el nombre del producto y otra informaci\u00f3n relevante, como la fecha de fabricaci\u00f3n y la fecha de vencimiento.<\/p>","protected":false},"excerpt":{"rendered":"<p><strong>\u00c1cido L-glut\u00e1mico, \u00e1cido N, N-diac\u00e9tico y sal tetras\u00f3dica (GLDA.Na4)<\/strong> son poderosos agentes de limpieza utilizados en diversas industrias. Es conocido por su excelente solubilidad y estabilidad en agua, as\u00ed como por su baja toxicidad.<strong> GLDA.Na4<\/strong> es ampliamente utilizado en el procesamiento de alimentos como agente desinfectante para equipos y superficies. La FDA tambi\u00e9n lo ha aprobado para su uso en procesos de desinfecci\u00f3n de dispositivos m\u00e9dicos. Adem\u00e1s, este compuesto qu\u00edmico es excelente para eliminar la suciedad de las superficies delicadas sin causar da\u00f1os ni decoloraci\u00f3n. <strong>GLDA.Na4<\/strong> \u00a1ofrece una forma efectiva y segura de limpiar y desinfectar su equipo o local!<\/p>","protected":false},"featured_media":966,"template":"","meta":{"site-sidebar-layout":"default","site-content-layout":"default","ast-site-content-layout":"default","site-content-style":"default","site-sidebar-style":"default","ast-global-header-display":"","ast-banner-title-visibility":"","ast-main-header-display":"","ast-hfb-above-header-display":"","ast-hfb-below-header-display":"","ast-hfb-mobile-header-display":"","site-post-title":"","ast-breadcrumbs-content":"","ast-featured-img":"","footer-sml-layout":"","ast-disable-related-posts":"","theme-transparent-header-meta":"default","adv-header-id-meta":"","stick-header-meta":"default","header-above-stick-meta":"","header-main-stick-meta":"","header-below-stick-meta":"","astra-migrate-meta-layouts":"default","ast-page-background-enabled":"default","ast-page-background-meta":{"desktop":{"background-color":"","background-image":"","background-repeat":"repeat","background-position":"center center","background-size":"auto","background-attachment":"scroll","background-type":"","background-media":"","overlay-type":"","overlay-color":"","overlay-opacity":"","overlay-gradient":""},"tablet":{"background-color":"","background-image":"","background-repeat":"repeat","background-position":"center center","background-size":"auto","background-attachment":"scroll","background-type":"","background-media":"","overlay-type":"","overlay-color":"","overlay-opacity":"","overlay-gradient":""},"mobile":{"background-color":"","background-image":"","background-repeat":"repeat","background-position":"center center","background-size":"auto","background-attachment":"scroll","background-type":"","background-media":"","overlay-type":"","overlay-color":"","overlay-opacity":"","overlay-gradient":""}},"ast-content-background-meta":{"desktop":{"background-color":"var(--ast-global-color-5)","background-image":"","background-repeat":"repeat","background-position":"center center","background-size":"auto","background-attachment":"scroll","background-type":"","background-media":"","overlay-type":"","overlay-color":"","overlay-opacity":"","overlay-gradient":""},"tablet":{"background-color":"var(--ast-global-color-5)","background-image":"","background-repeat":"repeat","background-position":"center center","background-size":"auto","background-attachment":"scroll","background-type":"","background-media":"","overlay-type":"","overlay-color":"","overlay-opacity":"","overlay-gradient":""},"mobile":{"background-color":"var(--ast-global-color-5)","background-image":"","background-repeat":"repeat","background-position":"center center","background-size":"auto","background-attachment":"scroll","background-type":"","background-media":"","overlay-type":"","overlay-color":"","overlay-opacity":"","overlay-gradient":""}}},"product_brand":[],"product_cat":[15],"product_tag":[],"class_list":{"0":"post-959","1":"product","2":"type-product","3":"status-publish","4":"has-post-thumbnail","6":"product_cat-phosphonates-antiscalant-corrosion-inhibitor","7":"desktop-align-left","8":"tablet-align-left","9":"mobile-align-left","10":"ast-product-gallery-layout-horizontal-slider","11":"ast-product-gallery-with-no-image","12":"ast-product-tabs-layout-horizontal","14":"first","15":"instock","16":"shipping-taxable","17":"product-type-simple"},"yoast_head":"<!-- This site is optimized with the Yoast SEO Premium plugin v26.3 (Yoast SEO v27.3) - https:\/\/yoast.com\/product\/yoast-seo-premium-wordpress\/ -->\n<title>L-glutamic Acid,N,N-diacetic Acid, Tetrasodium Salt(GLDA.Na4) - vcycletech<\/title>\n<meta name=\"description\" content=\"china wholesale &quot;L-glutamic Acid,N,N-diacetic Acid, Tetrasodium Salt(GLDA.Na4)&quot;\" \/>\n<meta name=\"robots\" content=\"index, follow, max-snippet:-1, max-image-preview:large, max-video-preview:-1\" \/>\n<link rel=\"canonical\" href=\"https:\/\/vcycletech.com\/es\/producto\/acido-glutamico-acido-diacetico\/\" \/>\n<meta property=\"og:locale\" content=\"es_MX\" \/>\n<meta property=\"og:type\" content=\"article\" \/>\n<meta property=\"og:title\" content=\"L-glutamic Acid,N,N-diacetic Acid, Tetrasodium Salt(GLDA.Na4)\" \/>\n<meta property=\"og:description\" content=\"china wholesale &quot;L-glutamic Acid,N,N-diacetic Acid, Tetrasodium Salt(GLDA.Na4)&quot;\" \/>\n<meta property=\"og:url\" content=\"https:\/\/vcycletech.com\/es\/producto\/acido-glutamico-acido-diacetico\/\" \/>\n<meta property=\"og:site_name\" content=\"vcycletech\" \/>\n<meta property=\"article:modified_time\" content=\"2023-03-19T11:38:28+00:00\" \/>\n<meta property=\"og:image\" content=\"https:\/\/vcycletech.com\/wp-content\/uploads\/2023\/03\/1-14.png\" \/>\n\t<meta property=\"og:image:width\" content=\"600\" \/>\n\t<meta property=\"og:image:height\" content=\"600\" \/>\n\t<meta property=\"og:image:type\" content=\"image\/png\" \/>\n<meta name=\"twitter:card\" content=\"summary_large_image\" \/>\n<meta name=\"twitter:label1\" content=\"Tiempo de lectura\" \/>\n\t<meta name=\"twitter:data1\" content=\"2 minutos\" \/>\n<script type=\"application\/ld+json\" class=\"yoast-schema-graph\">{\"@context\":\"https:\\\/\\\/schema.org\",\"@graph\":[{\"@type\":\"WebPage\",\"@id\":\"https:\\\/\\\/vcycletech.com\\\/product\\\/glutamic-acid-diacetic-acid\\\/\",\"url\":\"https:\\\/\\\/vcycletech.com\\\/product\\\/glutamic-acid-diacetic-acid\\\/\",\"name\":\"L-glutamic Acid,N,N-diacetic Acid, Tetrasodium Salt(GLDA.Na4) - vcycletech\",\"isPartOf\":{\"@id\":\"https:\\\/\\\/vcycletech.com\\\/#website\"},\"primaryImageOfPage\":{\"@id\":\"https:\\\/\\\/vcycletech.com\\\/product\\\/glutamic-acid-diacetic-acid\\\/#primaryimage\"},\"image\":{\"@id\":\"https:\\\/\\\/vcycletech.com\\\/product\\\/glutamic-acid-diacetic-acid\\\/#primaryimage\"},\"thumbnailUrl\":\"https:\\\/\\\/vcycletech.com\\\/wp-content\\\/uploads\\\/2023\\\/03\\\/1-14.png\",\"datePublished\":\"2023-03-19T11:38:27+00:00\",\"dateModified\":\"2023-03-19T11:38:28+00:00\",\"description\":\"china wholesale \\\"L-glutamic Acid,N,N-diacetic Acid, Tetrasodium Salt(GLDA.Na4)\\\"\",\"breadcrumb\":{\"@id\":\"https:\\\/\\\/vcycletech.com\\\/product\\\/glutamic-acid-diacetic-acid\\\/#breadcrumb\"},\"inLanguage\":\"es\",\"potentialAction\":[{\"@type\":\"ReadAction\",\"target\":[\"https:\\\/\\\/vcycletech.com\\\/product\\\/glutamic-acid-diacetic-acid\\\/\"]}]},{\"@type\":\"ImageObject\",\"inLanguage\":\"es\",\"@id\":\"https:\\\/\\\/vcycletech.com\\\/product\\\/glutamic-acid-diacetic-acid\\\/#primaryimage\",\"url\":\"https:\\\/\\\/vcycletech.com\\\/wp-content\\\/uploads\\\/2023\\\/03\\\/1-14.png\",\"contentUrl\":\"https:\\\/\\\/vcycletech.com\\\/wp-content\\\/uploads\\\/2023\\\/03\\\/1-14.png\",\"width\":600,\"height\":600,\"caption\":\"L-glutamic Acid,N,N-diacetic Acid, Tetrasodium Salt(GLDA.Na4)\"},{\"@type\":\"BreadcrumbList\",\"@id\":\"https:\\\/\\\/vcycletech.com\\\/product\\\/glutamic-acid-diacetic-acid\\\/#breadcrumb\",\"itemListElement\":[{\"@type\":\"ListItem\",\"position\":1,\"name\":\"Home\",\"item\":\"https:\\\/\\\/vcycletech.com\\\/\"},{\"@type\":\"ListItem\",\"position\":2,\"name\":\"Water Treatment Chemicals Manufacturer\",\"item\":\"https:\\\/\\\/vcycletech.com\\\/water-treatment-chemicals-manufacturer\\\/\"},{\"@type\":\"ListItem\",\"position\":3,\"name\":\"L-glutamic Acid,N,N-diacetic Acid, Tetrasodium Salt(GLDA.Na4)\"}]},{\"@type\":\"WebSite\",\"@id\":\"https:\\\/\\\/vcycletech.com\\\/#website\",\"url\":\"https:\\\/\\\/vcycletech.com\\\/\",\"name\":\"vcycletech\",\"description\":\"China&#039;s top water treatment chemicals supplier\",\"publisher\":{\"@id\":\"https:\\\/\\\/vcycletech.com\\\/#organization\"},\"potentialAction\":[{\"@type\":\"SearchAction\",\"target\":{\"@type\":\"EntryPoint\",\"urlTemplate\":\"https:\\\/\\\/vcycletech.com\\\/?s={search_term_string}\"},\"query-input\":{\"@type\":\"PropertyValueSpecification\",\"valueRequired\":true,\"valueName\":\"search_term_string\"}}],\"inLanguage\":\"es\"},{\"@type\":\"Organization\",\"@id\":\"https:\\\/\\\/vcycletech.com\\\/#organization\",\"name\":\"vcycletech\",\"url\":\"https:\\\/\\\/vcycletech.com\\\/\",\"logo\":{\"@type\":\"ImageObject\",\"inLanguage\":\"es\",\"@id\":\"https:\\\/\\\/vcycletech.com\\\/#\\\/schema\\\/logo\\\/image\\\/\",\"url\":\"https:\\\/\\\/vcycletech.com\\\/wp-content\\\/uploads\\\/2023\\\/03\\\/logo-vcycletech-1.png\",\"contentUrl\":\"https:\\\/\\\/vcycletech.com\\\/wp-content\\\/uploads\\\/2023\\\/03\\\/logo-vcycletech-1.png\",\"width\":600,\"height\":400,\"caption\":\"vcycletech\"},\"image\":{\"@id\":\"https:\\\/\\\/vcycletech.com\\\/#\\\/schema\\\/logo\\\/image\\\/\"}}]}<\/script>\n<!-- \/ Yoast SEO Premium plugin. -->","yoast_head_json":{"title":"\u00c1cido L-glut\u00e1mico, \u00e1cido N,N-diac\u00e9tico, sal tetras\u00f3dica (GLDA.Na4) - vcycletech","description":"venta al por mayor de china &quot;\u00e1cido L-glut\u00e1mico, \u00e1cido N, N-diac\u00e9tico, sal tetras\u00f3dica (GLDA.Na4)&quot;","robots":{"index":"index","follow":"follow","max-snippet":"max-snippet:-1","max-image-preview":"max-image-preview:large","max-video-preview":"max-video-preview:-1"},"canonical":"https:\/\/vcycletech.com\/es\/producto\/acido-glutamico-acido-diacetico\/","og_locale":"es_MX","og_type":"article","og_title":"L-glutamic Acid,N,N-diacetic Acid, Tetrasodium Salt(GLDA.Na4)","og_description":"china wholesale \"L-glutamic Acid,N,N-diacetic Acid, Tetrasodium Salt(GLDA.Na4)\"","og_url":"https:\/\/vcycletech.com\/es\/producto\/acido-glutamico-acido-diacetico\/","og_site_name":"vcycletech","article_modified_time":"2023-03-19T11:38:28+00:00","og_image":[{"width":600,"height":600,"url":"https:\/\/vcycletech.com\/wp-content\/uploads\/2023\/03\/1-14.png","type":"image\/png"}],"twitter_card":"summary_large_image","twitter_misc":{"Tiempo de lectura":"2 minutos"},"schema":{"@context":"https:\/\/schema.org","@graph":[{"@type":"WebPage","@id":"https:\/\/vcycletech.com\/product\/glutamic-acid-diacetic-acid\/","url":"https:\/\/vcycletech.com\/product\/glutamic-acid-diacetic-acid\/","name":"\u00c1cido L-glut\u00e1mico, \u00e1cido N,N-diac\u00e9tico, sal tetras\u00f3dica (GLDA.Na4) - vcycletech","isPartOf":{"@id":"https:\/\/vcycletech.com\/#website"},"primaryImageOfPage":{"@id":"https:\/\/vcycletech.com\/product\/glutamic-acid-diacetic-acid\/#primaryimage"},"image":{"@id":"https:\/\/vcycletech.com\/product\/glutamic-acid-diacetic-acid\/#primaryimage"},"thumbnailUrl":"https:\/\/vcycletech.com\/wp-content\/uploads\/2023\/03\/1-14.png","datePublished":"2023-03-19T11:38:27+00:00","dateModified":"2023-03-19T11:38:28+00:00","description":"venta al por mayor de china &quot;\u00e1cido L-glut\u00e1mico, \u00e1cido N, N-diac\u00e9tico, sal tetras\u00f3dica (GLDA.Na4)&quot;","breadcrumb":{"@id":"https:\/\/vcycletech.com\/product\/glutamic-acid-diacetic-acid\/#breadcrumb"},"inLanguage":"es","potentialAction":[{"@type":"ReadAction","target":["https:\/\/vcycletech.com\/product\/glutamic-acid-diacetic-acid\/"]}]},{"@type":"ImageObject","inLanguage":"es","@id":"https:\/\/vcycletech.com\/product\/glutamic-acid-diacetic-acid\/#primaryimage","url":"https:\/\/vcycletech.com\/wp-content\/uploads\/2023\/03\/1-14.png","contentUrl":"https:\/\/vcycletech.com\/wp-content\/uploads\/2023\/03\/1-14.png","width":600,"height":600,"caption":"L-glutamic Acid,N,N-diacetic Acid, Tetrasodium Salt(GLDA.Na4)"},{"@type":"BreadcrumbList","@id":"https:\/\/vcycletech.com\/product\/glutamic-acid-diacetic-acid\/#breadcrumb","itemListElement":[{"@type":"ListItem","position":1,"name":"Home","item":"https:\/\/vcycletech.com\/"},{"@type":"ListItem","position":2,"name":"Water Treatment Chemicals Manufacturer","item":"https:\/\/vcycletech.com\/water-treatment-chemicals-manufacturer\/"},{"@type":"ListItem","position":3,"name":"L-glutamic Acid,N,N-diacetic Acid, Tetrasodium Salt(GLDA.Na4)"}]},{"@type":"WebSite","@id":"https:\/\/vcycletech.com\/#website","url":"https:\/\/vcycletech.com\/","name":"vcycletech","description":"El principal proveedor de productos qu\u00edmicos para el tratamiento del agua de China y #039;","publisher":{"@id":"https:\/\/vcycletech.com\/#organization"},"potentialAction":[{"@type":"SearchAction","target":{"@type":"EntryPoint","urlTemplate":"https:\/\/vcycletech.com\/?s={search_term_string}"},"query-input":{"@type":"PropertyValueSpecification","valueRequired":true,"valueName":"search_term_string"}}],"inLanguage":"es"},{"@type":"Organization","@id":"https:\/\/vcycletech.com\/#organization","name":"vcycletech","url":"https:\/\/vcycletech.com\/","logo":{"@type":"ImageObject","inLanguage":"es","@id":"https:\/\/vcycletech.com\/#\/schema\/logo\/image\/","url":"https:\/\/vcycletech.com\/wp-content\/uploads\/2023\/03\/logo-vcycletech-1.png","contentUrl":"https:\/\/vcycletech.com\/wp-content\/uploads\/2023\/03\/logo-vcycletech-1.png","width":600,"height":400,"caption":"vcycletech"},"image":{"@id":"https:\/\/vcycletech.com\/#\/schema\/logo\/image\/"}}]}},"_links":{"self":[{"href":"https:\/\/vcycletech.com\/es\/wp-json\/wp\/v2\/product\/959","targetHints":{"allow":["GET"]}}],"collection":[{"href":"https:\/\/vcycletech.com\/es\/wp-json\/wp\/v2\/product"}],"about":[{"href":"https:\/\/vcycletech.com\/es\/wp-json\/wp\/v2\/types\/product"}],"wp:featuredmedia":[{"embeddable":true,"href":"https:\/\/vcycletech.com\/es\/wp-json\/wp\/v2\/media\/966"}],"wp:attachment":[{"href":"https:\/\/vcycletech.com\/es\/wp-json\/wp\/v2\/media?parent=959"}],"wp:term":[{"taxonomy":"product_brand","embeddable":true,"href":"https:\/\/vcycletech.com\/es\/wp-json\/wp\/v2\/product_brand?post=959"},{"taxonomy":"product_cat","embeddable":true,"href":"https:\/\/vcycletech.com\/es\/wp-json\/wp\/v2\/product_cat?post=959"},{"taxonomy":"product_tag","embeddable":true,"href":"https:\/\/vcycletech.com\/es\/wp-json\/wp\/v2\/product_tag?post=959"}],"curies":[{"name":"wp","href":"https:\/\/api.w.org\/{rel}","templated":true}]}}