{"id":946,"date":"2023-03-18T12:06:17","date_gmt":"2023-03-18T12:06:17","guid":{"rendered":"https:\/\/vcycletech.com\/?post_type=product&#038;p=946"},"modified":"2023-03-18T12:08:53","modified_gmt":"2023-03-18T12:08:53","slug":"pbtcna4","status":"publish","type":"product","link":"https:\/\/vcycletech.com\/es\/producto\/pbtcna4\/","title":{"rendered":"Sal s\u00f3dica del \u00e1cido 2-fosfonobutano -1,2,4-tricarbox\u00edlico (PBTC\u2022Na4)"},"content":{"rendered":"<h3>N\u00ba CAS 40372-66-5<\/h3>\n<p><strong>F\u00f3rmula molecular: C7H7O9P\u2022Na4 Peso molecular: 358<\/strong><\/p>\n<h3>Estructura:<\/h3>\n<p><img fetchpriority=\"high\" decoding=\"async\" class=\"alignnone wp-image-954 size-full\" src=\"https:\/\/vcycletech.com\/wp-content\/uploads\/2023\/03\/1-12.png\" alt=\"Sal s\u00f3dica del \u00e1cido 2-fosfonobutano -1,2,4-tricarbox\u00edlico (PBTC\u2022Na4)\" width=\"600\" height=\"400\" srcset=\"https:\/\/vcycletech.com\/wp-content\/uploads\/2023\/03\/1-12.png 600w, https:\/\/vcycletech.com\/wp-content\/uploads\/2023\/03\/1-12-300x200.png 300w\" sizes=\"(max-width: 600px) 100vw, 600px\" \/><\/p>\n<h3>Propiedades:<\/h3>\n<p class=\"my-0.5\"><strong>PBTC\u2022Na4<\/strong> es un eficaz inhibidor de incrustaciones y corrosi\u00f3n con un bajo contenido de f\u00f3sforo. Su estructura \u00fanica, que contiene grupos de \u00e1cido fosf\u00f3nico y \u00e1cido carbox\u00edlico, le otorga propiedades superiores de inhibici\u00f3n de incrustaciones incluso a altas temperaturas. Esto lo hace mucho m\u00e1s eficaz que los organofosforados. PBTC\u2022Na4 tambi\u00e9n puede mejorar la solubilidad de la sal de zinc, tiene buena tolerancia a la oxidaci\u00f3n del cloro y proporciona una excelente sinergia compuesta. Tambi\u00e9n es f\u00e1cil de delicuescer en su estado s\u00f3lido.<\/p>\n<h3>Especificaci\u00f3n:<\/h3>\n<div id=\"footable_parent_955\"\n         class=\"footable_parent ninja_table_wrapper loading_ninja_table wp_table_data_press_parent semantic_ui\">\n                <table data-ninja_table_instance=\"ninja_table_instance_0\" data-footable_id=\"955\" data-filter-delay=\"1000\" aria-label=\"(PBTC\u2022Na4).csv\"            id=\"footable_955\"\n           data-unique_identifier=\"ninja_table_unique_id_3281396055_955\"\n           class=\"foo-table ninja_footable foo_table_955 ninja_table_unique_id_3281396055_955 ui table  nt_type_legacy_table selectable striped vertical_centered  footable-paging-right ninja_table_pro\">\n                <colgroup>\n                            <col class=\"ninja_column_0\">\n                            <col class=\"ninja_column_1\">\n                            <col class=\"ninja_column_2\">\n                    <\/colgroup>\n        <thead>\n<tr class=\"footable-header\">\n                                                        <th scope=\"col\"  class=\"ninja_column_0 ninja_clmn_nm_tems\">art\u00edculos<\/th><th scope=\"col\"  class=\"ninja_column_1 ninja_clmn_nm_index\">\u00cdndice<\/th><th scope=\"col\"  class=\"ninja_column_2 ninja_clmn_nm_ninja_column_3\"><\/th><\/tr>\n<\/thead>\n<tbody>\n\n        <tr data-row_id=\"148\" class=\"ninja_table_row_0 nt_row_id_148\">\n            <td>Apariencia<\/td><td>L\u00edquido transparente incoloro a amarillento<\/td><td>polvo de cristal blanco<\/td>        <\/tr>\n            <tr data-row_id=\"149\" class=\"ninja_table_row_1 nt_row_id_149\">\n            <td>Contenido activo (como PBTCA, %)<\/td><td>30,0 minutos<\/td><td>64,0 minutos<\/td>        <\/tr>\n            <tr data-row_id=\"150\" class=\"ninja_table_row_2 nt_row_id_150\">\n            <td>Contenido activo (como PBTC\u2022Na4, %)<\/td><td>40,0 minutos<\/td><td>85,0 minutos<\/td>        <\/tr>\n            <tr data-row_id=\"151\" class=\"ninja_table_row_3 nt_row_id_151\">\n            <td>\u00c1cido fosf\u00f3rico total (PO43-%, )<\/td><td>10,5 minutos<\/td><td>22,5 minutos<\/td>        <\/tr>\n            <tr data-row_id=\"152\" class=\"ninja_table_row_4 nt_row_id_152\">\n            <td>Fe, mg\/L<\/td><td>-<\/td><td>20,0 m\u00e1x.<\/td>        <\/tr>\n            <tr data-row_id=\"153\" class=\"ninja_table_row_5 nt_row_id_153\">\n            <td>Densidad (20\u2103) g\/cm3<\/td><td>1,35 minutos<\/td><td>-<\/td>        <\/tr>\n            <tr data-row_id=\"154\" class=\"ninja_table_row_6 nt_row_id_154\">\n            <td>PH (soluci\u00f3n de agua 1%)<\/td><td>9.0-12.0<\/td><td>4.0-6.0<\/td>        <\/tr>\n    <\/tbody><!--ninja_tobody_rendering_done-->\n    <\/table>\n    \n    \n    \n<\/div>\n\n<h3>Uso:<\/h3>\n<p><strong>PBTC\u2022Na4<\/strong> es un inhibidor compuesto altamente efectivo de incrustaciones y corrosi\u00f3n que se usa ampliamente. Es un excelente estabilizador para la sal de zinc y puede usarse en ambientes de alta temperatura, dureza, alcalinos y de alta concentraci\u00f3n. Cuando se combina con otros productos qu\u00edmicos para el tratamiento del agua, como sal de zinc, copol\u00edmero, organofosfina e imidazol, <strong>PBTC\u2022Na4<\/strong> Proporciona un rendimiento excepcional como agente quelante y detergente para metales.<\/p>\n<h3>Paquete y almacenamiento:<\/h3>\n<h4>L\u00edquido<\/h4>\n<ul>\n<li>Bid\u00f3n pl\u00e1stico 200L<\/li>\n<li>GRG (1000L)<\/li>\n<li>Personalizable seg\u00fan los requisitos del cliente<\/li>\n<li>Apto para almacenamiento en habitaciones sombreadas y lugares secos hasta 10 meses<\/li>\n<\/ul>\n<h4>S\u00f3lido<\/h4>\n<ul>\n<li>25kg\/bolsa<\/li>\n<li>Personalizable seg\u00fan los requisitos del cliente<\/li>\n<li>Adecuado para almacenamiento en habitaciones sombreadas y lugares secos hasta por 1 a\u00f1o<\/li>\n<\/ul>","protected":false},"excerpt":{"rendered":"<p><strong>Sal s\u00f3dica del \u00e1cido 2-fosfonobutano -1,2,4-tricarbox\u00edlico (PBTC\u2022Na4)<\/strong> es un inhibidor de incrustaciones muy eficaz utilizado en aplicaciones industriales. Tiene un CAS No. de 40372-66-5 y una f\u00f3rmula molecular de C7H7O9P\u2022Na4 con un peso molecular de 358. PBTC\u2022Na4 puede mejorar la solubilidad de la sal de zinc y tiene buena tolerancia a la oxidaci\u00f3n del cloro y estabilidad t\u00e9rmica. Es una soluci\u00f3n acuosa de 41% con bajo contenido en f\u00f3sforo. PBTC\u2022Na4 es una opci\u00f3n ideal para aplicaciones industriales donde la inhibici\u00f3n de incrustaciones es importante.<\/p>","protected":false},"featured_media":952,"template":"","meta":{"site-sidebar-layout":"default","site-content-layout":"default","ast-site-content-layout":"default","site-content-style":"default","site-sidebar-style":"default","ast-global-header-display":"","ast-banner-title-visibility":"","ast-main-header-display":"","ast-hfb-above-header-display":"","ast-hfb-below-header-display":"","ast-hfb-mobile-header-display":"","site-post-title":"","ast-breadcrumbs-content":"","ast-featured-img":"","footer-sml-layout":"","ast-disable-related-posts":"","theme-transparent-header-meta":"default","adv-header-id-meta":"","stick-header-meta":"default","header-above-stick-meta":"","header-main-stick-meta":"","header-below-stick-meta":"","astra-migrate-meta-layouts":"default","ast-page-background-enabled":"default","ast-page-background-meta":{"desktop":{"background-color":"","background-image":"","background-repeat":"repeat","background-position":"center center","background-size":"auto","background-attachment":"scroll","background-type":"","background-media":"","overlay-type":"","overlay-color":"","overlay-opacity":"","overlay-gradient":""},"tablet":{"background-color":"","background-image":"","background-repeat":"repeat","background-position":"center center","background-size":"auto","background-attachment":"scroll","background-type":"","background-media":"","overlay-type":"","overlay-color":"","overlay-opacity":"","overlay-gradient":""},"mobile":{"background-color":"","background-image":"","background-repeat":"repeat","background-position":"center center","background-size":"auto","background-attachment":"scroll","background-type":"","background-media":"","overlay-type":"","overlay-color":"","overlay-opacity":"","overlay-gradient":""}},"ast-content-background-meta":{"desktop":{"background-color":"var(--ast-global-color-5)","background-image":"","background-repeat":"repeat","background-position":"center center","background-size":"auto","background-attachment":"scroll","background-type":"","background-media":"","overlay-type":"","overlay-color":"","overlay-opacity":"","overlay-gradient":""},"tablet":{"background-color":"var(--ast-global-color-5)","background-image":"","background-repeat":"repeat","background-position":"center center","background-size":"auto","background-attachment":"scroll","background-type":"","background-media":"","overlay-type":"","overlay-color":"","overlay-opacity":"","overlay-gradient":""},"mobile":{"background-color":"var(--ast-global-color-5)","background-image":"","background-repeat":"repeat","background-position":"center center","background-size":"auto","background-attachment":"scroll","background-type":"","background-media":"","overlay-type":"","overlay-color":"","overlay-opacity":"","overlay-gradient":""}}},"product_brand":[],"product_cat":[27],"product_tag":[],"class_list":{"0":"post-946","1":"product","2":"type-product","3":"status-publish","4":"has-post-thumbnail","6":"product_cat-salts-of-phosphonates","7":"desktop-align-left","8":"tablet-align-left","9":"mobile-align-left","10":"ast-product-gallery-layout-horizontal-slider","11":"ast-product-gallery-with-no-image","12":"ast-product-tabs-layout-horizontal","14":"first","15":"instock","16":"shipping-taxable","17":"product-type-simple"},"yoast_head":"<!-- This site is optimized with the Yoast SEO Premium plugin v26.3 (Yoast SEO v27.3) - https:\/\/yoast.com\/product\/yoast-seo-premium-wordpress\/ -->\n<title>2-Phosphonobutane -1,2,4-Tricarboxylic Acid, Sodium salt (PBTC\u2022Na4) - vcycletech<\/title>\n<meta name=\"description\" content=\"Quality &quot;2-Phosphonobutane -1,2,4-Tricarboxylic Acid, Sodium salt (PBTC\u2022Na4)&quot; products from china manufacturer vcycletech. Find the best quality of &quot;2-Phosphonobutane\" \/>\n<meta name=\"robots\" content=\"index, follow, max-snippet:-1, max-image-preview:large, max-video-preview:-1\" \/>\n<link rel=\"canonical\" href=\"https:\/\/vcycletech.com\/es\/producto\/pbtcna4\/\" \/>\n<meta property=\"og:locale\" content=\"es_MX\" \/>\n<meta property=\"og:type\" content=\"article\" \/>\n<meta property=\"og:title\" content=\"2-Phosphonobutane -1,2,4-Tricarboxylic Acid, Sodium salt (PBTC\u2022Na4)\" \/>\n<meta property=\"og:description\" content=\"Quality &quot;2-Phosphonobutane -1,2,4-Tricarboxylic Acid, Sodium salt (PBTC\u2022Na4)&quot; products from china manufacturer vcycletech. Find the best quality of &quot;2-Phosphonobutane\" \/>\n<meta property=\"og:url\" content=\"https:\/\/vcycletech.com\/es\/producto\/pbtcna4\/\" \/>\n<meta property=\"og:site_name\" content=\"vcycletech\" \/>\n<meta property=\"article:modified_time\" content=\"2023-03-18T12:08:53+00:00\" \/>\n<meta property=\"og:image\" content=\"https:\/\/vcycletech.com\/wp-content\/uploads\/2023\/03\/1-11.png\" \/>\n\t<meta property=\"og:image:width\" content=\"600\" \/>\n\t<meta property=\"og:image:height\" content=\"600\" \/>\n\t<meta property=\"og:image:type\" content=\"image\/png\" \/>\n<meta name=\"twitter:card\" content=\"summary_large_image\" \/>\n<meta name=\"twitter:label1\" content=\"Tiempo de lectura\" \/>\n\t<meta name=\"twitter:data1\" content=\"2 minutos\" \/>\n<script type=\"application\/ld+json\" class=\"yoast-schema-graph\">{\"@context\":\"https:\\\/\\\/schema.org\",\"@graph\":[{\"@type\":\"WebPage\",\"@id\":\"https:\\\/\\\/vcycletech.com\\\/product\\\/pbtcna4\\\/\",\"url\":\"https:\\\/\\\/vcycletech.com\\\/product\\\/pbtcna4\\\/\",\"name\":\"2-Phosphonobutane -1,2,4-Tricarboxylic Acid, Sodium salt (PBTC\u2022Na4) - vcycletech\",\"isPartOf\":{\"@id\":\"https:\\\/\\\/vcycletech.com\\\/#website\"},\"primaryImageOfPage\":{\"@id\":\"https:\\\/\\\/vcycletech.com\\\/product\\\/pbtcna4\\\/#primaryimage\"},\"image\":{\"@id\":\"https:\\\/\\\/vcycletech.com\\\/product\\\/pbtcna4\\\/#primaryimage\"},\"thumbnailUrl\":\"https:\\\/\\\/vcycletech.com\\\/wp-content\\\/uploads\\\/2023\\\/03\\\/1-11.png\",\"datePublished\":\"2023-03-18T12:06:17+00:00\",\"dateModified\":\"2023-03-18T12:08:53+00:00\",\"description\":\"Quality \\\"2-Phosphonobutane -1,2,4-Tricarboxylic Acid, Sodium salt (PBTC\u2022Na4)\\\" products from china manufacturer vcycletech. Find the best quality of \\\"2-Phosphonobutane\",\"breadcrumb\":{\"@id\":\"https:\\\/\\\/vcycletech.com\\\/product\\\/pbtcna4\\\/#breadcrumb\"},\"inLanguage\":\"es\",\"potentialAction\":[{\"@type\":\"ReadAction\",\"target\":[\"https:\\\/\\\/vcycletech.com\\\/product\\\/pbtcna4\\\/\"]}]},{\"@type\":\"ImageObject\",\"inLanguage\":\"es\",\"@id\":\"https:\\\/\\\/vcycletech.com\\\/product\\\/pbtcna4\\\/#primaryimage\",\"url\":\"https:\\\/\\\/vcycletech.com\\\/wp-content\\\/uploads\\\/2023\\\/03\\\/1-11.png\",\"contentUrl\":\"https:\\\/\\\/vcycletech.com\\\/wp-content\\\/uploads\\\/2023\\\/03\\\/1-11.png\",\"width\":600,\"height\":600,\"caption\":\"2-Phosphonobutane -1,2,4-Tricarboxylic Acid, Sodium salt (PBTC\u2022Na4)\"},{\"@type\":\"BreadcrumbList\",\"@id\":\"https:\\\/\\\/vcycletech.com\\\/product\\\/pbtcna4\\\/#breadcrumb\",\"itemListElement\":[{\"@type\":\"ListItem\",\"position\":1,\"name\":\"Home\",\"item\":\"https:\\\/\\\/vcycletech.com\\\/\"},{\"@type\":\"ListItem\",\"position\":2,\"name\":\"Water Treatment Chemicals Manufacturer\",\"item\":\"https:\\\/\\\/vcycletech.com\\\/water-treatment-chemicals-manufacturer\\\/\"},{\"@type\":\"ListItem\",\"position\":3,\"name\":\"2-Phosphonobutane -1,2,4-Tricarboxylic Acid, Sodium salt (PBTC\u2022Na4)\"}]},{\"@type\":\"WebSite\",\"@id\":\"https:\\\/\\\/vcycletech.com\\\/#website\",\"url\":\"https:\\\/\\\/vcycletech.com\\\/\",\"name\":\"vcycletech\",\"description\":\"China&#039;s top water treatment chemicals supplier\",\"publisher\":{\"@id\":\"https:\\\/\\\/vcycletech.com\\\/#organization\"},\"potentialAction\":[{\"@type\":\"SearchAction\",\"target\":{\"@type\":\"EntryPoint\",\"urlTemplate\":\"https:\\\/\\\/vcycletech.com\\\/?s={search_term_string}\"},\"query-input\":{\"@type\":\"PropertyValueSpecification\",\"valueRequired\":true,\"valueName\":\"search_term_string\"}}],\"inLanguage\":\"es\"},{\"@type\":\"Organization\",\"@id\":\"https:\\\/\\\/vcycletech.com\\\/#organization\",\"name\":\"vcycletech\",\"url\":\"https:\\\/\\\/vcycletech.com\\\/\",\"logo\":{\"@type\":\"ImageObject\",\"inLanguage\":\"es\",\"@id\":\"https:\\\/\\\/vcycletech.com\\\/#\\\/schema\\\/logo\\\/image\\\/\",\"url\":\"https:\\\/\\\/vcycletech.com\\\/wp-content\\\/uploads\\\/2023\\\/03\\\/logo-vcycletech-1.png\",\"contentUrl\":\"https:\\\/\\\/vcycletech.com\\\/wp-content\\\/uploads\\\/2023\\\/03\\\/logo-vcycletech-1.png\",\"width\":600,\"height\":400,\"caption\":\"vcycletech\"},\"image\":{\"@id\":\"https:\\\/\\\/vcycletech.com\\\/#\\\/schema\\\/logo\\\/image\\\/\"}}]}<\/script>\n<!-- \/ Yoast SEO Premium plugin. -->","yoast_head_json":{"title":"\u00c1cido 2-fosfonobutano -1,2,4-tricarbox\u00edlico, sal s\u00f3dica (PBTC\u2022Na4) - vcycletech","description":"Productos de calidad &quot;2-fosfonobutano -1,2,4-\u00e1cido tricarbox\u00edlico, sal de sodio (PBTC\u2022Na4)&quot; del fabricante chino vcycletech. Encuentra la mejor calidad de &quot;2-Fosfonobutano","robots":{"index":"index","follow":"follow","max-snippet":"max-snippet:-1","max-image-preview":"max-image-preview:large","max-video-preview":"max-video-preview:-1"},"canonical":"https:\/\/vcycletech.com\/es\/producto\/pbtcna4\/","og_locale":"es_MX","og_type":"article","og_title":"2-Phosphonobutane -1,2,4-Tricarboxylic Acid, Sodium salt (PBTC\u2022Na4)","og_description":"Quality \"2-Phosphonobutane -1,2,4-Tricarboxylic Acid, Sodium salt (PBTC\u2022Na4)\" products from china manufacturer vcycletech. Find the best quality of \"2-Phosphonobutane","og_url":"https:\/\/vcycletech.com\/es\/producto\/pbtcna4\/","og_site_name":"vcycletech","article_modified_time":"2023-03-18T12:08:53+00:00","og_image":[{"width":600,"height":600,"url":"https:\/\/vcycletech.com\/wp-content\/uploads\/2023\/03\/1-11.png","type":"image\/png"}],"twitter_card":"summary_large_image","twitter_misc":{"Tiempo de lectura":"2 minutos"},"schema":{"@context":"https:\/\/schema.org","@graph":[{"@type":"WebPage","@id":"https:\/\/vcycletech.com\/product\/pbtcna4\/","url":"https:\/\/vcycletech.com\/product\/pbtcna4\/","name":"\u00c1cido 2-fosfonobutano -1,2,4-tricarbox\u00edlico, sal s\u00f3dica (PBTC\u2022Na4) - vcycletech","isPartOf":{"@id":"https:\/\/vcycletech.com\/#website"},"primaryImageOfPage":{"@id":"https:\/\/vcycletech.com\/product\/pbtcna4\/#primaryimage"},"image":{"@id":"https:\/\/vcycletech.com\/product\/pbtcna4\/#primaryimage"},"thumbnailUrl":"https:\/\/vcycletech.com\/wp-content\/uploads\/2023\/03\/1-11.png","datePublished":"2023-03-18T12:06:17+00:00","dateModified":"2023-03-18T12:08:53+00:00","description":"Productos de calidad &quot;2-fosfonobutano -1,2,4-\u00e1cido tricarbox\u00edlico, sal de sodio (PBTC\u2022Na4)&quot; del fabricante chino vcycletech. Encuentra la mejor calidad de &quot;2-Fosfonobutano","breadcrumb":{"@id":"https:\/\/vcycletech.com\/product\/pbtcna4\/#breadcrumb"},"inLanguage":"es","potentialAction":[{"@type":"ReadAction","target":["https:\/\/vcycletech.com\/product\/pbtcna4\/"]}]},{"@type":"ImageObject","inLanguage":"es","@id":"https:\/\/vcycletech.com\/product\/pbtcna4\/#primaryimage","url":"https:\/\/vcycletech.com\/wp-content\/uploads\/2023\/03\/1-11.png","contentUrl":"https:\/\/vcycletech.com\/wp-content\/uploads\/2023\/03\/1-11.png","width":600,"height":600,"caption":"2-Phosphonobutane -1,2,4-Tricarboxylic Acid, Sodium salt (PBTC\u2022Na4)"},{"@type":"BreadcrumbList","@id":"https:\/\/vcycletech.com\/product\/pbtcna4\/#breadcrumb","itemListElement":[{"@type":"ListItem","position":1,"name":"Home","item":"https:\/\/vcycletech.com\/"},{"@type":"ListItem","position":2,"name":"Water Treatment Chemicals Manufacturer","item":"https:\/\/vcycletech.com\/water-treatment-chemicals-manufacturer\/"},{"@type":"ListItem","position":3,"name":"2-Phosphonobutane -1,2,4-Tricarboxylic Acid, Sodium salt (PBTC\u2022Na4)"}]},{"@type":"WebSite","@id":"https:\/\/vcycletech.com\/#website","url":"https:\/\/vcycletech.com\/","name":"vcycletech","description":"El principal proveedor de productos qu\u00edmicos para el tratamiento del agua de China y #039;","publisher":{"@id":"https:\/\/vcycletech.com\/#organization"},"potentialAction":[{"@type":"SearchAction","target":{"@type":"EntryPoint","urlTemplate":"https:\/\/vcycletech.com\/?s={search_term_string}"},"query-input":{"@type":"PropertyValueSpecification","valueRequired":true,"valueName":"search_term_string"}}],"inLanguage":"es"},{"@type":"Organization","@id":"https:\/\/vcycletech.com\/#organization","name":"vcycletech","url":"https:\/\/vcycletech.com\/","logo":{"@type":"ImageObject","inLanguage":"es","@id":"https:\/\/vcycletech.com\/#\/schema\/logo\/image\/","url":"https:\/\/vcycletech.com\/wp-content\/uploads\/2023\/03\/logo-vcycletech-1.png","contentUrl":"https:\/\/vcycletech.com\/wp-content\/uploads\/2023\/03\/logo-vcycletech-1.png","width":600,"height":400,"caption":"vcycletech"},"image":{"@id":"https:\/\/vcycletech.com\/#\/schema\/logo\/image\/"}}]}},"_links":{"self":[{"href":"https:\/\/vcycletech.com\/es\/wp-json\/wp\/v2\/product\/946","targetHints":{"allow":["GET"]}}],"collection":[{"href":"https:\/\/vcycletech.com\/es\/wp-json\/wp\/v2\/product"}],"about":[{"href":"https:\/\/vcycletech.com\/es\/wp-json\/wp\/v2\/types\/product"}],"wp:featuredmedia":[{"embeddable":true,"href":"https:\/\/vcycletech.com\/es\/wp-json\/wp\/v2\/media\/952"}],"wp:attachment":[{"href":"https:\/\/vcycletech.com\/es\/wp-json\/wp\/v2\/media?parent=946"}],"wp:term":[{"taxonomy":"product_brand","embeddable":true,"href":"https:\/\/vcycletech.com\/es\/wp-json\/wp\/v2\/product_brand?post=946"},{"taxonomy":"product_cat","embeddable":true,"href":"https:\/\/vcycletech.com\/es\/wp-json\/wp\/v2\/product_cat?post=946"},{"taxonomy":"product_tag","embeddable":true,"href":"https:\/\/vcycletech.com\/es\/wp-json\/wp\/v2\/product_tag?post=946"}],"curies":[{"name":"wp","href":"https:\/\/api.w.org\/{rel}","templated":true}]}}