{"id":932,"date":"2023-03-18T11:33:45","date_gmt":"2023-03-18T11:33:45","guid":{"rendered":"https:\/\/vcycletech.com\/?post_type=product&#038;p=932"},"modified":"2023-03-27T07:17:46","modified_gmt":"2023-03-27T07:17:46","slug":"tethmp","status":"publish","type":"product","link":"https:\/\/vcycletech.com\/es\/producto\/tethmp\/","title":{"rendered":"Sal de sodio del \u00e1cido trietilentetramina hexmetanef\u00f3nico (TETHMP)"},"content":{"rendered":"<h3 id=\"molecular20formula20c12h24o18n4p6na12_12\" class=\"xsj_heading_hash xsj_heading xsj_heading_h3\" data-source-line=\"82\" data-source-line-display=\"true\"><span class=\"xsj_heading_content\">F\u00f3rmula molecular: C12H24O18N4P6Na12<\/span><\/h3>\n<div class=\"xiaoshujiang_element xsj_anchor\"><a class=\"blank_anchor_name\" name=\"molecular20weight20974_13\"><\/a><a id=\"molecular20weight20974_13\" class=\"blank_anchor_id\"><\/a><a class=\"blank_anchor_name\" name=\"molecular-weight-974\"><\/a><a id=\"molecular-weight-974\" class=\"blank_anchor_id\"><\/a><\/div>\n<h3 id=\"molecular20weight20974_13\" class=\"xsj_heading_hash xsj_heading xsj_heading_h3\" data-source-line=\"84\" data-source-line-display=\"true\"><span class=\"xsj_heading_content\">Peso molecular: 974<\/span><\/h3>\n<div class=\"xiaoshujiang_element xsj_anchor\"><a class=\"blank_anchor_name\" name=\"structural20formula_14\"><\/a><a id=\"structural20formula_14\" class=\"blank_anchor_id\"><\/a><a class=\"blank_anchor_name\" name=\"structural-formula\"><\/a><a id=\"structural-formula\" class=\"blank_anchor_id\"><\/a><\/div>\n<h3 id=\"structural20formula_14\" class=\"xsj_heading_hash xsj_heading xsj_heading_h3\" data-source-line=\"86\" data-source-line-display=\"true\"><span class=\"xsj_heading_content\">F\u00f3rmula estructural:<\/span><\/h3>\n<p><img fetchpriority=\"high\" decoding=\"async\" class=\"alignnone size-full wp-image-940\" src=\"https:\/\/vcycletech.com\/wp-content\/uploads\/2023\/03\/\u672a\u547d\u540d\u7684\u8bbe\u8ba1-3.png\" alt=\"Sal de sodio del \u00e1cido trietilentetramina hexmetanef\u00f3nico (TETHMP)\" width=\"600\" height=\"200\" srcset=\"https:\/\/vcycletech.com\/wp-content\/uploads\/2023\/03\/\u672a\u547d\u540d\u7684\u8bbe\u8ba1-3.png 600w, https:\/\/vcycletech.com\/wp-content\/uploads\/2023\/03\/\u672a\u547d\u540d\u7684\u8bbe\u8ba1-3-300x100.png 300w\" sizes=\"(max-width: 600px) 100vw, 600px\" \/><\/p>\n<h2 id=\"introduction_4\" class=\"xsj_heading_hash xsj_heading xsj_heading_h2\" data-source-line=\"46\" data-source-line-display=\"true\"><span class=\"xsj_heading_content\">Introducci\u00f3n<\/span><\/h2>\n<p class=\"xsj_paragraph xsj_paragraph_level_0\" data-source-line=\"48\" data-source-line-display=\"true\">El tratamiento del agua es un aspecto cr\u00edtico para mantener niveles adecuados de salud y seguridad tanto en entornos p\u00fablicos como industriales. Sal de sodio del \u00e1cido trietilentetramina hexmetanof\u00f3nico, o <strong>TETHMP<\/strong>, es un agente qu\u00edmico esencial en el tratamiento eficaz del agua en diversas industrias.<\/p>\n<p data-source-line=\"48\" data-source-line-display=\"true\"><img decoding=\"async\" class=\"alignnone wp-image-937\" src=\"https:\/\/vcycletech.com\/wp-content\/uploads\/2023\/03\/\u6dfb\u52a0\u526f\u6807\u9898-2.jpg\" alt=\"Sal de sodio del \u00e1cido trietilentetramina hexmetanef\u00f3nico (TETHMP)\" width=\"626\" height=\"626\" \/><\/p>\n<div class=\"xiaoshujiang_element xsj_anchor\"><a class=\"blank_anchor_name\" name=\"features20of20tethmp_5\"><\/a><a id=\"features20of20tethmp_5\" class=\"blank_anchor_id\"><\/a><a class=\"blank_anchor_name\" name=\"features-of-tethmp\"><\/a><a id=\"features-of-tethmp\" class=\"blank_anchor_id\"><\/a><\/div>\n<h2 id=\"features20of20tethmp_5\" class=\"xsj_heading_hash xsj_heading xsj_heading_h2\" data-source-line=\"50\" data-source-line-display=\"true\"><span class=\"xsj_heading_content\">Caracter\u00edsticas de TETHMP<\/span><\/h2>\n<p class=\"xsj_paragraph xsj_paragraph_level_0\" data-source-line=\"52\" data-source-line-display=\"true\"><strong class=\"markdown_strong_asterisk\">1) Capacidades notables de inhibici\u00f3n de corrosi\u00f3n e incrustaciones:<\/strong>\u00a0TETHMP es un inhibidor eficaz de incrustaciones y corrosi\u00f3n en sistemas de tratamiento de aguas industriales, que protege equipos valiosos contra el desgaste innecesario y el envejecimiento prematuro. Esto permite ahorros de costos significativos y extiende la vida \u00fatil general de la maquinaria.<\/p>\n<p class=\"xsj_paragraph xsj_paragraph_level_0\" data-source-line=\"54\" data-source-line-display=\"true\"><strong class=\"markdown_strong_asterisk\">2) Alta estabilidad t\u00e9rmica:<\/strong>\u00a0TETHMP tiene una temperatura de descomposici\u00f3n que oscila entre 223 y 245 \u2103, lo que significa que se mantiene estable en condiciones de alta temperatura, lo que lo hace ideal para varios procesos industriales que operan a altas temperaturas.<\/p>\n<p class=\"xsj_paragraph xsj_paragraph_level_0\" data-source-line=\"56\" data-source-line-display=\"true\"><strong class=\"markdown_strong_asterisk\">3) Propiedades de f\u00e1cil degradaci\u00f3n:<\/strong>\u00a0A diferencia de otros agentes de tratamiento de agua, TETHMP es f\u00e1cilmente biodegradable, lo que garantiza un impacto limitado en el medio ambiente durante el proceso de tratamiento de agua.<\/p>\n<p class=\"xsj_paragraph xsj_paragraph_level_0\" data-source-line=\"58\" data-source-line-display=\"true\"><strong class=\"markdown_strong_asterisk\">4) Aplicaciones multiprop\u00f3sito:<\/strong>\u00a0TETHMP es adecuado para varios procesos de tratamiento de agua, incluidas las aguas de refrigeraci\u00f3n municipales e industriales, los estabilizadores de blanqueo de per\u00f3xido, los aditivos para detergentes y las aplicaciones de inhibidores de yacimientos petrol\u00edferos.<\/p>\n<div class=\"xiaoshujiang_element xsj_anchor\"><a class=\"blank_anchor_name\" name=\"faqs20about20tethmp_6\"><\/a><a id=\"faqs20about20tethmp_6\" class=\"blank_anchor_id\"><\/a><a class=\"blank_anchor_name\" name=\"faqs-about-tethmp\"><\/a><a id=\"faqs-about-tethmp\" class=\"blank_anchor_id\"><\/a><\/div>\n<h2 id=\"faqs20about20tethmp_6\" class=\"xsj_heading_hash xsj_heading xsj_heading_h2\" data-source-line=\"60\" data-source-line-display=\"true\"><span class=\"xsj_heading_content\">Preguntas frecuentes sobre TETHMP<\/span><\/h2>\n<div class=\"xiaoshujiang_element xsj_anchor\"><a class=\"blank_anchor_name\" name=\"120what20is20tethmp_7\"><\/a><a id=\"120what20is20tethmp_7\" class=\"blank_anchor_id\"><\/a><a class=\"blank_anchor_name\" name=\"1-what-is-tethmp\"><\/a><a id=\"1-what-is-tethmp\" class=\"blank_anchor_id\"><\/a><\/div>\n<h3 id=\"120what20is20tethmp_7\" class=\"xsj_heading_hash xsj_heading xsj_heading_h3\" data-source-line=\"62\" data-source-line-display=\"true\"><span class=\"xsj_heading_content\">1) \u00bfQu\u00e9 es TETHMP?<\/span><\/h3>\n<p class=\"xsj_paragraph xsj_paragraph_level_0\" data-source-line=\"64\" data-source-line-display=\"true\">TETHMP (sal s\u00f3dica del \u00e1cido hexmetanof\u00f3nico de trietilentetramina) es una sustancia qu\u00edmica utilizada en el tratamiento del agua en diversas industrias. Es conocido por sus notables capacidades de inhibici\u00f3n de escala y corrosi\u00f3n, alta estabilidad t\u00e9rmica y propiedades de degradaci\u00f3n ecol\u00f3gicas.<\/p>\n<div class=\"xiaoshujiang_element xsj_anchor\"><a class=\"blank_anchor_name\" name=\"220how20is20tethmp20used20in20water20treatment20processes_8\"><\/a><a id=\"220how20is20tethmp20used20in20water20treatment20processes_8\" class=\"blank_anchor_id\"><\/a><a class=\"blank_anchor_name\" name=\"2-how-is-tethmp-used-in-water-treatment-processes\"><\/a><a id=\"2-how-is-tethmp-used-in-water-treatment-processes\" class=\"blank_anchor_id\"><\/a><\/div>\n<h3 id=\"220how20is20tethmp20used20in20water20treatment20processes_8\" class=\"xsj_heading_hash xsj_heading xsj_heading_h3\" data-source-line=\"66\" data-source-line-display=\"true\"><span class=\"xsj_heading_content\">2) \u00bfC\u00f3mo se utiliza TETHMP en los procesos de tratamiento de agua?<\/span><\/h3>\n<p class=\"xsj_paragraph xsj_paragraph_level_0\" data-source-line=\"68\" data-source-line-display=\"true\">TETHMP se utiliza como inhibidor de incrustaciones y corrosi\u00f3n en sistemas de tratamiento de aguas industriales, protegiendo m\u00e1quinas y equipos contra el desgaste innecesario y el envejecimiento prematuro. Debido a su alta estabilidad t\u00e9rmica, es ideal para operaciones a alta temperatura y efectivo en el tratamiento de aguas de enfriamiento, estabilizadores de blanqueo de per\u00f3xido, aditivos para detergentes y aplicaciones de inhibidores de yacimientos petrol\u00edferos.<\/p>\n<div class=\"xiaoshujiang_element xsj_anchor\"><a class=\"blank_anchor_name\" name=\"320is20tethmp20safe20for20the20environment_9\"><\/a><a id=\"320is20tethmp20safe20for20the20environment_9\" class=\"blank_anchor_id\"><\/a><a class=\"blank_anchor_name\" name=\"3-is-tethmp-safe-for-the-environment\"><\/a><a id=\"3-is-tethmp-safe-for-the-environment\" class=\"blank_anchor_id\"><\/a><\/div>\n<h3 id=\"320is20tethmp20safe20for20the20environment_9\" class=\"xsj_heading_hash xsj_heading xsj_heading_h3\" data-source-line=\"70\" data-source-line-display=\"true\"><span class=\"xsj_heading_content\">3) \u00bfTETHMP es seguro para el medio ambiente?<\/span><\/h3>\n<p class=\"xsj_paragraph xsj_paragraph_level_0\" data-source-line=\"72\" data-source-line-display=\"true\">S\u00ed, dado que TETHMP es f\u00e1cilmente biodegradable, tiene un impacto limitado en el medio ambiente durante los procesos de tratamiento de agua. Esta propiedad de f\u00e1cil degradaci\u00f3n lo hace excepcionalmente seguro de usar en aplicaciones de tratamiento de agua tanto industriales como municipales.<\/p>\n<div class=\"xiaoshujiang_element xsj_anchor\"><a class=\"blank_anchor_name\" name=\"420can20tethmp20be20used20in20high-temperature20operations_10\"><\/a><a id=\"420can20tethmp20be20used20in20high-temperature20operations_10\" class=\"blank_anchor_id\"><\/a><a class=\"blank_anchor_name\" name=\"4-can-tethmp-be-used-in-high-temperature-operations\"><\/a><a id=\"4-can-tethmp-be-used-in-high-temperature-operations\" class=\"blank_anchor_id\"><\/a><\/div>\n<h3 id=\"420can20tethmp20be20used20in20high-temperature20operations_10\" class=\"xsj_heading_hash xsj_heading xsj_heading_h3\" data-source-line=\"74\" data-source-line-display=\"true\"><span class=\"xsj_heading_content\">4) \u00bfSe puede utilizar TETHMP en operaciones a alta temperatura?<\/span><\/h3>\n<p class=\"xsj_paragraph xsj_paragraph_level_0\" data-source-line=\"76\" data-source-line-display=\"true\">Debido a su alta estabilidad t\u00e9rmica con una temperatura de descomposici\u00f3n que oscila entre 223 y 245 \u2103, TETHMP es ideal para procesos de alta temperatura. Esta caracter\u00edstica asegura que el agente qu\u00edmico permanezca estable en ambientes en los que otros agentes pueden descomponerse.<\/p>\n<div class=\"xiaoshujiang_element xsj_anchor\"><a class=\"blank_anchor_name\" name=\"520is20tethmp20applicable20to20oilfield20operations_11\"><\/a><a id=\"520is20tethmp20applicable20to20oilfield20operations_11\" class=\"blank_anchor_id\"><\/a><a class=\"blank_anchor_name\" name=\"5-is-tethmp-applicable-to-oilfield-operations\"><\/a><a id=\"5-is-tethmp-applicable-to-oilfield-operations\" class=\"blank_anchor_id\"><\/a><\/div>\n<h3 id=\"520is20tethmp20applicable20to20oilfield20operations_11\" class=\"xsj_heading_hash xsj_heading xsj_heading_h3\" data-source-line=\"78\" data-source-line-display=\"true\"><span class=\"xsj_heading_content\">5) \u00bfTETHMP es aplicable a las operaciones de yacimientos petrol\u00edferos?<\/span><\/h3>\n<p class=\"xsj_paragraph xsj_paragraph_level_0\" data-source-line=\"80\" data-source-line-display=\"true\">S\u00ed, TETHMP es adecuado para aplicaciones de inhibidores de yacimientos petrol\u00edferos, gracias a sus excelentes propiedades inhibidoras de corrosi\u00f3n e incrustaciones. Emplear TETHMP en operaciones de campos petroleros ayuda a mantener la eficiencia y la vida \u00fatil general del equipo, reduciendo costos y manteniendo los est\u00e1ndares de seguridad.<\/p>\n<p data-source-line=\"80\" data-source-line-display=\"true\"><a href=\"https:\/\/vcycletech.com\/es\/categoria-de-producto\/fosfonatos-antiincrustante-inhibidor-de-corrosion\/\">Obtenga la soluci\u00f3n completa de inhibidor de corrosi\u00f3n y antiincrustante de fosfonatos<\/a><\/p>","protected":false},"excerpt":{"rendered":"<p>Sal de sodio del \u00e1cido trietilentetramina hexmetanef\u00f3nico (<strong>TETHMP<\/strong>) es un inhibidor de incrustaciones y corrosi\u00f3n sin precedentes t\u00e9rmicamente estable con una temperatura de descomposici\u00f3n que oscila entre 223 y 245 \u2103. Puede inhibir el crecimiento de bacterias, algas y hongos en los procesos de tratamiento de agua. TETHMP tambi\u00e9n es seguro de usar debido a sus propiedades de f\u00e1cil degradaci\u00f3n, lo que lo convierte en la opci\u00f3n ideal para los procesos de tratamiento de aguas industriales y municipales, incluidas las aguas de refrigeraci\u00f3n, los estabilizadores de blanqueo de per\u00f3xido, los detergentes, los aditivos y las aplicaciones de inhibidores de yacimientos petrol\u00edferos. Los compradores a granel de la sal s\u00f3dica del \u00e1cido trietilen-tetramina hexmetanof\u00f3nico (TETHMP) pueden esperar una calidad y un valor excepcionales de vcycletech.<\/p>","protected":false},"featured_media":937,"template":"","meta":{"site-sidebar-layout":"default","site-content-layout":"default","ast-site-content-layout":"default","site-content-style":"default","site-sidebar-style":"default","ast-global-header-display":"","ast-banner-title-visibility":"","ast-main-header-display":"","ast-hfb-above-header-display":"","ast-hfb-below-header-display":"","ast-hfb-mobile-header-display":"","site-post-title":"","ast-breadcrumbs-content":"","ast-featured-img":"","footer-sml-layout":"","ast-disable-related-posts":"","theme-transparent-header-meta":"default","adv-header-id-meta":"","stick-header-meta":"default","header-above-stick-meta":"","header-main-stick-meta":"","header-below-stick-meta":"","astra-migrate-meta-layouts":"default","ast-page-background-enabled":"default","ast-page-background-meta":{"desktop":{"background-color":"","background-image":"","background-repeat":"repeat","background-position":"center center","background-size":"auto","background-attachment":"scroll","background-type":"","background-media":"","overlay-type":"","overlay-color":"","overlay-opacity":"","overlay-gradient":""},"tablet":{"background-color":"","background-image":"","background-repeat":"repeat","background-position":"center center","background-size":"auto","background-attachment":"scroll","background-type":"","background-media":"","overlay-type":"","overlay-color":"","overlay-opacity":"","overlay-gradient":""},"mobile":{"background-color":"","background-image":"","background-repeat":"repeat","background-position":"center center","background-size":"auto","background-attachment":"scroll","background-type":"","background-media":"","overlay-type":"","overlay-color":"","overlay-opacity":"","overlay-gradient":""}},"ast-content-background-meta":{"desktop":{"background-color":"var(--ast-global-color-5)","background-image":"","background-repeat":"repeat","background-position":"center center","background-size":"auto","background-attachment":"scroll","background-type":"","background-media":"","overlay-type":"","overlay-color":"","overlay-opacity":"","overlay-gradient":""},"tablet":{"background-color":"var(--ast-global-color-5)","background-image":"","background-repeat":"repeat","background-position":"center center","background-size":"auto","background-attachment":"scroll","background-type":"","background-media":"","overlay-type":"","overlay-color":"","overlay-opacity":"","overlay-gradient":""},"mobile":{"background-color":"var(--ast-global-color-5)","background-image":"","background-repeat":"repeat","background-position":"center center","background-size":"auto","background-attachment":"scroll","background-type":"","background-media":"","overlay-type":"","overlay-color":"","overlay-opacity":"","overlay-gradient":""}}},"product_brand":[],"product_cat":[15],"product_tag":[],"class_list":{"0":"post-932","1":"product","2":"type-product","3":"status-publish","4":"has-post-thumbnail","6":"product_cat-phosphonates-antiscalant-corrosion-inhibitor","7":"desktop-align-left","8":"tablet-align-left","9":"mobile-align-left","10":"ast-product-gallery-layout-horizontal-slider","11":"ast-product-gallery-with-no-image","12":"ast-product-tabs-layout-horizontal","14":"first","15":"instock","16":"shipping-taxable","17":"product-type-simple"},"yoast_head":"<!-- This site is optimized with the Yoast SEO Premium plugin v26.3 (Yoast SEO v27.3) - https:\/\/yoast.com\/product\/yoast-seo-premium-wordpress\/ -->\n<title>Sodium Salt of Triethylene-tetramine Hexmethanephonic Acid (TETHMP) - vcycletech<\/title>\n<meta name=\"description\" content=\"TETHMP has remarkable scale and corrosion-inhibiting capabilities and is highly thermally stable with a decomposition temperature ranging between 223-245\u2103.\" \/>\n<meta name=\"robots\" content=\"index, follow, max-snippet:-1, max-image-preview:large, max-video-preview:-1\" \/>\n<link rel=\"canonical\" href=\"https:\/\/vcycletech.com\/es\/producto\/tethmp\/\" \/>\n<meta property=\"og:locale\" content=\"es_MX\" \/>\n<meta property=\"og:type\" content=\"article\" \/>\n<meta property=\"og:title\" content=\"Sodium Salt of Triethylene-tetramine Hexmethanephonic Acid (TETHMP)\" \/>\n<meta property=\"og:description\" content=\"TETHMP has remarkable scale and corrosion-inhibiting capabilities and is highly thermally stable with a decomposition temperature ranging between 223-245\u2103.\" \/>\n<meta property=\"og:url\" content=\"https:\/\/vcycletech.com\/es\/producto\/tethmp\/\" \/>\n<meta property=\"og:site_name\" content=\"vcycletech\" \/>\n<meta property=\"article:modified_time\" content=\"2023-03-27T07:17:46+00:00\" \/>\n<meta property=\"og:image\" content=\"https:\/\/vcycletech.com\/wp-content\/uploads\/2023\/03\/-2-e1679629267701.jpg\" \/>\n\t<meta property=\"og:image:width\" content=\"600\" \/>\n\t<meta property=\"og:image:height\" content=\"600\" \/>\n\t<meta property=\"og:image:type\" content=\"image\/jpeg\" \/>\n<meta name=\"twitter:card\" content=\"summary_large_image\" \/>\n<meta name=\"twitter:label1\" content=\"Tiempo de lectura\" \/>\n\t<meta name=\"twitter:data1\" content=\"3 minutos\" \/>\n<script type=\"application\/ld+json\" class=\"yoast-schema-graph\">{\"@context\":\"https:\\\/\\\/schema.org\",\"@graph\":[{\"@type\":\"WebPage\",\"@id\":\"https:\\\/\\\/vcycletech.com\\\/product\\\/tethmp\\\/\",\"url\":\"https:\\\/\\\/vcycletech.com\\\/product\\\/tethmp\\\/\",\"name\":\"Sodium Salt of Triethylene-tetramine Hexmethanephonic Acid (TETHMP) - vcycletech\",\"isPartOf\":{\"@id\":\"https:\\\/\\\/vcycletech.com\\\/#website\"},\"primaryImageOfPage\":{\"@id\":\"https:\\\/\\\/vcycletech.com\\\/product\\\/tethmp\\\/#primaryimage\"},\"image\":{\"@id\":\"https:\\\/\\\/vcycletech.com\\\/product\\\/tethmp\\\/#primaryimage\"},\"thumbnailUrl\":\"https:\\\/\\\/vcycletech.com\\\/wp-content\\\/uploads\\\/2023\\\/03\\\/-2-e1679629267701.jpg\",\"datePublished\":\"2023-03-18T11:33:45+00:00\",\"dateModified\":\"2023-03-27T07:17:46+00:00\",\"description\":\"TETHMP has remarkable scale and corrosion-inhibiting capabilities and is highly thermally stable with a decomposition temperature ranging between 223-245\u2103.\",\"breadcrumb\":{\"@id\":\"https:\\\/\\\/vcycletech.com\\\/product\\\/tethmp\\\/#breadcrumb\"},\"inLanguage\":\"es\",\"potentialAction\":[{\"@type\":\"ReadAction\",\"target\":[\"https:\\\/\\\/vcycletech.com\\\/product\\\/tethmp\\\/\"]}]},{\"@type\":\"ImageObject\",\"inLanguage\":\"es\",\"@id\":\"https:\\\/\\\/vcycletech.com\\\/product\\\/tethmp\\\/#primaryimage\",\"url\":\"https:\\\/\\\/vcycletech.com\\\/wp-content\\\/uploads\\\/2023\\\/03\\\/-2-e1679629267701.jpg\",\"contentUrl\":\"https:\\\/\\\/vcycletech.com\\\/wp-content\\\/uploads\\\/2023\\\/03\\\/-2-e1679629267701.jpg\",\"width\":600,\"height\":600,\"caption\":\"Sodium Salt of Triethylene-tetramine Hexmethanephonic Acid (TETHMP)\"},{\"@type\":\"BreadcrumbList\",\"@id\":\"https:\\\/\\\/vcycletech.com\\\/product\\\/tethmp\\\/#breadcrumb\",\"itemListElement\":[{\"@type\":\"ListItem\",\"position\":1,\"name\":\"Home\",\"item\":\"https:\\\/\\\/vcycletech.com\\\/\"},{\"@type\":\"ListItem\",\"position\":2,\"name\":\"Water Treatment Chemicals Manufacturer\",\"item\":\"https:\\\/\\\/vcycletech.com\\\/water-treatment-chemicals-manufacturer\\\/\"},{\"@type\":\"ListItem\",\"position\":3,\"name\":\"Sodium Salt of Triethylene-tetramine Hexmethanephonic Acid (TETHMP)\"}]},{\"@type\":\"WebSite\",\"@id\":\"https:\\\/\\\/vcycletech.com\\\/#website\",\"url\":\"https:\\\/\\\/vcycletech.com\\\/\",\"name\":\"vcycletech\",\"description\":\"China&#039;s top water treatment chemicals supplier\",\"publisher\":{\"@id\":\"https:\\\/\\\/vcycletech.com\\\/#organization\"},\"potentialAction\":[{\"@type\":\"SearchAction\",\"target\":{\"@type\":\"EntryPoint\",\"urlTemplate\":\"https:\\\/\\\/vcycletech.com\\\/?s={search_term_string}\"},\"query-input\":{\"@type\":\"PropertyValueSpecification\",\"valueRequired\":true,\"valueName\":\"search_term_string\"}}],\"inLanguage\":\"es\"},{\"@type\":\"Organization\",\"@id\":\"https:\\\/\\\/vcycletech.com\\\/#organization\",\"name\":\"vcycletech\",\"url\":\"https:\\\/\\\/vcycletech.com\\\/\",\"logo\":{\"@type\":\"ImageObject\",\"inLanguage\":\"es\",\"@id\":\"https:\\\/\\\/vcycletech.com\\\/#\\\/schema\\\/logo\\\/image\\\/\",\"url\":\"https:\\\/\\\/vcycletech.com\\\/wp-content\\\/uploads\\\/2023\\\/03\\\/logo-vcycletech-1.png\",\"contentUrl\":\"https:\\\/\\\/vcycletech.com\\\/wp-content\\\/uploads\\\/2023\\\/03\\\/logo-vcycletech-1.png\",\"width\":600,\"height\":400,\"caption\":\"vcycletech\"},\"image\":{\"@id\":\"https:\\\/\\\/vcycletech.com\\\/#\\\/schema\\\/logo\\\/image\\\/\"}}]}<\/script>\n<!-- \/ Yoast SEO Premium plugin. -->","yoast_head_json":{"title":"Sal de sodio del \u00e1cido trietilentetramina hexmetanef\u00f3nico (TETHMP) - vcycletech","description":"TETHMP tiene capacidades notables de inhibici\u00f3n de escala y corrosi\u00f3n y es altamente estable t\u00e9rmicamente con una temperatura de descomposici\u00f3n que oscila entre 223 y 245 \u2103.","robots":{"index":"index","follow":"follow","max-snippet":"max-snippet:-1","max-image-preview":"max-image-preview:large","max-video-preview":"max-video-preview:-1"},"canonical":"https:\/\/vcycletech.com\/es\/producto\/tethmp\/","og_locale":"es_MX","og_type":"article","og_title":"Sodium Salt of Triethylene-tetramine Hexmethanephonic Acid (TETHMP)","og_description":"TETHMP has remarkable scale and corrosion-inhibiting capabilities and is highly thermally stable with a decomposition temperature ranging between 223-245\u2103.","og_url":"https:\/\/vcycletech.com\/es\/producto\/tethmp\/","og_site_name":"vcycletech","article_modified_time":"2023-03-27T07:17:46+00:00","og_image":[{"width":600,"height":600,"url":"https:\/\/vcycletech.com\/wp-content\/uploads\/2023\/03\/-2-e1679629267701.jpg","type":"image\/jpeg"}],"twitter_card":"summary_large_image","twitter_misc":{"Tiempo de lectura":"3 minutos"},"schema":{"@context":"https:\/\/schema.org","@graph":[{"@type":"WebPage","@id":"https:\/\/vcycletech.com\/product\/tethmp\/","url":"https:\/\/vcycletech.com\/product\/tethmp\/","name":"Sal de sodio del \u00e1cido trietilentetramina hexmetanef\u00f3nico (TETHMP) - vcycletech","isPartOf":{"@id":"https:\/\/vcycletech.com\/#website"},"primaryImageOfPage":{"@id":"https:\/\/vcycletech.com\/product\/tethmp\/#primaryimage"},"image":{"@id":"https:\/\/vcycletech.com\/product\/tethmp\/#primaryimage"},"thumbnailUrl":"https:\/\/vcycletech.com\/wp-content\/uploads\/2023\/03\/-2-e1679629267701.jpg","datePublished":"2023-03-18T11:33:45+00:00","dateModified":"2023-03-27T07:17:46+00:00","description":"TETHMP tiene capacidades notables de inhibici\u00f3n de escala y corrosi\u00f3n y es altamente estable t\u00e9rmicamente con una temperatura de descomposici\u00f3n que oscila entre 223 y 245 \u2103.","breadcrumb":{"@id":"https:\/\/vcycletech.com\/product\/tethmp\/#breadcrumb"},"inLanguage":"es","potentialAction":[{"@type":"ReadAction","target":["https:\/\/vcycletech.com\/product\/tethmp\/"]}]},{"@type":"ImageObject","inLanguage":"es","@id":"https:\/\/vcycletech.com\/product\/tethmp\/#primaryimage","url":"https:\/\/vcycletech.com\/wp-content\/uploads\/2023\/03\/-2-e1679629267701.jpg","contentUrl":"https:\/\/vcycletech.com\/wp-content\/uploads\/2023\/03\/-2-e1679629267701.jpg","width":600,"height":600,"caption":"Sodium Salt of Triethylene-tetramine Hexmethanephonic Acid (TETHMP)"},{"@type":"BreadcrumbList","@id":"https:\/\/vcycletech.com\/product\/tethmp\/#breadcrumb","itemListElement":[{"@type":"ListItem","position":1,"name":"Home","item":"https:\/\/vcycletech.com\/"},{"@type":"ListItem","position":2,"name":"Water Treatment Chemicals Manufacturer","item":"https:\/\/vcycletech.com\/water-treatment-chemicals-manufacturer\/"},{"@type":"ListItem","position":3,"name":"Sodium Salt of Triethylene-tetramine Hexmethanephonic Acid (TETHMP)"}]},{"@type":"WebSite","@id":"https:\/\/vcycletech.com\/#website","url":"https:\/\/vcycletech.com\/","name":"vcycletech","description":"El principal proveedor de productos qu\u00edmicos para el tratamiento del agua de China y #039;","publisher":{"@id":"https:\/\/vcycletech.com\/#organization"},"potentialAction":[{"@type":"SearchAction","target":{"@type":"EntryPoint","urlTemplate":"https:\/\/vcycletech.com\/?s={search_term_string}"},"query-input":{"@type":"PropertyValueSpecification","valueRequired":true,"valueName":"search_term_string"}}],"inLanguage":"es"},{"@type":"Organization","@id":"https:\/\/vcycletech.com\/#organization","name":"vcycletech","url":"https:\/\/vcycletech.com\/","logo":{"@type":"ImageObject","inLanguage":"es","@id":"https:\/\/vcycletech.com\/#\/schema\/logo\/image\/","url":"https:\/\/vcycletech.com\/wp-content\/uploads\/2023\/03\/logo-vcycletech-1.png","contentUrl":"https:\/\/vcycletech.com\/wp-content\/uploads\/2023\/03\/logo-vcycletech-1.png","width":600,"height":400,"caption":"vcycletech"},"image":{"@id":"https:\/\/vcycletech.com\/#\/schema\/logo\/image\/"}}]}},"_links":{"self":[{"href":"https:\/\/vcycletech.com\/es\/wp-json\/wp\/v2\/product\/932","targetHints":{"allow":["GET"]}}],"collection":[{"href":"https:\/\/vcycletech.com\/es\/wp-json\/wp\/v2\/product"}],"about":[{"href":"https:\/\/vcycletech.com\/es\/wp-json\/wp\/v2\/types\/product"}],"wp:featuredmedia":[{"embeddable":true,"href":"https:\/\/vcycletech.com\/es\/wp-json\/wp\/v2\/media\/937"}],"wp:attachment":[{"href":"https:\/\/vcycletech.com\/es\/wp-json\/wp\/v2\/media?parent=932"}],"wp:term":[{"taxonomy":"product_brand","embeddable":true,"href":"https:\/\/vcycletech.com\/es\/wp-json\/wp\/v2\/product_brand?post=932"},{"taxonomy":"product_cat","embeddable":true,"href":"https:\/\/vcycletech.com\/es\/wp-json\/wp\/v2\/product_cat?post=932"},{"taxonomy":"product_tag","embeddable":true,"href":"https:\/\/vcycletech.com\/es\/wp-json\/wp\/v2\/product_tag?post=932"}],"curies":[{"name":"wp","href":"https:\/\/api.w.org\/{rel}","templated":true}]}}