{"id":913,"date":"2023-03-18T07:40:57","date_gmt":"2023-03-18T07:40:57","guid":{"rendered":"https:\/\/vcycletech.com\/?post_type=product&#038;p=913"},"modified":"2023-03-27T07:13:29","modified_gmt":"2023-03-27T07:13:29","slug":"bhmtpmpa","status":"publish","type":"product","link":"https:\/\/vcycletech.com\/es\/producto\/bhmtpmpa\/","title":{"rendered":"BHMTPMPA, bis (hexametilen triamina penta (\u00e1cido fosf\u00f3nico de metileno))"},"content":{"rendered":"<h3>N\u00ba CAS 34690-00-1<\/h3>\n<p>&nbsp;<\/p>\n<h3>F\u00f3rmula molecular: C17H44O15N3P5<\/h3>\n<p>&nbsp;<\/p>\n<h3>Peso Molecular: 685<\/h3>\n<p>&nbsp;<\/p>\n<h3>F\u00f3rmula de estructura:<\/h3>\n<p><img fetchpriority=\"high\" decoding=\"async\" class=\"alignnone size-full wp-image-916\" src=\"https:\/\/vcycletech.com\/wp-content\/uploads\/2023\/03\/tupian1.webp\" alt=\"F\u00f3rmula de estructura:\" width=\"373\" height=\"145\" srcset=\"https:\/\/vcycletech.com\/wp-content\/uploads\/2023\/03\/tupian1.webp 373w, https:\/\/vcycletech.com\/wp-content\/uploads\/2023\/03\/tupian1-300x117.webp 300w\" sizes=\"(max-width: 373px) 100vw, 373px\" \/><\/p>\n<p><img decoding=\"async\" class=\"alignnone wp-image-922\" src=\"https:\/\/vcycletech.com\/wp-content\/uploads\/2023\/03\/\u672a\u547d\u540d\u7684\u8bbe\u8ba1-1.jpg\" alt=\"Bis(HexaMetileno Triamina Penta (\u00c1cido Metileno Fosf\u00f3nico)) BHMTPMPA\" width=\"383\" height=\"383\" \/><\/p>\n<p>Los agentes quelantes, los inhibidores de incrustaciones y los inhibidores de corrosi\u00f3n son componentes esenciales en diversas industrias, como el tratamiento de agua, la producci\u00f3n de petr\u00f3leo y gas y la generaci\u00f3n de energ\u00eda. El uso de potentes agentes quelantes e inhibidores es fundamental para mejorar el rendimiento de los sistemas industriales, proteger los equipos contra da\u00f1os y mejorar la eficiencia general. Uno de estos agentes quelantes e inhibidores de incrustaciones altamente efectivos es el bis (hexametileno triamina penta (\u00e1cido fosf\u00f3nico de metileno)) o <strong>BHMTPMPA<\/strong>.<\/p>\n<h3>Propiedades:<\/h3>\n<p>1. Fuertes habilidades quelantes: el potente efecto de BHMTPMPA en la uni\u00f3n de iones met\u00e1licos es beneficioso para prevenir la formaci\u00f3n de dep\u00f3sitos y escamas met\u00e1licas en varios sistemas industriales.<\/p>\n<p>2. Alta tolerancia al calor: BHMTPMPA es resistente a altas temperaturas, soportando hasta 120 \u00b0C, lo que lo hace adecuado para aplicaciones en industrias con uso intensivo de calor.<\/p>\n<p>3. Solubilidad en agua: El compuesto demuestra una excelente solubilidad en agua, lo que permite su f\u00e1cil aplicaci\u00f3n y distribuci\u00f3n en varios sistemas a base de agua.<\/p>\n<p>4. Compatibilidad con el pH: BHMTPMPA puede funcionar eficazmente en una amplia gama de niveles de pH, ofreciendo protecci\u00f3n y efectos inhibidores contra las incrustaciones de carbonato y sulfato. Esta versatilidad de pH hace que BHMTPMPA sea una opci\u00f3n inigualable para industrias con condiciones de agua variables.<\/p>\n<p>5. Tolerancia a los iones de calcio: BHMTPMPA puede mantener un alto contenido de iones de calcio en los sistemas de agua sin promover la formaci\u00f3n de incrustaciones.<\/p>\n<h3>Especificaci\u00f3n:<\/h3>\n<div id=\"footable_parent_858\" class=\"footable_parent ninja_table_wrapper wp_table_data_press_parent semantic_ui\"><div id=\"footable_parent_917\"\n         class=\"footable_parent ninja_table_wrapper loading_ninja_table wp_table_data_press_parent semantic_ui\">\n                <table data-ninja_table_instance=\"ninja_table_instance_0\" data-footable_id=\"917\" data-filter-delay=\"1000\" aria-label=\"Bis(Hexametileno Triamina Penta (\u00c1cido Metileno Fosf\u00f3nico)) BHMTPMPA.csv\"            id=\"footable_917\"\n           data-unique_identifier=\"ninja_table_unique_id_2654312642_917\"\n           class=\"foo-table ninja_footable foo_table_917 ninja_table_unique_id_2654312642_917 ui table  nt_type_legacy_table selectable striped vertical_centered  footable-paging-right ninja_table_pro\">\n                <colgroup>\n                            <col class=\"ninja_column_0\">\n                            <col class=\"ninja_column_1\">\n                            <col class=\"ninja_column_2\">\n                            <col class=\"ninja_column_3\">\n                            <col class=\"ninja_column_4\">\n                            <col class=\"ninja_column_5\">\n                            <col class=\"ninja_column_6\">\n                            <col class=\"ninja_column_7\">\n                    <\/colgroup>\n        <thead>\n<tr class=\"footable-header\">\n                                                                                                                                        <th scope=\"col\"  class=\"ninja_column_0 ninja_clmn_nm_item\">Art\u00edculo<\/th><th scope=\"col\"  class=\"ninja_column_1 ninja_clmn_nm_index\">\u00cdndice<\/th><th scope=\"col\"  class=\"ninja_column_2 ninja_clmn_nm_ninja_column_3\"><\/th><th scope=\"col\"  class=\"ninja_column_3 ninja_clmn_nm_ninja_column_4\"><\/th><th scope=\"col\"  class=\"ninja_column_4 ninja_clmn_nm_ninja_column_5\"><\/th><th scope=\"col\"  class=\"ninja_column_5 ninja_clmn_nm_ninja_column_6\"><\/th><th scope=\"col\"  class=\"ninja_column_6 ninja_clmn_nm_ninja_column_7\"><\/th><th scope=\"col\"  class=\"ninja_column_7 ninja_clmn_nm_ninja_column_8\"><\/th><\/tr>\n<\/thead>\n<tbody>\n\n        <tr data-row_id=\"107\" class=\"ninja_table_row_0 nt_row_id_107\">\n            <td>Apariencia<\/td><td>L\u00edquido \u00e1mbar oscuro<\/td><td><\/td><td><\/td><td><\/td><td><\/td><td><\/td><td><\/td>        <\/tr>\n            <tr data-row_id=\"108\" class=\"ninja_table_row_1 nt_row_id_108\">\n            <td>Componente activo, %<\/td><td>43.0~48.0<\/td><td><\/td><td><\/td><td><\/td><td><\/td><td><\/td><td><\/td>        <\/tr>\n            <tr data-row_id=\"109\" class=\"ninja_table_row_2 nt_row_id_109\">\n            <td>Cloruro (como Cl\u2013), %<\/td><td>8,0 m\u00e1x.<\/td><td><\/td><td><\/td><td><\/td><td><\/td><td><\/td><td><\/td>        <\/tr>\n            <tr data-row_id=\"110\" class=\"ninja_table_row_3 nt_row_id_110\">\n            <td>pH (soluci\u00f3n de agua 1%)<\/td><td>2,0 m\u00e1x.<\/td><td><\/td><td><\/td><td><\/td><td><\/td><td><\/td><td><\/td>        <\/tr>\n            <tr data-row_id=\"111\" class=\"ninja_table_row_4 nt_row_id_111\">\n            <td>Densidad (20\u2103) g\/cm3<\/td><td>1,20 minutos<\/td><td><\/td><td><\/td><td><\/td><td><\/td><td><\/td><td><\/td>        <\/tr>\n            <tr data-row_id=\"112\" class=\"ninja_table_row_5 nt_row_id_112\">\n            <td>Fe, mg\/L<\/td><td>65,0 m\u00e1x.<\/td><td><\/td><td><\/td><td><\/td><td><\/td><td><\/td><td><\/td>        <\/tr>\n    <\/tbody><!--ninja_tobody_rendering_done-->\n    <\/table>\n    \n    \n    \n<\/div>\n<\/div>\n<div><\/div>\n<div>\n<h2>preguntas frecuentes<\/h2>\n<h3 id=\"what20are20the20applications20of20bhmtpmpa_1\" class=\"xsj_heading_hash xsj_heading xsj_heading_h3\" data-source-line=\"46\" data-source-line-display=\"true\"><span class=\"xsj_heading_content\">\u00bfCu\u00e1les son las aplicaciones de BHMTPMPA?<\/span><\/h3>\n<p class=\"xsj_paragraph xsj_paragraph_level_0\" data-source-line=\"48\" data-source-line-display=\"true\">BHMTPMPA se utiliza en varias industrias, principalmente en el tratamiento de agua, sistemas de refrigeraci\u00f3n, plantas de generaci\u00f3n de energ\u00eda y producci\u00f3n de petr\u00f3leo y gas. Su aplicaci\u00f3n previene la formaci\u00f3n de incrustaciones de carbonato y sulfato en calderas, torres de enfriamiento, sistemas de desalinizaci\u00f3n, tuber\u00edas y otros equipos industriales vitales.<\/p>\n<div class=\"xiaoshujiang_element xsj_anchor\"><a class=\"blank_anchor_name\" name=\"how20does20bhmtpmpa20prevent20scale20formation_2\"><\/a><a id=\"how20does20bhmtpmpa20prevent20scale20formation_2\" class=\"blank_anchor_id\"><\/a><a class=\"blank_anchor_name\" name=\"how-does-bhmtpmpa-prevent-scale-formation\"><\/a><a id=\"how-does-bhmtpmpa-prevent-scale-formation\" class=\"blank_anchor_id\"><\/a><\/div>\n<h3 id=\"how20does20bhmtpmpa20prevent20scale20formation_2\" class=\"xsj_heading_hash xsj_heading xsj_heading_h3\" data-source-line=\"50\" data-source-line-display=\"true\"><span class=\"xsj_heading_content\">\u00bfC\u00f3mo previene BHMTPMPA la formaci\u00f3n de incrustaciones?<\/span><\/h3>\n<p class=\"xsj_paragraph xsj_paragraph_level_0\" data-source-line=\"52\" data-source-line-display=\"true\">Al dirigirse a varios iones met\u00e1licos como el calcio, BHMTPMPA forma complejos solubles, lo que evita la formaci\u00f3n de sales insolubles que provocan la formaci\u00f3n de incrustaciones.<\/p>\n<div class=\"xiaoshujiang_element xsj_anchor\"><a class=\"blank_anchor_name\" name=\"is20bhmtpmpa20suitable20for20use20in20high-temperature20environments_3\"><\/a><a id=\"is20bhmtpmpa20suitable20for20use20in20high-temperature20environments_3\" class=\"blank_anchor_id\"><\/a><a class=\"blank_anchor_name\" name=\"is-bhmtpmpa-suitable-for-use-in-high-temperature-environments\"><\/a><a id=\"is-bhmtpmpa-suitable-for-use-in-high-temperature-environments\" class=\"blank_anchor_id\"><\/a><\/div>\n<h3 id=\"is20bhmtpmpa20suitable20for20use20in20high-temperature20environments_3\" class=\"xsj_heading_hash xsj_heading xsj_heading_h3\" data-source-line=\"54\" data-source-line-display=\"true\"><span class=\"xsj_heading_content\">\u00bfEs BHMTPMPA adecuado para su uso en entornos de alta temperatura?<\/span><\/h3>\n<p class=\"xsj_paragraph xsj_paragraph_level_0\" data-source-line=\"56\" data-source-line-display=\"true\">S\u00ed, la tolerancia al calor de BHMTPMPA de hasta 120 \u00b0C lo convierte en una excelente opci\u00f3n para entornos de alta temperatura, como sistemas de calderas y calentadores de agua.<\/p>\n<div class=\"xiaoshujiang_element xsj_anchor\"><a class=\"blank_anchor_name\" name=\"can20bhmtpmpa20be20used20in20a20system20with20varying20ph20levels_4\"><\/a><a id=\"can20bhmtpmpa20be20used20in20a20system20with20varying20ph20levels_4\" class=\"blank_anchor_id\"><\/a><a class=\"blank_anchor_name\" name=\"can-bhmtpmpa-be-used-in-a-system-with-varying-ph-levels\"><\/a><a id=\"can-bhmtpmpa-be-used-in-a-system-with-varying-ph-levels\" class=\"blank_anchor_id\"><\/a><\/div>\n<h3 id=\"can20bhmtpmpa20be20used20in20a20system20with20varying20ph20levels_4\" class=\"xsj_heading_hash xsj_heading xsj_heading_h3\" data-source-line=\"58\" data-source-line-display=\"true\"><span class=\"xsj_heading_content\">\u00bfSe puede usar BHMTPMPA en un sistema con niveles de pH variables?<\/span><\/h3>\n<p class=\"xsj_paragraph xsj_paragraph_level_0\" data-source-line=\"60\" data-source-line-display=\"true\">BHMTPMPA puede funcionar de manera efectiva en una amplia gama de niveles de pH, lo que lo hace vers\u00e1til y adecuado para diversas condiciones de agua. Mantiene un rendimiento constante como quelante e inhibidor de incrustaciones incluso en condiciones de pH extremas.<\/p>\n<div class=\"xiaoshujiang_element xsj_anchor\"><a class=\"blank_anchor_name\" name=\"are20there20any20environmental20concerns20associated20with20the20use20of20bhmtpmpa_5\"><\/a><a id=\"are20there20any20environmental20concerns20associated20with20the20use20of20bhmtpmpa_5\" class=\"blank_anchor_id\"><\/a><a class=\"blank_anchor_name\" name=\"are-there-any-environmental-concerns-associated-with-the-use-of-bhmtpmpa\"><\/a><a id=\"are-there-any-environmental-concerns-associated-with-the-use-of-bhmtpmpa\" class=\"blank_anchor_id\"><\/a><\/div>\n<h3 id=\"are20there20any20environmental20concerns20associated20with20the20use20of20bhmtpmpa_5\" class=\"xsj_heading_hash xsj_heading xsj_heading_h3\" data-source-line=\"62\" data-source-line-display=\"true\"><span class=\"xsj_heading_content\">\u00bfExisten preocupaciones ambientales asociadas con el uso de BHMTPMPA?<\/span><\/h3>\n<p class=\"xsj_paragraph xsj_paragraph_level_0\" data-source-line=\"64\" data-source-line-display=\"true\">Al igual que con cualquier compuesto qu\u00edmico, se debe observar el uso, la manipulaci\u00f3n y la eliminaci\u00f3n adecuados de BHMTPMPA para minimizar los impactos ambientales potenciales. Se recomienda consultar con un especialista qu\u00edmico y cumplir con las regulaciones locales para mitigar los riesgos potenciales.<\/p>\n<h3 id=\"where20can20i20buy20bhmtpmpa_1\" class=\"xsj_heading_hash xsj_heading xsj_heading_h3\" data-source-line=\"38\" data-source-line-display=\"true\"><span class=\"xsj_heading_content\">\u00bfD\u00f3nde puedo comprar BHMTPMPA?<\/span><\/h3>\n<p class=\"xsj_paragraph xsj_paragraph_level_0\" data-source-line=\"40\" data-source-line-display=\"true\">Bienvenido a contactarnos para comprar.<\/p>\n<p data-source-line=\"40\" data-source-line-display=\"true\"><a href=\"https:\/\/vcycletech.com\/es\/categoria-de-producto\/fosfonatos-antiincrustante-inhibidor-de-corrosion\/\">Obtenga la soluci\u00f3n completa de inhibidor de corrosi\u00f3n y antiincrustante de fosfonatos<\/a><\/p>\n<p data-source-line=\"64\" data-source-line-display=\"true\">\n<\/div>\n<p>&nbsp;<\/p>","protected":false},"excerpt":{"rendered":"<p>Bis(Hexametileno Triamina Penta (\u00c1cido Metileno Fosf\u00f3nico), o <strong>BHMTPMPA<\/strong>, es un eficaz inhibidor de incrustaciones quelantes con s\u00f3lidas caracter\u00edsticas de rendimiento. Con propiedades superiores solubles en agua y tolerancia al calor de hasta 120 \u2103, tiene el poder de inhibir las incrustaciones de carbonato y sulfato mientras mantiene un alto contenido de iones de calcio independientemente de los niveles de pH.<\/p>\n<p>Cuando se combina con compuestos ATMP y HEDP, los usuarios pueden disfrutar de un bajo contenido de f\u00f3sforo total sin comprometer el peso de la mol\u00e9cula para lograr una resistencia inmejorable en sus soluciones antical.<\/p>","protected":false},"featured_media":922,"template":"","meta":{"site-sidebar-layout":"default","site-content-layout":"default","ast-site-content-layout":"default","site-content-style":"default","site-sidebar-style":"default","ast-global-header-display":"","ast-banner-title-visibility":"","ast-main-header-display":"","ast-hfb-above-header-display":"","ast-hfb-below-header-display":"","ast-hfb-mobile-header-display":"","site-post-title":"","ast-breadcrumbs-content":"","ast-featured-img":"","footer-sml-layout":"","ast-disable-related-posts":"","theme-transparent-header-meta":"default","adv-header-id-meta":"","stick-header-meta":"default","header-above-stick-meta":"","header-main-stick-meta":"","header-below-stick-meta":"","astra-migrate-meta-layouts":"default","ast-page-background-enabled":"default","ast-page-background-meta":{"desktop":{"background-color":"","background-image":"","background-repeat":"repeat","background-position":"center center","background-size":"auto","background-attachment":"scroll","background-type":"","background-media":"","overlay-type":"","overlay-color":"","overlay-opacity":"","overlay-gradient":""},"tablet":{"background-color":"","background-image":"","background-repeat":"repeat","background-position":"center center","background-size":"auto","background-attachment":"scroll","background-type":"","background-media":"","overlay-type":"","overlay-color":"","overlay-opacity":"","overlay-gradient":""},"mobile":{"background-color":"","background-image":"","background-repeat":"repeat","background-position":"center center","background-size":"auto","background-attachment":"scroll","background-type":"","background-media":"","overlay-type":"","overlay-color":"","overlay-opacity":"","overlay-gradient":""}},"ast-content-background-meta":{"desktop":{"background-color":"var(--ast-global-color-5)","background-image":"","background-repeat":"repeat","background-position":"center center","background-size":"auto","background-attachment":"scroll","background-type":"","background-media":"","overlay-type":"","overlay-color":"","overlay-opacity":"","overlay-gradient":""},"tablet":{"background-color":"var(--ast-global-color-5)","background-image":"","background-repeat":"repeat","background-position":"center center","background-size":"auto","background-attachment":"scroll","background-type":"","background-media":"","overlay-type":"","overlay-color":"","overlay-opacity":"","overlay-gradient":""},"mobile":{"background-color":"var(--ast-global-color-5)","background-image":"","background-repeat":"repeat","background-position":"center center","background-size":"auto","background-attachment":"scroll","background-type":"","background-media":"","overlay-type":"","overlay-color":"","overlay-opacity":"","overlay-gradient":""}}},"product_brand":[],"product_cat":[15],"product_tag":[],"class_list":{"0":"post-913","1":"product","2":"type-product","3":"status-publish","4":"has-post-thumbnail","6":"product_cat-phosphonates-antiscalant-corrosion-inhibitor","7":"desktop-align-left","8":"tablet-align-left","9":"mobile-align-left","10":"ast-product-gallery-layout-horizontal-slider","11":"ast-product-gallery-with-no-image","12":"ast-product-tabs-layout-horizontal","14":"first","15":"instock","16":"shipping-taxable","17":"product-type-simple"},"yoast_head":"<!-- This site is optimized with the Yoast SEO Premium plugin v26.3 (Yoast SEO v27.3) - https:\/\/yoast.com\/product\/yoast-seo-premium-wordpress\/ -->\n<title>BHMTPMPA,Bis(HexaMethylene Triamine Penta (Methylene Phosphonic Acid)) - vcycletech<\/title>\n<meta name=\"description\" content=\"Bis(Hexamethylene Triamine Penta (Methylene Phosphonic Acid), or BHMTPMPA, is an efficient chelating scale inhibitor with strong performance characteristics.\" \/>\n<meta name=\"robots\" content=\"index, follow, max-snippet:-1, max-image-preview:large, max-video-preview:-1\" \/>\n<link rel=\"canonical\" href=\"https:\/\/vcycletech.com\/es\/producto\/bhmtpmpa\/\" \/>\n<meta property=\"og:locale\" content=\"es_MX\" \/>\n<meta property=\"og:type\" content=\"article\" \/>\n<meta property=\"og:title\" content=\"BHMTPMPA,Bis(HexaMethylene Triamine Penta (Methylene Phosphonic Acid))\" \/>\n<meta property=\"og:description\" content=\"Bis(Hexamethylene Triamine Penta (Methylene Phosphonic Acid), or BHMTPMPA, is an efficient chelating scale inhibitor with strong performance characteristics.\" \/>\n<meta property=\"og:url\" content=\"https:\/\/vcycletech.com\/es\/producto\/bhmtpmpa\/\" \/>\n<meta property=\"og:site_name\" content=\"vcycletech\" \/>\n<meta property=\"article:modified_time\" content=\"2023-03-27T07:13:29+00:00\" \/>\n<meta property=\"og:image\" content=\"https:\/\/vcycletech.com\/wp-content\/uploads\/2023\/03\/-1-e1679629360200.jpg\" \/>\n\t<meta property=\"og:image:width\" content=\"600\" \/>\n\t<meta property=\"og:image:height\" content=\"600\" \/>\n\t<meta property=\"og:image:type\" content=\"image\/jpeg\" \/>\n<meta name=\"twitter:card\" content=\"summary_large_image\" \/>\n<meta name=\"twitter:label1\" content=\"Tiempo de lectura\" \/>\n\t<meta name=\"twitter:data1\" content=\"3 minutos\" \/>\n<script type=\"application\/ld+json\" class=\"yoast-schema-graph\">{\"@context\":\"https:\\\/\\\/schema.org\",\"@graph\":[{\"@type\":\"WebPage\",\"@id\":\"https:\\\/\\\/vcycletech.com\\\/product\\\/bhmtpmpa\\\/\",\"url\":\"https:\\\/\\\/vcycletech.com\\\/product\\\/bhmtpmpa\\\/\",\"name\":\"BHMTPMPA,Bis(HexaMethylene Triamine Penta (Methylene Phosphonic Acid)) - vcycletech\",\"isPartOf\":{\"@id\":\"https:\\\/\\\/vcycletech.com\\\/#website\"},\"primaryImageOfPage\":{\"@id\":\"https:\\\/\\\/vcycletech.com\\\/product\\\/bhmtpmpa\\\/#primaryimage\"},\"image\":{\"@id\":\"https:\\\/\\\/vcycletech.com\\\/product\\\/bhmtpmpa\\\/#primaryimage\"},\"thumbnailUrl\":\"https:\\\/\\\/vcycletech.com\\\/wp-content\\\/uploads\\\/2023\\\/03\\\/-1-e1679629360200.jpg\",\"datePublished\":\"2023-03-18T07:40:57+00:00\",\"dateModified\":\"2023-03-27T07:13:29+00:00\",\"description\":\"Bis(Hexamethylene Triamine Penta (Methylene Phosphonic Acid), or BHMTPMPA, is an efficient chelating scale inhibitor with strong performance characteristics.\",\"breadcrumb\":{\"@id\":\"https:\\\/\\\/vcycletech.com\\\/product\\\/bhmtpmpa\\\/#breadcrumb\"},\"inLanguage\":\"es\",\"potentialAction\":[{\"@type\":\"ReadAction\",\"target\":[\"https:\\\/\\\/vcycletech.com\\\/product\\\/bhmtpmpa\\\/\"]}]},{\"@type\":\"ImageObject\",\"inLanguage\":\"es\",\"@id\":\"https:\\\/\\\/vcycletech.com\\\/product\\\/bhmtpmpa\\\/#primaryimage\",\"url\":\"https:\\\/\\\/vcycletech.com\\\/wp-content\\\/uploads\\\/2023\\\/03\\\/-1-e1679629360200.jpg\",\"contentUrl\":\"https:\\\/\\\/vcycletech.com\\\/wp-content\\\/uploads\\\/2023\\\/03\\\/-1-e1679629360200.jpg\",\"width\":600,\"height\":600,\"caption\":\"Bis(HexaMethylene Triamine Penta (Methylene Phosphonic Acid)) BHMTPMPA\"},{\"@type\":\"BreadcrumbList\",\"@id\":\"https:\\\/\\\/vcycletech.com\\\/product\\\/bhmtpmpa\\\/#breadcrumb\",\"itemListElement\":[{\"@type\":\"ListItem\",\"position\":1,\"name\":\"Home\",\"item\":\"https:\\\/\\\/vcycletech.com\\\/\"},{\"@type\":\"ListItem\",\"position\":2,\"name\":\"Water Treatment Chemicals Manufacturer\",\"item\":\"https:\\\/\\\/vcycletech.com\\\/water-treatment-chemicals-manufacturer\\\/\"},{\"@type\":\"ListItem\",\"position\":3,\"name\":\"BHMTPMPA,Bis(HexaMethylene Triamine Penta (Methylene Phosphonic Acid))\"}]},{\"@type\":\"WebSite\",\"@id\":\"https:\\\/\\\/vcycletech.com\\\/#website\",\"url\":\"https:\\\/\\\/vcycletech.com\\\/\",\"name\":\"vcycletech\",\"description\":\"China&#039;s top water treatment chemicals supplier\",\"publisher\":{\"@id\":\"https:\\\/\\\/vcycletech.com\\\/#organization\"},\"potentialAction\":[{\"@type\":\"SearchAction\",\"target\":{\"@type\":\"EntryPoint\",\"urlTemplate\":\"https:\\\/\\\/vcycletech.com\\\/?s={search_term_string}\"},\"query-input\":{\"@type\":\"PropertyValueSpecification\",\"valueRequired\":true,\"valueName\":\"search_term_string\"}}],\"inLanguage\":\"es\"},{\"@type\":\"Organization\",\"@id\":\"https:\\\/\\\/vcycletech.com\\\/#organization\",\"name\":\"vcycletech\",\"url\":\"https:\\\/\\\/vcycletech.com\\\/\",\"logo\":{\"@type\":\"ImageObject\",\"inLanguage\":\"es\",\"@id\":\"https:\\\/\\\/vcycletech.com\\\/#\\\/schema\\\/logo\\\/image\\\/\",\"url\":\"https:\\\/\\\/vcycletech.com\\\/wp-content\\\/uploads\\\/2023\\\/03\\\/logo-vcycletech-1.png\",\"contentUrl\":\"https:\\\/\\\/vcycletech.com\\\/wp-content\\\/uploads\\\/2023\\\/03\\\/logo-vcycletech-1.png\",\"width\":600,\"height\":400,\"caption\":\"vcycletech\"},\"image\":{\"@id\":\"https:\\\/\\\/vcycletech.com\\\/#\\\/schema\\\/logo\\\/image\\\/\"}}]}<\/script>\n<!-- \/ Yoast SEO Premium plugin. -->","yoast_head_json":{"title":"BHMTPMPA, bis (hexametilen triamina penta (\u00e1cido fosf\u00f3nico de metileno)) - vcycletech","description":"El bis(hexametileno triamina penta (\u00e1cido fosf\u00f3nico de metileno), o BHMTPMPA, es un inhibidor de incrustaciones quelante eficiente con fuertes caracter\u00edsticas de rendimiento.","robots":{"index":"index","follow":"follow","max-snippet":"max-snippet:-1","max-image-preview":"max-image-preview:large","max-video-preview":"max-video-preview:-1"},"canonical":"https:\/\/vcycletech.com\/es\/producto\/bhmtpmpa\/","og_locale":"es_MX","og_type":"article","og_title":"BHMTPMPA,Bis(HexaMethylene Triamine Penta (Methylene Phosphonic Acid))","og_description":"Bis(Hexamethylene Triamine Penta (Methylene Phosphonic Acid), or BHMTPMPA, is an efficient chelating scale inhibitor with strong performance characteristics.","og_url":"https:\/\/vcycletech.com\/es\/producto\/bhmtpmpa\/","og_site_name":"vcycletech","article_modified_time":"2023-03-27T07:13:29+00:00","og_image":[{"width":600,"height":600,"url":"https:\/\/vcycletech.com\/wp-content\/uploads\/2023\/03\/-1-e1679629360200.jpg","type":"image\/jpeg"}],"twitter_card":"summary_large_image","twitter_misc":{"Tiempo de lectura":"3 minutos"},"schema":{"@context":"https:\/\/schema.org","@graph":[{"@type":"WebPage","@id":"https:\/\/vcycletech.com\/product\/bhmtpmpa\/","url":"https:\/\/vcycletech.com\/product\/bhmtpmpa\/","name":"BHMTPMPA, bis (hexametilen triamina penta (\u00e1cido fosf\u00f3nico de metileno)) - vcycletech","isPartOf":{"@id":"https:\/\/vcycletech.com\/#website"},"primaryImageOfPage":{"@id":"https:\/\/vcycletech.com\/product\/bhmtpmpa\/#primaryimage"},"image":{"@id":"https:\/\/vcycletech.com\/product\/bhmtpmpa\/#primaryimage"},"thumbnailUrl":"https:\/\/vcycletech.com\/wp-content\/uploads\/2023\/03\/-1-e1679629360200.jpg","datePublished":"2023-03-18T07:40:57+00:00","dateModified":"2023-03-27T07:13:29+00:00","description":"El bis(hexametileno triamina penta (\u00e1cido fosf\u00f3nico de metileno), o BHMTPMPA, es un inhibidor de incrustaciones quelante eficiente con fuertes caracter\u00edsticas de rendimiento.","breadcrumb":{"@id":"https:\/\/vcycletech.com\/product\/bhmtpmpa\/#breadcrumb"},"inLanguage":"es","potentialAction":[{"@type":"ReadAction","target":["https:\/\/vcycletech.com\/product\/bhmtpmpa\/"]}]},{"@type":"ImageObject","inLanguage":"es","@id":"https:\/\/vcycletech.com\/product\/bhmtpmpa\/#primaryimage","url":"https:\/\/vcycletech.com\/wp-content\/uploads\/2023\/03\/-1-e1679629360200.jpg","contentUrl":"https:\/\/vcycletech.com\/wp-content\/uploads\/2023\/03\/-1-e1679629360200.jpg","width":600,"height":600,"caption":"Bis(HexaMethylene Triamine Penta (Methylene Phosphonic Acid)) BHMTPMPA"},{"@type":"BreadcrumbList","@id":"https:\/\/vcycletech.com\/product\/bhmtpmpa\/#breadcrumb","itemListElement":[{"@type":"ListItem","position":1,"name":"Home","item":"https:\/\/vcycletech.com\/"},{"@type":"ListItem","position":2,"name":"Water Treatment Chemicals Manufacturer","item":"https:\/\/vcycletech.com\/water-treatment-chemicals-manufacturer\/"},{"@type":"ListItem","position":3,"name":"BHMTPMPA,Bis(HexaMethylene Triamine Penta (Methylene Phosphonic Acid))"}]},{"@type":"WebSite","@id":"https:\/\/vcycletech.com\/#website","url":"https:\/\/vcycletech.com\/","name":"vcycletech","description":"El principal proveedor de productos qu\u00edmicos para el tratamiento del agua de China y #039;","publisher":{"@id":"https:\/\/vcycletech.com\/#organization"},"potentialAction":[{"@type":"SearchAction","target":{"@type":"EntryPoint","urlTemplate":"https:\/\/vcycletech.com\/?s={search_term_string}"},"query-input":{"@type":"PropertyValueSpecification","valueRequired":true,"valueName":"search_term_string"}}],"inLanguage":"es"},{"@type":"Organization","@id":"https:\/\/vcycletech.com\/#organization","name":"vcycletech","url":"https:\/\/vcycletech.com\/","logo":{"@type":"ImageObject","inLanguage":"es","@id":"https:\/\/vcycletech.com\/#\/schema\/logo\/image\/","url":"https:\/\/vcycletech.com\/wp-content\/uploads\/2023\/03\/logo-vcycletech-1.png","contentUrl":"https:\/\/vcycletech.com\/wp-content\/uploads\/2023\/03\/logo-vcycletech-1.png","width":600,"height":400,"caption":"vcycletech"},"image":{"@id":"https:\/\/vcycletech.com\/#\/schema\/logo\/image\/"}}]}},"_links":{"self":[{"href":"https:\/\/vcycletech.com\/es\/wp-json\/wp\/v2\/product\/913","targetHints":{"allow":["GET"]}}],"collection":[{"href":"https:\/\/vcycletech.com\/es\/wp-json\/wp\/v2\/product"}],"about":[{"href":"https:\/\/vcycletech.com\/es\/wp-json\/wp\/v2\/types\/product"}],"wp:featuredmedia":[{"embeddable":true,"href":"https:\/\/vcycletech.com\/es\/wp-json\/wp\/v2\/media\/922"}],"wp:attachment":[{"href":"https:\/\/vcycletech.com\/es\/wp-json\/wp\/v2\/media?parent=913"}],"wp:term":[{"taxonomy":"product_brand","embeddable":true,"href":"https:\/\/vcycletech.com\/es\/wp-json\/wp\/v2\/product_brand?post=913"},{"taxonomy":"product_cat","embeddable":true,"href":"https:\/\/vcycletech.com\/es\/wp-json\/wp\/v2\/product_cat?post=913"},{"taxonomy":"product_tag","embeddable":true,"href":"https:\/\/vcycletech.com\/es\/wp-json\/wp\/v2\/product_tag?post=913"}],"curies":[{"name":"wp","href":"https:\/\/api.w.org\/{rel}","templated":true}]}}