{"id":891,"date":"2023-03-18T02:45:47","date_gmt":"2023-03-18T02:45:47","guid":{"rendered":"https:\/\/vcycletech.com\/?post_type=product&#038;p=891"},"modified":"2023-03-27T07:12:33","modified_gmt":"2023-03-27T07:12:33","slug":"papeleo","status":"publish","type":"product","link":"https:\/\/vcycletech.com\/es\/producto\/papeleo\/","title":{"rendered":"Poliamino Poli\u00e9ter Metileno \u00c1cido Fosf\u00f3nico (PAPEMP)"},"content":{"rendered":"<h3>N\u00ba CAS 130668-24-5<\/h3>\n<h3>Peso molecular: alrededor de 600<\/h3>\n<h3>F\u00f3rmula estructural PAPEMP:<\/h3>\n<p><img fetchpriority=\"high\" decoding=\"async\" class=\"alignnone size-full wp-image-897\" src=\"https:\/\/vcycletech.com\/wp-content\/uploads\/2023\/03\/1-7.png\" alt=\"F\u00f3rmula estructural PAPEMP:\" width=\"1291\" height=\"381\" srcset=\"https:\/\/vcycletech.com\/wp-content\/uploads\/2023\/03\/1-7.png 1291w, https:\/\/vcycletech.com\/wp-content\/uploads\/2023\/03\/1-7-600x177.png 600w, https:\/\/vcycletech.com\/wp-content\/uploads\/2023\/03\/1-7-300x89.png 300w, https:\/\/vcycletech.com\/wp-content\/uploads\/2023\/03\/1-7-1024x302.png 1024w, https:\/\/vcycletech.com\/wp-content\/uploads\/2023\/03\/1-7-768x227.png 768w\" sizes=\"(max-width: 1291px) 100vw, 1291px\" \/><\/p>\n<h3>Propiedades:<\/h3>\n<p>PAPEMP es el agente de tratamiento de agua ideal para operaciones industriales de alto nivel. Tiene excelentes efectos de quelaci\u00f3n y dispersi\u00f3n, un impresionante nivel de tolerancia al calcio y poderes de inhibici\u00f3n de incrustaciones altamente efectivos. PAPEMP se puede utilizar como inhibidor de incrustaciones y corrosi\u00f3n en sistemas de circulaci\u00f3n de agua fr\u00eda y sistemas de agua de relleno de yacimientos petrol\u00edferos con niveles elevados de dureza, alcalinidad y pH.<\/p>\n<p>M\u00e1s espec\u00edficamente, PAPEMP es particularmente eficaz en la prevenci\u00f3n de la formaci\u00f3n de incrustaciones de carbonato de calcio, sulfato de calcio y fosfato de calcio. Adem\u00e1s, es una excelente opci\u00f3n con sistemas de \u00f3smosis inversa y sistemas de vaporizaci\u00f3n instant\u00e1nea de varios pasos que involucran altas concentraciones de sal, niveles de turbidez y temperaturas (como las que se encuentran en la vaporizaci\u00f3n del carb\u00f3n). Tambi\u00e9n se puede usar como una alternativa al EDTA, DTPA o NTA en procesos de tejido y te\u00f1ido, como los agentes inhibidores del retroceso amarillo.<\/p>\n<h3>Especificaci\u00f3n:<\/h3>\n<div id=\"footable_parent_899\"\n         class=\"footable_parent ninja_table_wrapper loading_ninja_table wp_table_data_press_parent semantic_ui\">\n                <table data-ninja_table_instance=\"ninja_table_instance_0\" data-footable_id=\"899\" data-filter-delay=\"1000\" aria-label=\"Poliamino Poli\u00e9ter Metileno \u00c1cido Fosf\u00f3nico.csv\"            id=\"footable_899\"\n           data-unique_identifier=\"ninja_table_unique_id_2720125339_899\"\n           class=\"foo-table ninja_footable foo_table_899 ninja_table_unique_id_2720125339_899 ui table  nt_type_legacy_table selectable striped vertical_centered  footable-paging-right ninja_table_pro\">\n                <colgroup>\n                            <col class=\"ninja_column_0\">\n                            <col class=\"ninja_column_1\">\n                    <\/colgroup>\n        <thead>\n<tr class=\"footable-header\">\n                                        <th scope=\"col\"  class=\"ninja_column_0 ninja_clmn_nm_items\">Art\u00edculos<\/th><th scope=\"col\"  class=\"ninja_column_1 ninja_clmn_nm_index\">\u00cdndice<\/th><\/tr>\n<\/thead>\n<tbody>\n\n        <tr data-row_id=\"102\" class=\"ninja_table_row_0 nt_row_id_102\">\n            <td>Apariencia<\/td><td>L\u00edquido transparente amarillo claro a amarillo<\/td>        <\/tr>\n            <tr data-row_id=\"103\" class=\"ninja_table_row_1 nt_row_id_103\">\n            <td>Contenido activo %<\/td><td>40,0 minutos<\/td>        <\/tr>\n            <tr data-row_id=\"104\" class=\"ninja_table_row_2 nt_row_id_104\">\n            <td>\u00c1cido fosforoso (como PO43-)%<\/td><td>1.0 m\u00e1x.<\/td>        <\/tr>\n            <tr data-row_id=\"105\" class=\"ninja_table_row_3 nt_row_id_105\">\n            <td>Densidad (20\u2103) g\/cm3<\/td><td>1,15 minutos<\/td>        <\/tr>\n            <tr data-row_id=\"106\" class=\"ninja_table_row_4 nt_row_id_106\">\n            <td>pH (soluci\u00f3n de agua 1%)<\/td><td>2.0 m\u00e1x.<\/td>        <\/tr>\n    <\/tbody><!--ninja_tobody_rendering_done-->\n    <\/table>\n    \n    \n    \n<\/div>\n\n<h3>Uso:<\/h3>\n<p><strong>PAPEMP<\/strong> es un nuevo agente de tratamiento de agua con altos efectos de quelaci\u00f3n y dispersi\u00f3n, un alto valor de tolerancia al calcio y buenos efectos de inhibici\u00f3n de incrustaciones. Previene de manera efectiva la precipitaci\u00f3n de carbonato de calcio a alta sobresaturaci\u00f3n, lo que lo convierte en una opci\u00f3n ideal para el tratamiento de aguas industriales.<strong> PAPEMP<\/strong> se desempe\u00f1a excelentemente en alta dureza y pH, lo que lo convierte en un excelente antiincrustante. Adem\u00e1s, los fosfonatos de metileno de poli\u00e9ter poliamina poseen una alta tolerancia al calcio y se ha descubierto que brindan una inhibici\u00f3n superior de la formaci\u00f3n, dep\u00f3sito y crecimiento de incrustaciones. En general, PAPEMP es un agente de tratamiento de agua eficaz y eficiente que se puede utilizar para evitar incrustaciones en aplicaciones industriales.<\/p>\n<p><img decoding=\"async\" class=\"alignnone size-full wp-image-900\" src=\"https:\/\/vcycletech.com\/wp-content\/uploads\/2023\/03\/1-8.png\" alt=\"Poliamino Poli\u00e9ter Metileno \u00c1cido Fosf\u00f3nico (PAPEMP)\" width=\"600\" height=\"600\" srcset=\"https:\/\/vcycletech.com\/wp-content\/uploads\/2023\/03\/1-8.png 600w, https:\/\/vcycletech.com\/wp-content\/uploads\/2023\/03\/1-8-100x100.png 100w, https:\/\/vcycletech.com\/wp-content\/uploads\/2023\/03\/1-8-300x300.png 300w, https:\/\/vcycletech.com\/wp-content\/uploads\/2023\/03\/1-8-150x150.png 150w\" sizes=\"(max-width: 600px) 100vw, 600px\" \/><\/p>\n<h3>C\u00f3mo Envasar y Almacenar \u00c1cido Poliamino Poli\u00e9ter Metileno Fosf\u00f3nico (PAPEMP)<\/h3>\n<p><strong>Poliamino Poli\u00e9ter Metileno \u00c1cido Fosf\u00f3nico (PAPEMP)<\/strong> es un l\u00edquido altamente corrosivo que puede causar da\u00f1os severos al equipo y al personal sin protecci\u00f3n. El embalaje y almacenamiento adecuados de este qu\u00edmico son esenciales para garantizar la seguridad y prevenir accidentes. Estos son algunos pasos que debe seguir al empacar y almacenar PAPEMP:<\/p>\n<ol>\n<li>Elija el material de embalaje adecuado para <strong>PAPEMP<\/strong> \u2013 Se recomiendan los envases r\u00edgidos de polietileno de alta densidad (HDPE), ya que ofrecen una excelente resistencia qu\u00edmica. No use vidrio o papel porque el \u00e1cido puede da\u00f1arlos f\u00e1cilmente.<\/li>\n<li>Aseg\u00farese de que los contenedores que utilice est\u00e9n bien sellados con sellos o tapas a prueba de manipulaciones para que no se produzca contaminaci\u00f3n externa mientras el contenedor est\u00e1 almacenado.<\/li>\n<li>Guarde siempre sus productos qu\u00edmicos lejos de fuentes de calor, luz solar directa, humedad y otros materiales corrosivos. Mantenga sus contenedores en un lugar fresco, seco y con ventilaci\u00f3n adecuada.<\/li>\n<li>Etiquete todos los contenedores de productos qu\u00edmicos con su nombre correcto y clasificaciones de peligro para evitar cualquier mal uso accidental o lesiones graves en caso de que ocurra un accidente mientras transporta o almacena estos materiales.<\/li>\n<li>Si es posible, instale sistemas de prevenci\u00f3n de incendios cerca del \u00e1rea donde se almacene PAPEMP para reducir el riesgo de incendios accidentales causados por una chispa o una fuente de calor que entre en contacto con la soluci\u00f3n \u00e1cida.<\/li>\n<\/ol>\n<p>Seguir estas pautas garantizar\u00e1 que su PAPEMP se empaquete y almacene de manera segura para su uso futuro y evitar\u00e1 que ocurran incidentes peligrosos debido al manejo inadecuado de este material altamente corrosivo.<\/p>\n<h3>preguntas frecuentes<\/h3>\n<p>&nbsp;<\/p>\n<h4>\u00bfQu\u00e9 es PAPEMP?<\/h4>\n<p>PAPEMP es un \u00e1cido poliamino poli\u00e9ter metileno fosf\u00f3nico. Es un l\u00edquido soluble en agua, de color blanco a amarillo p\u00e1lido, que se utiliza como agente quelante, inhibidor de incrustaciones e inhibidor de corrosi\u00f3n en aplicaciones de tratamiento de agua.<\/p>\n<h4>\u00bfCu\u00e1les son los beneficios de usar PAPEMP?<\/h4>\n<p>PAPEMP proporciona una serie de beneficios en las aplicaciones de tratamiento de agua, incluida la prevenci\u00f3n de la acumulaci\u00f3n de incrustaciones, la inhibici\u00f3n de la corrosi\u00f3n y la eliminaci\u00f3n de metales pesados del agua.<\/p>\n<h4>\u00bfCu\u00e1les son los efectos secundarios del uso de PAPEMP?<\/h4>\n<p>PAPEMP generalmente se considera seguro para su uso en aplicaciones de tratamiento de agua. Sin embargo, como con cualquier compuesto qu\u00edmico, siempre existe la posibilidad de efectos secundarios. Algunos de los posibles efectos secundarios del uso de PAPEMP incluyen irritaci\u00f3n de la piel, irritaci\u00f3n de los ojos e irritaci\u00f3n respiratoria.<\/p>\n<h4>\u00bfC\u00f3mo uso PAPEMP?<\/h4>\n<p>PAPEMP se puede agregar al agua en una variedad de etapas diferentes en el proceso de tratamiento del agua. Se puede agregar al agua sin tratar antes de la filtraci\u00f3n o se puede agregar al agua tratada antes de la distribuci\u00f3n.<\/p>\n<h4>\u00bfD\u00f3nde puedo comprar PAPEMP?<\/h4>\n<p>PAPEMP est\u00e1 disponible para su compra en una variedad de minoristas en l\u00ednea y proveedores de productos qu\u00edmicos<\/p>\n<div data-zone-id=\"0\" data-line-index=\"0\" data-line=\"true\"><a href=\"https:\/\/vcycletech.com\/es\/categoria-de-producto\/fosfonatos-antiincrustante-inhibidor-de-corrosion\/\">Obtenga la soluci\u00f3n completa de inhibidor de corrosi\u00f3n y antiincrustante de fosfonatos<\/a><\/div>","protected":false},"excerpt":{"rendered":"<p><strong>Poliamino Poli\u00e9ter Metileno \u00c1cido Fosf\u00f3nico (PAPEMP)<\/strong> es un nuevo agente de tratamiento de agua con altos efectos de quelaci\u00f3n y dispersi\u00f3n, un alto valor de tolerancia al calcio y buenos efectos de inhibici\u00f3n de incrustaciones. Previene de manera efectiva la precipitaci\u00f3n de carbonato de calcio a niveles de sobresaturaci\u00f3n altos y funciona excelentemente en dureza y pH altos como antiincrustante. <strong>PAPEMP<\/strong> Tambi\u00e9n es conocido por su excelente inhibici\u00f3n de la formaci\u00f3n, deposici\u00f3n y crecimiento de incrustaciones. Esto lo convierte en una opci\u00f3n ideal para aplicaciones de tratamiento de agua industrial.<\/p>","protected":false},"featured_media":895,"template":"","meta":{"site-sidebar-layout":"default","site-content-layout":"default","ast-site-content-layout":"default","site-content-style":"default","site-sidebar-style":"default","ast-global-header-display":"","ast-banner-title-visibility":"","ast-main-header-display":"","ast-hfb-above-header-display":"","ast-hfb-below-header-display":"","ast-hfb-mobile-header-display":"","site-post-title":"","ast-breadcrumbs-content":"","ast-featured-img":"","footer-sml-layout":"","ast-disable-related-posts":"","theme-transparent-header-meta":"default","adv-header-id-meta":"","stick-header-meta":"default","header-above-stick-meta":"","header-main-stick-meta":"","header-below-stick-meta":"","astra-migrate-meta-layouts":"default","ast-page-background-enabled":"default","ast-page-background-meta":{"desktop":{"background-color":"","background-image":"","background-repeat":"repeat","background-position":"center center","background-size":"auto","background-attachment":"scroll","background-type":"","background-media":"","overlay-type":"","overlay-color":"","overlay-opacity":"","overlay-gradient":""},"tablet":{"background-color":"","background-image":"","background-repeat":"repeat","background-position":"center center","background-size":"auto","background-attachment":"scroll","background-type":"","background-media":"","overlay-type":"","overlay-color":"","overlay-opacity":"","overlay-gradient":""},"mobile":{"background-color":"","background-image":"","background-repeat":"repeat","background-position":"center center","background-size":"auto","background-attachment":"scroll","background-type":"","background-media":"","overlay-type":"","overlay-color":"","overlay-opacity":"","overlay-gradient":""}},"ast-content-background-meta":{"desktop":{"background-color":"var(--ast-global-color-5)","background-image":"","background-repeat":"repeat","background-position":"center center","background-size":"auto","background-attachment":"scroll","background-type":"","background-media":"","overlay-type":"","overlay-color":"","overlay-opacity":"","overlay-gradient":""},"tablet":{"background-color":"var(--ast-global-color-5)","background-image":"","background-repeat":"repeat","background-position":"center center","background-size":"auto","background-attachment":"scroll","background-type":"","background-media":"","overlay-type":"","overlay-color":"","overlay-opacity":"","overlay-gradient":""},"mobile":{"background-color":"var(--ast-global-color-5)","background-image":"","background-repeat":"repeat","background-position":"center center","background-size":"auto","background-attachment":"scroll","background-type":"","background-media":"","overlay-type":"","overlay-color":"","overlay-opacity":"","overlay-gradient":""}}},"product_brand":[],"product_cat":[15],"product_tag":[],"class_list":{"0":"post-891","1":"product","2":"type-product","3":"status-publish","4":"has-post-thumbnail","6":"product_cat-phosphonates-antiscalant-corrosion-inhibitor","7":"desktop-align-left","8":"tablet-align-left","9":"mobile-align-left","10":"ast-product-gallery-layout-horizontal-slider","11":"ast-product-gallery-with-no-image","12":"ast-product-tabs-layout-horizontal","14":"first","15":"instock","16":"shipping-taxable","17":"product-type-simple"},"yoast_head":"<!-- This site is optimized with the Yoast SEO Premium plugin v26.3 (Yoast SEO v27.5) - https:\/\/yoast.com\/product\/yoast-seo-premium-wordpress\/ -->\n<title>Polyamino Polyether Methylene Phosphonic Acid(PAPEMP) - vcycletech<\/title>\n<meta name=\"description\" content=\"Quality &quot;Polyamino Polyether Methylene Phosphonic Acid(PAPEMP)&quot; for sale. Low price, fast shipping, and good customer service.\" \/>\n<meta name=\"robots\" content=\"index, follow, max-snippet:-1, max-image-preview:large, max-video-preview:-1\" \/>\n<link rel=\"canonical\" href=\"https:\/\/vcycletech.com\/es\/producto\/papeleo\/\" \/>\n<meta property=\"og:locale\" content=\"es_MX\" \/>\n<meta property=\"og:type\" content=\"article\" \/>\n<meta property=\"og:title\" content=\"Polyamino Polyether Methylene Phosphonic Acid(PAPEMP)\" \/>\n<meta property=\"og:description\" content=\"Quality &quot;Polyamino Polyether Methylene Phosphonic Acid(PAPEMP)&quot; for sale. Low price, fast shipping, and good customer service.\" \/>\n<meta property=\"og:url\" content=\"https:\/\/vcycletech.com\/es\/producto\/papeleo\/\" \/>\n<meta property=\"og:site_name\" content=\"vcycletech\" \/>\n<meta property=\"article:modified_time\" content=\"2023-03-27T07:12:33+00:00\" \/>\n<meta property=\"og:image\" content=\"https:\/\/vcycletech.com\/wp-content\/uploads\/2023\/03\/1-6.png\" \/>\n\t<meta property=\"og:image:width\" content=\"600\" \/>\n\t<meta property=\"og:image:height\" content=\"600\" \/>\n\t<meta property=\"og:image:type\" content=\"image\/png\" \/>\n<meta name=\"twitter:card\" content=\"summary_large_image\" \/>\n<meta name=\"twitter:label1\" content=\"Tiempo de lectura\" \/>\n\t<meta name=\"twitter:data1\" content=\"4 minutos\" \/>\n<script type=\"application\/ld+json\" class=\"yoast-schema-graph\">{\"@context\":\"https:\\\/\\\/schema.org\",\"@graph\":[{\"@type\":\"WebPage\",\"@id\":\"https:\\\/\\\/vcycletech.com\\\/product\\\/papemp\\\/\",\"url\":\"https:\\\/\\\/vcycletech.com\\\/product\\\/papemp\\\/\",\"name\":\"Polyamino Polyether Methylene Phosphonic Acid(PAPEMP) - vcycletech\",\"isPartOf\":{\"@id\":\"https:\\\/\\\/vcycletech.com\\\/#website\"},\"primaryImageOfPage\":{\"@id\":\"https:\\\/\\\/vcycletech.com\\\/product\\\/papemp\\\/#primaryimage\"},\"image\":{\"@id\":\"https:\\\/\\\/vcycletech.com\\\/product\\\/papemp\\\/#primaryimage\"},\"thumbnailUrl\":\"https:\\\/\\\/vcycletech.com\\\/wp-content\\\/uploads\\\/2023\\\/03\\\/1-6.png\",\"datePublished\":\"2023-03-18T02:45:47+00:00\",\"dateModified\":\"2023-03-27T07:12:33+00:00\",\"description\":\"Quality \\\"Polyamino Polyether Methylene Phosphonic Acid(PAPEMP)\\\" for sale. Low price, fast shipping, and good customer service.\",\"breadcrumb\":{\"@id\":\"https:\\\/\\\/vcycletech.com\\\/product\\\/papemp\\\/#breadcrumb\"},\"inLanguage\":\"es\",\"potentialAction\":[{\"@type\":\"ReadAction\",\"target\":[\"https:\\\/\\\/vcycletech.com\\\/product\\\/papemp\\\/\"]}]},{\"@type\":\"ImageObject\",\"inLanguage\":\"es\",\"@id\":\"https:\\\/\\\/vcycletech.com\\\/product\\\/papemp\\\/#primaryimage\",\"url\":\"https:\\\/\\\/vcycletech.com\\\/wp-content\\\/uploads\\\/2023\\\/03\\\/1-6.png\",\"contentUrl\":\"https:\\\/\\\/vcycletech.com\\\/wp-content\\\/uploads\\\/2023\\\/03\\\/1-6.png\",\"width\":600,\"height\":600,\"caption\":\"Polyamino Polyether Methylene Phosphonic Acid(PAPEMP)\"},{\"@type\":\"BreadcrumbList\",\"@id\":\"https:\\\/\\\/vcycletech.com\\\/product\\\/papemp\\\/#breadcrumb\",\"itemListElement\":[{\"@type\":\"ListItem\",\"position\":1,\"name\":\"Home\",\"item\":\"https:\\\/\\\/vcycletech.com\\\/\"},{\"@type\":\"ListItem\",\"position\":2,\"name\":\"Water Treatment Chemicals Manufacturer\",\"item\":\"https:\\\/\\\/vcycletech.com\\\/water-treatment-chemicals-manufacturer\\\/\"},{\"@type\":\"ListItem\",\"position\":3,\"name\":\"Polyamino Polyether Methylene Phosphonic Acid(PAPEMP)\"}]},{\"@type\":\"WebSite\",\"@id\":\"https:\\\/\\\/vcycletech.com\\\/#website\",\"url\":\"https:\\\/\\\/vcycletech.com\\\/\",\"name\":\"vcycletech\",\"description\":\"China&#039;s top water treatment chemicals supplier\",\"publisher\":{\"@id\":\"https:\\\/\\\/vcycletech.com\\\/#organization\"},\"potentialAction\":[{\"@type\":\"SearchAction\",\"target\":{\"@type\":\"EntryPoint\",\"urlTemplate\":\"https:\\\/\\\/vcycletech.com\\\/?s={search_term_string}\"},\"query-input\":{\"@type\":\"PropertyValueSpecification\",\"valueRequired\":true,\"valueName\":\"search_term_string\"}}],\"inLanguage\":\"es\"},{\"@type\":\"Organization\",\"@id\":\"https:\\\/\\\/vcycletech.com\\\/#organization\",\"name\":\"vcycletech\",\"url\":\"https:\\\/\\\/vcycletech.com\\\/\",\"logo\":{\"@type\":\"ImageObject\",\"inLanguage\":\"es\",\"@id\":\"https:\\\/\\\/vcycletech.com\\\/#\\\/schema\\\/logo\\\/image\\\/\",\"url\":\"https:\\\/\\\/vcycletech.com\\\/wp-content\\\/uploads\\\/2023\\\/03\\\/logo-vcycletech-1.png\",\"contentUrl\":\"https:\\\/\\\/vcycletech.com\\\/wp-content\\\/uploads\\\/2023\\\/03\\\/logo-vcycletech-1.png\",\"width\":600,\"height\":400,\"caption\":\"vcycletech\"},\"image\":{\"@id\":\"https:\\\/\\\/vcycletech.com\\\/#\\\/schema\\\/logo\\\/image\\\/\"}}]}<\/script>\n<!-- \/ Yoast SEO Premium plugin. -->","yoast_head_json":{"title":"Poliamino Poli\u00e9ter Metileno \u00c1cido Fosf\u00f3nico (PAPEMP) - vcycletech","description":"Calidad &quot;Poliamino Poli\u00e9ter Metileno \u00c1cido Fosf\u00f3nico (PAPEMP)&quot; a la venta. Precio bajo, env\u00edo r\u00e1pido y buen servicio al cliente.","robots":{"index":"index","follow":"follow","max-snippet":"max-snippet:-1","max-image-preview":"max-image-preview:large","max-video-preview":"max-video-preview:-1"},"canonical":"https:\/\/vcycletech.com\/es\/producto\/papeleo\/","og_locale":"es_MX","og_type":"article","og_title":"Polyamino Polyether Methylene Phosphonic Acid(PAPEMP)","og_description":"Quality \"Polyamino Polyether Methylene Phosphonic Acid(PAPEMP)\" for sale. Low price, fast shipping, and good customer service.","og_url":"https:\/\/vcycletech.com\/es\/producto\/papeleo\/","og_site_name":"vcycletech","article_modified_time":"2023-03-27T07:12:33+00:00","og_image":[{"width":600,"height":600,"url":"https:\/\/vcycletech.com\/wp-content\/uploads\/2023\/03\/1-6.png","type":"image\/png"}],"twitter_card":"summary_large_image","twitter_misc":{"Tiempo de lectura":"4 minutos"},"schema":{"@context":"https:\/\/schema.org","@graph":[{"@type":"WebPage","@id":"https:\/\/vcycletech.com\/product\/papemp\/","url":"https:\/\/vcycletech.com\/product\/papemp\/","name":"Poliamino Poli\u00e9ter Metileno \u00c1cido Fosf\u00f3nico (PAPEMP) - vcycletech","isPartOf":{"@id":"https:\/\/vcycletech.com\/#website"},"primaryImageOfPage":{"@id":"https:\/\/vcycletech.com\/product\/papemp\/#primaryimage"},"image":{"@id":"https:\/\/vcycletech.com\/product\/papemp\/#primaryimage"},"thumbnailUrl":"https:\/\/vcycletech.com\/wp-content\/uploads\/2023\/03\/1-6.png","datePublished":"2023-03-18T02:45:47+00:00","dateModified":"2023-03-27T07:12:33+00:00","description":"Calidad &quot;Poliamino Poli\u00e9ter Metileno \u00c1cido Fosf\u00f3nico (PAPEMP)&quot; a la venta. Precio bajo, env\u00edo r\u00e1pido y buen servicio al cliente.","breadcrumb":{"@id":"https:\/\/vcycletech.com\/product\/papemp\/#breadcrumb"},"inLanguage":"es","potentialAction":[{"@type":"ReadAction","target":["https:\/\/vcycletech.com\/product\/papemp\/"]}]},{"@type":"ImageObject","inLanguage":"es","@id":"https:\/\/vcycletech.com\/product\/papemp\/#primaryimage","url":"https:\/\/vcycletech.com\/wp-content\/uploads\/2023\/03\/1-6.png","contentUrl":"https:\/\/vcycletech.com\/wp-content\/uploads\/2023\/03\/1-6.png","width":600,"height":600,"caption":"Polyamino Polyether Methylene Phosphonic Acid(PAPEMP)"},{"@type":"BreadcrumbList","@id":"https:\/\/vcycletech.com\/product\/papemp\/#breadcrumb","itemListElement":[{"@type":"ListItem","position":1,"name":"Home","item":"https:\/\/vcycletech.com\/"},{"@type":"ListItem","position":2,"name":"Water Treatment Chemicals Manufacturer","item":"https:\/\/vcycletech.com\/water-treatment-chemicals-manufacturer\/"},{"@type":"ListItem","position":3,"name":"Polyamino Polyether Methylene Phosphonic Acid(PAPEMP)"}]},{"@type":"WebSite","@id":"https:\/\/vcycletech.com\/#website","url":"https:\/\/vcycletech.com\/","name":"vcycletech","description":"El principal proveedor de productos qu\u00edmicos para el tratamiento del agua de China y #039;","publisher":{"@id":"https:\/\/vcycletech.com\/#organization"},"potentialAction":[{"@type":"SearchAction","target":{"@type":"EntryPoint","urlTemplate":"https:\/\/vcycletech.com\/?s={search_term_string}"},"query-input":{"@type":"PropertyValueSpecification","valueRequired":true,"valueName":"search_term_string"}}],"inLanguage":"es"},{"@type":"Organization","@id":"https:\/\/vcycletech.com\/#organization","name":"vcycletech","url":"https:\/\/vcycletech.com\/","logo":{"@type":"ImageObject","inLanguage":"es","@id":"https:\/\/vcycletech.com\/#\/schema\/logo\/image\/","url":"https:\/\/vcycletech.com\/wp-content\/uploads\/2023\/03\/logo-vcycletech-1.png","contentUrl":"https:\/\/vcycletech.com\/wp-content\/uploads\/2023\/03\/logo-vcycletech-1.png","width":600,"height":400,"caption":"vcycletech"},"image":{"@id":"https:\/\/vcycletech.com\/#\/schema\/logo\/image\/"}}]}},"_links":{"self":[{"href":"https:\/\/vcycletech.com\/es\/wp-json\/wp\/v2\/product\/891","targetHints":{"allow":["GET"]}}],"collection":[{"href":"https:\/\/vcycletech.com\/es\/wp-json\/wp\/v2\/product"}],"about":[{"href":"https:\/\/vcycletech.com\/es\/wp-json\/wp\/v2\/types\/product"}],"wp:featuredmedia":[{"embeddable":true,"href":"https:\/\/vcycletech.com\/es\/wp-json\/wp\/v2\/media\/895"}],"wp:attachment":[{"href":"https:\/\/vcycletech.com\/es\/wp-json\/wp\/v2\/media?parent=891"}],"wp:term":[{"taxonomy":"product_brand","embeddable":true,"href":"https:\/\/vcycletech.com\/es\/wp-json\/wp\/v2\/product_brand?post=891"},{"taxonomy":"product_cat","embeddable":true,"href":"https:\/\/vcycletech.com\/es\/wp-json\/wp\/v2\/product_cat?post=891"},{"taxonomy":"product_tag","embeddable":true,"href":"https:\/\/vcycletech.com\/es\/wp-json\/wp\/v2\/product_tag?post=891"}],"curies":[{"name":"wp","href":"https:\/\/api.w.org\/{rel}","templated":true}]}}