{"id":878,"date":"2023-03-18T03:50:37","date_gmt":"2023-03-18T03:50:37","guid":{"rendered":"https:\/\/vcycletech.com\/?post_type=product&#038;p=878"},"modified":"2023-03-18T03:52:07","modified_gmt":"2023-03-18T03:52:07","slug":"edtmpna5etilen-diamina-tetrametilen-fosfonico-acido-pentasodio-sal","status":"publish","type":"product","link":"https:\/\/vcycletech.com\/es\/producto\/edtmpna5etilen-diamina-tetrametilen-fosfonico-acido-pentasodio-sal\/","title":{"rendered":"EDTMP\u2022Na5(Etilendiamina Tetra)(\u00c1cido Metileno Fosf\u00f3nico) (Sal Pentas\u00f3dica)"},"content":{"rendered":"<h3>N\u00ba CAS: 7651-99-2<\/h3>\n<h3>N\u00ba EINECS: 231-615-4<br \/>\nF\u00f3rmula molecular: C6H15O12N2P4Na5<\/h3>\n<h3>Peso molecular: 546,13<\/h3>\n<h3>F\u00f3rmula estructural:<\/h3>\n<p><img fetchpriority=\"high\" decoding=\"async\" class=\"size-full wp-image-893\" src=\"https:\/\/vcycletech.com\/wp-content\/uploads\/2023\/03\/001-6.png\" alt=\"EDTMP\u2022Na5\" width=\"600\" height=\"600\" srcset=\"https:\/\/vcycletech.com\/wp-content\/uploads\/2023\/03\/001-6.png 600w, https:\/\/vcycletech.com\/wp-content\/uploads\/2023\/03\/001-6-100x100.png 100w, https:\/\/vcycletech.com\/wp-content\/uploads\/2023\/03\/001-6-300x300.png 300w, https:\/\/vcycletech.com\/wp-content\/uploads\/2023\/03\/001-6-150x150.png 150w\" sizes=\"(max-width: 600px) 100vw, 600px\" \/><\/p>\n<h3>Propiedades de EDTMP\u2022Na5:<\/h3>\n<p><strong>EDTMP\u2022Na5<\/strong> es un \u00e1cido polifosf\u00f3rico org\u00e1nico nitrogenado neutro que act\u00faa como inhibidor de la corrosi\u00f3n cat\u00f3dica y se puede disolver en agua. Este compuesto no es t\u00f3xico ni contaminante, tiene buena estabilidad qu\u00edmica, resistencia al calor e inhibici\u00f3n de incrustaciones de hasta 200 \u2103.<br \/>\nCompuesto por 8 iones positivos y negativos,<strong> EDTMP\u2022Na5<\/strong> quela con m\u00faltiples iones met\u00e1licos para formar una variedad de estructuras monom\u00e9ricas que se disuelven en agua y evitan la cristalizaci\u00f3n normal de las incrustaciones de calcio. Adem\u00e1s, este producto tiene un rendimiento superior contra las incrustaciones de sulfato de calcio y sulfato de bario.<br \/>\n<strong>EDTMP\u2022Na5<\/strong> es ideal para usar como inhibidor de incrustaciones para sistemas de circulaci\u00f3n de agua o calderas, adem\u00e1s tambi\u00e9n funciona como un agente quelante efectivo en operaciones de galvanoplastia sin cianuro y un aditivo suavizante de agua para procesos de te\u00f1ido. Adem\u00e1s, tiene bajos niveles de absorci\u00f3n de humedad, lo que facilita su transporte en condiciones de fr\u00edo.<\/p>\n<h3>Especificaci\u00f3n:<\/h3>\n<div id=\"footable_parent_898\"\n         class=\"footable_parent ninja_table_wrapper loading_ninja_table wp_table_data_press_parent semantic_ui\">\n                <table data-ninja_table_instance=\"ninja_table_instance_0\" data-footable_id=\"898\" data-filter-delay=\"1000\" aria-label=\"EDTMP\u2022Na5.csv\"            id=\"footable_898\"\n           data-unique_identifier=\"ninja_table_unique_id_3765429408_898\"\n           class=\"foo-table ninja_footable foo_table_898 ninja_table_unique_id_3765429408_898 ui table  nt_type_legacy_table selectable striped vertical_centered  footable-paging-right ninja_table_pro\">\n                <colgroup>\n                            <col class=\"ninja_column_0\">\n                            <col class=\"ninja_column_1\">\n                    <\/colgroup>\n        <thead>\n<tr class=\"footable-header\">\n                                        <th scope=\"col\"  class=\"ninja_column_0 ninja_clmn_nm_items\">Elementos<\/th><th scope=\"col\"  class=\"ninja_column_1 ninja_clmn_nm_index\">\u00cdndice<\/th><\/tr>\n<\/thead>\n<tbody>\n\n        <tr data-row_id=\"95\" class=\"ninja_table_row_0 nt_row_id_95\">\n            <td>Apariencia<\/td><td>L\u00edquido transparente \u00e1mbar<\/td>        <\/tr>\n            <tr data-row_id=\"96\" class=\"ninja_table_row_1 nt_row_id_96\">\n            <td>Contenido activo (como EDTMPA)%<\/td><td>24.0-26.0<\/td>        <\/tr>\n            <tr data-row_id=\"97\" class=\"ninja_table_row_2 nt_row_id_97\">\n            <td>Contenido activo (como EDTMP\u2022Na5)%<\/td><td>30.0-32.6<\/td>        <\/tr>\n            <tr data-row_id=\"98\" class=\"ninja_table_row_3 nt_row_id_98\">\n            <td>Cloruro (Cl-) %<\/td><td>2.0 m\u00e1x.<\/td>        <\/tr>\n            <tr data-row_id=\"99\" class=\"ninja_table_row_4 nt_row_id_99\">\n            <td>Densidad (20\u2103) g\/cm3<\/td><td>1,25 minutos<\/td>        <\/tr>\n            <tr data-row_id=\"100\" class=\"ninja_table_row_5 nt_row_id_100\">\n            <td>Fe, mg\/L<\/td><td>20,0 m\u00e1x.<\/td>        <\/tr>\n            <tr data-row_id=\"101\" class=\"ninja_table_row_6 nt_row_id_101\">\n            <td>PH (soluci\u00f3n de agua 1%)<\/td><td>6.0\uff5e8.0<\/td>        <\/tr>\n    <\/tbody><!--ninja_tobody_rendering_done-->\n    <\/table>\n    \n    \n    \n<\/div>\n\n<h3>Envasado y almacenamiento de EDTMP\u2022Na5:<\/h3>\n<p>Siempre debe mantenerse en un recipiente limpio y herm\u00e9ticamente cerrado y almacenarse en un lugar fresco y seco, lejos de la luz solar directa. Las condiciones \u00f3ptimas de envasado, como el tipo y tama\u00f1o del envase, dependen de la cantidad de producto que se almacene.<br \/>\nPor lo general, en tambor de HDPE de 200 l, IBC de 1000 l o seg\u00fan los requisitos del cliente. Si es posible, proporcione sellos herm\u00e9ticos y protecci\u00f3n UV\u2014almacenamiento durante diez meses en un cuarto oscuro y en un lugar seco.<\/p>\n<h3>Medida de seguridad:<\/h3>\n<p>Evite el contacto con los ojos y la piel; una vez en contacto, enjuague con agua.<\/p>\n<h3>Preguntas frecuentes sobre EDTMP\u2022Na5:<\/h3>\n<p>Qu\u00e9 es <strong>EDTMP\u2022Na5<\/strong>?<\/p>\n<p><strong>EDTMP\u2022Na5<\/strong> es una sal de fosfonato que se utiliza como agente quelante, inhibidor de incrustaciones e inhibidor de corrosi\u00f3n en aplicaciones de tratamiento de agua.<\/p>\n<p>\u00bfCu\u00e1les son los beneficios de usar <strong>EDTMP\u2022Na5<\/strong>?<\/p>\n<p><strong>EDTMP\u2022Na5<\/strong> ha demostrado ser eficaz en la prevenci\u00f3n de la acumulaci\u00f3n de incrustaciones y la corrosi\u00f3n en los sistemas de tratamiento de agua. Adem\u00e1s, <strong>EDTMP\u2022Na5<\/strong> puede ayudar a mejorar la eficiencia de los sistemas de tratamiento de agua al prevenir la formaci\u00f3n de dep\u00f3sitos en las superficies.<\/p>\n<p>C\u00f3mo <strong>EDTMP\u2022Na5<\/strong> \u00bftrabajar?<\/p>\n<p><strong>EDTMP\u2022Na5<\/strong> funciona uni\u00e9ndose a los iones met\u00e1licos y evitando que se precipiten fuera de la soluci\u00f3n. Esto evita la formaci\u00f3n de incrustaciones y la corrosi\u00f3n en las superficies en contacto con el agua. Adem\u00e1s, <strong>EDTMP\u2022Na5<\/strong> puede ayudar a aumentar la solubilidad de los iones met\u00e1licos, haci\u00e9ndolos m\u00e1s f\u00e1ciles de eliminar del agua.<\/p>\n<p>\u00bfCu\u00e1les son los efectos secundarios de<strong> EDTMP\u2022Na5<\/strong>?<\/p>\n<p><strong>EDTMP\u2022Na5<\/strong> generalmente se considera seguro para la salud humana. Sin embargo, algunas personas pueden experimentar irritaci\u00f3n de la piel o reacciones al\u00e9rgicas al entrar en contacto con <strong>EDTMP\u2022Na5<\/strong>. Si experimenta alg\u00fan efecto secundario, consulte a un profesional de la salud.<\/p>\n<p>Donde puedo comprar <strong>EDTMP\u2022Na5<\/strong>?<\/p>\n<p>Bienvenido a contactarnos para comprar.<\/p>\n<p><a href=\"https:\/\/vcycletech.com\/es\/fosfonatos\/\"><strong>Obtenga la soluci\u00f3n completa de fosfonatos<\/strong><\/a>.<\/p>","protected":false},"excerpt":{"rendered":"<p><strong>ETDMP\u2022Na5<\/strong> es un excelente agente quelante. Tiene buena solubilidad en agua, estabilidad y capacidad de formaci\u00f3n de complejos met\u00e1licos. Puede formar complejos con varios iones, incluidos Fe3+, Al3+, Cu2+, Pb2+, Zn2+, etc.<br \/>\n<strong>EDTMP\u2022Na5<\/strong> Se utiliza ampliamente en impresi\u00f3n textil, te\u00f1ido, fabricaci\u00f3n de papel, tratamiento de agua, industria alimentaria, etc.<br \/>\n\u00bfBusca un agente quelante de EDTA de calidad? No busques m\u00e1s que <strong>EDTMP\u2022Na5<\/strong>! Nuestro producto es conocido por su alta solubilidad en agua y estabilidad, lo que lo hace ideal para su uso en una variedad de industrias. \u00a1Cont\u00e1ctenos hoy para obtener m\u00e1s informaci\u00f3n sobre nuestros productos y servicios!<\/p>","protected":false},"featured_media":903,"template":"","meta":{"site-sidebar-layout":"default","site-content-layout":"default","ast-site-content-layout":"default","site-content-style":"default","site-sidebar-style":"default","ast-global-header-display":"","ast-banner-title-visibility":"","ast-main-header-display":"","ast-hfb-above-header-display":"","ast-hfb-below-header-display":"","ast-hfb-mobile-header-display":"","site-post-title":"","ast-breadcrumbs-content":"","ast-featured-img":"","footer-sml-layout":"","ast-disable-related-posts":"","theme-transparent-header-meta":"default","adv-header-id-meta":"","stick-header-meta":"default","header-above-stick-meta":"","header-main-stick-meta":"","header-below-stick-meta":"","astra-migrate-meta-layouts":"default","ast-page-background-enabled":"default","ast-page-background-meta":{"desktop":{"background-color":"","background-image":"","background-repeat":"repeat","background-position":"center center","background-size":"auto","background-attachment":"scroll","background-type":"","background-media":"","overlay-type":"","overlay-color":"","overlay-opacity":"","overlay-gradient":""},"tablet":{"background-color":"","background-image":"","background-repeat":"repeat","background-position":"center center","background-size":"auto","background-attachment":"scroll","background-type":"","background-media":"","overlay-type":"","overlay-color":"","overlay-opacity":"","overlay-gradient":""},"mobile":{"background-color":"","background-image":"","background-repeat":"repeat","background-position":"center center","background-size":"auto","background-attachment":"scroll","background-type":"","background-media":"","overlay-type":"","overlay-color":"","overlay-opacity":"","overlay-gradient":""}},"ast-content-background-meta":{"desktop":{"background-color":"var(--ast-global-color-5)","background-image":"","background-repeat":"repeat","background-position":"center center","background-size":"auto","background-attachment":"scroll","background-type":"","background-media":"","overlay-type":"","overlay-color":"","overlay-opacity":"","overlay-gradient":""},"tablet":{"background-color":"var(--ast-global-color-5)","background-image":"","background-repeat":"repeat","background-position":"center center","background-size":"auto","background-attachment":"scroll","background-type":"","background-media":"","overlay-type":"","overlay-color":"","overlay-opacity":"","overlay-gradient":""},"mobile":{"background-color":"var(--ast-global-color-5)","background-image":"","background-repeat":"repeat","background-position":"center center","background-size":"auto","background-attachment":"scroll","background-type":"","background-media":"","overlay-type":"","overlay-color":"","overlay-opacity":"","overlay-gradient":""}}},"product_brand":[],"product_cat":[27],"product_tag":[],"class_list":{"0":"post-878","1":"product","2":"type-product","3":"status-publish","4":"has-post-thumbnail","6":"product_cat-salts-of-phosphonates","7":"desktop-align-left","8":"tablet-align-left","9":"mobile-align-left","10":"ast-product-gallery-layout-horizontal-slider","11":"ast-product-tabs-layout-horizontal","13":"first","14":"instock","15":"shipping-taxable","16":"product-type-simple"},"yoast_head":"<!-- This site is optimized with the Yoast SEO Premium plugin v26.3 (Yoast SEO v27.3) - https:\/\/yoast.com\/product\/yoast-seo-premium-wordpress\/ -->\n<title>EDTMP\u2022Na5(Ethylene Diamine Tetra)(Methylene Phosphonic Acid) (Pentasodium Salt) - vcycletech<\/title>\n<meta name=\"description\" content=\"This industrial powerhouse is used in many different areas, from cooling water systems on oil rigs and ships to electroplating shops. The effectiveness of this product means it will reduce your operating costs and save money in the long run. It also has a low environmental impact by working hard yet still managing water waste levels.\" \/>\n<meta name=\"robots\" content=\"index, follow, max-snippet:-1, max-image-preview:large, max-video-preview:-1\" \/>\n<link rel=\"canonical\" href=\"https:\/\/vcycletech.com\/es\/producto\/edtmpna5etilen-diamina-tetrametilen-fosfonico-acido-pentasodio-sal\/\" \/>\n<meta property=\"og:locale\" content=\"es_MX\" \/>\n<meta property=\"og:type\" content=\"article\" \/>\n<meta property=\"og:title\" content=\"EDTMP\u2022Na5(Ethylene Diamine Tetra)(Methylene Phosphonic Acid) (Pentasodium Salt)\" \/>\n<meta property=\"og:description\" content=\"This industrial powerhouse is used in many different areas, from cooling water systems on oil rigs and ships to electroplating shops. The effectiveness of this product means it will reduce your operating costs and save money in the long run. It also has a low environmental impact by working hard yet still managing water waste levels.\" \/>\n<meta property=\"og:url\" content=\"https:\/\/vcycletech.com\/es\/producto\/edtmpna5etilen-diamina-tetrametilen-fosfonico-acido-pentasodio-sal\/\" \/>\n<meta property=\"og:site_name\" content=\"vcycletech\" \/>\n<meta property=\"article:modified_time\" content=\"2023-03-18T03:52:07+00:00\" \/>\n<meta property=\"og:image\" content=\"https:\/\/vcycletech.com\/wp-content\/uploads\/2023\/03\/001-7.png\" \/>\n\t<meta property=\"og:image:width\" content=\"600\" \/>\n\t<meta property=\"og:image:height\" content=\"600\" \/>\n\t<meta property=\"og:image:type\" content=\"image\/png\" \/>\n<meta name=\"twitter:card\" content=\"summary_large_image\" \/>\n<meta name=\"twitter:label1\" content=\"Tiempo de lectura\" \/>\n\t<meta name=\"twitter:data1\" content=\"3 minutos\" \/>\n<script type=\"application\/ld+json\" class=\"yoast-schema-graph\">{\"@context\":\"https:\\\/\\\/schema.org\",\"@graph\":[{\"@type\":\"WebPage\",\"@id\":\"https:\\\/\\\/vcycletech.com\\\/product\\\/edtmpna5ethylene-diamine-tetramethylene-phosphonic-acid-pentasodium-salt\\\/\",\"url\":\"https:\\\/\\\/vcycletech.com\\\/product\\\/edtmpna5ethylene-diamine-tetramethylene-phosphonic-acid-pentasodium-salt\\\/\",\"name\":\"EDTMP\u2022Na5(Ethylene Diamine Tetra)(Methylene Phosphonic Acid) (Pentasodium Salt) - vcycletech\",\"isPartOf\":{\"@id\":\"https:\\\/\\\/vcycletech.com\\\/#website\"},\"primaryImageOfPage\":{\"@id\":\"https:\\\/\\\/vcycletech.com\\\/product\\\/edtmpna5ethylene-diamine-tetramethylene-phosphonic-acid-pentasodium-salt\\\/#primaryimage\"},\"image\":{\"@id\":\"https:\\\/\\\/vcycletech.com\\\/product\\\/edtmpna5ethylene-diamine-tetramethylene-phosphonic-acid-pentasodium-salt\\\/#primaryimage\"},\"thumbnailUrl\":\"https:\\\/\\\/vcycletech.com\\\/wp-content\\\/uploads\\\/2023\\\/03\\\/001-7.png\",\"datePublished\":\"2023-03-18T03:50:37+00:00\",\"dateModified\":\"2023-03-18T03:52:07+00:00\",\"description\":\"This industrial powerhouse is used in many different areas, from cooling water systems on oil rigs and ships to electroplating shops. The effectiveness of this product means it will reduce your operating costs and save money in the long run. It also has a low environmental impact by working hard yet still managing water waste levels.\",\"breadcrumb\":{\"@id\":\"https:\\\/\\\/vcycletech.com\\\/product\\\/edtmpna5ethylene-diamine-tetramethylene-phosphonic-acid-pentasodium-salt\\\/#breadcrumb\"},\"inLanguage\":\"es\",\"potentialAction\":[{\"@type\":\"ReadAction\",\"target\":[\"https:\\\/\\\/vcycletech.com\\\/product\\\/edtmpna5ethylene-diamine-tetramethylene-phosphonic-acid-pentasodium-salt\\\/\"]}]},{\"@type\":\"ImageObject\",\"inLanguage\":\"es\",\"@id\":\"https:\\\/\\\/vcycletech.com\\\/product\\\/edtmpna5ethylene-diamine-tetramethylene-phosphonic-acid-pentasodium-salt\\\/#primaryimage\",\"url\":\"https:\\\/\\\/vcycletech.com\\\/wp-content\\\/uploads\\\/2023\\\/03\\\/001-7.png\",\"contentUrl\":\"https:\\\/\\\/vcycletech.com\\\/wp-content\\\/uploads\\\/2023\\\/03\\\/001-7.png\",\"width\":600,\"height\":600,\"caption\":\"EDTMP\u2022Na5(Ethylene Diamine Tetra)(Methylene Phosphonic Acid) (Pentasodium Salt)\"},{\"@type\":\"BreadcrumbList\",\"@id\":\"https:\\\/\\\/vcycletech.com\\\/product\\\/edtmpna5ethylene-diamine-tetramethylene-phosphonic-acid-pentasodium-salt\\\/#breadcrumb\",\"itemListElement\":[{\"@type\":\"ListItem\",\"position\":1,\"name\":\"Home\",\"item\":\"https:\\\/\\\/vcycletech.com\\\/\"},{\"@type\":\"ListItem\",\"position\":2,\"name\":\"Water Treatment Chemicals Manufacturer\",\"item\":\"https:\\\/\\\/vcycletech.com\\\/water-treatment-chemicals-manufacturer\\\/\"},{\"@type\":\"ListItem\",\"position\":3,\"name\":\"EDTMP\u2022Na5(Ethylene Diamine Tetra)(Methylene Phosphonic Acid) (Pentasodium Salt)\"}]},{\"@type\":\"WebSite\",\"@id\":\"https:\\\/\\\/vcycletech.com\\\/#website\",\"url\":\"https:\\\/\\\/vcycletech.com\\\/\",\"name\":\"vcycletech\",\"description\":\"China&#039;s top water treatment chemicals supplier\",\"publisher\":{\"@id\":\"https:\\\/\\\/vcycletech.com\\\/#organization\"},\"potentialAction\":[{\"@type\":\"SearchAction\",\"target\":{\"@type\":\"EntryPoint\",\"urlTemplate\":\"https:\\\/\\\/vcycletech.com\\\/?s={search_term_string}\"},\"query-input\":{\"@type\":\"PropertyValueSpecification\",\"valueRequired\":true,\"valueName\":\"search_term_string\"}}],\"inLanguage\":\"es\"},{\"@type\":\"Organization\",\"@id\":\"https:\\\/\\\/vcycletech.com\\\/#organization\",\"name\":\"vcycletech\",\"url\":\"https:\\\/\\\/vcycletech.com\\\/\",\"logo\":{\"@type\":\"ImageObject\",\"inLanguage\":\"es\",\"@id\":\"https:\\\/\\\/vcycletech.com\\\/#\\\/schema\\\/logo\\\/image\\\/\",\"url\":\"https:\\\/\\\/vcycletech.com\\\/wp-content\\\/uploads\\\/2023\\\/03\\\/logo-vcycletech-1.png\",\"contentUrl\":\"https:\\\/\\\/vcycletech.com\\\/wp-content\\\/uploads\\\/2023\\\/03\\\/logo-vcycletech-1.png\",\"width\":600,\"height\":400,\"caption\":\"vcycletech\"},\"image\":{\"@id\":\"https:\\\/\\\/vcycletech.com\\\/#\\\/schema\\\/logo\\\/image\\\/\"}}]}<\/script>\n<!-- \/ Yoast SEO Premium plugin. -->","yoast_head_json":{"title":"EDTMP\u2022Na5(Etilendiamina Tetra)(\u00c1cido Metileno Fosf\u00f3nico) (Sal Pentas\u00f3dica) - vcycletech","description":"Esta potencia industrial se utiliza en muchas \u00e1reas diferentes, desde sistemas de agua de refrigeraci\u00f3n en plataformas petrol\u00edferas y barcos hasta talleres de galvanoplastia. La efectividad de este producto significa que reducir\u00e1 sus costos operativos y ahorrar\u00e1 dinero a largo plazo. Tambi\u00e9n tiene un bajo impacto ambiental al trabajar duro y al mismo tiempo administrar los niveles de desperdicio de agua.","robots":{"index":"index","follow":"follow","max-snippet":"max-snippet:-1","max-image-preview":"max-image-preview:large","max-video-preview":"max-video-preview:-1"},"canonical":"https:\/\/vcycletech.com\/es\/producto\/edtmpna5etilen-diamina-tetrametilen-fosfonico-acido-pentasodio-sal\/","og_locale":"es_MX","og_type":"article","og_title":"EDTMP\u2022Na5(Ethylene Diamine Tetra)(Methylene Phosphonic Acid) (Pentasodium Salt)","og_description":"This industrial powerhouse is used in many different areas, from cooling water systems on oil rigs and ships to electroplating shops. The effectiveness of this product means it will reduce your operating costs and save money in the long run. It also has a low environmental impact by working hard yet still managing water waste levels.","og_url":"https:\/\/vcycletech.com\/es\/producto\/edtmpna5etilen-diamina-tetrametilen-fosfonico-acido-pentasodio-sal\/","og_site_name":"vcycletech","article_modified_time":"2023-03-18T03:52:07+00:00","og_image":[{"width":600,"height":600,"url":"https:\/\/vcycletech.com\/wp-content\/uploads\/2023\/03\/001-7.png","type":"image\/png"}],"twitter_card":"summary_large_image","twitter_misc":{"Tiempo de lectura":"3 minutos"},"schema":{"@context":"https:\/\/schema.org","@graph":[{"@type":"WebPage","@id":"https:\/\/vcycletech.com\/product\/edtmpna5ethylene-diamine-tetramethylene-phosphonic-acid-pentasodium-salt\/","url":"https:\/\/vcycletech.com\/product\/edtmpna5ethylene-diamine-tetramethylene-phosphonic-acid-pentasodium-salt\/","name":"EDTMP\u2022Na5(Etilendiamina Tetra)(\u00c1cido Metileno Fosf\u00f3nico) (Sal Pentas\u00f3dica) - vcycletech","isPartOf":{"@id":"https:\/\/vcycletech.com\/#website"},"primaryImageOfPage":{"@id":"https:\/\/vcycletech.com\/product\/edtmpna5ethylene-diamine-tetramethylene-phosphonic-acid-pentasodium-salt\/#primaryimage"},"image":{"@id":"https:\/\/vcycletech.com\/product\/edtmpna5ethylene-diamine-tetramethylene-phosphonic-acid-pentasodium-salt\/#primaryimage"},"thumbnailUrl":"https:\/\/vcycletech.com\/wp-content\/uploads\/2023\/03\/001-7.png","datePublished":"2023-03-18T03:50:37+00:00","dateModified":"2023-03-18T03:52:07+00:00","description":"Esta potencia industrial se utiliza en muchas \u00e1reas diferentes, desde sistemas de agua de refrigeraci\u00f3n en plataformas petrol\u00edferas y barcos hasta talleres de galvanoplastia. La efectividad de este producto significa que reducir\u00e1 sus costos operativos y ahorrar\u00e1 dinero a largo plazo. Tambi\u00e9n tiene un bajo impacto ambiental al trabajar duro y al mismo tiempo administrar los niveles de desperdicio de agua.","breadcrumb":{"@id":"https:\/\/vcycletech.com\/product\/edtmpna5ethylene-diamine-tetramethylene-phosphonic-acid-pentasodium-salt\/#breadcrumb"},"inLanguage":"es","potentialAction":[{"@type":"ReadAction","target":["https:\/\/vcycletech.com\/product\/edtmpna5ethylene-diamine-tetramethylene-phosphonic-acid-pentasodium-salt\/"]}]},{"@type":"ImageObject","inLanguage":"es","@id":"https:\/\/vcycletech.com\/product\/edtmpna5ethylene-diamine-tetramethylene-phosphonic-acid-pentasodium-salt\/#primaryimage","url":"https:\/\/vcycletech.com\/wp-content\/uploads\/2023\/03\/001-7.png","contentUrl":"https:\/\/vcycletech.com\/wp-content\/uploads\/2023\/03\/001-7.png","width":600,"height":600,"caption":"EDTMP\u2022Na5(Ethylene Diamine Tetra)(Methylene Phosphonic Acid) (Pentasodium Salt)"},{"@type":"BreadcrumbList","@id":"https:\/\/vcycletech.com\/product\/edtmpna5ethylene-diamine-tetramethylene-phosphonic-acid-pentasodium-salt\/#breadcrumb","itemListElement":[{"@type":"ListItem","position":1,"name":"Home","item":"https:\/\/vcycletech.com\/"},{"@type":"ListItem","position":2,"name":"Water Treatment Chemicals Manufacturer","item":"https:\/\/vcycletech.com\/water-treatment-chemicals-manufacturer\/"},{"@type":"ListItem","position":3,"name":"EDTMP\u2022Na5(Ethylene Diamine Tetra)(Methylene Phosphonic Acid) (Pentasodium Salt)"}]},{"@type":"WebSite","@id":"https:\/\/vcycletech.com\/#website","url":"https:\/\/vcycletech.com\/","name":"vcycletech","description":"El principal proveedor de productos qu\u00edmicos para el tratamiento del agua de China y #039;","publisher":{"@id":"https:\/\/vcycletech.com\/#organization"},"potentialAction":[{"@type":"SearchAction","target":{"@type":"EntryPoint","urlTemplate":"https:\/\/vcycletech.com\/?s={search_term_string}"},"query-input":{"@type":"PropertyValueSpecification","valueRequired":true,"valueName":"search_term_string"}}],"inLanguage":"es"},{"@type":"Organization","@id":"https:\/\/vcycletech.com\/#organization","name":"vcycletech","url":"https:\/\/vcycletech.com\/","logo":{"@type":"ImageObject","inLanguage":"es","@id":"https:\/\/vcycletech.com\/#\/schema\/logo\/image\/","url":"https:\/\/vcycletech.com\/wp-content\/uploads\/2023\/03\/logo-vcycletech-1.png","contentUrl":"https:\/\/vcycletech.com\/wp-content\/uploads\/2023\/03\/logo-vcycletech-1.png","width":600,"height":400,"caption":"vcycletech"},"image":{"@id":"https:\/\/vcycletech.com\/#\/schema\/logo\/image\/"}}]}},"_links":{"self":[{"href":"https:\/\/vcycletech.com\/es\/wp-json\/wp\/v2\/product\/878","targetHints":{"allow":["GET"]}}],"collection":[{"href":"https:\/\/vcycletech.com\/es\/wp-json\/wp\/v2\/product"}],"about":[{"href":"https:\/\/vcycletech.com\/es\/wp-json\/wp\/v2\/types\/product"}],"wp:featuredmedia":[{"embeddable":true,"href":"https:\/\/vcycletech.com\/es\/wp-json\/wp\/v2\/media\/903"}],"wp:attachment":[{"href":"https:\/\/vcycletech.com\/es\/wp-json\/wp\/v2\/media?parent=878"}],"wp:term":[{"taxonomy":"product_brand","embeddable":true,"href":"https:\/\/vcycletech.com\/es\/wp-json\/wp\/v2\/product_brand?post=878"},{"taxonomy":"product_cat","embeddable":true,"href":"https:\/\/vcycletech.com\/es\/wp-json\/wp\/v2\/product_cat?post=878"},{"taxonomy":"product_tag","embeddable":true,"href":"https:\/\/vcycletech.com\/es\/wp-json\/wp\/v2\/product_tag?post=878"}],"curies":[{"name":"wp","href":"https:\/\/api.w.org\/{rel}","templated":true}]}}