{"id":872,"date":"2023-03-18T02:30:21","date_gmt":"2023-03-18T02:30:21","guid":{"rendered":"https:\/\/vcycletech.com\/?post_type=product&#038;p=872"},"modified":"2023-03-27T07:11:13","modified_gmt":"2023-03-27T07:11:13","slug":"etileno-diamina-tetra-metilen-fosfonico-acido-edtmpa-solido","status":"publish","type":"product","link":"https:\/\/vcycletech.com\/es\/producto\/etileno-diamina-tetra-metilen-fosfonico-acido-edtmpa-solido\/","title":{"rendered":"Etilendiamina tetra (\u00e1cido metilenfosf\u00f3nico) EDTMPA (s\u00f3lido)"},"content":{"rendered":"<h3>N\u00ba CAS 1429-50-1<\/h3>\n<h3>F\u00f3rmula molecular: C6H20 N2O12P4<\/h3>\n<h3>Peso molecular: 436,13<\/h3>\n<h3>F\u00f3rmula estructural de EDTMPA:<\/h3>\n<p><img fetchpriority=\"high\" decoding=\"async\" class=\"alignnone wp-image-877\" src=\"https:\/\/vcycletech.com\/wp-content\/uploads\/2023\/03\/1-2.png\" alt=\"F\u00f3rmula estructural de EDTMPA:\" width=\"335\" height=\"223\" \/><\/p>\n<h3>Propiedades:<\/h3>\n<p><strong>EDTMPA<\/strong> es un polvo cristalino blanco a temperatura ambiente, con una alta capacidad quelante de iones met\u00e1licos, incluso superior a la del EDTA. Su punto de fusi\u00f3n est\u00e1 entre 215 y 217 \u2103, y la solubilidad en agua es inferior a 5% a temperatura ambiente; sin embargo, puede disolverse f\u00e1cilmente en amon\u00edaco.<\/p>\n<p><img decoding=\"async\" class=\"alignnone size-full wp-image-890\" src=\"https:\/\/vcycletech.com\/wp-content\/uploads\/2023\/03\/Ethylene-Diamine-Tetra-Methylene-Phosphonic-Acid-EDTMPA-Solid-1.png\" alt=\"Etilendiamina tetra (\u00e1cido metilenfosf\u00f3nico) EDTMPA (s\u00f3lido) -1\" width=\"600\" height=\"600\" srcset=\"https:\/\/vcycletech.com\/wp-content\/uploads\/2023\/03\/Ethylene-Diamine-Tetra-Methylene-Phosphonic-Acid-EDTMPA-Solid-1.png 600w, https:\/\/vcycletech.com\/wp-content\/uploads\/2023\/03\/Ethylene-Diamine-Tetra-Methylene-Phosphonic-Acid-EDTMPA-Solid-1-100x100.png 100w, https:\/\/vcycletech.com\/wp-content\/uploads\/2023\/03\/Ethylene-Diamine-Tetra-Methylene-Phosphonic-Acid-EDTMPA-Solid-1-300x300.png 300w, https:\/\/vcycletech.com\/wp-content\/uploads\/2023\/03\/Ethylene-Diamine-Tetra-Methylene-Phosphonic-Acid-EDTMPA-Solid-1-150x150.png 150w\" sizes=\"(max-width: 600px) 100vw, 600px\" \/><\/p>\n<p>Tiene una amplia gama de aplicaciones: se puede utilizar como detergente en la producci\u00f3n de chips semiconductores para preparar circuitos integrados; puede actuar como agente portador de radioelementos en la industria m\u00e9dica; y tambi\u00e9n se puede utilizar como agente de inspecci\u00f3n o terap\u00e9utico.<\/p>\n<p><strong>EDTMPA<\/strong> tiene m\u00faltiples ventajas sobre otros agentes quelantes, como EDTA y DTPA. Tiene un grado de pureza m\u00e1s alto en comparaci\u00f3n con ellos y no es t\u00f3xico, por lo que puede reemplazar casi por completo al EDTA con fines de quelaci\u00f3n.<\/p>\n<h3><strong>EDTMPA <\/strong>Especificaci\u00f3n:<\/h3>\n<div id=\"footable_parent_880\"\n         class=\"footable_parent ninja_table_wrapper loading_ninja_table wp_table_data_press_parent semantic_ui\">\n                <table data-ninja_table_instance=\"ninja_table_instance_0\" data-footable_id=\"880\" data-filter-delay=\"1000\" aria-label=\"Etilendiamina tetra (\u00e1cido fosf\u00f3nico de metileno) .csv\"            id=\"footable_880\"\n           data-unique_identifier=\"ninja_table_unique_id_2731704847_880\"\n           class=\"foo-table ninja_footable foo_table_880 ninja_table_unique_id_2731704847_880 ui table  nt_type_legacy_table selectable striped vertical_centered  footable-paging-right ninja_table_pro\">\n                <colgroup>\n                            <col class=\"ninja_column_0\">\n                            <col class=\"ninja_column_1\">\n                    <\/colgroup>\n        <thead>\n<tr class=\"footable-header\">\n                                        <th scope=\"col\"  class=\"ninja_column_0 ninja_clmn_nm_items\">art\u00edculos<\/th><th scope=\"col\"  class=\"ninja_column_1 ninja_clmn_nm_index\">\u00edndice<\/th><\/tr>\n<\/thead>\n<tbody>\n\n        <tr data-row_id=\"88\" class=\"ninja_table_row_0 nt_row_id_88\">\n            <td>Apariencia<\/td><td>polvo de cristal blanco<\/td>        <\/tr>\n            <tr data-row_id=\"89\" class=\"ninja_table_row_1 nt_row_id_89\">\n            <td>\u00c1cido activo %<\/td><td>95.0min<\/td>        <\/tr>\n            <tr data-row_id=\"90\" class=\"ninja_table_row_2 nt_row_id_90\">\n            <td>\u00c1cido fosf\u00f3nico total (como PO43-) %<\/td><td>82,0 minutos<\/td>        <\/tr>\n            <tr data-row_id=\"91\" class=\"ninja_table_row_3 nt_row_id_91\">\n            <td>P\u00e9rdida de peso por sequedad %<\/td><td>2.0 m\u00e1x.<\/td>        <\/tr>\n            <tr data-row_id=\"92\" class=\"ninja_table_row_4 nt_row_id_92\">\n            <td>Fe ppm<\/td><td>5 m\u00e1x.<\/td>        <\/tr>\n            <tr data-row_id=\"93\" class=\"ninja_table_row_5 nt_row_id_93\">\n            <td>Clase %<\/td><td>0,1 m\u00e1x.<\/td>        <\/tr>\n            <tr data-row_id=\"94\" class=\"ninja_table_row_6 nt_row_id_94\">\n            <td>pH\uff081\uff05 soluci\u00f3n\uff09<\/td><td>2.0 m\u00e1x.<\/td>        <\/tr>\n    <\/tbody><!--ninja_tobody_rendering_done-->\n    <\/table>\n    \n    \n    \n<\/div>\n\n<h3>C\u00f3mo envasar y almacenar: \u00e1cido etilendiaminotetrametilenfosf\u00f3nico<\/h3>\n<p>El \u00e1cido fosf\u00f3nico ETHYDENETM debe almacenarse en un lugar fresco y seco, preferiblemente a menos de 25 \u00b0C (77 \u00b0F). Debe mantenerse alejado de la luz solar directa y de fuentes de humedad o calor. Al igual que con todos los productos qu\u00edmicos, lo mejor es mantener el recipiente herm\u00e9ticamente cerrado cuando no est\u00e9 en uso. Si es posible, almacene el producto qu\u00edmico a una temperatura y presi\u00f3n ideales prescritas en la etiqueta del producto. Adem\u00e1s, es fundamental evitar la contaminaci\u00f3n en la manipulaci\u00f3n; Se deben usar guantes y otro equipo de protecci\u00f3n para evitar el contacto con la piel o los ojos.<\/p>\n<h3>Preguntas frecuentes sobre la etilendiamina tetra (\u00e1cido metilenfosf\u00f3nico) EDTMPA (s\u00f3lido)<\/h3>\n<p>&nbsp;<\/p>\n<h4>\u00bfQu\u00e9 es EDTMPA (s\u00f3lido)?<\/h4>\n<p>El etileno diamina tetra (\u00e1cido fosf\u00f3nico de metileno) EDTMPA (s\u00f3lido) es un compuesto s\u00f3lido a base de f\u00f3sforo blanco que se utiliza como agente quelante e inhibidor de la corrosi\u00f3n. Es insoluble en agua y tiene un peso molecular de 376,37 g\/mol.<\/p>\n<h4>\u00bfCu\u00e1les son los usos de EDTMPA (S\u00f3lido)?<\/h4>\n<p>EDTMPA (S\u00f3lido) es un agente quelante en sistemas de tratamiento de agua y calderas. Tambi\u00e9n es un inhibidor de la corrosi\u00f3n en fluidos de trabajo de metales, aguas de torres de enfriamiento y sistemas de f\u00e1bricas de papel.<\/p>\n<h4>\u00bfC\u00f3mo funciona EDTMPA (S\u00f3lido)?<\/h4>\n<p>EDTMPA (S\u00f3lido) forma complejos con iones met\u00e1licos en soluci\u00f3n, evitando que los iones met\u00e1licos interact\u00faen con otras mol\u00e9culas. Esto inhibe la corrosi\u00f3n y la formaci\u00f3n de incrustaciones y ayuda a mantener limpias las aguas de la caldera y de la torre de enfriamiento.<\/p>\n<h4>\u00bfCu\u00e1les son los problemas de seguridad asociados con EDTMPA (s\u00f3lido)?<\/h4>\n<p>EDTMPA (s\u00f3lido) se considera un compuesto de baja toxicidad y no se espera que da\u00f1e la salud humana en los niveles de uso recomendados. Sin embargo, debe manejarse con precauci\u00f3n ya que puede causar irritaci\u00f3n en la piel y los ojos.<\/p>\n<h4>\u00bfD\u00f3nde puedo comprar EDTMPA (s\u00f3lido)?<\/h4>\n<p>EDTMPA (s\u00f3lido) est\u00e1 disponible en empresas de suministro de productos qu\u00edmicos o minoristas en l\u00ednea, ejemplo: vcycletech<\/p>\n<p><a href=\"https:\/\/vcycletech.com\/es\/categoria-de-producto\/fosfonatos-antiincrustante-inhibidor-de-corrosion\/\">Obtenga la soluci\u00f3n completa de inhibidor de corrosi\u00f3n y antiincrustante de fosfonatos<\/a><\/p>","protected":false},"excerpt":{"rendered":"<p><strong>Etilendiamina tetra (\u00e1cido fosf\u00f3nico de metileno), EDTMPA<\/strong>, es un polvo de cristal blanco a temperatura ambiente. Tiene un punto de fusi\u00f3n de 215-217 \u2103 y es dif\u00edcil de disolver en agua. <strong>EDTMPA<\/strong> tiene una capacidad s\u00f3lida para quelar iones met\u00e1licos, y su constante de formaci\u00f3n de complejos con un i\u00f3n de cobre es el m\u00e1s grande de todos los agentes quelantes. Puede usarse como un complejo con samario radiactivo como radiof\u00e1rmaco en la investigaci\u00f3n del c\u00e1ncer, y tambi\u00e9n es parte de un inhibidor de la corrosi\u00f3n cat\u00f3dica. Adem\u00e1s, <strong>EDTMPA<\/strong> tiene aplicaciones en el tratamiento de agua, productos qu\u00edmicos para yacimientos petrol\u00edferos y otras industrias.<\/p>","protected":false},"featured_media":889,"template":"","meta":{"site-sidebar-layout":"default","site-content-layout":"default","ast-site-content-layout":"default","site-content-style":"default","site-sidebar-style":"default","ast-global-header-display":"","ast-banner-title-visibility":"","ast-main-header-display":"","ast-hfb-above-header-display":"","ast-hfb-below-header-display":"","ast-hfb-mobile-header-display":"","site-post-title":"","ast-breadcrumbs-content":"","ast-featured-img":"","footer-sml-layout":"","ast-disable-related-posts":"","theme-transparent-header-meta":"default","adv-header-id-meta":"","stick-header-meta":"default","header-above-stick-meta":"","header-main-stick-meta":"","header-below-stick-meta":"","astra-migrate-meta-layouts":"default","ast-page-background-enabled":"default","ast-page-background-meta":{"desktop":{"background-color":"","background-image":"","background-repeat":"repeat","background-position":"center center","background-size":"auto","background-attachment":"scroll","background-type":"","background-media":"","overlay-type":"","overlay-color":"","overlay-opacity":"","overlay-gradient":""},"tablet":{"background-color":"","background-image":"","background-repeat":"repeat","background-position":"center center","background-size":"auto","background-attachment":"scroll","background-type":"","background-media":"","overlay-type":"","overlay-color":"","overlay-opacity":"","overlay-gradient":""},"mobile":{"background-color":"","background-image":"","background-repeat":"repeat","background-position":"center center","background-size":"auto","background-attachment":"scroll","background-type":"","background-media":"","overlay-type":"","overlay-color":"","overlay-opacity":"","overlay-gradient":""}},"ast-content-background-meta":{"desktop":{"background-color":"var(--ast-global-color-5)","background-image":"","background-repeat":"repeat","background-position":"center center","background-size":"auto","background-attachment":"scroll","background-type":"","background-media":"","overlay-type":"","overlay-color":"","overlay-opacity":"","overlay-gradient":""},"tablet":{"background-color":"var(--ast-global-color-5)","background-image":"","background-repeat":"repeat","background-position":"center center","background-size":"auto","background-attachment":"scroll","background-type":"","background-media":"","overlay-type":"","overlay-color":"","overlay-opacity":"","overlay-gradient":""},"mobile":{"background-color":"var(--ast-global-color-5)","background-image":"","background-repeat":"repeat","background-position":"center center","background-size":"auto","background-attachment":"scroll","background-type":"","background-media":"","overlay-type":"","overlay-color":"","overlay-opacity":"","overlay-gradient":""}}},"product_brand":[],"product_cat":[15],"product_tag":[],"class_list":{"0":"post-872","1":"product","2":"type-product","3":"status-publish","4":"has-post-thumbnail","6":"product_cat-phosphonates-antiscalant-corrosion-inhibitor","7":"desktop-align-left","8":"tablet-align-left","9":"mobile-align-left","10":"ast-product-gallery-layout-horizontal-slider","11":"ast-product-gallery-with-no-image","12":"ast-product-tabs-layout-horizontal","14":"first","15":"instock","16":"shipping-taxable","17":"product-type-simple"},"yoast_head":"<!-- This site is optimized with the Yoast SEO Premium plugin v26.3 (Yoast SEO v27.3) - https:\/\/yoast.com\/product\/yoast-seo-premium-wordpress\/ -->\n<title>EDTMPA | Ethylene Diamine Tetra (Methylene Phosphonic Acid) (Solid)<\/title>\n<meta name=\"description\" content=\"Buy Ethylene Diamine Tetra (Methylene Phosphonic Acid) EDTMPA (Solid) at best price. We offers wide range of high quality industrial chemicals. Fast shipping to your door.\" \/>\n<meta name=\"robots\" content=\"index, follow, max-snippet:-1, max-image-preview:large, max-video-preview:-1\" \/>\n<link rel=\"canonical\" href=\"https:\/\/vcycletech.com\/es\/producto\/etileno-diamina-tetra-metilen-fosfonico-acido-edtmpa-solido\/\" \/>\n<meta property=\"og:locale\" content=\"es_MX\" \/>\n<meta property=\"og:type\" content=\"article\" \/>\n<meta property=\"og:title\" content=\"Ethylene Diamine Tetra (Methylene Phosphonic Acid) EDTMPA (Solid)\" \/>\n<meta property=\"og:description\" content=\"Buy Ethylene Diamine Tetra (Methylene Phosphonic Acid) EDTMPA (Solid) at best price. We offers wide range of high quality industrial chemicals. Fast shipping to your door.\" \/>\n<meta property=\"og:url\" content=\"https:\/\/vcycletech.com\/es\/producto\/etileno-diamina-tetra-metilen-fosfonico-acido-edtmpa-solido\/\" \/>\n<meta property=\"og:site_name\" content=\"vcycletech\" \/>\n<meta property=\"article:modified_time\" content=\"2023-03-27T07:11:13+00:00\" \/>\n<meta property=\"og:image\" content=\"https:\/\/vcycletech.com\/wp-content\/uploads\/2023\/03\/1-4.png\" \/>\n\t<meta property=\"og:image:width\" content=\"600\" \/>\n\t<meta property=\"og:image:height\" content=\"600\" \/>\n\t<meta property=\"og:image:type\" content=\"image\/png\" \/>\n<meta name=\"twitter:card\" content=\"summary_large_image\" \/>\n<meta name=\"twitter:label1\" content=\"Tiempo de lectura\" \/>\n\t<meta name=\"twitter:data1\" content=\"3 minutos\" \/>\n<script type=\"application\/ld+json\" class=\"yoast-schema-graph\">{\"@context\":\"https:\\\/\\\/schema.org\",\"@graph\":[{\"@type\":\"WebPage\",\"@id\":\"https:\\\/\\\/vcycletech.com\\\/product\\\/ethylene-diamine-tetra-methylene-phosphonic-acid-edtmpa-solid\\\/\",\"url\":\"https:\\\/\\\/vcycletech.com\\\/product\\\/ethylene-diamine-tetra-methylene-phosphonic-acid-edtmpa-solid\\\/\",\"name\":\"EDTMPA | Ethylene Diamine Tetra (Methylene Phosphonic Acid) (Solid)\",\"isPartOf\":{\"@id\":\"https:\\\/\\\/vcycletech.com\\\/#website\"},\"primaryImageOfPage\":{\"@id\":\"https:\\\/\\\/vcycletech.com\\\/product\\\/ethylene-diamine-tetra-methylene-phosphonic-acid-edtmpa-solid\\\/#primaryimage\"},\"image\":{\"@id\":\"https:\\\/\\\/vcycletech.com\\\/product\\\/ethylene-diamine-tetra-methylene-phosphonic-acid-edtmpa-solid\\\/#primaryimage\"},\"thumbnailUrl\":\"https:\\\/\\\/vcycletech.com\\\/wp-content\\\/uploads\\\/2023\\\/03\\\/1-4.png\",\"datePublished\":\"2023-03-18T02:30:21+00:00\",\"dateModified\":\"2023-03-27T07:11:13+00:00\",\"description\":\"Buy Ethylene Diamine Tetra (Methylene Phosphonic Acid) EDTMPA (Solid) at best price. We offers wide range of high quality industrial chemicals. Fast shipping to your door.\",\"breadcrumb\":{\"@id\":\"https:\\\/\\\/vcycletech.com\\\/product\\\/ethylene-diamine-tetra-methylene-phosphonic-acid-edtmpa-solid\\\/#breadcrumb\"},\"inLanguage\":\"es\",\"potentialAction\":[{\"@type\":\"ReadAction\",\"target\":[\"https:\\\/\\\/vcycletech.com\\\/product\\\/ethylene-diamine-tetra-methylene-phosphonic-acid-edtmpa-solid\\\/\"]}]},{\"@type\":\"ImageObject\",\"inLanguage\":\"es\",\"@id\":\"https:\\\/\\\/vcycletech.com\\\/product\\\/ethylene-diamine-tetra-methylene-phosphonic-acid-edtmpa-solid\\\/#primaryimage\",\"url\":\"https:\\\/\\\/vcycletech.com\\\/wp-content\\\/uploads\\\/2023\\\/03\\\/1-4.png\",\"contentUrl\":\"https:\\\/\\\/vcycletech.com\\\/wp-content\\\/uploads\\\/2023\\\/03\\\/1-4.png\",\"width\":600,\"height\":600,\"caption\":\"Ethylene Diamine Tetra (Methylene Phosphonic Acid) EDTMPA (Solid)\"},{\"@type\":\"BreadcrumbList\",\"@id\":\"https:\\\/\\\/vcycletech.com\\\/product\\\/ethylene-diamine-tetra-methylene-phosphonic-acid-edtmpa-solid\\\/#breadcrumb\",\"itemListElement\":[{\"@type\":\"ListItem\",\"position\":1,\"name\":\"Home\",\"item\":\"https:\\\/\\\/vcycletech.com\\\/\"},{\"@type\":\"ListItem\",\"position\":2,\"name\":\"Water Treatment Chemicals Manufacturer\",\"item\":\"https:\\\/\\\/vcycletech.com\\\/water-treatment-chemicals-manufacturer\\\/\"},{\"@type\":\"ListItem\",\"position\":3,\"name\":\"Ethylene Diamine Tetra (Methylene Phosphonic Acid) EDTMPA (Solid)\"}]},{\"@type\":\"WebSite\",\"@id\":\"https:\\\/\\\/vcycletech.com\\\/#website\",\"url\":\"https:\\\/\\\/vcycletech.com\\\/\",\"name\":\"vcycletech\",\"description\":\"China&#039;s top water treatment chemicals supplier\",\"publisher\":{\"@id\":\"https:\\\/\\\/vcycletech.com\\\/#organization\"},\"potentialAction\":[{\"@type\":\"SearchAction\",\"target\":{\"@type\":\"EntryPoint\",\"urlTemplate\":\"https:\\\/\\\/vcycletech.com\\\/?s={search_term_string}\"},\"query-input\":{\"@type\":\"PropertyValueSpecification\",\"valueRequired\":true,\"valueName\":\"search_term_string\"}}],\"inLanguage\":\"es\"},{\"@type\":\"Organization\",\"@id\":\"https:\\\/\\\/vcycletech.com\\\/#organization\",\"name\":\"vcycletech\",\"url\":\"https:\\\/\\\/vcycletech.com\\\/\",\"logo\":{\"@type\":\"ImageObject\",\"inLanguage\":\"es\",\"@id\":\"https:\\\/\\\/vcycletech.com\\\/#\\\/schema\\\/logo\\\/image\\\/\",\"url\":\"https:\\\/\\\/vcycletech.com\\\/wp-content\\\/uploads\\\/2023\\\/03\\\/logo-vcycletech-1.png\",\"contentUrl\":\"https:\\\/\\\/vcycletech.com\\\/wp-content\\\/uploads\\\/2023\\\/03\\\/logo-vcycletech-1.png\",\"width\":600,\"height\":400,\"caption\":\"vcycletech\"},\"image\":{\"@id\":\"https:\\\/\\\/vcycletech.com\\\/#\\\/schema\\\/logo\\\/image\\\/\"}}]}<\/script>\n<!-- \/ Yoast SEO Premium plugin. -->","yoast_head_json":{"title":"EDTMPA | Tetra de diamina de etileno (\u00e1cido fosf\u00f3nico de metileno) (s\u00f3lido)","description":"Comprar Etilendiamina Tetra (\u00c1cido Metileno Fosf\u00f3nico) EDTMPA (S\u00f3lido) al mejor precio. Ofrecemos una amplia gama de productos qu\u00edmicos industriales de alta calidad. Env\u00edo r\u00e1pido a su puerta.","robots":{"index":"index","follow":"follow","max-snippet":"max-snippet:-1","max-image-preview":"max-image-preview:large","max-video-preview":"max-video-preview:-1"},"canonical":"https:\/\/vcycletech.com\/es\/producto\/etileno-diamina-tetra-metilen-fosfonico-acido-edtmpa-solido\/","og_locale":"es_MX","og_type":"article","og_title":"Ethylene Diamine Tetra (Methylene Phosphonic Acid) EDTMPA (Solid)","og_description":"Buy Ethylene Diamine Tetra (Methylene Phosphonic Acid) EDTMPA (Solid) at best price. We offers wide range of high quality industrial chemicals. Fast shipping to your door.","og_url":"https:\/\/vcycletech.com\/es\/producto\/etileno-diamina-tetra-metilen-fosfonico-acido-edtmpa-solido\/","og_site_name":"vcycletech","article_modified_time":"2023-03-27T07:11:13+00:00","og_image":[{"width":600,"height":600,"url":"https:\/\/vcycletech.com\/wp-content\/uploads\/2023\/03\/1-4.png","type":"image\/png"}],"twitter_card":"summary_large_image","twitter_misc":{"Tiempo de lectura":"3 minutos"},"schema":{"@context":"https:\/\/schema.org","@graph":[{"@type":"WebPage","@id":"https:\/\/vcycletech.com\/product\/ethylene-diamine-tetra-methylene-phosphonic-acid-edtmpa-solid\/","url":"https:\/\/vcycletech.com\/product\/ethylene-diamine-tetra-methylene-phosphonic-acid-edtmpa-solid\/","name":"EDTMPA | Tetra de diamina de etileno (\u00e1cido fosf\u00f3nico de metileno) (s\u00f3lido)","isPartOf":{"@id":"https:\/\/vcycletech.com\/#website"},"primaryImageOfPage":{"@id":"https:\/\/vcycletech.com\/product\/ethylene-diamine-tetra-methylene-phosphonic-acid-edtmpa-solid\/#primaryimage"},"image":{"@id":"https:\/\/vcycletech.com\/product\/ethylene-diamine-tetra-methylene-phosphonic-acid-edtmpa-solid\/#primaryimage"},"thumbnailUrl":"https:\/\/vcycletech.com\/wp-content\/uploads\/2023\/03\/1-4.png","datePublished":"2023-03-18T02:30:21+00:00","dateModified":"2023-03-27T07:11:13+00:00","description":"Comprar Etilendiamina Tetra (\u00c1cido Metileno Fosf\u00f3nico) EDTMPA (S\u00f3lido) al mejor precio. Ofrecemos una amplia gama de productos qu\u00edmicos industriales de alta calidad. Env\u00edo r\u00e1pido a su puerta.","breadcrumb":{"@id":"https:\/\/vcycletech.com\/product\/ethylene-diamine-tetra-methylene-phosphonic-acid-edtmpa-solid\/#breadcrumb"},"inLanguage":"es","potentialAction":[{"@type":"ReadAction","target":["https:\/\/vcycletech.com\/product\/ethylene-diamine-tetra-methylene-phosphonic-acid-edtmpa-solid\/"]}]},{"@type":"ImageObject","inLanguage":"es","@id":"https:\/\/vcycletech.com\/product\/ethylene-diamine-tetra-methylene-phosphonic-acid-edtmpa-solid\/#primaryimage","url":"https:\/\/vcycletech.com\/wp-content\/uploads\/2023\/03\/1-4.png","contentUrl":"https:\/\/vcycletech.com\/wp-content\/uploads\/2023\/03\/1-4.png","width":600,"height":600,"caption":"Ethylene Diamine Tetra (Methylene Phosphonic Acid) EDTMPA (Solid)"},{"@type":"BreadcrumbList","@id":"https:\/\/vcycletech.com\/product\/ethylene-diamine-tetra-methylene-phosphonic-acid-edtmpa-solid\/#breadcrumb","itemListElement":[{"@type":"ListItem","position":1,"name":"Home","item":"https:\/\/vcycletech.com\/"},{"@type":"ListItem","position":2,"name":"Water Treatment Chemicals Manufacturer","item":"https:\/\/vcycletech.com\/water-treatment-chemicals-manufacturer\/"},{"@type":"ListItem","position":3,"name":"Ethylene Diamine Tetra (Methylene Phosphonic Acid) EDTMPA (Solid)"}]},{"@type":"WebSite","@id":"https:\/\/vcycletech.com\/#website","url":"https:\/\/vcycletech.com\/","name":"vcycletech","description":"El principal proveedor de productos qu\u00edmicos para el tratamiento del agua de China y #039;","publisher":{"@id":"https:\/\/vcycletech.com\/#organization"},"potentialAction":[{"@type":"SearchAction","target":{"@type":"EntryPoint","urlTemplate":"https:\/\/vcycletech.com\/?s={search_term_string}"},"query-input":{"@type":"PropertyValueSpecification","valueRequired":true,"valueName":"search_term_string"}}],"inLanguage":"es"},{"@type":"Organization","@id":"https:\/\/vcycletech.com\/#organization","name":"vcycletech","url":"https:\/\/vcycletech.com\/","logo":{"@type":"ImageObject","inLanguage":"es","@id":"https:\/\/vcycletech.com\/#\/schema\/logo\/image\/","url":"https:\/\/vcycletech.com\/wp-content\/uploads\/2023\/03\/logo-vcycletech-1.png","contentUrl":"https:\/\/vcycletech.com\/wp-content\/uploads\/2023\/03\/logo-vcycletech-1.png","width":600,"height":400,"caption":"vcycletech"},"image":{"@id":"https:\/\/vcycletech.com\/#\/schema\/logo\/image\/"}}]}},"_links":{"self":[{"href":"https:\/\/vcycletech.com\/es\/wp-json\/wp\/v2\/product\/872","targetHints":{"allow":["GET"]}}],"collection":[{"href":"https:\/\/vcycletech.com\/es\/wp-json\/wp\/v2\/product"}],"about":[{"href":"https:\/\/vcycletech.com\/es\/wp-json\/wp\/v2\/types\/product"}],"wp:featuredmedia":[{"embeddable":true,"href":"https:\/\/vcycletech.com\/es\/wp-json\/wp\/v2\/media\/889"}],"wp:attachment":[{"href":"https:\/\/vcycletech.com\/es\/wp-json\/wp\/v2\/media?parent=872"}],"wp:term":[{"taxonomy":"product_brand","embeddable":true,"href":"https:\/\/vcycletech.com\/es\/wp-json\/wp\/v2\/product_brand?post=872"},{"taxonomy":"product_cat","embeddable":true,"href":"https:\/\/vcycletech.com\/es\/wp-json\/wp\/v2\/product_cat?post=872"},{"taxonomy":"product_tag","embeddable":true,"href":"https:\/\/vcycletech.com\/es\/wp-json\/wp\/v2\/product_tag?post=872"}],"curies":[{"name":"wp","href":"https:\/\/api.w.org\/{rel}","templated":true}]}}