{"id":867,"date":"2023-03-17T09:34:58","date_gmt":"2023-03-17T09:34:58","guid":{"rendered":"https:\/\/vcycletech.com\/?post_type=product&#038;p=867"},"modified":"2023-03-18T01:47:07","modified_gmt":"2023-03-18T01:47:07","slug":"dtpmpna7hepta-sodio-sal-de-dietilen-triamina-penta-metilen-fosfonico-acido","status":"publish","type":"product","link":"https:\/\/vcycletech.com\/es\/producto\/dtpmpna7hepta-sodio-sal-de-dietilen-triamina-penta-metilen-fosfonico-acido\/","title":{"rendered":"DTPMP\u2022Na7(Sal hepta s\u00f3dica de dietilentriamina penta) (\u00c1cido metilenfosf\u00f3nico)"},"content":{"rendered":"<h3>N\u00ba CAS 22042-96-2 (x-Na) 68155-78-2 (7-Na)<\/h3>\n<h3>F\u00f3rmula molecular: C9H23O15N3P5Na7<\/h3>\n<h3>Peso molecular: 727<\/h3>\n<h3>F\u00f3rmula estructural:<\/h3>\n<p><img fetchpriority=\"high\" decoding=\"async\" class=\"size-full wp-image-869\" src=\"https:\/\/vcycletech.com\/wp-content\/uploads\/2023\/03\/004-4.png\" alt=\"DTPMP\u2022Na7\" width=\"600\" height=\"600\" srcset=\"https:\/\/vcycletech.com\/wp-content\/uploads\/2023\/03\/004-4.png 600w, https:\/\/vcycletech.com\/wp-content\/uploads\/2023\/03\/004-4-100x100.png 100w, https:\/\/vcycletech.com\/wp-content\/uploads\/2023\/03\/004-4-300x300.png 300w, https:\/\/vcycletech.com\/wp-content\/uploads\/2023\/03\/004-4-150x150.png 150w\" sizes=\"(max-width: 600px) 100vw, 600px\" \/><\/p>\n<h3>Propiedades:<\/h3>\n<p><strong style=\"font-size: 16px;\">DTPMP\u2022Na7<\/strong><span style=\"font-size: 16px;\"> es un inhibidor de incrustaciones especialmente efectivo contra el sulfato de bario y un agente quelante con numerosas aplicaciones. Este compuesto inorg\u00e1nico tambi\u00e9n se puede utilizar como estabilizador para el blanqueo con per\u00f3xido. Puede implementarse en agua de limpieza industrial y municipal, agua de calefacci\u00f3n terrestre o campos petrol\u00edferos donde la calidad del agua es una preocupaci\u00f3n particular.<\/span><\/p>\n<h3>Especificaci\u00f3n:<\/h3>\n<div id=\"footable_parent_870\"\n         class=\"footable_parent ninja_table_wrapper loading_ninja_table wp_table_data_press_parent semantic_ui\">\n                <table data-ninja_table_instance=\"ninja_table_instance_0\" data-footable_id=\"870\" data-filter-delay=\"1000\" aria-label=\"DTPMP\u2022Na7.csv\"            id=\"footable_870\"\n           data-unique_identifier=\"ninja_table_unique_id_4235039609_870\"\n           class=\"foo-table ninja_footable foo_table_870 ninja_table_unique_id_4235039609_870 ui table  nt_type_legacy_table selectable striped vertical_centered  footable-paging-right ninja_table_pro\">\n                <colgroup>\n                            <col class=\"ninja_column_0\">\n                            <col class=\"ninja_column_1\">\n                            <col class=\"ninja_column_2\">\n                    <\/colgroup>\n        <thead>\n<tr class=\"footable-header\">\n                                                        <th scope=\"col\"  class=\"ninja_column_0 ninja_clmn_nm_items\">elementos<\/th><th scope=\"col\"  class=\"ninja_column_1 ninja_clmn_nm_index\">\u00edndice<\/th><th scope=\"col\"  class=\"ninja_column_2 ninja_clmn_nm_ninja_column_3\"><\/th><\/tr>\n<\/thead>\n<tbody>\n\n        <tr data-row_id=\"80\" class=\"ninja_table_row_0 nt_row_id_80\">\n            <td>\u00a0Apariencia<\/td><td>L\u00edquido transparente \u00e1mbar<\/td><td><\/td>        <\/tr>\n            <tr data-row_id=\"81\" class=\"ninja_table_row_1 nt_row_id_81\">\n            <td>\u00a0Contenido activo (DTPMPA)% &gt;<\/td><td>31.5-33.5<\/td><td>24.0-26.0<\/td>        <\/tr>\n            <tr data-row_id=\"82\" class=\"ninja_table_row_2 nt_row_id_82\">\n            <td>Contenido activo (DTPMPANa7)%<\/td><td>40.0-42.5<\/td><td>30.5-33.0<\/td>        <\/tr>\n            <tr data-row_id=\"83\" class=\"ninja_table_row_3 nt_row_id_83\">\n            <td>\u00c1cido fosf\u00f3rico total(PO43-)%       <\/td><td>25.9-27.9<\/td><td>19.7-21.7<\/td>        <\/tr>\n            <tr data-row_id=\"84\" class=\"ninja_table_row_4 nt_row_id_84\">\n            <td>Cloruro (como Cl-) %<\/td><td>5.0                         5.0<\/td><td><\/td>        <\/tr>\n            <tr data-row_id=\"85\" class=\"ninja_table_row_5 nt_row_id_85\">\n            <td>Fe\uff0cmg\/L<\/td><td>20                          20<\/td><td><\/td>        <\/tr>\n            <tr data-row_id=\"86\" class=\"ninja_table_row_6 nt_row_id_86\">\n            <td>PH (soluci\u00f3n de agua 1%)      <\/td><td>7.0-9.0                    7.0-9.0<\/td><td><\/td>        <\/tr>\n            <tr data-row_id=\"87\" class=\"ninja_table_row_7 nt_row_id_87\">\n            <td>Densidad (20\u2103) g\/cm3              <\/td><td>1.34-1.44<\/td><td>1.24-1.34<\/td>        <\/tr>\n    <\/tbody><!--ninja_tobody_rendering_done-->\n    <\/table>\n    \n    \n    \n<\/div>\n\n<h3>Paquete y almacenamiento de DTPMP\u2022Na7:<\/h3>\n<p>Tambor de pl\u00e1stico de 200 l, IBC (1000 l), requisito del cliente. Almacenamiento durante diez meses en un cuarto oscuro y lugar seco.<\/p>\n<h3>Medida de seguridad:<\/h3>\n<p>Evite el contacto con los ojos y la piel; una vez en contacto, enjuague con agua.<\/p>\n<p><a href=\"https:\/\/vcycletech.com\/es\/fosfonatos\/\"><strong>Obtenga la soluci\u00f3n de Fosfonatos Completos.<\/strong><\/a><\/p>\n<p>&nbsp;<\/p>","protected":false},"excerpt":{"rendered":"<p><strong>DTPMP\u2022Na7(Sal hepta s\u00f3dica de dietilentriamina penta) (\u00c1cido metilenfosf\u00f3nico)<\/strong> Es un l\u00edquido incoloro, inodoro y ligeramente viscoso. Es soluble en agua y en la mayor\u00eda de disolventes org\u00e1nicos. Se utiliza como eliminador de \u00e1cido, inhibidor de corrosi\u00f3n, inhibidor de incrustaciones y agente quelante en torres de enfriamiento, calderas, sistemas de agua de circuito cerrado, sistemas de protecci\u00f3n contra incendios y otros procesos industriales. Tambi\u00e9n se puede utilizar como secuestrante en detergentes y limpiadores.<br \/>\nOfrecemos cantidades al por mayor a precios de mayorista para que pueda obtener los productos que necesita para mantener su negocio funcionando sin problemas. \u00a1Cont\u00e1ctenos hoy para aprender m\u00e1s!<\/p>","protected":false},"featured_media":874,"template":"","meta":{"site-sidebar-layout":"default","site-content-layout":"default","ast-site-content-layout":"default","site-content-style":"default","site-sidebar-style":"default","ast-global-header-display":"","ast-banner-title-visibility":"","ast-main-header-display":"","ast-hfb-above-header-display":"","ast-hfb-below-header-display":"","ast-hfb-mobile-header-display":"","site-post-title":"","ast-breadcrumbs-content":"","ast-featured-img":"","footer-sml-layout":"","ast-disable-related-posts":"","theme-transparent-header-meta":"default","adv-header-id-meta":"","stick-header-meta":"default","header-above-stick-meta":"","header-main-stick-meta":"","header-below-stick-meta":"","astra-migrate-meta-layouts":"default","ast-page-background-enabled":"default","ast-page-background-meta":{"desktop":{"background-color":"","background-image":"","background-repeat":"repeat","background-position":"center center","background-size":"auto","background-attachment":"scroll","background-type":"","background-media":"","overlay-type":"","overlay-color":"","overlay-opacity":"","overlay-gradient":""},"tablet":{"background-color":"","background-image":"","background-repeat":"repeat","background-position":"center center","background-size":"auto","background-attachment":"scroll","background-type":"","background-media":"","overlay-type":"","overlay-color":"","overlay-opacity":"","overlay-gradient":""},"mobile":{"background-color":"","background-image":"","background-repeat":"repeat","background-position":"center center","background-size":"auto","background-attachment":"scroll","background-type":"","background-media":"","overlay-type":"","overlay-color":"","overlay-opacity":"","overlay-gradient":""}},"ast-content-background-meta":{"desktop":{"background-color":"var(--ast-global-color-5)","background-image":"","background-repeat":"repeat","background-position":"center center","background-size":"auto","background-attachment":"scroll","background-type":"","background-media":"","overlay-type":"","overlay-color":"","overlay-opacity":"","overlay-gradient":""},"tablet":{"background-color":"var(--ast-global-color-5)","background-image":"","background-repeat":"repeat","background-position":"center center","background-size":"auto","background-attachment":"scroll","background-type":"","background-media":"","overlay-type":"","overlay-color":"","overlay-opacity":"","overlay-gradient":""},"mobile":{"background-color":"var(--ast-global-color-5)","background-image":"","background-repeat":"repeat","background-position":"center center","background-size":"auto","background-attachment":"scroll","background-type":"","background-media":"","overlay-type":"","overlay-color":"","overlay-opacity":"","overlay-gradient":""}}},"product_brand":[],"product_cat":[27],"product_tag":[],"class_list":{"0":"post-867","1":"product","2":"type-product","3":"status-publish","4":"has-post-thumbnail","6":"product_cat-salts-of-phosphonates","7":"desktop-align-left","8":"tablet-align-left","9":"mobile-align-left","10":"ast-product-gallery-layout-horizontal-slider","11":"ast-product-tabs-layout-horizontal","13":"first","14":"instock","15":"shipping-taxable","16":"product-type-simple"},"yoast_head":"<!-- This site is optimized with the Yoast SEO Premium plugin v26.3 (Yoast SEO v27.3) - https:\/\/yoast.com\/product\/yoast-seo-premium-wordpress\/ -->\n<title>DTPMP\u2022Na7(Hepta Sodium Salt Of Diethylene Triamine Penta) (Methylene Phosphonic Acid) - vcycletech<\/title>\n<meta name=\"description\" content=\"DTPMP\u2022Na7 is a colorless or light yellow transparent liquid, easily soluble in water. With good thermal stability, it can be stored at room temperature for a long time without deterioration. As an excellent chelating agent, PH regulator, dispersant, and antioxidant additive in the food industry; In the dyeing industry, it plays a vital role in fixing dye baths; In the textile printing industry, it improves the fastness properties of prints;\" \/>\n<meta name=\"robots\" content=\"index, follow, max-snippet:-1, max-image-preview:large, max-video-preview:-1\" \/>\n<link rel=\"canonical\" href=\"https:\/\/vcycletech.com\/es\/producto\/dtpmpna7hepta-sodio-sal-de-dietilen-triamina-penta-metilen-fosfonico-acido\/\" \/>\n<meta property=\"og:locale\" content=\"es_MX\" \/>\n<meta property=\"og:type\" content=\"article\" \/>\n<meta property=\"og:title\" content=\"DTPMP\u2022Na7(Hepta Sodium Salt Of Diethylene Triamine Penta) (Methylene Phosphonic Acid)\" \/>\n<meta property=\"og:description\" content=\"DTPMP\u2022Na7 is a colorless or light yellow transparent liquid, easily soluble in water. With good thermal stability, it can be stored at room temperature for a long time without deterioration. As an excellent chelating agent, PH regulator, dispersant, and antioxidant additive in the food industry; In the dyeing industry, it plays a vital role in fixing dye baths; In the textile printing industry, it improves the fastness properties of prints;\" \/>\n<meta property=\"og:url\" content=\"https:\/\/vcycletech.com\/es\/producto\/dtpmpna7hepta-sodio-sal-de-dietilen-triamina-penta-metilen-fosfonico-acido\/\" \/>\n<meta property=\"og:site_name\" content=\"vcycletech\" \/>\n<meta property=\"article:modified_time\" content=\"2023-03-18T01:47:07+00:00\" \/>\n<meta property=\"og:image\" content=\"https:\/\/vcycletech.com\/wp-content\/uploads\/2023\/03\/001-4.png\" \/>\n\t<meta property=\"og:image:width\" content=\"600\" \/>\n\t<meta property=\"og:image:height\" content=\"600\" \/>\n\t<meta property=\"og:image:type\" content=\"image\/png\" \/>\n<meta name=\"twitter:card\" content=\"summary_large_image\" \/>\n<meta name=\"twitter:label1\" content=\"Tiempo de lectura\" \/>\n\t<meta name=\"twitter:data1\" content=\"1 minuto\" \/>\n<script type=\"application\/ld+json\" class=\"yoast-schema-graph\">{\"@context\":\"https:\\\/\\\/schema.org\",\"@graph\":[{\"@type\":\"WebPage\",\"@id\":\"https:\\\/\\\/vcycletech.com\\\/product\\\/dtpmpna7hepta-sodium-salt-of-diethylene-triamine-penta-methylene-phosphonic-acid\\\/\",\"url\":\"https:\\\/\\\/vcycletech.com\\\/product\\\/dtpmpna7hepta-sodium-salt-of-diethylene-triamine-penta-methylene-phosphonic-acid\\\/\",\"name\":\"DTPMP\u2022Na7(Hepta Sodium Salt Of Diethylene Triamine Penta) (Methylene Phosphonic Acid) - vcycletech\",\"isPartOf\":{\"@id\":\"https:\\\/\\\/vcycletech.com\\\/#website\"},\"primaryImageOfPage\":{\"@id\":\"https:\\\/\\\/vcycletech.com\\\/product\\\/dtpmpna7hepta-sodium-salt-of-diethylene-triamine-penta-methylene-phosphonic-acid\\\/#primaryimage\"},\"image\":{\"@id\":\"https:\\\/\\\/vcycletech.com\\\/product\\\/dtpmpna7hepta-sodium-salt-of-diethylene-triamine-penta-methylene-phosphonic-acid\\\/#primaryimage\"},\"thumbnailUrl\":\"https:\\\/\\\/vcycletech.com\\\/wp-content\\\/uploads\\\/2023\\\/03\\\/001-4.png\",\"datePublished\":\"2023-03-17T09:34:58+00:00\",\"dateModified\":\"2023-03-18T01:47:07+00:00\",\"description\":\"DTPMP\u2022Na7 is a colorless or light yellow transparent liquid, easily soluble in water. With good thermal stability, it can be stored at room temperature for a long time without deterioration. As an excellent chelating agent, PH regulator, dispersant, and antioxidant additive in the food industry; In the dyeing industry, it plays a vital role in fixing dye baths; In the textile printing industry, it improves the fastness properties of prints;\",\"breadcrumb\":{\"@id\":\"https:\\\/\\\/vcycletech.com\\\/product\\\/dtpmpna7hepta-sodium-salt-of-diethylene-triamine-penta-methylene-phosphonic-acid\\\/#breadcrumb\"},\"inLanguage\":\"es\",\"potentialAction\":[{\"@type\":\"ReadAction\",\"target\":[\"https:\\\/\\\/vcycletech.com\\\/product\\\/dtpmpna7hepta-sodium-salt-of-diethylene-triamine-penta-methylene-phosphonic-acid\\\/\"]}]},{\"@type\":\"ImageObject\",\"inLanguage\":\"es\",\"@id\":\"https:\\\/\\\/vcycletech.com\\\/product\\\/dtpmpna7hepta-sodium-salt-of-diethylene-triamine-penta-methylene-phosphonic-acid\\\/#primaryimage\",\"url\":\"https:\\\/\\\/vcycletech.com\\\/wp-content\\\/uploads\\\/2023\\\/03\\\/001-4.png\",\"contentUrl\":\"https:\\\/\\\/vcycletech.com\\\/wp-content\\\/uploads\\\/2023\\\/03\\\/001-4.png\",\"width\":600,\"height\":600,\"caption\":\"DTPMP\u2022Na7(Hepta Sodium Salt Of Diethylene Triamine Penta) (Methylene Phosphonic Acid)\"},{\"@type\":\"BreadcrumbList\",\"@id\":\"https:\\\/\\\/vcycletech.com\\\/product\\\/dtpmpna7hepta-sodium-salt-of-diethylene-triamine-penta-methylene-phosphonic-acid\\\/#breadcrumb\",\"itemListElement\":[{\"@type\":\"ListItem\",\"position\":1,\"name\":\"Home\",\"item\":\"https:\\\/\\\/vcycletech.com\\\/\"},{\"@type\":\"ListItem\",\"position\":2,\"name\":\"Water Treatment Chemicals Manufacturer\",\"item\":\"https:\\\/\\\/vcycletech.com\\\/water-treatment-chemicals-manufacturer\\\/\"},{\"@type\":\"ListItem\",\"position\":3,\"name\":\"DTPMP\u2022Na7(Hepta Sodium Salt Of Diethylene Triamine Penta) (Methylene Phosphonic Acid)\"}]},{\"@type\":\"WebSite\",\"@id\":\"https:\\\/\\\/vcycletech.com\\\/#website\",\"url\":\"https:\\\/\\\/vcycletech.com\\\/\",\"name\":\"vcycletech\",\"description\":\"China&#039;s top water treatment chemicals supplier\",\"publisher\":{\"@id\":\"https:\\\/\\\/vcycletech.com\\\/#organization\"},\"potentialAction\":[{\"@type\":\"SearchAction\",\"target\":{\"@type\":\"EntryPoint\",\"urlTemplate\":\"https:\\\/\\\/vcycletech.com\\\/?s={search_term_string}\"},\"query-input\":{\"@type\":\"PropertyValueSpecification\",\"valueRequired\":true,\"valueName\":\"search_term_string\"}}],\"inLanguage\":\"es\"},{\"@type\":\"Organization\",\"@id\":\"https:\\\/\\\/vcycletech.com\\\/#organization\",\"name\":\"vcycletech\",\"url\":\"https:\\\/\\\/vcycletech.com\\\/\",\"logo\":{\"@type\":\"ImageObject\",\"inLanguage\":\"es\",\"@id\":\"https:\\\/\\\/vcycletech.com\\\/#\\\/schema\\\/logo\\\/image\\\/\",\"url\":\"https:\\\/\\\/vcycletech.com\\\/wp-content\\\/uploads\\\/2023\\\/03\\\/logo-vcycletech-1.png\",\"contentUrl\":\"https:\\\/\\\/vcycletech.com\\\/wp-content\\\/uploads\\\/2023\\\/03\\\/logo-vcycletech-1.png\",\"width\":600,\"height\":400,\"caption\":\"vcycletech\"},\"image\":{\"@id\":\"https:\\\/\\\/vcycletech.com\\\/#\\\/schema\\\/logo\\\/image\\\/\"}}]}<\/script>\n<!-- \/ Yoast SEO Premium plugin. -->","yoast_head_json":{"title":"DTPMP\u2022Na7(Sal hepta s\u00f3dica de dietilentriamina penta) (\u00c1cido metilenfosf\u00f3nico) - vcycletech","description":"DTPMP\u2022Na7 es un l\u00edquido transparente incoloro o amarillo claro, f\u00e1cilmente soluble en agua. Con buena estabilidad t\u00e9rmica, se puede almacenar a temperatura ambiente durante mucho tiempo sin deterioro. Como excelente agente quelante, regulador de PH, dispersante y aditivo antioxidante en la industria alimentaria; En la industria del te\u00f1ido, juega un papel fundamental en la fijaci\u00f3n de los ba\u00f1os de tintura; En la industria de la impresi\u00f3n textil, mejora las propiedades de solidez de las impresiones;","robots":{"index":"index","follow":"follow","max-snippet":"max-snippet:-1","max-image-preview":"max-image-preview:large","max-video-preview":"max-video-preview:-1"},"canonical":"https:\/\/vcycletech.com\/es\/producto\/dtpmpna7hepta-sodio-sal-de-dietilen-triamina-penta-metilen-fosfonico-acido\/","og_locale":"es_MX","og_type":"article","og_title":"DTPMP\u2022Na7(Hepta Sodium Salt Of Diethylene Triamine Penta) (Methylene Phosphonic Acid)","og_description":"DTPMP\u2022Na7 is a colorless or light yellow transparent liquid, easily soluble in water. With good thermal stability, it can be stored at room temperature for a long time without deterioration. As an excellent chelating agent, PH regulator, dispersant, and antioxidant additive in the food industry; In the dyeing industry, it plays a vital role in fixing dye baths; In the textile printing industry, it improves the fastness properties of prints;","og_url":"https:\/\/vcycletech.com\/es\/producto\/dtpmpna7hepta-sodio-sal-de-dietilen-triamina-penta-metilen-fosfonico-acido\/","og_site_name":"vcycletech","article_modified_time":"2023-03-18T01:47:07+00:00","og_image":[{"width":600,"height":600,"url":"https:\/\/vcycletech.com\/wp-content\/uploads\/2023\/03\/001-4.png","type":"image\/png"}],"twitter_card":"summary_large_image","twitter_misc":{"Tiempo de lectura":"1 minuto"},"schema":{"@context":"https:\/\/schema.org","@graph":[{"@type":"WebPage","@id":"https:\/\/vcycletech.com\/product\/dtpmpna7hepta-sodium-salt-of-diethylene-triamine-penta-methylene-phosphonic-acid\/","url":"https:\/\/vcycletech.com\/product\/dtpmpna7hepta-sodium-salt-of-diethylene-triamine-penta-methylene-phosphonic-acid\/","name":"DTPMP\u2022Na7(Sal hepta s\u00f3dica de dietilentriamina penta) (\u00c1cido metilenfosf\u00f3nico) - vcycletech","isPartOf":{"@id":"https:\/\/vcycletech.com\/#website"},"primaryImageOfPage":{"@id":"https:\/\/vcycletech.com\/product\/dtpmpna7hepta-sodium-salt-of-diethylene-triamine-penta-methylene-phosphonic-acid\/#primaryimage"},"image":{"@id":"https:\/\/vcycletech.com\/product\/dtpmpna7hepta-sodium-salt-of-diethylene-triamine-penta-methylene-phosphonic-acid\/#primaryimage"},"thumbnailUrl":"https:\/\/vcycletech.com\/wp-content\/uploads\/2023\/03\/001-4.png","datePublished":"2023-03-17T09:34:58+00:00","dateModified":"2023-03-18T01:47:07+00:00","description":"DTPMP\u2022Na7 es un l\u00edquido transparente incoloro o amarillo claro, f\u00e1cilmente soluble en agua. Con buena estabilidad t\u00e9rmica, se puede almacenar a temperatura ambiente durante mucho tiempo sin deterioro. Como excelente agente quelante, regulador de PH, dispersante y aditivo antioxidante en la industria alimentaria; En la industria del te\u00f1ido, juega un papel fundamental en la fijaci\u00f3n de los ba\u00f1os de tintura; En la industria de la impresi\u00f3n textil, mejora las propiedades de solidez de las impresiones;","breadcrumb":{"@id":"https:\/\/vcycletech.com\/product\/dtpmpna7hepta-sodium-salt-of-diethylene-triamine-penta-methylene-phosphonic-acid\/#breadcrumb"},"inLanguage":"es","potentialAction":[{"@type":"ReadAction","target":["https:\/\/vcycletech.com\/product\/dtpmpna7hepta-sodium-salt-of-diethylene-triamine-penta-methylene-phosphonic-acid\/"]}]},{"@type":"ImageObject","inLanguage":"es","@id":"https:\/\/vcycletech.com\/product\/dtpmpna7hepta-sodium-salt-of-diethylene-triamine-penta-methylene-phosphonic-acid\/#primaryimage","url":"https:\/\/vcycletech.com\/wp-content\/uploads\/2023\/03\/001-4.png","contentUrl":"https:\/\/vcycletech.com\/wp-content\/uploads\/2023\/03\/001-4.png","width":600,"height":600,"caption":"DTPMP\u2022Na7(Hepta Sodium Salt Of Diethylene Triamine Penta) (Methylene Phosphonic Acid)"},{"@type":"BreadcrumbList","@id":"https:\/\/vcycletech.com\/product\/dtpmpna7hepta-sodium-salt-of-diethylene-triamine-penta-methylene-phosphonic-acid\/#breadcrumb","itemListElement":[{"@type":"ListItem","position":1,"name":"Home","item":"https:\/\/vcycletech.com\/"},{"@type":"ListItem","position":2,"name":"Water Treatment Chemicals Manufacturer","item":"https:\/\/vcycletech.com\/water-treatment-chemicals-manufacturer\/"},{"@type":"ListItem","position":3,"name":"DTPMP\u2022Na7(Hepta Sodium Salt Of Diethylene Triamine Penta) (Methylene Phosphonic Acid)"}]},{"@type":"WebSite","@id":"https:\/\/vcycletech.com\/#website","url":"https:\/\/vcycletech.com\/","name":"vcycletech","description":"El principal proveedor de productos qu\u00edmicos para el tratamiento del agua de China y #039;","publisher":{"@id":"https:\/\/vcycletech.com\/#organization"},"potentialAction":[{"@type":"SearchAction","target":{"@type":"EntryPoint","urlTemplate":"https:\/\/vcycletech.com\/?s={search_term_string}"},"query-input":{"@type":"PropertyValueSpecification","valueRequired":true,"valueName":"search_term_string"}}],"inLanguage":"es"},{"@type":"Organization","@id":"https:\/\/vcycletech.com\/#organization","name":"vcycletech","url":"https:\/\/vcycletech.com\/","logo":{"@type":"ImageObject","inLanguage":"es","@id":"https:\/\/vcycletech.com\/#\/schema\/logo\/image\/","url":"https:\/\/vcycletech.com\/wp-content\/uploads\/2023\/03\/logo-vcycletech-1.png","contentUrl":"https:\/\/vcycletech.com\/wp-content\/uploads\/2023\/03\/logo-vcycletech-1.png","width":600,"height":400,"caption":"vcycletech"},"image":{"@id":"https:\/\/vcycletech.com\/#\/schema\/logo\/image\/"}}]}},"_links":{"self":[{"href":"https:\/\/vcycletech.com\/es\/wp-json\/wp\/v2\/product\/867","targetHints":{"allow":["GET"]}}],"collection":[{"href":"https:\/\/vcycletech.com\/es\/wp-json\/wp\/v2\/product"}],"about":[{"href":"https:\/\/vcycletech.com\/es\/wp-json\/wp\/v2\/types\/product"}],"wp:featuredmedia":[{"embeddable":true,"href":"https:\/\/vcycletech.com\/es\/wp-json\/wp\/v2\/media\/874"}],"wp:attachment":[{"href":"https:\/\/vcycletech.com\/es\/wp-json\/wp\/v2\/media?parent=867"}],"wp:term":[{"taxonomy":"product_brand","embeddable":true,"href":"https:\/\/vcycletech.com\/es\/wp-json\/wp\/v2\/product_brand?post=867"},{"taxonomy":"product_cat","embeddable":true,"href":"https:\/\/vcycletech.com\/es\/wp-json\/wp\/v2\/product_cat?post=867"},{"taxonomy":"product_tag","embeddable":true,"href":"https:\/\/vcycletech.com\/es\/wp-json\/wp\/v2\/product_tag?post=867"}],"curies":[{"name":"wp","href":"https:\/\/api.w.org\/{rel}","templated":true}]}}