{"id":859,"date":"2023-03-17T08:46:07","date_gmt":"2023-03-17T08:46:07","guid":{"rendered":"https:\/\/vcycletech.com\/?post_type=product&#038;p=859"},"modified":"2023-03-18T01:46:20","modified_gmt":"2023-03-18T01:46:20","slug":"edtmpsetileno-diamina-tetra-metilen-fosfonico-acido-sal-sodica","status":"publish","type":"product","link":"https:\/\/vcycletech.com\/es\/producto\/edtmpsetileno-diamina-tetra-metilen-fosfonico-acido-sal-sodica\/","title":{"rendered":"EDTMPS (etilendiamina tetra) (\u00e1cido fosf\u00f3nico de metileno) (sal de sodio)"},"content":{"rendered":"<h3>N\u00ba CAS 1429-50-1<\/h3>\n<h3>F\u00f3rmula molecular: C6H12O12N2P4Na8<\/h3>\n<h3>Peso molecular: 612,13<\/h3>\n<h3>F\u00f3rmula estructural:<\/h3>\n<figure id=\"attachment_864\" aria-describedby=\"caption-attachment-864\" style=\"width: 600px\" class=\"wp-caption alignnone\"><img fetchpriority=\"high\" decoding=\"async\" class=\"size-full wp-image-864\" src=\"https:\/\/vcycletech.com\/wp-content\/uploads\/2023\/03\/004-3.png\" alt=\"EDTMPS\" width=\"600\" height=\"600\" srcset=\"https:\/\/vcycletech.com\/wp-content\/uploads\/2023\/03\/004-3.png 600w, https:\/\/vcycletech.com\/wp-content\/uploads\/2023\/03\/004-3-100x100.png 100w, https:\/\/vcycletech.com\/wp-content\/uploads\/2023\/03\/004-3-300x300.png 300w, https:\/\/vcycletech.com\/wp-content\/uploads\/2023\/03\/004-3-150x150.png 150w\" sizes=\"(max-width: 600px) 100vw, 600px\" \/><figcaption id=\"caption-attachment-864\" class=\"wp-caption-text\">EDTMPS<\/figcaption><\/figure>\n<h3>Propiedades:<\/h3>\n<p><strong>EDTMPS<\/strong> es un \u00e1cido polifosf\u00f3rico org\u00e1nico nitrogenado y un potente inhibidor de la corrosi\u00f3n cat\u00f3dica que puede disolverse en agua, haci\u00e9ndola inocua y no contaminante. Este producto qu\u00edmico tiene una estabilidad y tolerancia excepcionales a las condiciones t\u00e9rmicas, mostrando una potente inhibici\u00f3n de incrustaciones a temperaturas de hasta 200 \u2103. Adem\u00e1s, <strong>EDTMPS<\/strong> puede disociarse en 8 iones positivos-negativos, que utiliza para quelar con m\u00faltiples iones met\u00e1licos formando complejos de reticulaci\u00f3n de pol\u00edmeros que interrumpen la cristalizaci\u00f3n normal de la incrustaci\u00f3n de calcio. Adem\u00e1s, este \u00e1cido tiene eficacia sobre el calcio y el sulfato de bario, proporcionando efectos antiincrustantes m\u00e1s eficientes que los polifosfatos inorg\u00e1nicos convencionales.<\/p>\n<h3>Especificaci\u00f3n:<\/h3>\n<div id=\"footable_parent_865\"\n         class=\"footable_parent ninja_table_wrapper loading_ninja_table wp_table_data_press_parent semantic_ui\">\n                <table data-ninja_table_instance=\"ninja_table_instance_0\" data-footable_id=\"865\" data-filter-delay=\"1000\" aria-label=\"EDTMPS.csv\"            id=\"footable_865\"\n           data-unique_identifier=\"ninja_table_unique_id_851353407_865\"\n           class=\"foo-table ninja_footable foo_table_865 ninja_table_unique_id_851353407_865 ui table  nt_type_legacy_table selectable striped vertical_centered  footable-paging-right ninja_table_pro\">\n                <colgroup>\n                            <col class=\"ninja_column_0\">\n                            <col class=\"ninja_column_1\">\n                    <\/colgroup>\n        <thead>\n<tr class=\"footable-header\">\n                                        <th scope=\"col\"  class=\"ninja_column_0 ninja_clmn_nm_items\">elementos<\/th><th scope=\"col\"  class=\"ninja_column_1 ninja_clmn_nm_index\">\u00edndice<\/th><\/tr>\n<\/thead>\n<tbody>\n\n        <tr data-row_id=\"72\" class=\"ninja_table_row_0 nt_row_id_72\">\n            <td>Apariencia<\/td><td>L\u00edquido transparente de color amarillo claro a \u00e1mbar<\/td>        <\/tr>\n            <tr data-row_id=\"73\" class=\"ninja_table_row_1 nt_row_id_73\">\n            <td>Componente activo (EDTMPS)% <\/td><td>28.0min<\/td>        <\/tr>\n            <tr data-row_id=\"74\" class=\"ninja_table_row_2 nt_row_id_74\">\n            <td>\u00c1cido fosf\u00f3nico org\u00e1nico (asPO43- )%<\/td><td>10.0min<\/td>        <\/tr>\n            <tr data-row_id=\"75\" class=\"ninja_table_row_3 nt_row_id_75\">\n            <td>\u00c1cido fosforoso (como PO33-)%<\/td><td>5.0 m\u00e1x.<\/td>        <\/tr>\n            <tr data-row_id=\"76\" class=\"ninja_table_row_4 nt_row_id_76\">\n            <td>\u00c1cido fosf\u00f3rico (asPO43- )%<\/td><td>1,0 m\u00e1x.<\/td>        <\/tr>\n            <tr data-row_id=\"77\" class=\"ninja_table_row_5 nt_row_id_77\">\n            <td>pH (soluci\u00f3n de agua 1%)<\/td><td>9.5-10.5<\/td>        <\/tr>\n            <tr data-row_id=\"78\" class=\"ninja_table_row_6 nt_row_id_78\">\n            <td>Densidad (20\u2103) g\/cm3<\/td><td>1,25 minutos<\/td>        <\/tr>\n            <tr data-row_id=\"79\" class=\"ninja_table_row_7 nt_row_id_79\">\n            <td>Cloruro (Cl-) % <\/td><td>3.0 m\u00e1x.<\/td>        <\/tr>\n    <\/tbody><!--ninja_tobody_rendering_done-->\n    <\/table>\n    \n    \n    \n<\/div>\n\n<h3>Uso:<\/h3>\n<p><strong>EDTMPS<\/strong> se puede emplear como inhibidor de la corrosi\u00f3n en sistemas de circulaci\u00f3n de agua fr\u00eda y calderas mientras se opera solo con la concentraci\u00f3n recomendada de 2-10 mg\/L. Este quelato de metal de organotransici\u00f3n es un agente quelante ideal para operaciones de galvanoplastia sin cian\u00f3geno y ha sido probado como aditivo suavizante de agua en operaciones de impresi\u00f3n y te\u00f1ido. Adem\u00e1s, <strong>EDTMPS<\/strong> tambi\u00e9n es compatible con HPMA, BTA, PAAS y sal de zinc cuando se mezcla en una proporci\u00f3n predeterminada de 1:3 ETDMP: HPMA para un rendimiento m\u00e1s eficiente de la caldera de baja presi\u00f3n.<\/p>\n<h3>Paquete y almacenamiento:<\/h3>\n<p>Tambor de pl\u00e1stico de 200 l, IBC (1000 l), requisito del cliente. Almacenamiento durante diez meses en un lugar sombreado y seco.<\/p>\n<p><a href=\"https:\/\/vcycletech.com\/es\/fosfonatos\/\"><strong>Obtenga la soluci\u00f3n de Fosfonatos Completos.<\/strong><\/a><\/p>","protected":false},"excerpt":{"rendered":"<p><strong>EDTMPS (etilendiamina tetra) (\u00e1cido fosf\u00f3nico de metileno) (sal de sodio)<\/strong> Es un l\u00edquido transparente, incoloro o amarillo claro, con un ligero olor a amon\u00edaco. Es soluble en agua y glicerina y ligeramente soluble en etanol. Se utiliza principalmente para la producci\u00f3n de detergentes, agentes de curado de resinas sint\u00e9ticas, agentes auxiliares de impresi\u00f3n textil y agentes de resistencia en h\u00famedo para la industria papelera.<br \/>\nNuestro equipo de expertos est\u00e1 aqu\u00ed para ayudarle a encontrar la soluci\u00f3n perfecta para sus necesidades. P\u00f3ngase en contacto con nosotros hoy mismo para obtener m\u00e1s informaci\u00f3n sobre nuestros productos y c\u00f3mo podemos ayudarle a mejorar su negocio. \u00a1No se arrepentir\u00e1!<\/p>","protected":false},"featured_media":861,"template":"","meta":{"site-sidebar-layout":"default","site-content-layout":"default","ast-site-content-layout":"default","site-content-style":"default","site-sidebar-style":"default","ast-global-header-display":"","ast-banner-title-visibility":"","ast-main-header-display":"","ast-hfb-above-header-display":"","ast-hfb-below-header-display":"","ast-hfb-mobile-header-display":"","site-post-title":"","ast-breadcrumbs-content":"","ast-featured-img":"","footer-sml-layout":"","ast-disable-related-posts":"","theme-transparent-header-meta":"default","adv-header-id-meta":"","stick-header-meta":"default","header-above-stick-meta":"","header-main-stick-meta":"","header-below-stick-meta":"","astra-migrate-meta-layouts":"default","ast-page-background-enabled":"default","ast-page-background-meta":{"desktop":{"background-color":"","background-image":"","background-repeat":"repeat","background-position":"center center","background-size":"auto","background-attachment":"scroll","background-type":"","background-media":"","overlay-type":"","overlay-color":"","overlay-opacity":"","overlay-gradient":""},"tablet":{"background-color":"","background-image":"","background-repeat":"repeat","background-position":"center center","background-size":"auto","background-attachment":"scroll","background-type":"","background-media":"","overlay-type":"","overlay-color":"","overlay-opacity":"","overlay-gradient":""},"mobile":{"background-color":"","background-image":"","background-repeat":"repeat","background-position":"center center","background-size":"auto","background-attachment":"scroll","background-type":"","background-media":"","overlay-type":"","overlay-color":"","overlay-opacity":"","overlay-gradient":""}},"ast-content-background-meta":{"desktop":{"background-color":"var(--ast-global-color-5)","background-image":"","background-repeat":"repeat","background-position":"center center","background-size":"auto","background-attachment":"scroll","background-type":"","background-media":"","overlay-type":"","overlay-color":"","overlay-opacity":"","overlay-gradient":""},"tablet":{"background-color":"var(--ast-global-color-5)","background-image":"","background-repeat":"repeat","background-position":"center center","background-size":"auto","background-attachment":"scroll","background-type":"","background-media":"","overlay-type":"","overlay-color":"","overlay-opacity":"","overlay-gradient":""},"mobile":{"background-color":"var(--ast-global-color-5)","background-image":"","background-repeat":"repeat","background-position":"center center","background-size":"auto","background-attachment":"scroll","background-type":"","background-media":"","overlay-type":"","overlay-color":"","overlay-opacity":"","overlay-gradient":""}}},"product_brand":[],"product_cat":[27],"product_tag":[],"class_list":{"0":"post-859","1":"product","2":"type-product","3":"status-publish","4":"has-post-thumbnail","6":"product_cat-salts-of-phosphonates","7":"desktop-align-left","8":"tablet-align-left","9":"mobile-align-left","10":"ast-product-gallery-layout-horizontal-slider","11":"ast-product-tabs-layout-horizontal","13":"first","14":"instock","15":"shipping-taxable","16":"product-type-simple"},"yoast_head":"<!-- This site is optimized with the Yoast SEO Premium plugin v26.3 (Yoast SEO v27.3) - https:\/\/yoast.com\/product\/yoast-seo-premium-wordpress\/ -->\n<title>EDTMPS(Ethylene Diamine Tetra) (Methylene Phosphonic Acid) (Sodium Salt) - vcycletech<\/title>\n<meta name=\"description\" content=\"EDTMPS is an excellent chelating agent with high efficiency. It can be complex with metal ions to form stable complexes and has good solubility in water. EDTMPS is widely used in detergent, textile printing and dyeing, papermaking, food processing, and water treatment industries.\" \/>\n<meta name=\"robots\" content=\"index, follow, max-snippet:-1, max-image-preview:large, max-video-preview:-1\" \/>\n<link rel=\"canonical\" href=\"https:\/\/vcycletech.com\/es\/producto\/edtmpsetileno-diamina-tetra-metilen-fosfonico-acido-sal-sodica\/\" \/>\n<meta property=\"og:locale\" content=\"es_MX\" \/>\n<meta property=\"og:type\" content=\"article\" \/>\n<meta property=\"og:title\" content=\"EDTMPS(Ethylene Diamine Tetra) (Methylene Phosphonic Acid) (Sodium Salt)\" \/>\n<meta property=\"og:description\" content=\"EDTMPS is an excellent chelating agent with high efficiency. It can be complex with metal ions to form stable complexes and has good solubility in water. EDTMPS is widely used in detergent, textile printing and dyeing, papermaking, food processing, and water treatment industries.\" \/>\n<meta property=\"og:url\" content=\"https:\/\/vcycletech.com\/es\/producto\/edtmpsetileno-diamina-tetra-metilen-fosfonico-acido-sal-sodica\/\" \/>\n<meta property=\"og:site_name\" content=\"vcycletech\" \/>\n<meta property=\"article:modified_time\" content=\"2023-03-18T01:46:20+00:00\" \/>\n<meta property=\"og:image\" content=\"https:\/\/vcycletech.com\/wp-content\/uploads\/2023\/03\/003-2.png\" \/>\n\t<meta property=\"og:image:width\" content=\"600\" \/>\n\t<meta property=\"og:image:height\" content=\"600\" \/>\n\t<meta property=\"og:image:type\" content=\"image\/png\" \/>\n<meta name=\"twitter:card\" content=\"summary_large_image\" \/>\n<meta name=\"twitter:label1\" content=\"Tiempo de lectura\" \/>\n\t<meta name=\"twitter:data1\" content=\"2 minutos\" \/>\n<script type=\"application\/ld+json\" class=\"yoast-schema-graph\">{\"@context\":\"https:\\\/\\\/schema.org\",\"@graph\":[{\"@type\":\"WebPage\",\"@id\":\"https:\\\/\\\/vcycletech.com\\\/product\\\/edtmpsethylene-diamine-tetra-methylene-phosphonic-acid-sodium-salt\\\/\",\"url\":\"https:\\\/\\\/vcycletech.com\\\/product\\\/edtmpsethylene-diamine-tetra-methylene-phosphonic-acid-sodium-salt\\\/\",\"name\":\"EDTMPS(Ethylene Diamine Tetra) (Methylene Phosphonic Acid) (Sodium Salt) - vcycletech\",\"isPartOf\":{\"@id\":\"https:\\\/\\\/vcycletech.com\\\/#website\"},\"primaryImageOfPage\":{\"@id\":\"https:\\\/\\\/vcycletech.com\\\/product\\\/edtmpsethylene-diamine-tetra-methylene-phosphonic-acid-sodium-salt\\\/#primaryimage\"},\"image\":{\"@id\":\"https:\\\/\\\/vcycletech.com\\\/product\\\/edtmpsethylene-diamine-tetra-methylene-phosphonic-acid-sodium-salt\\\/#primaryimage\"},\"thumbnailUrl\":\"https:\\\/\\\/vcycletech.com\\\/wp-content\\\/uploads\\\/2023\\\/03\\\/003-2.png\",\"datePublished\":\"2023-03-17T08:46:07+00:00\",\"dateModified\":\"2023-03-18T01:46:20+00:00\",\"description\":\"EDTMPS is an excellent chelating agent with high efficiency. It can be complex with metal ions to form stable complexes and has good solubility in water. EDTMPS is widely used in detergent, textile printing and dyeing, papermaking, food processing, and water treatment industries.\",\"breadcrumb\":{\"@id\":\"https:\\\/\\\/vcycletech.com\\\/product\\\/edtmpsethylene-diamine-tetra-methylene-phosphonic-acid-sodium-salt\\\/#breadcrumb\"},\"inLanguage\":\"es\",\"potentialAction\":[{\"@type\":\"ReadAction\",\"target\":[\"https:\\\/\\\/vcycletech.com\\\/product\\\/edtmpsethylene-diamine-tetra-methylene-phosphonic-acid-sodium-salt\\\/\"]}]},{\"@type\":\"ImageObject\",\"inLanguage\":\"es\",\"@id\":\"https:\\\/\\\/vcycletech.com\\\/product\\\/edtmpsethylene-diamine-tetra-methylene-phosphonic-acid-sodium-salt\\\/#primaryimage\",\"url\":\"https:\\\/\\\/vcycletech.com\\\/wp-content\\\/uploads\\\/2023\\\/03\\\/003-2.png\",\"contentUrl\":\"https:\\\/\\\/vcycletech.com\\\/wp-content\\\/uploads\\\/2023\\\/03\\\/003-2.png\",\"width\":600,\"height\":600,\"caption\":\"EDTMPS(Ethylene Diamine Tetra) (Methylene Phosphonic Acid) (Sodium Salt)\"},{\"@type\":\"BreadcrumbList\",\"@id\":\"https:\\\/\\\/vcycletech.com\\\/product\\\/edtmpsethylene-diamine-tetra-methylene-phosphonic-acid-sodium-salt\\\/#breadcrumb\",\"itemListElement\":[{\"@type\":\"ListItem\",\"position\":1,\"name\":\"Home\",\"item\":\"https:\\\/\\\/vcycletech.com\\\/\"},{\"@type\":\"ListItem\",\"position\":2,\"name\":\"Water Treatment Chemicals Manufacturer\",\"item\":\"https:\\\/\\\/vcycletech.com\\\/water-treatment-chemicals-manufacturer\\\/\"},{\"@type\":\"ListItem\",\"position\":3,\"name\":\"EDTMPS(Ethylene Diamine Tetra) (Methylene Phosphonic Acid) (Sodium Salt)\"}]},{\"@type\":\"WebSite\",\"@id\":\"https:\\\/\\\/vcycletech.com\\\/#website\",\"url\":\"https:\\\/\\\/vcycletech.com\\\/\",\"name\":\"vcycletech\",\"description\":\"China&#039;s top water treatment chemicals supplier\",\"publisher\":{\"@id\":\"https:\\\/\\\/vcycletech.com\\\/#organization\"},\"potentialAction\":[{\"@type\":\"SearchAction\",\"target\":{\"@type\":\"EntryPoint\",\"urlTemplate\":\"https:\\\/\\\/vcycletech.com\\\/?s={search_term_string}\"},\"query-input\":{\"@type\":\"PropertyValueSpecification\",\"valueRequired\":true,\"valueName\":\"search_term_string\"}}],\"inLanguage\":\"es\"},{\"@type\":\"Organization\",\"@id\":\"https:\\\/\\\/vcycletech.com\\\/#organization\",\"name\":\"vcycletech\",\"url\":\"https:\\\/\\\/vcycletech.com\\\/\",\"logo\":{\"@type\":\"ImageObject\",\"inLanguage\":\"es\",\"@id\":\"https:\\\/\\\/vcycletech.com\\\/#\\\/schema\\\/logo\\\/image\\\/\",\"url\":\"https:\\\/\\\/vcycletech.com\\\/wp-content\\\/uploads\\\/2023\\\/03\\\/logo-vcycletech-1.png\",\"contentUrl\":\"https:\\\/\\\/vcycletech.com\\\/wp-content\\\/uploads\\\/2023\\\/03\\\/logo-vcycletech-1.png\",\"width\":600,\"height\":400,\"caption\":\"vcycletech\"},\"image\":{\"@id\":\"https:\\\/\\\/vcycletech.com\\\/#\\\/schema\\\/logo\\\/image\\\/\"}}]}<\/script>\n<!-- \/ Yoast SEO Premium plugin. -->","yoast_head_json":{"title":"EDTMPS (etilendiamina tetra) (\u00e1cido fosf\u00f3nico de metileno) (sal de sodio) - vcycletech","description":"EDTMPS es un excelente agente quelante con alta eficiencia. Puede ser complejo con iones met\u00e1licos para formar complejos estables y tiene buena solubilidad en agua. EDTMPS es ampliamente utilizado en las industrias de detergentes, impresi\u00f3n y te\u00f1ido de textiles, fabricaci\u00f3n de papel, procesamiento de alimentos y tratamiento de agua.","robots":{"index":"index","follow":"follow","max-snippet":"max-snippet:-1","max-image-preview":"max-image-preview:large","max-video-preview":"max-video-preview:-1"},"canonical":"https:\/\/vcycletech.com\/es\/producto\/edtmpsetileno-diamina-tetra-metilen-fosfonico-acido-sal-sodica\/","og_locale":"es_MX","og_type":"article","og_title":"EDTMPS(Ethylene Diamine Tetra) (Methylene Phosphonic Acid) (Sodium Salt)","og_description":"EDTMPS is an excellent chelating agent with high efficiency. It can be complex with metal ions to form stable complexes and has good solubility in water. EDTMPS is widely used in detergent, textile printing and dyeing, papermaking, food processing, and water treatment industries.","og_url":"https:\/\/vcycletech.com\/es\/producto\/edtmpsetileno-diamina-tetra-metilen-fosfonico-acido-sal-sodica\/","og_site_name":"vcycletech","article_modified_time":"2023-03-18T01:46:20+00:00","og_image":[{"width":600,"height":600,"url":"https:\/\/vcycletech.com\/wp-content\/uploads\/2023\/03\/003-2.png","type":"image\/png"}],"twitter_card":"summary_large_image","twitter_misc":{"Tiempo de lectura":"2 minutos"},"schema":{"@context":"https:\/\/schema.org","@graph":[{"@type":"WebPage","@id":"https:\/\/vcycletech.com\/product\/edtmpsethylene-diamine-tetra-methylene-phosphonic-acid-sodium-salt\/","url":"https:\/\/vcycletech.com\/product\/edtmpsethylene-diamine-tetra-methylene-phosphonic-acid-sodium-salt\/","name":"EDTMPS (etilendiamina tetra) (\u00e1cido fosf\u00f3nico de metileno) (sal de sodio) - vcycletech","isPartOf":{"@id":"https:\/\/vcycletech.com\/#website"},"primaryImageOfPage":{"@id":"https:\/\/vcycletech.com\/product\/edtmpsethylene-diamine-tetra-methylene-phosphonic-acid-sodium-salt\/#primaryimage"},"image":{"@id":"https:\/\/vcycletech.com\/product\/edtmpsethylene-diamine-tetra-methylene-phosphonic-acid-sodium-salt\/#primaryimage"},"thumbnailUrl":"https:\/\/vcycletech.com\/wp-content\/uploads\/2023\/03\/003-2.png","datePublished":"2023-03-17T08:46:07+00:00","dateModified":"2023-03-18T01:46:20+00:00","description":"EDTMPS es un excelente agente quelante con alta eficiencia. Puede ser complejo con iones met\u00e1licos para formar complejos estables y tiene buena solubilidad en agua. EDTMPS es ampliamente utilizado en las industrias de detergentes, impresi\u00f3n y te\u00f1ido de textiles, fabricaci\u00f3n de papel, procesamiento de alimentos y tratamiento de agua.","breadcrumb":{"@id":"https:\/\/vcycletech.com\/product\/edtmpsethylene-diamine-tetra-methylene-phosphonic-acid-sodium-salt\/#breadcrumb"},"inLanguage":"es","potentialAction":[{"@type":"ReadAction","target":["https:\/\/vcycletech.com\/product\/edtmpsethylene-diamine-tetra-methylene-phosphonic-acid-sodium-salt\/"]}]},{"@type":"ImageObject","inLanguage":"es","@id":"https:\/\/vcycletech.com\/product\/edtmpsethylene-diamine-tetra-methylene-phosphonic-acid-sodium-salt\/#primaryimage","url":"https:\/\/vcycletech.com\/wp-content\/uploads\/2023\/03\/003-2.png","contentUrl":"https:\/\/vcycletech.com\/wp-content\/uploads\/2023\/03\/003-2.png","width":600,"height":600,"caption":"EDTMPS(Ethylene Diamine Tetra) (Methylene Phosphonic Acid) (Sodium Salt)"},{"@type":"BreadcrumbList","@id":"https:\/\/vcycletech.com\/product\/edtmpsethylene-diamine-tetra-methylene-phosphonic-acid-sodium-salt\/#breadcrumb","itemListElement":[{"@type":"ListItem","position":1,"name":"Home","item":"https:\/\/vcycletech.com\/"},{"@type":"ListItem","position":2,"name":"Water Treatment Chemicals Manufacturer","item":"https:\/\/vcycletech.com\/water-treatment-chemicals-manufacturer\/"},{"@type":"ListItem","position":3,"name":"EDTMPS(Ethylene Diamine Tetra) (Methylene Phosphonic Acid) (Sodium Salt)"}]},{"@type":"WebSite","@id":"https:\/\/vcycletech.com\/#website","url":"https:\/\/vcycletech.com\/","name":"vcycletech","description":"El principal proveedor de productos qu\u00edmicos para el tratamiento del agua de China y #039;","publisher":{"@id":"https:\/\/vcycletech.com\/#organization"},"potentialAction":[{"@type":"SearchAction","target":{"@type":"EntryPoint","urlTemplate":"https:\/\/vcycletech.com\/?s={search_term_string}"},"query-input":{"@type":"PropertyValueSpecification","valueRequired":true,"valueName":"search_term_string"}}],"inLanguage":"es"},{"@type":"Organization","@id":"https:\/\/vcycletech.com\/#organization","name":"vcycletech","url":"https:\/\/vcycletech.com\/","logo":{"@type":"ImageObject","inLanguage":"es","@id":"https:\/\/vcycletech.com\/#\/schema\/logo\/image\/","url":"https:\/\/vcycletech.com\/wp-content\/uploads\/2023\/03\/logo-vcycletech-1.png","contentUrl":"https:\/\/vcycletech.com\/wp-content\/uploads\/2023\/03\/logo-vcycletech-1.png","width":600,"height":400,"caption":"vcycletech"},"image":{"@id":"https:\/\/vcycletech.com\/#\/schema\/logo\/image\/"}}]}},"_links":{"self":[{"href":"https:\/\/vcycletech.com\/es\/wp-json\/wp\/v2\/product\/859","targetHints":{"allow":["GET"]}}],"collection":[{"href":"https:\/\/vcycletech.com\/es\/wp-json\/wp\/v2\/product"}],"about":[{"href":"https:\/\/vcycletech.com\/es\/wp-json\/wp\/v2\/types\/product"}],"wp:featuredmedia":[{"embeddable":true,"href":"https:\/\/vcycletech.com\/es\/wp-json\/wp\/v2\/media\/861"}],"wp:attachment":[{"href":"https:\/\/vcycletech.com\/es\/wp-json\/wp\/v2\/media?parent=859"}],"wp:term":[{"taxonomy":"product_brand","embeddable":true,"href":"https:\/\/vcycletech.com\/es\/wp-json\/wp\/v2\/product_brand?post=859"},{"taxonomy":"product_cat","embeddable":true,"href":"https:\/\/vcycletech.com\/es\/wp-json\/wp\/v2\/product_cat?post=859"},{"taxonomy":"product_tag","embeddable":true,"href":"https:\/\/vcycletech.com\/es\/wp-json\/wp\/v2\/product_tag?post=859"}],"curies":[{"name":"wp","href":"https:\/\/api.w.org\/{rel}","templated":true}]}}